{"id":18388,"date":"2024-05-14T20:13:52","date_gmt":"2024-05-14T18:13:52","guid":{"rendered":"https:\/\/www.oliocentrica.it\/?post_type=product&#038;p=18388"},"modified":"2024-06-12T17:19:37","modified_gmt":"2024-06-12T15:19:37","slug":"crisopea","status":"publish","type":"product","link":"https:\/\/www.oliocentrica.it\/de\/shop\/crisopea\/","title":{"rendered":"Crisopea"},"content":{"rendered":"<p><strong><em>Mittel fruchtig<\/em><\/strong><\/p>\n<p><strong>Duft<\/strong>: krautige, Artischocken- und Tomatend\u00fcfte<\/p>\n<p><strong>Geschmack<\/strong>: elegant und anhaltende Bitterkeit und W\u00fcrzigkeit. Komplex, frisch und elegant<\/p>\n<p><strong>Probieren Sie es mit<\/strong>\u2026 extrem vielseitig, es ist perfekt f\u00fcr Sommer- und Wintergerichte<\/p>\n<p><strong>Geografisches Gebiet und Gebiet<\/strong>: Cori &#8211; Latina &#8211; Halbh\u00fcgeliges Gebiet<\/p>\n<p><strong>Olivenkampagne<\/strong>: 2023\/2024<\/p>\n<p><strong>Gr\u00f6\u00dfen<\/strong>: 0,5L<\/p>\n<p><strong>Sortenrein aus der Olivensorte<\/strong>: Itrana<\/p>\n<p><strong>Produktionsmethode<\/strong>: moderne Extraktionstechniken &#8211; kontinuierlicher \/ kalter Zyklus<\/p>\n<p><strong>Konservierungsmethode<\/strong>: kontrollierte Temperaturen und hermetische Stahlsilos<br \/>\n_______________________________________<\/p>\n<p><em>Zertifizierungen:<\/em><\/p>\n<p>_______________________________________<\/p>\n<p><em>Weitere Informationen gelten f\u00fcr alle unsere nativen Oliven\u00f6le extra<\/em><\/p>\n<p><strong>Zutaten<\/strong>: 100 % italienische Oliven, im richtigen Reifegrad geerntet und in Italien mit mechanischen Verfahren gepresst<br \/>\n<strong>Lagerung<\/strong>: fern von Licht, W\u00e4rmequellen, schlechten Ger\u00fcchen und in hermetisch verschlossenen Flaschen. Denken Sie daran, dass natives Oliven\u00f6l extra der Feind von Licht, Hitze und Luft ist<br \/>\n<strong>Frist<\/strong>: innerhalb von 18 Monaten ab dem Datum der Abf\u00fcllung (Frist, innerhalb derer Sie von den N\u00e4hrwerten des nativen Oliven\u00f6ls extra profitieren k\u00f6nnen)<br \/>\n<strong>Verwendung<\/strong>: t\u00e4glich roh oder zum kurzen Garen bei moderaten Temperaturen<\/p>\n","protected":false},"excerpt":{"rendered":"<p><em><strong>Mittelfruchtig<\/strong><\/em><\/p>\n<p>Im Herzen der Lepini-Berge gelegen, genie\u00dft das Unternehmen eine charakteristische Lage. Die Olivenhaine genie\u00dfen n\u00e4mlich ein besonderes Mikroklima, das durch die Gebirgskette garantiert wird, die sie vor Witterungseinfl\u00fcssen sch\u00fctzt, w\u00e4hrend sie gleichzeitig der Meeresbrise ausgesetzt sind. Diese perfekte Kombination charakterisiert das Produkt schon von der Pflanze an.<\/p>\n<p><strong>Riccardo Palombelli<\/strong> ist ein hartn\u00e4ckiger junger Mann, der sein Land liebt. Er wei\u00df, dass er das Beste aus seinem Land herausholen kann, indem er die Lehren seiner Familie weiterf\u00fchrt und sich eine Zukunft f\u00fcr den Betrieb vorstellt, die den besten landwirtschaftlichen Realit\u00e4ten entspricht.<\/p>\n<p>Das erzeugte \u00d6l wird kalt gepresst und immer innerhalb von 12 Stunden nach der Ernte.<\/p>\n<p>Die von Riccardo Palombelli vorgeschlagene Landwirtschaft basiert streng auf den Prinzipien des biologischen Anbaus.<br \/>\n<strong>Olivenkampagne: 2023\/2024<\/strong><\/p>\n","protected":false},"featured_media":18392,"comment_status":"closed","ping_status":"closed","template":"","meta":[],"pwb-brand":[518],"product_cat":[252],"product_tag":[],"acf":[],"yoast_head":"<!-- This site is optimized with the Yoast SEO plugin v24.5 - https:\/\/yoast.com\/wordpress\/plugins\/seo\/ -->\n<title>Crisopea - Oliocentrica<\/title>\n<meta name=\"robots\" content=\"index, follow, max-snippet:-1, max-image-preview:large, max-video-preview:-1\" \/>\n<link rel=\"canonical\" href=\"https:\/\/www.oliocentrica.it\/de\/shop\/crisopea\/\" \/>\n<meta property=\"og:locale\" content=\"de_DE\" \/>\n<meta property=\"og:type\" content=\"article\" \/>\n<meta property=\"og:title\" content=\"Crisopea - Oliocentrica\" \/>\n<meta property=\"og:description\" content=\"Mittelfruchtig  Im Herzen der Lepini-Berge gelegen, genie\u00dft das Unternehmen eine charakteristische Lage. Die Olivenhaine genie\u00dfen n\u00e4mlich ein besonderes Mikroklima, das durch die Gebirgskette garantiert wird, die sie vor Witterungseinfl\u00fcssen sch\u00fctzt, w\u00e4hrend sie gleichzeitig der Meeresbrise ausgesetzt sind. Diese perfekte Kombination charakterisiert das Produkt schon von der Pflanze an.  Riccardo Palombelli ist ein hartn\u00e4ckiger junger Mann, der sein Land liebt. Er wei\u00df, dass er das Beste aus seinem Land herausholen kann, indem er die Lehren seiner Familie weiterf\u00fchrt und sich eine Zukunft f\u00fcr den Betrieb vorstellt, die den besten landwirtschaftlichen Realit\u00e4ten entspricht.  Das erzeugte \u00d6l wird kalt gepresst und immer innerhalb von 12 Stunden nach der Ernte.  Die von Riccardo Palombelli vorgeschlagene Landwirtschaft basiert streng auf den Prinzipien des biologischen Anbaus. Olivenkampagne: 2023\/2024\" \/>\n<meta property=\"og:url\" content=\"https:\/\/www.oliocentrica.it\/de\/shop\/crisopea\/\" \/>\n<meta property=\"og:site_name\" content=\"Oliocentrica\" \/>\n<meta property=\"article:publisher\" content=\"https:\/\/www.facebook.com\/Oliocentrica\" \/>\n<meta property=\"article:modified_time\" content=\"2024-06-12T15:19:37+00:00\" \/>\n<meta property=\"og:image\" content=\"https:\/\/www.oliocentrica.it\/wp-content\/uploads\/2024\/05\/Crisopea-palombelli.jpg\" \/>\n\t<meta property=\"og:image:width\" content=\"1066\" \/>\n\t<meta property=\"og:image:height\" content=\"1600\" \/>\n\t<meta property=\"og:image:type\" content=\"image\/jpeg\" \/>\n<meta name=\"twitter:card\" content=\"summary_large_image\" \/>\n<meta name=\"twitter:label1\" content=\"Gesch\u00e4tzte Lesezeit\" \/>\n\t<meta name=\"twitter:data1\" content=\"1\u00a0Minute\" \/>\n<script type=\"application\/ld+json\" class=\"yoast-schema-graph\">{\"@context\":\"https:\/\/schema.org\",\"@graph\":[{\"@type\":\"WebPage\",\"@id\":\"https:\/\/www.oliocentrica.it\/de\/shop\/crisopea\/\",\"url\":\"https:\/\/www.oliocentrica.it\/de\/shop\/crisopea\/\",\"name\":\"Crisopea - Oliocentrica\",\"isPartOf\":{\"@id\":\"https:\/\/www.oliocentrica.it\/de\/#website\"},\"primaryImageOfPage\":{\"@id\":\"https:\/\/www.oliocentrica.it\/de\/shop\/crisopea\/#primaryimage\"},\"image\":{\"@id\":\"https:\/\/www.oliocentrica.it\/de\/shop\/crisopea\/#primaryimage\"},\"thumbnailUrl\":\"https:\/\/www.oliocentrica.it\/wp-content\/uploads\/2024\/05\/Crisopea-palombelli.jpg\",\"datePublished\":\"2024-05-14T18:13:52+00:00\",\"dateModified\":\"2024-06-12T15:19:37+00:00\",\"breadcrumb\":{\"@id\":\"https:\/\/www.oliocentrica.it\/de\/shop\/crisopea\/#breadcrumb\"},\"inLanguage\":\"de\",\"potentialAction\":[{\"@type\":\"ReadAction\",\"target\":[\"https:\/\/www.oliocentrica.it\/de\/shop\/crisopea\/\"]}]},{\"@type\":\"ImageObject\",\"inLanguage\":\"de\",\"@id\":\"https:\/\/www.oliocentrica.it\/de\/shop\/crisopea\/#primaryimage\",\"url\":\"https:\/\/www.oliocentrica.it\/wp-content\/uploads\/2024\/05\/Crisopea-palombelli.jpg\",\"contentUrl\":\"https:\/\/www.oliocentrica.it\/wp-content\/uploads\/2024\/05\/Crisopea-palombelli.jpg\",\"width\":1066,\"height\":1600},{\"@type\":\"BreadcrumbList\",\"@id\":\"https:\/\/www.oliocentrica.it\/de\/shop\/crisopea\/#breadcrumb\",\"itemListElement\":[{\"@type\":\"ListItem\",\"position\":1,\"name\":\"Home\",\"item\":\"https:\/\/www.oliocentrica.it\/de\/\"},{\"@type\":\"ListItem\",\"position\":2,\"name\":\"Shop\",\"item\":\"https:\/\/www.oliocentrica.it\/de\/shop\/\"},{\"@type\":\"ListItem\",\"position\":3,\"name\":\"Crisopea\"}]},{\"@type\":\"WebSite\",\"@id\":\"https:\/\/www.oliocentrica.it\/de\/#website\",\"url\":\"https:\/\/www.oliocentrica.it\/de\/\",\"name\":\"Oliocentrica\",\"description\":\"il filo d\u2019olio tra cibo e salute\",\"publisher\":{\"@id\":\"https:\/\/www.oliocentrica.it\/de\/#organization\"},\"potentialAction\":[{\"@type\":\"SearchAction\",\"target\":{\"@type\":\"EntryPoint\",\"urlTemplate\":\"https:\/\/www.oliocentrica.it\/de\/?s={search_term_string}\"},\"query-input\":{\"@type\":\"PropertyValueSpecification\",\"valueRequired\":true,\"valueName\":\"search_term_string\"}}],\"inLanguage\":\"de\"},{\"@type\":\"Organization\",\"@id\":\"https:\/\/www.oliocentrica.it\/de\/#organization\",\"name\":\"Oliocentrica Srls\",\"url\":\"https:\/\/www.oliocentrica.it\/de\/\",\"logo\":{\"@type\":\"ImageObject\",\"inLanguage\":\"de\",\"@id\":\"https:\/\/www.oliocentrica.it\/de\/#\/schema\/logo\/image\/\",\"url\":\"https:\/\/www.oliocentrica.it\/wp-content\/uploads\/2021\/05\/logo_oliocentrica-1.png\",\"contentUrl\":\"https:\/\/www.oliocentrica.it\/wp-content\/uploads\/2021\/05\/logo_oliocentrica-1.png\",\"width\":250,\"height\":81,\"caption\":\"Oliocentrica Srls\"},\"image\":{\"@id\":\"https:\/\/www.oliocentrica.it\/de\/#\/schema\/logo\/image\/\"},\"sameAs\":[\"https:\/\/www.facebook.com\/Oliocentrica\",\"https:\/\/www.instagram.com\/oliocentrica\"]}]}<\/script>\n<!-- \/ Yoast SEO plugin. -->","yoast_head_json":{"title":"Crisopea - Oliocentrica","robots":{"index":"index","follow":"follow","max-snippet":"max-snippet:-1","max-image-preview":"max-image-preview:large","max-video-preview":"max-video-preview:-1"},"canonical":"https:\/\/www.oliocentrica.it\/de\/shop\/crisopea\/","og_locale":"de_DE","og_type":"article","og_title":"Crisopea - Oliocentrica","og_description":"Mittelfruchtig  Im Herzen der Lepini-Berge gelegen, genie\u00dft das Unternehmen eine charakteristische Lage. Die Olivenhaine genie\u00dfen n\u00e4mlich ein besonderes Mikroklima, das durch die Gebirgskette garantiert wird, die sie vor Witterungseinfl\u00fcssen sch\u00fctzt, w\u00e4hrend sie gleichzeitig der Meeresbrise ausgesetzt sind. Diese perfekte Kombination charakterisiert das Produkt schon von der Pflanze an.  Riccardo Palombelli ist ein hartn\u00e4ckiger junger Mann, der sein Land liebt. Er wei\u00df, dass er das Beste aus seinem Land herausholen kann, indem er die Lehren seiner Familie weiterf\u00fchrt und sich eine Zukunft f\u00fcr den Betrieb vorstellt, die den besten landwirtschaftlichen Realit\u00e4ten entspricht.  Das erzeugte \u00d6l wird kalt gepresst und immer innerhalb von 12 Stunden nach der Ernte.  Die von Riccardo Palombelli vorgeschlagene Landwirtschaft basiert streng auf den Prinzipien des biologischen Anbaus. Olivenkampagne: 2023\/2024","og_url":"https:\/\/www.oliocentrica.it\/de\/shop\/crisopea\/","og_site_name":"Oliocentrica","article_publisher":"https:\/\/www.facebook.com\/Oliocentrica","article_modified_time":"2024-06-12T15:19:37+00:00","og_image":[{"width":1066,"height":1600,"url":"https:\/\/www.oliocentrica.it\/wp-content\/uploads\/2024\/05\/Crisopea-palombelli.jpg","type":"image\/jpeg"}],"twitter_card":"summary_large_image","twitter_misc":{"Gesch\u00e4tzte Lesezeit":"1\u00a0Minute"},"schema":{"@context":"https:\/\/schema.org","@graph":[{"@type":"WebPage","@id":"https:\/\/www.oliocentrica.it\/de\/shop\/crisopea\/","url":"https:\/\/www.oliocentrica.it\/de\/shop\/crisopea\/","name":"Crisopea - Oliocentrica","isPartOf":{"@id":"https:\/\/www.oliocentrica.it\/de\/#website"},"primaryImageOfPage":{"@id":"https:\/\/www.oliocentrica.it\/de\/shop\/crisopea\/#primaryimage"},"image":{"@id":"https:\/\/www.oliocentrica.it\/de\/shop\/crisopea\/#primaryimage"},"thumbnailUrl":"https:\/\/www.oliocentrica.it\/wp-content\/uploads\/2024\/05\/Crisopea-palombelli.jpg","datePublished":"2024-05-14T18:13:52+00:00","dateModified":"2024-06-12T15:19:37+00:00","breadcrumb":{"@id":"https:\/\/www.oliocentrica.it\/de\/shop\/crisopea\/#breadcrumb"},"inLanguage":"de","potentialAction":[{"@type":"ReadAction","target":["https:\/\/www.oliocentrica.it\/de\/shop\/crisopea\/"]}]},{"@type":"ImageObject","inLanguage":"de","@id":"https:\/\/www.oliocentrica.it\/de\/shop\/crisopea\/#primaryimage","url":"https:\/\/www.oliocentrica.it\/wp-content\/uploads\/2024\/05\/Crisopea-palombelli.jpg","contentUrl":"https:\/\/www.oliocentrica.it\/wp-content\/uploads\/2024\/05\/Crisopea-palombelli.jpg","width":1066,"height":1600},{"@type":"BreadcrumbList","@id":"https:\/\/www.oliocentrica.it\/de\/shop\/crisopea\/#breadcrumb","itemListElement":[{"@type":"ListItem","position":1,"name":"Home","item":"https:\/\/www.oliocentrica.it\/de\/"},{"@type":"ListItem","position":2,"name":"Shop","item":"https:\/\/www.oliocentrica.it\/de\/shop\/"},{"@type":"ListItem","position":3,"name":"Crisopea"}]},{"@type":"WebSite","@id":"https:\/\/www.oliocentrica.it\/de\/#website","url":"https:\/\/www.oliocentrica.it\/de\/","name":"Oliocentrica","description":"il filo d\u2019olio tra cibo e salute","publisher":{"@id":"https:\/\/www.oliocentrica.it\/de\/#organization"},"potentialAction":[{"@type":"SearchAction","target":{"@type":"EntryPoint","urlTemplate":"https:\/\/www.oliocentrica.it\/de\/?s={search_term_string}"},"query-input":{"@type":"PropertyValueSpecification","valueRequired":true,"valueName":"search_term_string"}}],"inLanguage":"de"},{"@type":"Organization","@id":"https:\/\/www.oliocentrica.it\/de\/#organization","name":"Oliocentrica Srls","url":"https:\/\/www.oliocentrica.it\/de\/","logo":{"@type":"ImageObject","inLanguage":"de","@id":"https:\/\/www.oliocentrica.it\/de\/#\/schema\/logo\/image\/","url":"https:\/\/www.oliocentrica.it\/wp-content\/uploads\/2021\/05\/logo_oliocentrica-1.png","contentUrl":"https:\/\/www.oliocentrica.it\/wp-content\/uploads\/2021\/05\/logo_oliocentrica-1.png","width":250,"height":81,"caption":"Oliocentrica Srls"},"image":{"@id":"https:\/\/www.oliocentrica.it\/de\/#\/schema\/logo\/image\/"},"sameAs":["https:\/\/www.facebook.com\/Oliocentrica","https:\/\/www.instagram.com\/oliocentrica"]}]}},"brands":[{"id":518,"name":"Azienda Agricola Riccardo Palombelli","slug":"azienda-agricola-riccardo-palombelli-de"}],"_links":{"self":[{"href":"https:\/\/www.oliocentrica.it\/de\/wp-json\/wp\/v2\/product\/18388"}],"collection":[{"href":"https:\/\/www.oliocentrica.it\/de\/wp-json\/wp\/v2\/product"}],"about":[{"href":"https:\/\/www.oliocentrica.it\/de\/wp-json\/wp\/v2\/types\/product"}],"replies":[{"embeddable":true,"href":"https:\/\/www.oliocentrica.it\/de\/wp-json\/wp\/v2\/comments?post=18388"}],"wp:featuredmedia":[{"embeddable":true,"href":"https:\/\/www.oliocentrica.it\/de\/wp-json\/wp\/v2\/media\/18392"}],"wp:attachment":[{"href":"https:\/\/www.oliocentrica.it\/de\/wp-json\/wp\/v2\/media?parent=18388"}],"wp:term":[{"taxonomy":"pwb-brand","embeddable":true,"href":"https:\/\/www.oliocentrica.it\/de\/wp-json\/wp\/v2\/pwb-brand?post=18388"},{"taxonomy":"product_cat","embeddable":true,"href":"https:\/\/www.oliocentrica.it\/de\/wp-json\/wp\/v2\/product_cat?post=18388"},{"taxonomy":"product_tag","embeddable":true,"href":"https:\/\/www.oliocentrica.it\/de\/wp-json\/wp\/v2\/product_tag?post=18388"}],"curies":[{"name":"wp","href":"https:\/\/api.w.org\/{rel}","templated":true}]}}