{"id":17758,"date":"2024-03-01T19:00:54","date_gmt":"2024-03-01T18:00:54","guid":{"rendered":"https:\/\/www.oliocentrica.it\/?post_type=product&#038;p=17758"},"modified":"2024-06-12T17:21:35","modified_gmt":"2024-06-12T15:21:35","slug":"involio-cerasuola","status":"publish","type":"product","link":"https:\/\/www.oliocentrica.it\/de\/shop\/involio-cerasuola\/","title":{"rendered":"Involio &#8211; Cerasuola"},"content":{"rendered":"<p><em><strong>Mittelfruchtig<\/strong><\/em><\/p>\n<p><strong>Duft<\/strong>: mittelreife Tomate, Banane, wei\u00dfer Apfel und Basilikum<\/p>\n<p><strong>Geschmack<\/strong>: starke Bitterkeit und elegante Sch\u00e4rfe, begleitet von Noten von Sellerie und Salat<\/p>\n<p><strong>Probieren Sie es mit<\/strong>\u2026 Bruschette, Schwertfisch, Artischocken, Thunfisch-Carpaccio, Suppen mit H\u00fclsenfr\u00fcchten, kr\u00e4ftige erste G\u00e4nge.<\/p>\n<p><strong>Geografisches Gebiet und Gebiet<\/strong>: Gela (CL) &#8211;\u00a0Sizilien<\/p>\n<p><strong>Olivenkampagne<\/strong>: 2023\/2024<\/p>\n<p><strong>Gr\u00f6\u00dfen<\/strong>: 0,5L<\/p>\n<p><strong>Sortenrein aus der Olivensorte<\/strong>: Cerasuola<\/p>\n<p><strong>Produktionsmethode<\/strong>: moderne Extraktionstechniken &#8211; kontinuierlicher \/ kalter Zyklus<\/p>\n<p><strong>Konservierungsmethode<\/strong>: kontrollierte Temperaturen und hermetische Stahlsilos<br \/>\n_______________________________________<\/p>\n<p><em>Zertifizierungen:<\/em><\/p>\n<p>_______________________________________<\/p>\n<p><em>Weitere Informationen gelten f\u00fcr alle unsere nativen Oliven\u00f6le extra<\/em><\/p>\n<p><strong>Zutaten<\/strong>: 100 % italienische Oliven, im richtigen Reifegrad geerntet und in Italien mit mechanischen Verfahren gepresst<br \/>\n<strong>Lagerung<\/strong>: fern von Licht, W\u00e4rmequellen, schlechten Ger\u00fcchen und in hermetisch verschlossenen Flaschen. Denken Sie daran, dass natives Oliven\u00f6l extra der Feind von Licht, Hitze und Luft ist<br \/>\n<strong>Frist<\/strong>: innerhalb von 18 Monaten ab dem Datum der Abf\u00fcllung (Frist, innerhalb derer Sie von den N\u00e4hrwerten des nativen Oliven\u00f6ls extra profitieren k\u00f6nnen)<br \/>\n<strong>Verwendung<\/strong>: t\u00e4glich roh oder zum kurzen Garen bei moderaten Temperaturen<\/p>\n","protected":false},"excerpt":{"rendered":"<p><em><strong>Mittelfruchtig<\/strong><\/em><\/p>\n<p>Casa Grazia wurde aus einem Traum geboren, der ein Schicksal in sich birgt.<br \/>\nAlles begann zu Beginn des 20. Jahrhunderts, als die Familie Brunetti begann, ihr eigenes Land zu bewirtschaften und zwischen Olivenhainen und Obstg\u00e4rten mit der Produktion von Most und Tafeltrauben begann.<br \/>\nIn den 1980er Jahren, als Angelo Brunetti sich aus beruflichen Gr\u00fcnden anderen Dingen widmete, war es Maria Grazia Di Francesco, seine Lebens- und Reisegef\u00e4hrtin, die seinen Traum aufgriff, sich um die Weinberge und Olivenhaine k\u00fcmmerte und sich selbst als Frau des Weins entdeckte, die von den Reben und dem nativen Oliven\u00f6l extra fasziniert ist.<\/p>\n<p>Das native Oliven\u00f6l extra INVOLIO &#8211; TONDA IBLEA, das Casa Grazia gewinnt, ist ein Monovarietal der Rebsorte Tonda Iblea.<\/p>\n<p><strong>Olivenkampagne: 2023\/2024<\/strong><\/p>\n","protected":false},"featured_media":17751,"comment_status":"closed","ping_status":"closed","template":"","meta":[],"pwb-brand":[512],"product_cat":[252],"product_tag":[],"acf":[],"yoast_head":"<!-- This site is optimized with the Yoast SEO plugin v24.5 - https:\/\/yoast.com\/wordpress\/plugins\/seo\/ -->\n<title>Involio - Cerasuola - Oliocentrica<\/title>\n<meta name=\"robots\" content=\"index, follow, max-snippet:-1, max-image-preview:large, max-video-preview:-1\" \/>\n<link rel=\"canonical\" href=\"https:\/\/www.oliocentrica.it\/de\/shop\/involio-cerasuola\/\" \/>\n<meta property=\"og:locale\" content=\"de_DE\" \/>\n<meta property=\"og:type\" content=\"article\" \/>\n<meta property=\"og:title\" content=\"Involio - Cerasuola - Oliocentrica\" \/>\n<meta property=\"og:description\" content=\"Mittelfruchtig  Casa Grazia wurde aus einem Traum geboren, der ein Schicksal in sich birgt. Alles begann zu Beginn des 20. Jahrhunderts, als die Familie Brunetti begann, ihr eigenes Land zu bewirtschaften und zwischen Olivenhainen und Obstg\u00e4rten mit der Produktion von Most und Tafeltrauben begann. In den 1980er Jahren, als Angelo Brunetti sich aus beruflichen Gr\u00fcnden anderen Dingen widmete, war es Maria Grazia Di Francesco, seine Lebens- und Reisegef\u00e4hrtin, die seinen Traum aufgriff, sich um die Weinberge und Olivenhaine k\u00fcmmerte und sich selbst als Frau des Weins entdeckte, die von den Reben und dem nativen Oliven\u00f6l extra fasziniert ist.  Das native Oliven\u00f6l extra INVOLIO - TONDA IBLEA, das Casa Grazia gewinnt, ist ein Monovarietal der Rebsorte Tonda Iblea.  Olivenkampagne: 2023\/2024\" \/>\n<meta property=\"og:url\" content=\"https:\/\/www.oliocentrica.it\/de\/shop\/involio-cerasuola\/\" \/>\n<meta property=\"og:site_name\" content=\"Oliocentrica\" \/>\n<meta property=\"article:publisher\" content=\"https:\/\/www.facebook.com\/Oliocentrica\" \/>\n<meta property=\"article:modified_time\" content=\"2024-06-12T15:21:35+00:00\" \/>\n<meta property=\"og:image\" content=\"https:\/\/www.oliocentrica.it\/wp-content\/uploads\/2024\/03\/Cerasuola-768x1024.png\" \/>\n\t<meta property=\"og:image:width\" content=\"768\" \/>\n\t<meta property=\"og:image:height\" content=\"1024\" \/>\n\t<meta property=\"og:image:type\" content=\"image\/png\" \/>\n<meta name=\"twitter:card\" content=\"summary_large_image\" \/>\n<meta name=\"twitter:label1\" content=\"Gesch\u00e4tzte Lesezeit\" \/>\n\t<meta name=\"twitter:data1\" content=\"1\u00a0Minute\" \/>\n<script type=\"application\/ld+json\" class=\"yoast-schema-graph\">{\"@context\":\"https:\/\/schema.org\",\"@graph\":[{\"@type\":\"WebPage\",\"@id\":\"https:\/\/www.oliocentrica.it\/de\/shop\/involio-cerasuola\/\",\"url\":\"https:\/\/www.oliocentrica.it\/de\/shop\/involio-cerasuola\/\",\"name\":\"Involio - Cerasuola - Oliocentrica\",\"isPartOf\":{\"@id\":\"https:\/\/www.oliocentrica.it\/de\/#website\"},\"primaryImageOfPage\":{\"@id\":\"https:\/\/www.oliocentrica.it\/de\/shop\/involio-cerasuola\/#primaryimage\"},\"image\":{\"@id\":\"https:\/\/www.oliocentrica.it\/de\/shop\/involio-cerasuola\/#primaryimage\"},\"thumbnailUrl\":\"https:\/\/www.oliocentrica.it\/wp-content\/uploads\/2024\/03\/Cerasuola.png\",\"datePublished\":\"2024-03-01T18:00:54+00:00\",\"dateModified\":\"2024-06-12T15:21:35+00:00\",\"breadcrumb\":{\"@id\":\"https:\/\/www.oliocentrica.it\/de\/shop\/involio-cerasuola\/#breadcrumb\"},\"inLanguage\":\"de\",\"potentialAction\":[{\"@type\":\"ReadAction\",\"target\":[\"https:\/\/www.oliocentrica.it\/de\/shop\/involio-cerasuola\/\"]}]},{\"@type\":\"ImageObject\",\"inLanguage\":\"de\",\"@id\":\"https:\/\/www.oliocentrica.it\/de\/shop\/involio-cerasuola\/#primaryimage\",\"url\":\"https:\/\/www.oliocentrica.it\/wp-content\/uploads\/2024\/03\/Cerasuola.png\",\"contentUrl\":\"https:\/\/www.oliocentrica.it\/wp-content\/uploads\/2024\/03\/Cerasuola.png\",\"width\":2664,\"height\":3552},{\"@type\":\"BreadcrumbList\",\"@id\":\"https:\/\/www.oliocentrica.it\/de\/shop\/involio-cerasuola\/#breadcrumb\",\"itemListElement\":[{\"@type\":\"ListItem\",\"position\":1,\"name\":\"Home\",\"item\":\"https:\/\/www.oliocentrica.it\/de\/\"},{\"@type\":\"ListItem\",\"position\":2,\"name\":\"Shop\",\"item\":\"https:\/\/www.oliocentrica.it\/de\/shop\/\"},{\"@type\":\"ListItem\",\"position\":3,\"name\":\"Involio &#8211; Cerasuola\"}]},{\"@type\":\"WebSite\",\"@id\":\"https:\/\/www.oliocentrica.it\/de\/#website\",\"url\":\"https:\/\/www.oliocentrica.it\/de\/\",\"name\":\"Oliocentrica\",\"description\":\"il filo d\u2019olio tra cibo e salute\",\"publisher\":{\"@id\":\"https:\/\/www.oliocentrica.it\/de\/#organization\"},\"potentialAction\":[{\"@type\":\"SearchAction\",\"target\":{\"@type\":\"EntryPoint\",\"urlTemplate\":\"https:\/\/www.oliocentrica.it\/de\/?s={search_term_string}\"},\"query-input\":{\"@type\":\"PropertyValueSpecification\",\"valueRequired\":true,\"valueName\":\"search_term_string\"}}],\"inLanguage\":\"de\"},{\"@type\":\"Organization\",\"@id\":\"https:\/\/www.oliocentrica.it\/de\/#organization\",\"name\":\"Oliocentrica Srls\",\"url\":\"https:\/\/www.oliocentrica.it\/de\/\",\"logo\":{\"@type\":\"ImageObject\",\"inLanguage\":\"de\",\"@id\":\"https:\/\/www.oliocentrica.it\/de\/#\/schema\/logo\/image\/\",\"url\":\"https:\/\/www.oliocentrica.it\/wp-content\/uploads\/2021\/05\/logo_oliocentrica-1.png\",\"contentUrl\":\"https:\/\/www.oliocentrica.it\/wp-content\/uploads\/2021\/05\/logo_oliocentrica-1.png\",\"width\":250,\"height\":81,\"caption\":\"Oliocentrica Srls\"},\"image\":{\"@id\":\"https:\/\/www.oliocentrica.it\/de\/#\/schema\/logo\/image\/\"},\"sameAs\":[\"https:\/\/www.facebook.com\/Oliocentrica\",\"https:\/\/www.instagram.com\/oliocentrica\"]}]}<\/script>\n<!-- \/ Yoast SEO plugin. -->","yoast_head_json":{"title":"Involio - Cerasuola - Oliocentrica","robots":{"index":"index","follow":"follow","max-snippet":"max-snippet:-1","max-image-preview":"max-image-preview:large","max-video-preview":"max-video-preview:-1"},"canonical":"https:\/\/www.oliocentrica.it\/de\/shop\/involio-cerasuola\/","og_locale":"de_DE","og_type":"article","og_title":"Involio - Cerasuola - Oliocentrica","og_description":"Mittelfruchtig  Casa Grazia wurde aus einem Traum geboren, der ein Schicksal in sich birgt. Alles begann zu Beginn des 20. Jahrhunderts, als die Familie Brunetti begann, ihr eigenes Land zu bewirtschaften und zwischen Olivenhainen und Obstg\u00e4rten mit der Produktion von Most und Tafeltrauben begann. In den 1980er Jahren, als Angelo Brunetti sich aus beruflichen Gr\u00fcnden anderen Dingen widmete, war es Maria Grazia Di Francesco, seine Lebens- und Reisegef\u00e4hrtin, die seinen Traum aufgriff, sich um die Weinberge und Olivenhaine k\u00fcmmerte und sich selbst als Frau des Weins entdeckte, die von den Reben und dem nativen Oliven\u00f6l extra fasziniert ist.  Das native Oliven\u00f6l extra INVOLIO - TONDA IBLEA, das Casa Grazia gewinnt, ist ein Monovarietal der Rebsorte Tonda Iblea.  Olivenkampagne: 2023\/2024","og_url":"https:\/\/www.oliocentrica.it\/de\/shop\/involio-cerasuola\/","og_site_name":"Oliocentrica","article_publisher":"https:\/\/www.facebook.com\/Oliocentrica","article_modified_time":"2024-06-12T15:21:35+00:00","og_image":[{"width":768,"height":1024,"url":"https:\/\/www.oliocentrica.it\/wp-content\/uploads\/2024\/03\/Cerasuola-768x1024.png","type":"image\/png"}],"twitter_card":"summary_large_image","twitter_misc":{"Gesch\u00e4tzte Lesezeit":"1\u00a0Minute"},"schema":{"@context":"https:\/\/schema.org","@graph":[{"@type":"WebPage","@id":"https:\/\/www.oliocentrica.it\/de\/shop\/involio-cerasuola\/","url":"https:\/\/www.oliocentrica.it\/de\/shop\/involio-cerasuola\/","name":"Involio - Cerasuola - Oliocentrica","isPartOf":{"@id":"https:\/\/www.oliocentrica.it\/de\/#website"},"primaryImageOfPage":{"@id":"https:\/\/www.oliocentrica.it\/de\/shop\/involio-cerasuola\/#primaryimage"},"image":{"@id":"https:\/\/www.oliocentrica.it\/de\/shop\/involio-cerasuola\/#primaryimage"},"thumbnailUrl":"https:\/\/www.oliocentrica.it\/wp-content\/uploads\/2024\/03\/Cerasuola.png","datePublished":"2024-03-01T18:00:54+00:00","dateModified":"2024-06-12T15:21:35+00:00","breadcrumb":{"@id":"https:\/\/www.oliocentrica.it\/de\/shop\/involio-cerasuola\/#breadcrumb"},"inLanguage":"de","potentialAction":[{"@type":"ReadAction","target":["https:\/\/www.oliocentrica.it\/de\/shop\/involio-cerasuola\/"]}]},{"@type":"ImageObject","inLanguage":"de","@id":"https:\/\/www.oliocentrica.it\/de\/shop\/involio-cerasuola\/#primaryimage","url":"https:\/\/www.oliocentrica.it\/wp-content\/uploads\/2024\/03\/Cerasuola.png","contentUrl":"https:\/\/www.oliocentrica.it\/wp-content\/uploads\/2024\/03\/Cerasuola.png","width":2664,"height":3552},{"@type":"BreadcrumbList","@id":"https:\/\/www.oliocentrica.it\/de\/shop\/involio-cerasuola\/#breadcrumb","itemListElement":[{"@type":"ListItem","position":1,"name":"Home","item":"https:\/\/www.oliocentrica.it\/de\/"},{"@type":"ListItem","position":2,"name":"Shop","item":"https:\/\/www.oliocentrica.it\/de\/shop\/"},{"@type":"ListItem","position":3,"name":"Involio &#8211; Cerasuola"}]},{"@type":"WebSite","@id":"https:\/\/www.oliocentrica.it\/de\/#website","url":"https:\/\/www.oliocentrica.it\/de\/","name":"Oliocentrica","description":"il filo d\u2019olio tra cibo e salute","publisher":{"@id":"https:\/\/www.oliocentrica.it\/de\/#organization"},"potentialAction":[{"@type":"SearchAction","target":{"@type":"EntryPoint","urlTemplate":"https:\/\/www.oliocentrica.it\/de\/?s={search_term_string}"},"query-input":{"@type":"PropertyValueSpecification","valueRequired":true,"valueName":"search_term_string"}}],"inLanguage":"de"},{"@type":"Organization","@id":"https:\/\/www.oliocentrica.it\/de\/#organization","name":"Oliocentrica Srls","url":"https:\/\/www.oliocentrica.it\/de\/","logo":{"@type":"ImageObject","inLanguage":"de","@id":"https:\/\/www.oliocentrica.it\/de\/#\/schema\/logo\/image\/","url":"https:\/\/www.oliocentrica.it\/wp-content\/uploads\/2021\/05\/logo_oliocentrica-1.png","contentUrl":"https:\/\/www.oliocentrica.it\/wp-content\/uploads\/2021\/05\/logo_oliocentrica-1.png","width":250,"height":81,"caption":"Oliocentrica Srls"},"image":{"@id":"https:\/\/www.oliocentrica.it\/de\/#\/schema\/logo\/image\/"},"sameAs":["https:\/\/www.facebook.com\/Oliocentrica","https:\/\/www.instagram.com\/oliocentrica"]}]}},"brands":[{"id":512,"name":"casa grazia","slug":"casa-grazia-de"}],"_links":{"self":[{"href":"https:\/\/www.oliocentrica.it\/de\/wp-json\/wp\/v2\/product\/17758"}],"collection":[{"href":"https:\/\/www.oliocentrica.it\/de\/wp-json\/wp\/v2\/product"}],"about":[{"href":"https:\/\/www.oliocentrica.it\/de\/wp-json\/wp\/v2\/types\/product"}],"replies":[{"embeddable":true,"href":"https:\/\/www.oliocentrica.it\/de\/wp-json\/wp\/v2\/comments?post=17758"}],"wp:featuredmedia":[{"embeddable":true,"href":"https:\/\/www.oliocentrica.it\/de\/wp-json\/wp\/v2\/media\/17751"}],"wp:attachment":[{"href":"https:\/\/www.oliocentrica.it\/de\/wp-json\/wp\/v2\/media?parent=17758"}],"wp:term":[{"taxonomy":"pwb-brand","embeddable":true,"href":"https:\/\/www.oliocentrica.it\/de\/wp-json\/wp\/v2\/pwb-brand?post=17758"},{"taxonomy":"product_cat","embeddable":true,"href":"https:\/\/www.oliocentrica.it\/de\/wp-json\/wp\/v2\/product_cat?post=17758"},{"taxonomy":"product_tag","embeddable":true,"href":"https:\/\/www.oliocentrica.it\/de\/wp-json\/wp\/v2\/product_tag?post=17758"}],"curies":[{"name":"wp","href":"https:\/\/api.w.org\/{rel}","templated":true}]}}