{"id":17695,"date":"2024-03-01T10:58:17","date_gmt":"2024-03-01T09:58:17","guid":{"rendered":"https:\/\/www.oliocentrica.it\/?post_type=product&#038;p=17695"},"modified":"2024-03-01T11:17:20","modified_gmt":"2024-03-01T10:17:20","slug":"900-alberi","status":"publish","type":"product","link":"https:\/\/www.oliocentrica.it\/de\/shop\/900-alberi\/","title":{"rendered":"900 Alberi"},"content":{"rendered":"<p><strong><em>Mittel fruchtig<\/em><\/strong><\/p>\n<p><strong>Duft<\/strong>: gr\u00fcne Tomate, geschnittener Salat, Wildkr\u00e4uter<\/p>\n<p><strong>Geschmack<\/strong>: elegant bitter und w\u00fcrzig, begleitet von einem Hauch von aromatischen Kr\u00e4utern und Pinienkernen<\/p>\n<p><strong>Probieren Sie es mit<\/strong>\u2026 extrem vielseitig, es ist perfekt f\u00fcr Sommer- und Wintergerichte<\/p>\n<p><strong>Geografisches Gebiet und Gebiet<\/strong>: Doganella di Ninfa &#8211; Latina &#8211; Halbh\u00fcgeliges Gebiet<\/p>\n<p><strong>Olivenkampagne<\/strong>: 2023\/2024<\/p>\n<p><strong>Gr\u00f6\u00dfen<\/strong>: 0,5L<\/p>\n<p><strong>Sortenrein aus der Olivensorte<\/strong>: Itrana<\/p>\n<p><strong>Produktionsmethode<\/strong>: moderne Extraktionstechniken &#8211; kontinuierlicher \/ kalter Zyklus<\/p>\n<p><strong>Konservierungsmethode<\/strong>: kontrollierte Temperaturen und hermetische Stahlsilos<br \/>\n_______________________________________<\/p>\n<p><em>Zertifizierungen:<\/em><\/p>\n<p>_______________________________________<\/p>\n<p><em>Weitere Informationen gelten f\u00fcr alle unsere nativen Oliven\u00f6le extra<\/em><\/p>\n<p><strong>Zutaten<\/strong>: 100 % italienische Oliven, im richtigen Reifegrad geerntet und in Italien mit mechanischen Verfahren gepresst<br \/>\n<strong>Lagerung<\/strong>: fern von Licht, W\u00e4rmequellen, schlechten Ger\u00fcchen und in hermetisch verschlossenen Flaschen. Denken Sie daran, dass natives Oliven\u00f6l extra der Feind von Licht, Hitze und Luft ist<br \/>\n<strong>Frist<\/strong>: innerhalb von 18 Monaten ab dem Datum der Abf\u00fcllung (Frist, innerhalb derer Sie von den N\u00e4hrwerten des nativen Oliven\u00f6ls extra profitieren k\u00f6nnen)<br \/>\n<strong>Verwendung<\/strong>: t\u00e4glich roh oder zum kurzen Garen bei moderaten Temperaturen<\/p>\n","protected":false},"excerpt":{"rendered":"<p><em><strong>Mittelfruchtig<\/strong><\/em><\/p>\n<p>900 Alberi ist unser hochwertiges, 100% italienisches Monokultivar-Itrana-\u00d6l, das im F\u00fchrer &#8222;Gambero Rosso 2012 Oli d&#8217;Italia&#8220; mit der prestigetr\u00e4chtigen Auszeichnung &#8222;Drei Bl\u00e4tter&#8220; pr\u00e4miert wurde.<\/p>\n<p>Es stammt aus einem jahrhundertealten Olivenhain, der direkt oberhalb der wundersch\u00f6nen Oasi di Ninfa in einer H\u00f6he von 100-200 Metern liegt und durch ein besonderes und sehr wertvolles nat\u00fcrliches Mikroklima beg\u00fcnstigt wird, das ihn einzigartig macht.<\/p>\n<p>&#8222;Mittelintensive Fruchtigkeit mit Noten von frischen Tomatenbl\u00e4ttern und balsamischen Kr\u00e4utern, im Mund Ankl\u00e4nge von wilden Heilkr\u00e4utern und angenehmem Tomatenfruchtfleisch. Frischer, ausgewogener und anhaltender Abgang. Ein gro\u00dfes \u00d6l, komplex und elegant&#8220; (Gambero Rosso 2012 Oli d&#8217;Italia).<\/p>\n<p><strong>Olivenkampagne: 2023\/2024<\/strong><\/p>\n","protected":false},"featured_media":17674,"comment_status":"closed","ping_status":"closed","template":"","meta":[],"pwb-brand":[509],"product_cat":[252],"product_tag":[],"acf":[],"yoast_head":"<!-- This site is optimized with the Yoast SEO plugin v24.5 - https:\/\/yoast.com\/wordpress\/plugins\/seo\/ -->\n<title>900 Alberi - Oliocentrica<\/title>\n<meta name=\"robots\" content=\"index, follow, max-snippet:-1, max-image-preview:large, max-video-preview:-1\" \/>\n<link rel=\"canonical\" href=\"https:\/\/www.oliocentrica.it\/de\/shop\/900-alberi\/\" \/>\n<meta property=\"og:locale\" content=\"de_DE\" \/>\n<meta property=\"og:type\" content=\"article\" \/>\n<meta property=\"og:title\" content=\"900 Alberi - Oliocentrica\" \/>\n<meta property=\"og:description\" content=\"Mittelfruchtig  900 Alberi ist unser hochwertiges, 100% italienisches Monokultivar-Itrana-\u00d6l, das im F\u00fchrer &quot;Gambero Rosso 2012 Oli d&#039;Italia&quot; mit der prestigetr\u00e4chtigen Auszeichnung &quot;Drei Bl\u00e4tter&quot; pr\u00e4miert wurde.  Es stammt aus einem jahrhundertealten Olivenhain, der direkt oberhalb der wundersch\u00f6nen Oasi di Ninfa in einer H\u00f6he von 100-200 Metern liegt und durch ein besonderes und sehr wertvolles nat\u00fcrliches Mikroklima beg\u00fcnstigt wird, das ihn einzigartig macht.  &quot;Mittelintensive Fruchtigkeit mit Noten von frischen Tomatenbl\u00e4ttern und balsamischen Kr\u00e4utern, im Mund Ankl\u00e4nge von wilden Heilkr\u00e4utern und angenehmem Tomatenfruchtfleisch. Frischer, ausgewogener und anhaltender Abgang. Ein gro\u00dfes \u00d6l, komplex und elegant&quot; (Gambero Rosso 2012 Oli d&#039;Italia).  Olivenkampagne: 2023\/2024\" \/>\n<meta property=\"og:url\" content=\"https:\/\/www.oliocentrica.it\/de\/shop\/900-alberi\/\" \/>\n<meta property=\"og:site_name\" content=\"Oliocentrica\" \/>\n<meta property=\"article:publisher\" content=\"https:\/\/www.facebook.com\/Oliocentrica\" \/>\n<meta property=\"article:modified_time\" content=\"2024-03-01T10:17:20+00:00\" \/>\n<meta property=\"og:image\" content=\"https:\/\/www.oliocentrica.it\/wp-content\/uploads\/2024\/02\/900-alberi-768x1024.png\" \/>\n\t<meta property=\"og:image:width\" content=\"768\" \/>\n\t<meta property=\"og:image:height\" content=\"1024\" \/>\n\t<meta property=\"og:image:type\" content=\"image\/png\" \/>\n<meta name=\"twitter:card\" content=\"summary_large_image\" \/>\n<meta name=\"twitter:label1\" content=\"Gesch\u00e4tzte Lesezeit\" \/>\n\t<meta name=\"twitter:data1\" content=\"1\u00a0Minute\" \/>\n<script type=\"application\/ld+json\" class=\"yoast-schema-graph\">{\"@context\":\"https:\/\/schema.org\",\"@graph\":[{\"@type\":\"WebPage\",\"@id\":\"https:\/\/www.oliocentrica.it\/de\/shop\/900-alberi\/\",\"url\":\"https:\/\/www.oliocentrica.it\/de\/shop\/900-alberi\/\",\"name\":\"900 Alberi - Oliocentrica\",\"isPartOf\":{\"@id\":\"https:\/\/www.oliocentrica.it\/de\/#website\"},\"primaryImageOfPage\":{\"@id\":\"https:\/\/www.oliocentrica.it\/de\/shop\/900-alberi\/#primaryimage\"},\"image\":{\"@id\":\"https:\/\/www.oliocentrica.it\/de\/shop\/900-alberi\/#primaryimage\"},\"thumbnailUrl\":\"https:\/\/www.oliocentrica.it\/wp-content\/uploads\/2024\/02\/900-alberi.png\",\"datePublished\":\"2024-03-01T09:58:17+00:00\",\"dateModified\":\"2024-03-01T10:17:20+00:00\",\"breadcrumb\":{\"@id\":\"https:\/\/www.oliocentrica.it\/de\/shop\/900-alberi\/#breadcrumb\"},\"inLanguage\":\"de\",\"potentialAction\":[{\"@type\":\"ReadAction\",\"target\":[\"https:\/\/www.oliocentrica.it\/de\/shop\/900-alberi\/\"]}]},{\"@type\":\"ImageObject\",\"inLanguage\":\"de\",\"@id\":\"https:\/\/www.oliocentrica.it\/de\/shop\/900-alberi\/#primaryimage\",\"url\":\"https:\/\/www.oliocentrica.it\/wp-content\/uploads\/2024\/02\/900-alberi.png\",\"contentUrl\":\"https:\/\/www.oliocentrica.it\/wp-content\/uploads\/2024\/02\/900-alberi.png\",\"width\":2617,\"height\":3490},{\"@type\":\"BreadcrumbList\",\"@id\":\"https:\/\/www.oliocentrica.it\/de\/shop\/900-alberi\/#breadcrumb\",\"itemListElement\":[{\"@type\":\"ListItem\",\"position\":1,\"name\":\"Home\",\"item\":\"https:\/\/www.oliocentrica.it\/de\/\"},{\"@type\":\"ListItem\",\"position\":2,\"name\":\"Shop\",\"item\":\"https:\/\/www.oliocentrica.it\/de\/shop\/\"},{\"@type\":\"ListItem\",\"position\":3,\"name\":\"900 Alberi\"}]},{\"@type\":\"WebSite\",\"@id\":\"https:\/\/www.oliocentrica.it\/de\/#website\",\"url\":\"https:\/\/www.oliocentrica.it\/de\/\",\"name\":\"Oliocentrica\",\"description\":\"il filo d\u2019olio tra cibo e salute\",\"publisher\":{\"@id\":\"https:\/\/www.oliocentrica.it\/de\/#organization\"},\"potentialAction\":[{\"@type\":\"SearchAction\",\"target\":{\"@type\":\"EntryPoint\",\"urlTemplate\":\"https:\/\/www.oliocentrica.it\/de\/?s={search_term_string}\"},\"query-input\":{\"@type\":\"PropertyValueSpecification\",\"valueRequired\":true,\"valueName\":\"search_term_string\"}}],\"inLanguage\":\"de\"},{\"@type\":\"Organization\",\"@id\":\"https:\/\/www.oliocentrica.it\/de\/#organization\",\"name\":\"Oliocentrica Srls\",\"url\":\"https:\/\/www.oliocentrica.it\/de\/\",\"logo\":{\"@type\":\"ImageObject\",\"inLanguage\":\"de\",\"@id\":\"https:\/\/www.oliocentrica.it\/de\/#\/schema\/logo\/image\/\",\"url\":\"https:\/\/www.oliocentrica.it\/wp-content\/uploads\/2021\/05\/logo_oliocentrica-1.png\",\"contentUrl\":\"https:\/\/www.oliocentrica.it\/wp-content\/uploads\/2021\/05\/logo_oliocentrica-1.png\",\"width\":250,\"height\":81,\"caption\":\"Oliocentrica Srls\"},\"image\":{\"@id\":\"https:\/\/www.oliocentrica.it\/de\/#\/schema\/logo\/image\/\"},\"sameAs\":[\"https:\/\/www.facebook.com\/Oliocentrica\",\"https:\/\/www.instagram.com\/oliocentrica\"]}]}<\/script>\n<!-- \/ Yoast SEO plugin. -->","yoast_head_json":{"title":"900 Alberi - Oliocentrica","robots":{"index":"index","follow":"follow","max-snippet":"max-snippet:-1","max-image-preview":"max-image-preview:large","max-video-preview":"max-video-preview:-1"},"canonical":"https:\/\/www.oliocentrica.it\/de\/shop\/900-alberi\/","og_locale":"de_DE","og_type":"article","og_title":"900 Alberi - Oliocentrica","og_description":"Mittelfruchtig  900 Alberi ist unser hochwertiges, 100% italienisches Monokultivar-Itrana-\u00d6l, das im F\u00fchrer \"Gambero Rosso 2012 Oli d'Italia\" mit der prestigetr\u00e4chtigen Auszeichnung \"Drei Bl\u00e4tter\" pr\u00e4miert wurde.  Es stammt aus einem jahrhundertealten Olivenhain, der direkt oberhalb der wundersch\u00f6nen Oasi di Ninfa in einer H\u00f6he von 100-200 Metern liegt und durch ein besonderes und sehr wertvolles nat\u00fcrliches Mikroklima beg\u00fcnstigt wird, das ihn einzigartig macht.  \"Mittelintensive Fruchtigkeit mit Noten von frischen Tomatenbl\u00e4ttern und balsamischen Kr\u00e4utern, im Mund Ankl\u00e4nge von wilden Heilkr\u00e4utern und angenehmem Tomatenfruchtfleisch. Frischer, ausgewogener und anhaltender Abgang. Ein gro\u00dfes \u00d6l, komplex und elegant\" (Gambero Rosso 2012 Oli d'Italia).  Olivenkampagne: 2023\/2024","og_url":"https:\/\/www.oliocentrica.it\/de\/shop\/900-alberi\/","og_site_name":"Oliocentrica","article_publisher":"https:\/\/www.facebook.com\/Oliocentrica","article_modified_time":"2024-03-01T10:17:20+00:00","og_image":[{"width":768,"height":1024,"url":"https:\/\/www.oliocentrica.it\/wp-content\/uploads\/2024\/02\/900-alberi-768x1024.png","type":"image\/png"}],"twitter_card":"summary_large_image","twitter_misc":{"Gesch\u00e4tzte Lesezeit":"1\u00a0Minute"},"schema":{"@context":"https:\/\/schema.org","@graph":[{"@type":"WebPage","@id":"https:\/\/www.oliocentrica.it\/de\/shop\/900-alberi\/","url":"https:\/\/www.oliocentrica.it\/de\/shop\/900-alberi\/","name":"900 Alberi - Oliocentrica","isPartOf":{"@id":"https:\/\/www.oliocentrica.it\/de\/#website"},"primaryImageOfPage":{"@id":"https:\/\/www.oliocentrica.it\/de\/shop\/900-alberi\/#primaryimage"},"image":{"@id":"https:\/\/www.oliocentrica.it\/de\/shop\/900-alberi\/#primaryimage"},"thumbnailUrl":"https:\/\/www.oliocentrica.it\/wp-content\/uploads\/2024\/02\/900-alberi.png","datePublished":"2024-03-01T09:58:17+00:00","dateModified":"2024-03-01T10:17:20+00:00","breadcrumb":{"@id":"https:\/\/www.oliocentrica.it\/de\/shop\/900-alberi\/#breadcrumb"},"inLanguage":"de","potentialAction":[{"@type":"ReadAction","target":["https:\/\/www.oliocentrica.it\/de\/shop\/900-alberi\/"]}]},{"@type":"ImageObject","inLanguage":"de","@id":"https:\/\/www.oliocentrica.it\/de\/shop\/900-alberi\/#primaryimage","url":"https:\/\/www.oliocentrica.it\/wp-content\/uploads\/2024\/02\/900-alberi.png","contentUrl":"https:\/\/www.oliocentrica.it\/wp-content\/uploads\/2024\/02\/900-alberi.png","width":2617,"height":3490},{"@type":"BreadcrumbList","@id":"https:\/\/www.oliocentrica.it\/de\/shop\/900-alberi\/#breadcrumb","itemListElement":[{"@type":"ListItem","position":1,"name":"Home","item":"https:\/\/www.oliocentrica.it\/de\/"},{"@type":"ListItem","position":2,"name":"Shop","item":"https:\/\/www.oliocentrica.it\/de\/shop\/"},{"@type":"ListItem","position":3,"name":"900 Alberi"}]},{"@type":"WebSite","@id":"https:\/\/www.oliocentrica.it\/de\/#website","url":"https:\/\/www.oliocentrica.it\/de\/","name":"Oliocentrica","description":"il filo d\u2019olio tra cibo e salute","publisher":{"@id":"https:\/\/www.oliocentrica.it\/de\/#organization"},"potentialAction":[{"@type":"SearchAction","target":{"@type":"EntryPoint","urlTemplate":"https:\/\/www.oliocentrica.it\/de\/?s={search_term_string}"},"query-input":{"@type":"PropertyValueSpecification","valueRequired":true,"valueName":"search_term_string"}}],"inLanguage":"de"},{"@type":"Organization","@id":"https:\/\/www.oliocentrica.it\/de\/#organization","name":"Oliocentrica Srls","url":"https:\/\/www.oliocentrica.it\/de\/","logo":{"@type":"ImageObject","inLanguage":"de","@id":"https:\/\/www.oliocentrica.it\/de\/#\/schema\/logo\/image\/","url":"https:\/\/www.oliocentrica.it\/wp-content\/uploads\/2021\/05\/logo_oliocentrica-1.png","contentUrl":"https:\/\/www.oliocentrica.it\/wp-content\/uploads\/2021\/05\/logo_oliocentrica-1.png","width":250,"height":81,"caption":"Oliocentrica Srls"},"image":{"@id":"https:\/\/www.oliocentrica.it\/de\/#\/schema\/logo\/image\/"},"sameAs":["https:\/\/www.facebook.com\/Oliocentrica","https:\/\/www.instagram.com\/oliocentrica"]}]}},"brands":[{"id":509,"name":"Rossi Societ\u00e0 Agricola","slug":"rossi-societa-agricola-de"}],"_links":{"self":[{"href":"https:\/\/www.oliocentrica.it\/de\/wp-json\/wp\/v2\/product\/17695"}],"collection":[{"href":"https:\/\/www.oliocentrica.it\/de\/wp-json\/wp\/v2\/product"}],"about":[{"href":"https:\/\/www.oliocentrica.it\/de\/wp-json\/wp\/v2\/types\/product"}],"replies":[{"embeddable":true,"href":"https:\/\/www.oliocentrica.it\/de\/wp-json\/wp\/v2\/comments?post=17695"}],"wp:featuredmedia":[{"embeddable":true,"href":"https:\/\/www.oliocentrica.it\/de\/wp-json\/wp\/v2\/media\/17674"}],"wp:attachment":[{"href":"https:\/\/www.oliocentrica.it\/de\/wp-json\/wp\/v2\/media?parent=17695"}],"wp:term":[{"taxonomy":"pwb-brand","embeddable":true,"href":"https:\/\/www.oliocentrica.it\/de\/wp-json\/wp\/v2\/pwb-brand?post=17695"},{"taxonomy":"product_cat","embeddable":true,"href":"https:\/\/www.oliocentrica.it\/de\/wp-json\/wp\/v2\/product_cat?post=17695"},{"taxonomy":"product_tag","embeddable":true,"href":"https:\/\/www.oliocentrica.it\/de\/wp-json\/wp\/v2\/product_tag?post=17695"}],"curies":[{"name":"wp","href":"https:\/\/api.w.org\/{rel}","templated":true}]}}