{"id":17531,"date":"2024-02-17T16:50:03","date_gmt":"2024-02-17T15:50:03","guid":{"rendered":"https:\/\/www.oliocentrica.it\/?post_type=product&#038;p=17531"},"modified":"2024-02-17T17:12:46","modified_gmt":"2024-02-17T16:12:46","slug":"filetierte-rote-zwiebel","status":"publish","type":"product","link":"https:\/\/www.oliocentrica.it\/de\/shop\/filetierte-rote-zwiebel\/","title":{"rendered":"Filetierte rote Zwiebel"},"content":{"rendered":"<p><strong>Zutaten:<\/strong> Rote Zwiebel 80%, natives Oliven\u00f6l extra 18%, gemahlener schwarzer Pfeffer, Weinessig, Salz. Enth\u00e4lt Spuren von Sulfiten<\/p>\n<p><strong>Lagerung:<\/strong> k\u00fchl, trocken, vor Licht und W\u00e4rmequellen gesch\u00fctzt aufbewahren. Nach dem \u00d6ffnen im K\u00fchlschrank bei +4\u00b0 lagern, das Ph\u00e4nomen der Kristallisation des \u00d6ls ist ein nat\u00fcrliches Ph\u00e4nomen, wenn es bei niedrigen Temperaturen gelagert wird.<\/p>\n<p><strong>Verpackung:<\/strong> 330g Glasgef\u00e4\u00df<\/p>\n","protected":false},"excerpt":{"rendered":"<p>Das Gem\u00fcse der Marke Oliocentrica in nativem Oliven\u00f6l extra stammt aus der pontinischen Landschaft und tr\u00e4gt alle Aromen dieses reichen Gebiets in sich. Das native Oliven\u00f6l extra und das streng ausgew\u00e4hlte Gem\u00fcse werden in einem Labor von lokaler Exzellenz verarbeitet und verpackt. Ein Produkt f\u00fcr jeden Anlass, das keine Jahreszeiten kennt. In einer Vorspeise, auf einem Schneidebrett als Aperitif, beim Abendessen oder Mittagessen als Beilage, die Verwendung, die Sie bevorzugen, bleibt Ihnen \u00fcberlassen. Ein Vorschlag: Natives Oliven\u00f6l extra ist ein wesentlicher Bestandteil des Produkts; Verwenden Sie es f\u00fcr Ihre Vorbereitungen.<\/p>\n","protected":false},"featured_media":17535,"comment_status":"open","ping_status":"closed","template":"","meta":[],"pwb-brand":[253],"product_cat":[257],"product_tag":[],"acf":[],"yoast_head":"<!-- This site is optimized with the Yoast SEO plugin v24.5 - https:\/\/yoast.com\/wordpress\/plugins\/seo\/ -->\n<title>Filetierte rote Zwiebel - Oliocentrica<\/title>\n<meta name=\"robots\" content=\"index, follow, max-snippet:-1, max-image-preview:large, max-video-preview:-1\" \/>\n<link rel=\"canonical\" href=\"https:\/\/www.oliocentrica.it\/de\/shop\/filetierte-rote-zwiebel\/\" \/>\n<meta property=\"og:locale\" content=\"de_DE\" \/>\n<meta property=\"og:type\" content=\"article\" \/>\n<meta property=\"og:title\" content=\"Filetierte rote Zwiebel - Oliocentrica\" \/>\n<meta property=\"og:description\" content=\"Das Gem\u00fcse der Marke Oliocentrica in nativem Oliven\u00f6l extra stammt aus der pontinischen Landschaft und tr\u00e4gt alle Aromen dieses reichen Gebiets in sich. Das native Oliven\u00f6l extra und das streng ausgew\u00e4hlte Gem\u00fcse werden in einem Labor von lokaler Exzellenz verarbeitet und verpackt. Ein Produkt f\u00fcr jeden Anlass, das keine Jahreszeiten kennt. In einer Vorspeise, auf einem Schneidebrett als Aperitif, beim Abendessen oder Mittagessen als Beilage, die Verwendung, die Sie bevorzugen, bleibt Ihnen \u00fcberlassen. Ein Vorschlag: Natives Oliven\u00f6l extra ist ein wesentlicher Bestandteil des Produkts; Verwenden Sie es f\u00fcr Ihre Vorbereitungen.\" \/>\n<meta property=\"og:url\" content=\"https:\/\/www.oliocentrica.it\/de\/shop\/filetierte-rote-zwiebel\/\" \/>\n<meta property=\"og:site_name\" content=\"Oliocentrica\" \/>\n<meta property=\"article:publisher\" content=\"https:\/\/www.facebook.com\/Oliocentrica\" \/>\n<meta property=\"article:modified_time\" content=\"2024-02-17T16:12:46+00:00\" \/>\n<meta property=\"og:image\" content=\"https:\/\/www.oliocentrica.it\/wp-content\/uploads\/2024\/02\/cipolle-a-filetti-768x1024.png\" \/>\n\t<meta property=\"og:image:width\" content=\"768\" \/>\n\t<meta property=\"og:image:height\" content=\"1024\" \/>\n\t<meta property=\"og:image:type\" content=\"image\/png\" \/>\n<meta name=\"twitter:card\" content=\"summary_large_image\" \/>\n<script type=\"application\/ld+json\" class=\"yoast-schema-graph\">{\"@context\":\"https:\/\/schema.org\",\"@graph\":[{\"@type\":\"WebPage\",\"@id\":\"https:\/\/www.oliocentrica.it\/de\/shop\/filetierte-rote-zwiebel\/\",\"url\":\"https:\/\/www.oliocentrica.it\/de\/shop\/filetierte-rote-zwiebel\/\",\"name\":\"Filetierte rote Zwiebel - Oliocentrica\",\"isPartOf\":{\"@id\":\"https:\/\/www.oliocentrica.it\/de\/#website\"},\"primaryImageOfPage\":{\"@id\":\"https:\/\/www.oliocentrica.it\/de\/shop\/filetierte-rote-zwiebel\/#primaryimage\"},\"image\":{\"@id\":\"https:\/\/www.oliocentrica.it\/de\/shop\/filetierte-rote-zwiebel\/#primaryimage\"},\"thumbnailUrl\":\"https:\/\/www.oliocentrica.it\/wp-content\/uploads\/2024\/02\/cipolle-a-filetti.png\",\"datePublished\":\"2024-02-17T15:50:03+00:00\",\"dateModified\":\"2024-02-17T16:12:46+00:00\",\"breadcrumb\":{\"@id\":\"https:\/\/www.oliocentrica.it\/de\/shop\/filetierte-rote-zwiebel\/#breadcrumb\"},\"inLanguage\":\"de\",\"potentialAction\":[{\"@type\":\"ReadAction\",\"target\":[\"https:\/\/www.oliocentrica.it\/de\/shop\/filetierte-rote-zwiebel\/\"]}]},{\"@type\":\"ImageObject\",\"inLanguage\":\"de\",\"@id\":\"https:\/\/www.oliocentrica.it\/de\/shop\/filetierte-rote-zwiebel\/#primaryimage\",\"url\":\"https:\/\/www.oliocentrica.it\/wp-content\/uploads\/2024\/02\/cipolle-a-filetti.png\",\"contentUrl\":\"https:\/\/www.oliocentrica.it\/wp-content\/uploads\/2024\/02\/cipolle-a-filetti.png\",\"width\":2682,\"height\":3576},{\"@type\":\"BreadcrumbList\",\"@id\":\"https:\/\/www.oliocentrica.it\/de\/shop\/filetierte-rote-zwiebel\/#breadcrumb\",\"itemListElement\":[{\"@type\":\"ListItem\",\"position\":1,\"name\":\"Home\",\"item\":\"https:\/\/www.oliocentrica.it\/de\/\"},{\"@type\":\"ListItem\",\"position\":2,\"name\":\"Shop\",\"item\":\"https:\/\/www.oliocentrica.it\/de\/shop\/\"},{\"@type\":\"ListItem\",\"position\":3,\"name\":\"Filetierte rote Zwiebel\"}]},{\"@type\":\"WebSite\",\"@id\":\"https:\/\/www.oliocentrica.it\/de\/#website\",\"url\":\"https:\/\/www.oliocentrica.it\/de\/\",\"name\":\"Oliocentrica\",\"description\":\"il filo d\u2019olio tra cibo e salute\",\"publisher\":{\"@id\":\"https:\/\/www.oliocentrica.it\/de\/#organization\"},\"potentialAction\":[{\"@type\":\"SearchAction\",\"target\":{\"@type\":\"EntryPoint\",\"urlTemplate\":\"https:\/\/www.oliocentrica.it\/de\/?s={search_term_string}\"},\"query-input\":{\"@type\":\"PropertyValueSpecification\",\"valueRequired\":true,\"valueName\":\"search_term_string\"}}],\"inLanguage\":\"de\"},{\"@type\":\"Organization\",\"@id\":\"https:\/\/www.oliocentrica.it\/de\/#organization\",\"name\":\"Oliocentrica Srls\",\"url\":\"https:\/\/www.oliocentrica.it\/de\/\",\"logo\":{\"@type\":\"ImageObject\",\"inLanguage\":\"de\",\"@id\":\"https:\/\/www.oliocentrica.it\/de\/#\/schema\/logo\/image\/\",\"url\":\"https:\/\/www.oliocentrica.it\/wp-content\/uploads\/2021\/05\/logo_oliocentrica-1.png\",\"contentUrl\":\"https:\/\/www.oliocentrica.it\/wp-content\/uploads\/2021\/05\/logo_oliocentrica-1.png\",\"width\":250,\"height\":81,\"caption\":\"Oliocentrica Srls\"},\"image\":{\"@id\":\"https:\/\/www.oliocentrica.it\/de\/#\/schema\/logo\/image\/\"},\"sameAs\":[\"https:\/\/www.facebook.com\/Oliocentrica\",\"https:\/\/www.instagram.com\/oliocentrica\"]}]}<\/script>\n<!-- \/ Yoast SEO plugin. -->","yoast_head_json":{"title":"Filetierte rote Zwiebel - Oliocentrica","robots":{"index":"index","follow":"follow","max-snippet":"max-snippet:-1","max-image-preview":"max-image-preview:large","max-video-preview":"max-video-preview:-1"},"canonical":"https:\/\/www.oliocentrica.it\/de\/shop\/filetierte-rote-zwiebel\/","og_locale":"de_DE","og_type":"article","og_title":"Filetierte rote Zwiebel - Oliocentrica","og_description":"Das Gem\u00fcse der Marke Oliocentrica in nativem Oliven\u00f6l extra stammt aus der pontinischen Landschaft und tr\u00e4gt alle Aromen dieses reichen Gebiets in sich. Das native Oliven\u00f6l extra und das streng ausgew\u00e4hlte Gem\u00fcse werden in einem Labor von lokaler Exzellenz verarbeitet und verpackt. Ein Produkt f\u00fcr jeden Anlass, das keine Jahreszeiten kennt. In einer Vorspeise, auf einem Schneidebrett als Aperitif, beim Abendessen oder Mittagessen als Beilage, die Verwendung, die Sie bevorzugen, bleibt Ihnen \u00fcberlassen. Ein Vorschlag: Natives Oliven\u00f6l extra ist ein wesentlicher Bestandteil des Produkts; Verwenden Sie es f\u00fcr Ihre Vorbereitungen.","og_url":"https:\/\/www.oliocentrica.it\/de\/shop\/filetierte-rote-zwiebel\/","og_site_name":"Oliocentrica","article_publisher":"https:\/\/www.facebook.com\/Oliocentrica","article_modified_time":"2024-02-17T16:12:46+00:00","og_image":[{"width":768,"height":1024,"url":"https:\/\/www.oliocentrica.it\/wp-content\/uploads\/2024\/02\/cipolle-a-filetti-768x1024.png","type":"image\/png"}],"twitter_card":"summary_large_image","schema":{"@context":"https:\/\/schema.org","@graph":[{"@type":"WebPage","@id":"https:\/\/www.oliocentrica.it\/de\/shop\/filetierte-rote-zwiebel\/","url":"https:\/\/www.oliocentrica.it\/de\/shop\/filetierte-rote-zwiebel\/","name":"Filetierte rote Zwiebel - Oliocentrica","isPartOf":{"@id":"https:\/\/www.oliocentrica.it\/de\/#website"},"primaryImageOfPage":{"@id":"https:\/\/www.oliocentrica.it\/de\/shop\/filetierte-rote-zwiebel\/#primaryimage"},"image":{"@id":"https:\/\/www.oliocentrica.it\/de\/shop\/filetierte-rote-zwiebel\/#primaryimage"},"thumbnailUrl":"https:\/\/www.oliocentrica.it\/wp-content\/uploads\/2024\/02\/cipolle-a-filetti.png","datePublished":"2024-02-17T15:50:03+00:00","dateModified":"2024-02-17T16:12:46+00:00","breadcrumb":{"@id":"https:\/\/www.oliocentrica.it\/de\/shop\/filetierte-rote-zwiebel\/#breadcrumb"},"inLanguage":"de","potentialAction":[{"@type":"ReadAction","target":["https:\/\/www.oliocentrica.it\/de\/shop\/filetierte-rote-zwiebel\/"]}]},{"@type":"ImageObject","inLanguage":"de","@id":"https:\/\/www.oliocentrica.it\/de\/shop\/filetierte-rote-zwiebel\/#primaryimage","url":"https:\/\/www.oliocentrica.it\/wp-content\/uploads\/2024\/02\/cipolle-a-filetti.png","contentUrl":"https:\/\/www.oliocentrica.it\/wp-content\/uploads\/2024\/02\/cipolle-a-filetti.png","width":2682,"height":3576},{"@type":"BreadcrumbList","@id":"https:\/\/www.oliocentrica.it\/de\/shop\/filetierte-rote-zwiebel\/#breadcrumb","itemListElement":[{"@type":"ListItem","position":1,"name":"Home","item":"https:\/\/www.oliocentrica.it\/de\/"},{"@type":"ListItem","position":2,"name":"Shop","item":"https:\/\/www.oliocentrica.it\/de\/shop\/"},{"@type":"ListItem","position":3,"name":"Filetierte rote Zwiebel"}]},{"@type":"WebSite","@id":"https:\/\/www.oliocentrica.it\/de\/#website","url":"https:\/\/www.oliocentrica.it\/de\/","name":"Oliocentrica","description":"il filo d\u2019olio tra cibo e salute","publisher":{"@id":"https:\/\/www.oliocentrica.it\/de\/#organization"},"potentialAction":[{"@type":"SearchAction","target":{"@type":"EntryPoint","urlTemplate":"https:\/\/www.oliocentrica.it\/de\/?s={search_term_string}"},"query-input":{"@type":"PropertyValueSpecification","valueRequired":true,"valueName":"search_term_string"}}],"inLanguage":"de"},{"@type":"Organization","@id":"https:\/\/www.oliocentrica.it\/de\/#organization","name":"Oliocentrica Srls","url":"https:\/\/www.oliocentrica.it\/de\/","logo":{"@type":"ImageObject","inLanguage":"de","@id":"https:\/\/www.oliocentrica.it\/de\/#\/schema\/logo\/image\/","url":"https:\/\/www.oliocentrica.it\/wp-content\/uploads\/2021\/05\/logo_oliocentrica-1.png","contentUrl":"https:\/\/www.oliocentrica.it\/wp-content\/uploads\/2021\/05\/logo_oliocentrica-1.png","width":250,"height":81,"caption":"Oliocentrica Srls"},"image":{"@id":"https:\/\/www.oliocentrica.it\/de\/#\/schema\/logo\/image\/"},"sameAs":["https:\/\/www.facebook.com\/Oliocentrica","https:\/\/www.instagram.com\/oliocentrica"]}]}},"brands":[{"id":253,"name":"Oliocentrica","slug":"oliocentrica"}],"_links":{"self":[{"href":"https:\/\/www.oliocentrica.it\/de\/wp-json\/wp\/v2\/product\/17531"}],"collection":[{"href":"https:\/\/www.oliocentrica.it\/de\/wp-json\/wp\/v2\/product"}],"about":[{"href":"https:\/\/www.oliocentrica.it\/de\/wp-json\/wp\/v2\/types\/product"}],"replies":[{"embeddable":true,"href":"https:\/\/www.oliocentrica.it\/de\/wp-json\/wp\/v2\/comments?post=17531"}],"wp:featuredmedia":[{"embeddable":true,"href":"https:\/\/www.oliocentrica.it\/de\/wp-json\/wp\/v2\/media\/17535"}],"wp:attachment":[{"href":"https:\/\/www.oliocentrica.it\/de\/wp-json\/wp\/v2\/media?parent=17531"}],"wp:term":[{"taxonomy":"pwb-brand","embeddable":true,"href":"https:\/\/www.oliocentrica.it\/de\/wp-json\/wp\/v2\/pwb-brand?post=17531"},{"taxonomy":"product_cat","embeddable":true,"href":"https:\/\/www.oliocentrica.it\/de\/wp-json\/wp\/v2\/product_cat?post=17531"},{"taxonomy":"product_tag","embeddable":true,"href":"https:\/\/www.oliocentrica.it\/de\/wp-json\/wp\/v2\/product_tag?post=17531"}],"curies":[{"name":"wp","href":"https:\/\/api.w.org\/{rel}","templated":true}]}}