{"id":17403,"date":"2024-02-15T18:05:06","date_gmt":"2024-02-15T17:05:06","guid":{"rendered":"https:\/\/www.oliocentrica.it\/?post_type=product&#038;p=17403"},"modified":"2024-06-12T17:24:11","modified_gmt":"2024-06-12T15:24:11","slug":"evo-tradizionale-spray","status":"publish","type":"product","link":"https:\/\/www.oliocentrica.it\/de\/shop\/evo-tradizionale-spray\/","title":{"rendered":"Evo Tradizionale Spray"},"content":{"rendered":"<p><strong><em>Mittel-fruchtig<\/em><\/strong><\/p>\n<p><strong>Duft:<\/strong> mittlere\/intensive Fruchtigkeit mit pflanzlichen Noten von Wildkr\u00e4utern<\/p>\n<p><strong>Geschmack:<\/strong> frischer Olivengeschmack mit harmonischen und ausgewogenen Noten von Bitterkeit und Sch\u00e4rfe<\/p>\n<p><strong>Probieren Sie ihn mit&#8230;<\/strong> ideal zu Rohkost und auf Brot. Ausgezeichnet zu Gem\u00fcse- und H\u00fclsenfr\u00fcchtesuppen, Salaten und gereiftem K\u00e4se<\/p>\n<p><strong>Geografische Zone und Gebiet:<\/strong> Valdinievole (Provinz Pistoia)<\/p>\n<p><strong>Olivenanbaujahr:<\/strong> 2023\/2024<\/p>\n<p><strong>Gr\u00f6\u00dfen:<\/strong> 0.250L<\/p>\n<p><strong>Mischung aus Olivensorten:<\/strong> Frantoio, Leccino, Moraiolo und andere autochthone Sorten<\/p>\n<p><strong>Herstellungsverfahren:<\/strong> Kaltpressung mit zweistufiger Durchlaufanlage<\/p>\n<p><strong>Lagerungsmethode:<\/strong> kontrollierte Temperatur zwischen 12-18 \u00b0C<br \/>\n_______________________________________<\/p>\n<p><em>Danksagungen und Leitf\u00e4den<\/em><\/p>\n<p><strong>Gambero Rosso F\u00fchrer 2019\/2023 <\/strong><\/p>\n<p><strong>Slow Food-F\u00fchrer 2019\/2023<\/strong><\/p>\n<p><strong>Ausgew\u00e4hlte Il Magnifico und Ercole Olivario 2019\/2023<\/strong><br \/>\n_______________________________________<\/p>\n<p><em>Weitere Informationen, die f\u00fcr alle unsere EVO-\u00d6le gelten<\/em><\/p>\n<p><strong>Zutaten:<\/strong> 100% italienische Oliven, im richtigen Reifegrad geerntet und in Italien mit mechanischen Verfahren gepresst<br \/>\n<strong>Lagerung:<\/strong> gesch\u00fctzt vor Licht, W\u00e4rmequellen, schlechten Ger\u00fcchen und in hermetisch verschlossenen Flaschen. Denken Sie daran: \u00d6l ist der Feind von Licht, W\u00e4rme und Luft.<br \/>\n<strong>Verfallsdatum:<\/strong> innerhalb von 18 Monaten ab dem Abf\u00fclldatum (bis dahin sind die N\u00e4hrwerte des \u00d6ls erhalten geblieben)<br \/>\n<strong>Verwendung:<\/strong> t\u00e4glich roh oder zum kurzen Kochen bei m\u00e4\u00dfiger Temperatur<\/p>\n","protected":false},"excerpt":{"rendered":"<p><em><strong>Mittel fruchtig<\/strong><\/em><\/p>\n<p>Die \u00d6lm\u00fchle Croci wurde 2004 mit der Idee gegr\u00fcndet, eine familiengef\u00fchrte \u00d6lm\u00fchle zu schaffen, die der Qualit\u00e4t Vorrang vor der Quantit\u00e4t und dem Ertrag der Oliven einr\u00e4umt. Es stimmt zwar, dass man f\u00fcr ein hervorragendes \u00d6l gesunde, hochwertige Oliven braucht, die zum richtigen Reifezeitpunkt geerntet und in k\u00fcrzester Zeit gepresst werden, aber es ist auch richtig und notwendig zu verstehen, dass die<strong> \u00d6lm\u00fchle einen 50%igen Einfluss auf die Qualit\u00e4t des \u00d6ls hat.<\/strong><\/p>\n<p>Natives Oliven\u00f6l extra, hergestellt aus Oliven der typischen lokalen Sorten wie Frantoio, Leccino, Moraiolo und Pendolino. Es wird aus Oliven gewonnen, die ab Mitte Oktober geerntet werden. Die Pressung erfolgt bei einer kontrollierten Temperatur zwischen 24 und 27 Grad f\u00fcr etwa 20-30 Minuten, je nach Sorte und Reifegrad der Oliven. Reich an Aromen und mit verschiedenen Geschmacksnuancen.<\/p>\n<p>Die neue Verpackung ist mit einem &#8222;Bag on Valve&#8220;-Spr\u00fchsystem ausgestattet, das zu 100 % nat\u00fcrlich, frei von Zusatzstoffen, Emulgatoren und Treibgasen ist und so konzipiert wurde, dass alle Eigenschaften des Gew\u00fcrzes unver\u00e4ndert bleiben und es immer frisch bleibt, als w\u00e4re es gerade erst gepresst worden.<\/p>\n<p>Durch Druck auf den Spender wird der Inhalt allein durch den Druck, der auf den Beutel mit dem Produkt ausge\u00fcbt wird, zerst\u00e4ubt.<\/p>\n<p>Es ist m\u00f6glich, bis zu 90 % der normalerweise verwendeten W\u00fcrze einzusparen (eine 250-ml-Flasche entspricht in der Tat etwa 3 Litern einer normalen \u00d6lflasche), ohne dabei an Geschmack einzub\u00fc\u00dfen.<\/p>\n<p>Ideal f\u00fcr die Verwendung in der Hei\u00dfluftfritteuse, da eine d\u00fcnne \u00d6lschicht gleichm\u00e4\u00dfig auf die gesamte Oberfl\u00e4che des Gerichts gespr\u00fcht werden kann.<\/p>\n<p><strong>Oliven\u00f6l-Kampagne: 2023\/2024<\/strong><\/p>\n","protected":false},"featured_media":17408,"comment_status":"closed","ping_status":"closed","template":"","meta":[],"pwb-brand":[493],"product_cat":[252],"product_tag":[],"acf":[],"yoast_head":"<!-- This site is optimized with the Yoast SEO plugin v24.5 - https:\/\/yoast.com\/wordpress\/plugins\/seo\/ -->\n<title>Evo Tradizionale Spray - Oliocentrica<\/title>\n<meta name=\"robots\" content=\"index, follow, max-snippet:-1, max-image-preview:large, max-video-preview:-1\" \/>\n<link rel=\"canonical\" href=\"https:\/\/www.oliocentrica.it\/de\/shop\/evo-tradizionale-spray\/\" \/>\n<meta property=\"og:locale\" content=\"de_DE\" \/>\n<meta property=\"og:type\" content=\"article\" \/>\n<meta property=\"og:title\" content=\"Evo Tradizionale Spray - Oliocentrica\" \/>\n<meta property=\"og:description\" content=\"Mittel fruchtig  Die \u00d6lm\u00fchle Croci wurde 2004 mit der Idee gegr\u00fcndet, eine familiengef\u00fchrte \u00d6lm\u00fchle zu schaffen, die der Qualit\u00e4t Vorrang vor der Quantit\u00e4t und dem Ertrag der Oliven einr\u00e4umt. Es stimmt zwar, dass man f\u00fcr ein hervorragendes \u00d6l gesunde, hochwertige Oliven braucht, die zum richtigen Reifezeitpunkt geerntet und in k\u00fcrzester Zeit gepresst werden, aber es ist auch richtig und notwendig zu verstehen, dass die \u00d6lm\u00fchle einen 50%igen Einfluss auf die Qualit\u00e4t des \u00d6ls hat.  Natives Oliven\u00f6l extra, hergestellt aus Oliven der typischen lokalen Sorten wie Frantoio, Leccino, Moraiolo und Pendolino. Es wird aus Oliven gewonnen, die ab Mitte Oktober geerntet werden. Die Pressung erfolgt bei einer kontrollierten Temperatur zwischen 24 und 27 Grad f\u00fcr etwa 20-30 Minuten, je nach Sorte und Reifegrad der Oliven. Reich an Aromen und mit verschiedenen Geschmacksnuancen.  Die neue Verpackung ist mit einem &quot;Bag on Valve&quot;-Spr\u00fchsystem ausgestattet, das zu 100 % nat\u00fcrlich, frei von Zusatzstoffen, Emulgatoren und Treibgasen ist und so konzipiert wurde, dass alle Eigenschaften des Gew\u00fcrzes unver\u00e4ndert bleiben und es immer frisch bleibt, als w\u00e4re es gerade erst gepresst worden.  Durch Druck auf den Spender wird der Inhalt allein durch den Druck, der auf den Beutel mit dem Produkt ausge\u00fcbt wird, zerst\u00e4ubt.  Es ist m\u00f6glich, bis zu 90 % der normalerweise verwendeten W\u00fcrze einzusparen (eine 250-ml-Flasche entspricht in der Tat etwa 3 Litern einer normalen \u00d6lflasche), ohne dabei an Geschmack einzub\u00fc\u00dfen.  Ideal f\u00fcr die Verwendung in der Hei\u00dfluftfritteuse, da eine d\u00fcnne \u00d6lschicht gleichm\u00e4\u00dfig auf die gesamte Oberfl\u00e4che des Gerichts gespr\u00fcht werden kann.  Oliven\u00f6l-Kampagne: 2023\/2024\" \/>\n<meta property=\"og:url\" content=\"https:\/\/www.oliocentrica.it\/de\/shop\/evo-tradizionale-spray\/\" \/>\n<meta property=\"og:site_name\" content=\"Oliocentrica\" \/>\n<meta property=\"article:publisher\" content=\"https:\/\/www.facebook.com\/Oliocentrica\" \/>\n<meta property=\"article:modified_time\" content=\"2024-06-12T15:24:11+00:00\" \/>\n<meta property=\"og:image\" content=\"https:\/\/www.oliocentrica.it\/wp-content\/uploads\/2024\/02\/spray4.jpg\" \/>\n\t<meta property=\"og:image:width\" content=\"2425\" \/>\n\t<meta property=\"og:image:height\" content=\"2425\" \/>\n\t<meta property=\"og:image:type\" content=\"image\/jpeg\" \/>\n<meta name=\"twitter:card\" content=\"summary_large_image\" \/>\n<meta name=\"twitter:label1\" content=\"Gesch\u00e4tzte Lesezeit\" \/>\n\t<meta name=\"twitter:data1\" content=\"1\u00a0Minute\" \/>\n<script type=\"application\/ld+json\" class=\"yoast-schema-graph\">{\"@context\":\"https:\/\/schema.org\",\"@graph\":[{\"@type\":\"WebPage\",\"@id\":\"https:\/\/www.oliocentrica.it\/de\/shop\/evo-tradizionale-spray\/\",\"url\":\"https:\/\/www.oliocentrica.it\/de\/shop\/evo-tradizionale-spray\/\",\"name\":\"Evo Tradizionale Spray - Oliocentrica\",\"isPartOf\":{\"@id\":\"https:\/\/www.oliocentrica.it\/de\/#website\"},\"primaryImageOfPage\":{\"@id\":\"https:\/\/www.oliocentrica.it\/de\/shop\/evo-tradizionale-spray\/#primaryimage\"},\"image\":{\"@id\":\"https:\/\/www.oliocentrica.it\/de\/shop\/evo-tradizionale-spray\/#primaryimage\"},\"thumbnailUrl\":\"https:\/\/www.oliocentrica.it\/wp-content\/uploads\/2024\/02\/spray4.jpg\",\"datePublished\":\"2024-02-15T17:05:06+00:00\",\"dateModified\":\"2024-06-12T15:24:11+00:00\",\"breadcrumb\":{\"@id\":\"https:\/\/www.oliocentrica.it\/de\/shop\/evo-tradizionale-spray\/#breadcrumb\"},\"inLanguage\":\"de\",\"potentialAction\":[{\"@type\":\"ReadAction\",\"target\":[\"https:\/\/www.oliocentrica.it\/de\/shop\/evo-tradizionale-spray\/\"]}]},{\"@type\":\"ImageObject\",\"inLanguage\":\"de\",\"@id\":\"https:\/\/www.oliocentrica.it\/de\/shop\/evo-tradizionale-spray\/#primaryimage\",\"url\":\"https:\/\/www.oliocentrica.it\/wp-content\/uploads\/2024\/02\/spray4.jpg\",\"contentUrl\":\"https:\/\/www.oliocentrica.it\/wp-content\/uploads\/2024\/02\/spray4.jpg\",\"width\":2425,\"height\":2425},{\"@type\":\"BreadcrumbList\",\"@id\":\"https:\/\/www.oliocentrica.it\/de\/shop\/evo-tradizionale-spray\/#breadcrumb\",\"itemListElement\":[{\"@type\":\"ListItem\",\"position\":1,\"name\":\"Home\",\"item\":\"https:\/\/www.oliocentrica.it\/de\/\"},{\"@type\":\"ListItem\",\"position\":2,\"name\":\"Shop\",\"item\":\"https:\/\/www.oliocentrica.it\/de\/shop\/\"},{\"@type\":\"ListItem\",\"position\":3,\"name\":\"Evo Tradizionale Spray\"}]},{\"@type\":\"WebSite\",\"@id\":\"https:\/\/www.oliocentrica.it\/de\/#website\",\"url\":\"https:\/\/www.oliocentrica.it\/de\/\",\"name\":\"Oliocentrica\",\"description\":\"il filo d\u2019olio tra cibo e salute\",\"publisher\":{\"@id\":\"https:\/\/www.oliocentrica.it\/de\/#organization\"},\"potentialAction\":[{\"@type\":\"SearchAction\",\"target\":{\"@type\":\"EntryPoint\",\"urlTemplate\":\"https:\/\/www.oliocentrica.it\/de\/?s={search_term_string}\"},\"query-input\":{\"@type\":\"PropertyValueSpecification\",\"valueRequired\":true,\"valueName\":\"search_term_string\"}}],\"inLanguage\":\"de\"},{\"@type\":\"Organization\",\"@id\":\"https:\/\/www.oliocentrica.it\/de\/#organization\",\"name\":\"Oliocentrica Srls\",\"url\":\"https:\/\/www.oliocentrica.it\/de\/\",\"logo\":{\"@type\":\"ImageObject\",\"inLanguage\":\"de\",\"@id\":\"https:\/\/www.oliocentrica.it\/de\/#\/schema\/logo\/image\/\",\"url\":\"https:\/\/www.oliocentrica.it\/wp-content\/uploads\/2021\/05\/logo_oliocentrica-1.png\",\"contentUrl\":\"https:\/\/www.oliocentrica.it\/wp-content\/uploads\/2021\/05\/logo_oliocentrica-1.png\",\"width\":250,\"height\":81,\"caption\":\"Oliocentrica Srls\"},\"image\":{\"@id\":\"https:\/\/www.oliocentrica.it\/de\/#\/schema\/logo\/image\/\"},\"sameAs\":[\"https:\/\/www.facebook.com\/Oliocentrica\",\"https:\/\/www.instagram.com\/oliocentrica\"]}]}<\/script>\n<!-- \/ Yoast SEO plugin. -->","yoast_head_json":{"title":"Evo Tradizionale Spray - Oliocentrica","robots":{"index":"index","follow":"follow","max-snippet":"max-snippet:-1","max-image-preview":"max-image-preview:large","max-video-preview":"max-video-preview:-1"},"canonical":"https:\/\/www.oliocentrica.it\/de\/shop\/evo-tradizionale-spray\/","og_locale":"de_DE","og_type":"article","og_title":"Evo Tradizionale Spray - Oliocentrica","og_description":"Mittel fruchtig  Die \u00d6lm\u00fchle Croci wurde 2004 mit der Idee gegr\u00fcndet, eine familiengef\u00fchrte \u00d6lm\u00fchle zu schaffen, die der Qualit\u00e4t Vorrang vor der Quantit\u00e4t und dem Ertrag der Oliven einr\u00e4umt. Es stimmt zwar, dass man f\u00fcr ein hervorragendes \u00d6l gesunde, hochwertige Oliven braucht, die zum richtigen Reifezeitpunkt geerntet und in k\u00fcrzester Zeit gepresst werden, aber es ist auch richtig und notwendig zu verstehen, dass die \u00d6lm\u00fchle einen 50%igen Einfluss auf die Qualit\u00e4t des \u00d6ls hat.  Natives Oliven\u00f6l extra, hergestellt aus Oliven der typischen lokalen Sorten wie Frantoio, Leccino, Moraiolo und Pendolino. Es wird aus Oliven gewonnen, die ab Mitte Oktober geerntet werden. Die Pressung erfolgt bei einer kontrollierten Temperatur zwischen 24 und 27 Grad f\u00fcr etwa 20-30 Minuten, je nach Sorte und Reifegrad der Oliven. Reich an Aromen und mit verschiedenen Geschmacksnuancen.  Die neue Verpackung ist mit einem \"Bag on Valve\"-Spr\u00fchsystem ausgestattet, das zu 100 % nat\u00fcrlich, frei von Zusatzstoffen, Emulgatoren und Treibgasen ist und so konzipiert wurde, dass alle Eigenschaften des Gew\u00fcrzes unver\u00e4ndert bleiben und es immer frisch bleibt, als w\u00e4re es gerade erst gepresst worden.  Durch Druck auf den Spender wird der Inhalt allein durch den Druck, der auf den Beutel mit dem Produkt ausge\u00fcbt wird, zerst\u00e4ubt.  Es ist m\u00f6glich, bis zu 90 % der normalerweise verwendeten W\u00fcrze einzusparen (eine 250-ml-Flasche entspricht in der Tat etwa 3 Litern einer normalen \u00d6lflasche), ohne dabei an Geschmack einzub\u00fc\u00dfen.  Ideal f\u00fcr die Verwendung in der Hei\u00dfluftfritteuse, da eine d\u00fcnne \u00d6lschicht gleichm\u00e4\u00dfig auf die gesamte Oberfl\u00e4che des Gerichts gespr\u00fcht werden kann.  Oliven\u00f6l-Kampagne: 2023\/2024","og_url":"https:\/\/www.oliocentrica.it\/de\/shop\/evo-tradizionale-spray\/","og_site_name":"Oliocentrica","article_publisher":"https:\/\/www.facebook.com\/Oliocentrica","article_modified_time":"2024-06-12T15:24:11+00:00","og_image":[{"width":2425,"height":2425,"url":"https:\/\/www.oliocentrica.it\/wp-content\/uploads\/2024\/02\/spray4.jpg","type":"image\/jpeg"}],"twitter_card":"summary_large_image","twitter_misc":{"Gesch\u00e4tzte Lesezeit":"1\u00a0Minute"},"schema":{"@context":"https:\/\/schema.org","@graph":[{"@type":"WebPage","@id":"https:\/\/www.oliocentrica.it\/de\/shop\/evo-tradizionale-spray\/","url":"https:\/\/www.oliocentrica.it\/de\/shop\/evo-tradizionale-spray\/","name":"Evo Tradizionale Spray - Oliocentrica","isPartOf":{"@id":"https:\/\/www.oliocentrica.it\/de\/#website"},"primaryImageOfPage":{"@id":"https:\/\/www.oliocentrica.it\/de\/shop\/evo-tradizionale-spray\/#primaryimage"},"image":{"@id":"https:\/\/www.oliocentrica.it\/de\/shop\/evo-tradizionale-spray\/#primaryimage"},"thumbnailUrl":"https:\/\/www.oliocentrica.it\/wp-content\/uploads\/2024\/02\/spray4.jpg","datePublished":"2024-02-15T17:05:06+00:00","dateModified":"2024-06-12T15:24:11+00:00","breadcrumb":{"@id":"https:\/\/www.oliocentrica.it\/de\/shop\/evo-tradizionale-spray\/#breadcrumb"},"inLanguage":"de","potentialAction":[{"@type":"ReadAction","target":["https:\/\/www.oliocentrica.it\/de\/shop\/evo-tradizionale-spray\/"]}]},{"@type":"ImageObject","inLanguage":"de","@id":"https:\/\/www.oliocentrica.it\/de\/shop\/evo-tradizionale-spray\/#primaryimage","url":"https:\/\/www.oliocentrica.it\/wp-content\/uploads\/2024\/02\/spray4.jpg","contentUrl":"https:\/\/www.oliocentrica.it\/wp-content\/uploads\/2024\/02\/spray4.jpg","width":2425,"height":2425},{"@type":"BreadcrumbList","@id":"https:\/\/www.oliocentrica.it\/de\/shop\/evo-tradizionale-spray\/#breadcrumb","itemListElement":[{"@type":"ListItem","position":1,"name":"Home","item":"https:\/\/www.oliocentrica.it\/de\/"},{"@type":"ListItem","position":2,"name":"Shop","item":"https:\/\/www.oliocentrica.it\/de\/shop\/"},{"@type":"ListItem","position":3,"name":"Evo Tradizionale Spray"}]},{"@type":"WebSite","@id":"https:\/\/www.oliocentrica.it\/de\/#website","url":"https:\/\/www.oliocentrica.it\/de\/","name":"Oliocentrica","description":"il filo d\u2019olio tra cibo e salute","publisher":{"@id":"https:\/\/www.oliocentrica.it\/de\/#organization"},"potentialAction":[{"@type":"SearchAction","target":{"@type":"EntryPoint","urlTemplate":"https:\/\/www.oliocentrica.it\/de\/?s={search_term_string}"},"query-input":{"@type":"PropertyValueSpecification","valueRequired":true,"valueName":"search_term_string"}}],"inLanguage":"de"},{"@type":"Organization","@id":"https:\/\/www.oliocentrica.it\/de\/#organization","name":"Oliocentrica Srls","url":"https:\/\/www.oliocentrica.it\/de\/","logo":{"@type":"ImageObject","inLanguage":"de","@id":"https:\/\/www.oliocentrica.it\/de\/#\/schema\/logo\/image\/","url":"https:\/\/www.oliocentrica.it\/wp-content\/uploads\/2021\/05\/logo_oliocentrica-1.png","contentUrl":"https:\/\/www.oliocentrica.it\/wp-content\/uploads\/2021\/05\/logo_oliocentrica-1.png","width":250,"height":81,"caption":"Oliocentrica Srls"},"image":{"@id":"https:\/\/www.oliocentrica.it\/de\/#\/schema\/logo\/image\/"},"sameAs":["https:\/\/www.facebook.com\/Oliocentrica","https:\/\/www.instagram.com\/oliocentrica"]}]}},"brands":[{"id":493,"name":"frantoio di croci","slug":"frantoio-di-croci-de"}],"_links":{"self":[{"href":"https:\/\/www.oliocentrica.it\/de\/wp-json\/wp\/v2\/product\/17403"}],"collection":[{"href":"https:\/\/www.oliocentrica.it\/de\/wp-json\/wp\/v2\/product"}],"about":[{"href":"https:\/\/www.oliocentrica.it\/de\/wp-json\/wp\/v2\/types\/product"}],"replies":[{"embeddable":true,"href":"https:\/\/www.oliocentrica.it\/de\/wp-json\/wp\/v2\/comments?post=17403"}],"wp:featuredmedia":[{"embeddable":true,"href":"https:\/\/www.oliocentrica.it\/de\/wp-json\/wp\/v2\/media\/17408"}],"wp:attachment":[{"href":"https:\/\/www.oliocentrica.it\/de\/wp-json\/wp\/v2\/media?parent=17403"}],"wp:term":[{"taxonomy":"pwb-brand","embeddable":true,"href":"https:\/\/www.oliocentrica.it\/de\/wp-json\/wp\/v2\/pwb-brand?post=17403"},{"taxonomy":"product_cat","embeddable":true,"href":"https:\/\/www.oliocentrica.it\/de\/wp-json\/wp\/v2\/product_cat?post=17403"},{"taxonomy":"product_tag","embeddable":true,"href":"https:\/\/www.oliocentrica.it\/de\/wp-json\/wp\/v2\/product_tag?post=17403"}],"curies":[{"name":"wp","href":"https:\/\/api.w.org\/{rel}","templated":true}]}}