{"id":17174,"date":"2023-11-08T18:09:40","date_gmt":"2023-11-08T17:09:40","guid":{"rendered":"https:\/\/www.oliocentrica.it\/?post_type=product&#038;p=17174"},"modified":"2024-06-12T17:32:22","modified_gmt":"2024-06-12T15:32:22","slug":"monovarietal-aus-kaninischen-oliven","status":"publish","type":"product","link":"https:\/\/www.oliocentrica.it\/de\/shop\/monovarietal-aus-kaninischen-oliven\/","title":{"rendered":"Monovarietal aus kaninischen Oliven"},"content":{"rendered":"<p><strong><em>Mittel fruchtig<\/em><\/strong><\/p>\n<p><strong>Duft:<\/strong> geschnittenes Gras, Walnussschalen und Artischocke<\/p>\n<p><strong>Geschmack:<\/strong> Bitter und pikant von mittlerer Intensit\u00e4t im Gleichgewicht zueinander<\/p>\n<p><strong>Probieren Sie ihn zu&#8230;<\/strong> Gem\u00fcsesuppen, wei\u00dfem Fleisch und H\u00fclsenfr\u00fcchten<\/p>\n<p><strong>Geografisches Gebiet und Region:<\/strong> Tuscania (Viterbo) &#8211; Latium<\/p>\n<p><strong>Olivenanbaujahr:<\/strong> 2023\/2024<\/p>\n<p>Gr\u00f6\u00dfen: 0,5L<\/p>\n<p><strong>Monovarietal aus Oliven:<\/strong> Caninese<\/p>\n<p><strong>Produktionsmethode:<\/strong> Moderne Technologie mit kontinuierlichem Zyklus<\/p>\n<p><strong>Konservierungsmethode:<\/strong> temperaturkontrollierte Beh\u00e4lter aus rostfreiem Stahl<br \/>\n_______________________________________<\/p>\n<p><em>Weitere Informationen, die f\u00fcr alle unsere EVO-\u00d6le gelten<\/em><\/p>\n<p><strong>Zutaten:<\/strong> 100% italienische Oliven, im richtigen Reifegrad geerntet und in Italien mit mechanischen Verfahren gepresst<br \/>\n<strong>Lagerung:<\/strong> gesch\u00fctzt vor Licht, W\u00e4rmequellen, schlechten Ger\u00fcchen und in hermetisch verschlossenen Flaschen. Denken Sie daran: \u00d6l ist der Feind von Licht, W\u00e4rme und Luft.<br \/>\n<strong>Verfallsdatum:<\/strong> innerhalb von 18 Monaten ab dem Abf\u00fclldatum (bis dahin sind die N\u00e4hrwerte des \u00d6ls erhalten geblieben)<br \/>\n<strong>Verwendung:<\/strong> T\u00e4glich roh oder zum kurzen Kochen bei m\u00e4\u00dfiger Temperatur<\/p>\n","protected":false},"excerpt":{"rendered":"<p><strong><em>Mittel fruchtig<\/em><\/strong><\/p>\n<p>Das Projekt Azienda Agricola Bianchini Rosa entstand aus der Wiederbelebung von Rosas Familienbetrieb, der in den 1930er Jahren in Kalabrien von seinem Urgro\u00dfvater Michelangelo gegr\u00fcndet wurde. Gro\u00dfvater Saverio &#8211; der Sohn von Michelangelo &#8211; verliebte sich in die Tuscia Viterbese und kaufte zusammen mit seinem Sohn Michele mehrere Olivenhaine zwischen dem Bolsena-See und Rom. Und genau hier beginnen Rosa und Giorgio ihr innovatives Projekt. Der Caninese ist eine alte Olivenbaumsorte, die in der Tuscia Viterbese seit der Zeit der Etrusker angebaut wird. Sie ist sehr rustikal und anpassungsf\u00e4hig und der Stolz dieser Gegend. Das aus ihr gewonnene \u00d6l ist intensiv gr\u00fcn, mit einem fruchtigen Aroma, in dem Bitterkeit und Sch\u00e4rfe ausgewogen sind und sich angenehm mit krautigen Noten verbinden.<br \/>\n<strong>Olivenanbaujahr: 2023\/2024<\/strong><\/p>\n","protected":false},"featured_media":17179,"comment_status":"closed","ping_status":"closed","template":"","meta":[],"pwb-brand":[484],"product_cat":[252],"product_tag":[],"acf":[],"yoast_head":"<!-- This site is optimized with the Yoast SEO plugin v24.5 - https:\/\/yoast.com\/wordpress\/plugins\/seo\/ -->\n<title>Monovarietal aus kaninischen Oliven - Oliocentrica<\/title>\n<meta name=\"robots\" content=\"index, follow, max-snippet:-1, max-image-preview:large, max-video-preview:-1\" \/>\n<link rel=\"canonical\" href=\"https:\/\/www.oliocentrica.it\/de\/shop\/monovarietal-aus-kaninischen-oliven\/\" \/>\n<meta property=\"og:locale\" content=\"de_DE\" \/>\n<meta property=\"og:type\" content=\"article\" \/>\n<meta property=\"og:title\" content=\"Monovarietal aus kaninischen Oliven - Oliocentrica\" \/>\n<meta property=\"og:description\" content=\"Mittel fruchtig  Das Projekt Azienda Agricola Bianchini Rosa entstand aus der Wiederbelebung von Rosas Familienbetrieb, der in den 1930er Jahren in Kalabrien von seinem Urgro\u00dfvater Michelangelo gegr\u00fcndet wurde. Gro\u00dfvater Saverio - der Sohn von Michelangelo - verliebte sich in die Tuscia Viterbese und kaufte zusammen mit seinem Sohn Michele mehrere Olivenhaine zwischen dem Bolsena-See und Rom. Und genau hier beginnen Rosa und Giorgio ihr innovatives Projekt. Der Caninese ist eine alte Olivenbaumsorte, die in der Tuscia Viterbese seit der Zeit der Etrusker angebaut wird. Sie ist sehr rustikal und anpassungsf\u00e4hig und der Stolz dieser Gegend. Das aus ihr gewonnene \u00d6l ist intensiv gr\u00fcn, mit einem fruchtigen Aroma, in dem Bitterkeit und Sch\u00e4rfe ausgewogen sind und sich angenehm mit krautigen Noten verbinden. Olivenanbaujahr: 2023\/2024\" \/>\n<meta property=\"og:url\" content=\"https:\/\/www.oliocentrica.it\/de\/shop\/monovarietal-aus-kaninischen-oliven\/\" \/>\n<meta property=\"og:site_name\" content=\"Oliocentrica\" \/>\n<meta property=\"article:publisher\" content=\"https:\/\/www.facebook.com\/Oliocentrica\" \/>\n<meta property=\"article:modified_time\" content=\"2024-06-12T15:32:22+00:00\" \/>\n<meta property=\"og:image\" content=\"https:\/\/www.oliocentrica.it\/wp-content\/uploads\/2023\/11\/CANINESE.jpg\" \/>\n\t<meta property=\"og:image:width\" content=\"1200\" \/>\n\t<meta property=\"og:image:height\" content=\"1600\" \/>\n\t<meta property=\"og:image:type\" content=\"image\/jpeg\" \/>\n<meta name=\"twitter:card\" content=\"summary_large_image\" \/>\n<meta name=\"twitter:label1\" content=\"Gesch\u00e4tzte Lesezeit\" \/>\n\t<meta name=\"twitter:data1\" content=\"1\u00a0Minute\" \/>\n<script type=\"application\/ld+json\" class=\"yoast-schema-graph\">{\"@context\":\"https:\/\/schema.org\",\"@graph\":[{\"@type\":\"WebPage\",\"@id\":\"https:\/\/www.oliocentrica.it\/de\/shop\/monovarietal-aus-kaninischen-oliven\/\",\"url\":\"https:\/\/www.oliocentrica.it\/de\/shop\/monovarietal-aus-kaninischen-oliven\/\",\"name\":\"Monovarietal aus kaninischen Oliven - Oliocentrica\",\"isPartOf\":{\"@id\":\"https:\/\/www.oliocentrica.it\/de\/#website\"},\"primaryImageOfPage\":{\"@id\":\"https:\/\/www.oliocentrica.it\/de\/shop\/monovarietal-aus-kaninischen-oliven\/#primaryimage\"},\"image\":{\"@id\":\"https:\/\/www.oliocentrica.it\/de\/shop\/monovarietal-aus-kaninischen-oliven\/#primaryimage\"},\"thumbnailUrl\":\"https:\/\/www.oliocentrica.it\/wp-content\/uploads\/2023\/11\/CANINESE.jpg\",\"datePublished\":\"2023-11-08T17:09:40+00:00\",\"dateModified\":\"2024-06-12T15:32:22+00:00\",\"breadcrumb\":{\"@id\":\"https:\/\/www.oliocentrica.it\/de\/shop\/monovarietal-aus-kaninischen-oliven\/#breadcrumb\"},\"inLanguage\":\"de\",\"potentialAction\":[{\"@type\":\"ReadAction\",\"target\":[\"https:\/\/www.oliocentrica.it\/de\/shop\/monovarietal-aus-kaninischen-oliven\/\"]}]},{\"@type\":\"ImageObject\",\"inLanguage\":\"de\",\"@id\":\"https:\/\/www.oliocentrica.it\/de\/shop\/monovarietal-aus-kaninischen-oliven\/#primaryimage\",\"url\":\"https:\/\/www.oliocentrica.it\/wp-content\/uploads\/2023\/11\/CANINESE.jpg\",\"contentUrl\":\"https:\/\/www.oliocentrica.it\/wp-content\/uploads\/2023\/11\/CANINESE.jpg\",\"width\":1200,\"height\":1600},{\"@type\":\"BreadcrumbList\",\"@id\":\"https:\/\/www.oliocentrica.it\/de\/shop\/monovarietal-aus-kaninischen-oliven\/#breadcrumb\",\"itemListElement\":[{\"@type\":\"ListItem\",\"position\":1,\"name\":\"Home\",\"item\":\"https:\/\/www.oliocentrica.it\/de\/\"},{\"@type\":\"ListItem\",\"position\":2,\"name\":\"Shop\",\"item\":\"https:\/\/www.oliocentrica.it\/de\/shop\/\"},{\"@type\":\"ListItem\",\"position\":3,\"name\":\"Monovarietal aus kaninischen Oliven\"}]},{\"@type\":\"WebSite\",\"@id\":\"https:\/\/www.oliocentrica.it\/de\/#website\",\"url\":\"https:\/\/www.oliocentrica.it\/de\/\",\"name\":\"Oliocentrica\",\"description\":\"il filo d\u2019olio tra cibo e salute\",\"publisher\":{\"@id\":\"https:\/\/www.oliocentrica.it\/de\/#organization\"},\"potentialAction\":[{\"@type\":\"SearchAction\",\"target\":{\"@type\":\"EntryPoint\",\"urlTemplate\":\"https:\/\/www.oliocentrica.it\/de\/?s={search_term_string}\"},\"query-input\":{\"@type\":\"PropertyValueSpecification\",\"valueRequired\":true,\"valueName\":\"search_term_string\"}}],\"inLanguage\":\"de\"},{\"@type\":\"Organization\",\"@id\":\"https:\/\/www.oliocentrica.it\/de\/#organization\",\"name\":\"Oliocentrica Srls\",\"url\":\"https:\/\/www.oliocentrica.it\/de\/\",\"logo\":{\"@type\":\"ImageObject\",\"inLanguage\":\"de\",\"@id\":\"https:\/\/www.oliocentrica.it\/de\/#\/schema\/logo\/image\/\",\"url\":\"https:\/\/www.oliocentrica.it\/wp-content\/uploads\/2021\/05\/logo_oliocentrica-1.png\",\"contentUrl\":\"https:\/\/www.oliocentrica.it\/wp-content\/uploads\/2021\/05\/logo_oliocentrica-1.png\",\"width\":250,\"height\":81,\"caption\":\"Oliocentrica Srls\"},\"image\":{\"@id\":\"https:\/\/www.oliocentrica.it\/de\/#\/schema\/logo\/image\/\"},\"sameAs\":[\"https:\/\/www.facebook.com\/Oliocentrica\",\"https:\/\/www.instagram.com\/oliocentrica\"]}]}<\/script>\n<!-- \/ Yoast SEO plugin. -->","yoast_head_json":{"title":"Monovarietal aus kaninischen Oliven - Oliocentrica","robots":{"index":"index","follow":"follow","max-snippet":"max-snippet:-1","max-image-preview":"max-image-preview:large","max-video-preview":"max-video-preview:-1"},"canonical":"https:\/\/www.oliocentrica.it\/de\/shop\/monovarietal-aus-kaninischen-oliven\/","og_locale":"de_DE","og_type":"article","og_title":"Monovarietal aus kaninischen Oliven - Oliocentrica","og_description":"Mittel fruchtig  Das Projekt Azienda Agricola Bianchini Rosa entstand aus der Wiederbelebung von Rosas Familienbetrieb, der in den 1930er Jahren in Kalabrien von seinem Urgro\u00dfvater Michelangelo gegr\u00fcndet wurde. Gro\u00dfvater Saverio - der Sohn von Michelangelo - verliebte sich in die Tuscia Viterbese und kaufte zusammen mit seinem Sohn Michele mehrere Olivenhaine zwischen dem Bolsena-See und Rom. Und genau hier beginnen Rosa und Giorgio ihr innovatives Projekt. Der Caninese ist eine alte Olivenbaumsorte, die in der Tuscia Viterbese seit der Zeit der Etrusker angebaut wird. Sie ist sehr rustikal und anpassungsf\u00e4hig und der Stolz dieser Gegend. Das aus ihr gewonnene \u00d6l ist intensiv gr\u00fcn, mit einem fruchtigen Aroma, in dem Bitterkeit und Sch\u00e4rfe ausgewogen sind und sich angenehm mit krautigen Noten verbinden. Olivenanbaujahr: 2023\/2024","og_url":"https:\/\/www.oliocentrica.it\/de\/shop\/monovarietal-aus-kaninischen-oliven\/","og_site_name":"Oliocentrica","article_publisher":"https:\/\/www.facebook.com\/Oliocentrica","article_modified_time":"2024-06-12T15:32:22+00:00","og_image":[{"width":1200,"height":1600,"url":"https:\/\/www.oliocentrica.it\/wp-content\/uploads\/2023\/11\/CANINESE.jpg","type":"image\/jpeg"}],"twitter_card":"summary_large_image","twitter_misc":{"Gesch\u00e4tzte Lesezeit":"1\u00a0Minute"},"schema":{"@context":"https:\/\/schema.org","@graph":[{"@type":"WebPage","@id":"https:\/\/www.oliocentrica.it\/de\/shop\/monovarietal-aus-kaninischen-oliven\/","url":"https:\/\/www.oliocentrica.it\/de\/shop\/monovarietal-aus-kaninischen-oliven\/","name":"Monovarietal aus kaninischen Oliven - Oliocentrica","isPartOf":{"@id":"https:\/\/www.oliocentrica.it\/de\/#website"},"primaryImageOfPage":{"@id":"https:\/\/www.oliocentrica.it\/de\/shop\/monovarietal-aus-kaninischen-oliven\/#primaryimage"},"image":{"@id":"https:\/\/www.oliocentrica.it\/de\/shop\/monovarietal-aus-kaninischen-oliven\/#primaryimage"},"thumbnailUrl":"https:\/\/www.oliocentrica.it\/wp-content\/uploads\/2023\/11\/CANINESE.jpg","datePublished":"2023-11-08T17:09:40+00:00","dateModified":"2024-06-12T15:32:22+00:00","breadcrumb":{"@id":"https:\/\/www.oliocentrica.it\/de\/shop\/monovarietal-aus-kaninischen-oliven\/#breadcrumb"},"inLanguage":"de","potentialAction":[{"@type":"ReadAction","target":["https:\/\/www.oliocentrica.it\/de\/shop\/monovarietal-aus-kaninischen-oliven\/"]}]},{"@type":"ImageObject","inLanguage":"de","@id":"https:\/\/www.oliocentrica.it\/de\/shop\/monovarietal-aus-kaninischen-oliven\/#primaryimage","url":"https:\/\/www.oliocentrica.it\/wp-content\/uploads\/2023\/11\/CANINESE.jpg","contentUrl":"https:\/\/www.oliocentrica.it\/wp-content\/uploads\/2023\/11\/CANINESE.jpg","width":1200,"height":1600},{"@type":"BreadcrumbList","@id":"https:\/\/www.oliocentrica.it\/de\/shop\/monovarietal-aus-kaninischen-oliven\/#breadcrumb","itemListElement":[{"@type":"ListItem","position":1,"name":"Home","item":"https:\/\/www.oliocentrica.it\/de\/"},{"@type":"ListItem","position":2,"name":"Shop","item":"https:\/\/www.oliocentrica.it\/de\/shop\/"},{"@type":"ListItem","position":3,"name":"Monovarietal aus kaninischen Oliven"}]},{"@type":"WebSite","@id":"https:\/\/www.oliocentrica.it\/de\/#website","url":"https:\/\/www.oliocentrica.it\/de\/","name":"Oliocentrica","description":"il filo d\u2019olio tra cibo e salute","publisher":{"@id":"https:\/\/www.oliocentrica.it\/de\/#organization"},"potentialAction":[{"@type":"SearchAction","target":{"@type":"EntryPoint","urlTemplate":"https:\/\/www.oliocentrica.it\/de\/?s={search_term_string}"},"query-input":{"@type":"PropertyValueSpecification","valueRequired":true,"valueName":"search_term_string"}}],"inLanguage":"de"},{"@type":"Organization","@id":"https:\/\/www.oliocentrica.it\/de\/#organization","name":"Oliocentrica Srls","url":"https:\/\/www.oliocentrica.it\/de\/","logo":{"@type":"ImageObject","inLanguage":"de","@id":"https:\/\/www.oliocentrica.it\/de\/#\/schema\/logo\/image\/","url":"https:\/\/www.oliocentrica.it\/wp-content\/uploads\/2021\/05\/logo_oliocentrica-1.png","contentUrl":"https:\/\/www.oliocentrica.it\/wp-content\/uploads\/2021\/05\/logo_oliocentrica-1.png","width":250,"height":81,"caption":"Oliocentrica Srls"},"image":{"@id":"https:\/\/www.oliocentrica.it\/de\/#\/schema\/logo\/image\/"},"sameAs":["https:\/\/www.facebook.com\/Oliocentrica","https:\/\/www.instagram.com\/oliocentrica"]}]}},"brands":[{"id":484,"name":"Azienda Agricola Bianchini Rosa","slug":"azienda-agricola-bianchini-rosa-de"}],"_links":{"self":[{"href":"https:\/\/www.oliocentrica.it\/de\/wp-json\/wp\/v2\/product\/17174"}],"collection":[{"href":"https:\/\/www.oliocentrica.it\/de\/wp-json\/wp\/v2\/product"}],"about":[{"href":"https:\/\/www.oliocentrica.it\/de\/wp-json\/wp\/v2\/types\/product"}],"replies":[{"embeddable":true,"href":"https:\/\/www.oliocentrica.it\/de\/wp-json\/wp\/v2\/comments?post=17174"}],"wp:featuredmedia":[{"embeddable":true,"href":"https:\/\/www.oliocentrica.it\/de\/wp-json\/wp\/v2\/media\/17179"}],"wp:attachment":[{"href":"https:\/\/www.oliocentrica.it\/de\/wp-json\/wp\/v2\/media?parent=17174"}],"wp:term":[{"taxonomy":"pwb-brand","embeddable":true,"href":"https:\/\/www.oliocentrica.it\/de\/wp-json\/wp\/v2\/pwb-brand?post=17174"},{"taxonomy":"product_cat","embeddable":true,"href":"https:\/\/www.oliocentrica.it\/de\/wp-json\/wp\/v2\/product_cat?post=17174"},{"taxonomy":"product_tag","embeddable":true,"href":"https:\/\/www.oliocentrica.it\/de\/wp-json\/wp\/v2\/product_tag?post=17174"}],"curies":[{"name":"wp","href":"https:\/\/api.w.org\/{rel}","templated":true}]}}