{"id":16964,"date":"2023-11-03T17:37:23","date_gmt":"2023-11-03T16:37:23","guid":{"rendered":"https:\/\/www.oliocentrica.it\/?post_type=product&#038;p=16964"},"modified":"2023-11-08T10:48:27","modified_gmt":"2023-11-08T09:48:27","slug":"bio-kastanienhonig","status":"publish","type":"product","link":"https:\/\/www.oliocentrica.it\/de\/shop\/bio-kastanienhonig\/","title":{"rendered":"Bio-Kastanienhonig"},"content":{"rendered":"<p><strong>Zutaten<\/strong>: Syriac Montanta-Honig.<\/p>\n<p>Glasgef\u00e4\u00df 500 g<\/p>\n<p><strong>Empfohlene Verwendung:<\/strong> Als S\u00fc\u00dfungsmittel in hei\u00dfen und kalten Getr\u00e4nken; als t\u00e4glicher Speisebegleiter zu Brot, Zwieback, Trockengeb\u00e4ck, Joghurt, M\u00fcsli und K\u00e4se.<\/p>\n<p><strong>Eigenschaften:<\/strong> Dunkle Farbe, stechender Geruch, starker und leicht bitterer Geschmack, dicht am Gaumen. St\u00e4rkere antioxidative Eigenschaften als andere leichte Honigsorten.<\/p>\n<p><strong>Lagerung<\/strong>: K\u00fchl und trocken lagern, fern von Licht- und W\u00e4rmequellen<\/p>\n","protected":false},"excerpt":{"rendered":"<p>Der Bildungsbauernhof La Ghirlanda widmet sich leidenschaftlich der Verbreitung der Bienenzucht im unber\u00fchrten Carrito-Tal (Nordstation des Abruzzen-Nationalparks) und bewirtschaftet die Bienenst\u00f6cke ausschlie\u00dflich mit biologischen Techniken. Dadurch wird der Honig absolut rein und f\u00fcr den Verbraucher garantiert. Bohnenkraut ist eine aromatische Heilpflanze (wie Thymian) mit dem wissenschaftlichen Namen Satureya Montana L., der daraus resultierende Honig hat keine konstante Ernte, er h\u00e4ngt stark von den Regenf\u00e4llen Ende Juli ab. Mit heller Farbe und intensivem Geschmack \u00fcberrascht er im leicht bitteren Abgang mit leichten Noten von karibischem Kaffee.<\/p>\n","protected":false},"featured_media":17079,"comment_status":"open","ping_status":"closed","template":"","meta":[],"pwb-brand":[301],"product_cat":[249],"product_tag":[],"acf":[],"yoast_head":"<!-- This site is optimized with the Yoast SEO plugin v24.5 - https:\/\/yoast.com\/wordpress\/plugins\/seo\/ -->\n<title>Bio-Kastanienhonig - Oliocentrica<\/title>\n<meta name=\"robots\" content=\"index, follow, max-snippet:-1, max-image-preview:large, max-video-preview:-1\" \/>\n<link rel=\"canonical\" href=\"https:\/\/www.oliocentrica.it\/de\/shop\/bio-kastanienhonig\/\" \/>\n<meta property=\"og:locale\" content=\"de_DE\" \/>\n<meta property=\"og:type\" content=\"article\" \/>\n<meta property=\"og:title\" content=\"Bio-Kastanienhonig - Oliocentrica\" \/>\n<meta property=\"og:description\" content=\"Der Bildungsbauernhof La Ghirlanda widmet sich leidenschaftlich der Verbreitung der Bienenzucht im unber\u00fchrten Carrito-Tal (Nordstation des Abruzzen-Nationalparks) und bewirtschaftet die Bienenst\u00f6cke ausschlie\u00dflich mit biologischen Techniken. Dadurch wird der Honig absolut rein und f\u00fcr den Verbraucher garantiert. Bohnenkraut ist eine aromatische Heilpflanze (wie Thymian) mit dem wissenschaftlichen Namen Satureya Montana L., der daraus resultierende Honig hat keine konstante Ernte, er h\u00e4ngt stark von den Regenf\u00e4llen Ende Juli ab. Mit heller Farbe und intensivem Geschmack \u00fcberrascht er im leicht bitteren Abgang mit leichten Noten von karibischem Kaffee.\" \/>\n<meta property=\"og:url\" content=\"https:\/\/www.oliocentrica.it\/de\/shop\/bio-kastanienhonig\/\" \/>\n<meta property=\"og:site_name\" content=\"Oliocentrica\" \/>\n<meta property=\"article:publisher\" content=\"https:\/\/www.facebook.com\/Oliocentrica\" \/>\n<meta property=\"article:modified_time\" content=\"2023-11-08T09:48:27+00:00\" \/>\n<meta property=\"og:image\" content=\"https:\/\/www.oliocentrica.it\/wp-content\/uploads\/2023\/11\/Castagno.jpg\" \/>\n\t<meta property=\"og:image:width\" content=\"1200\" \/>\n\t<meta property=\"og:image:height\" content=\"1600\" \/>\n\t<meta property=\"og:image:type\" content=\"image\/jpeg\" \/>\n<meta name=\"twitter:card\" content=\"summary_large_image\" \/>\n<script type=\"application\/ld+json\" class=\"yoast-schema-graph\">{\"@context\":\"https:\/\/schema.org\",\"@graph\":[{\"@type\":\"WebPage\",\"@id\":\"https:\/\/www.oliocentrica.it\/de\/shop\/bio-kastanienhonig\/\",\"url\":\"https:\/\/www.oliocentrica.it\/de\/shop\/bio-kastanienhonig\/\",\"name\":\"Bio-Kastanienhonig - Oliocentrica\",\"isPartOf\":{\"@id\":\"https:\/\/www.oliocentrica.it\/de\/#website\"},\"primaryImageOfPage\":{\"@id\":\"https:\/\/www.oliocentrica.it\/de\/shop\/bio-kastanienhonig\/#primaryimage\"},\"image\":{\"@id\":\"https:\/\/www.oliocentrica.it\/de\/shop\/bio-kastanienhonig\/#primaryimage\"},\"thumbnailUrl\":\"https:\/\/www.oliocentrica.it\/wp-content\/uploads\/2023\/11\/Castagno.jpg\",\"datePublished\":\"2023-11-03T16:37:23+00:00\",\"dateModified\":\"2023-11-08T09:48:27+00:00\",\"breadcrumb\":{\"@id\":\"https:\/\/www.oliocentrica.it\/de\/shop\/bio-kastanienhonig\/#breadcrumb\"},\"inLanguage\":\"de\",\"potentialAction\":[{\"@type\":\"ReadAction\",\"target\":[\"https:\/\/www.oliocentrica.it\/de\/shop\/bio-kastanienhonig\/\"]}]},{\"@type\":\"ImageObject\",\"inLanguage\":\"de\",\"@id\":\"https:\/\/www.oliocentrica.it\/de\/shop\/bio-kastanienhonig\/#primaryimage\",\"url\":\"https:\/\/www.oliocentrica.it\/wp-content\/uploads\/2023\/11\/Castagno.jpg\",\"contentUrl\":\"https:\/\/www.oliocentrica.it\/wp-content\/uploads\/2023\/11\/Castagno.jpg\",\"width\":1200,\"height\":1600},{\"@type\":\"BreadcrumbList\",\"@id\":\"https:\/\/www.oliocentrica.it\/de\/shop\/bio-kastanienhonig\/#breadcrumb\",\"itemListElement\":[{\"@type\":\"ListItem\",\"position\":1,\"name\":\"Home\",\"item\":\"https:\/\/www.oliocentrica.it\/de\/\"},{\"@type\":\"ListItem\",\"position\":2,\"name\":\"Shop\",\"item\":\"https:\/\/www.oliocentrica.it\/de\/shop\/\"},{\"@type\":\"ListItem\",\"position\":3,\"name\":\"Bio-Kastanienhonig\"}]},{\"@type\":\"WebSite\",\"@id\":\"https:\/\/www.oliocentrica.it\/de\/#website\",\"url\":\"https:\/\/www.oliocentrica.it\/de\/\",\"name\":\"Oliocentrica\",\"description\":\"il filo d\u2019olio tra cibo e salute\",\"publisher\":{\"@id\":\"https:\/\/www.oliocentrica.it\/de\/#organization\"},\"potentialAction\":[{\"@type\":\"SearchAction\",\"target\":{\"@type\":\"EntryPoint\",\"urlTemplate\":\"https:\/\/www.oliocentrica.it\/de\/?s={search_term_string}\"},\"query-input\":{\"@type\":\"PropertyValueSpecification\",\"valueRequired\":true,\"valueName\":\"search_term_string\"}}],\"inLanguage\":\"de\"},{\"@type\":\"Organization\",\"@id\":\"https:\/\/www.oliocentrica.it\/de\/#organization\",\"name\":\"Oliocentrica Srls\",\"url\":\"https:\/\/www.oliocentrica.it\/de\/\",\"logo\":{\"@type\":\"ImageObject\",\"inLanguage\":\"de\",\"@id\":\"https:\/\/www.oliocentrica.it\/de\/#\/schema\/logo\/image\/\",\"url\":\"https:\/\/www.oliocentrica.it\/wp-content\/uploads\/2021\/05\/logo_oliocentrica-1.png\",\"contentUrl\":\"https:\/\/www.oliocentrica.it\/wp-content\/uploads\/2021\/05\/logo_oliocentrica-1.png\",\"width\":250,\"height\":81,\"caption\":\"Oliocentrica Srls\"},\"image\":{\"@id\":\"https:\/\/www.oliocentrica.it\/de\/#\/schema\/logo\/image\/\"},\"sameAs\":[\"https:\/\/www.facebook.com\/Oliocentrica\",\"https:\/\/www.instagram.com\/oliocentrica\"]}]}<\/script>\n<!-- \/ Yoast SEO plugin. -->","yoast_head_json":{"title":"Bio-Kastanienhonig - Oliocentrica","robots":{"index":"index","follow":"follow","max-snippet":"max-snippet:-1","max-image-preview":"max-image-preview:large","max-video-preview":"max-video-preview:-1"},"canonical":"https:\/\/www.oliocentrica.it\/de\/shop\/bio-kastanienhonig\/","og_locale":"de_DE","og_type":"article","og_title":"Bio-Kastanienhonig - Oliocentrica","og_description":"Der Bildungsbauernhof La Ghirlanda widmet sich leidenschaftlich der Verbreitung der Bienenzucht im unber\u00fchrten Carrito-Tal (Nordstation des Abruzzen-Nationalparks) und bewirtschaftet die Bienenst\u00f6cke ausschlie\u00dflich mit biologischen Techniken. Dadurch wird der Honig absolut rein und f\u00fcr den Verbraucher garantiert. Bohnenkraut ist eine aromatische Heilpflanze (wie Thymian) mit dem wissenschaftlichen Namen Satureya Montana L., der daraus resultierende Honig hat keine konstante Ernte, er h\u00e4ngt stark von den Regenf\u00e4llen Ende Juli ab. Mit heller Farbe und intensivem Geschmack \u00fcberrascht er im leicht bitteren Abgang mit leichten Noten von karibischem Kaffee.","og_url":"https:\/\/www.oliocentrica.it\/de\/shop\/bio-kastanienhonig\/","og_site_name":"Oliocentrica","article_publisher":"https:\/\/www.facebook.com\/Oliocentrica","article_modified_time":"2023-11-08T09:48:27+00:00","og_image":[{"width":1200,"height":1600,"url":"https:\/\/www.oliocentrica.it\/wp-content\/uploads\/2023\/11\/Castagno.jpg","type":"image\/jpeg"}],"twitter_card":"summary_large_image","schema":{"@context":"https:\/\/schema.org","@graph":[{"@type":"WebPage","@id":"https:\/\/www.oliocentrica.it\/de\/shop\/bio-kastanienhonig\/","url":"https:\/\/www.oliocentrica.it\/de\/shop\/bio-kastanienhonig\/","name":"Bio-Kastanienhonig - Oliocentrica","isPartOf":{"@id":"https:\/\/www.oliocentrica.it\/de\/#website"},"primaryImageOfPage":{"@id":"https:\/\/www.oliocentrica.it\/de\/shop\/bio-kastanienhonig\/#primaryimage"},"image":{"@id":"https:\/\/www.oliocentrica.it\/de\/shop\/bio-kastanienhonig\/#primaryimage"},"thumbnailUrl":"https:\/\/www.oliocentrica.it\/wp-content\/uploads\/2023\/11\/Castagno.jpg","datePublished":"2023-11-03T16:37:23+00:00","dateModified":"2023-11-08T09:48:27+00:00","breadcrumb":{"@id":"https:\/\/www.oliocentrica.it\/de\/shop\/bio-kastanienhonig\/#breadcrumb"},"inLanguage":"de","potentialAction":[{"@type":"ReadAction","target":["https:\/\/www.oliocentrica.it\/de\/shop\/bio-kastanienhonig\/"]}]},{"@type":"ImageObject","inLanguage":"de","@id":"https:\/\/www.oliocentrica.it\/de\/shop\/bio-kastanienhonig\/#primaryimage","url":"https:\/\/www.oliocentrica.it\/wp-content\/uploads\/2023\/11\/Castagno.jpg","contentUrl":"https:\/\/www.oliocentrica.it\/wp-content\/uploads\/2023\/11\/Castagno.jpg","width":1200,"height":1600},{"@type":"BreadcrumbList","@id":"https:\/\/www.oliocentrica.it\/de\/shop\/bio-kastanienhonig\/#breadcrumb","itemListElement":[{"@type":"ListItem","position":1,"name":"Home","item":"https:\/\/www.oliocentrica.it\/de\/"},{"@type":"ListItem","position":2,"name":"Shop","item":"https:\/\/www.oliocentrica.it\/de\/shop\/"},{"@type":"ListItem","position":3,"name":"Bio-Kastanienhonig"}]},{"@type":"WebSite","@id":"https:\/\/www.oliocentrica.it\/de\/#website","url":"https:\/\/www.oliocentrica.it\/de\/","name":"Oliocentrica","description":"il filo d\u2019olio tra cibo e salute","publisher":{"@id":"https:\/\/www.oliocentrica.it\/de\/#organization"},"potentialAction":[{"@type":"SearchAction","target":{"@type":"EntryPoint","urlTemplate":"https:\/\/www.oliocentrica.it\/de\/?s={search_term_string}"},"query-input":{"@type":"PropertyValueSpecification","valueRequired":true,"valueName":"search_term_string"}}],"inLanguage":"de"},{"@type":"Organization","@id":"https:\/\/www.oliocentrica.it\/de\/#organization","name":"Oliocentrica Srls","url":"https:\/\/www.oliocentrica.it\/de\/","logo":{"@type":"ImageObject","inLanguage":"de","@id":"https:\/\/www.oliocentrica.it\/de\/#\/schema\/logo\/image\/","url":"https:\/\/www.oliocentrica.it\/wp-content\/uploads\/2021\/05\/logo_oliocentrica-1.png","contentUrl":"https:\/\/www.oliocentrica.it\/wp-content\/uploads\/2021\/05\/logo_oliocentrica-1.png","width":250,"height":81,"caption":"Oliocentrica Srls"},"image":{"@id":"https:\/\/www.oliocentrica.it\/de\/#\/schema\/logo\/image\/"},"sameAs":["https:\/\/www.facebook.com\/Oliocentrica","https:\/\/www.instagram.com\/oliocentrica"]}]}},"brands":[{"id":301,"name":"La Ghirlanda","slug":"la-ghirlanda"}],"_links":{"self":[{"href":"https:\/\/www.oliocentrica.it\/de\/wp-json\/wp\/v2\/product\/16964"}],"collection":[{"href":"https:\/\/www.oliocentrica.it\/de\/wp-json\/wp\/v2\/product"}],"about":[{"href":"https:\/\/www.oliocentrica.it\/de\/wp-json\/wp\/v2\/types\/product"}],"replies":[{"embeddable":true,"href":"https:\/\/www.oliocentrica.it\/de\/wp-json\/wp\/v2\/comments?post=16964"}],"wp:featuredmedia":[{"embeddable":true,"href":"https:\/\/www.oliocentrica.it\/de\/wp-json\/wp\/v2\/media\/17079"}],"wp:attachment":[{"href":"https:\/\/www.oliocentrica.it\/de\/wp-json\/wp\/v2\/media?parent=16964"}],"wp:term":[{"taxonomy":"pwb-brand","embeddable":true,"href":"https:\/\/www.oliocentrica.it\/de\/wp-json\/wp\/v2\/pwb-brand?post=16964"},{"taxonomy":"product_cat","embeddable":true,"href":"https:\/\/www.oliocentrica.it\/de\/wp-json\/wp\/v2\/product_cat?post=16964"},{"taxonomy":"product_tag","embeddable":true,"href":"https:\/\/www.oliocentrica.it\/de\/wp-json\/wp\/v2\/product_tag?post=16964"}],"curies":[{"name":"wp","href":"https:\/\/api.w.org\/{rel}","templated":true}]}}