{"id":16961,"date":"2023-11-03T17:23:48","date_gmt":"2023-11-03T16:23:48","guid":{"rendered":"https:\/\/www.oliocentrica.it\/?post_type=product&#038;p=16961"},"modified":"2023-11-08T10:52:19","modified_gmt":"2023-11-08T09:52:19","slug":"bio-honig-millefiori-barenjunges","status":"publish","type":"product","link":"https:\/\/www.oliocentrica.it\/de\/shop\/bio-honig-millefiori-barenjunges\/","title":{"rendered":"Bio-Honig Millefiori-B\u00e4renjunges"},"content":{"rendered":"<p><strong>Zutaten<\/strong>: Syriac Montanta-Honig.<\/p>\n<p>Glasgef\u00e4\u00df 500 g<\/p>\n<p><strong>Gebrauchsanweisung<\/strong>: als S\u00fc\u00dfungsmittel in hei\u00dfen und kalten Getr\u00e4nken; als t\u00e4glich verzehrtes Lebensmittel in Kombination mit Brot, Zwieback, Trockenkeksen, Joghurt, M\u00fcsli<\/p>\n<p><strong>Eigenschaften:<\/strong> Etwas hellere Farbe als die vorherige (Fr\u00fchling); stechender Geruch, feiner Geschmack. Bei der Pollenanalyse sind mehrere Lippenbl\u00fctler vorhanden, darunter Sydertis und Thymian Serpyllum, der f\u00fcr den besonders stechenden Geruch verantwortlich ist. Durch die starke Pr\u00e4senz von Sydertis und Marrobium kann er lange fl\u00fcssig bleiben. Er besitzt verdauungsf\u00f6rdernde und kreislaufregulierende Eigenschaften und unterst\u00fctzt die geistige Arbeit.<\/p>\n<p><strong>Lagerung<\/strong>: K\u00fchl und trocken lagern, fern von Licht- und W\u00e4rmequellen<\/p>\n","protected":false},"excerpt":{"rendered":"<p>Der Bildungsbauernhof La Ghirlanda widmet sich leidenschaftlich der Verbreitung der Bienenzucht im unber\u00fchrten Carrito-Tal (Nordstation des Abruzzen-Nationalparks) und bewirtschaftet die Bienenst\u00f6cke ausschlie\u00dflich mit biologischen Techniken. Dadurch wird der Honig absolut rein und f\u00fcr den Verbraucher garantiert. Bohnenkraut ist eine aromatische Heilpflanze (wie Thymian) mit dem wissenschaftlichen Namen Satureya Montana L., der daraus resultierende Honig hat keine konstante Ernte, er h\u00e4ngt stark von den Regenf\u00e4llen Ende Juli ab. Mit heller Farbe und intensivem Geschmack \u00fcberrascht er im leicht bitteren Abgang mit leichten Noten von karibischem Kaffee.<\/p>\n","protected":false},"featured_media":17091,"comment_status":"open","ping_status":"closed","template":"","meta":[],"pwb-brand":[301],"product_cat":[249],"product_tag":[],"acf":[],"yoast_head":"<!-- This site is optimized with the Yoast SEO plugin v24.5 - https:\/\/yoast.com\/wordpress\/plugins\/seo\/ -->\n<title>Bio-Honig Millefiori-B\u00e4renjunges - Oliocentrica<\/title>\n<meta name=\"robots\" content=\"index, follow, max-snippet:-1, max-image-preview:large, max-video-preview:-1\" \/>\n<link rel=\"canonical\" href=\"https:\/\/www.oliocentrica.it\/de\/shop\/bio-honig-millefiori-barenjunges\/\" \/>\n<meta property=\"og:locale\" content=\"de_DE\" \/>\n<meta property=\"og:type\" content=\"article\" \/>\n<meta property=\"og:title\" content=\"Bio-Honig Millefiori-B\u00e4renjunges - Oliocentrica\" \/>\n<meta property=\"og:description\" content=\"Der Bildungsbauernhof La Ghirlanda widmet sich leidenschaftlich der Verbreitung der Bienenzucht im unber\u00fchrten Carrito-Tal (Nordstation des Abruzzen-Nationalparks) und bewirtschaftet die Bienenst\u00f6cke ausschlie\u00dflich mit biologischen Techniken. Dadurch wird der Honig absolut rein und f\u00fcr den Verbraucher garantiert. Bohnenkraut ist eine aromatische Heilpflanze (wie Thymian) mit dem wissenschaftlichen Namen Satureya Montana L., der daraus resultierende Honig hat keine konstante Ernte, er h\u00e4ngt stark von den Regenf\u00e4llen Ende Juli ab. Mit heller Farbe und intensivem Geschmack \u00fcberrascht er im leicht bitteren Abgang mit leichten Noten von karibischem Kaffee.\" \/>\n<meta property=\"og:url\" content=\"https:\/\/www.oliocentrica.it\/de\/shop\/bio-honig-millefiori-barenjunges\/\" \/>\n<meta property=\"og:site_name\" content=\"Oliocentrica\" \/>\n<meta property=\"article:publisher\" content=\"https:\/\/www.facebook.com\/Oliocentrica\" \/>\n<meta property=\"article:modified_time\" content=\"2023-11-08T09:52:19+00:00\" \/>\n<meta property=\"og:image\" content=\"https:\/\/www.oliocentrica.it\/wp-content\/uploads\/2023\/11\/orsetto.jpg\" \/>\n\t<meta property=\"og:image:width\" content=\"1098\" \/>\n\t<meta property=\"og:image:height\" content=\"1464\" \/>\n\t<meta property=\"og:image:type\" content=\"image\/jpeg\" \/>\n<meta name=\"twitter:card\" content=\"summary_large_image\" \/>\n<meta name=\"twitter:label1\" content=\"Gesch\u00e4tzte Lesezeit\" \/>\n\t<meta name=\"twitter:data1\" content=\"1\u00a0Minute\" \/>\n<script type=\"application\/ld+json\" class=\"yoast-schema-graph\">{\"@context\":\"https:\/\/schema.org\",\"@graph\":[{\"@type\":\"WebPage\",\"@id\":\"https:\/\/www.oliocentrica.it\/de\/shop\/bio-honig-millefiori-barenjunges\/\",\"url\":\"https:\/\/www.oliocentrica.it\/de\/shop\/bio-honig-millefiori-barenjunges\/\",\"name\":\"Bio-Honig Millefiori-B\u00e4renjunges - Oliocentrica\",\"isPartOf\":{\"@id\":\"https:\/\/www.oliocentrica.it\/de\/#website\"},\"primaryImageOfPage\":{\"@id\":\"https:\/\/www.oliocentrica.it\/de\/shop\/bio-honig-millefiori-barenjunges\/#primaryimage\"},\"image\":{\"@id\":\"https:\/\/www.oliocentrica.it\/de\/shop\/bio-honig-millefiori-barenjunges\/#primaryimage\"},\"thumbnailUrl\":\"https:\/\/www.oliocentrica.it\/wp-content\/uploads\/2023\/11\/orsetto.jpg\",\"datePublished\":\"2023-11-03T16:23:48+00:00\",\"dateModified\":\"2023-11-08T09:52:19+00:00\",\"breadcrumb\":{\"@id\":\"https:\/\/www.oliocentrica.it\/de\/shop\/bio-honig-millefiori-barenjunges\/#breadcrumb\"},\"inLanguage\":\"de\",\"potentialAction\":[{\"@type\":\"ReadAction\",\"target\":[\"https:\/\/www.oliocentrica.it\/de\/shop\/bio-honig-millefiori-barenjunges\/\"]}]},{\"@type\":\"ImageObject\",\"inLanguage\":\"de\",\"@id\":\"https:\/\/www.oliocentrica.it\/de\/shop\/bio-honig-millefiori-barenjunges\/#primaryimage\",\"url\":\"https:\/\/www.oliocentrica.it\/wp-content\/uploads\/2023\/11\/orsetto.jpg\",\"contentUrl\":\"https:\/\/www.oliocentrica.it\/wp-content\/uploads\/2023\/11\/orsetto.jpg\",\"width\":1098,\"height\":1464},{\"@type\":\"BreadcrumbList\",\"@id\":\"https:\/\/www.oliocentrica.it\/de\/shop\/bio-honig-millefiori-barenjunges\/#breadcrumb\",\"itemListElement\":[{\"@type\":\"ListItem\",\"position\":1,\"name\":\"Home\",\"item\":\"https:\/\/www.oliocentrica.it\/de\/\"},{\"@type\":\"ListItem\",\"position\":2,\"name\":\"Shop\",\"item\":\"https:\/\/www.oliocentrica.it\/de\/shop\/\"},{\"@type\":\"ListItem\",\"position\":3,\"name\":\"Bio-Honig Millefiori-B\u00e4renjunges\"}]},{\"@type\":\"WebSite\",\"@id\":\"https:\/\/www.oliocentrica.it\/de\/#website\",\"url\":\"https:\/\/www.oliocentrica.it\/de\/\",\"name\":\"Oliocentrica\",\"description\":\"il filo d\u2019olio tra cibo e salute\",\"publisher\":{\"@id\":\"https:\/\/www.oliocentrica.it\/de\/#organization\"},\"potentialAction\":[{\"@type\":\"SearchAction\",\"target\":{\"@type\":\"EntryPoint\",\"urlTemplate\":\"https:\/\/www.oliocentrica.it\/de\/?s={search_term_string}\"},\"query-input\":{\"@type\":\"PropertyValueSpecification\",\"valueRequired\":true,\"valueName\":\"search_term_string\"}}],\"inLanguage\":\"de\"},{\"@type\":\"Organization\",\"@id\":\"https:\/\/www.oliocentrica.it\/de\/#organization\",\"name\":\"Oliocentrica Srls\",\"url\":\"https:\/\/www.oliocentrica.it\/de\/\",\"logo\":{\"@type\":\"ImageObject\",\"inLanguage\":\"de\",\"@id\":\"https:\/\/www.oliocentrica.it\/de\/#\/schema\/logo\/image\/\",\"url\":\"https:\/\/www.oliocentrica.it\/wp-content\/uploads\/2021\/05\/logo_oliocentrica-1.png\",\"contentUrl\":\"https:\/\/www.oliocentrica.it\/wp-content\/uploads\/2021\/05\/logo_oliocentrica-1.png\",\"width\":250,\"height\":81,\"caption\":\"Oliocentrica Srls\"},\"image\":{\"@id\":\"https:\/\/www.oliocentrica.it\/de\/#\/schema\/logo\/image\/\"},\"sameAs\":[\"https:\/\/www.facebook.com\/Oliocentrica\",\"https:\/\/www.instagram.com\/oliocentrica\"]}]}<\/script>\n<!-- \/ Yoast SEO plugin. -->","yoast_head_json":{"title":"Bio-Honig Millefiori-B\u00e4renjunges - Oliocentrica","robots":{"index":"index","follow":"follow","max-snippet":"max-snippet:-1","max-image-preview":"max-image-preview:large","max-video-preview":"max-video-preview:-1"},"canonical":"https:\/\/www.oliocentrica.it\/de\/shop\/bio-honig-millefiori-barenjunges\/","og_locale":"de_DE","og_type":"article","og_title":"Bio-Honig Millefiori-B\u00e4renjunges - Oliocentrica","og_description":"Der Bildungsbauernhof La Ghirlanda widmet sich leidenschaftlich der Verbreitung der Bienenzucht im unber\u00fchrten Carrito-Tal (Nordstation des Abruzzen-Nationalparks) und bewirtschaftet die Bienenst\u00f6cke ausschlie\u00dflich mit biologischen Techniken. Dadurch wird der Honig absolut rein und f\u00fcr den Verbraucher garantiert. Bohnenkraut ist eine aromatische Heilpflanze (wie Thymian) mit dem wissenschaftlichen Namen Satureya Montana L., der daraus resultierende Honig hat keine konstante Ernte, er h\u00e4ngt stark von den Regenf\u00e4llen Ende Juli ab. Mit heller Farbe und intensivem Geschmack \u00fcberrascht er im leicht bitteren Abgang mit leichten Noten von karibischem Kaffee.","og_url":"https:\/\/www.oliocentrica.it\/de\/shop\/bio-honig-millefiori-barenjunges\/","og_site_name":"Oliocentrica","article_publisher":"https:\/\/www.facebook.com\/Oliocentrica","article_modified_time":"2023-11-08T09:52:19+00:00","og_image":[{"width":1098,"height":1464,"url":"https:\/\/www.oliocentrica.it\/wp-content\/uploads\/2023\/11\/orsetto.jpg","type":"image\/jpeg"}],"twitter_card":"summary_large_image","twitter_misc":{"Gesch\u00e4tzte Lesezeit":"1\u00a0Minute"},"schema":{"@context":"https:\/\/schema.org","@graph":[{"@type":"WebPage","@id":"https:\/\/www.oliocentrica.it\/de\/shop\/bio-honig-millefiori-barenjunges\/","url":"https:\/\/www.oliocentrica.it\/de\/shop\/bio-honig-millefiori-barenjunges\/","name":"Bio-Honig Millefiori-B\u00e4renjunges - Oliocentrica","isPartOf":{"@id":"https:\/\/www.oliocentrica.it\/de\/#website"},"primaryImageOfPage":{"@id":"https:\/\/www.oliocentrica.it\/de\/shop\/bio-honig-millefiori-barenjunges\/#primaryimage"},"image":{"@id":"https:\/\/www.oliocentrica.it\/de\/shop\/bio-honig-millefiori-barenjunges\/#primaryimage"},"thumbnailUrl":"https:\/\/www.oliocentrica.it\/wp-content\/uploads\/2023\/11\/orsetto.jpg","datePublished":"2023-11-03T16:23:48+00:00","dateModified":"2023-11-08T09:52:19+00:00","breadcrumb":{"@id":"https:\/\/www.oliocentrica.it\/de\/shop\/bio-honig-millefiori-barenjunges\/#breadcrumb"},"inLanguage":"de","potentialAction":[{"@type":"ReadAction","target":["https:\/\/www.oliocentrica.it\/de\/shop\/bio-honig-millefiori-barenjunges\/"]}]},{"@type":"ImageObject","inLanguage":"de","@id":"https:\/\/www.oliocentrica.it\/de\/shop\/bio-honig-millefiori-barenjunges\/#primaryimage","url":"https:\/\/www.oliocentrica.it\/wp-content\/uploads\/2023\/11\/orsetto.jpg","contentUrl":"https:\/\/www.oliocentrica.it\/wp-content\/uploads\/2023\/11\/orsetto.jpg","width":1098,"height":1464},{"@type":"BreadcrumbList","@id":"https:\/\/www.oliocentrica.it\/de\/shop\/bio-honig-millefiori-barenjunges\/#breadcrumb","itemListElement":[{"@type":"ListItem","position":1,"name":"Home","item":"https:\/\/www.oliocentrica.it\/de\/"},{"@type":"ListItem","position":2,"name":"Shop","item":"https:\/\/www.oliocentrica.it\/de\/shop\/"},{"@type":"ListItem","position":3,"name":"Bio-Honig Millefiori-B\u00e4renjunges"}]},{"@type":"WebSite","@id":"https:\/\/www.oliocentrica.it\/de\/#website","url":"https:\/\/www.oliocentrica.it\/de\/","name":"Oliocentrica","description":"il filo d\u2019olio tra cibo e salute","publisher":{"@id":"https:\/\/www.oliocentrica.it\/de\/#organization"},"potentialAction":[{"@type":"SearchAction","target":{"@type":"EntryPoint","urlTemplate":"https:\/\/www.oliocentrica.it\/de\/?s={search_term_string}"},"query-input":{"@type":"PropertyValueSpecification","valueRequired":true,"valueName":"search_term_string"}}],"inLanguage":"de"},{"@type":"Organization","@id":"https:\/\/www.oliocentrica.it\/de\/#organization","name":"Oliocentrica Srls","url":"https:\/\/www.oliocentrica.it\/de\/","logo":{"@type":"ImageObject","inLanguage":"de","@id":"https:\/\/www.oliocentrica.it\/de\/#\/schema\/logo\/image\/","url":"https:\/\/www.oliocentrica.it\/wp-content\/uploads\/2021\/05\/logo_oliocentrica-1.png","contentUrl":"https:\/\/www.oliocentrica.it\/wp-content\/uploads\/2021\/05\/logo_oliocentrica-1.png","width":250,"height":81,"caption":"Oliocentrica Srls"},"image":{"@id":"https:\/\/www.oliocentrica.it\/de\/#\/schema\/logo\/image\/"},"sameAs":["https:\/\/www.facebook.com\/Oliocentrica","https:\/\/www.instagram.com\/oliocentrica"]}]}},"brands":[{"id":301,"name":"La Ghirlanda","slug":"la-ghirlanda"}],"_links":{"self":[{"href":"https:\/\/www.oliocentrica.it\/de\/wp-json\/wp\/v2\/product\/16961"}],"collection":[{"href":"https:\/\/www.oliocentrica.it\/de\/wp-json\/wp\/v2\/product"}],"about":[{"href":"https:\/\/www.oliocentrica.it\/de\/wp-json\/wp\/v2\/types\/product"}],"replies":[{"embeddable":true,"href":"https:\/\/www.oliocentrica.it\/de\/wp-json\/wp\/v2\/comments?post=16961"}],"wp:featuredmedia":[{"embeddable":true,"href":"https:\/\/www.oliocentrica.it\/de\/wp-json\/wp\/v2\/media\/17091"}],"wp:attachment":[{"href":"https:\/\/www.oliocentrica.it\/de\/wp-json\/wp\/v2\/media?parent=16961"}],"wp:term":[{"taxonomy":"pwb-brand","embeddable":true,"href":"https:\/\/www.oliocentrica.it\/de\/wp-json\/wp\/v2\/pwb-brand?post=16961"},{"taxonomy":"product_cat","embeddable":true,"href":"https:\/\/www.oliocentrica.it\/de\/wp-json\/wp\/v2\/product_cat?post=16961"},{"taxonomy":"product_tag","embeddable":true,"href":"https:\/\/www.oliocentrica.it\/de\/wp-json\/wp\/v2\/product_tag?post=16961"}],"curies":[{"name":"wp","href":"https:\/\/api.w.org\/{rel}","templated":true}]}}