{"id":16385,"date":"2022-11-22T12:37:20","date_gmt":"2022-11-22T11:37:20","guid":{"rendered":"https:\/\/www.oliocentrica.it\/?post_type=product&#038;p=16385"},"modified":"2023-10-21T17:39:59","modified_gmt":"2023-10-21T15:39:59","slug":"il-denso","status":"publish","type":"product","link":"https:\/\/www.oliocentrica.it\/de\/shop\/il-denso\/","title":{"rendered":"Il Denso"},"content":{"rendered":"<p>Dressing mit Balsamico-Essig von Modena Dichte 1,24<\/p>\n<p>Samtige, ausgepr\u00e4gte Barrique-Noten<\/p>\n<p>Ideal zum Dressing von Salaten und gekochtem Gem\u00fcse; auch geeignet f\u00fcr helles Fleisch und frischen oder halbreifen K\u00e4se<\/p>\n<p><strong>ZUTATEN<\/strong>: Balsamessig aus Modena IGP 99% (gekochter Traubenmost und Weinessig)<\/p>\n<p><strong>ERZEUGUNGSGEBIET<\/strong>: Modena (Emilia Romagna) gem\u00e4\u00df den Vorschriften und Kontrollen des Konsortiums zum Schutz des Balsamico-Essigs von Modena<\/p>\n<p><strong>VERPACKT<\/strong> in der Firma Le Ferre, gem\u00e4\u00df Genehmigung<\/p>\n<p><strong>LAGERUNG<\/strong> an einem trockenen und k\u00fchlen Ort (14\u00b0\/18\u00b0), entfernt von Licht- und W\u00e4rmequellen. Nach dem \u00d6ffnen empfiehlt es sich, die Verpackung nach jedem Gebrauch gut mit der Kappe zu verschlie\u00dfen<\/p>\n<p>Es gibt SULFITE<\/p>\n<p><strong>DURCHSCHNITTSWERTE f\u00fcr 100 ml Produkt<\/strong>: Energie 244 kcal \/ 1037 kJ; Fette 0 g \u2013 davon ges\u00e4ttigt 0 g; Kohlenhydrate 56 g &#8211; davon Zucker 56 g; Eiwei\u00df 0 g; Salz 0,06 g KAPAZIT\u00c4T 0,25L &#8211; \u00f9<\/p>\n<p>Dunkelgr\u00fcne runde 0,25-l-Flasche und auslaufsicherer Verschluss<\/p>\n","protected":false},"excerpt":{"rendered":"<p>Um Speisen zu w\u00fcrzen, kombiniert die gastronomische Tradition natives Oliven\u00f6l extra mit Essig. Aber um sich gegenseitig zu erheben, ist es notwendig, dass beide ihre G\u00fcte auf dem Tisch offenbaren. Aus diesem Grund hat Le Ferre einige Gew\u00fcrze mit Balsamico-Essig aus Modena I.G.P. hergestellt aus gekochtem Traubenmost und Qualit\u00e4tsweinessig, mit samtigem Geschmack und ausgepr\u00e4gter Barrique-Note. Ideal zum Dressing von Salaten und gekochtem Gem\u00fcse; auch geeignet f\u00fcr helles Fleisch und frischen oder halbreifen K\u00e4se.<\/p>\n","protected":false},"featured_media":16390,"comment_status":"closed","ping_status":"closed","template":"","meta":[],"pwb-brand":[450],"product_cat":[261],"product_tag":[],"acf":[],"yoast_head":"<!-- This site is optimized with the Yoast SEO plugin v24.5 - https:\/\/yoast.com\/wordpress\/plugins\/seo\/ -->\n<title>Il Denso - Oliocentrica<\/title>\n<meta name=\"robots\" content=\"index, follow, max-snippet:-1, max-image-preview:large, max-video-preview:-1\" \/>\n<link rel=\"canonical\" href=\"https:\/\/www.oliocentrica.it\/de\/shop\/il-denso\/\" \/>\n<meta property=\"og:locale\" content=\"de_DE\" \/>\n<meta property=\"og:type\" content=\"article\" \/>\n<meta property=\"og:title\" content=\"Il Denso - Oliocentrica\" \/>\n<meta property=\"og:description\" content=\"Um Speisen zu w\u00fcrzen, kombiniert die gastronomische Tradition natives Oliven\u00f6l extra mit Essig. Aber um sich gegenseitig zu erheben, ist es notwendig, dass beide ihre G\u00fcte auf dem Tisch offenbaren. Aus diesem Grund hat Le Ferre einige Gew\u00fcrze mit Balsamico-Essig aus Modena I.G.P. hergestellt aus gekochtem Traubenmost und Qualit\u00e4tsweinessig, mit samtigem Geschmack und ausgepr\u00e4gter Barrique-Note. Ideal zum Dressing von Salaten und gekochtem Gem\u00fcse; auch geeignet f\u00fcr helles Fleisch und frischen oder halbreifen K\u00e4se.\" \/>\n<meta property=\"og:url\" content=\"https:\/\/www.oliocentrica.it\/de\/shop\/il-denso\/\" \/>\n<meta property=\"og:site_name\" content=\"Oliocentrica\" \/>\n<meta property=\"article:publisher\" content=\"https:\/\/www.facebook.com\/Oliocentrica\" \/>\n<meta property=\"article:modified_time\" content=\"2023-10-21T15:39:59+00:00\" \/>\n<meta property=\"og:image\" content=\"https:\/\/www.oliocentrica.it\/wp-content\/uploads\/2022\/11\/aceto-le-ferre-1.jpg\" \/>\n\t<meta property=\"og:image:width\" content=\"800\" \/>\n\t<meta property=\"og:image:height\" content=\"800\" \/>\n\t<meta property=\"og:image:type\" content=\"image\/jpeg\" \/>\n<meta name=\"twitter:card\" content=\"summary_large_image\" \/>\n<meta name=\"twitter:label1\" content=\"Gesch\u00e4tzte Lesezeit\" \/>\n\t<meta name=\"twitter:data1\" content=\"1\u00a0Minute\" \/>\n<script type=\"application\/ld+json\" class=\"yoast-schema-graph\">{\"@context\":\"https:\/\/schema.org\",\"@graph\":[{\"@type\":\"WebPage\",\"@id\":\"https:\/\/www.oliocentrica.it\/de\/shop\/il-denso\/\",\"url\":\"https:\/\/www.oliocentrica.it\/de\/shop\/il-denso\/\",\"name\":\"Il Denso - Oliocentrica\",\"isPartOf\":{\"@id\":\"https:\/\/www.oliocentrica.it\/de\/#website\"},\"primaryImageOfPage\":{\"@id\":\"https:\/\/www.oliocentrica.it\/de\/shop\/il-denso\/#primaryimage\"},\"image\":{\"@id\":\"https:\/\/www.oliocentrica.it\/de\/shop\/il-denso\/#primaryimage\"},\"thumbnailUrl\":\"https:\/\/www.oliocentrica.it\/wp-content\/uploads\/2022\/11\/aceto-le-ferre-1.jpg\",\"datePublished\":\"2022-11-22T11:37:20+00:00\",\"dateModified\":\"2023-10-21T15:39:59+00:00\",\"breadcrumb\":{\"@id\":\"https:\/\/www.oliocentrica.it\/de\/shop\/il-denso\/#breadcrumb\"},\"inLanguage\":\"de\",\"potentialAction\":[{\"@type\":\"ReadAction\",\"target\":[\"https:\/\/www.oliocentrica.it\/de\/shop\/il-denso\/\"]}]},{\"@type\":\"ImageObject\",\"inLanguage\":\"de\",\"@id\":\"https:\/\/www.oliocentrica.it\/de\/shop\/il-denso\/#primaryimage\",\"url\":\"https:\/\/www.oliocentrica.it\/wp-content\/uploads\/2022\/11\/aceto-le-ferre-1.jpg\",\"contentUrl\":\"https:\/\/www.oliocentrica.it\/wp-content\/uploads\/2022\/11\/aceto-le-ferre-1.jpg\",\"width\":800,\"height\":800,\"caption\":\"aceto il denso le ferre\"},{\"@type\":\"BreadcrumbList\",\"@id\":\"https:\/\/www.oliocentrica.it\/de\/shop\/il-denso\/#breadcrumb\",\"itemListElement\":[{\"@type\":\"ListItem\",\"position\":1,\"name\":\"Home\",\"item\":\"https:\/\/www.oliocentrica.it\/de\/\"},{\"@type\":\"ListItem\",\"position\":2,\"name\":\"Shop\",\"item\":\"https:\/\/www.oliocentrica.it\/de\/shop\/\"},{\"@type\":\"ListItem\",\"position\":3,\"name\":\"Il Denso\"}]},{\"@type\":\"WebSite\",\"@id\":\"https:\/\/www.oliocentrica.it\/de\/#website\",\"url\":\"https:\/\/www.oliocentrica.it\/de\/\",\"name\":\"Oliocentrica\",\"description\":\"il filo d\u2019olio tra cibo e salute\",\"publisher\":{\"@id\":\"https:\/\/www.oliocentrica.it\/de\/#organization\"},\"potentialAction\":[{\"@type\":\"SearchAction\",\"target\":{\"@type\":\"EntryPoint\",\"urlTemplate\":\"https:\/\/www.oliocentrica.it\/de\/?s={search_term_string}\"},\"query-input\":{\"@type\":\"PropertyValueSpecification\",\"valueRequired\":true,\"valueName\":\"search_term_string\"}}],\"inLanguage\":\"de\"},{\"@type\":\"Organization\",\"@id\":\"https:\/\/www.oliocentrica.it\/de\/#organization\",\"name\":\"Oliocentrica Srls\",\"url\":\"https:\/\/www.oliocentrica.it\/de\/\",\"logo\":{\"@type\":\"ImageObject\",\"inLanguage\":\"de\",\"@id\":\"https:\/\/www.oliocentrica.it\/de\/#\/schema\/logo\/image\/\",\"url\":\"https:\/\/www.oliocentrica.it\/wp-content\/uploads\/2021\/05\/logo_oliocentrica-1.png\",\"contentUrl\":\"https:\/\/www.oliocentrica.it\/wp-content\/uploads\/2021\/05\/logo_oliocentrica-1.png\",\"width\":250,\"height\":81,\"caption\":\"Oliocentrica Srls\"},\"image\":{\"@id\":\"https:\/\/www.oliocentrica.it\/de\/#\/schema\/logo\/image\/\"},\"sameAs\":[\"https:\/\/www.facebook.com\/Oliocentrica\",\"https:\/\/www.instagram.com\/oliocentrica\"]}]}<\/script>\n<!-- \/ Yoast SEO plugin. -->","yoast_head_json":{"title":"Il Denso - Oliocentrica","robots":{"index":"index","follow":"follow","max-snippet":"max-snippet:-1","max-image-preview":"max-image-preview:large","max-video-preview":"max-video-preview:-1"},"canonical":"https:\/\/www.oliocentrica.it\/de\/shop\/il-denso\/","og_locale":"de_DE","og_type":"article","og_title":"Il Denso - Oliocentrica","og_description":"Um Speisen zu w\u00fcrzen, kombiniert die gastronomische Tradition natives Oliven\u00f6l extra mit Essig. Aber um sich gegenseitig zu erheben, ist es notwendig, dass beide ihre G\u00fcte auf dem Tisch offenbaren. Aus diesem Grund hat Le Ferre einige Gew\u00fcrze mit Balsamico-Essig aus Modena I.G.P. hergestellt aus gekochtem Traubenmost und Qualit\u00e4tsweinessig, mit samtigem Geschmack und ausgepr\u00e4gter Barrique-Note. Ideal zum Dressing von Salaten und gekochtem Gem\u00fcse; auch geeignet f\u00fcr helles Fleisch und frischen oder halbreifen K\u00e4se.","og_url":"https:\/\/www.oliocentrica.it\/de\/shop\/il-denso\/","og_site_name":"Oliocentrica","article_publisher":"https:\/\/www.facebook.com\/Oliocentrica","article_modified_time":"2023-10-21T15:39:59+00:00","og_image":[{"width":800,"height":800,"url":"https:\/\/www.oliocentrica.it\/wp-content\/uploads\/2022\/11\/aceto-le-ferre-1.jpg","type":"image\/jpeg"}],"twitter_card":"summary_large_image","twitter_misc":{"Gesch\u00e4tzte Lesezeit":"1\u00a0Minute"},"schema":{"@context":"https:\/\/schema.org","@graph":[{"@type":"WebPage","@id":"https:\/\/www.oliocentrica.it\/de\/shop\/il-denso\/","url":"https:\/\/www.oliocentrica.it\/de\/shop\/il-denso\/","name":"Il Denso - Oliocentrica","isPartOf":{"@id":"https:\/\/www.oliocentrica.it\/de\/#website"},"primaryImageOfPage":{"@id":"https:\/\/www.oliocentrica.it\/de\/shop\/il-denso\/#primaryimage"},"image":{"@id":"https:\/\/www.oliocentrica.it\/de\/shop\/il-denso\/#primaryimage"},"thumbnailUrl":"https:\/\/www.oliocentrica.it\/wp-content\/uploads\/2022\/11\/aceto-le-ferre-1.jpg","datePublished":"2022-11-22T11:37:20+00:00","dateModified":"2023-10-21T15:39:59+00:00","breadcrumb":{"@id":"https:\/\/www.oliocentrica.it\/de\/shop\/il-denso\/#breadcrumb"},"inLanguage":"de","potentialAction":[{"@type":"ReadAction","target":["https:\/\/www.oliocentrica.it\/de\/shop\/il-denso\/"]}]},{"@type":"ImageObject","inLanguage":"de","@id":"https:\/\/www.oliocentrica.it\/de\/shop\/il-denso\/#primaryimage","url":"https:\/\/www.oliocentrica.it\/wp-content\/uploads\/2022\/11\/aceto-le-ferre-1.jpg","contentUrl":"https:\/\/www.oliocentrica.it\/wp-content\/uploads\/2022\/11\/aceto-le-ferre-1.jpg","width":800,"height":800,"caption":"aceto il denso le ferre"},{"@type":"BreadcrumbList","@id":"https:\/\/www.oliocentrica.it\/de\/shop\/il-denso\/#breadcrumb","itemListElement":[{"@type":"ListItem","position":1,"name":"Home","item":"https:\/\/www.oliocentrica.it\/de\/"},{"@type":"ListItem","position":2,"name":"Shop","item":"https:\/\/www.oliocentrica.it\/de\/shop\/"},{"@type":"ListItem","position":3,"name":"Il Denso"}]},{"@type":"WebSite","@id":"https:\/\/www.oliocentrica.it\/de\/#website","url":"https:\/\/www.oliocentrica.it\/de\/","name":"Oliocentrica","description":"il filo d\u2019olio tra cibo e salute","publisher":{"@id":"https:\/\/www.oliocentrica.it\/de\/#organization"},"potentialAction":[{"@type":"SearchAction","target":{"@type":"EntryPoint","urlTemplate":"https:\/\/www.oliocentrica.it\/de\/?s={search_term_string}"},"query-input":{"@type":"PropertyValueSpecification","valueRequired":true,"valueName":"search_term_string"}}],"inLanguage":"de"},{"@type":"Organization","@id":"https:\/\/www.oliocentrica.it\/de\/#organization","name":"Oliocentrica Srls","url":"https:\/\/www.oliocentrica.it\/de\/","logo":{"@type":"ImageObject","inLanguage":"de","@id":"https:\/\/www.oliocentrica.it\/de\/#\/schema\/logo\/image\/","url":"https:\/\/www.oliocentrica.it\/wp-content\/uploads\/2021\/05\/logo_oliocentrica-1.png","contentUrl":"https:\/\/www.oliocentrica.it\/wp-content\/uploads\/2021\/05\/logo_oliocentrica-1.png","width":250,"height":81,"caption":"Oliocentrica Srls"},"image":{"@id":"https:\/\/www.oliocentrica.it\/de\/#\/schema\/logo\/image\/"},"sameAs":["https:\/\/www.facebook.com\/Oliocentrica","https:\/\/www.instagram.com\/oliocentrica"]}]}},"brands":[{"id":450,"name":"Le Ferre","slug":"le-ferre-de"}],"_links":{"self":[{"href":"https:\/\/www.oliocentrica.it\/de\/wp-json\/wp\/v2\/product\/16385"}],"collection":[{"href":"https:\/\/www.oliocentrica.it\/de\/wp-json\/wp\/v2\/product"}],"about":[{"href":"https:\/\/www.oliocentrica.it\/de\/wp-json\/wp\/v2\/types\/product"}],"replies":[{"embeddable":true,"href":"https:\/\/www.oliocentrica.it\/de\/wp-json\/wp\/v2\/comments?post=16385"}],"wp:featuredmedia":[{"embeddable":true,"href":"https:\/\/www.oliocentrica.it\/de\/wp-json\/wp\/v2\/media\/16390"}],"wp:attachment":[{"href":"https:\/\/www.oliocentrica.it\/de\/wp-json\/wp\/v2\/media?parent=16385"}],"wp:term":[{"taxonomy":"pwb-brand","embeddable":true,"href":"https:\/\/www.oliocentrica.it\/de\/wp-json\/wp\/v2\/pwb-brand?post=16385"},{"taxonomy":"product_cat","embeddable":true,"href":"https:\/\/www.oliocentrica.it\/de\/wp-json\/wp\/v2\/product_cat?post=16385"},{"taxonomy":"product_tag","embeddable":true,"href":"https:\/\/www.oliocentrica.it\/de\/wp-json\/wp\/v2\/product_tag?post=16385"}],"curies":[{"name":"wp","href":"https:\/\/api.w.org\/{rel}","templated":true}]}}