{"id":16374,"date":"2022-11-22T12:29:36","date_gmt":"2022-11-22T11:29:36","guid":{"rendered":"https:\/\/www.oliocentrica.it\/?post_type=product&#038;p=16374"},"modified":"2023-10-21T17:41:42","modified_gmt":"2023-10-21T15:41:42","slug":"selezione","status":"publish","type":"product","link":"https:\/\/www.oliocentrica.it\/de\/shop\/selezione\/","title":{"rendered":"Selezione"},"content":{"rendered":"<p>Dressing mit Balsamico-Essig von Modena Dichte 1,24<\/p>\n<p>Samtige, ausgepr\u00e4gte Barrique-Noten<\/p>\n<p>Ideal zum Dressing von Salaten und gekochtem Gem\u00fcse; auch geeignet f\u00fcr helles Fleisch und frischen oder halbreifen K\u00e4se<\/p>\n<p><strong>ZUTATEN<\/strong>: Balsamessig aus Modena IGP 99% (gekochter Traubenmost und Weinessig)<\/p>\n<p><strong>ERZEUGUNGSGEBIET<\/strong>: Modena (Emilia Romagna) gem\u00e4\u00df den Vorschriften und Kontrollen des Konsortiums zum Schutz des Balsamico-Essigs von Modena<\/p>\n<p><strong>VERPACKT<\/strong> in der Firma Le Ferre, gem\u00e4\u00df Genehmigung<\/p>\n<p><strong>LAGERUNG<\/strong>: an einem trockenen und k\u00fchlen Ort (14\u00b0\/18\u00b0), fern von Licht- und W\u00e4rmequellen. Nach dem \u00d6ffnen empfiehlt es sich, die Verpackung nach jedem Gebrauch gut mit der Kappe zu verschlie\u00dfen.<\/p>\n<p>Es gibt SULFITE<\/p>\n<p><strong>DURCHSCHNITTSWERTE f\u00fcr 100 ml Produkt<\/strong>: Energie 244 kcal \/ 1037 kJ; Fette 0 g \u2013 davon ges\u00e4ttigt 0 g; Kohlenhydrate 56 g &#8211; davon Zucker 56 g; Eiwei\u00df 0 g; Salz 0,06 g KAPAZIT\u00c4T 0,5 L &#8211;<\/p>\n<p>Rechteckige maurische 0,50-l-Flasche im Karton mit auslaufsicherem Verschluss<\/p>\n","protected":false},"excerpt":{"rendered":"<p>To flavor food, the gastronomic tradition combines extra virgin olive oil with vinegar. But, to exalt each other, it is necessary for both to reveal their goodness on the table. This is why Le Ferre has selected some condiments with Balsamic Vinegar of Modena I.G.P. produced by mixing cooked grape must and quality wine vinegar, with a velvety flavor and marked barrique notes. Ideal for dressing salads and boiled vegetables; also suitable for white meats and fresh or semi-mature cheeses.<\/p>\n<p><em>Each Selezione Aceto bottle is packaged in its elegant case.<\/em><\/p>\n","protected":false},"featured_media":16383,"comment_status":"closed","ping_status":"closed","template":"","meta":[],"pwb-brand":[450],"product_cat":[248,261],"product_tag":[],"acf":[],"yoast_head":"<!-- This site is optimized with the Yoast SEO plugin v24.5 - https:\/\/yoast.com\/wordpress\/plugins\/seo\/ -->\n<title>Selezione - Oliocentrica<\/title>\n<meta name=\"robots\" content=\"index, follow, max-snippet:-1, max-image-preview:large, max-video-preview:-1\" \/>\n<link rel=\"canonical\" href=\"https:\/\/www.oliocentrica.it\/de\/shop\/selezione\/\" \/>\n<meta property=\"og:locale\" content=\"de_DE\" \/>\n<meta property=\"og:type\" content=\"article\" \/>\n<meta property=\"og:title\" content=\"Selezione - Oliocentrica\" \/>\n<meta property=\"og:description\" content=\"To flavor food, the gastronomic tradition combines extra virgin olive oil with vinegar. But, to exalt each other, it is necessary for both to reveal their goodness on the table. This is why Le Ferre has selected some condiments with Balsamic Vinegar of Modena I.G.P. produced by mixing cooked grape must and quality wine vinegar, with a velvety flavor and marked barrique notes. Ideal for dressing salads and boiled vegetables; also suitable for white meats and fresh or semi-mature cheeses.  Each Selezione Aceto bottle is packaged in its elegant case.\" \/>\n<meta property=\"og:url\" content=\"https:\/\/www.oliocentrica.it\/de\/shop\/selezione\/\" \/>\n<meta property=\"og:site_name\" content=\"Oliocentrica\" \/>\n<meta property=\"article:publisher\" content=\"https:\/\/www.facebook.com\/Oliocentrica\" \/>\n<meta property=\"article:modified_time\" content=\"2023-10-21T15:41:42+00:00\" \/>\n<meta property=\"og:image\" content=\"https:\/\/www.oliocentrica.it\/wp-content\/uploads\/2022\/11\/le-ferre-selezione.jpg\" \/>\n\t<meta property=\"og:image:width\" content=\"800\" \/>\n\t<meta property=\"og:image:height\" content=\"800\" \/>\n\t<meta property=\"og:image:type\" content=\"image\/jpeg\" \/>\n<meta name=\"twitter:card\" content=\"summary_large_image\" \/>\n<meta name=\"twitter:label1\" content=\"Gesch\u00e4tzte Lesezeit\" \/>\n\t<meta name=\"twitter:data1\" content=\"1\u00a0Minute\" \/>\n<script type=\"application\/ld+json\" class=\"yoast-schema-graph\">{\"@context\":\"https:\/\/schema.org\",\"@graph\":[{\"@type\":\"WebPage\",\"@id\":\"https:\/\/www.oliocentrica.it\/de\/shop\/selezione\/\",\"url\":\"https:\/\/www.oliocentrica.it\/de\/shop\/selezione\/\",\"name\":\"Selezione - Oliocentrica\",\"isPartOf\":{\"@id\":\"https:\/\/www.oliocentrica.it\/de\/#website\"},\"primaryImageOfPage\":{\"@id\":\"https:\/\/www.oliocentrica.it\/de\/shop\/selezione\/#primaryimage\"},\"image\":{\"@id\":\"https:\/\/www.oliocentrica.it\/de\/shop\/selezione\/#primaryimage\"},\"thumbnailUrl\":\"https:\/\/www.oliocentrica.it\/wp-content\/uploads\/2022\/11\/le-ferre-selezione.jpg\",\"datePublished\":\"2022-11-22T11:29:36+00:00\",\"dateModified\":\"2023-10-21T15:41:42+00:00\",\"breadcrumb\":{\"@id\":\"https:\/\/www.oliocentrica.it\/de\/shop\/selezione\/#breadcrumb\"},\"inLanguage\":\"de\",\"potentialAction\":[{\"@type\":\"ReadAction\",\"target\":[\"https:\/\/www.oliocentrica.it\/de\/shop\/selezione\/\"]}]},{\"@type\":\"ImageObject\",\"inLanguage\":\"de\",\"@id\":\"https:\/\/www.oliocentrica.it\/de\/shop\/selezione\/#primaryimage\",\"url\":\"https:\/\/www.oliocentrica.it\/wp-content\/uploads\/2022\/11\/le-ferre-selezione.jpg\",\"contentUrl\":\"https:\/\/www.oliocentrica.it\/wp-content\/uploads\/2022\/11\/le-ferre-selezione.jpg\",\"width\":800,\"height\":800,\"caption\":\"le ferre selezione\"},{\"@type\":\"BreadcrumbList\",\"@id\":\"https:\/\/www.oliocentrica.it\/de\/shop\/selezione\/#breadcrumb\",\"itemListElement\":[{\"@type\":\"ListItem\",\"position\":1,\"name\":\"Home\",\"item\":\"https:\/\/www.oliocentrica.it\/de\/\"},{\"@type\":\"ListItem\",\"position\":2,\"name\":\"Shop\",\"item\":\"https:\/\/www.oliocentrica.it\/de\/shop\/\"},{\"@type\":\"ListItem\",\"position\":3,\"name\":\"Selezione\"}]},{\"@type\":\"WebSite\",\"@id\":\"https:\/\/www.oliocentrica.it\/de\/#website\",\"url\":\"https:\/\/www.oliocentrica.it\/de\/\",\"name\":\"Oliocentrica\",\"description\":\"il filo d\u2019olio tra cibo e salute\",\"publisher\":{\"@id\":\"https:\/\/www.oliocentrica.it\/de\/#organization\"},\"potentialAction\":[{\"@type\":\"SearchAction\",\"target\":{\"@type\":\"EntryPoint\",\"urlTemplate\":\"https:\/\/www.oliocentrica.it\/de\/?s={search_term_string}\"},\"query-input\":{\"@type\":\"PropertyValueSpecification\",\"valueRequired\":true,\"valueName\":\"search_term_string\"}}],\"inLanguage\":\"de\"},{\"@type\":\"Organization\",\"@id\":\"https:\/\/www.oliocentrica.it\/de\/#organization\",\"name\":\"Oliocentrica Srls\",\"url\":\"https:\/\/www.oliocentrica.it\/de\/\",\"logo\":{\"@type\":\"ImageObject\",\"inLanguage\":\"de\",\"@id\":\"https:\/\/www.oliocentrica.it\/de\/#\/schema\/logo\/image\/\",\"url\":\"https:\/\/www.oliocentrica.it\/wp-content\/uploads\/2021\/05\/logo_oliocentrica-1.png\",\"contentUrl\":\"https:\/\/www.oliocentrica.it\/wp-content\/uploads\/2021\/05\/logo_oliocentrica-1.png\",\"width\":250,\"height\":81,\"caption\":\"Oliocentrica Srls\"},\"image\":{\"@id\":\"https:\/\/www.oliocentrica.it\/de\/#\/schema\/logo\/image\/\"},\"sameAs\":[\"https:\/\/www.facebook.com\/Oliocentrica\",\"https:\/\/www.instagram.com\/oliocentrica\"]}]}<\/script>\n<!-- \/ Yoast SEO plugin. -->","yoast_head_json":{"title":"Selezione - Oliocentrica","robots":{"index":"index","follow":"follow","max-snippet":"max-snippet:-1","max-image-preview":"max-image-preview:large","max-video-preview":"max-video-preview:-1"},"canonical":"https:\/\/www.oliocentrica.it\/de\/shop\/selezione\/","og_locale":"de_DE","og_type":"article","og_title":"Selezione - Oliocentrica","og_description":"To flavor food, the gastronomic tradition combines extra virgin olive oil with vinegar. But, to exalt each other, it is necessary for both to reveal their goodness on the table. This is why Le Ferre has selected some condiments with Balsamic Vinegar of Modena I.G.P. produced by mixing cooked grape must and quality wine vinegar, with a velvety flavor and marked barrique notes. Ideal for dressing salads and boiled vegetables; also suitable for white meats and fresh or semi-mature cheeses.  Each Selezione Aceto bottle is packaged in its elegant case.","og_url":"https:\/\/www.oliocentrica.it\/de\/shop\/selezione\/","og_site_name":"Oliocentrica","article_publisher":"https:\/\/www.facebook.com\/Oliocentrica","article_modified_time":"2023-10-21T15:41:42+00:00","og_image":[{"width":800,"height":800,"url":"https:\/\/www.oliocentrica.it\/wp-content\/uploads\/2022\/11\/le-ferre-selezione.jpg","type":"image\/jpeg"}],"twitter_card":"summary_large_image","twitter_misc":{"Gesch\u00e4tzte Lesezeit":"1\u00a0Minute"},"schema":{"@context":"https:\/\/schema.org","@graph":[{"@type":"WebPage","@id":"https:\/\/www.oliocentrica.it\/de\/shop\/selezione\/","url":"https:\/\/www.oliocentrica.it\/de\/shop\/selezione\/","name":"Selezione - Oliocentrica","isPartOf":{"@id":"https:\/\/www.oliocentrica.it\/de\/#website"},"primaryImageOfPage":{"@id":"https:\/\/www.oliocentrica.it\/de\/shop\/selezione\/#primaryimage"},"image":{"@id":"https:\/\/www.oliocentrica.it\/de\/shop\/selezione\/#primaryimage"},"thumbnailUrl":"https:\/\/www.oliocentrica.it\/wp-content\/uploads\/2022\/11\/le-ferre-selezione.jpg","datePublished":"2022-11-22T11:29:36+00:00","dateModified":"2023-10-21T15:41:42+00:00","breadcrumb":{"@id":"https:\/\/www.oliocentrica.it\/de\/shop\/selezione\/#breadcrumb"},"inLanguage":"de","potentialAction":[{"@type":"ReadAction","target":["https:\/\/www.oliocentrica.it\/de\/shop\/selezione\/"]}]},{"@type":"ImageObject","inLanguage":"de","@id":"https:\/\/www.oliocentrica.it\/de\/shop\/selezione\/#primaryimage","url":"https:\/\/www.oliocentrica.it\/wp-content\/uploads\/2022\/11\/le-ferre-selezione.jpg","contentUrl":"https:\/\/www.oliocentrica.it\/wp-content\/uploads\/2022\/11\/le-ferre-selezione.jpg","width":800,"height":800,"caption":"le ferre selezione"},{"@type":"BreadcrumbList","@id":"https:\/\/www.oliocentrica.it\/de\/shop\/selezione\/#breadcrumb","itemListElement":[{"@type":"ListItem","position":1,"name":"Home","item":"https:\/\/www.oliocentrica.it\/de\/"},{"@type":"ListItem","position":2,"name":"Shop","item":"https:\/\/www.oliocentrica.it\/de\/shop\/"},{"@type":"ListItem","position":3,"name":"Selezione"}]},{"@type":"WebSite","@id":"https:\/\/www.oliocentrica.it\/de\/#website","url":"https:\/\/www.oliocentrica.it\/de\/","name":"Oliocentrica","description":"il filo d\u2019olio tra cibo e salute","publisher":{"@id":"https:\/\/www.oliocentrica.it\/de\/#organization"},"potentialAction":[{"@type":"SearchAction","target":{"@type":"EntryPoint","urlTemplate":"https:\/\/www.oliocentrica.it\/de\/?s={search_term_string}"},"query-input":{"@type":"PropertyValueSpecification","valueRequired":true,"valueName":"search_term_string"}}],"inLanguage":"de"},{"@type":"Organization","@id":"https:\/\/www.oliocentrica.it\/de\/#organization","name":"Oliocentrica Srls","url":"https:\/\/www.oliocentrica.it\/de\/","logo":{"@type":"ImageObject","inLanguage":"de","@id":"https:\/\/www.oliocentrica.it\/de\/#\/schema\/logo\/image\/","url":"https:\/\/www.oliocentrica.it\/wp-content\/uploads\/2021\/05\/logo_oliocentrica-1.png","contentUrl":"https:\/\/www.oliocentrica.it\/wp-content\/uploads\/2021\/05\/logo_oliocentrica-1.png","width":250,"height":81,"caption":"Oliocentrica Srls"},"image":{"@id":"https:\/\/www.oliocentrica.it\/de\/#\/schema\/logo\/image\/"},"sameAs":["https:\/\/www.facebook.com\/Oliocentrica","https:\/\/www.instagram.com\/oliocentrica"]}]}},"brands":[{"id":450,"name":"Le Ferre","slug":"le-ferre-de"}],"_links":{"self":[{"href":"https:\/\/www.oliocentrica.it\/de\/wp-json\/wp\/v2\/product\/16374"}],"collection":[{"href":"https:\/\/www.oliocentrica.it\/de\/wp-json\/wp\/v2\/product"}],"about":[{"href":"https:\/\/www.oliocentrica.it\/de\/wp-json\/wp\/v2\/types\/product"}],"replies":[{"embeddable":true,"href":"https:\/\/www.oliocentrica.it\/de\/wp-json\/wp\/v2\/comments?post=16374"}],"wp:featuredmedia":[{"embeddable":true,"href":"https:\/\/www.oliocentrica.it\/de\/wp-json\/wp\/v2\/media\/16383"}],"wp:attachment":[{"href":"https:\/\/www.oliocentrica.it\/de\/wp-json\/wp\/v2\/media?parent=16374"}],"wp:term":[{"taxonomy":"pwb-brand","embeddable":true,"href":"https:\/\/www.oliocentrica.it\/de\/wp-json\/wp\/v2\/pwb-brand?post=16374"},{"taxonomy":"product_cat","embeddable":true,"href":"https:\/\/www.oliocentrica.it\/de\/wp-json\/wp\/v2\/product_cat?post=16374"},{"taxonomy":"product_tag","embeddable":true,"href":"https:\/\/www.oliocentrica.it\/de\/wp-json\/wp\/v2\/product_tag?post=16374"}],"curies":[{"name":"wp","href":"https:\/\/api.w.org\/{rel}","templated":true}]}}