{"id":16276,"date":"2022-11-21T17:18:38","date_gmt":"2022-11-21T16:18:38","guid":{"rendered":"https:\/\/www.oliocentrica.it\/?post_type=product&#038;p=16276"},"modified":"2023-10-25T18:48:52","modified_gmt":"2023-10-25T16:48:52","slug":"tonda-di-cagliari","status":"publish","type":"product","link":"https:\/\/www.oliocentrica.it\/de\/shop\/tonda-di-cagliari\/","title":{"rendered":"Tonda di Cagliari"},"content":{"rendered":"<p><em><strong>Leicht fruchtig<\/strong><\/em><\/p>\n<p><strong>Duft<\/strong>: elegante Noten von Tomaten, s\u00fc\u00dfen Mandeln, frischem Obst und geschnittenem Salat<\/p>\n<p><strong>Geschmack<\/strong>: leicht und ausgewogen bitter und w\u00fcrzig<\/p>\n<p><strong>Probieren Sie es mit\u2026<\/strong> delikaten Zubereitungen wie mittelscharfem Fisch, Weichtieren und Salaten, roh auf Fregola mit Pilzen und Wildkr\u00e4utern<\/p>\n<p><strong>Geografisches Gebiet und Hoheitsgebiet<\/strong>: Alghero (SS)<\/p>\n<p><strong>Olivenkampagne<\/strong>: 2023\/2024<\/p>\n<p><strong>Formate<\/strong>: 0,5 l<\/p>\n<p><strong>Sortenreine Olive<\/strong>: Tonda di Cagliari<\/p>\n<p><strong>Produktionsverfahren<\/strong>: moderne Zweiphasen-Durchlaufanlage<\/p>\n<p><strong>Konservierungsmethode<\/strong>: Edelstahlbeh\u00e4lter in kontrollierter Atmosph\u00e4re und Temperatur<\/p>\n<p>_______________________________________<\/p>\n<p><em>Danksagungen<\/em><\/p>\n<p><strong>Goldene Amphore von Epulae &#8211; International Food and Wine Academy<\/strong><\/p>\n<p>_______________________________________<\/p>\n<p><em>Weitere Informationen gelten f\u00fcr alle unsere nativen Oliven\u00f6le extra<\/em><\/p>\n<p><strong>Zutaten:<\/strong> 100 % italienische Oliven, im richtigen Reifegrad geerntet und in Italien mit mechanischen Verfahren gepresst<br \/>\n<strong>Lagerung:<\/strong> fern von Licht, W\u00e4rmequellen, schlechten Ger\u00fcchen und in hermetisch verschlossenen Flaschen. Denken Sie daran, dass natives Oliven\u00f6l extra der Feind von Licht, Hitze und Luft ist<br \/>\n<strong>Frist:<\/strong> innerhalb von 18 Monaten ab dem Datum der Abf\u00fcllung (Frist, innerhalb derer Sie von den N\u00e4hrwerten des nativen Oliven\u00f6ls extra profitieren k\u00f6nnen)<br \/>\n<strong>Verwendung:<\/strong> t\u00e4glich roh oder zum kurzen Garen bei moderaten Temperaturen<\/p>\n","protected":false},"excerpt":{"rendered":"<p><em><strong>Leicht fruchtig<\/strong><\/em><\/p>\n<p>Die Tonda di Cagliari ist eine Sorte, die in ganz Sardinien und mit besonderer Verbreitung im s\u00fcdlichen Bereich der Insel vorkommt.<br \/>\nSie wurde von der Accademia Olearia unter ihren Produktionen als einer der Protagonisten des Projekts zur Aufwertung typisch sardischer Sorten ausgew\u00e4hlt.<br \/>\nTonda di Cagliari ist eine Monokultur, die Intensit\u00e4t und Ausgewogenheit vereint und einen starken, aber nicht invasiven Charakter zeigt, daher sind Bitterkeit und W\u00fcrze mit einem Hauch von frischem Obst und gekochtem Gem\u00fcse vorhanden, die am Gaumen angenehm pr\u00e4sent bleiben. Aufgrund seiner feinen Fruchtigkeit eignet es sich f\u00fcr delikate Zubereitungen wie mittelw\u00fcrzigen Fisch, Weichtiere und Salate. Ein idealer Reisebegleiter in der typischen K\u00fcche, insbesondere empfehlen wir die Kombination mit einem typischen Gericht der sardischen Tradition wie Fregula mit Pilzen und Wildkr\u00e4utern.<\/p>\n<p><strong>Olivenkampagne: 2023\/2024<\/strong><\/p>\n","protected":false},"featured_media":16281,"comment_status":"closed","ping_status":"closed","template":"","meta":[],"pwb-brand":[281],"product_cat":[252],"product_tag":[],"acf":[],"yoast_head":"<!-- This site is optimized with the Yoast SEO plugin v24.5 - https:\/\/yoast.com\/wordpress\/plugins\/seo\/ -->\n<title>Tonda di Cagliari - Oliocentrica<\/title>\n<meta name=\"robots\" content=\"index, follow, max-snippet:-1, max-image-preview:large, max-video-preview:-1\" \/>\n<link rel=\"canonical\" href=\"https:\/\/www.oliocentrica.it\/de\/shop\/tonda-di-cagliari\/\" \/>\n<meta property=\"og:locale\" content=\"de_DE\" \/>\n<meta property=\"og:type\" content=\"article\" \/>\n<meta property=\"og:title\" content=\"Tonda di Cagliari - Oliocentrica\" \/>\n<meta property=\"og:description\" content=\"Leicht fruchtig  Die Tonda di Cagliari ist eine Sorte, die in ganz Sardinien und mit besonderer Verbreitung im s\u00fcdlichen Bereich der Insel vorkommt. Sie wurde von der Accademia Olearia unter ihren Produktionen als einer der Protagonisten des Projekts zur Aufwertung typisch sardischer Sorten ausgew\u00e4hlt. Tonda di Cagliari ist eine Monokultur, die Intensit\u00e4t und Ausgewogenheit vereint und einen starken, aber nicht invasiven Charakter zeigt, daher sind Bitterkeit und W\u00fcrze mit einem Hauch von frischem Obst und gekochtem Gem\u00fcse vorhanden, die am Gaumen angenehm pr\u00e4sent bleiben. Aufgrund seiner feinen Fruchtigkeit eignet es sich f\u00fcr delikate Zubereitungen wie mittelw\u00fcrzigen Fisch, Weichtiere und Salate. Ein idealer Reisebegleiter in der typischen K\u00fcche, insbesondere empfehlen wir die Kombination mit einem typischen Gericht der sardischen Tradition wie Fregula mit Pilzen und Wildkr\u00e4utern.  Olivenkampagne: 2023\/2024\" \/>\n<meta property=\"og:url\" content=\"https:\/\/www.oliocentrica.it\/de\/shop\/tonda-di-cagliari\/\" \/>\n<meta property=\"og:site_name\" content=\"Oliocentrica\" \/>\n<meta property=\"article:publisher\" content=\"https:\/\/www.facebook.com\/Oliocentrica\" \/>\n<meta property=\"article:modified_time\" content=\"2023-10-25T16:48:52+00:00\" \/>\n<meta property=\"og:image\" content=\"https:\/\/www.oliocentrica.it\/wp-content\/uploads\/2022\/11\/tonda-di-cagliari-accademia-olearia.jpg\" \/>\n\t<meta property=\"og:image:width\" content=\"800\" \/>\n\t<meta property=\"og:image:height\" content=\"800\" \/>\n\t<meta property=\"og:image:type\" content=\"image\/jpeg\" \/>\n<meta name=\"twitter:card\" content=\"summary_large_image\" \/>\n<meta name=\"twitter:label1\" content=\"Gesch\u00e4tzte Lesezeit\" \/>\n\t<meta name=\"twitter:data1\" content=\"1\u00a0Minute\" \/>\n<script type=\"application\/ld+json\" class=\"yoast-schema-graph\">{\"@context\":\"https:\/\/schema.org\",\"@graph\":[{\"@type\":\"WebPage\",\"@id\":\"https:\/\/www.oliocentrica.it\/de\/shop\/tonda-di-cagliari\/\",\"url\":\"https:\/\/www.oliocentrica.it\/de\/shop\/tonda-di-cagliari\/\",\"name\":\"Tonda di Cagliari - Oliocentrica\",\"isPartOf\":{\"@id\":\"https:\/\/www.oliocentrica.it\/de\/#website\"},\"primaryImageOfPage\":{\"@id\":\"https:\/\/www.oliocentrica.it\/de\/shop\/tonda-di-cagliari\/#primaryimage\"},\"image\":{\"@id\":\"https:\/\/www.oliocentrica.it\/de\/shop\/tonda-di-cagliari\/#primaryimage\"},\"thumbnailUrl\":\"https:\/\/www.oliocentrica.it\/wp-content\/uploads\/2022\/11\/tonda-di-cagliari-accademia-olearia.jpg\",\"datePublished\":\"2022-11-21T16:18:38+00:00\",\"dateModified\":\"2023-10-25T16:48:52+00:00\",\"breadcrumb\":{\"@id\":\"https:\/\/www.oliocentrica.it\/de\/shop\/tonda-di-cagliari\/#breadcrumb\"},\"inLanguage\":\"de\",\"potentialAction\":[{\"@type\":\"ReadAction\",\"target\":[\"https:\/\/www.oliocentrica.it\/de\/shop\/tonda-di-cagliari\/\"]}]},{\"@type\":\"ImageObject\",\"inLanguage\":\"de\",\"@id\":\"https:\/\/www.oliocentrica.it\/de\/shop\/tonda-di-cagliari\/#primaryimage\",\"url\":\"https:\/\/www.oliocentrica.it\/wp-content\/uploads\/2022\/11\/tonda-di-cagliari-accademia-olearia.jpg\",\"contentUrl\":\"https:\/\/www.oliocentrica.it\/wp-content\/uploads\/2022\/11\/tonda-di-cagliari-accademia-olearia.jpg\",\"width\":800,\"height\":800,\"caption\":\"tonda di cagliari accademia olearia\"},{\"@type\":\"BreadcrumbList\",\"@id\":\"https:\/\/www.oliocentrica.it\/de\/shop\/tonda-di-cagliari\/#breadcrumb\",\"itemListElement\":[{\"@type\":\"ListItem\",\"position\":1,\"name\":\"Home\",\"item\":\"https:\/\/www.oliocentrica.it\/de\/\"},{\"@type\":\"ListItem\",\"position\":2,\"name\":\"Shop\",\"item\":\"https:\/\/www.oliocentrica.it\/de\/shop\/\"},{\"@type\":\"ListItem\",\"position\":3,\"name\":\"Tonda di Cagliari\"}]},{\"@type\":\"WebSite\",\"@id\":\"https:\/\/www.oliocentrica.it\/de\/#website\",\"url\":\"https:\/\/www.oliocentrica.it\/de\/\",\"name\":\"Oliocentrica\",\"description\":\"il filo d\u2019olio tra cibo e salute\",\"publisher\":{\"@id\":\"https:\/\/www.oliocentrica.it\/de\/#organization\"},\"potentialAction\":[{\"@type\":\"SearchAction\",\"target\":{\"@type\":\"EntryPoint\",\"urlTemplate\":\"https:\/\/www.oliocentrica.it\/de\/?s={search_term_string}\"},\"query-input\":{\"@type\":\"PropertyValueSpecification\",\"valueRequired\":true,\"valueName\":\"search_term_string\"}}],\"inLanguage\":\"de\"},{\"@type\":\"Organization\",\"@id\":\"https:\/\/www.oliocentrica.it\/de\/#organization\",\"name\":\"Oliocentrica Srls\",\"url\":\"https:\/\/www.oliocentrica.it\/de\/\",\"logo\":{\"@type\":\"ImageObject\",\"inLanguage\":\"de\",\"@id\":\"https:\/\/www.oliocentrica.it\/de\/#\/schema\/logo\/image\/\",\"url\":\"https:\/\/www.oliocentrica.it\/wp-content\/uploads\/2021\/05\/logo_oliocentrica-1.png\",\"contentUrl\":\"https:\/\/www.oliocentrica.it\/wp-content\/uploads\/2021\/05\/logo_oliocentrica-1.png\",\"width\":250,\"height\":81,\"caption\":\"Oliocentrica Srls\"},\"image\":{\"@id\":\"https:\/\/www.oliocentrica.it\/de\/#\/schema\/logo\/image\/\"},\"sameAs\":[\"https:\/\/www.facebook.com\/Oliocentrica\",\"https:\/\/www.instagram.com\/oliocentrica\"]}]}<\/script>\n<!-- \/ Yoast SEO plugin. -->","yoast_head_json":{"title":"Tonda di Cagliari - Oliocentrica","robots":{"index":"index","follow":"follow","max-snippet":"max-snippet:-1","max-image-preview":"max-image-preview:large","max-video-preview":"max-video-preview:-1"},"canonical":"https:\/\/www.oliocentrica.it\/de\/shop\/tonda-di-cagliari\/","og_locale":"de_DE","og_type":"article","og_title":"Tonda di Cagliari - Oliocentrica","og_description":"Leicht fruchtig  Die Tonda di Cagliari ist eine Sorte, die in ganz Sardinien und mit besonderer Verbreitung im s\u00fcdlichen Bereich der Insel vorkommt. Sie wurde von der Accademia Olearia unter ihren Produktionen als einer der Protagonisten des Projekts zur Aufwertung typisch sardischer Sorten ausgew\u00e4hlt. Tonda di Cagliari ist eine Monokultur, die Intensit\u00e4t und Ausgewogenheit vereint und einen starken, aber nicht invasiven Charakter zeigt, daher sind Bitterkeit und W\u00fcrze mit einem Hauch von frischem Obst und gekochtem Gem\u00fcse vorhanden, die am Gaumen angenehm pr\u00e4sent bleiben. Aufgrund seiner feinen Fruchtigkeit eignet es sich f\u00fcr delikate Zubereitungen wie mittelw\u00fcrzigen Fisch, Weichtiere und Salate. Ein idealer Reisebegleiter in der typischen K\u00fcche, insbesondere empfehlen wir die Kombination mit einem typischen Gericht der sardischen Tradition wie Fregula mit Pilzen und Wildkr\u00e4utern.  Olivenkampagne: 2023\/2024","og_url":"https:\/\/www.oliocentrica.it\/de\/shop\/tonda-di-cagliari\/","og_site_name":"Oliocentrica","article_publisher":"https:\/\/www.facebook.com\/Oliocentrica","article_modified_time":"2023-10-25T16:48:52+00:00","og_image":[{"width":800,"height":800,"url":"https:\/\/www.oliocentrica.it\/wp-content\/uploads\/2022\/11\/tonda-di-cagliari-accademia-olearia.jpg","type":"image\/jpeg"}],"twitter_card":"summary_large_image","twitter_misc":{"Gesch\u00e4tzte Lesezeit":"1\u00a0Minute"},"schema":{"@context":"https:\/\/schema.org","@graph":[{"@type":"WebPage","@id":"https:\/\/www.oliocentrica.it\/de\/shop\/tonda-di-cagliari\/","url":"https:\/\/www.oliocentrica.it\/de\/shop\/tonda-di-cagliari\/","name":"Tonda di Cagliari - Oliocentrica","isPartOf":{"@id":"https:\/\/www.oliocentrica.it\/de\/#website"},"primaryImageOfPage":{"@id":"https:\/\/www.oliocentrica.it\/de\/shop\/tonda-di-cagliari\/#primaryimage"},"image":{"@id":"https:\/\/www.oliocentrica.it\/de\/shop\/tonda-di-cagliari\/#primaryimage"},"thumbnailUrl":"https:\/\/www.oliocentrica.it\/wp-content\/uploads\/2022\/11\/tonda-di-cagliari-accademia-olearia.jpg","datePublished":"2022-11-21T16:18:38+00:00","dateModified":"2023-10-25T16:48:52+00:00","breadcrumb":{"@id":"https:\/\/www.oliocentrica.it\/de\/shop\/tonda-di-cagliari\/#breadcrumb"},"inLanguage":"de","potentialAction":[{"@type":"ReadAction","target":["https:\/\/www.oliocentrica.it\/de\/shop\/tonda-di-cagliari\/"]}]},{"@type":"ImageObject","inLanguage":"de","@id":"https:\/\/www.oliocentrica.it\/de\/shop\/tonda-di-cagliari\/#primaryimage","url":"https:\/\/www.oliocentrica.it\/wp-content\/uploads\/2022\/11\/tonda-di-cagliari-accademia-olearia.jpg","contentUrl":"https:\/\/www.oliocentrica.it\/wp-content\/uploads\/2022\/11\/tonda-di-cagliari-accademia-olearia.jpg","width":800,"height":800,"caption":"tonda di cagliari accademia olearia"},{"@type":"BreadcrumbList","@id":"https:\/\/www.oliocentrica.it\/de\/shop\/tonda-di-cagliari\/#breadcrumb","itemListElement":[{"@type":"ListItem","position":1,"name":"Home","item":"https:\/\/www.oliocentrica.it\/de\/"},{"@type":"ListItem","position":2,"name":"Shop","item":"https:\/\/www.oliocentrica.it\/de\/shop\/"},{"@type":"ListItem","position":3,"name":"Tonda di Cagliari"}]},{"@type":"WebSite","@id":"https:\/\/www.oliocentrica.it\/de\/#website","url":"https:\/\/www.oliocentrica.it\/de\/","name":"Oliocentrica","description":"il filo d\u2019olio tra cibo e salute","publisher":{"@id":"https:\/\/www.oliocentrica.it\/de\/#organization"},"potentialAction":[{"@type":"SearchAction","target":{"@type":"EntryPoint","urlTemplate":"https:\/\/www.oliocentrica.it\/de\/?s={search_term_string}"},"query-input":{"@type":"PropertyValueSpecification","valueRequired":true,"valueName":"search_term_string"}}],"inLanguage":"de"},{"@type":"Organization","@id":"https:\/\/www.oliocentrica.it\/de\/#organization","name":"Oliocentrica Srls","url":"https:\/\/www.oliocentrica.it\/de\/","logo":{"@type":"ImageObject","inLanguage":"de","@id":"https:\/\/www.oliocentrica.it\/de\/#\/schema\/logo\/image\/","url":"https:\/\/www.oliocentrica.it\/wp-content\/uploads\/2021\/05\/logo_oliocentrica-1.png","contentUrl":"https:\/\/www.oliocentrica.it\/wp-content\/uploads\/2021\/05\/logo_oliocentrica-1.png","width":250,"height":81,"caption":"Oliocentrica Srls"},"image":{"@id":"https:\/\/www.oliocentrica.it\/de\/#\/schema\/logo\/image\/"},"sameAs":["https:\/\/www.facebook.com\/Oliocentrica","https:\/\/www.instagram.com\/oliocentrica"]}]}},"brands":[{"id":281,"name":"Accademia Olearia","slug":"accademia-olearia"}],"_links":{"self":[{"href":"https:\/\/www.oliocentrica.it\/de\/wp-json\/wp\/v2\/product\/16276"}],"collection":[{"href":"https:\/\/www.oliocentrica.it\/de\/wp-json\/wp\/v2\/product"}],"about":[{"href":"https:\/\/www.oliocentrica.it\/de\/wp-json\/wp\/v2\/types\/product"}],"replies":[{"embeddable":true,"href":"https:\/\/www.oliocentrica.it\/de\/wp-json\/wp\/v2\/comments?post=16276"}],"wp:featuredmedia":[{"embeddable":true,"href":"https:\/\/www.oliocentrica.it\/de\/wp-json\/wp\/v2\/media\/16281"}],"wp:attachment":[{"href":"https:\/\/www.oliocentrica.it\/de\/wp-json\/wp\/v2\/media?parent=16276"}],"wp:term":[{"taxonomy":"pwb-brand","embeddable":true,"href":"https:\/\/www.oliocentrica.it\/de\/wp-json\/wp\/v2\/pwb-brand?post=16276"},{"taxonomy":"product_cat","embeddable":true,"href":"https:\/\/www.oliocentrica.it\/de\/wp-json\/wp\/v2\/product_cat?post=16276"},{"taxonomy":"product_tag","embeddable":true,"href":"https:\/\/www.oliocentrica.it\/de\/wp-json\/wp\/v2\/product_tag?post=16276"}],"curies":[{"name":"wp","href":"https:\/\/api.w.org\/{rel}","templated":true}]}}