{"id":16269,"date":"2022-11-21T17:05:01","date_gmt":"2022-11-21T16:05:01","guid":{"rendered":"https:\/\/www.oliocentrica.it\/?post_type=product&#038;p=16269"},"modified":"2023-10-25T19:05:54","modified_gmt":"2023-10-25T17:05:54","slug":"elite-denocciolato","status":"publish","type":"product","link":"https:\/\/www.oliocentrica.it\/de\/shop\/elite-denocciolato\/","title":{"rendered":"\u00c9LITE denocciolato"},"content":{"rendered":"<p><em><strong>Intensiv fruchtig<\/strong><\/em><\/p>\n<p><strong>Duft<\/strong>: Noten von aromatischen Kr\u00e4utern, Rucola, Chicor\u00e9e und Artischocke<\/p>\n<p><strong>Geschmack<\/strong>: intensiv und angenehm, w\u00fcrzig und bitter, die auf anhaltende Weise am ganzen Gaumen harmonieren<\/p>\n<p><strong>Probieren Sie es mit\u2026<\/strong> H\u00fclsenfr\u00fcchtesuppen, gebackenen Steinpilzen und Thunfischsalaten<\/p>\n<p><strong>Geografisches Gebiet und Territorium<\/strong>: Giovinazzo, Bari, Apulien &#8211; Fruchtbares Land und jahrhundertealte Olivenb\u00e4ume<\/p>\n<p><strong>Olivenkampagne<\/strong>: 2023\/2024<\/p>\n<p><strong>Formate<\/strong>: 0,50 l<\/p>\n<p><strong>Sortenreine Olive<\/strong>: Coratina<\/p>\n<p><strong>Herstellungsverfahren<\/strong>: moderne Extraktionstechniken, kontinuierlicher\/K\u00e4ltezyklus<\/p>\n<p><strong>Konservierungsmethode<\/strong>: kontrollierte Temperaturen<\/p>\n<p>_______________________________________<\/p>\n<p><em>Preise und Anerkennungen<\/em><\/p>\n<p><strong>3 Bl\u00e4tter Gambero Rosso \u00d6le aus Italien<\/strong><\/p>\n<p>_______________________________________<\/p>\n<p><em>Weitere Informationen gelten f\u00fcr alle unsere nativen Oliven\u00f6le extra<\/em><\/p>\n<p><strong>Zutaten<\/strong>: 100 % italienische Oliven, im richtigen Reifegrad geerntet und in Italien mit mechanischen Verfahren gepresst<br \/>\n<strong>Lagerung<\/strong>: fern von Licht, W\u00e4rmequellen, schlechten Ger\u00fcchen und in hermetisch verschlossenen Flaschen. Denken Sie daran, dass natives Oliven\u00f6l extra der Feind von Licht, Hitze und Luft ist<br \/>\n<strong>Frist:<\/strong> innerhalb von 18 Monaten ab dem Datum der Abf\u00fcllung (Frist, innerhalb derer Sie von den N\u00e4hrwerten des nativen Oliven\u00f6ls extra profitieren k\u00f6nnen)<br \/>\n<strong>Verwendung:<\/strong> t\u00e4glich roh oder zum kurzen Garen bei moderaten Temperaturen<\/p>\n","protected":false},"excerpt":{"rendered":"<p><em><strong>Intensiv fruchtig<\/strong><\/em><\/p>\n<p>\u00c9lite entkernt ist Teil einer begrenzten Produktion, die nur in einem sehr kurzen Zeitraum der \u00d6lkampagne gewonnen wurde. Die beste Kombination aus dem richtigen Reifegrad der Oliven, den besonderen klimatischen Bedingungen und der Hilfe von Verarbeitungstechniken wie Vakuumkneten und Entkernen erm\u00f6glicht es uns, ein \u00d6l mit einem komplexen organoleptischen Ausdruck zu erhalten.<\/p>\n<p>Weich und seidig am Gaumen setzt er angenehme Geruchsempfindungen frei, die von einem Hauch von aromatischen Kr\u00e4utern, Rucola, Chicor\u00e9e und Artischocke reichen. Intensiv und angenehm die W\u00fcrze und Bitterkeit, die nachhaltig am ganzen Gaumen harmonieren. Ein ideales natives Oliven\u00f6l extra zu H\u00fclsenfr\u00fcchtesuppen, gebackenen Steinpilzen und Thunfischsalaten.<\/p>\n<p><strong>Olivenkampagne: 2023\/2024<\/strong><\/p>\n","protected":false},"featured_media":16274,"comment_status":"closed","ping_status":"closed","template":"","meta":[],"pwb-brand":[312],"product_cat":[252],"product_tag":[],"acf":[],"yoast_head":"<!-- This site is optimized with the Yoast SEO plugin v24.5 - https:\/\/yoast.com\/wordpress\/plugins\/seo\/ -->\n<title>\u00c9LITE denocciolato - Oliocentrica<\/title>\n<meta name=\"robots\" content=\"index, follow, max-snippet:-1, max-image-preview:large, max-video-preview:-1\" \/>\n<link rel=\"canonical\" href=\"https:\/\/www.oliocentrica.it\/de\/shop\/elite-denocciolato\/\" \/>\n<meta property=\"og:locale\" content=\"de_DE\" \/>\n<meta property=\"og:type\" content=\"article\" \/>\n<meta property=\"og:title\" content=\"\u00c9LITE denocciolato - Oliocentrica\" \/>\n<meta property=\"og:description\" content=\"Intensiv fruchtig  \u00c9lite entkernt ist Teil einer begrenzten Produktion, die nur in einem sehr kurzen Zeitraum der \u00d6lkampagne gewonnen wurde. Die beste Kombination aus dem richtigen Reifegrad der Oliven, den besonderen klimatischen Bedingungen und der Hilfe von Verarbeitungstechniken wie Vakuumkneten und Entkernen erm\u00f6glicht es uns, ein \u00d6l mit einem komplexen organoleptischen Ausdruck zu erhalten.  Weich und seidig am Gaumen setzt er angenehme Geruchsempfindungen frei, die von einem Hauch von aromatischen Kr\u00e4utern, Rucola, Chicor\u00e9e und Artischocke reichen. Intensiv und angenehm die W\u00fcrze und Bitterkeit, die nachhaltig am ganzen Gaumen harmonieren. Ein ideales natives Oliven\u00f6l extra zu H\u00fclsenfr\u00fcchtesuppen, gebackenen Steinpilzen und Thunfischsalaten.  Olivenkampagne: 2023\/2024\" \/>\n<meta property=\"og:url\" content=\"https:\/\/www.oliocentrica.it\/de\/shop\/elite-denocciolato\/\" \/>\n<meta property=\"og:site_name\" content=\"Oliocentrica\" \/>\n<meta property=\"article:publisher\" content=\"https:\/\/www.facebook.com\/Oliocentrica\" \/>\n<meta property=\"article:modified_time\" content=\"2023-10-25T17:05:54+00:00\" \/>\n<meta property=\"og:image\" content=\"https:\/\/www.oliocentrica.it\/wp-content\/uploads\/2022\/11\/elite-denocciolato-oro-di-rufolo.jpg\" \/>\n\t<meta property=\"og:image:width\" content=\"800\" \/>\n\t<meta property=\"og:image:height\" content=\"800\" \/>\n\t<meta property=\"og:image:type\" content=\"image\/jpeg\" \/>\n<meta name=\"twitter:card\" content=\"summary_large_image\" \/>\n<meta name=\"twitter:label1\" content=\"Gesch\u00e4tzte Lesezeit\" \/>\n\t<meta name=\"twitter:data1\" content=\"1\u00a0Minute\" \/>\n<script type=\"application\/ld+json\" class=\"yoast-schema-graph\">{\"@context\":\"https:\/\/schema.org\",\"@graph\":[{\"@type\":\"WebPage\",\"@id\":\"https:\/\/www.oliocentrica.it\/de\/shop\/elite-denocciolato\/\",\"url\":\"https:\/\/www.oliocentrica.it\/de\/shop\/elite-denocciolato\/\",\"name\":\"\u00c9LITE denocciolato - Oliocentrica\",\"isPartOf\":{\"@id\":\"https:\/\/www.oliocentrica.it\/de\/#website\"},\"primaryImageOfPage\":{\"@id\":\"https:\/\/www.oliocentrica.it\/de\/shop\/elite-denocciolato\/#primaryimage\"},\"image\":{\"@id\":\"https:\/\/www.oliocentrica.it\/de\/shop\/elite-denocciolato\/#primaryimage\"},\"thumbnailUrl\":\"https:\/\/www.oliocentrica.it\/wp-content\/uploads\/2022\/11\/elite-denocciolato-oro-di-rufolo.jpg\",\"datePublished\":\"2022-11-21T16:05:01+00:00\",\"dateModified\":\"2023-10-25T17:05:54+00:00\",\"breadcrumb\":{\"@id\":\"https:\/\/www.oliocentrica.it\/de\/shop\/elite-denocciolato\/#breadcrumb\"},\"inLanguage\":\"de\",\"potentialAction\":[{\"@type\":\"ReadAction\",\"target\":[\"https:\/\/www.oliocentrica.it\/de\/shop\/elite-denocciolato\/\"]}]},{\"@type\":\"ImageObject\",\"inLanguage\":\"de\",\"@id\":\"https:\/\/www.oliocentrica.it\/de\/shop\/elite-denocciolato\/#primaryimage\",\"url\":\"https:\/\/www.oliocentrica.it\/wp-content\/uploads\/2022\/11\/elite-denocciolato-oro-di-rufolo.jpg\",\"contentUrl\":\"https:\/\/www.oliocentrica.it\/wp-content\/uploads\/2022\/11\/elite-denocciolato-oro-di-rufolo.jpg\",\"width\":800,\"height\":800,\"caption\":\"elite denocciolato oro di rufolo\"},{\"@type\":\"BreadcrumbList\",\"@id\":\"https:\/\/www.oliocentrica.it\/de\/shop\/elite-denocciolato\/#breadcrumb\",\"itemListElement\":[{\"@type\":\"ListItem\",\"position\":1,\"name\":\"Home\",\"item\":\"https:\/\/www.oliocentrica.it\/de\/\"},{\"@type\":\"ListItem\",\"position\":2,\"name\":\"Shop\",\"item\":\"https:\/\/www.oliocentrica.it\/de\/shop\/\"},{\"@type\":\"ListItem\",\"position\":3,\"name\":\"\u00c9LITE denocciolato\"}]},{\"@type\":\"WebSite\",\"@id\":\"https:\/\/www.oliocentrica.it\/de\/#website\",\"url\":\"https:\/\/www.oliocentrica.it\/de\/\",\"name\":\"Oliocentrica\",\"description\":\"il filo d\u2019olio tra cibo e salute\",\"publisher\":{\"@id\":\"https:\/\/www.oliocentrica.it\/de\/#organization\"},\"potentialAction\":[{\"@type\":\"SearchAction\",\"target\":{\"@type\":\"EntryPoint\",\"urlTemplate\":\"https:\/\/www.oliocentrica.it\/de\/?s={search_term_string}\"},\"query-input\":{\"@type\":\"PropertyValueSpecification\",\"valueRequired\":true,\"valueName\":\"search_term_string\"}}],\"inLanguage\":\"de\"},{\"@type\":\"Organization\",\"@id\":\"https:\/\/www.oliocentrica.it\/de\/#organization\",\"name\":\"Oliocentrica Srls\",\"url\":\"https:\/\/www.oliocentrica.it\/de\/\",\"logo\":{\"@type\":\"ImageObject\",\"inLanguage\":\"de\",\"@id\":\"https:\/\/www.oliocentrica.it\/de\/#\/schema\/logo\/image\/\",\"url\":\"https:\/\/www.oliocentrica.it\/wp-content\/uploads\/2021\/05\/logo_oliocentrica-1.png\",\"contentUrl\":\"https:\/\/www.oliocentrica.it\/wp-content\/uploads\/2021\/05\/logo_oliocentrica-1.png\",\"width\":250,\"height\":81,\"caption\":\"Oliocentrica Srls\"},\"image\":{\"@id\":\"https:\/\/www.oliocentrica.it\/de\/#\/schema\/logo\/image\/\"},\"sameAs\":[\"https:\/\/www.facebook.com\/Oliocentrica\",\"https:\/\/www.instagram.com\/oliocentrica\"]}]}<\/script>\n<!-- \/ Yoast SEO plugin. -->","yoast_head_json":{"title":"\u00c9LITE denocciolato - Oliocentrica","robots":{"index":"index","follow":"follow","max-snippet":"max-snippet:-1","max-image-preview":"max-image-preview:large","max-video-preview":"max-video-preview:-1"},"canonical":"https:\/\/www.oliocentrica.it\/de\/shop\/elite-denocciolato\/","og_locale":"de_DE","og_type":"article","og_title":"\u00c9LITE denocciolato - Oliocentrica","og_description":"Intensiv fruchtig  \u00c9lite entkernt ist Teil einer begrenzten Produktion, die nur in einem sehr kurzen Zeitraum der \u00d6lkampagne gewonnen wurde. Die beste Kombination aus dem richtigen Reifegrad der Oliven, den besonderen klimatischen Bedingungen und der Hilfe von Verarbeitungstechniken wie Vakuumkneten und Entkernen erm\u00f6glicht es uns, ein \u00d6l mit einem komplexen organoleptischen Ausdruck zu erhalten.  Weich und seidig am Gaumen setzt er angenehme Geruchsempfindungen frei, die von einem Hauch von aromatischen Kr\u00e4utern, Rucola, Chicor\u00e9e und Artischocke reichen. Intensiv und angenehm die W\u00fcrze und Bitterkeit, die nachhaltig am ganzen Gaumen harmonieren. Ein ideales natives Oliven\u00f6l extra zu H\u00fclsenfr\u00fcchtesuppen, gebackenen Steinpilzen und Thunfischsalaten.  Olivenkampagne: 2023\/2024","og_url":"https:\/\/www.oliocentrica.it\/de\/shop\/elite-denocciolato\/","og_site_name":"Oliocentrica","article_publisher":"https:\/\/www.facebook.com\/Oliocentrica","article_modified_time":"2023-10-25T17:05:54+00:00","og_image":[{"width":800,"height":800,"url":"https:\/\/www.oliocentrica.it\/wp-content\/uploads\/2022\/11\/elite-denocciolato-oro-di-rufolo.jpg","type":"image\/jpeg"}],"twitter_card":"summary_large_image","twitter_misc":{"Gesch\u00e4tzte Lesezeit":"1\u00a0Minute"},"schema":{"@context":"https:\/\/schema.org","@graph":[{"@type":"WebPage","@id":"https:\/\/www.oliocentrica.it\/de\/shop\/elite-denocciolato\/","url":"https:\/\/www.oliocentrica.it\/de\/shop\/elite-denocciolato\/","name":"\u00c9LITE denocciolato - Oliocentrica","isPartOf":{"@id":"https:\/\/www.oliocentrica.it\/de\/#website"},"primaryImageOfPage":{"@id":"https:\/\/www.oliocentrica.it\/de\/shop\/elite-denocciolato\/#primaryimage"},"image":{"@id":"https:\/\/www.oliocentrica.it\/de\/shop\/elite-denocciolato\/#primaryimage"},"thumbnailUrl":"https:\/\/www.oliocentrica.it\/wp-content\/uploads\/2022\/11\/elite-denocciolato-oro-di-rufolo.jpg","datePublished":"2022-11-21T16:05:01+00:00","dateModified":"2023-10-25T17:05:54+00:00","breadcrumb":{"@id":"https:\/\/www.oliocentrica.it\/de\/shop\/elite-denocciolato\/#breadcrumb"},"inLanguage":"de","potentialAction":[{"@type":"ReadAction","target":["https:\/\/www.oliocentrica.it\/de\/shop\/elite-denocciolato\/"]}]},{"@type":"ImageObject","inLanguage":"de","@id":"https:\/\/www.oliocentrica.it\/de\/shop\/elite-denocciolato\/#primaryimage","url":"https:\/\/www.oliocentrica.it\/wp-content\/uploads\/2022\/11\/elite-denocciolato-oro-di-rufolo.jpg","contentUrl":"https:\/\/www.oliocentrica.it\/wp-content\/uploads\/2022\/11\/elite-denocciolato-oro-di-rufolo.jpg","width":800,"height":800,"caption":"elite denocciolato oro di rufolo"},{"@type":"BreadcrumbList","@id":"https:\/\/www.oliocentrica.it\/de\/shop\/elite-denocciolato\/#breadcrumb","itemListElement":[{"@type":"ListItem","position":1,"name":"Home","item":"https:\/\/www.oliocentrica.it\/de\/"},{"@type":"ListItem","position":2,"name":"Shop","item":"https:\/\/www.oliocentrica.it\/de\/shop\/"},{"@type":"ListItem","position":3,"name":"\u00c9LITE denocciolato"}]},{"@type":"WebSite","@id":"https:\/\/www.oliocentrica.it\/de\/#website","url":"https:\/\/www.oliocentrica.it\/de\/","name":"Oliocentrica","description":"il filo d\u2019olio tra cibo e salute","publisher":{"@id":"https:\/\/www.oliocentrica.it\/de\/#organization"},"potentialAction":[{"@type":"SearchAction","target":{"@type":"EntryPoint","urlTemplate":"https:\/\/www.oliocentrica.it\/de\/?s={search_term_string}"},"query-input":{"@type":"PropertyValueSpecification","valueRequired":true,"valueName":"search_term_string"}}],"inLanguage":"de"},{"@type":"Organization","@id":"https:\/\/www.oliocentrica.it\/de\/#organization","name":"Oliocentrica Srls","url":"https:\/\/www.oliocentrica.it\/de\/","logo":{"@type":"ImageObject","inLanguage":"de","@id":"https:\/\/www.oliocentrica.it\/de\/#\/schema\/logo\/image\/","url":"https:\/\/www.oliocentrica.it\/wp-content\/uploads\/2021\/05\/logo_oliocentrica-1.png","contentUrl":"https:\/\/www.oliocentrica.it\/wp-content\/uploads\/2021\/05\/logo_oliocentrica-1.png","width":250,"height":81,"caption":"Oliocentrica Srls"},"image":{"@id":"https:\/\/www.oliocentrica.it\/de\/#\/schema\/logo\/image\/"},"sameAs":["https:\/\/www.facebook.com\/Oliocentrica","https:\/\/www.instagram.com\/oliocentrica"]}]}},"brands":[{"id":312,"name":"Oro di Rufolo","slug":"oro-di-rufolo"}],"_links":{"self":[{"href":"https:\/\/www.oliocentrica.it\/de\/wp-json\/wp\/v2\/product\/16269"}],"collection":[{"href":"https:\/\/www.oliocentrica.it\/de\/wp-json\/wp\/v2\/product"}],"about":[{"href":"https:\/\/www.oliocentrica.it\/de\/wp-json\/wp\/v2\/types\/product"}],"replies":[{"embeddable":true,"href":"https:\/\/www.oliocentrica.it\/de\/wp-json\/wp\/v2\/comments?post=16269"}],"wp:featuredmedia":[{"embeddable":true,"href":"https:\/\/www.oliocentrica.it\/de\/wp-json\/wp\/v2\/media\/16274"}],"wp:attachment":[{"href":"https:\/\/www.oliocentrica.it\/de\/wp-json\/wp\/v2\/media?parent=16269"}],"wp:term":[{"taxonomy":"pwb-brand","embeddable":true,"href":"https:\/\/www.oliocentrica.it\/de\/wp-json\/wp\/v2\/pwb-brand?post=16269"},{"taxonomy":"product_cat","embeddable":true,"href":"https:\/\/www.oliocentrica.it\/de\/wp-json\/wp\/v2\/product_cat?post=16269"},{"taxonomy":"product_tag","embeddable":true,"href":"https:\/\/www.oliocentrica.it\/de\/wp-json\/wp\/v2\/product_tag?post=16269"}],"curies":[{"name":"wp","href":"https:\/\/api.w.org\/{rel}","templated":true}]}}