{"id":16262,"date":"2022-11-21T16:46:53","date_gmt":"2022-11-21T15:46:53","guid":{"rendered":"https:\/\/www.oliocentrica.it\/?post_type=product&#038;p=16262"},"modified":"2023-10-25T19:12:56","modified_gmt":"2023-10-25T17:12:56","slug":"extravergine","status":"publish","type":"product","link":"https:\/\/www.oliocentrica.it\/de\/shop\/extravergine\/","title":{"rendered":"Extravergine"},"content":{"rendered":"<p><em><strong>Mittel\/intensiv fruchtig<\/strong><\/em><\/p>\n<p><strong>Duft<\/strong>: w\u00fcrzige Gem\u00fcsenoten von Artischocke, Mandel und aromatischen Kr\u00e4utern. Leichte, aber wahrnehmbare Noten von gelben Fr\u00fcchten und schwarzem Pfeffer<\/p>\n<p><strong>Geschmack<\/strong>: w\u00fcrzige Noten, begleitet von einer mittleren Persistenz bitter und w\u00fcrzig<\/p>\n<p><strong>Probieren Sie es zu\u2026<\/strong> strukturierten Fleisch- oder Fischgerichten, Escarole-Suppe mit Cannellini-Bohnen und S\u00fc\u00dfwarenzubereitungen auf Schokoladenbasis<\/p>\n<p><strong>Geografisches Gebiet und Hoheitsgebiet<\/strong>: Basilicata, Albano di Lucania (PZ)<\/p>\n<p><strong>Olivenkampagne<\/strong>: 2023\/2024<\/p>\n<p><strong>Formate<\/strong>: 0,50 l und 3 l Bag in Box<\/p>\n<p><strong>Mischung aus Olivensorten<\/strong>: Coratina, Ogliarola del Bradano und Leccino<\/p>\n<p><strong>Herstellungsverfahren<\/strong>: moderne Extraktionstechniken, kontinuierlicher\/K\u00e4ltezyklus<\/p>\n<p><strong>Konservierungsmethode<\/strong>: kontrollierte Temperaturen<\/p>\n<p>_______________________________________<\/p>\n<p><em>Weitere Informationen gelten f\u00fcr alle unsere nativen Oliven\u00f6le extra<\/em><\/p>\n<p><strong>Zutaten<\/strong>: 100 % italienische Oliven, im richtigen Reifegrad geerntet und in Italien mit mechanischen Verfahren gepresst<br \/>\n<strong>Lagerung<\/strong>: fern von Licht, W\u00e4rmequellen, schlechten Ger\u00fcchen und in hermetisch verschlossenen Flaschen. Denken Sie daran, dass natives Oliven\u00f6l extra der Feind von Licht, Hitze und Luft ist<br \/>\n<strong>Frist<\/strong>: innerhalb von 18 Monaten ab dem Datum der Abf\u00fcllung (Frist, innerhalb derer Sie von den N\u00e4hrwerten des nativen Oliven\u00f6ls extra profitieren k\u00f6nnen)<br \/>\n<strong>Verwendung<\/strong>: t\u00e4glich roh oder zum kurzen Garen bei moderaten Temperaturen<\/p>\n","protected":false},"excerpt":{"rendered":"<p><em><strong>Mittel\/intensiv fruchtig<\/strong><\/em><\/p>\n<p>Das native Oliven\u00f6l extra von Fontana dei Santi ist eine Mischung aus einheimischen Oliven (Coratina, l&#8217;ogliarola del bradano, leccino), die geschaffen wurde, um die anspruchsvollsten Gaumen zufrieden zu stellen. Mit einem komplexen organoleptischen Profil \u00fcberrascht er die Sinne mit ausgepr\u00e4gten pflanzlichen Noten von Artischocken, Mandeln und aromatischen Kr\u00e4utern. Leichte, aber wahrnehmbare Noten von gelben Fr\u00fcchten und schwarzem Pfeffer &#8230; die w\u00fcrzigen Noten kehren zum Geschmack zur\u00fcck, begleitet von einer bitteren und w\u00fcrzigen mittleren Persistenz. In der K\u00fcche ein ausgezeichneter Verb\u00fcndeter f\u00fcr strukturierte Gerichte auf Fleisch- oder Fischbasis, perfekt f\u00fcr die Zubereitung von Schokoladenkonfekt.<\/p>\n<p><strong>Olivenkampagne: 2023\/2024<\/strong><\/p>\n","protected":false},"featured_media":16288,"comment_status":"closed","ping_status":"closed","template":"","meta":[],"pwb-brand":[292],"product_cat":[252],"product_tag":[],"acf":[],"yoast_head":"<!-- This site is optimized with the Yoast SEO plugin v24.5 - https:\/\/yoast.com\/wordpress\/plugins\/seo\/ -->\n<title>Extravergine - Oliocentrica<\/title>\n<meta name=\"robots\" content=\"index, follow, max-snippet:-1, max-image-preview:large, max-video-preview:-1\" \/>\n<link rel=\"canonical\" href=\"https:\/\/www.oliocentrica.it\/de\/shop\/extravergine\/\" \/>\n<meta property=\"og:locale\" content=\"de_DE\" \/>\n<meta property=\"og:type\" content=\"article\" \/>\n<meta property=\"og:title\" content=\"Extravergine - Oliocentrica\" \/>\n<meta property=\"og:description\" content=\"Mittel\/intensiv fruchtig  Das native Oliven\u00f6l extra von Fontana dei Santi ist eine Mischung aus einheimischen Oliven (Coratina, l&#039;ogliarola del bradano, leccino), die geschaffen wurde, um die anspruchsvollsten Gaumen zufrieden zu stellen. Mit einem komplexen organoleptischen Profil \u00fcberrascht er die Sinne mit ausgepr\u00e4gten pflanzlichen Noten von Artischocken, Mandeln und aromatischen Kr\u00e4utern. Leichte, aber wahrnehmbare Noten von gelben Fr\u00fcchten und schwarzem Pfeffer ... die w\u00fcrzigen Noten kehren zum Geschmack zur\u00fcck, begleitet von einer bitteren und w\u00fcrzigen mittleren Persistenz. In der K\u00fcche ein ausgezeichneter Verb\u00fcndeter f\u00fcr strukturierte Gerichte auf Fleisch- oder Fischbasis, perfekt f\u00fcr die Zubereitung von Schokoladenkonfekt.  Olivenkampagne: 2023\/2024\" \/>\n<meta property=\"og:url\" content=\"https:\/\/www.oliocentrica.it\/de\/shop\/extravergine\/\" \/>\n<meta property=\"og:site_name\" content=\"Oliocentrica\" \/>\n<meta property=\"article:publisher\" content=\"https:\/\/www.facebook.com\/Oliocentrica\" \/>\n<meta property=\"article:modified_time\" content=\"2023-10-25T17:12:56+00:00\" \/>\n<meta property=\"og:image\" content=\"https:\/\/www.oliocentrica.it\/wp-content\/uploads\/2022\/11\/extravergine-fontana-dei-santi-1.jpg\" \/>\n\t<meta property=\"og:image:width\" content=\"800\" \/>\n\t<meta property=\"og:image:height\" content=\"800\" \/>\n\t<meta property=\"og:image:type\" content=\"image\/jpeg\" \/>\n<meta name=\"twitter:card\" content=\"summary_large_image\" \/>\n<meta name=\"twitter:label1\" content=\"Gesch\u00e4tzte Lesezeit\" \/>\n\t<meta name=\"twitter:data1\" content=\"1\u00a0Minute\" \/>\n<script type=\"application\/ld+json\" class=\"yoast-schema-graph\">{\"@context\":\"https:\/\/schema.org\",\"@graph\":[{\"@type\":\"WebPage\",\"@id\":\"https:\/\/www.oliocentrica.it\/de\/shop\/extravergine\/\",\"url\":\"https:\/\/www.oliocentrica.it\/de\/shop\/extravergine\/\",\"name\":\"Extravergine - Oliocentrica\",\"isPartOf\":{\"@id\":\"https:\/\/www.oliocentrica.it\/de\/#website\"},\"primaryImageOfPage\":{\"@id\":\"https:\/\/www.oliocentrica.it\/de\/shop\/extravergine\/#primaryimage\"},\"image\":{\"@id\":\"https:\/\/www.oliocentrica.it\/de\/shop\/extravergine\/#primaryimage\"},\"thumbnailUrl\":\"https:\/\/www.oliocentrica.it\/wp-content\/uploads\/2022\/11\/extravergine-fontana-dei-santi-1.jpg\",\"datePublished\":\"2022-11-21T15:46:53+00:00\",\"dateModified\":\"2023-10-25T17:12:56+00:00\",\"breadcrumb\":{\"@id\":\"https:\/\/www.oliocentrica.it\/de\/shop\/extravergine\/#breadcrumb\"},\"inLanguage\":\"de\",\"potentialAction\":[{\"@type\":\"ReadAction\",\"target\":[\"https:\/\/www.oliocentrica.it\/de\/shop\/extravergine\/\"]}]},{\"@type\":\"ImageObject\",\"inLanguage\":\"de\",\"@id\":\"https:\/\/www.oliocentrica.it\/de\/shop\/extravergine\/#primaryimage\",\"url\":\"https:\/\/www.oliocentrica.it\/wp-content\/uploads\/2022\/11\/extravergine-fontana-dei-santi-1.jpg\",\"contentUrl\":\"https:\/\/www.oliocentrica.it\/wp-content\/uploads\/2022\/11\/extravergine-fontana-dei-santi-1.jpg\",\"width\":800,\"height\":800,\"caption\":\"extravergine fontana dei santi\"},{\"@type\":\"BreadcrumbList\",\"@id\":\"https:\/\/www.oliocentrica.it\/de\/shop\/extravergine\/#breadcrumb\",\"itemListElement\":[{\"@type\":\"ListItem\",\"position\":1,\"name\":\"Home\",\"item\":\"https:\/\/www.oliocentrica.it\/de\/\"},{\"@type\":\"ListItem\",\"position\":2,\"name\":\"Shop\",\"item\":\"https:\/\/www.oliocentrica.it\/de\/shop\/\"},{\"@type\":\"ListItem\",\"position\":3,\"name\":\"Extravergine\"}]},{\"@type\":\"WebSite\",\"@id\":\"https:\/\/www.oliocentrica.it\/de\/#website\",\"url\":\"https:\/\/www.oliocentrica.it\/de\/\",\"name\":\"Oliocentrica\",\"description\":\"il filo d\u2019olio tra cibo e salute\",\"publisher\":{\"@id\":\"https:\/\/www.oliocentrica.it\/de\/#organization\"},\"potentialAction\":[{\"@type\":\"SearchAction\",\"target\":{\"@type\":\"EntryPoint\",\"urlTemplate\":\"https:\/\/www.oliocentrica.it\/de\/?s={search_term_string}\"},\"query-input\":{\"@type\":\"PropertyValueSpecification\",\"valueRequired\":true,\"valueName\":\"search_term_string\"}}],\"inLanguage\":\"de\"},{\"@type\":\"Organization\",\"@id\":\"https:\/\/www.oliocentrica.it\/de\/#organization\",\"name\":\"Oliocentrica Srls\",\"url\":\"https:\/\/www.oliocentrica.it\/de\/\",\"logo\":{\"@type\":\"ImageObject\",\"inLanguage\":\"de\",\"@id\":\"https:\/\/www.oliocentrica.it\/de\/#\/schema\/logo\/image\/\",\"url\":\"https:\/\/www.oliocentrica.it\/wp-content\/uploads\/2021\/05\/logo_oliocentrica-1.png\",\"contentUrl\":\"https:\/\/www.oliocentrica.it\/wp-content\/uploads\/2021\/05\/logo_oliocentrica-1.png\",\"width\":250,\"height\":81,\"caption\":\"Oliocentrica Srls\"},\"image\":{\"@id\":\"https:\/\/www.oliocentrica.it\/de\/#\/schema\/logo\/image\/\"},\"sameAs\":[\"https:\/\/www.facebook.com\/Oliocentrica\",\"https:\/\/www.instagram.com\/oliocentrica\"]}]}<\/script>\n<!-- \/ Yoast SEO plugin. -->","yoast_head_json":{"title":"Extravergine - Oliocentrica","robots":{"index":"index","follow":"follow","max-snippet":"max-snippet:-1","max-image-preview":"max-image-preview:large","max-video-preview":"max-video-preview:-1"},"canonical":"https:\/\/www.oliocentrica.it\/de\/shop\/extravergine\/","og_locale":"de_DE","og_type":"article","og_title":"Extravergine - Oliocentrica","og_description":"Mittel\/intensiv fruchtig  Das native Oliven\u00f6l extra von Fontana dei Santi ist eine Mischung aus einheimischen Oliven (Coratina, l'ogliarola del bradano, leccino), die geschaffen wurde, um die anspruchsvollsten Gaumen zufrieden zu stellen. Mit einem komplexen organoleptischen Profil \u00fcberrascht er die Sinne mit ausgepr\u00e4gten pflanzlichen Noten von Artischocken, Mandeln und aromatischen Kr\u00e4utern. Leichte, aber wahrnehmbare Noten von gelben Fr\u00fcchten und schwarzem Pfeffer ... die w\u00fcrzigen Noten kehren zum Geschmack zur\u00fcck, begleitet von einer bitteren und w\u00fcrzigen mittleren Persistenz. In der K\u00fcche ein ausgezeichneter Verb\u00fcndeter f\u00fcr strukturierte Gerichte auf Fleisch- oder Fischbasis, perfekt f\u00fcr die Zubereitung von Schokoladenkonfekt.  Olivenkampagne: 2023\/2024","og_url":"https:\/\/www.oliocentrica.it\/de\/shop\/extravergine\/","og_site_name":"Oliocentrica","article_publisher":"https:\/\/www.facebook.com\/Oliocentrica","article_modified_time":"2023-10-25T17:12:56+00:00","og_image":[{"width":800,"height":800,"url":"https:\/\/www.oliocentrica.it\/wp-content\/uploads\/2022\/11\/extravergine-fontana-dei-santi-1.jpg","type":"image\/jpeg"}],"twitter_card":"summary_large_image","twitter_misc":{"Gesch\u00e4tzte Lesezeit":"1\u00a0Minute"},"schema":{"@context":"https:\/\/schema.org","@graph":[{"@type":"WebPage","@id":"https:\/\/www.oliocentrica.it\/de\/shop\/extravergine\/","url":"https:\/\/www.oliocentrica.it\/de\/shop\/extravergine\/","name":"Extravergine - Oliocentrica","isPartOf":{"@id":"https:\/\/www.oliocentrica.it\/de\/#website"},"primaryImageOfPage":{"@id":"https:\/\/www.oliocentrica.it\/de\/shop\/extravergine\/#primaryimage"},"image":{"@id":"https:\/\/www.oliocentrica.it\/de\/shop\/extravergine\/#primaryimage"},"thumbnailUrl":"https:\/\/www.oliocentrica.it\/wp-content\/uploads\/2022\/11\/extravergine-fontana-dei-santi-1.jpg","datePublished":"2022-11-21T15:46:53+00:00","dateModified":"2023-10-25T17:12:56+00:00","breadcrumb":{"@id":"https:\/\/www.oliocentrica.it\/de\/shop\/extravergine\/#breadcrumb"},"inLanguage":"de","potentialAction":[{"@type":"ReadAction","target":["https:\/\/www.oliocentrica.it\/de\/shop\/extravergine\/"]}]},{"@type":"ImageObject","inLanguage":"de","@id":"https:\/\/www.oliocentrica.it\/de\/shop\/extravergine\/#primaryimage","url":"https:\/\/www.oliocentrica.it\/wp-content\/uploads\/2022\/11\/extravergine-fontana-dei-santi-1.jpg","contentUrl":"https:\/\/www.oliocentrica.it\/wp-content\/uploads\/2022\/11\/extravergine-fontana-dei-santi-1.jpg","width":800,"height":800,"caption":"extravergine fontana dei santi"},{"@type":"BreadcrumbList","@id":"https:\/\/www.oliocentrica.it\/de\/shop\/extravergine\/#breadcrumb","itemListElement":[{"@type":"ListItem","position":1,"name":"Home","item":"https:\/\/www.oliocentrica.it\/de\/"},{"@type":"ListItem","position":2,"name":"Shop","item":"https:\/\/www.oliocentrica.it\/de\/shop\/"},{"@type":"ListItem","position":3,"name":"Extravergine"}]},{"@type":"WebSite","@id":"https:\/\/www.oliocentrica.it\/de\/#website","url":"https:\/\/www.oliocentrica.it\/de\/","name":"Oliocentrica","description":"il filo d\u2019olio tra cibo e salute","publisher":{"@id":"https:\/\/www.oliocentrica.it\/de\/#organization"},"potentialAction":[{"@type":"SearchAction","target":{"@type":"EntryPoint","urlTemplate":"https:\/\/www.oliocentrica.it\/de\/?s={search_term_string}"},"query-input":{"@type":"PropertyValueSpecification","valueRequired":true,"valueName":"search_term_string"}}],"inLanguage":"de"},{"@type":"Organization","@id":"https:\/\/www.oliocentrica.it\/de\/#organization","name":"Oliocentrica Srls","url":"https:\/\/www.oliocentrica.it\/de\/","logo":{"@type":"ImageObject","inLanguage":"de","@id":"https:\/\/www.oliocentrica.it\/de\/#\/schema\/logo\/image\/","url":"https:\/\/www.oliocentrica.it\/wp-content\/uploads\/2021\/05\/logo_oliocentrica-1.png","contentUrl":"https:\/\/www.oliocentrica.it\/wp-content\/uploads\/2021\/05\/logo_oliocentrica-1.png","width":250,"height":81,"caption":"Oliocentrica Srls"},"image":{"@id":"https:\/\/www.oliocentrica.it\/de\/#\/schema\/logo\/image\/"},"sameAs":["https:\/\/www.facebook.com\/Oliocentrica","https:\/\/www.instagram.com\/oliocentrica"]}]}},"brands":[{"id":292,"name":"Fontana dei Santi","slug":"fontana-dei-santi"}],"_links":{"self":[{"href":"https:\/\/www.oliocentrica.it\/de\/wp-json\/wp\/v2\/product\/16262"}],"collection":[{"href":"https:\/\/www.oliocentrica.it\/de\/wp-json\/wp\/v2\/product"}],"about":[{"href":"https:\/\/www.oliocentrica.it\/de\/wp-json\/wp\/v2\/types\/product"}],"replies":[{"embeddable":true,"href":"https:\/\/www.oliocentrica.it\/de\/wp-json\/wp\/v2\/comments?post=16262"}],"wp:featuredmedia":[{"embeddable":true,"href":"https:\/\/www.oliocentrica.it\/de\/wp-json\/wp\/v2\/media\/16288"}],"wp:attachment":[{"href":"https:\/\/www.oliocentrica.it\/de\/wp-json\/wp\/v2\/media?parent=16262"}],"wp:term":[{"taxonomy":"pwb-brand","embeddable":true,"href":"https:\/\/www.oliocentrica.it\/de\/wp-json\/wp\/v2\/pwb-brand?post=16262"},{"taxonomy":"product_cat","embeddable":true,"href":"https:\/\/www.oliocentrica.it\/de\/wp-json\/wp\/v2\/product_cat?post=16262"},{"taxonomy":"product_tag","embeddable":true,"href":"https:\/\/www.oliocentrica.it\/de\/wp-json\/wp\/v2\/product_tag?post=16262"}],"curies":[{"name":"wp","href":"https:\/\/api.w.org\/{rel}","templated":true}]}}