{"id":16255,"date":"2022-11-21T16:10:57","date_gmt":"2022-11-21T15:10:57","guid":{"rendered":"https:\/\/www.oliocentrica.it\/?post_type=product&#038;p=16255"},"modified":"2023-10-25T19:16:13","modified_gmt":"2023-10-25T17:16:13","slug":"sardegna-dop-fruttato-verde-riserva","status":"publish","type":"product","link":"https:\/\/www.oliocentrica.it\/de\/shop\/sardegna-dop-fruttato-verde-riserva\/","title":{"rendered":"Sardegna DOP Fruttato Verde Riserva"},"content":{"rendered":"<p><em><strong>Intensiv fruchtig<\/strong><\/em><\/p>\n<p><strong>Duft<\/strong>: gr\u00fcnfruchtig, frisch und scharf, mit entscheidenden Noten von Artischocke und Distel<\/p>\n<p><strong>Geschmack<\/strong>: entscheidend und anhaltend bitter und w\u00fcrzig<\/p>\n<p><strong>Probieren Sie es mit\u2026<\/strong> Acciagione, gegrilltem Gem\u00fcse und Pinzimonio<\/p>\n<p><strong>Geografisches Gebiet und Hoheitsgebiet<\/strong>: Alghero (SS)<\/p>\n<p><strong>Olivenkampagne<\/strong>: 2023\/2024<\/p>\n<p><strong>Formate<\/strong>: 0,5 l<\/p>\n<p><strong>Mischung aus Olivensorten<\/strong>: Bosana, Semidana<\/p>\n<p><strong>Produktionsverfahren<\/strong>: moderne Zweiphasen-Durchlaufanlage<\/p>\n<p><strong>Konservierungsmethode<\/strong>: Edelstahlbeh\u00e4lter in kontrollierter Atmosph\u00e4re und Temperatur<\/p>\n<p>_______________________________________<\/p>\n<p><em>Preise und Anerkennungen<\/em><\/p>\n<p><em><strong>Goldene Amphore von Epulae<\/strong><\/em><\/p>\n<p><em><strong>Flos Olei 98\/100 2022<\/strong><\/em><\/p>\n<p><em><strong>Goldener L\u00f6we 2022 Leone Selection<\/strong><\/em><\/p>\n<p><em><strong>Der Pr\u00e4chtige **EQOO<\/strong><\/em><\/p>\n<p><em><strong>Goldmedaille des Athena-internoliven \u00d6lwettbewerbs<\/strong><\/em><\/p>\n<p>_______________________________________<\/p>\n<p><em>Weitere Informationen gelten f\u00fcr alle unsere nativen Oliven\u00f6le extra<\/em><\/p>\n<p><strong>Zutaten:<\/strong> 100 % italienische Oliven, im richtigen Reifegrad geerntet und in Italien mit mechanischen Verfahren gepresst<br \/>\n<strong>Lagerung:<\/strong> fern von Licht, W\u00e4rmequellen, schlechten Ger\u00fcchen und in hermetisch verschlossenen Flaschen. Denken Sie daran, dass natives Oliven\u00f6l extra der Feind von Licht, Hitze und Luft ist<br \/>\n<strong>Frist:<\/strong> innerhalb von 18 Monaten ab dem Datum der Abf\u00fcllung (Frist, innerhalb derer Sie von den N\u00e4hrwerten des nativen Oliven\u00f6ls extra profitieren k\u00f6nnen)<br \/>\n<strong>Verwendung:<\/strong> t\u00e4glich roh oder zum kurzen Garen bei moderaten Temperaturen<\/p>\n","protected":false},"excerpt":{"rendered":"<p><em><strong>Leicht fruchtig<\/strong><\/em><\/p>\n<p>Sardegna DOP Fruttato Verde ist einer der H\u00f6hepunkte der Exzellenz der Accademia Olearia.<br \/>\nEs ist ein natives Oliven\u00f6l extra, das das Ergebnis einer Auswahl von Oliven ist, die noch vollst\u00e4ndig gr\u00fcn geerntet werden, kombiniert mit einem kalten Transformationsprozess, der gleichzeitig mit der Ernte stattfindet. Das Ergebnis ist ein Produkt mit einer entscheidenden Struktur mit einem klaren Olivenduft, einem gr\u00fcnen, frischen und scharfen Fruchtgeschmack mit entscheidenden Ankl\u00e4ngen von Artischocke und Distel sowie ausgepr\u00e4gten bitteren und w\u00fcrzigen Noten, die angenehm am Gaumen sind. Seine besondere Intensit\u00e4t macht ihn zu einem hervorstechenden Element f\u00fcr die Gerichte unserer K\u00fcche. Er passt gut zu Wildgerichten und Gerichten von besonderer Intensit\u00e4t; Wenn Sie es roh verwenden, wird es verbessert.<\/p>\n<p><strong>Olivenkampagne: 2023\/2024<\/strong><\/p>\n","protected":false},"featured_media":16260,"comment_status":"closed","ping_status":"closed","template":"","meta":[],"pwb-brand":[281],"product_cat":[252],"product_tag":[],"acf":[],"yoast_head":"<!-- This site is optimized with the Yoast SEO plugin v24.5 - https:\/\/yoast.com\/wordpress\/plugins\/seo\/ -->\n<title>Sardegna DOP Fruttato Verde Riserva - Oliocentrica<\/title>\n<meta name=\"robots\" content=\"index, follow, max-snippet:-1, max-image-preview:large, max-video-preview:-1\" \/>\n<link rel=\"canonical\" href=\"https:\/\/www.oliocentrica.it\/de\/shop\/sardegna-dop-fruttato-verde-riserva\/\" \/>\n<meta property=\"og:locale\" content=\"de_DE\" \/>\n<meta property=\"og:type\" content=\"article\" \/>\n<meta property=\"og:title\" content=\"Sardegna DOP Fruttato Verde Riserva - Oliocentrica\" \/>\n<meta property=\"og:description\" content=\"Leicht fruchtig  Sardegna DOP Fruttato Verde ist einer der H\u00f6hepunkte der Exzellenz der Accademia Olearia. Es ist ein natives Oliven\u00f6l extra, das das Ergebnis einer Auswahl von Oliven ist, die noch vollst\u00e4ndig gr\u00fcn geerntet werden, kombiniert mit einem kalten Transformationsprozess, der gleichzeitig mit der Ernte stattfindet. Das Ergebnis ist ein Produkt mit einer entscheidenden Struktur mit einem klaren Olivenduft, einem gr\u00fcnen, frischen und scharfen Fruchtgeschmack mit entscheidenden Ankl\u00e4ngen von Artischocke und Distel sowie ausgepr\u00e4gten bitteren und w\u00fcrzigen Noten, die angenehm am Gaumen sind. Seine besondere Intensit\u00e4t macht ihn zu einem hervorstechenden Element f\u00fcr die Gerichte unserer K\u00fcche. Er passt gut zu Wildgerichten und Gerichten von besonderer Intensit\u00e4t; Wenn Sie es roh verwenden, wird es verbessert.  Olivenkampagne: 2023\/2024\" \/>\n<meta property=\"og:url\" content=\"https:\/\/www.oliocentrica.it\/de\/shop\/sardegna-dop-fruttato-verde-riserva\/\" \/>\n<meta property=\"og:site_name\" content=\"Oliocentrica\" \/>\n<meta property=\"article:publisher\" content=\"https:\/\/www.facebook.com\/Oliocentrica\" \/>\n<meta property=\"article:modified_time\" content=\"2023-10-25T17:16:13+00:00\" \/>\n<meta property=\"og:image\" content=\"https:\/\/www.oliocentrica.it\/wp-content\/uploads\/2022\/11\/dop-sardegna.jpg\" \/>\n\t<meta property=\"og:image:width\" content=\"800\" \/>\n\t<meta property=\"og:image:height\" content=\"800\" \/>\n\t<meta property=\"og:image:type\" content=\"image\/jpeg\" \/>\n<meta name=\"twitter:card\" content=\"summary_large_image\" \/>\n<meta name=\"twitter:label1\" content=\"Gesch\u00e4tzte Lesezeit\" \/>\n\t<meta name=\"twitter:data1\" content=\"1\u00a0Minute\" \/>\n<script type=\"application\/ld+json\" class=\"yoast-schema-graph\">{\"@context\":\"https:\/\/schema.org\",\"@graph\":[{\"@type\":\"WebPage\",\"@id\":\"https:\/\/www.oliocentrica.it\/de\/shop\/sardegna-dop-fruttato-verde-riserva\/\",\"url\":\"https:\/\/www.oliocentrica.it\/de\/shop\/sardegna-dop-fruttato-verde-riserva\/\",\"name\":\"Sardegna DOP Fruttato Verde Riserva - Oliocentrica\",\"isPartOf\":{\"@id\":\"https:\/\/www.oliocentrica.it\/de\/#website\"},\"primaryImageOfPage\":{\"@id\":\"https:\/\/www.oliocentrica.it\/de\/shop\/sardegna-dop-fruttato-verde-riserva\/#primaryimage\"},\"image\":{\"@id\":\"https:\/\/www.oliocentrica.it\/de\/shop\/sardegna-dop-fruttato-verde-riserva\/#primaryimage\"},\"thumbnailUrl\":\"https:\/\/www.oliocentrica.it\/wp-content\/uploads\/2022\/11\/dop-sardegna.jpg\",\"datePublished\":\"2022-11-21T15:10:57+00:00\",\"dateModified\":\"2023-10-25T17:16:13+00:00\",\"breadcrumb\":{\"@id\":\"https:\/\/www.oliocentrica.it\/de\/shop\/sardegna-dop-fruttato-verde-riserva\/#breadcrumb\"},\"inLanguage\":\"de\",\"potentialAction\":[{\"@type\":\"ReadAction\",\"target\":[\"https:\/\/www.oliocentrica.it\/de\/shop\/sardegna-dop-fruttato-verde-riserva\/\"]}]},{\"@type\":\"ImageObject\",\"inLanguage\":\"de\",\"@id\":\"https:\/\/www.oliocentrica.it\/de\/shop\/sardegna-dop-fruttato-verde-riserva\/#primaryimage\",\"url\":\"https:\/\/www.oliocentrica.it\/wp-content\/uploads\/2022\/11\/dop-sardegna.jpg\",\"contentUrl\":\"https:\/\/www.oliocentrica.it\/wp-content\/uploads\/2022\/11\/dop-sardegna.jpg\",\"width\":800,\"height\":800,\"caption\":\"accademia olearia dop sardegna\"},{\"@type\":\"BreadcrumbList\",\"@id\":\"https:\/\/www.oliocentrica.it\/de\/shop\/sardegna-dop-fruttato-verde-riserva\/#breadcrumb\",\"itemListElement\":[{\"@type\":\"ListItem\",\"position\":1,\"name\":\"Home\",\"item\":\"https:\/\/www.oliocentrica.it\/de\/\"},{\"@type\":\"ListItem\",\"position\":2,\"name\":\"Shop\",\"item\":\"https:\/\/www.oliocentrica.it\/de\/shop\/\"},{\"@type\":\"ListItem\",\"position\":3,\"name\":\"Sardegna DOP Fruttato Verde Riserva\"}]},{\"@type\":\"WebSite\",\"@id\":\"https:\/\/www.oliocentrica.it\/de\/#website\",\"url\":\"https:\/\/www.oliocentrica.it\/de\/\",\"name\":\"Oliocentrica\",\"description\":\"il filo d\u2019olio tra cibo e salute\",\"publisher\":{\"@id\":\"https:\/\/www.oliocentrica.it\/de\/#organization\"},\"potentialAction\":[{\"@type\":\"SearchAction\",\"target\":{\"@type\":\"EntryPoint\",\"urlTemplate\":\"https:\/\/www.oliocentrica.it\/de\/?s={search_term_string}\"},\"query-input\":{\"@type\":\"PropertyValueSpecification\",\"valueRequired\":true,\"valueName\":\"search_term_string\"}}],\"inLanguage\":\"de\"},{\"@type\":\"Organization\",\"@id\":\"https:\/\/www.oliocentrica.it\/de\/#organization\",\"name\":\"Oliocentrica Srls\",\"url\":\"https:\/\/www.oliocentrica.it\/de\/\",\"logo\":{\"@type\":\"ImageObject\",\"inLanguage\":\"de\",\"@id\":\"https:\/\/www.oliocentrica.it\/de\/#\/schema\/logo\/image\/\",\"url\":\"https:\/\/www.oliocentrica.it\/wp-content\/uploads\/2021\/05\/logo_oliocentrica-1.png\",\"contentUrl\":\"https:\/\/www.oliocentrica.it\/wp-content\/uploads\/2021\/05\/logo_oliocentrica-1.png\",\"width\":250,\"height\":81,\"caption\":\"Oliocentrica Srls\"},\"image\":{\"@id\":\"https:\/\/www.oliocentrica.it\/de\/#\/schema\/logo\/image\/\"},\"sameAs\":[\"https:\/\/www.facebook.com\/Oliocentrica\",\"https:\/\/www.instagram.com\/oliocentrica\"]}]}<\/script>\n<!-- \/ Yoast SEO plugin. -->","yoast_head_json":{"title":"Sardegna DOP Fruttato Verde Riserva - Oliocentrica","robots":{"index":"index","follow":"follow","max-snippet":"max-snippet:-1","max-image-preview":"max-image-preview:large","max-video-preview":"max-video-preview:-1"},"canonical":"https:\/\/www.oliocentrica.it\/de\/shop\/sardegna-dop-fruttato-verde-riserva\/","og_locale":"de_DE","og_type":"article","og_title":"Sardegna DOP Fruttato Verde Riserva - Oliocentrica","og_description":"Leicht fruchtig  Sardegna DOP Fruttato Verde ist einer der H\u00f6hepunkte der Exzellenz der Accademia Olearia. Es ist ein natives Oliven\u00f6l extra, das das Ergebnis einer Auswahl von Oliven ist, die noch vollst\u00e4ndig gr\u00fcn geerntet werden, kombiniert mit einem kalten Transformationsprozess, der gleichzeitig mit der Ernte stattfindet. Das Ergebnis ist ein Produkt mit einer entscheidenden Struktur mit einem klaren Olivenduft, einem gr\u00fcnen, frischen und scharfen Fruchtgeschmack mit entscheidenden Ankl\u00e4ngen von Artischocke und Distel sowie ausgepr\u00e4gten bitteren und w\u00fcrzigen Noten, die angenehm am Gaumen sind. Seine besondere Intensit\u00e4t macht ihn zu einem hervorstechenden Element f\u00fcr die Gerichte unserer K\u00fcche. Er passt gut zu Wildgerichten und Gerichten von besonderer Intensit\u00e4t; Wenn Sie es roh verwenden, wird es verbessert.  Olivenkampagne: 2023\/2024","og_url":"https:\/\/www.oliocentrica.it\/de\/shop\/sardegna-dop-fruttato-verde-riserva\/","og_site_name":"Oliocentrica","article_publisher":"https:\/\/www.facebook.com\/Oliocentrica","article_modified_time":"2023-10-25T17:16:13+00:00","og_image":[{"width":800,"height":800,"url":"https:\/\/www.oliocentrica.it\/wp-content\/uploads\/2022\/11\/dop-sardegna.jpg","type":"image\/jpeg"}],"twitter_card":"summary_large_image","twitter_misc":{"Gesch\u00e4tzte Lesezeit":"1\u00a0Minute"},"schema":{"@context":"https:\/\/schema.org","@graph":[{"@type":"WebPage","@id":"https:\/\/www.oliocentrica.it\/de\/shop\/sardegna-dop-fruttato-verde-riserva\/","url":"https:\/\/www.oliocentrica.it\/de\/shop\/sardegna-dop-fruttato-verde-riserva\/","name":"Sardegna DOP Fruttato Verde Riserva - Oliocentrica","isPartOf":{"@id":"https:\/\/www.oliocentrica.it\/de\/#website"},"primaryImageOfPage":{"@id":"https:\/\/www.oliocentrica.it\/de\/shop\/sardegna-dop-fruttato-verde-riserva\/#primaryimage"},"image":{"@id":"https:\/\/www.oliocentrica.it\/de\/shop\/sardegna-dop-fruttato-verde-riserva\/#primaryimage"},"thumbnailUrl":"https:\/\/www.oliocentrica.it\/wp-content\/uploads\/2022\/11\/dop-sardegna.jpg","datePublished":"2022-11-21T15:10:57+00:00","dateModified":"2023-10-25T17:16:13+00:00","breadcrumb":{"@id":"https:\/\/www.oliocentrica.it\/de\/shop\/sardegna-dop-fruttato-verde-riserva\/#breadcrumb"},"inLanguage":"de","potentialAction":[{"@type":"ReadAction","target":["https:\/\/www.oliocentrica.it\/de\/shop\/sardegna-dop-fruttato-verde-riserva\/"]}]},{"@type":"ImageObject","inLanguage":"de","@id":"https:\/\/www.oliocentrica.it\/de\/shop\/sardegna-dop-fruttato-verde-riserva\/#primaryimage","url":"https:\/\/www.oliocentrica.it\/wp-content\/uploads\/2022\/11\/dop-sardegna.jpg","contentUrl":"https:\/\/www.oliocentrica.it\/wp-content\/uploads\/2022\/11\/dop-sardegna.jpg","width":800,"height":800,"caption":"accademia olearia dop sardegna"},{"@type":"BreadcrumbList","@id":"https:\/\/www.oliocentrica.it\/de\/shop\/sardegna-dop-fruttato-verde-riserva\/#breadcrumb","itemListElement":[{"@type":"ListItem","position":1,"name":"Home","item":"https:\/\/www.oliocentrica.it\/de\/"},{"@type":"ListItem","position":2,"name":"Shop","item":"https:\/\/www.oliocentrica.it\/de\/shop\/"},{"@type":"ListItem","position":3,"name":"Sardegna DOP Fruttato Verde Riserva"}]},{"@type":"WebSite","@id":"https:\/\/www.oliocentrica.it\/de\/#website","url":"https:\/\/www.oliocentrica.it\/de\/","name":"Oliocentrica","description":"il filo d\u2019olio tra cibo e salute","publisher":{"@id":"https:\/\/www.oliocentrica.it\/de\/#organization"},"potentialAction":[{"@type":"SearchAction","target":{"@type":"EntryPoint","urlTemplate":"https:\/\/www.oliocentrica.it\/de\/?s={search_term_string}"},"query-input":{"@type":"PropertyValueSpecification","valueRequired":true,"valueName":"search_term_string"}}],"inLanguage":"de"},{"@type":"Organization","@id":"https:\/\/www.oliocentrica.it\/de\/#organization","name":"Oliocentrica Srls","url":"https:\/\/www.oliocentrica.it\/de\/","logo":{"@type":"ImageObject","inLanguage":"de","@id":"https:\/\/www.oliocentrica.it\/de\/#\/schema\/logo\/image\/","url":"https:\/\/www.oliocentrica.it\/wp-content\/uploads\/2021\/05\/logo_oliocentrica-1.png","contentUrl":"https:\/\/www.oliocentrica.it\/wp-content\/uploads\/2021\/05\/logo_oliocentrica-1.png","width":250,"height":81,"caption":"Oliocentrica Srls"},"image":{"@id":"https:\/\/www.oliocentrica.it\/de\/#\/schema\/logo\/image\/"},"sameAs":["https:\/\/www.facebook.com\/Oliocentrica","https:\/\/www.instagram.com\/oliocentrica"]}]}},"brands":[{"id":281,"name":"Accademia Olearia","slug":"accademia-olearia"}],"_links":{"self":[{"href":"https:\/\/www.oliocentrica.it\/de\/wp-json\/wp\/v2\/product\/16255"}],"collection":[{"href":"https:\/\/www.oliocentrica.it\/de\/wp-json\/wp\/v2\/product"}],"about":[{"href":"https:\/\/www.oliocentrica.it\/de\/wp-json\/wp\/v2\/types\/product"}],"replies":[{"embeddable":true,"href":"https:\/\/www.oliocentrica.it\/de\/wp-json\/wp\/v2\/comments?post=16255"}],"wp:featuredmedia":[{"embeddable":true,"href":"https:\/\/www.oliocentrica.it\/de\/wp-json\/wp\/v2\/media\/16260"}],"wp:attachment":[{"href":"https:\/\/www.oliocentrica.it\/de\/wp-json\/wp\/v2\/media?parent=16255"}],"wp:term":[{"taxonomy":"pwb-brand","embeddable":true,"href":"https:\/\/www.oliocentrica.it\/de\/wp-json\/wp\/v2\/pwb-brand?post=16255"},{"taxonomy":"product_cat","embeddable":true,"href":"https:\/\/www.oliocentrica.it\/de\/wp-json\/wp\/v2\/product_cat?post=16255"},{"taxonomy":"product_tag","embeddable":true,"href":"https:\/\/www.oliocentrica.it\/de\/wp-json\/wp\/v2\/product_tag?post=16255"}],"curies":[{"name":"wp","href":"https:\/\/api.w.org\/{rel}","templated":true}]}}