{"id":16248,"date":"2022-11-21T15:58:54","date_gmt":"2022-11-21T14:58:54","guid":{"rendered":"https:\/\/www.oliocentrica.it\/?post_type=product&#038;p=16248"},"modified":"2024-06-12T17:35:16","modified_gmt":"2024-06-12T15:35:16","slug":"susmandelol-mit-orangenblutenduft","status":"publish","type":"product","link":"https:\/\/www.oliocentrica.it\/de\/shop\/susmandelol-mit-orangenblutenduft\/","title":{"rendered":"S\u00fc\u00dfmandel\u00f6l \u2013 mit Orangenbl\u00fctenduft"},"content":{"rendered":"<p><strong>VERWENDEN<\/strong><\/p>\n<p><em><strong>Anti-Dehnungsstreifen<\/strong><\/em>: Dank seiner regenerierenden und elastifizierenden Wirkung ist es angezeigt, um Schwangerschaftsstreifen oder eine Schlankheitskur vorzubeugen.Es wird vorzugsweise abends aufgetragen und nach dem Duschen auf Bauch, Beine, Ges\u00e4\u00df, Br\u00fcste und Arme einmassiert .<\/p>\n<p><em><strong>W\u00e4hrend des Stillens<\/strong><\/em>: Dank seiner weichmachenden Eigenschaften ist es n\u00fctzlich, um die Haut der Brust und der Brustwarzen bei Trockenheit und Rissen zu befeuchten.<br \/>\nF\u00fcr eine weiche und mit Feuchtigkeit versorgte Haut: Vor dem Duschen oder unmittelbar danach auf der noch feuchten Haut in den ganzen K\u00f6rper einmassieren, um eine sehr weiche und perfekt mit Feuchtigkeit versorgte Haut zu erhalten.<\/p>\n<p><em><strong>Neugeborene Haut<\/strong><\/em>: kann abends auf der ganzen K\u00f6rperhaut angewendet werden, um eine entspannende Wirkung f\u00fcr das Baby zu erzielen und den Schlaf zu f\u00f6rdern. Es ist sinnvoll und wirksam bei R\u00f6tungen und Irritationen und um die Haut vor l\u00e4stigen Windelausschl\u00e4gen zu sch\u00fctzen.<\/p>\n<p><em><strong>Gesichts- und Hautreinigung<\/strong><\/em>: Um Make-up und Unreinheiten auf ganz nat\u00fcrliche Weise von der Gesichts- und Augenhaut zu entfernen und eine weiche, hydratisierte und strahlende Haut zu haben. Ein paar Tropfen auf einem Wattebausch oder einer Scheibe reichen aus, um das ganze Gesicht zu verteilen und mit warmem Wasser abzusp\u00fclen. Es kann auch verwendet werden, um Wachsreste nach der Epilation zu entfernen und eventuellen R\u00f6tungen entgegenzuwirken.<\/p>\n<p><em><strong>Hautirritationen<\/strong><\/em>: Verteilen Sie es auf gereizter Haut aufgrund von Ekzemen, Dermatitis, Allergien oder Reizungen durch Windpocken und Masern, die weichmachende und beruhigende Wirkung verschafft sofort Linderung.<\/p>\n<p><em><strong>Trockenes und br\u00fcchiges Haar<\/strong><\/em>: Um die pflegenden Eigenschaften von S\u00fc\u00dfmandel\u00f6l f\u00fcr Ihr Haar optimal zu nutzen, vor der Haarw\u00e4sche auf das Haar auftragen, 20-30 Minuten einwirken lassen, dann mit der \u00fcblichen Haarw\u00e4sche fortfahren. Ihr Haar wird weicher und gl\u00e4nzender. Lippen: Zum Schutz vor K\u00e4lte vor dem Ausgehen einen leichten Schleier Mandel\u00f6l auf die Lippen streichen. Sie haben sofort weiche und gesch\u00fctzte Lippen.<\/p>\n<p><em><strong>Massagen<\/strong><\/em>: Es ist das beste und vielseitigste Massage\u00f6l. Es kann sowohl nat\u00fcrlich als auch als Tr\u00e4ger\u00f6l am ganzen K\u00f6rper verwendet werden, indem \u00e4therische \u00d6le und andere Extrakte hinzugef\u00fcgt werden, die ihm besondere Eigenschaften verleihen.<\/p>\n<p>Warnungen<br \/>\nIm Dunkeln und an einem k\u00fchlen Ort aufbewahren. Vermeiden Sie es, die Flasche direktem Sonnenlicht auszusetzen. Beh\u00e4lter bei Nichtgebrauch geschlossen halten.<\/p>\n<p><strong>ZUTATEN<\/strong><br \/>\nPRUNUS AMYGDALUS DULCIS \u00d6L, TOCOPHEROL.<\/p>\n<p><strong>FORMAT<\/strong><br \/>\n250 ml Flasche<\/p>\n","protected":false},"excerpt":{"rendered":"<p>S\u00fc\u00dfmandel\u00f6l wird durch Kaltpressung gewonnen, eine Methode, die es erm\u00f6glicht, alle Eigenschaften unver\u00e4ndert zu erhalten, und hat weichmachende, sch\u00fctzende, n\u00e4hrende und regenerierende Eigenschaften. Es ist reich an Fetts\u00e4uren, Vitaminen, Proteinen und Mineralsalzen, wird h\u00e4ufig in der Hautpflege verwendet und kann auch von Personen mit besonders zarter und empfindlicher Haut sicher f\u00fcr Gesicht und K\u00f6rper verwendet werden. Angereichert mit Vitamin E beh\u00e4lt es seine Eigenschaften im Laufe der Zeit und ist ein ausgezeichneter Verb\u00fcndeter gegen freie Radikale.<\/p>\n","protected":false},"featured_media":16253,"comment_status":"open","ping_status":"closed","template":"","meta":[],"pwb-brand":[255],"product_cat":[254],"product_tag":[],"acf":[],"yoast_head":"<!-- This site is optimized with the Yoast SEO plugin v24.5 - https:\/\/yoast.com\/wordpress\/plugins\/seo\/ -->\n<title>S\u00fc\u00dfmandel\u00f6l \u2013 mit Orangenbl\u00fctenduft - Oliocentrica<\/title>\n<meta name=\"robots\" content=\"index, follow, max-snippet:-1, max-image-preview:large, max-video-preview:-1\" \/>\n<link rel=\"canonical\" href=\"https:\/\/www.oliocentrica.it\/de\/shop\/susmandelol-mit-orangenblutenduft\/\" \/>\n<meta property=\"og:locale\" content=\"de_DE\" \/>\n<meta property=\"og:type\" content=\"article\" \/>\n<meta property=\"og:title\" content=\"S\u00fc\u00dfmandel\u00f6l \u2013 mit Orangenbl\u00fctenduft - Oliocentrica\" \/>\n<meta property=\"og:description\" content=\"S\u00fc\u00dfmandel\u00f6l wird durch Kaltpressung gewonnen, eine Methode, die es erm\u00f6glicht, alle Eigenschaften unver\u00e4ndert zu erhalten, und hat weichmachende, sch\u00fctzende, n\u00e4hrende und regenerierende Eigenschaften. Es ist reich an Fetts\u00e4uren, Vitaminen, Proteinen und Mineralsalzen, wird h\u00e4ufig in der Hautpflege verwendet und kann auch von Personen mit besonders zarter und empfindlicher Haut sicher f\u00fcr Gesicht und K\u00f6rper verwendet werden. Angereichert mit Vitamin E beh\u00e4lt es seine Eigenschaften im Laufe der Zeit und ist ein ausgezeichneter Verb\u00fcndeter gegen freie Radikale.\" \/>\n<meta property=\"og:url\" content=\"https:\/\/www.oliocentrica.it\/de\/shop\/susmandelol-mit-orangenblutenduft\/\" \/>\n<meta property=\"og:site_name\" content=\"Oliocentrica\" \/>\n<meta property=\"article:publisher\" content=\"https:\/\/www.facebook.com\/Oliocentrica\" \/>\n<meta property=\"article:modified_time\" content=\"2024-06-12T15:35:16+00:00\" \/>\n<meta property=\"og:image\" content=\"https:\/\/www.oliocentrica.it\/wp-content\/uploads\/2022\/11\/olio-mandorle-dolci.jpg\" \/>\n\t<meta property=\"og:image:width\" content=\"800\" \/>\n\t<meta property=\"og:image:height\" content=\"800\" \/>\n\t<meta property=\"og:image:type\" content=\"image\/jpeg\" \/>\n<meta name=\"twitter:card\" content=\"summary_large_image\" \/>\n<meta name=\"twitter:label1\" content=\"Gesch\u00e4tzte Lesezeit\" \/>\n\t<meta name=\"twitter:data1\" content=\"2\u00a0Minuten\" \/>\n<script type=\"application\/ld+json\" class=\"yoast-schema-graph\">{\"@context\":\"https:\/\/schema.org\",\"@graph\":[{\"@type\":\"WebPage\",\"@id\":\"https:\/\/www.oliocentrica.it\/de\/shop\/susmandelol-mit-orangenblutenduft\/\",\"url\":\"https:\/\/www.oliocentrica.it\/de\/shop\/susmandelol-mit-orangenblutenduft\/\",\"name\":\"S\u00fc\u00dfmandel\u00f6l \u2013 mit Orangenbl\u00fctenduft - Oliocentrica\",\"isPartOf\":{\"@id\":\"https:\/\/www.oliocentrica.it\/de\/#website\"},\"primaryImageOfPage\":{\"@id\":\"https:\/\/www.oliocentrica.it\/de\/shop\/susmandelol-mit-orangenblutenduft\/#primaryimage\"},\"image\":{\"@id\":\"https:\/\/www.oliocentrica.it\/de\/shop\/susmandelol-mit-orangenblutenduft\/#primaryimage\"},\"thumbnailUrl\":\"https:\/\/www.oliocentrica.it\/wp-content\/uploads\/2022\/11\/olio-mandorle-dolci.jpg\",\"datePublished\":\"2022-11-21T14:58:54+00:00\",\"dateModified\":\"2024-06-12T15:35:16+00:00\",\"breadcrumb\":{\"@id\":\"https:\/\/www.oliocentrica.it\/de\/shop\/susmandelol-mit-orangenblutenduft\/#breadcrumb\"},\"inLanguage\":\"de\",\"potentialAction\":[{\"@type\":\"ReadAction\",\"target\":[\"https:\/\/www.oliocentrica.it\/de\/shop\/susmandelol-mit-orangenblutenduft\/\"]}]},{\"@type\":\"ImageObject\",\"inLanguage\":\"de\",\"@id\":\"https:\/\/www.oliocentrica.it\/de\/shop\/susmandelol-mit-orangenblutenduft\/#primaryimage\",\"url\":\"https:\/\/www.oliocentrica.it\/wp-content\/uploads\/2022\/11\/olio-mandorle-dolci.jpg\",\"contentUrl\":\"https:\/\/www.oliocentrica.it\/wp-content\/uploads\/2022\/11\/olio-mandorle-dolci.jpg\",\"width\":800,\"height\":800,\"caption\":\"S\u00fc\u00dfmandel\u00f6l\"},{\"@type\":\"BreadcrumbList\",\"@id\":\"https:\/\/www.oliocentrica.it\/de\/shop\/susmandelol-mit-orangenblutenduft\/#breadcrumb\",\"itemListElement\":[{\"@type\":\"ListItem\",\"position\":1,\"name\":\"Home\",\"item\":\"https:\/\/www.oliocentrica.it\/de\/\"},{\"@type\":\"ListItem\",\"position\":2,\"name\":\"Shop\",\"item\":\"https:\/\/www.oliocentrica.it\/de\/shop\/\"},{\"@type\":\"ListItem\",\"position\":3,\"name\":\"S\u00fc\u00dfmandel\u00f6l \u2013 mit Orangenbl\u00fctenduft\"}]},{\"@type\":\"WebSite\",\"@id\":\"https:\/\/www.oliocentrica.it\/de\/#website\",\"url\":\"https:\/\/www.oliocentrica.it\/de\/\",\"name\":\"Oliocentrica\",\"description\":\"il filo d\u2019olio tra cibo e salute\",\"publisher\":{\"@id\":\"https:\/\/www.oliocentrica.it\/de\/#organization\"},\"potentialAction\":[{\"@type\":\"SearchAction\",\"target\":{\"@type\":\"EntryPoint\",\"urlTemplate\":\"https:\/\/www.oliocentrica.it\/de\/?s={search_term_string}\"},\"query-input\":{\"@type\":\"PropertyValueSpecification\",\"valueRequired\":true,\"valueName\":\"search_term_string\"}}],\"inLanguage\":\"de\"},{\"@type\":\"Organization\",\"@id\":\"https:\/\/www.oliocentrica.it\/de\/#organization\",\"name\":\"Oliocentrica Srls\",\"url\":\"https:\/\/www.oliocentrica.it\/de\/\",\"logo\":{\"@type\":\"ImageObject\",\"inLanguage\":\"de\",\"@id\":\"https:\/\/www.oliocentrica.it\/de\/#\/schema\/logo\/image\/\",\"url\":\"https:\/\/www.oliocentrica.it\/wp-content\/uploads\/2021\/05\/logo_oliocentrica-1.png\",\"contentUrl\":\"https:\/\/www.oliocentrica.it\/wp-content\/uploads\/2021\/05\/logo_oliocentrica-1.png\",\"width\":250,\"height\":81,\"caption\":\"Oliocentrica Srls\"},\"image\":{\"@id\":\"https:\/\/www.oliocentrica.it\/de\/#\/schema\/logo\/image\/\"},\"sameAs\":[\"https:\/\/www.facebook.com\/Oliocentrica\",\"https:\/\/www.instagram.com\/oliocentrica\"]}]}<\/script>\n<!-- \/ Yoast SEO plugin. -->","yoast_head_json":{"title":"S\u00fc\u00dfmandel\u00f6l \u2013 mit Orangenbl\u00fctenduft - Oliocentrica","robots":{"index":"index","follow":"follow","max-snippet":"max-snippet:-1","max-image-preview":"max-image-preview:large","max-video-preview":"max-video-preview:-1"},"canonical":"https:\/\/www.oliocentrica.it\/de\/shop\/susmandelol-mit-orangenblutenduft\/","og_locale":"de_DE","og_type":"article","og_title":"S\u00fc\u00dfmandel\u00f6l \u2013 mit Orangenbl\u00fctenduft - Oliocentrica","og_description":"S\u00fc\u00dfmandel\u00f6l wird durch Kaltpressung gewonnen, eine Methode, die es erm\u00f6glicht, alle Eigenschaften unver\u00e4ndert zu erhalten, und hat weichmachende, sch\u00fctzende, n\u00e4hrende und regenerierende Eigenschaften. Es ist reich an Fetts\u00e4uren, Vitaminen, Proteinen und Mineralsalzen, wird h\u00e4ufig in der Hautpflege verwendet und kann auch von Personen mit besonders zarter und empfindlicher Haut sicher f\u00fcr Gesicht und K\u00f6rper verwendet werden. Angereichert mit Vitamin E beh\u00e4lt es seine Eigenschaften im Laufe der Zeit und ist ein ausgezeichneter Verb\u00fcndeter gegen freie Radikale.","og_url":"https:\/\/www.oliocentrica.it\/de\/shop\/susmandelol-mit-orangenblutenduft\/","og_site_name":"Oliocentrica","article_publisher":"https:\/\/www.facebook.com\/Oliocentrica","article_modified_time":"2024-06-12T15:35:16+00:00","og_image":[{"width":800,"height":800,"url":"https:\/\/www.oliocentrica.it\/wp-content\/uploads\/2022\/11\/olio-mandorle-dolci.jpg","type":"image\/jpeg"}],"twitter_card":"summary_large_image","twitter_misc":{"Gesch\u00e4tzte Lesezeit":"2\u00a0Minuten"},"schema":{"@context":"https:\/\/schema.org","@graph":[{"@type":"WebPage","@id":"https:\/\/www.oliocentrica.it\/de\/shop\/susmandelol-mit-orangenblutenduft\/","url":"https:\/\/www.oliocentrica.it\/de\/shop\/susmandelol-mit-orangenblutenduft\/","name":"S\u00fc\u00dfmandel\u00f6l \u2013 mit Orangenbl\u00fctenduft - Oliocentrica","isPartOf":{"@id":"https:\/\/www.oliocentrica.it\/de\/#website"},"primaryImageOfPage":{"@id":"https:\/\/www.oliocentrica.it\/de\/shop\/susmandelol-mit-orangenblutenduft\/#primaryimage"},"image":{"@id":"https:\/\/www.oliocentrica.it\/de\/shop\/susmandelol-mit-orangenblutenduft\/#primaryimage"},"thumbnailUrl":"https:\/\/www.oliocentrica.it\/wp-content\/uploads\/2022\/11\/olio-mandorle-dolci.jpg","datePublished":"2022-11-21T14:58:54+00:00","dateModified":"2024-06-12T15:35:16+00:00","breadcrumb":{"@id":"https:\/\/www.oliocentrica.it\/de\/shop\/susmandelol-mit-orangenblutenduft\/#breadcrumb"},"inLanguage":"de","potentialAction":[{"@type":"ReadAction","target":["https:\/\/www.oliocentrica.it\/de\/shop\/susmandelol-mit-orangenblutenduft\/"]}]},{"@type":"ImageObject","inLanguage":"de","@id":"https:\/\/www.oliocentrica.it\/de\/shop\/susmandelol-mit-orangenblutenduft\/#primaryimage","url":"https:\/\/www.oliocentrica.it\/wp-content\/uploads\/2022\/11\/olio-mandorle-dolci.jpg","contentUrl":"https:\/\/www.oliocentrica.it\/wp-content\/uploads\/2022\/11\/olio-mandorle-dolci.jpg","width":800,"height":800,"caption":"S\u00fc\u00dfmandel\u00f6l"},{"@type":"BreadcrumbList","@id":"https:\/\/www.oliocentrica.it\/de\/shop\/susmandelol-mit-orangenblutenduft\/#breadcrumb","itemListElement":[{"@type":"ListItem","position":1,"name":"Home","item":"https:\/\/www.oliocentrica.it\/de\/"},{"@type":"ListItem","position":2,"name":"Shop","item":"https:\/\/www.oliocentrica.it\/de\/shop\/"},{"@type":"ListItem","position":3,"name":"S\u00fc\u00dfmandel\u00f6l \u2013 mit Orangenbl\u00fctenduft"}]},{"@type":"WebSite","@id":"https:\/\/www.oliocentrica.it\/de\/#website","url":"https:\/\/www.oliocentrica.it\/de\/","name":"Oliocentrica","description":"il filo d\u2019olio tra cibo e salute","publisher":{"@id":"https:\/\/www.oliocentrica.it\/de\/#organization"},"potentialAction":[{"@type":"SearchAction","target":{"@type":"EntryPoint","urlTemplate":"https:\/\/www.oliocentrica.it\/de\/?s={search_term_string}"},"query-input":{"@type":"PropertyValueSpecification","valueRequired":true,"valueName":"search_term_string"}}],"inLanguage":"de"},{"@type":"Organization","@id":"https:\/\/www.oliocentrica.it\/de\/#organization","name":"Oliocentrica Srls","url":"https:\/\/www.oliocentrica.it\/de\/","logo":{"@type":"ImageObject","inLanguage":"de","@id":"https:\/\/www.oliocentrica.it\/de\/#\/schema\/logo\/image\/","url":"https:\/\/www.oliocentrica.it\/wp-content\/uploads\/2021\/05\/logo_oliocentrica-1.png","contentUrl":"https:\/\/www.oliocentrica.it\/wp-content\/uploads\/2021\/05\/logo_oliocentrica-1.png","width":250,"height":81,"caption":"Oliocentrica Srls"},"image":{"@id":"https:\/\/www.oliocentrica.it\/de\/#\/schema\/logo\/image\/"},"sameAs":["https:\/\/www.facebook.com\/Oliocentrica","https:\/\/www.instagram.com\/oliocentrica"]}]}},"brands":[{"id":255,"name":"Extravergine","slug":"extravergine"}],"_links":{"self":[{"href":"https:\/\/www.oliocentrica.it\/de\/wp-json\/wp\/v2\/product\/16248"}],"collection":[{"href":"https:\/\/www.oliocentrica.it\/de\/wp-json\/wp\/v2\/product"}],"about":[{"href":"https:\/\/www.oliocentrica.it\/de\/wp-json\/wp\/v2\/types\/product"}],"replies":[{"embeddable":true,"href":"https:\/\/www.oliocentrica.it\/de\/wp-json\/wp\/v2\/comments?post=16248"}],"wp:featuredmedia":[{"embeddable":true,"href":"https:\/\/www.oliocentrica.it\/de\/wp-json\/wp\/v2\/media\/16253"}],"wp:attachment":[{"href":"https:\/\/www.oliocentrica.it\/de\/wp-json\/wp\/v2\/media?parent=16248"}],"wp:term":[{"taxonomy":"pwb-brand","embeddable":true,"href":"https:\/\/www.oliocentrica.it\/de\/wp-json\/wp\/v2\/pwb-brand?post=16248"},{"taxonomy":"product_cat","embeddable":true,"href":"https:\/\/www.oliocentrica.it\/de\/wp-json\/wp\/v2\/product_cat?post=16248"},{"taxonomy":"product_tag","embeddable":true,"href":"https:\/\/www.oliocentrica.it\/de\/wp-json\/wp\/v2\/product_tag?post=16248"}],"curies":[{"name":"wp","href":"https:\/\/api.w.org\/{rel}","templated":true}]}}