{"id":16226,"date":"2022-11-18T10:14:56","date_gmt":"2022-11-18T09:14:56","guid":{"rendered":"https:\/\/www.oliocentrica.it\/?post_type=product&#038;p=16226"},"modified":"2023-10-21T17:46:17","modified_gmt":"2023-10-21T15:46:17","slug":"naturliches-duschgel-mit-nativem-olivenol-extra","status":"publish","type":"product","link":"https:\/\/www.oliocentrica.it\/de\/shop\/naturliches-duschgel-mit-nativem-olivenol-extra\/","title":{"rendered":"Nat\u00fcrliches Duschgel mit nativem Oliven\u00f6l extra"},"content":{"rendered":"<p><strong>Nur natives Oliven\u00f6l extra<\/strong><br \/>\nWir haben uns entschieden, nur natives Bio-Oliven\u00f6l extra zu verwenden, da es das einzige ist, dessen Zusammensetzung besser auf den Talg der menschlichen Haut abgestimmt ist und auch aus N\u00e4hrstoffen und Antioxidantien, den Unverseifbaren des Oliven\u00f6ls, wertvollen Substanzen wie Squalen besteht oder Phytosterine (deren Gehalt in Oliven\u00f6l gr\u00f6\u00dfer ist als in anderen Pflanzen\u00f6len), die eine weichmachende und sch\u00fctzende Funktion f\u00fcr die Haut aus\u00fcben und ihr helfen, die richtige Hydratation und Elastizit\u00e4t zu erhalten und der Hautalterung vorzubeugen.<\/p>\n<p><strong>Wie Oliven\u00f6l<\/strong><br \/>\nBei Temperaturen unter 15\u00b0C verh\u00e4lt sich das Produkt wie Oliven\u00f6l, dh es neigt zur Verkleisterung und Verfestigung. Dies beeintr\u00e4chtigt in keiner Weise seine Qualit\u00e4t und es reicht aus, ihn in der N\u00e4he einer W\u00e4rmequelle zu halten, um ihn in seinen urspr\u00fcnglichen Zustand zur\u00fcckzubringen.<\/p>\n<p><strong>WIE BENUTZT MAN<\/strong><br \/>\nDie gew\u00fcnschte Menge auf den K\u00f6rper oder das Gesicht auftragen und sanft einmassieren. Dann mit warmem Wasser waschen.<br \/>\n\u25aa Ohne Natriumlaurethsulfat<br \/>\n\u25aa Ohne Parabene<br \/>\n\u25aa Ohne Formaldehydabspalter<br \/>\n\u25aa Ohne Amine und Aminoderivate<br \/>\n\u25aa Ohne PEG, PPG und Mineral\u00f6le<br \/>\n\u25aa Ohne Silikone<br \/>\n\u25aa Duftfrei<\/p>\n<p><strong>ZUTATEN<\/strong><br \/>\nAQUA, NATRIUMOLIVAT, KOLOPHONIUM, ZITRONENS\u00c4URE.<\/p>\n<p><strong>FORMAT<\/strong><br \/>\n500 ml Flasche<\/p>\n","protected":false},"excerpt":{"rendered":"<p>Ausschlie\u00dflich mit nativem Bio-Oliven\u00f6l extra hergestellt, ohne Verwendung anderer \u00d6lmischungen oder synthetischer Tenside, Konservierungs- oder Farbstoffe, die zu Trockenheit und Austrocknung der Haut f\u00fchren k\u00f6nnen. Mit seinem weichen Naturschaum ist es das ideale Produkt f\u00fcr die Dusche, da es die Haut weich, perfekt sauber und angenehm hydratisiert hinterl\u00e4sst<\/p>\n","protected":false},"featured_media":16231,"comment_status":"open","ping_status":"closed","template":"","meta":[],"pwb-brand":[255],"product_cat":[254],"product_tag":[],"acf":[],"yoast_head":"<!-- This site is optimized with the Yoast SEO plugin v24.5 - https:\/\/yoast.com\/wordpress\/plugins\/seo\/ -->\n<title>Nat\u00fcrliches Duschgel mit nativem Oliven\u00f6l extra - Oliocentrica<\/title>\n<meta name=\"robots\" content=\"index, follow, max-snippet:-1, max-image-preview:large, max-video-preview:-1\" \/>\n<link rel=\"canonical\" href=\"https:\/\/www.oliocentrica.it\/de\/shop\/naturliches-duschgel-mit-nativem-olivenol-extra\/\" \/>\n<meta property=\"og:locale\" content=\"de_DE\" \/>\n<meta property=\"og:type\" content=\"article\" \/>\n<meta property=\"og:title\" content=\"Nat\u00fcrliches Duschgel mit nativem Oliven\u00f6l extra - Oliocentrica\" \/>\n<meta property=\"og:description\" content=\"Ausschlie\u00dflich mit nativem Bio-Oliven\u00f6l extra hergestellt, ohne Verwendung anderer \u00d6lmischungen oder synthetischer Tenside, Konservierungs- oder Farbstoffe, die zu Trockenheit und Austrocknung der Haut f\u00fchren k\u00f6nnen. Mit seinem weichen Naturschaum ist es das ideale Produkt f\u00fcr die Dusche, da es die Haut weich, perfekt sauber und angenehm hydratisiert hinterl\u00e4sst\" \/>\n<meta property=\"og:url\" content=\"https:\/\/www.oliocentrica.it\/de\/shop\/naturliches-duschgel-mit-nativem-olivenol-extra\/\" \/>\n<meta property=\"og:site_name\" content=\"Oliocentrica\" \/>\n<meta property=\"article:publisher\" content=\"https:\/\/www.facebook.com\/Oliocentrica\" \/>\n<meta property=\"article:modified_time\" content=\"2023-10-21T15:46:17+00:00\" \/>\n<meta property=\"og:image\" content=\"https:\/\/www.oliocentrica.it\/wp-content\/uploads\/2022\/11\/docciagel-naturale.jpg\" \/>\n\t<meta property=\"og:image:width\" content=\"800\" \/>\n\t<meta property=\"og:image:height\" content=\"800\" \/>\n\t<meta property=\"og:image:type\" content=\"image\/jpeg\" \/>\n<meta name=\"twitter:card\" content=\"summary_large_image\" \/>\n<meta name=\"twitter:label1\" content=\"Gesch\u00e4tzte Lesezeit\" \/>\n\t<meta name=\"twitter:data1\" content=\"1\u00a0Minute\" \/>\n<script type=\"application\/ld+json\" class=\"yoast-schema-graph\">{\"@context\":\"https:\/\/schema.org\",\"@graph\":[{\"@type\":\"WebPage\",\"@id\":\"https:\/\/www.oliocentrica.it\/de\/shop\/naturliches-duschgel-mit-nativem-olivenol-extra\/\",\"url\":\"https:\/\/www.oliocentrica.it\/de\/shop\/naturliches-duschgel-mit-nativem-olivenol-extra\/\",\"name\":\"Nat\u00fcrliches Duschgel mit nativem Oliven\u00f6l extra - Oliocentrica\",\"isPartOf\":{\"@id\":\"https:\/\/www.oliocentrica.it\/de\/#website\"},\"primaryImageOfPage\":{\"@id\":\"https:\/\/www.oliocentrica.it\/de\/shop\/naturliches-duschgel-mit-nativem-olivenol-extra\/#primaryimage\"},\"image\":{\"@id\":\"https:\/\/www.oliocentrica.it\/de\/shop\/naturliches-duschgel-mit-nativem-olivenol-extra\/#primaryimage\"},\"thumbnailUrl\":\"https:\/\/www.oliocentrica.it\/wp-content\/uploads\/2022\/11\/docciagel-naturale.jpg\",\"datePublished\":\"2022-11-18T09:14:56+00:00\",\"dateModified\":\"2023-10-21T15:46:17+00:00\",\"breadcrumb\":{\"@id\":\"https:\/\/www.oliocentrica.it\/de\/shop\/naturliches-duschgel-mit-nativem-olivenol-extra\/#breadcrumb\"},\"inLanguage\":\"de\",\"potentialAction\":[{\"@type\":\"ReadAction\",\"target\":[\"https:\/\/www.oliocentrica.it\/de\/shop\/naturliches-duschgel-mit-nativem-olivenol-extra\/\"]}]},{\"@type\":\"ImageObject\",\"inLanguage\":\"de\",\"@id\":\"https:\/\/www.oliocentrica.it\/de\/shop\/naturliches-duschgel-mit-nativem-olivenol-extra\/#primaryimage\",\"url\":\"https:\/\/www.oliocentrica.it\/wp-content\/uploads\/2022\/11\/docciagel-naturale.jpg\",\"contentUrl\":\"https:\/\/www.oliocentrica.it\/wp-content\/uploads\/2022\/11\/docciagel-naturale.jpg\",\"width\":800,\"height\":800},{\"@type\":\"BreadcrumbList\",\"@id\":\"https:\/\/www.oliocentrica.it\/de\/shop\/naturliches-duschgel-mit-nativem-olivenol-extra\/#breadcrumb\",\"itemListElement\":[{\"@type\":\"ListItem\",\"position\":1,\"name\":\"Home\",\"item\":\"https:\/\/www.oliocentrica.it\/de\/\"},{\"@type\":\"ListItem\",\"position\":2,\"name\":\"Shop\",\"item\":\"https:\/\/www.oliocentrica.it\/de\/shop\/\"},{\"@type\":\"ListItem\",\"position\":3,\"name\":\"Nat\u00fcrliches Duschgel mit nativem Oliven\u00f6l extra\"}]},{\"@type\":\"WebSite\",\"@id\":\"https:\/\/www.oliocentrica.it\/de\/#website\",\"url\":\"https:\/\/www.oliocentrica.it\/de\/\",\"name\":\"Oliocentrica\",\"description\":\"il filo d\u2019olio tra cibo e salute\",\"publisher\":{\"@id\":\"https:\/\/www.oliocentrica.it\/de\/#organization\"},\"potentialAction\":[{\"@type\":\"SearchAction\",\"target\":{\"@type\":\"EntryPoint\",\"urlTemplate\":\"https:\/\/www.oliocentrica.it\/de\/?s={search_term_string}\"},\"query-input\":{\"@type\":\"PropertyValueSpecification\",\"valueRequired\":true,\"valueName\":\"search_term_string\"}}],\"inLanguage\":\"de\"},{\"@type\":\"Organization\",\"@id\":\"https:\/\/www.oliocentrica.it\/de\/#organization\",\"name\":\"Oliocentrica Srls\",\"url\":\"https:\/\/www.oliocentrica.it\/de\/\",\"logo\":{\"@type\":\"ImageObject\",\"inLanguage\":\"de\",\"@id\":\"https:\/\/www.oliocentrica.it\/de\/#\/schema\/logo\/image\/\",\"url\":\"https:\/\/www.oliocentrica.it\/wp-content\/uploads\/2021\/05\/logo_oliocentrica-1.png\",\"contentUrl\":\"https:\/\/www.oliocentrica.it\/wp-content\/uploads\/2021\/05\/logo_oliocentrica-1.png\",\"width\":250,\"height\":81,\"caption\":\"Oliocentrica Srls\"},\"image\":{\"@id\":\"https:\/\/www.oliocentrica.it\/de\/#\/schema\/logo\/image\/\"},\"sameAs\":[\"https:\/\/www.facebook.com\/Oliocentrica\",\"https:\/\/www.instagram.com\/oliocentrica\"]}]}<\/script>\n<!-- \/ Yoast SEO plugin. -->","yoast_head_json":{"title":"Nat\u00fcrliches Duschgel mit nativem Oliven\u00f6l extra - Oliocentrica","robots":{"index":"index","follow":"follow","max-snippet":"max-snippet:-1","max-image-preview":"max-image-preview:large","max-video-preview":"max-video-preview:-1"},"canonical":"https:\/\/www.oliocentrica.it\/de\/shop\/naturliches-duschgel-mit-nativem-olivenol-extra\/","og_locale":"de_DE","og_type":"article","og_title":"Nat\u00fcrliches Duschgel mit nativem Oliven\u00f6l extra - Oliocentrica","og_description":"Ausschlie\u00dflich mit nativem Bio-Oliven\u00f6l extra hergestellt, ohne Verwendung anderer \u00d6lmischungen oder synthetischer Tenside, Konservierungs- oder Farbstoffe, die zu Trockenheit und Austrocknung der Haut f\u00fchren k\u00f6nnen. Mit seinem weichen Naturschaum ist es das ideale Produkt f\u00fcr die Dusche, da es die Haut weich, perfekt sauber und angenehm hydratisiert hinterl\u00e4sst","og_url":"https:\/\/www.oliocentrica.it\/de\/shop\/naturliches-duschgel-mit-nativem-olivenol-extra\/","og_site_name":"Oliocentrica","article_publisher":"https:\/\/www.facebook.com\/Oliocentrica","article_modified_time":"2023-10-21T15:46:17+00:00","og_image":[{"width":800,"height":800,"url":"https:\/\/www.oliocentrica.it\/wp-content\/uploads\/2022\/11\/docciagel-naturale.jpg","type":"image\/jpeg"}],"twitter_card":"summary_large_image","twitter_misc":{"Gesch\u00e4tzte Lesezeit":"1\u00a0Minute"},"schema":{"@context":"https:\/\/schema.org","@graph":[{"@type":"WebPage","@id":"https:\/\/www.oliocentrica.it\/de\/shop\/naturliches-duschgel-mit-nativem-olivenol-extra\/","url":"https:\/\/www.oliocentrica.it\/de\/shop\/naturliches-duschgel-mit-nativem-olivenol-extra\/","name":"Nat\u00fcrliches Duschgel mit nativem Oliven\u00f6l extra - Oliocentrica","isPartOf":{"@id":"https:\/\/www.oliocentrica.it\/de\/#website"},"primaryImageOfPage":{"@id":"https:\/\/www.oliocentrica.it\/de\/shop\/naturliches-duschgel-mit-nativem-olivenol-extra\/#primaryimage"},"image":{"@id":"https:\/\/www.oliocentrica.it\/de\/shop\/naturliches-duschgel-mit-nativem-olivenol-extra\/#primaryimage"},"thumbnailUrl":"https:\/\/www.oliocentrica.it\/wp-content\/uploads\/2022\/11\/docciagel-naturale.jpg","datePublished":"2022-11-18T09:14:56+00:00","dateModified":"2023-10-21T15:46:17+00:00","breadcrumb":{"@id":"https:\/\/www.oliocentrica.it\/de\/shop\/naturliches-duschgel-mit-nativem-olivenol-extra\/#breadcrumb"},"inLanguage":"de","potentialAction":[{"@type":"ReadAction","target":["https:\/\/www.oliocentrica.it\/de\/shop\/naturliches-duschgel-mit-nativem-olivenol-extra\/"]}]},{"@type":"ImageObject","inLanguage":"de","@id":"https:\/\/www.oliocentrica.it\/de\/shop\/naturliches-duschgel-mit-nativem-olivenol-extra\/#primaryimage","url":"https:\/\/www.oliocentrica.it\/wp-content\/uploads\/2022\/11\/docciagel-naturale.jpg","contentUrl":"https:\/\/www.oliocentrica.it\/wp-content\/uploads\/2022\/11\/docciagel-naturale.jpg","width":800,"height":800},{"@type":"BreadcrumbList","@id":"https:\/\/www.oliocentrica.it\/de\/shop\/naturliches-duschgel-mit-nativem-olivenol-extra\/#breadcrumb","itemListElement":[{"@type":"ListItem","position":1,"name":"Home","item":"https:\/\/www.oliocentrica.it\/de\/"},{"@type":"ListItem","position":2,"name":"Shop","item":"https:\/\/www.oliocentrica.it\/de\/shop\/"},{"@type":"ListItem","position":3,"name":"Nat\u00fcrliches Duschgel mit nativem Oliven\u00f6l extra"}]},{"@type":"WebSite","@id":"https:\/\/www.oliocentrica.it\/de\/#website","url":"https:\/\/www.oliocentrica.it\/de\/","name":"Oliocentrica","description":"il filo d\u2019olio tra cibo e salute","publisher":{"@id":"https:\/\/www.oliocentrica.it\/de\/#organization"},"potentialAction":[{"@type":"SearchAction","target":{"@type":"EntryPoint","urlTemplate":"https:\/\/www.oliocentrica.it\/de\/?s={search_term_string}"},"query-input":{"@type":"PropertyValueSpecification","valueRequired":true,"valueName":"search_term_string"}}],"inLanguage":"de"},{"@type":"Organization","@id":"https:\/\/www.oliocentrica.it\/de\/#organization","name":"Oliocentrica Srls","url":"https:\/\/www.oliocentrica.it\/de\/","logo":{"@type":"ImageObject","inLanguage":"de","@id":"https:\/\/www.oliocentrica.it\/de\/#\/schema\/logo\/image\/","url":"https:\/\/www.oliocentrica.it\/wp-content\/uploads\/2021\/05\/logo_oliocentrica-1.png","contentUrl":"https:\/\/www.oliocentrica.it\/wp-content\/uploads\/2021\/05\/logo_oliocentrica-1.png","width":250,"height":81,"caption":"Oliocentrica Srls"},"image":{"@id":"https:\/\/www.oliocentrica.it\/de\/#\/schema\/logo\/image\/"},"sameAs":["https:\/\/www.facebook.com\/Oliocentrica","https:\/\/www.instagram.com\/oliocentrica"]}]}},"brands":[{"id":255,"name":"Extravergine","slug":"extravergine"}],"_links":{"self":[{"href":"https:\/\/www.oliocentrica.it\/de\/wp-json\/wp\/v2\/product\/16226"}],"collection":[{"href":"https:\/\/www.oliocentrica.it\/de\/wp-json\/wp\/v2\/product"}],"about":[{"href":"https:\/\/www.oliocentrica.it\/de\/wp-json\/wp\/v2\/types\/product"}],"replies":[{"embeddable":true,"href":"https:\/\/www.oliocentrica.it\/de\/wp-json\/wp\/v2\/comments?post=16226"}],"wp:featuredmedia":[{"embeddable":true,"href":"https:\/\/www.oliocentrica.it\/de\/wp-json\/wp\/v2\/media\/16231"}],"wp:attachment":[{"href":"https:\/\/www.oliocentrica.it\/de\/wp-json\/wp\/v2\/media?parent=16226"}],"wp:term":[{"taxonomy":"pwb-brand","embeddable":true,"href":"https:\/\/www.oliocentrica.it\/de\/wp-json\/wp\/v2\/pwb-brand?post=16226"},{"taxonomy":"product_cat","embeddable":true,"href":"https:\/\/www.oliocentrica.it\/de\/wp-json\/wp\/v2\/product_cat?post=16226"},{"taxonomy":"product_tag","embeddable":true,"href":"https:\/\/www.oliocentrica.it\/de\/wp-json\/wp\/v2\/product_tag?post=16226"}],"curies":[{"name":"wp","href":"https:\/\/api.w.org\/{rel}","templated":true}]}}