{"id":16180,"date":"2022-11-17T10:52:50","date_gmt":"2022-11-17T09:52:50","guid":{"rendered":"https:\/\/www.oliocentrica.it\/?post_type=product&#038;p=16180"},"modified":"2024-02-03T12:39:21","modified_gmt":"2024-02-03T11:39:21","slug":"classico-2","status":"publish","type":"product","link":"https:\/\/www.oliocentrica.it\/de\/shop\/classico-2\/","title":{"rendered":"Classico"},"content":{"rendered":"<p><strong><em>Mittel fruchtig<\/em><\/strong><\/p>\n<p><strong>Duft<\/strong>: In der Nase ist er entschieden und einh\u00fcllend, mit Noten von mittelreifen Tomaten, Sellerie und schwarzem Pfeffer, denen reichlich pflanzliche Noten von Artischocke, Salat und Chicor\u00e9e hinzugef\u00fcgt werden<\/p>\n<p><strong>Geschmack<\/strong>: breit und einh\u00fcllend, T\u00f6ne verwandter Kr\u00e4uter mit Hinweisen auf Zichorie, Salat und Sellerie, balsamischer Nachgeschmack. Wichtige, aber ausgewogene Bitterkeit und Sch\u00e4rfe<\/p>\n<p><strong>Probieren Sie es mit\u2026<\/strong> Gem\u00fcse-Couscous, Linsensuppen, gegrillter Thunfisch, rotes Fleisch oder gegrilltes Wild<\/p>\n<p><strong>Geografisches Gebiet und Territorium:<\/strong> Latium &#8211; zwischen Latina und Frosinone &#8211; Kiesboden &#8211; H\u00fcgel und Berge (500 m \/ 800 m s.l.m.)<\/p>\n<p><strong>Olivenkampagne<\/strong>: 2023\/2024<\/p>\n<p><strong>Gr\u00f6\u00dfen<\/strong>: 0,5L<\/p>\n<p><strong>Mischung aus Olivensorten<\/strong>: Moraiolo, Leccino, Frantoio und Itrana<\/p>\n<p><strong>Produktionsmethode<\/strong>: moderne Mori-Extraktionstechniken &#8211; kontinuierlicher \/ kalter Zyklus<\/p>\n<p><strong>Konservierungsmethode<\/strong>: kontrollierte Temperaturen und Stahlsilos bei kontrollierter Temperatur<br \/>\n_______________________________________<\/p>\n<p><em>Auszeichnungen und Gastronomische F\u00fchrer<\/em><\/p>\n<p><strong>FLOS OLEI: Hall of Fame-Punktzahl: 100\/100<\/strong><\/p>\n<p><strong>SOL D&#8217;ORO-HERAUSFORDERUNG<\/strong><\/p>\n<p><strong>DAS MAGNIFICENT: Bestes natives Oliven\u00f6l extra des Jahres<\/strong><\/p>\n<p><strong>JOOP (Japanischer Oliven\u00f6lpreis): Klassenbester \u2013 Goldmedaille<\/strong><\/p>\n<p><strong>OLIVE JAPAN: Klassenbester<\/strong><\/p>\n<p><strong>NYIOOC (Internationaler Oliven\u00f6lwettbewerb in New York): Goldmedaille<\/strong><\/p>\n<p><strong>DER FEINSCHMECKER: Das 1. beste native Oliven\u00f6l extra der Welt<\/strong><br \/>\n_______________________________________<\/p>\n<p><em>Weitere Informationen gelten f\u00fcr alle unsere nativen Oliven\u00f6le extra<\/em><\/p>\n<p><strong>Zutaten<\/strong>: 100 % italienische Oliven, im richtigen Reifegrad geerntet und in Italien mit mechanischen Verfahren gepresst<br \/>\n<strong>Lagerung<\/strong>: fern von Licht, W\u00e4rmequellen, schlechten Ger\u00fcchen und in hermetisch verschlossenen Flaschen. Denken Sie daran, dass natives Oliven\u00f6l extra der Feind von Licht, Hitze und Luft ist<br \/>\n<strong>Frist<\/strong>: innerhalb von 18 Monaten ab dem Datum der Abf\u00fcllung (Frist, innerhalb derer Sie von den N\u00e4hrwerten des nativen Oliven\u00f6ls extra profitieren k\u00f6nnen)<br \/>\n<strong>Verwendung<\/strong>: t\u00e4glich roh oder zum kurzen Garen bei moderaten Temperaturen<\/p>\n","protected":false},"excerpt":{"rendered":"<p><strong><em>Mittelfruchtig<\/em><\/strong><\/p>\n<p>Die Familie Quattrociocchi widmet sich seit 1888 dem Anbau von Olivenb\u00e4umen, gibt diese Leidenschaft im Laufe der Jahre weiter und beh\u00e4lt sich im Laufe der Zeit und in vollem Respekt vor der Tradition bei.<\/p>\n<p>Der Bauernhof, der immer noch Wohnsitz der Familie Quattrociocchi ist, liegt zwischen jahrhundertealten Olivenb\u00e4umen.<\/p>\n<p>Immer im Einklang mit der besten Tradition produziert Americo Quattrociocchi, Enkel des Gr\u00fcnders, sein natives Oliven\u00f6l extra, indem er es auf den besten internationalen M\u00e4rkten vermarktet. Die Ergebnisse sind eingetroffen und das extra native Oliven\u00f6l Quattrociocchi hat prestigetr\u00e4chtige Auszeichnungen erhalten. Der prestigetr\u00e4chtigste Preis ist der von Verbrauchern, die ein breites und einh\u00fcllendes Aroma und einen starken, aber ausgewogenen Geschmack erkennen.<\/p>\n<p>Ihr Verb\u00fcndeter in der K\u00fcche, probieren Sie ihn zu Gem\u00fcse-Couscous, Linsensuppen, gegrilltem Thunfisch, rotem Fleisch oder gegrilltem Wild.<\/p>\n<p><strong>Olivenkampagne: 2023\/2024<\/strong><\/p>\n","protected":false},"featured_media":16185,"comment_status":"closed","ping_status":"closed","template":"","meta":[],"pwb-brand":[324],"product_cat":[252],"product_tag":[],"acf":[],"yoast_head":"<!-- This site is optimized with the Yoast SEO plugin v24.5 - https:\/\/yoast.com\/wordpress\/plugins\/seo\/ -->\n<title>Classico - Oliocentrica<\/title>\n<meta name=\"robots\" content=\"index, follow, max-snippet:-1, max-image-preview:large, max-video-preview:-1\" \/>\n<link rel=\"canonical\" href=\"https:\/\/www.oliocentrica.it\/de\/shop\/classico-2\/\" \/>\n<meta property=\"og:locale\" content=\"de_DE\" \/>\n<meta property=\"og:type\" content=\"article\" \/>\n<meta property=\"og:title\" content=\"Classico - Oliocentrica\" \/>\n<meta property=\"og:description\" content=\"Mittelfruchtig  Die Familie Quattrociocchi widmet sich seit 1888 dem Anbau von Olivenb\u00e4umen, gibt diese Leidenschaft im Laufe der Jahre weiter und beh\u00e4lt sich im Laufe der Zeit und in vollem Respekt vor der Tradition bei.  Der Bauernhof, der immer noch Wohnsitz der Familie Quattrociocchi ist, liegt zwischen jahrhundertealten Olivenb\u00e4umen.  Immer im Einklang mit der besten Tradition produziert Americo Quattrociocchi, Enkel des Gr\u00fcnders, sein natives Oliven\u00f6l extra, indem er es auf den besten internationalen M\u00e4rkten vermarktet. Die Ergebnisse sind eingetroffen und das extra native Oliven\u00f6l Quattrociocchi hat prestigetr\u00e4chtige Auszeichnungen erhalten. Der prestigetr\u00e4chtigste Preis ist der von Verbrauchern, die ein breites und einh\u00fcllendes Aroma und einen starken, aber ausgewogenen Geschmack erkennen.  Ihr Verb\u00fcndeter in der K\u00fcche, probieren Sie ihn zu Gem\u00fcse-Couscous, Linsensuppen, gegrilltem Thunfisch, rotem Fleisch oder gegrilltem Wild.  Olivenkampagne: 2023\/2024\" \/>\n<meta property=\"og:url\" content=\"https:\/\/www.oliocentrica.it\/de\/shop\/classico-2\/\" \/>\n<meta property=\"og:site_name\" content=\"Oliocentrica\" \/>\n<meta property=\"article:publisher\" content=\"https:\/\/www.facebook.com\/Oliocentrica\" \/>\n<meta property=\"article:modified_time\" content=\"2024-02-03T11:39:21+00:00\" \/>\n<meta property=\"og:image\" content=\"https:\/\/www.oliocentrica.it\/wp-content\/uploads\/2022\/11\/quattrociocchi-classico.jpg\" \/>\n\t<meta property=\"og:image:width\" content=\"800\" \/>\n\t<meta property=\"og:image:height\" content=\"800\" \/>\n\t<meta property=\"og:image:type\" content=\"image\/jpeg\" \/>\n<meta name=\"twitter:card\" content=\"summary_large_image\" \/>\n<meta name=\"twitter:label1\" content=\"Gesch\u00e4tzte Lesezeit\" \/>\n\t<meta name=\"twitter:data1\" content=\"1\u00a0Minute\" \/>\n<script type=\"application\/ld+json\" class=\"yoast-schema-graph\">{\"@context\":\"https:\/\/schema.org\",\"@graph\":[{\"@type\":\"WebPage\",\"@id\":\"https:\/\/www.oliocentrica.it\/de\/shop\/classico-2\/\",\"url\":\"https:\/\/www.oliocentrica.it\/de\/shop\/classico-2\/\",\"name\":\"Classico - Oliocentrica\",\"isPartOf\":{\"@id\":\"https:\/\/www.oliocentrica.it\/de\/#website\"},\"primaryImageOfPage\":{\"@id\":\"https:\/\/www.oliocentrica.it\/de\/shop\/classico-2\/#primaryimage\"},\"image\":{\"@id\":\"https:\/\/www.oliocentrica.it\/de\/shop\/classico-2\/#primaryimage\"},\"thumbnailUrl\":\"https:\/\/www.oliocentrica.it\/wp-content\/uploads\/2022\/11\/quattrociocchi-classico.jpg\",\"datePublished\":\"2022-11-17T09:52:50+00:00\",\"dateModified\":\"2024-02-03T11:39:21+00:00\",\"breadcrumb\":{\"@id\":\"https:\/\/www.oliocentrica.it\/de\/shop\/classico-2\/#breadcrumb\"},\"inLanguage\":\"de\",\"potentialAction\":[{\"@type\":\"ReadAction\",\"target\":[\"https:\/\/www.oliocentrica.it\/de\/shop\/classico-2\/\"]}]},{\"@type\":\"ImageObject\",\"inLanguage\":\"de\",\"@id\":\"https:\/\/www.oliocentrica.it\/de\/shop\/classico-2\/#primaryimage\",\"url\":\"https:\/\/www.oliocentrica.it\/wp-content\/uploads\/2022\/11\/quattrociocchi-classico.jpg\",\"contentUrl\":\"https:\/\/www.oliocentrica.it\/wp-content\/uploads\/2022\/11\/quattrociocchi-classico.jpg\",\"width\":800,\"height\":800,\"caption\":\"quattrociocchi classico\"},{\"@type\":\"BreadcrumbList\",\"@id\":\"https:\/\/www.oliocentrica.it\/de\/shop\/classico-2\/#breadcrumb\",\"itemListElement\":[{\"@type\":\"ListItem\",\"position\":1,\"name\":\"Home\",\"item\":\"https:\/\/www.oliocentrica.it\/de\/\"},{\"@type\":\"ListItem\",\"position\":2,\"name\":\"Shop\",\"item\":\"https:\/\/www.oliocentrica.it\/de\/shop\/\"},{\"@type\":\"ListItem\",\"position\":3,\"name\":\"Classico\"}]},{\"@type\":\"WebSite\",\"@id\":\"https:\/\/www.oliocentrica.it\/de\/#website\",\"url\":\"https:\/\/www.oliocentrica.it\/de\/\",\"name\":\"Oliocentrica\",\"description\":\"il filo d\u2019olio tra cibo e salute\",\"publisher\":{\"@id\":\"https:\/\/www.oliocentrica.it\/de\/#organization\"},\"potentialAction\":[{\"@type\":\"SearchAction\",\"target\":{\"@type\":\"EntryPoint\",\"urlTemplate\":\"https:\/\/www.oliocentrica.it\/de\/?s={search_term_string}\"},\"query-input\":{\"@type\":\"PropertyValueSpecification\",\"valueRequired\":true,\"valueName\":\"search_term_string\"}}],\"inLanguage\":\"de\"},{\"@type\":\"Organization\",\"@id\":\"https:\/\/www.oliocentrica.it\/de\/#organization\",\"name\":\"Oliocentrica Srls\",\"url\":\"https:\/\/www.oliocentrica.it\/de\/\",\"logo\":{\"@type\":\"ImageObject\",\"inLanguage\":\"de\",\"@id\":\"https:\/\/www.oliocentrica.it\/de\/#\/schema\/logo\/image\/\",\"url\":\"https:\/\/www.oliocentrica.it\/wp-content\/uploads\/2021\/05\/logo_oliocentrica-1.png\",\"contentUrl\":\"https:\/\/www.oliocentrica.it\/wp-content\/uploads\/2021\/05\/logo_oliocentrica-1.png\",\"width\":250,\"height\":81,\"caption\":\"Oliocentrica Srls\"},\"image\":{\"@id\":\"https:\/\/www.oliocentrica.it\/de\/#\/schema\/logo\/image\/\"},\"sameAs\":[\"https:\/\/www.facebook.com\/Oliocentrica\",\"https:\/\/www.instagram.com\/oliocentrica\"]}]}<\/script>\n<!-- \/ Yoast SEO plugin. -->","yoast_head_json":{"title":"Classico - Oliocentrica","robots":{"index":"index","follow":"follow","max-snippet":"max-snippet:-1","max-image-preview":"max-image-preview:large","max-video-preview":"max-video-preview:-1"},"canonical":"https:\/\/www.oliocentrica.it\/de\/shop\/classico-2\/","og_locale":"de_DE","og_type":"article","og_title":"Classico - Oliocentrica","og_description":"Mittelfruchtig  Die Familie Quattrociocchi widmet sich seit 1888 dem Anbau von Olivenb\u00e4umen, gibt diese Leidenschaft im Laufe der Jahre weiter und beh\u00e4lt sich im Laufe der Zeit und in vollem Respekt vor der Tradition bei.  Der Bauernhof, der immer noch Wohnsitz der Familie Quattrociocchi ist, liegt zwischen jahrhundertealten Olivenb\u00e4umen.  Immer im Einklang mit der besten Tradition produziert Americo Quattrociocchi, Enkel des Gr\u00fcnders, sein natives Oliven\u00f6l extra, indem er es auf den besten internationalen M\u00e4rkten vermarktet. Die Ergebnisse sind eingetroffen und das extra native Oliven\u00f6l Quattrociocchi hat prestigetr\u00e4chtige Auszeichnungen erhalten. Der prestigetr\u00e4chtigste Preis ist der von Verbrauchern, die ein breites und einh\u00fcllendes Aroma und einen starken, aber ausgewogenen Geschmack erkennen.  Ihr Verb\u00fcndeter in der K\u00fcche, probieren Sie ihn zu Gem\u00fcse-Couscous, Linsensuppen, gegrilltem Thunfisch, rotem Fleisch oder gegrilltem Wild.  Olivenkampagne: 2023\/2024","og_url":"https:\/\/www.oliocentrica.it\/de\/shop\/classico-2\/","og_site_name":"Oliocentrica","article_publisher":"https:\/\/www.facebook.com\/Oliocentrica","article_modified_time":"2024-02-03T11:39:21+00:00","og_image":[{"width":800,"height":800,"url":"https:\/\/www.oliocentrica.it\/wp-content\/uploads\/2022\/11\/quattrociocchi-classico.jpg","type":"image\/jpeg"}],"twitter_card":"summary_large_image","twitter_misc":{"Gesch\u00e4tzte Lesezeit":"1\u00a0Minute"},"schema":{"@context":"https:\/\/schema.org","@graph":[{"@type":"WebPage","@id":"https:\/\/www.oliocentrica.it\/de\/shop\/classico-2\/","url":"https:\/\/www.oliocentrica.it\/de\/shop\/classico-2\/","name":"Classico - Oliocentrica","isPartOf":{"@id":"https:\/\/www.oliocentrica.it\/de\/#website"},"primaryImageOfPage":{"@id":"https:\/\/www.oliocentrica.it\/de\/shop\/classico-2\/#primaryimage"},"image":{"@id":"https:\/\/www.oliocentrica.it\/de\/shop\/classico-2\/#primaryimage"},"thumbnailUrl":"https:\/\/www.oliocentrica.it\/wp-content\/uploads\/2022\/11\/quattrociocchi-classico.jpg","datePublished":"2022-11-17T09:52:50+00:00","dateModified":"2024-02-03T11:39:21+00:00","breadcrumb":{"@id":"https:\/\/www.oliocentrica.it\/de\/shop\/classico-2\/#breadcrumb"},"inLanguage":"de","potentialAction":[{"@type":"ReadAction","target":["https:\/\/www.oliocentrica.it\/de\/shop\/classico-2\/"]}]},{"@type":"ImageObject","inLanguage":"de","@id":"https:\/\/www.oliocentrica.it\/de\/shop\/classico-2\/#primaryimage","url":"https:\/\/www.oliocentrica.it\/wp-content\/uploads\/2022\/11\/quattrociocchi-classico.jpg","contentUrl":"https:\/\/www.oliocentrica.it\/wp-content\/uploads\/2022\/11\/quattrociocchi-classico.jpg","width":800,"height":800,"caption":"quattrociocchi classico"},{"@type":"BreadcrumbList","@id":"https:\/\/www.oliocentrica.it\/de\/shop\/classico-2\/#breadcrumb","itemListElement":[{"@type":"ListItem","position":1,"name":"Home","item":"https:\/\/www.oliocentrica.it\/de\/"},{"@type":"ListItem","position":2,"name":"Shop","item":"https:\/\/www.oliocentrica.it\/de\/shop\/"},{"@type":"ListItem","position":3,"name":"Classico"}]},{"@type":"WebSite","@id":"https:\/\/www.oliocentrica.it\/de\/#website","url":"https:\/\/www.oliocentrica.it\/de\/","name":"Oliocentrica","description":"il filo d\u2019olio tra cibo e salute","publisher":{"@id":"https:\/\/www.oliocentrica.it\/de\/#organization"},"potentialAction":[{"@type":"SearchAction","target":{"@type":"EntryPoint","urlTemplate":"https:\/\/www.oliocentrica.it\/de\/?s={search_term_string}"},"query-input":{"@type":"PropertyValueSpecification","valueRequired":true,"valueName":"search_term_string"}}],"inLanguage":"de"},{"@type":"Organization","@id":"https:\/\/www.oliocentrica.it\/de\/#organization","name":"Oliocentrica Srls","url":"https:\/\/www.oliocentrica.it\/de\/","logo":{"@type":"ImageObject","inLanguage":"de","@id":"https:\/\/www.oliocentrica.it\/de\/#\/schema\/logo\/image\/","url":"https:\/\/www.oliocentrica.it\/wp-content\/uploads\/2021\/05\/logo_oliocentrica-1.png","contentUrl":"https:\/\/www.oliocentrica.it\/wp-content\/uploads\/2021\/05\/logo_oliocentrica-1.png","width":250,"height":81,"caption":"Oliocentrica Srls"},"image":{"@id":"https:\/\/www.oliocentrica.it\/de\/#\/schema\/logo\/image\/"},"sameAs":["https:\/\/www.facebook.com\/Oliocentrica","https:\/\/www.instagram.com\/oliocentrica"]}]}},"brands":[{"id":324,"name":"Quattrociocchi","slug":"quattrociocchi"}],"_links":{"self":[{"href":"https:\/\/www.oliocentrica.it\/de\/wp-json\/wp\/v2\/product\/16180"}],"collection":[{"href":"https:\/\/www.oliocentrica.it\/de\/wp-json\/wp\/v2\/product"}],"about":[{"href":"https:\/\/www.oliocentrica.it\/de\/wp-json\/wp\/v2\/types\/product"}],"replies":[{"embeddable":true,"href":"https:\/\/www.oliocentrica.it\/de\/wp-json\/wp\/v2\/comments?post=16180"}],"wp:featuredmedia":[{"embeddable":true,"href":"https:\/\/www.oliocentrica.it\/de\/wp-json\/wp\/v2\/media\/16185"}],"wp:attachment":[{"href":"https:\/\/www.oliocentrica.it\/de\/wp-json\/wp\/v2\/media?parent=16180"}],"wp:term":[{"taxonomy":"pwb-brand","embeddable":true,"href":"https:\/\/www.oliocentrica.it\/de\/wp-json\/wp\/v2\/pwb-brand?post=16180"},{"taxonomy":"product_cat","embeddable":true,"href":"https:\/\/www.oliocentrica.it\/de\/wp-json\/wp\/v2\/product_cat?post=16180"},{"taxonomy":"product_tag","embeddable":true,"href":"https:\/\/www.oliocentrica.it\/de\/wp-json\/wp\/v2\/product_tag?post=16180"}],"curies":[{"name":"wp","href":"https:\/\/api.w.org\/{rel}","templated":true}]}}