{"id":15987,"date":"2022-10-27T13:54:28","date_gmt":"2022-10-27T11:54:28","guid":{"rendered":"https:\/\/www.oliocentrica.it\/?post_type=product&#038;p=15987"},"modified":"2024-02-03T12:43:31","modified_gmt":"2024-02-03T11:43:31","slug":"501-altitudo-monovarietale-itrana","status":"publish","type":"product","link":"https:\/\/www.oliocentrica.it\/de\/shop\/501-altitudo-monovarietale-itrana\/","title":{"rendered":"501 ALTITUDO Monovarietale Itrana"},"content":{"rendered":"<p><strong><em>Mittelfruchtig<\/em><\/strong><\/p>\n<p><strong>Duft:<\/strong> elegant mit Bitterkeit und W\u00fcrze in hervorragender Balance<\/p>\n<p><strong>Geschmack:<\/strong> w\u00fcrzig und bitter von mittlerer Intensit\u00e4t<\/p>\n<p><strong>Probieren Sie es zu &#8230;<\/strong> Gem\u00fcse- und H\u00fclsenfruchtsuppen, Thunfischsteaks und gereifter K\u00e4se<\/p>\n<p><strong>Geografisches Gebiet und Gebiet:<\/strong> Pontinische H\u00fcgel &#8211; Sonnino (Latina) &#8211; Latium<\/p>\n<p><strong>Olivenkampagne:<\/strong> 2023\/2024<\/p>\n<p><strong>Gr\u00f6\u00dfen:<\/strong> 0,50 l<\/p>\n<p><strong>Sortenreine Olive:<\/strong> Itrana<\/p>\n<p><strong>Produktionsmethode:<\/strong> \u00d6lm\u00fchle kontinuierliche Kaltextraktion innerhalb weniger Stunden nach der Ernte<\/p>\n<p><strong>Oliven Haine:<\/strong> jahrhundertealte Terrassen kalkhaltigen Ursprungs zwischen 400 und 550 Metern \u00fcber dem Meeresspiegel, mit Neigungen zwischen 20 und 30%, mit S\u00fcd-S\u00fcdwest-Ausrichtung zum Mittelmeer hin<\/p>\n<p><strong>Aufbewahrungsmethode:<\/strong> Edelstahlbeh\u00e4lter bei kontrollierter Temperatur<br \/>\n_______________________________________<\/p>\n<p><em>Auszeichnungen und gastronomische F\u00fchrer<\/em><\/p>\n<p><strong>3 Bl\u00e4tter des Gambero Rosso;<\/strong><\/p>\n<p><strong>Platinum Award 2022 im Berlin Gooa;<\/strong><\/p>\n<p><strong>Gold Award 2022 beim NYIOOC, New York International Olive Oil Competition;<\/strong><\/p>\n<p><strong>Goldmedaille 2022 bei Olive Japan;<\/strong><\/p>\n<p><strong>Goldpreis Monovarietal 2022 bei JOOP, Japan Olive Oil Prize;<\/strong><\/p>\n<p><strong>Gold Award 2022 bei DUBAIOOC, Dubai International Olive Oil Competition;<\/strong><\/p>\n<p><strong>Aufnahme in den NYIOOC World&#8217;s Best Olive Oil Guide<\/strong><\/p>\n<p>_______________________________________<\/p>\n<p><em>Weitere Informationen gelten f\u00fcr alle unsere nativen Oliven\u00f6le extra<\/em><\/p>\n<p><strong>Zutaten:<\/strong> 100 % italienische Oliven, im richtigen Reifegrad geerntet und in Italien mit mechanischen Verfahren gepresst<br \/>\n<strong>Lagerung:<\/strong> fern von Licht, W\u00e4rmequellen, schlechten Ger\u00fcchen und in hermetisch verschlossenen Flaschen. Denken Sie daran, dass natives Oliven\u00f6l extra der Feind von Licht, Hitze und Luft ist<br \/>\n<strong>Frist:<\/strong> innerhalb von 18 Monaten ab dem Datum der Abf\u00fcllung (Frist, innerhalb derer Sie von den N\u00e4hrwerten des nativen Oliven\u00f6ls extra profitieren k\u00f6nnen)<br \/>\n<strong>Verwendung:<\/strong> t\u00e4glich roh oder zum kurzen Garen bei moderaten Temperaturen<\/p>\n","protected":false},"excerpt":{"rendered":"<p><strong><em>Mittelfruchtig<\/em><\/strong><\/p>\n<p>\u201eDie Olivenb\u00e4ume sind seit der ersten H\u00e4lfte des 18. Jahrhunderts Teil meiner Familienkultur. Dokumentarische Quellen und Erinnerungen k\u00f6nnen nicht weiter reichen, aber alles deutet darauf hin, dass die Verbindung weiter entfernte Wurzeln hat Olivenanbau nachhaltig, nutrazeutisch und heldenhaft &#8220;<br \/>\n<em>Francesco Paolo Agresti<\/em><\/p>\n<p>Das native Oliven\u00f6l extra 501 Altitudo ist ausgewogen, harmonisch, reich an Antioxidantien und Vitamin E. Die Nase wirkt mittelfruchtig, aromareich und umh\u00fcllend. Am Gaumen Tomatenbl\u00e4tter, aromatische Kr\u00e4uter, pflanzliche Noten, mit gr\u00fcner und sehr klarer Charakteristik. Zart mit einer leichten Pr\u00e4valenz von W\u00fcrze \u00fcber Bitterkeit, beh\u00e4lt es eine gro\u00dfe aromatische Konsistenz in Bezug auf die olfaktorischen Empfindungen bei. Probieren Sie es mit Gem\u00fcse- und H\u00fclsenfruchtsuppen, Thunfischsteaks und gereiftem K\u00e4se<\/p>\n<p><strong>Olivenkampagne: 2023\/2024<\/strong><\/p>\n","protected":false},"featured_media":15992,"comment_status":"closed","ping_status":"closed","template":"","meta":[],"pwb-brand":[443],"product_cat":[252],"product_tag":[],"acf":[],"yoast_head":"<!-- This site is optimized with the Yoast SEO plugin v24.5 - https:\/\/yoast.com\/wordpress\/plugins\/seo\/ -->\n<title>501 ALTITUDO Monovarietale Itrana - Oliocentrica<\/title>\n<meta name=\"robots\" content=\"index, follow, max-snippet:-1, max-image-preview:large, max-video-preview:-1\" \/>\n<link rel=\"canonical\" href=\"https:\/\/www.oliocentrica.it\/de\/shop\/501-altitudo-monovarietale-itrana\/\" \/>\n<meta property=\"og:locale\" content=\"de_DE\" \/>\n<meta property=\"og:type\" content=\"article\" \/>\n<meta property=\"og:title\" content=\"501 ALTITUDO Monovarietale Itrana - Oliocentrica\" \/>\n<meta property=\"og:description\" content=\"Mittelfruchtig  \u201eDie Olivenb\u00e4ume sind seit der ersten H\u00e4lfte des 18. Jahrhunderts Teil meiner Familienkultur. Dokumentarische Quellen und Erinnerungen k\u00f6nnen nicht weiter reichen, aber alles deutet darauf hin, dass die Verbindung weiter entfernte Wurzeln hat Olivenanbau nachhaltig, nutrazeutisch und heldenhaft &quot; Francesco Paolo Agresti  Das native Oliven\u00f6l extra 501 Altitudo ist ausgewogen, harmonisch, reich an Antioxidantien und Vitamin E. Die Nase wirkt mittelfruchtig, aromareich und umh\u00fcllend. Am Gaumen Tomatenbl\u00e4tter, aromatische Kr\u00e4uter, pflanzliche Noten, mit gr\u00fcner und sehr klarer Charakteristik. Zart mit einer leichten Pr\u00e4valenz von W\u00fcrze \u00fcber Bitterkeit, beh\u00e4lt es eine gro\u00dfe aromatische Konsistenz in Bezug auf die olfaktorischen Empfindungen bei. Probieren Sie es mit Gem\u00fcse- und H\u00fclsenfruchtsuppen, Thunfischsteaks und gereiftem K\u00e4se  Olivenkampagne: 2023\/2024\" \/>\n<meta property=\"og:url\" content=\"https:\/\/www.oliocentrica.it\/de\/shop\/501-altitudo-monovarietale-itrana\/\" \/>\n<meta property=\"og:site_name\" content=\"Oliocentrica\" \/>\n<meta property=\"article:publisher\" content=\"https:\/\/www.facebook.com\/Oliocentrica\" \/>\n<meta property=\"article:modified_time\" content=\"2024-02-03T11:43:31+00:00\" \/>\n<meta property=\"og:image\" content=\"https:\/\/www.oliocentrica.it\/wp-content\/uploads\/2022\/10\/altitudo.jpg\" \/>\n\t<meta property=\"og:image:width\" content=\"800\" \/>\n\t<meta property=\"og:image:height\" content=\"800\" \/>\n\t<meta property=\"og:image:type\" content=\"image\/jpeg\" \/>\n<meta name=\"twitter:card\" content=\"summary_large_image\" \/>\n<meta name=\"twitter:label1\" content=\"Gesch\u00e4tzte Lesezeit\" \/>\n\t<meta name=\"twitter:data1\" content=\"1\u00a0Minute\" \/>\n<script type=\"application\/ld+json\" class=\"yoast-schema-graph\">{\"@context\":\"https:\/\/schema.org\",\"@graph\":[{\"@type\":\"WebPage\",\"@id\":\"https:\/\/www.oliocentrica.it\/de\/shop\/501-altitudo-monovarietale-itrana\/\",\"url\":\"https:\/\/www.oliocentrica.it\/de\/shop\/501-altitudo-monovarietale-itrana\/\",\"name\":\"501 ALTITUDO Monovarietale Itrana - Oliocentrica\",\"isPartOf\":{\"@id\":\"https:\/\/www.oliocentrica.it\/de\/#website\"},\"primaryImageOfPage\":{\"@id\":\"https:\/\/www.oliocentrica.it\/de\/shop\/501-altitudo-monovarietale-itrana\/#primaryimage\"},\"image\":{\"@id\":\"https:\/\/www.oliocentrica.it\/de\/shop\/501-altitudo-monovarietale-itrana\/#primaryimage\"},\"thumbnailUrl\":\"https:\/\/www.oliocentrica.it\/wp-content\/uploads\/2022\/10\/altitudo.jpg\",\"datePublished\":\"2022-10-27T11:54:28+00:00\",\"dateModified\":\"2024-02-03T11:43:31+00:00\",\"breadcrumb\":{\"@id\":\"https:\/\/www.oliocentrica.it\/de\/shop\/501-altitudo-monovarietale-itrana\/#breadcrumb\"},\"inLanguage\":\"de\",\"potentialAction\":[{\"@type\":\"ReadAction\",\"target\":[\"https:\/\/www.oliocentrica.it\/de\/shop\/501-altitudo-monovarietale-itrana\/\"]}]},{\"@type\":\"ImageObject\",\"inLanguage\":\"de\",\"@id\":\"https:\/\/www.oliocentrica.it\/de\/shop\/501-altitudo-monovarietale-itrana\/#primaryimage\",\"url\":\"https:\/\/www.oliocentrica.it\/wp-content\/uploads\/2022\/10\/altitudo.jpg\",\"contentUrl\":\"https:\/\/www.oliocentrica.it\/wp-content\/uploads\/2022\/10\/altitudo.jpg\",\"width\":800,\"height\":800,\"caption\":\"Agresti - Olio EVO 501 Altitudo\"},{\"@type\":\"BreadcrumbList\",\"@id\":\"https:\/\/www.oliocentrica.it\/de\/shop\/501-altitudo-monovarietale-itrana\/#breadcrumb\",\"itemListElement\":[{\"@type\":\"ListItem\",\"position\":1,\"name\":\"Home\",\"item\":\"https:\/\/www.oliocentrica.it\/de\/\"},{\"@type\":\"ListItem\",\"position\":2,\"name\":\"Shop\",\"item\":\"https:\/\/www.oliocentrica.it\/de\/shop\/\"},{\"@type\":\"ListItem\",\"position\":3,\"name\":\"501 ALTITUDO Monovarietale Itrana\"}]},{\"@type\":\"WebSite\",\"@id\":\"https:\/\/www.oliocentrica.it\/de\/#website\",\"url\":\"https:\/\/www.oliocentrica.it\/de\/\",\"name\":\"Oliocentrica\",\"description\":\"il filo d\u2019olio tra cibo e salute\",\"publisher\":{\"@id\":\"https:\/\/www.oliocentrica.it\/de\/#organization\"},\"potentialAction\":[{\"@type\":\"SearchAction\",\"target\":{\"@type\":\"EntryPoint\",\"urlTemplate\":\"https:\/\/www.oliocentrica.it\/de\/?s={search_term_string}\"},\"query-input\":{\"@type\":\"PropertyValueSpecification\",\"valueRequired\":true,\"valueName\":\"search_term_string\"}}],\"inLanguage\":\"de\"},{\"@type\":\"Organization\",\"@id\":\"https:\/\/www.oliocentrica.it\/de\/#organization\",\"name\":\"Oliocentrica Srls\",\"url\":\"https:\/\/www.oliocentrica.it\/de\/\",\"logo\":{\"@type\":\"ImageObject\",\"inLanguage\":\"de\",\"@id\":\"https:\/\/www.oliocentrica.it\/de\/#\/schema\/logo\/image\/\",\"url\":\"https:\/\/www.oliocentrica.it\/wp-content\/uploads\/2021\/05\/logo_oliocentrica-1.png\",\"contentUrl\":\"https:\/\/www.oliocentrica.it\/wp-content\/uploads\/2021\/05\/logo_oliocentrica-1.png\",\"width\":250,\"height\":81,\"caption\":\"Oliocentrica Srls\"},\"image\":{\"@id\":\"https:\/\/www.oliocentrica.it\/de\/#\/schema\/logo\/image\/\"},\"sameAs\":[\"https:\/\/www.facebook.com\/Oliocentrica\",\"https:\/\/www.instagram.com\/oliocentrica\"]}]}<\/script>\n<!-- \/ Yoast SEO plugin. -->","yoast_head_json":{"title":"501 ALTITUDO Monovarietale Itrana - Oliocentrica","robots":{"index":"index","follow":"follow","max-snippet":"max-snippet:-1","max-image-preview":"max-image-preview:large","max-video-preview":"max-video-preview:-1"},"canonical":"https:\/\/www.oliocentrica.it\/de\/shop\/501-altitudo-monovarietale-itrana\/","og_locale":"de_DE","og_type":"article","og_title":"501 ALTITUDO Monovarietale Itrana - Oliocentrica","og_description":"Mittelfruchtig  \u201eDie Olivenb\u00e4ume sind seit der ersten H\u00e4lfte des 18. Jahrhunderts Teil meiner Familienkultur. Dokumentarische Quellen und Erinnerungen k\u00f6nnen nicht weiter reichen, aber alles deutet darauf hin, dass die Verbindung weiter entfernte Wurzeln hat Olivenanbau nachhaltig, nutrazeutisch und heldenhaft \" Francesco Paolo Agresti  Das native Oliven\u00f6l extra 501 Altitudo ist ausgewogen, harmonisch, reich an Antioxidantien und Vitamin E. Die Nase wirkt mittelfruchtig, aromareich und umh\u00fcllend. Am Gaumen Tomatenbl\u00e4tter, aromatische Kr\u00e4uter, pflanzliche Noten, mit gr\u00fcner und sehr klarer Charakteristik. Zart mit einer leichten Pr\u00e4valenz von W\u00fcrze \u00fcber Bitterkeit, beh\u00e4lt es eine gro\u00dfe aromatische Konsistenz in Bezug auf die olfaktorischen Empfindungen bei. Probieren Sie es mit Gem\u00fcse- und H\u00fclsenfruchtsuppen, Thunfischsteaks und gereiftem K\u00e4se  Olivenkampagne: 2023\/2024","og_url":"https:\/\/www.oliocentrica.it\/de\/shop\/501-altitudo-monovarietale-itrana\/","og_site_name":"Oliocentrica","article_publisher":"https:\/\/www.facebook.com\/Oliocentrica","article_modified_time":"2024-02-03T11:43:31+00:00","og_image":[{"width":800,"height":800,"url":"https:\/\/www.oliocentrica.it\/wp-content\/uploads\/2022\/10\/altitudo.jpg","type":"image\/jpeg"}],"twitter_card":"summary_large_image","twitter_misc":{"Gesch\u00e4tzte Lesezeit":"1\u00a0Minute"},"schema":{"@context":"https:\/\/schema.org","@graph":[{"@type":"WebPage","@id":"https:\/\/www.oliocentrica.it\/de\/shop\/501-altitudo-monovarietale-itrana\/","url":"https:\/\/www.oliocentrica.it\/de\/shop\/501-altitudo-monovarietale-itrana\/","name":"501 ALTITUDO Monovarietale Itrana - Oliocentrica","isPartOf":{"@id":"https:\/\/www.oliocentrica.it\/de\/#website"},"primaryImageOfPage":{"@id":"https:\/\/www.oliocentrica.it\/de\/shop\/501-altitudo-monovarietale-itrana\/#primaryimage"},"image":{"@id":"https:\/\/www.oliocentrica.it\/de\/shop\/501-altitudo-monovarietale-itrana\/#primaryimage"},"thumbnailUrl":"https:\/\/www.oliocentrica.it\/wp-content\/uploads\/2022\/10\/altitudo.jpg","datePublished":"2022-10-27T11:54:28+00:00","dateModified":"2024-02-03T11:43:31+00:00","breadcrumb":{"@id":"https:\/\/www.oliocentrica.it\/de\/shop\/501-altitudo-monovarietale-itrana\/#breadcrumb"},"inLanguage":"de","potentialAction":[{"@type":"ReadAction","target":["https:\/\/www.oliocentrica.it\/de\/shop\/501-altitudo-monovarietale-itrana\/"]}]},{"@type":"ImageObject","inLanguage":"de","@id":"https:\/\/www.oliocentrica.it\/de\/shop\/501-altitudo-monovarietale-itrana\/#primaryimage","url":"https:\/\/www.oliocentrica.it\/wp-content\/uploads\/2022\/10\/altitudo.jpg","contentUrl":"https:\/\/www.oliocentrica.it\/wp-content\/uploads\/2022\/10\/altitudo.jpg","width":800,"height":800,"caption":"Agresti - Olio EVO 501 Altitudo"},{"@type":"BreadcrumbList","@id":"https:\/\/www.oliocentrica.it\/de\/shop\/501-altitudo-monovarietale-itrana\/#breadcrumb","itemListElement":[{"@type":"ListItem","position":1,"name":"Home","item":"https:\/\/www.oliocentrica.it\/de\/"},{"@type":"ListItem","position":2,"name":"Shop","item":"https:\/\/www.oliocentrica.it\/de\/shop\/"},{"@type":"ListItem","position":3,"name":"501 ALTITUDO Monovarietale Itrana"}]},{"@type":"WebSite","@id":"https:\/\/www.oliocentrica.it\/de\/#website","url":"https:\/\/www.oliocentrica.it\/de\/","name":"Oliocentrica","description":"il filo d\u2019olio tra cibo e salute","publisher":{"@id":"https:\/\/www.oliocentrica.it\/de\/#organization"},"potentialAction":[{"@type":"SearchAction","target":{"@type":"EntryPoint","urlTemplate":"https:\/\/www.oliocentrica.it\/de\/?s={search_term_string}"},"query-input":{"@type":"PropertyValueSpecification","valueRequired":true,"valueName":"search_term_string"}}],"inLanguage":"de"},{"@type":"Organization","@id":"https:\/\/www.oliocentrica.it\/de\/#organization","name":"Oliocentrica Srls","url":"https:\/\/www.oliocentrica.it\/de\/","logo":{"@type":"ImageObject","inLanguage":"de","@id":"https:\/\/www.oliocentrica.it\/de\/#\/schema\/logo\/image\/","url":"https:\/\/www.oliocentrica.it\/wp-content\/uploads\/2021\/05\/logo_oliocentrica-1.png","contentUrl":"https:\/\/www.oliocentrica.it\/wp-content\/uploads\/2021\/05\/logo_oliocentrica-1.png","width":250,"height":81,"caption":"Oliocentrica Srls"},"image":{"@id":"https:\/\/www.oliocentrica.it\/de\/#\/schema\/logo\/image\/"},"sameAs":["https:\/\/www.facebook.com\/Oliocentrica","https:\/\/www.instagram.com\/oliocentrica"]}]}},"brands":[{"id":443,"name":"Agresti 1902","slug":"agresti-1902-de"}],"_links":{"self":[{"href":"https:\/\/www.oliocentrica.it\/de\/wp-json\/wp\/v2\/product\/15987"}],"collection":[{"href":"https:\/\/www.oliocentrica.it\/de\/wp-json\/wp\/v2\/product"}],"about":[{"href":"https:\/\/www.oliocentrica.it\/de\/wp-json\/wp\/v2\/types\/product"}],"replies":[{"embeddable":true,"href":"https:\/\/www.oliocentrica.it\/de\/wp-json\/wp\/v2\/comments?post=15987"}],"wp:featuredmedia":[{"embeddable":true,"href":"https:\/\/www.oliocentrica.it\/de\/wp-json\/wp\/v2\/media\/15992"}],"wp:attachment":[{"href":"https:\/\/www.oliocentrica.it\/de\/wp-json\/wp\/v2\/media?parent=15987"}],"wp:term":[{"taxonomy":"pwb-brand","embeddable":true,"href":"https:\/\/www.oliocentrica.it\/de\/wp-json\/wp\/v2\/pwb-brand?post=15987"},{"taxonomy":"product_cat","embeddable":true,"href":"https:\/\/www.oliocentrica.it\/de\/wp-json\/wp\/v2\/product_cat?post=15987"},{"taxonomy":"product_tag","embeddable":true,"href":"https:\/\/www.oliocentrica.it\/de\/wp-json\/wp\/v2\/product_tag?post=15987"}],"curies":[{"name":"wp","href":"https:\/\/api.w.org\/{rel}","templated":true}]}}