{"id":15089,"date":"2022-05-21T16:02:11","date_gmt":"2022-05-21T14:02:11","guid":{"rendered":"https:\/\/www.oliocentrica.it\/?post_type=product&#038;p=15089"},"modified":"2023-10-25T19:29:58","modified_gmt":"2023-10-25T17:29:58","slug":"solare-bio","status":"publish","type":"product","link":"https:\/\/www.oliocentrica.it\/de\/shop\/solare-bio\/","title":{"rendered":"Solare BIO"},"content":{"rendered":"<p><strong><em>Mittelfruchtig<\/em><\/strong><\/p>\n<p><strong>Duft:<\/strong> ausgepr\u00e4gte Noten von Artischocke, Zichorie, Apfel, Mandel und Rosmarin<\/p>\n<p><strong>Geschmack:<\/strong> w\u00fcrzig und bitter wichtig mit Mandel-Nachgeschmack<\/p>\n<p><strong>Probieren Sie es mit &#8230;<\/strong> &#8222;pizz&#8217;e menes&#8217;tre&#8220; Pancotto oder Maispizza mit Gem\u00fcse, gegrilltem rotem Fleisch, Polenta mit Tomatensauce<\/p>\n<p><strong>Geografisches Gebiet und Gebiet:<\/strong> Castelbottaccio &#8211; Campobasso &#8211; Molise<\/p>\n<p><strong>Olivenkampagne:<\/strong> 2023\/2024<\/p>\n<p><strong>Gr\u00f6\u00dfen:<\/strong> 0,25 l<\/p>\n<p><strong>Sortenreine Olive:<\/strong> Gentile di Larino<\/p>\n<p><strong>Produktionsmethode:<\/strong> kontinuierlicher Zyklus<\/p>\n<p><strong>Aufbewahrungsmethode:<\/strong> Edelstahlbeh\u00e4lter bei kontrollierter Temperatur<br \/>\n_______________________________________<\/p>\n<p><em>Auszeichnungen und gastronomische F\u00fchrer<\/em><\/p>\n<p><strong>Biol 2022 XXVII Internationaler Preis: Extra Goldmedaille<\/strong><\/p>\n<p><strong>Bewertet von Oli d&#8217;Italia Gambero Rosso 2022<\/strong><\/p>\n<p><strong>Weltweiter Oliven\u00f6lwettbewerb NYOOCC 2022: Gold Award<\/strong><\/p>\n<p>_______________________________________<\/p>\n<p><em>Weitere Informationen gelten f\u00fcr alle unsere nativen Oliven\u00f6le extra<\/em><\/p>\n<p><strong>Zutaten:<\/strong> 100 % italienische Oliven, im richtigen Reifegrad geerntet und in Italien mit mechanischen Verfahren gepresst<br \/>\n<strong>Lagerung:<\/strong> fern von Licht, W\u00e4rmequellen, schlechten Ger\u00fcchen und in hermetisch verschlossenen Flaschen. Denken Sie daran, dass natives Oliven\u00f6l extra der Feind von Licht, Hitze und Luft ist<br \/>\n<strong>Frist:<\/strong> innerhalb von 18 Monaten ab dem Datum der Abf\u00fcllung (Frist, innerhalb derer Sie von den N\u00e4hrwerten des nativen Oliven\u00f6ls extra profitieren k\u00f6nnen)<br \/>\n<strong>Verwendung:<\/strong> t\u00e4glich roh oder zum kurzen Garen bei moderaten Temperaturen<\/p>\n","protected":false},"excerpt":{"rendered":"<p><strong><em>Mittelfruchtig<\/em><\/strong><\/p>\n<p>In einem alten Tal in Mittelitalien, in Castelbottaccio, einem kleinen Molise-Dorf auf halbem Weg zwischen Meer und Bergen, steht das Castelboom Collective, das 2019 aus einem gegenl\u00e4ufigen Gedanken geboren wurde, mit dem \u201erevolution\u00e4ren\u201c Wunsch, diese magischen bewohnten Orte aus der Antike wiederzubeleben Olivenhainen und vom majest\u00e4tischen Morgia, einem Felsberg, der seit Jahrhunderten die Kreativit\u00e4t der Handwerker befl\u00fcgelt. Das Kollektiv wird vom K\u00fcnstler Danilo Boccella mit Hilfe von Aljaz Finc geleitet. Das Anwesen erstreckt sich \u00fcber 10 Hektar, von denen 7 mit Olivenhainen der Sorten Gentile di Larino, Nera Colletorto, Olivastro bepflanzt sind. Il Solare, ausgew\u00e4hlt von Oliocentrica, ist ein natives Oliven\u00f6l extra, das ausschlie\u00dflich aus der Sorte Gentile di Larino besteht und in einer speziellen goldenen Flasche verpackt ist, die in einem eleganten zylindrischen Karton verpackt ist, um die Eigenschaften eines nativen Oliven\u00f6ls extra zu bewahren. , ein starker Geschmack und ein berauschender Duft, der alle Ihre Zubereitungen versch\u00f6nern kann, ideal zu Gerichten der Molise-K\u00fcche wie &#8222;Pizz&#8217;e Menes&#8217;tre&#8220;, Pancotto oder Maispizza mit Gem\u00fcse<\/p>\n<p><em>Zertifizierungen: Bio<\/em><\/p>\n<p><strong>Olivenkampagne: 2023\/2024<\/strong><\/p>\n","protected":false},"featured_media":15119,"comment_status":"closed","ping_status":"closed","template":"","meta":[],"pwb-brand":[374],"product_cat":[252],"product_tag":[],"acf":[],"yoast_head":"<!-- This site is optimized with the Yoast SEO plugin v24.5 - https:\/\/yoast.com\/wordpress\/plugins\/seo\/ -->\n<title>Solare BIO - Oliocentrica<\/title>\n<meta name=\"robots\" content=\"index, follow, max-snippet:-1, max-image-preview:large, max-video-preview:-1\" \/>\n<link rel=\"canonical\" href=\"https:\/\/www.oliocentrica.it\/de\/shop\/solare-bio\/\" \/>\n<meta property=\"og:locale\" content=\"de_DE\" \/>\n<meta property=\"og:type\" content=\"article\" \/>\n<meta property=\"og:title\" content=\"Solare BIO - Oliocentrica\" \/>\n<meta property=\"og:description\" content=\"Mittelfruchtig  In einem alten Tal in Mittelitalien, in Castelbottaccio, einem kleinen Molise-Dorf auf halbem Weg zwischen Meer und Bergen, steht das Castelboom Collective, das 2019 aus einem gegenl\u00e4ufigen Gedanken geboren wurde, mit dem \u201erevolution\u00e4ren\u201c Wunsch, diese magischen bewohnten Orte aus der Antike wiederzubeleben Olivenhainen und vom majest\u00e4tischen Morgia, einem Felsberg, der seit Jahrhunderten die Kreativit\u00e4t der Handwerker befl\u00fcgelt. Das Kollektiv wird vom K\u00fcnstler Danilo Boccella mit Hilfe von Aljaz Finc geleitet. Das Anwesen erstreckt sich \u00fcber 10 Hektar, von denen 7 mit Olivenhainen der Sorten Gentile di Larino, Nera Colletorto, Olivastro bepflanzt sind. Il Solare, ausgew\u00e4hlt von Oliocentrica, ist ein natives Oliven\u00f6l extra, das ausschlie\u00dflich aus der Sorte Gentile di Larino besteht und in einer speziellen goldenen Flasche verpackt ist, die in einem eleganten zylindrischen Karton verpackt ist, um die Eigenschaften eines nativen Oliven\u00f6ls extra zu bewahren. , ein starker Geschmack und ein berauschender Duft, der alle Ihre Zubereitungen versch\u00f6nern kann, ideal zu Gerichten der Molise-K\u00fcche wie &quot;Pizz&#039;e Menes&#039;tre&quot;, Pancotto oder Maispizza mit Gem\u00fcse  Zertifizierungen: Bio  Olivenkampagne: 2023\/2024\" \/>\n<meta property=\"og:url\" content=\"https:\/\/www.oliocentrica.it\/de\/shop\/solare-bio\/\" \/>\n<meta property=\"og:site_name\" content=\"Oliocentrica\" \/>\n<meta property=\"article:publisher\" content=\"https:\/\/www.facebook.com\/Oliocentrica\" \/>\n<meta property=\"article:modified_time\" content=\"2023-10-25T17:29:58+00:00\" \/>\n<meta property=\"og:image\" content=\"https:\/\/www.oliocentrica.it\/wp-content\/uploads\/2022\/05\/collettivo-castelboom-solare-1.jpg\" \/>\n\t<meta property=\"og:image:width\" content=\"800\" \/>\n\t<meta property=\"og:image:height\" content=\"800\" \/>\n\t<meta property=\"og:image:type\" content=\"image\/jpeg\" \/>\n<meta name=\"twitter:card\" content=\"summary_large_image\" \/>\n<meta name=\"twitter:label1\" content=\"Gesch\u00e4tzte Lesezeit\" \/>\n\t<meta name=\"twitter:data1\" content=\"1\u00a0Minute\" \/>\n<script type=\"application\/ld+json\" class=\"yoast-schema-graph\">{\"@context\":\"https:\/\/schema.org\",\"@graph\":[{\"@type\":\"WebPage\",\"@id\":\"https:\/\/www.oliocentrica.it\/de\/shop\/solare-bio\/\",\"url\":\"https:\/\/www.oliocentrica.it\/de\/shop\/solare-bio\/\",\"name\":\"Solare BIO - Oliocentrica\",\"isPartOf\":{\"@id\":\"https:\/\/www.oliocentrica.it\/de\/#website\"},\"primaryImageOfPage\":{\"@id\":\"https:\/\/www.oliocentrica.it\/de\/shop\/solare-bio\/#primaryimage\"},\"image\":{\"@id\":\"https:\/\/www.oliocentrica.it\/de\/shop\/solare-bio\/#primaryimage\"},\"thumbnailUrl\":\"https:\/\/www.oliocentrica.it\/wp-content\/uploads\/2022\/05\/collettivo-castelboom-solare-1.jpg\",\"datePublished\":\"2022-05-21T14:02:11+00:00\",\"dateModified\":\"2023-10-25T17:29:58+00:00\",\"breadcrumb\":{\"@id\":\"https:\/\/www.oliocentrica.it\/de\/shop\/solare-bio\/#breadcrumb\"},\"inLanguage\":\"de\",\"potentialAction\":[{\"@type\":\"ReadAction\",\"target\":[\"https:\/\/www.oliocentrica.it\/de\/shop\/solare-bio\/\"]}]},{\"@type\":\"ImageObject\",\"inLanguage\":\"de\",\"@id\":\"https:\/\/www.oliocentrica.it\/de\/shop\/solare-bio\/#primaryimage\",\"url\":\"https:\/\/www.oliocentrica.it\/wp-content\/uploads\/2022\/05\/collettivo-castelboom-solare-1.jpg\",\"contentUrl\":\"https:\/\/www.oliocentrica.it\/wp-content\/uploads\/2022\/05\/collettivo-castelboom-solare-1.jpg\",\"width\":800,\"height\":800},{\"@type\":\"BreadcrumbList\",\"@id\":\"https:\/\/www.oliocentrica.it\/de\/shop\/solare-bio\/#breadcrumb\",\"itemListElement\":[{\"@type\":\"ListItem\",\"position\":1,\"name\":\"Home\",\"item\":\"https:\/\/www.oliocentrica.it\/de\/\"},{\"@type\":\"ListItem\",\"position\":2,\"name\":\"Shop\",\"item\":\"https:\/\/www.oliocentrica.it\/de\/shop\/\"},{\"@type\":\"ListItem\",\"position\":3,\"name\":\"Solare BIO\"}]},{\"@type\":\"WebSite\",\"@id\":\"https:\/\/www.oliocentrica.it\/de\/#website\",\"url\":\"https:\/\/www.oliocentrica.it\/de\/\",\"name\":\"Oliocentrica\",\"description\":\"il filo d\u2019olio tra cibo e salute\",\"publisher\":{\"@id\":\"https:\/\/www.oliocentrica.it\/de\/#organization\"},\"potentialAction\":[{\"@type\":\"SearchAction\",\"target\":{\"@type\":\"EntryPoint\",\"urlTemplate\":\"https:\/\/www.oliocentrica.it\/de\/?s={search_term_string}\"},\"query-input\":{\"@type\":\"PropertyValueSpecification\",\"valueRequired\":true,\"valueName\":\"search_term_string\"}}],\"inLanguage\":\"de\"},{\"@type\":\"Organization\",\"@id\":\"https:\/\/www.oliocentrica.it\/de\/#organization\",\"name\":\"Oliocentrica Srls\",\"url\":\"https:\/\/www.oliocentrica.it\/de\/\",\"logo\":{\"@type\":\"ImageObject\",\"inLanguage\":\"de\",\"@id\":\"https:\/\/www.oliocentrica.it\/de\/#\/schema\/logo\/image\/\",\"url\":\"https:\/\/www.oliocentrica.it\/wp-content\/uploads\/2021\/05\/logo_oliocentrica-1.png\",\"contentUrl\":\"https:\/\/www.oliocentrica.it\/wp-content\/uploads\/2021\/05\/logo_oliocentrica-1.png\",\"width\":250,\"height\":81,\"caption\":\"Oliocentrica Srls\"},\"image\":{\"@id\":\"https:\/\/www.oliocentrica.it\/de\/#\/schema\/logo\/image\/\"},\"sameAs\":[\"https:\/\/www.facebook.com\/Oliocentrica\",\"https:\/\/www.instagram.com\/oliocentrica\"]}]}<\/script>\n<!-- \/ Yoast SEO plugin. -->","yoast_head_json":{"title":"Solare BIO - Oliocentrica","robots":{"index":"index","follow":"follow","max-snippet":"max-snippet:-1","max-image-preview":"max-image-preview:large","max-video-preview":"max-video-preview:-1"},"canonical":"https:\/\/www.oliocentrica.it\/de\/shop\/solare-bio\/","og_locale":"de_DE","og_type":"article","og_title":"Solare BIO - Oliocentrica","og_description":"Mittelfruchtig  In einem alten Tal in Mittelitalien, in Castelbottaccio, einem kleinen Molise-Dorf auf halbem Weg zwischen Meer und Bergen, steht das Castelboom Collective, das 2019 aus einem gegenl\u00e4ufigen Gedanken geboren wurde, mit dem \u201erevolution\u00e4ren\u201c Wunsch, diese magischen bewohnten Orte aus der Antike wiederzubeleben Olivenhainen und vom majest\u00e4tischen Morgia, einem Felsberg, der seit Jahrhunderten die Kreativit\u00e4t der Handwerker befl\u00fcgelt. Das Kollektiv wird vom K\u00fcnstler Danilo Boccella mit Hilfe von Aljaz Finc geleitet. Das Anwesen erstreckt sich \u00fcber 10 Hektar, von denen 7 mit Olivenhainen der Sorten Gentile di Larino, Nera Colletorto, Olivastro bepflanzt sind. Il Solare, ausgew\u00e4hlt von Oliocentrica, ist ein natives Oliven\u00f6l extra, das ausschlie\u00dflich aus der Sorte Gentile di Larino besteht und in einer speziellen goldenen Flasche verpackt ist, die in einem eleganten zylindrischen Karton verpackt ist, um die Eigenschaften eines nativen Oliven\u00f6ls extra zu bewahren. , ein starker Geschmack und ein berauschender Duft, der alle Ihre Zubereitungen versch\u00f6nern kann, ideal zu Gerichten der Molise-K\u00fcche wie \"Pizz'e Menes'tre\", Pancotto oder Maispizza mit Gem\u00fcse  Zertifizierungen: Bio  Olivenkampagne: 2023\/2024","og_url":"https:\/\/www.oliocentrica.it\/de\/shop\/solare-bio\/","og_site_name":"Oliocentrica","article_publisher":"https:\/\/www.facebook.com\/Oliocentrica","article_modified_time":"2023-10-25T17:29:58+00:00","og_image":[{"width":800,"height":800,"url":"https:\/\/www.oliocentrica.it\/wp-content\/uploads\/2022\/05\/collettivo-castelboom-solare-1.jpg","type":"image\/jpeg"}],"twitter_card":"summary_large_image","twitter_misc":{"Gesch\u00e4tzte Lesezeit":"1\u00a0Minute"},"schema":{"@context":"https:\/\/schema.org","@graph":[{"@type":"WebPage","@id":"https:\/\/www.oliocentrica.it\/de\/shop\/solare-bio\/","url":"https:\/\/www.oliocentrica.it\/de\/shop\/solare-bio\/","name":"Solare BIO - Oliocentrica","isPartOf":{"@id":"https:\/\/www.oliocentrica.it\/de\/#website"},"primaryImageOfPage":{"@id":"https:\/\/www.oliocentrica.it\/de\/shop\/solare-bio\/#primaryimage"},"image":{"@id":"https:\/\/www.oliocentrica.it\/de\/shop\/solare-bio\/#primaryimage"},"thumbnailUrl":"https:\/\/www.oliocentrica.it\/wp-content\/uploads\/2022\/05\/collettivo-castelboom-solare-1.jpg","datePublished":"2022-05-21T14:02:11+00:00","dateModified":"2023-10-25T17:29:58+00:00","breadcrumb":{"@id":"https:\/\/www.oliocentrica.it\/de\/shop\/solare-bio\/#breadcrumb"},"inLanguage":"de","potentialAction":[{"@type":"ReadAction","target":["https:\/\/www.oliocentrica.it\/de\/shop\/solare-bio\/"]}]},{"@type":"ImageObject","inLanguage":"de","@id":"https:\/\/www.oliocentrica.it\/de\/shop\/solare-bio\/#primaryimage","url":"https:\/\/www.oliocentrica.it\/wp-content\/uploads\/2022\/05\/collettivo-castelboom-solare-1.jpg","contentUrl":"https:\/\/www.oliocentrica.it\/wp-content\/uploads\/2022\/05\/collettivo-castelboom-solare-1.jpg","width":800,"height":800},{"@type":"BreadcrumbList","@id":"https:\/\/www.oliocentrica.it\/de\/shop\/solare-bio\/#breadcrumb","itemListElement":[{"@type":"ListItem","position":1,"name":"Home","item":"https:\/\/www.oliocentrica.it\/de\/"},{"@type":"ListItem","position":2,"name":"Shop","item":"https:\/\/www.oliocentrica.it\/de\/shop\/"},{"@type":"ListItem","position":3,"name":"Solare BIO"}]},{"@type":"WebSite","@id":"https:\/\/www.oliocentrica.it\/de\/#website","url":"https:\/\/www.oliocentrica.it\/de\/","name":"Oliocentrica","description":"il filo d\u2019olio tra cibo e salute","publisher":{"@id":"https:\/\/www.oliocentrica.it\/de\/#organization"},"potentialAction":[{"@type":"SearchAction","target":{"@type":"EntryPoint","urlTemplate":"https:\/\/www.oliocentrica.it\/de\/?s={search_term_string}"},"query-input":{"@type":"PropertyValueSpecification","valueRequired":true,"valueName":"search_term_string"}}],"inLanguage":"de"},{"@type":"Organization","@id":"https:\/\/www.oliocentrica.it\/de\/#organization","name":"Oliocentrica Srls","url":"https:\/\/www.oliocentrica.it\/de\/","logo":{"@type":"ImageObject","inLanguage":"de","@id":"https:\/\/www.oliocentrica.it\/de\/#\/schema\/logo\/image\/","url":"https:\/\/www.oliocentrica.it\/wp-content\/uploads\/2021\/05\/logo_oliocentrica-1.png","contentUrl":"https:\/\/www.oliocentrica.it\/wp-content\/uploads\/2021\/05\/logo_oliocentrica-1.png","width":250,"height":81,"caption":"Oliocentrica Srls"},"image":{"@id":"https:\/\/www.oliocentrica.it\/de\/#\/schema\/logo\/image\/"},"sameAs":["https:\/\/www.facebook.com\/Oliocentrica","https:\/\/www.instagram.com\/oliocentrica"]}]}},"brands":[{"id":374,"name":"Collettivo Castelboom","slug":"collettivo-castelboom"}],"_links":{"self":[{"href":"https:\/\/www.oliocentrica.it\/de\/wp-json\/wp\/v2\/product\/15089"}],"collection":[{"href":"https:\/\/www.oliocentrica.it\/de\/wp-json\/wp\/v2\/product"}],"about":[{"href":"https:\/\/www.oliocentrica.it\/de\/wp-json\/wp\/v2\/types\/product"}],"replies":[{"embeddable":true,"href":"https:\/\/www.oliocentrica.it\/de\/wp-json\/wp\/v2\/comments?post=15089"}],"wp:featuredmedia":[{"embeddable":true,"href":"https:\/\/www.oliocentrica.it\/de\/wp-json\/wp\/v2\/media\/15119"}],"wp:attachment":[{"href":"https:\/\/www.oliocentrica.it\/de\/wp-json\/wp\/v2\/media?parent=15089"}],"wp:term":[{"taxonomy":"pwb-brand","embeddable":true,"href":"https:\/\/www.oliocentrica.it\/de\/wp-json\/wp\/v2\/pwb-brand?post=15089"},{"taxonomy":"product_cat","embeddable":true,"href":"https:\/\/www.oliocentrica.it\/de\/wp-json\/wp\/v2\/product_cat?post=15089"},{"taxonomy":"product_tag","embeddable":true,"href":"https:\/\/www.oliocentrica.it\/de\/wp-json\/wp\/v2\/product_tag?post=15089"}],"curies":[{"name":"wp","href":"https:\/\/api.w.org\/{rel}","templated":true}]}}