{"id":15046,"date":"2022-05-21T12:38:01","date_gmt":"2022-05-21T10:38:01","guid":{"rendered":"https:\/\/www.oliocentrica.it\/?post_type=product&#038;p=15046"},"modified":"2023-10-25T19:37:07","modified_gmt":"2023-10-25T17:37:07","slug":"contrada-scintilia-nocellara-del-belice-bio","status":"publish","type":"product","link":"https:\/\/www.oliocentrica.it\/de\/shop\/contrada-scintilia-nocellara-del-belice-bio\/","title":{"rendered":"Contrada Scintilia &#8211; Nocellara del Belice BIO"},"content":{"rendered":"<p><strong><em>Mittelfruchtig<\/em><\/strong><\/p>\n<p><strong>Duft:<\/strong> elegante Noten von gr\u00fcner Tomate, aromatischen Kr\u00e4utern, Gras und Pfeffer.<\/p>\n<p><strong>Geschmack:<\/strong> mittlere Intensit\u00e4t, w\u00fcrzige und bittere Noten, krautiger Nachgeschmack, von Artischocke, Tomate und Mandel<\/p>\n<p><strong>Probieren Sie es mit\u2026<\/strong> vielseitig roh und gekocht verfeinert es den Salat von Orangen, Humus und gebratenem Fleisch<\/p>\n<p><strong>Geografisches Gebiet und Gebiet:<\/strong> Contrada Scintilia &#8211; Agrigento &#8211; Sizilien<\/p>\n<p><strong>Olivenkampagne:<\/strong> 2023\/2024<\/p>\n<p><strong>Gr\u00f6\u00dfen:<\/strong> 0,50 l<\/p>\n<p><strong>Sortenreine Olive:<\/strong> Nocellara del Belice<\/p>\n<p><strong>Produktionsmethode:<\/strong> kontinuierlicher Zyklus<\/p>\n<p><strong>Aufbewahrungsmethode:<\/strong> Edelstahlbeh\u00e4lter bei kontrollierter Temperatur<br \/>\n_______________________________________<\/p>\n<p><em>Auszeichnungen und F\u00fchrer<\/em><\/p>\n<p><strong>Berlin Global Olive Oil Awards: Goldmedaille<\/strong><\/p>\n<p><strong>Internationale Oliven\u00f6lwettbewerbe in London: Qualit\u00e4t &#8211; Silbermedaille<\/strong><\/p>\n<p><strong>London International Olive Oil Competitions: Health and Claim \u2013 Silbermedaille<\/strong><\/p>\n<p><strong>Sol d\u2019Oro Verona Competition: Absolute Anf\u00e4nger \u2013 <\/strong><strong>Gro\u00dfe Erw\u00e4hnung<\/strong><\/p>\n<p><strong>EVO IOOC Internationaler Oliven\u00f6lwettbewerb: Silbermedaille<\/strong><\/p>\n<p><strong>Milan International Olive Oil Award: Goldverkostungsbecher mit mittlerer gr\u00fcner Fruchtigkeit<\/strong><\/p>\n<p><strong>Italienische Sommelier Foundation: 5 Tropfen Bibenda 2022<\/strong><\/p>\n<p><strong>Oli d&#8217;Italia Gambero Rosso 2022: Zwei Bl\u00e4tter<\/strong><\/p>\n<p><strong>Biol 2022 XXVII Internationaler Preis: Goldmedaille<\/strong><\/p>\n<p><strong>19. National Review of Monovarietal Oils \u2013 Assam: Exzellenzzertifikat<\/strong><\/p>\n<p>_______________________________________<\/p>\n<p><em>Weitere Informationen gelten f\u00fcr alle unsere nativen Oliven\u00f6le extra<\/em><\/p>\n<p><strong>Zutaten:<\/strong> 100 % italienische Oliven, im richtigen Reifegrad geerntet und in Italien mit mechanischen Verfahren gepresst<br \/>\n<strong>Lagerung:<\/strong> fern von Licht, W\u00e4rmequellen, schlechten Ger\u00fcchen und in hermetisch verschlossenen Flaschen. Denken Sie daran, dass natives Oliven\u00f6l extra der Feind von Licht, Hitze und Luft ist<br \/>\n<strong>Frist:<\/strong> innerhalb von 18 Monaten ab dem Datum der Abf\u00fcllung (Frist, innerhalb derer Sie von den N\u00e4hrwerten des nativen Oliven\u00f6ls extra profitieren k\u00f6nnen)<br \/>\n<strong>Verwendung:<\/strong> t\u00e4glich roh oder zum kurzen Garen bei moderaten Temperaturen<\/p>\n","protected":false},"excerpt":{"rendered":"<p><strong><em>Mittelfruchtig<\/em><\/strong><\/p>\n<p>Alles stammt aus den Olivenhainen der Contrada Scintilia, etwa zwanzig Kilometer vom Tal der Tempel in Agrigento entfernt.<br \/>\nDie Farm Francesco Di Mino verfolgt seit etwa einem Jahrhundert die Olivenhaine der Familie mit gro\u00dfer Leidenschaft, vom Vater zum Sohn, seit drei Generationen, um ein hochwertiges natives Oliven\u00f6l extra zu produzieren und dabei die Werte der Tradition zu bewahren und sich weiterzuentwickeln Extraktionstechnik. Die Olivenhaine der Sorten Nocellara del Belice, Biancolilla und Coratina werden auf nat\u00fcrliche Weise angebaut, ohne Verwendung chemischer Substanzen und in \u00dcbereinstimmung mit den morphologischen Eigenschaften des Bodens, Aufmerksamkeiten, die durch die Zertifizierungen von BIOLOGISCHEN und g.g.A.-Produkten anerkannt werden. Das Bio-Oliven\u00f6l extra vergine IGP Sicilia, nur aus Oliven der Sorte Nocellara del Belice, ist ein natives Oliven\u00f6l extra mittlerer Intensit\u00e4t, das dem Geschmack w\u00fcrzige und bittere Aromen verleiht und der Nase angenehme pflanzliche Noten von Tomaten verleiht, die einfache Zubereitungen mit aufwerten k\u00f6nnen rohes Gem\u00fcse oder Orangensalate, aber auch H\u00fclsenfr\u00fcchtesuppen, Hummus und gebratenes Fleisch.<\/p>\n<p><em>Zertifizierungen: IGP Sizilien \/ BIOLOGISCHEN<\/em><\/p>\n<p><strong>Olivenkampagne: 2023\/2024<\/strong><\/p>\n","protected":false},"featured_media":15132,"comment_status":"closed","ping_status":"closed","template":"","meta":[],"pwb-brand":[366],"product_cat":[252],"product_tag":[],"acf":[],"yoast_head":"<!-- This site is optimized with the Yoast SEO plugin v24.5 - https:\/\/yoast.com\/wordpress\/plugins\/seo\/ -->\n<title>Contrada Scintilia - Nocellara del Belice BIO - Oliocentrica<\/title>\n<meta name=\"robots\" content=\"index, follow, max-snippet:-1, max-image-preview:large, max-video-preview:-1\" \/>\n<link rel=\"canonical\" href=\"https:\/\/www.oliocentrica.it\/de\/shop\/contrada-scintilia-nocellara-del-belice-bio\/\" \/>\n<meta property=\"og:locale\" content=\"de_DE\" \/>\n<meta property=\"og:type\" content=\"article\" \/>\n<meta property=\"og:title\" content=\"Contrada Scintilia - Nocellara del Belice BIO - Oliocentrica\" \/>\n<meta property=\"og:description\" content=\"Mittelfruchtig  Alles stammt aus den Olivenhainen der Contrada Scintilia, etwa zwanzig Kilometer vom Tal der Tempel in Agrigento entfernt. Die Farm Francesco Di Mino verfolgt seit etwa einem Jahrhundert die Olivenhaine der Familie mit gro\u00dfer Leidenschaft, vom Vater zum Sohn, seit drei Generationen, um ein hochwertiges natives Oliven\u00f6l extra zu produzieren und dabei die Werte der Tradition zu bewahren und sich weiterzuentwickeln Extraktionstechnik. Die Olivenhaine der Sorten Nocellara del Belice, Biancolilla und Coratina werden auf nat\u00fcrliche Weise angebaut, ohne Verwendung chemischer Substanzen und in \u00dcbereinstimmung mit den morphologischen Eigenschaften des Bodens, Aufmerksamkeiten, die durch die Zertifizierungen von BIOLOGISCHEN und g.g.A.-Produkten anerkannt werden. Das Bio-Oliven\u00f6l extra vergine IGP Sicilia, nur aus Oliven der Sorte Nocellara del Belice, ist ein natives Oliven\u00f6l extra mittlerer Intensit\u00e4t, das dem Geschmack w\u00fcrzige und bittere Aromen verleiht und der Nase angenehme pflanzliche Noten von Tomaten verleiht, die einfache Zubereitungen mit aufwerten k\u00f6nnen rohes Gem\u00fcse oder Orangensalate, aber auch H\u00fclsenfr\u00fcchtesuppen, Hummus und gebratenes Fleisch.  Zertifizierungen: IGP Sizilien \/ BIOLOGISCHEN  Olivenkampagne: 2023\/2024\" \/>\n<meta property=\"og:url\" content=\"https:\/\/www.oliocentrica.it\/de\/shop\/contrada-scintilia-nocellara-del-belice-bio\/\" \/>\n<meta property=\"og:site_name\" content=\"Oliocentrica\" \/>\n<meta property=\"article:publisher\" content=\"https:\/\/www.facebook.com\/Oliocentrica\" \/>\n<meta property=\"article:modified_time\" content=\"2023-10-25T17:37:07+00:00\" \/>\n<meta property=\"og:image\" content=\"https:\/\/www.oliocentrica.it\/wp-content\/uploads\/2022\/05\/di-mino-nocellara-del-belice-1.jpg\" \/>\n\t<meta property=\"og:image:width\" content=\"800\" \/>\n\t<meta property=\"og:image:height\" content=\"800\" \/>\n\t<meta property=\"og:image:type\" content=\"image\/jpeg\" \/>\n<meta name=\"twitter:card\" content=\"summary_large_image\" \/>\n<meta name=\"twitter:label1\" content=\"Gesch\u00e4tzte Lesezeit\" \/>\n\t<meta name=\"twitter:data1\" content=\"1\u00a0Minute\" \/>\n<script type=\"application\/ld+json\" class=\"yoast-schema-graph\">{\"@context\":\"https:\/\/schema.org\",\"@graph\":[{\"@type\":\"WebPage\",\"@id\":\"https:\/\/www.oliocentrica.it\/de\/shop\/contrada-scintilia-nocellara-del-belice-bio\/\",\"url\":\"https:\/\/www.oliocentrica.it\/de\/shop\/contrada-scintilia-nocellara-del-belice-bio\/\",\"name\":\"Contrada Scintilia - Nocellara del Belice BIO - Oliocentrica\",\"isPartOf\":{\"@id\":\"https:\/\/www.oliocentrica.it\/de\/#website\"},\"primaryImageOfPage\":{\"@id\":\"https:\/\/www.oliocentrica.it\/de\/shop\/contrada-scintilia-nocellara-del-belice-bio\/#primaryimage\"},\"image\":{\"@id\":\"https:\/\/www.oliocentrica.it\/de\/shop\/contrada-scintilia-nocellara-del-belice-bio\/#primaryimage\"},\"thumbnailUrl\":\"https:\/\/www.oliocentrica.it\/wp-content\/uploads\/2022\/05\/di-mino-nocellara-del-belice-1.jpg\",\"datePublished\":\"2022-05-21T10:38:01+00:00\",\"dateModified\":\"2023-10-25T17:37:07+00:00\",\"breadcrumb\":{\"@id\":\"https:\/\/www.oliocentrica.it\/de\/shop\/contrada-scintilia-nocellara-del-belice-bio\/#breadcrumb\"},\"inLanguage\":\"de\",\"potentialAction\":[{\"@type\":\"ReadAction\",\"target\":[\"https:\/\/www.oliocentrica.it\/de\/shop\/contrada-scintilia-nocellara-del-belice-bio\/\"]}]},{\"@type\":\"ImageObject\",\"inLanguage\":\"de\",\"@id\":\"https:\/\/www.oliocentrica.it\/de\/shop\/contrada-scintilia-nocellara-del-belice-bio\/#primaryimage\",\"url\":\"https:\/\/www.oliocentrica.it\/wp-content\/uploads\/2022\/05\/di-mino-nocellara-del-belice-1.jpg\",\"contentUrl\":\"https:\/\/www.oliocentrica.it\/wp-content\/uploads\/2022\/05\/di-mino-nocellara-del-belice-1.jpg\",\"width\":800,\"height\":800,\"caption\":\"olio di mino nocellara del belice\"},{\"@type\":\"BreadcrumbList\",\"@id\":\"https:\/\/www.oliocentrica.it\/de\/shop\/contrada-scintilia-nocellara-del-belice-bio\/#breadcrumb\",\"itemListElement\":[{\"@type\":\"ListItem\",\"position\":1,\"name\":\"Home\",\"item\":\"https:\/\/www.oliocentrica.it\/de\/\"},{\"@type\":\"ListItem\",\"position\":2,\"name\":\"Shop\",\"item\":\"https:\/\/www.oliocentrica.it\/de\/shop\/\"},{\"@type\":\"ListItem\",\"position\":3,\"name\":\"Contrada Scintilia &#8211; Nocellara del Belice BIO\"}]},{\"@type\":\"WebSite\",\"@id\":\"https:\/\/www.oliocentrica.it\/de\/#website\",\"url\":\"https:\/\/www.oliocentrica.it\/de\/\",\"name\":\"Oliocentrica\",\"description\":\"il filo d\u2019olio tra cibo e salute\",\"publisher\":{\"@id\":\"https:\/\/www.oliocentrica.it\/de\/#organization\"},\"potentialAction\":[{\"@type\":\"SearchAction\",\"target\":{\"@type\":\"EntryPoint\",\"urlTemplate\":\"https:\/\/www.oliocentrica.it\/de\/?s={search_term_string}\"},\"query-input\":{\"@type\":\"PropertyValueSpecification\",\"valueRequired\":true,\"valueName\":\"search_term_string\"}}],\"inLanguage\":\"de\"},{\"@type\":\"Organization\",\"@id\":\"https:\/\/www.oliocentrica.it\/de\/#organization\",\"name\":\"Oliocentrica Srls\",\"url\":\"https:\/\/www.oliocentrica.it\/de\/\",\"logo\":{\"@type\":\"ImageObject\",\"inLanguage\":\"de\",\"@id\":\"https:\/\/www.oliocentrica.it\/de\/#\/schema\/logo\/image\/\",\"url\":\"https:\/\/www.oliocentrica.it\/wp-content\/uploads\/2021\/05\/logo_oliocentrica-1.png\",\"contentUrl\":\"https:\/\/www.oliocentrica.it\/wp-content\/uploads\/2021\/05\/logo_oliocentrica-1.png\",\"width\":250,\"height\":81,\"caption\":\"Oliocentrica Srls\"},\"image\":{\"@id\":\"https:\/\/www.oliocentrica.it\/de\/#\/schema\/logo\/image\/\"},\"sameAs\":[\"https:\/\/www.facebook.com\/Oliocentrica\",\"https:\/\/www.instagram.com\/oliocentrica\"]}]}<\/script>\n<!-- \/ Yoast SEO plugin. -->","yoast_head_json":{"title":"Contrada Scintilia - Nocellara del Belice BIO - Oliocentrica","robots":{"index":"index","follow":"follow","max-snippet":"max-snippet:-1","max-image-preview":"max-image-preview:large","max-video-preview":"max-video-preview:-1"},"canonical":"https:\/\/www.oliocentrica.it\/de\/shop\/contrada-scintilia-nocellara-del-belice-bio\/","og_locale":"de_DE","og_type":"article","og_title":"Contrada Scintilia - Nocellara del Belice BIO - Oliocentrica","og_description":"Mittelfruchtig  Alles stammt aus den Olivenhainen der Contrada Scintilia, etwa zwanzig Kilometer vom Tal der Tempel in Agrigento entfernt. Die Farm Francesco Di Mino verfolgt seit etwa einem Jahrhundert die Olivenhaine der Familie mit gro\u00dfer Leidenschaft, vom Vater zum Sohn, seit drei Generationen, um ein hochwertiges natives Oliven\u00f6l extra zu produzieren und dabei die Werte der Tradition zu bewahren und sich weiterzuentwickeln Extraktionstechnik. Die Olivenhaine der Sorten Nocellara del Belice, Biancolilla und Coratina werden auf nat\u00fcrliche Weise angebaut, ohne Verwendung chemischer Substanzen und in \u00dcbereinstimmung mit den morphologischen Eigenschaften des Bodens, Aufmerksamkeiten, die durch die Zertifizierungen von BIOLOGISCHEN und g.g.A.-Produkten anerkannt werden. Das Bio-Oliven\u00f6l extra vergine IGP Sicilia, nur aus Oliven der Sorte Nocellara del Belice, ist ein natives Oliven\u00f6l extra mittlerer Intensit\u00e4t, das dem Geschmack w\u00fcrzige und bittere Aromen verleiht und der Nase angenehme pflanzliche Noten von Tomaten verleiht, die einfache Zubereitungen mit aufwerten k\u00f6nnen rohes Gem\u00fcse oder Orangensalate, aber auch H\u00fclsenfr\u00fcchtesuppen, Hummus und gebratenes Fleisch.  Zertifizierungen: IGP Sizilien \/ BIOLOGISCHEN  Olivenkampagne: 2023\/2024","og_url":"https:\/\/www.oliocentrica.it\/de\/shop\/contrada-scintilia-nocellara-del-belice-bio\/","og_site_name":"Oliocentrica","article_publisher":"https:\/\/www.facebook.com\/Oliocentrica","article_modified_time":"2023-10-25T17:37:07+00:00","og_image":[{"width":800,"height":800,"url":"https:\/\/www.oliocentrica.it\/wp-content\/uploads\/2022\/05\/di-mino-nocellara-del-belice-1.jpg","type":"image\/jpeg"}],"twitter_card":"summary_large_image","twitter_misc":{"Gesch\u00e4tzte Lesezeit":"1\u00a0Minute"},"schema":{"@context":"https:\/\/schema.org","@graph":[{"@type":"WebPage","@id":"https:\/\/www.oliocentrica.it\/de\/shop\/contrada-scintilia-nocellara-del-belice-bio\/","url":"https:\/\/www.oliocentrica.it\/de\/shop\/contrada-scintilia-nocellara-del-belice-bio\/","name":"Contrada Scintilia - Nocellara del Belice BIO - Oliocentrica","isPartOf":{"@id":"https:\/\/www.oliocentrica.it\/de\/#website"},"primaryImageOfPage":{"@id":"https:\/\/www.oliocentrica.it\/de\/shop\/contrada-scintilia-nocellara-del-belice-bio\/#primaryimage"},"image":{"@id":"https:\/\/www.oliocentrica.it\/de\/shop\/contrada-scintilia-nocellara-del-belice-bio\/#primaryimage"},"thumbnailUrl":"https:\/\/www.oliocentrica.it\/wp-content\/uploads\/2022\/05\/di-mino-nocellara-del-belice-1.jpg","datePublished":"2022-05-21T10:38:01+00:00","dateModified":"2023-10-25T17:37:07+00:00","breadcrumb":{"@id":"https:\/\/www.oliocentrica.it\/de\/shop\/contrada-scintilia-nocellara-del-belice-bio\/#breadcrumb"},"inLanguage":"de","potentialAction":[{"@type":"ReadAction","target":["https:\/\/www.oliocentrica.it\/de\/shop\/contrada-scintilia-nocellara-del-belice-bio\/"]}]},{"@type":"ImageObject","inLanguage":"de","@id":"https:\/\/www.oliocentrica.it\/de\/shop\/contrada-scintilia-nocellara-del-belice-bio\/#primaryimage","url":"https:\/\/www.oliocentrica.it\/wp-content\/uploads\/2022\/05\/di-mino-nocellara-del-belice-1.jpg","contentUrl":"https:\/\/www.oliocentrica.it\/wp-content\/uploads\/2022\/05\/di-mino-nocellara-del-belice-1.jpg","width":800,"height":800,"caption":"olio di mino nocellara del belice"},{"@type":"BreadcrumbList","@id":"https:\/\/www.oliocentrica.it\/de\/shop\/contrada-scintilia-nocellara-del-belice-bio\/#breadcrumb","itemListElement":[{"@type":"ListItem","position":1,"name":"Home","item":"https:\/\/www.oliocentrica.it\/de\/"},{"@type":"ListItem","position":2,"name":"Shop","item":"https:\/\/www.oliocentrica.it\/de\/shop\/"},{"@type":"ListItem","position":3,"name":"Contrada Scintilia &#8211; Nocellara del Belice BIO"}]},{"@type":"WebSite","@id":"https:\/\/www.oliocentrica.it\/de\/#website","url":"https:\/\/www.oliocentrica.it\/de\/","name":"Oliocentrica","description":"il filo d\u2019olio tra cibo e salute","publisher":{"@id":"https:\/\/www.oliocentrica.it\/de\/#organization"},"potentialAction":[{"@type":"SearchAction","target":{"@type":"EntryPoint","urlTemplate":"https:\/\/www.oliocentrica.it\/de\/?s={search_term_string}"},"query-input":{"@type":"PropertyValueSpecification","valueRequired":true,"valueName":"search_term_string"}}],"inLanguage":"de"},{"@type":"Organization","@id":"https:\/\/www.oliocentrica.it\/de\/#organization","name":"Oliocentrica Srls","url":"https:\/\/www.oliocentrica.it\/de\/","logo":{"@type":"ImageObject","inLanguage":"de","@id":"https:\/\/www.oliocentrica.it\/de\/#\/schema\/logo\/image\/","url":"https:\/\/www.oliocentrica.it\/wp-content\/uploads\/2021\/05\/logo_oliocentrica-1.png","contentUrl":"https:\/\/www.oliocentrica.it\/wp-content\/uploads\/2021\/05\/logo_oliocentrica-1.png","width":250,"height":81,"caption":"Oliocentrica Srls"},"image":{"@id":"https:\/\/www.oliocentrica.it\/de\/#\/schema\/logo\/image\/"},"sameAs":["https:\/\/www.facebook.com\/Oliocentrica","https:\/\/www.instagram.com\/oliocentrica"]}]}},"brands":[{"id":366,"name":"Francesco Di Mino","slug":"francesco-di-mino"}],"_links":{"self":[{"href":"https:\/\/www.oliocentrica.it\/de\/wp-json\/wp\/v2\/product\/15046"}],"collection":[{"href":"https:\/\/www.oliocentrica.it\/de\/wp-json\/wp\/v2\/product"}],"about":[{"href":"https:\/\/www.oliocentrica.it\/de\/wp-json\/wp\/v2\/types\/product"}],"replies":[{"embeddable":true,"href":"https:\/\/www.oliocentrica.it\/de\/wp-json\/wp\/v2\/comments?post=15046"}],"wp:featuredmedia":[{"embeddable":true,"href":"https:\/\/www.oliocentrica.it\/de\/wp-json\/wp\/v2\/media\/15132"}],"wp:attachment":[{"href":"https:\/\/www.oliocentrica.it\/de\/wp-json\/wp\/v2\/media?parent=15046"}],"wp:term":[{"taxonomy":"pwb-brand","embeddable":true,"href":"https:\/\/www.oliocentrica.it\/de\/wp-json\/wp\/v2\/pwb-brand?post=15046"},{"taxonomy":"product_cat","embeddable":true,"href":"https:\/\/www.oliocentrica.it\/de\/wp-json\/wp\/v2\/product_cat?post=15046"},{"taxonomy":"product_tag","embeddable":true,"href":"https:\/\/www.oliocentrica.it\/de\/wp-json\/wp\/v2\/product_tag?post=15046"}],"curies":[{"name":"wp","href":"https:\/\/api.w.org\/{rel}","templated":true}]}}