{"id":15031,"date":"2022-05-21T11:22:23","date_gmt":"2022-05-21T09:22:23","guid":{"rendered":"https:\/\/www.oliocentrica.it\/?post_type=product&#038;p=15031"},"modified":"2023-10-25T19:42:30","modified_gmt":"2023-10-25T17:42:30","slug":"dop-valli-trapanesi-bio","status":"publish","type":"product","link":"https:\/\/www.oliocentrica.it\/de\/shop\/dop-valli-trapanesi-bio\/","title":{"rendered":"DOP Valli Trapanesi Bio"},"content":{"rendered":"<p><strong><em>Mittelfruchtig<\/em><\/strong><\/p>\n<p><strong>Duft:<\/strong> intensive Nuancen von Walnussschalen, gr\u00fcner Tomate, Distel, Pfeffer, Bracknoten<\/p>\n<p><strong>Geschmack:<\/strong> elegant mit bitter und w\u00fcrzig in hervorragender Balance<\/p>\n<p><strong>Probieren Sie es mit &#8230;<\/strong> Thunfischtatar mit Kr\u00e4utern, Orangensalat, Ackerbohnenmakrele, Makrelenfilet<\/p>\n<p><strong>Geografisches Gebiet und Territorium:<\/strong> T\u00e4ler von Trapani &#8211; Zwischen Trapani und Marsala<\/p>\n<p><strong>Olivenkampagne: <\/strong>2023\/2024<\/p>\n<p><strong>Gr\u00f6\u00dfen:<\/strong> 0,50 l<\/p>\n<p><strong>Mischung aus Olivensorten:<\/strong> Cerasuola und Nocellara del Belice 95%, Biancolilla 5%<\/p>\n<p><strong>Produktionsmethode:<\/strong> Brecher im kontinuierlichen Zyklus (2 \u00bd Phasen), ausgestattet mit einem Zahnscheibenbrecher und Stickstoffsystemen, um ohne Sauerstoff zu arbeiten<\/p>\n<p><strong>Aufbewahrungsmethode:<\/strong> Edelstahlbeh\u00e4lter bei kontrollierter Temperatur<br \/>\n_______________________________________<\/p>\n<p><em>Auszeichnungen und F\u00fchrer<\/em><\/p>\n<p><strong>Gambero Rosso \u00d6lf\u00fchrer 2022 &#8222;Drei Bl\u00e4tter&#8220;<\/strong><\/p>\n<p><strong>BIOL XXVII Internationaler Preis 2022 &#8222;Extra Gold Medal&#8220;<\/strong><\/p>\n<p><strong>Flos Olei 98\/100 Slow Food Leitfaden &#8222;Olio Slow&#8220;<\/strong><\/p>\n<p><strong>Cronache di Gusto: BEST IN SICILY 2017 \u201eBester <\/strong><strong>\u00d6lproduzent\u201c<\/strong><br \/>\n_______________________________________<\/p>\n<p><em>Weitere Informationen gelten f\u00fcr alle unsere nativen Oliven\u00f6le extra<\/em><\/p>\n<p><strong>Zutaten:<\/strong> 100 % italienische Oliven, im richtigen Reifegrad geerntet und in Italien mit mechanischen Verfahren gepresst<br \/>\n<strong>Lagerung:<\/strong> fern von Licht, W\u00e4rmequellen, schlechten Ger\u00fcchen und in hermetisch verschlossenen Flaschen. Denken Sie daran, dass natives Oliven\u00f6l extra der Feind von Licht, Hitze und Luft ist<br \/>\n<strong>Frist:<\/strong> innerhalb von 18 Monaten ab dem Datum der Abf\u00fcllung (Frist, innerhalb derer Sie von den N\u00e4hrwerten des nativen Oliven\u00f6ls extra profitieren k\u00f6nnen)<br \/>\n<strong>Verwendung:<\/strong> t\u00e4glich roh oder zum kurzen Garen bei moderaten Temperaturen<\/p>\n","protected":false},"excerpt":{"rendered":"<p><strong><em>Mittelfruchtig<\/em><\/strong><\/p>\n<p>Das Bio-Oliven\u00f6l extra vergine DOP Valli Trapanesi tr\u00e4gt die tausendj\u00e4hrigen D\u00fcfte eines Streifens sizilianischer Erde zwischen Trapani und Marsala in sich und findet auf der ganzen Welt Anerkennung. Die Oliven, haupts\u00e4chlich der Cerasuola, Nocellara del Belice und in kleinen Mengen Biancolilla, werden ab den ersten Oktobertagen ausschlie\u00dflich von Hand geerntet, entbl\u00e4ttert und nach einigen Stunden in der firmeneigenen \u00d6lm\u00fchle nach einem Stopp in einem thermokonditionierten \u00d6l gepresst Umgebung, um den hohen Au\u00dfentemperaturen, die w\u00e4hrend der Ernte auftreten, entgegenzuwirken. Die Extraktionsmethode schlie\u00dft die Arbeit ab und verleiht dem DOP-\u00d6l Valli Trapanesi Bio D\u00fcfte, die Sie zu Aromen f\u00fchren, die Ihre Gerichte einzigartig machen!<\/p>\n<p><strong><em>Zertifizierungen:<\/em><\/strong> <em>Alle Stufen des \u00f6kologischen Landbaus sind kontrolliert und zertifiziert nach EG-VO 834\/2007 und EG-VO 889\/2008.<\/em><\/p>\n<p><strong>Olivenkampagne: 2023\/2024<\/strong><\/p>\n","protected":false},"featured_media":15036,"comment_status":"closed","ping_status":"closed","template":"","meta":[],"pwb-brand":[303],"product_cat":[252],"product_tag":[],"acf":[],"yoast_head":"<!-- This site is optimized with the Yoast SEO plugin v24.5 - https:\/\/yoast.com\/wordpress\/plugins\/seo\/ -->\n<title>DOP Valli Trapanesi Bio - Oliocentrica<\/title>\n<meta name=\"robots\" content=\"index, follow, max-snippet:-1, max-image-preview:large, max-video-preview:-1\" \/>\n<link rel=\"canonical\" href=\"https:\/\/www.oliocentrica.it\/de\/shop\/dop-valli-trapanesi-bio\/\" \/>\n<meta property=\"og:locale\" content=\"de_DE\" \/>\n<meta property=\"og:type\" content=\"article\" \/>\n<meta property=\"og:title\" content=\"DOP Valli Trapanesi Bio - Oliocentrica\" \/>\n<meta property=\"og:description\" content=\"Mittelfruchtig  Das Bio-Oliven\u00f6l extra vergine DOP Valli Trapanesi tr\u00e4gt die tausendj\u00e4hrigen D\u00fcfte eines Streifens sizilianischer Erde zwischen Trapani und Marsala in sich und findet auf der ganzen Welt Anerkennung. Die Oliven, haupts\u00e4chlich der Cerasuola, Nocellara del Belice und in kleinen Mengen Biancolilla, werden ab den ersten Oktobertagen ausschlie\u00dflich von Hand geerntet, entbl\u00e4ttert und nach einigen Stunden in der firmeneigenen \u00d6lm\u00fchle nach einem Stopp in einem thermokonditionierten \u00d6l gepresst Umgebung, um den hohen Au\u00dfentemperaturen, die w\u00e4hrend der Ernte auftreten, entgegenzuwirken. Die Extraktionsmethode schlie\u00dft die Arbeit ab und verleiht dem DOP-\u00d6l Valli Trapanesi Bio D\u00fcfte, die Sie zu Aromen f\u00fchren, die Ihre Gerichte einzigartig machen!  Zertifizierungen: Alle Stufen des \u00f6kologischen Landbaus sind kontrolliert und zertifiziert nach EG-VO 834\/2007 und EG-VO 889\/2008.  Olivenkampagne: 2023\/2024\" \/>\n<meta property=\"og:url\" content=\"https:\/\/www.oliocentrica.it\/de\/shop\/dop-valli-trapanesi-bio\/\" \/>\n<meta property=\"og:site_name\" content=\"Oliocentrica\" \/>\n<meta property=\"article:publisher\" content=\"https:\/\/www.facebook.com\/Oliocentrica\" \/>\n<meta property=\"article:modified_time\" content=\"2023-10-25T17:42:30+00:00\" \/>\n<meta property=\"og:image\" content=\"https:\/\/www.oliocentrica.it\/wp-content\/uploads\/2022\/05\/titone-dop-valli-trapanesi.jpg\" \/>\n\t<meta property=\"og:image:width\" content=\"800\" \/>\n\t<meta property=\"og:image:height\" content=\"800\" \/>\n\t<meta property=\"og:image:type\" content=\"image\/jpeg\" \/>\n<meta name=\"twitter:card\" content=\"summary_large_image\" \/>\n<meta name=\"twitter:label1\" content=\"Gesch\u00e4tzte Lesezeit\" \/>\n\t<meta name=\"twitter:data1\" content=\"1\u00a0Minute\" \/>\n<script type=\"application\/ld+json\" class=\"yoast-schema-graph\">{\"@context\":\"https:\/\/schema.org\",\"@graph\":[{\"@type\":\"WebPage\",\"@id\":\"https:\/\/www.oliocentrica.it\/de\/shop\/dop-valli-trapanesi-bio\/\",\"url\":\"https:\/\/www.oliocentrica.it\/de\/shop\/dop-valli-trapanesi-bio\/\",\"name\":\"DOP Valli Trapanesi Bio - Oliocentrica\",\"isPartOf\":{\"@id\":\"https:\/\/www.oliocentrica.it\/de\/#website\"},\"primaryImageOfPage\":{\"@id\":\"https:\/\/www.oliocentrica.it\/de\/shop\/dop-valli-trapanesi-bio\/#primaryimage\"},\"image\":{\"@id\":\"https:\/\/www.oliocentrica.it\/de\/shop\/dop-valli-trapanesi-bio\/#primaryimage\"},\"thumbnailUrl\":\"https:\/\/www.oliocentrica.it\/wp-content\/uploads\/2022\/05\/titone-dop-valli-trapanesi.jpg\",\"datePublished\":\"2022-05-21T09:22:23+00:00\",\"dateModified\":\"2023-10-25T17:42:30+00:00\",\"breadcrumb\":{\"@id\":\"https:\/\/www.oliocentrica.it\/de\/shop\/dop-valli-trapanesi-bio\/#breadcrumb\"},\"inLanguage\":\"de\",\"potentialAction\":[{\"@type\":\"ReadAction\",\"target\":[\"https:\/\/www.oliocentrica.it\/de\/shop\/dop-valli-trapanesi-bio\/\"]}]},{\"@type\":\"ImageObject\",\"inLanguage\":\"de\",\"@id\":\"https:\/\/www.oliocentrica.it\/de\/shop\/dop-valli-trapanesi-bio\/#primaryimage\",\"url\":\"https:\/\/www.oliocentrica.it\/wp-content\/uploads\/2022\/05\/titone-dop-valli-trapanesi.jpg\",\"contentUrl\":\"https:\/\/www.oliocentrica.it\/wp-content\/uploads\/2022\/05\/titone-dop-valli-trapanesi.jpg\",\"width\":800,\"height\":800,\"caption\":\"olio titone dop valli trapanesi\"},{\"@type\":\"BreadcrumbList\",\"@id\":\"https:\/\/www.oliocentrica.it\/de\/shop\/dop-valli-trapanesi-bio\/#breadcrumb\",\"itemListElement\":[{\"@type\":\"ListItem\",\"position\":1,\"name\":\"Home\",\"item\":\"https:\/\/www.oliocentrica.it\/de\/\"},{\"@type\":\"ListItem\",\"position\":2,\"name\":\"Shop\",\"item\":\"https:\/\/www.oliocentrica.it\/de\/shop\/\"},{\"@type\":\"ListItem\",\"position\":3,\"name\":\"DOP Valli Trapanesi Bio\"}]},{\"@type\":\"WebSite\",\"@id\":\"https:\/\/www.oliocentrica.it\/de\/#website\",\"url\":\"https:\/\/www.oliocentrica.it\/de\/\",\"name\":\"Oliocentrica\",\"description\":\"il filo d\u2019olio tra cibo e salute\",\"publisher\":{\"@id\":\"https:\/\/www.oliocentrica.it\/de\/#organization\"},\"potentialAction\":[{\"@type\":\"SearchAction\",\"target\":{\"@type\":\"EntryPoint\",\"urlTemplate\":\"https:\/\/www.oliocentrica.it\/de\/?s={search_term_string}\"},\"query-input\":{\"@type\":\"PropertyValueSpecification\",\"valueRequired\":true,\"valueName\":\"search_term_string\"}}],\"inLanguage\":\"de\"},{\"@type\":\"Organization\",\"@id\":\"https:\/\/www.oliocentrica.it\/de\/#organization\",\"name\":\"Oliocentrica Srls\",\"url\":\"https:\/\/www.oliocentrica.it\/de\/\",\"logo\":{\"@type\":\"ImageObject\",\"inLanguage\":\"de\",\"@id\":\"https:\/\/www.oliocentrica.it\/de\/#\/schema\/logo\/image\/\",\"url\":\"https:\/\/www.oliocentrica.it\/wp-content\/uploads\/2021\/05\/logo_oliocentrica-1.png\",\"contentUrl\":\"https:\/\/www.oliocentrica.it\/wp-content\/uploads\/2021\/05\/logo_oliocentrica-1.png\",\"width\":250,\"height\":81,\"caption\":\"Oliocentrica Srls\"},\"image\":{\"@id\":\"https:\/\/www.oliocentrica.it\/de\/#\/schema\/logo\/image\/\"},\"sameAs\":[\"https:\/\/www.facebook.com\/Oliocentrica\",\"https:\/\/www.instagram.com\/oliocentrica\"]}]}<\/script>\n<!-- \/ Yoast SEO plugin. -->","yoast_head_json":{"title":"DOP Valli Trapanesi Bio - Oliocentrica","robots":{"index":"index","follow":"follow","max-snippet":"max-snippet:-1","max-image-preview":"max-image-preview:large","max-video-preview":"max-video-preview:-1"},"canonical":"https:\/\/www.oliocentrica.it\/de\/shop\/dop-valli-trapanesi-bio\/","og_locale":"de_DE","og_type":"article","og_title":"DOP Valli Trapanesi Bio - Oliocentrica","og_description":"Mittelfruchtig  Das Bio-Oliven\u00f6l extra vergine DOP Valli Trapanesi tr\u00e4gt die tausendj\u00e4hrigen D\u00fcfte eines Streifens sizilianischer Erde zwischen Trapani und Marsala in sich und findet auf der ganzen Welt Anerkennung. Die Oliven, haupts\u00e4chlich der Cerasuola, Nocellara del Belice und in kleinen Mengen Biancolilla, werden ab den ersten Oktobertagen ausschlie\u00dflich von Hand geerntet, entbl\u00e4ttert und nach einigen Stunden in der firmeneigenen \u00d6lm\u00fchle nach einem Stopp in einem thermokonditionierten \u00d6l gepresst Umgebung, um den hohen Au\u00dfentemperaturen, die w\u00e4hrend der Ernte auftreten, entgegenzuwirken. Die Extraktionsmethode schlie\u00dft die Arbeit ab und verleiht dem DOP-\u00d6l Valli Trapanesi Bio D\u00fcfte, die Sie zu Aromen f\u00fchren, die Ihre Gerichte einzigartig machen!  Zertifizierungen: Alle Stufen des \u00f6kologischen Landbaus sind kontrolliert und zertifiziert nach EG-VO 834\/2007 und EG-VO 889\/2008.  Olivenkampagne: 2023\/2024","og_url":"https:\/\/www.oliocentrica.it\/de\/shop\/dop-valli-trapanesi-bio\/","og_site_name":"Oliocentrica","article_publisher":"https:\/\/www.facebook.com\/Oliocentrica","article_modified_time":"2023-10-25T17:42:30+00:00","og_image":[{"width":800,"height":800,"url":"https:\/\/www.oliocentrica.it\/wp-content\/uploads\/2022\/05\/titone-dop-valli-trapanesi.jpg","type":"image\/jpeg"}],"twitter_card":"summary_large_image","twitter_misc":{"Gesch\u00e4tzte Lesezeit":"1\u00a0Minute"},"schema":{"@context":"https:\/\/schema.org","@graph":[{"@type":"WebPage","@id":"https:\/\/www.oliocentrica.it\/de\/shop\/dop-valli-trapanesi-bio\/","url":"https:\/\/www.oliocentrica.it\/de\/shop\/dop-valli-trapanesi-bio\/","name":"DOP Valli Trapanesi Bio - Oliocentrica","isPartOf":{"@id":"https:\/\/www.oliocentrica.it\/de\/#website"},"primaryImageOfPage":{"@id":"https:\/\/www.oliocentrica.it\/de\/shop\/dop-valli-trapanesi-bio\/#primaryimage"},"image":{"@id":"https:\/\/www.oliocentrica.it\/de\/shop\/dop-valli-trapanesi-bio\/#primaryimage"},"thumbnailUrl":"https:\/\/www.oliocentrica.it\/wp-content\/uploads\/2022\/05\/titone-dop-valli-trapanesi.jpg","datePublished":"2022-05-21T09:22:23+00:00","dateModified":"2023-10-25T17:42:30+00:00","breadcrumb":{"@id":"https:\/\/www.oliocentrica.it\/de\/shop\/dop-valli-trapanesi-bio\/#breadcrumb"},"inLanguage":"de","potentialAction":[{"@type":"ReadAction","target":["https:\/\/www.oliocentrica.it\/de\/shop\/dop-valli-trapanesi-bio\/"]}]},{"@type":"ImageObject","inLanguage":"de","@id":"https:\/\/www.oliocentrica.it\/de\/shop\/dop-valli-trapanesi-bio\/#primaryimage","url":"https:\/\/www.oliocentrica.it\/wp-content\/uploads\/2022\/05\/titone-dop-valli-trapanesi.jpg","contentUrl":"https:\/\/www.oliocentrica.it\/wp-content\/uploads\/2022\/05\/titone-dop-valli-trapanesi.jpg","width":800,"height":800,"caption":"olio titone dop valli trapanesi"},{"@type":"BreadcrumbList","@id":"https:\/\/www.oliocentrica.it\/de\/shop\/dop-valli-trapanesi-bio\/#breadcrumb","itemListElement":[{"@type":"ListItem","position":1,"name":"Home","item":"https:\/\/www.oliocentrica.it\/de\/"},{"@type":"ListItem","position":2,"name":"Shop","item":"https:\/\/www.oliocentrica.it\/de\/shop\/"},{"@type":"ListItem","position":3,"name":"DOP Valli Trapanesi Bio"}]},{"@type":"WebSite","@id":"https:\/\/www.oliocentrica.it\/de\/#website","url":"https:\/\/www.oliocentrica.it\/de\/","name":"Oliocentrica","description":"il filo d\u2019olio tra cibo e salute","publisher":{"@id":"https:\/\/www.oliocentrica.it\/de\/#organization"},"potentialAction":[{"@type":"SearchAction","target":{"@type":"EntryPoint","urlTemplate":"https:\/\/www.oliocentrica.it\/de\/?s={search_term_string}"},"query-input":{"@type":"PropertyValueSpecification","valueRequired":true,"valueName":"search_term_string"}}],"inLanguage":"de"},{"@type":"Organization","@id":"https:\/\/www.oliocentrica.it\/de\/#organization","name":"Oliocentrica Srls","url":"https:\/\/www.oliocentrica.it\/de\/","logo":{"@type":"ImageObject","inLanguage":"de","@id":"https:\/\/www.oliocentrica.it\/de\/#\/schema\/logo\/image\/","url":"https:\/\/www.oliocentrica.it\/wp-content\/uploads\/2021\/05\/logo_oliocentrica-1.png","contentUrl":"https:\/\/www.oliocentrica.it\/wp-content\/uploads\/2021\/05\/logo_oliocentrica-1.png","width":250,"height":81,"caption":"Oliocentrica Srls"},"image":{"@id":"https:\/\/www.oliocentrica.it\/de\/#\/schema\/logo\/image\/"},"sameAs":["https:\/\/www.facebook.com\/Oliocentrica","https:\/\/www.instagram.com\/oliocentrica"]}]}},"brands":[{"id":303,"name":"Titone","slug":"titone"}],"_links":{"self":[{"href":"https:\/\/www.oliocentrica.it\/de\/wp-json\/wp\/v2\/product\/15031"}],"collection":[{"href":"https:\/\/www.oliocentrica.it\/de\/wp-json\/wp\/v2\/product"}],"about":[{"href":"https:\/\/www.oliocentrica.it\/de\/wp-json\/wp\/v2\/types\/product"}],"replies":[{"embeddable":true,"href":"https:\/\/www.oliocentrica.it\/de\/wp-json\/wp\/v2\/comments?post=15031"}],"wp:featuredmedia":[{"embeddable":true,"href":"https:\/\/www.oliocentrica.it\/de\/wp-json\/wp\/v2\/media\/15036"}],"wp:attachment":[{"href":"https:\/\/www.oliocentrica.it\/de\/wp-json\/wp\/v2\/media?parent=15031"}],"wp:term":[{"taxonomy":"pwb-brand","embeddable":true,"href":"https:\/\/www.oliocentrica.it\/de\/wp-json\/wp\/v2\/pwb-brand?post=15031"},{"taxonomy":"product_cat","embeddable":true,"href":"https:\/\/www.oliocentrica.it\/de\/wp-json\/wp\/v2\/product_cat?post=15031"},{"taxonomy":"product_tag","embeddable":true,"href":"https:\/\/www.oliocentrica.it\/de\/wp-json\/wp\/v2\/product_tag?post=15031"}],"curies":[{"name":"wp","href":"https:\/\/api.w.org\/{rel}","templated":true}]}}