{"id":14903,"date":"2021-03-29T11:02:25","date_gmt":"2021-03-29T09:02:25","guid":{"rendered":"https:\/\/www.oliocentrica.it\/shop\/sanfelice\/"},"modified":"2023-11-02T19:45:04","modified_gmt":"2023-11-02T18:45:04","slug":"sanfelice","status":"publish","type":"product","link":"https:\/\/www.oliocentrica.it\/de\/shop\/sanfelice\/","title":{"rendered":"San Felice"},"content":{"rendered":"<p><strong><em>Intensiv fruchtig<\/em><\/strong><\/p>\n<p><strong>Duft:<\/strong> intensives Aroma von gro\u00dfem Blattgem\u00fcse, Gew\u00fcrzen, Artischocke und Ackergras<\/p>\n<p><strong>Geschmack:<\/strong> kr\u00e4ftiger Geschmack im Gleichgewicht zwischen bitter und w\u00fcrzig<\/p>\n<p><strong>Probieren Sie es mit\u2026<\/strong> gegrilltem Fleisch, Salat oder H\u00fclsenfr\u00fcchtesuppe und gereiftem K\u00e4se.<\/p>\n<p><strong>Geografisches Gebiet und Hoheitsgebiet:<\/strong> Umbrien, Giano dell&#8217;Umbria (Perugia)<\/p>\n<p><strong>Olivenkampagne:<\/strong> 2023\/2024<\/p>\n<p><strong>Gr\u00f6\u00dfen:<\/strong> 0,50L<\/p>\n<p><strong>Sortenrein aus Olivensorten:<\/strong> San Felice<\/p>\n<p><strong>Herstellungsverfahren:<\/strong> Sofortextraktion mit einem modernen Kreislaufsystem<\/p>\n<p><strong>Konservierungsmethode:<\/strong> kontrollierte Temperatur<\/p>\n<p>_______________________________________<\/p>\n<p><em>Danksagungen<\/em><\/p>\n<p><strong>Drei Bl\u00e4tter Gambero Rosso &#8211; Oli D&#8217;Italia 2021<\/strong><\/p>\n<p><strong>Sonderpreis &#8211; Beste intensive Fruchtigkeit &#8211; G. Rosso 2021<\/strong><\/p>\n<p>_______________________________________<\/p>\n<p><em>Weitere Informationen gelten f\u00fcr alle unsere nativen Oliven\u00f6le extra<\/em><\/p>\n<p><strong>Zutaten:<\/strong> 100 % italienische Oliven, im richtigen Reifegrad geerntet und in Italien mit mechanischen Verfahren gepresst<br \/>\n<strong>Lagerung:<\/strong> fern von Licht, W\u00e4rmequellen, schlechten Ger\u00fcchen und in hermetisch verschlossenen Flaschen. Denken Sie daran, dass natives Oliven\u00f6l extra der Feind von Licht, Hitze und Luft ist<br \/>\n<strong>Frist:<\/strong> innerhalb von 18 Monaten ab dem Datum der Abf\u00fcllung (Frist, innerhalb derer Sie von den N\u00e4hrwerten des nativen Oliven\u00f6ls extra profitieren k\u00f6nnen)<br \/>\n<strong>Verwendung:<\/strong> t\u00e4glich roh oder zum kurzen Garen bei moderaten Temperaturen<\/p>\n","protected":false},"excerpt":{"rendered":"<p><strong><em>Intensiv fruchtig<\/em><\/strong><\/p>\n<p>Die Sorte Oliva San Felice ist typisch f\u00fcr das umbrische Martani-Gebirge und hat ihren Namen von der Benediktinerabtei San Felice, die Olivenb\u00e4ume haben ein majest\u00e4tisches Aussehen und sind nicht sehr anf\u00e4llig f\u00fcr K\u00e4lte, weshalb sie als Geschenke definiert werden.<\/p>\n<p>Das resultierende native Oliven\u00f6l extra hat einzigartige organoleptische Eigenschaften, frische Gem\u00fcsed\u00fcfte im Gleichgewicht mit bitter und w\u00fcrzig, perfekt zu H\u00fclsenfr\u00fcchtesuppen und gegrilltem Fleisch.<\/p>\n<p><strong>Olivenkampagne: 2023\/2024<\/strong><\/p>\n","protected":false},"featured_media":13566,"comment_status":"closed","ping_status":"closed","template":"","meta":[],"pwb-brand":[310],"product_cat":[252],"product_tag":[],"acf":[],"yoast_head":"<!-- This site is optimized with the Yoast SEO plugin v24.5 - https:\/\/yoast.com\/wordpress\/plugins\/seo\/ -->\n<title>San Felice - Oliocentrica<\/title>\n<meta name=\"robots\" content=\"index, follow, max-snippet:-1, max-image-preview:large, max-video-preview:-1\" \/>\n<link rel=\"canonical\" href=\"https:\/\/www.oliocentrica.it\/de\/shop\/sanfelice\/\" \/>\n<meta property=\"og:locale\" content=\"de_DE\" \/>\n<meta property=\"og:type\" content=\"article\" \/>\n<meta property=\"og:title\" content=\"San Felice - Oliocentrica\" \/>\n<meta property=\"og:description\" content=\"Intensiv fruchtig  Die Sorte Oliva San Felice ist typisch f\u00fcr das umbrische Martani-Gebirge und hat ihren Namen von der Benediktinerabtei San Felice, die Olivenb\u00e4ume haben ein majest\u00e4tisches Aussehen und sind nicht sehr anf\u00e4llig f\u00fcr K\u00e4lte, weshalb sie als Geschenke definiert werden.  Das resultierende native Oliven\u00f6l extra hat einzigartige organoleptische Eigenschaften, frische Gem\u00fcsed\u00fcfte im Gleichgewicht mit bitter und w\u00fcrzig, perfekt zu H\u00fclsenfr\u00fcchtesuppen und gegrilltem Fleisch.  Olivenkampagne: 2023\/2024\" \/>\n<meta property=\"og:url\" content=\"https:\/\/www.oliocentrica.it\/de\/shop\/sanfelice\/\" \/>\n<meta property=\"og:site_name\" content=\"Oliocentrica\" \/>\n<meta property=\"article:publisher\" content=\"https:\/\/www.facebook.com\/Oliocentrica\" \/>\n<meta property=\"article:modified_time\" content=\"2023-11-02T18:45:04+00:00\" \/>\n<meta property=\"og:image\" content=\"https:\/\/www.oliocentrica.it\/wp-content\/uploads\/2021\/03\/oliocentrica-san-felice-1.jpg\" \/>\n\t<meta property=\"og:image:width\" content=\"800\" \/>\n\t<meta property=\"og:image:height\" content=\"800\" \/>\n\t<meta property=\"og:image:type\" content=\"image\/jpeg\" \/>\n<meta name=\"twitter:card\" content=\"summary_large_image\" \/>\n<meta name=\"twitter:label1\" content=\"Gesch\u00e4tzte Lesezeit\" \/>\n\t<meta name=\"twitter:data1\" content=\"1\u00a0Minute\" \/>\n<script type=\"application\/ld+json\" class=\"yoast-schema-graph\">{\"@context\":\"https:\/\/schema.org\",\"@graph\":[{\"@type\":\"WebPage\",\"@id\":\"https:\/\/www.oliocentrica.it\/de\/shop\/sanfelice\/\",\"url\":\"https:\/\/www.oliocentrica.it\/de\/shop\/sanfelice\/\",\"name\":\"San Felice - Oliocentrica\",\"isPartOf\":{\"@id\":\"https:\/\/www.oliocentrica.it\/de\/#website\"},\"primaryImageOfPage\":{\"@id\":\"https:\/\/www.oliocentrica.it\/de\/shop\/sanfelice\/#primaryimage\"},\"image\":{\"@id\":\"https:\/\/www.oliocentrica.it\/de\/shop\/sanfelice\/#primaryimage\"},\"thumbnailUrl\":\"https:\/\/www.oliocentrica.it\/wp-content\/uploads\/2021\/03\/oliocentrica-san-felice-1.jpg\",\"datePublished\":\"2021-03-29T09:02:25+00:00\",\"dateModified\":\"2023-11-02T18:45:04+00:00\",\"breadcrumb\":{\"@id\":\"https:\/\/www.oliocentrica.it\/de\/shop\/sanfelice\/#breadcrumb\"},\"inLanguage\":\"de\",\"potentialAction\":[{\"@type\":\"ReadAction\",\"target\":[\"https:\/\/www.oliocentrica.it\/de\/shop\/sanfelice\/\"]}]},{\"@type\":\"ImageObject\",\"inLanguage\":\"de\",\"@id\":\"https:\/\/www.oliocentrica.it\/de\/shop\/sanfelice\/#primaryimage\",\"url\":\"https:\/\/www.oliocentrica.it\/wp-content\/uploads\/2021\/03\/oliocentrica-san-felice-1.jpg\",\"contentUrl\":\"https:\/\/www.oliocentrica.it\/wp-content\/uploads\/2021\/03\/oliocentrica-san-felice-1.jpg\",\"width\":800,\"height\":800},{\"@type\":\"BreadcrumbList\",\"@id\":\"https:\/\/www.oliocentrica.it\/de\/shop\/sanfelice\/#breadcrumb\",\"itemListElement\":[{\"@type\":\"ListItem\",\"position\":1,\"name\":\"Home\",\"item\":\"https:\/\/www.oliocentrica.it\/de\/\"},{\"@type\":\"ListItem\",\"position\":2,\"name\":\"Shop\",\"item\":\"https:\/\/www.oliocentrica.it\/de\/shop\/\"},{\"@type\":\"ListItem\",\"position\":3,\"name\":\"San Felice\"}]},{\"@type\":\"WebSite\",\"@id\":\"https:\/\/www.oliocentrica.it\/de\/#website\",\"url\":\"https:\/\/www.oliocentrica.it\/de\/\",\"name\":\"Oliocentrica\",\"description\":\"il filo d\u2019olio tra cibo e salute\",\"publisher\":{\"@id\":\"https:\/\/www.oliocentrica.it\/de\/#organization\"},\"potentialAction\":[{\"@type\":\"SearchAction\",\"target\":{\"@type\":\"EntryPoint\",\"urlTemplate\":\"https:\/\/www.oliocentrica.it\/de\/?s={search_term_string}\"},\"query-input\":{\"@type\":\"PropertyValueSpecification\",\"valueRequired\":true,\"valueName\":\"search_term_string\"}}],\"inLanguage\":\"de\"},{\"@type\":\"Organization\",\"@id\":\"https:\/\/www.oliocentrica.it\/de\/#organization\",\"name\":\"Oliocentrica Srls\",\"url\":\"https:\/\/www.oliocentrica.it\/de\/\",\"logo\":{\"@type\":\"ImageObject\",\"inLanguage\":\"de\",\"@id\":\"https:\/\/www.oliocentrica.it\/de\/#\/schema\/logo\/image\/\",\"url\":\"https:\/\/www.oliocentrica.it\/wp-content\/uploads\/2021\/05\/logo_oliocentrica-1.png\",\"contentUrl\":\"https:\/\/www.oliocentrica.it\/wp-content\/uploads\/2021\/05\/logo_oliocentrica-1.png\",\"width\":250,\"height\":81,\"caption\":\"Oliocentrica Srls\"},\"image\":{\"@id\":\"https:\/\/www.oliocentrica.it\/de\/#\/schema\/logo\/image\/\"},\"sameAs\":[\"https:\/\/www.facebook.com\/Oliocentrica\",\"https:\/\/www.instagram.com\/oliocentrica\"]}]}<\/script>\n<!-- \/ Yoast SEO plugin. -->","yoast_head_json":{"title":"San Felice - Oliocentrica","robots":{"index":"index","follow":"follow","max-snippet":"max-snippet:-1","max-image-preview":"max-image-preview:large","max-video-preview":"max-video-preview:-1"},"canonical":"https:\/\/www.oliocentrica.it\/de\/shop\/sanfelice\/","og_locale":"de_DE","og_type":"article","og_title":"San Felice - Oliocentrica","og_description":"Intensiv fruchtig  Die Sorte Oliva San Felice ist typisch f\u00fcr das umbrische Martani-Gebirge und hat ihren Namen von der Benediktinerabtei San Felice, die Olivenb\u00e4ume haben ein majest\u00e4tisches Aussehen und sind nicht sehr anf\u00e4llig f\u00fcr K\u00e4lte, weshalb sie als Geschenke definiert werden.  Das resultierende native Oliven\u00f6l extra hat einzigartige organoleptische Eigenschaften, frische Gem\u00fcsed\u00fcfte im Gleichgewicht mit bitter und w\u00fcrzig, perfekt zu H\u00fclsenfr\u00fcchtesuppen und gegrilltem Fleisch.  Olivenkampagne: 2023\/2024","og_url":"https:\/\/www.oliocentrica.it\/de\/shop\/sanfelice\/","og_site_name":"Oliocentrica","article_publisher":"https:\/\/www.facebook.com\/Oliocentrica","article_modified_time":"2023-11-02T18:45:04+00:00","og_image":[{"width":800,"height":800,"url":"https:\/\/www.oliocentrica.it\/wp-content\/uploads\/2021\/03\/oliocentrica-san-felice-1.jpg","type":"image\/jpeg"}],"twitter_card":"summary_large_image","twitter_misc":{"Gesch\u00e4tzte Lesezeit":"1\u00a0Minute"},"schema":{"@context":"https:\/\/schema.org","@graph":[{"@type":"WebPage","@id":"https:\/\/www.oliocentrica.it\/de\/shop\/sanfelice\/","url":"https:\/\/www.oliocentrica.it\/de\/shop\/sanfelice\/","name":"San Felice - Oliocentrica","isPartOf":{"@id":"https:\/\/www.oliocentrica.it\/de\/#website"},"primaryImageOfPage":{"@id":"https:\/\/www.oliocentrica.it\/de\/shop\/sanfelice\/#primaryimage"},"image":{"@id":"https:\/\/www.oliocentrica.it\/de\/shop\/sanfelice\/#primaryimage"},"thumbnailUrl":"https:\/\/www.oliocentrica.it\/wp-content\/uploads\/2021\/03\/oliocentrica-san-felice-1.jpg","datePublished":"2021-03-29T09:02:25+00:00","dateModified":"2023-11-02T18:45:04+00:00","breadcrumb":{"@id":"https:\/\/www.oliocentrica.it\/de\/shop\/sanfelice\/#breadcrumb"},"inLanguage":"de","potentialAction":[{"@type":"ReadAction","target":["https:\/\/www.oliocentrica.it\/de\/shop\/sanfelice\/"]}]},{"@type":"ImageObject","inLanguage":"de","@id":"https:\/\/www.oliocentrica.it\/de\/shop\/sanfelice\/#primaryimage","url":"https:\/\/www.oliocentrica.it\/wp-content\/uploads\/2021\/03\/oliocentrica-san-felice-1.jpg","contentUrl":"https:\/\/www.oliocentrica.it\/wp-content\/uploads\/2021\/03\/oliocentrica-san-felice-1.jpg","width":800,"height":800},{"@type":"BreadcrumbList","@id":"https:\/\/www.oliocentrica.it\/de\/shop\/sanfelice\/#breadcrumb","itemListElement":[{"@type":"ListItem","position":1,"name":"Home","item":"https:\/\/www.oliocentrica.it\/de\/"},{"@type":"ListItem","position":2,"name":"Shop","item":"https:\/\/www.oliocentrica.it\/de\/shop\/"},{"@type":"ListItem","position":3,"name":"San Felice"}]},{"@type":"WebSite","@id":"https:\/\/www.oliocentrica.it\/de\/#website","url":"https:\/\/www.oliocentrica.it\/de\/","name":"Oliocentrica","description":"il filo d\u2019olio tra cibo e salute","publisher":{"@id":"https:\/\/www.oliocentrica.it\/de\/#organization"},"potentialAction":[{"@type":"SearchAction","target":{"@type":"EntryPoint","urlTemplate":"https:\/\/www.oliocentrica.it\/de\/?s={search_term_string}"},"query-input":{"@type":"PropertyValueSpecification","valueRequired":true,"valueName":"search_term_string"}}],"inLanguage":"de"},{"@type":"Organization","@id":"https:\/\/www.oliocentrica.it\/de\/#organization","name":"Oliocentrica Srls","url":"https:\/\/www.oliocentrica.it\/de\/","logo":{"@type":"ImageObject","inLanguage":"de","@id":"https:\/\/www.oliocentrica.it\/de\/#\/schema\/logo\/image\/","url":"https:\/\/www.oliocentrica.it\/wp-content\/uploads\/2021\/05\/logo_oliocentrica-1.png","contentUrl":"https:\/\/www.oliocentrica.it\/wp-content\/uploads\/2021\/05\/logo_oliocentrica-1.png","width":250,"height":81,"caption":"Oliocentrica Srls"},"image":{"@id":"https:\/\/www.oliocentrica.it\/de\/#\/schema\/logo\/image\/"},"sameAs":["https:\/\/www.facebook.com\/Oliocentrica","https:\/\/www.instagram.com\/oliocentrica"]}]}},"brands":[{"id":310,"name":"Oro di Giano","slug":"oro-di-giano"}],"_links":{"self":[{"href":"https:\/\/www.oliocentrica.it\/de\/wp-json\/wp\/v2\/product\/14903"}],"collection":[{"href":"https:\/\/www.oliocentrica.it\/de\/wp-json\/wp\/v2\/product"}],"about":[{"href":"https:\/\/www.oliocentrica.it\/de\/wp-json\/wp\/v2\/types\/product"}],"replies":[{"embeddable":true,"href":"https:\/\/www.oliocentrica.it\/de\/wp-json\/wp\/v2\/comments?post=14903"}],"wp:featuredmedia":[{"embeddable":true,"href":"https:\/\/www.oliocentrica.it\/de\/wp-json\/wp\/v2\/media\/13566"}],"wp:attachment":[{"href":"https:\/\/www.oliocentrica.it\/de\/wp-json\/wp\/v2\/media?parent=14903"}],"wp:term":[{"taxonomy":"pwb-brand","embeddable":true,"href":"https:\/\/www.oliocentrica.it\/de\/wp-json\/wp\/v2\/pwb-brand?post=14903"},{"taxonomy":"product_cat","embeddable":true,"href":"https:\/\/www.oliocentrica.it\/de\/wp-json\/wp\/v2\/product_cat?post=14903"},{"taxonomy":"product_tag","embeddable":true,"href":"https:\/\/www.oliocentrica.it\/de\/wp-json\/wp\/v2\/product_tag?post=14903"}],"curies":[{"name":"wp","href":"https:\/\/api.w.org\/{rel}","templated":true}]}}