{"id":14899,"date":"2021-04-08T20:12:50","date_gmt":"2021-04-08T18:12:50","guid":{"rendered":"https:\/\/www.oliocentrica.it\/shop\/46-parallelo-monovarietale\/"},"modified":"2024-02-03T17:07:07","modified_gmt":"2024-02-03T16:07:07","slug":"46-parallelo-monovarietale","status":"publish","type":"product","link":"https:\/\/www.oliocentrica.it\/de\/shop\/46-parallelo-monovarietale\/","title":{"rendered":"46 Parallelo monovarietale"},"content":{"rendered":"<p><strong><em>Leicht fruchtig<\/em><\/strong><\/p>\n<p><strong>Duft:<\/strong> angenehm frische Noten von geschnittenem Gras und gr\u00fcner Mandel<\/p>\n<p><strong>Geschmack:<\/strong> bitter und w\u00fcrzig, elegant und anhaltend<\/p>\n<p><strong>Probieren Sie es mit &#8230;<\/strong> typischem Trentiner P\u00f6kelfleisch, geschnittenem Rindfleisch und Carpaccio. Ausgezeichnet zu gep\u00f6keltem Fleisch und gereiftem K\u00e4se und Bruschetta<\/p>\n<p><strong>Geografisches Gebiet und Gebiet:<\/strong> Riva del Garda &#8211; TN &#8211; Garda Trentino &#8211; Sehr oberfl\u00e4chliche B\u00f6den mit mittlerer Textur und Tendenz zu Kalkstein<\/p>\n<p><strong>Olivenkampagne:<\/strong> 2023\/2024<\/p>\n<p><strong>Gr\u00f6\u00dfen:<\/strong> 0,50 l<\/p>\n<p><strong>Sortenrein aus Olivensorten:<\/strong> Casaliva<\/p>\n<p><strong>Produktionsmethode:<\/strong> kalt mit einem zweiphasigen kontinuierlichen Zyklussystem<\/p>\n<p><strong>Konservierungsmethode:<\/strong> kontrollierte Temperatur zwischen 12-18 \u00b0 C<\/p>\n<p>_______________________________________<\/p>\n<p><em>Danksagungen<\/em><\/p>\n<p><strong>Drei Bl\u00e4tter Oli d&#8217;Italia 2021 Gambero Rosso<\/strong><\/p>\n<p>_______________________________________<\/p>\n<p><em>Weitere Informationen gelten f\u00fcr alle unsere nativen Oliven\u00f6le extra<\/em><\/p>\n<p><strong>Zutaten:<\/strong> 100 % italienische Oliven, im richtigen Reifegrad geerntet und in Italien mit mechanischen Verfahren gepresst<br \/>\n<strong>Lagerung:<\/strong> fern von Licht, W\u00e4rmequellen, schlechten Ger\u00fcchen und in hermetisch verschlossenen Flaschen. Denken Sie daran, dass natives Oliven\u00f6l extra der Feind von Licht, Hitze und Luft ist<br \/>\n<strong>Frist:<\/strong> innerhalb von 18 Monaten ab dem Datum der Abf\u00fcllung (Frist, innerhalb derer Sie von den N\u00e4hrwerten des nativen Oliven\u00f6ls extra profitieren k\u00f6nnen)<br \/>\n<strong>Verwendung:<\/strong> t\u00e4glich roh oder zum kurzen Garen bei moderaten Temperaturen<\/p>\n","protected":false},"excerpt":{"rendered":"<p><strong><em>Leicht fruchtig<\/em><\/strong><\/p>\n<p>Das 46 \u00b0 Parallel\u00f6l wurde im Garda Trentino nur aus Casaliva-Oliven geboren.<\/p>\n<p>Die Brise des Gardasees, die die Unbilden der Alpen mildert, hat es erm\u00f6glicht, Olivenb\u00e4ume in diesem n\u00f6rdlichsten Gebiet der Welt mit Berufung zum Olivenanbau zu kultivieren, n\u00e4mlich am 46. Breitengrad.<\/p>\n<p>Das besondere Mikroklima, eine mediterrane Oase inmitten der Dolomiten, erm\u00f6glicht die Herstellung wertvoller nativer \u00d6le extra mit einzigartigen Eigenschaften, die sich perfekt dazu eignen, selbst die empfindlichsten Lebensmittel zu versch\u00f6nern, ohne ihren Geschmack zu \u00fcberdecken, von rohem Gem\u00fcse bis hin zu Fischgerichten, Spiegeleiern und Frischk\u00e4se. .<\/p>\n<p><strong>Olivenkampagne: 2023\/2024<\/strong><\/p>\n","protected":false},"featured_media":9240,"comment_status":"closed","ping_status":"closed","template":"","meta":[],"pwb-brand":[265],"product_cat":[252],"product_tag":[],"acf":[],"yoast_head":"<!-- This site is optimized with the Yoast SEO plugin v24.5 - https:\/\/yoast.com\/wordpress\/plugins\/seo\/ -->\n<title>46 Parallelo monovarietale - Oliocentrica<\/title>\n<meta name=\"robots\" content=\"index, follow, max-snippet:-1, max-image-preview:large, max-video-preview:-1\" \/>\n<link rel=\"canonical\" href=\"https:\/\/www.oliocentrica.it\/de\/shop\/46-parallelo-monovarietale\/\" \/>\n<meta property=\"og:locale\" content=\"de_DE\" \/>\n<meta property=\"og:type\" content=\"article\" \/>\n<meta property=\"og:title\" content=\"46 Parallelo monovarietale - Oliocentrica\" \/>\n<meta property=\"og:description\" content=\"Leicht fruchtig  Das 46 \u00b0 Parallel\u00f6l wurde im Garda Trentino nur aus Casaliva-Oliven geboren.  Die Brise des Gardasees, die die Unbilden der Alpen mildert, hat es erm\u00f6glicht, Olivenb\u00e4ume in diesem n\u00f6rdlichsten Gebiet der Welt mit Berufung zum Olivenanbau zu kultivieren, n\u00e4mlich am 46. Breitengrad.  Das besondere Mikroklima, eine mediterrane Oase inmitten der Dolomiten, erm\u00f6glicht die Herstellung wertvoller nativer \u00d6le extra mit einzigartigen Eigenschaften, die sich perfekt dazu eignen, selbst die empfindlichsten Lebensmittel zu versch\u00f6nern, ohne ihren Geschmack zu \u00fcberdecken, von rohem Gem\u00fcse bis hin zu Fischgerichten, Spiegeleiern und Frischk\u00e4se. .  Olivenkampagne: 2023\/2024\" \/>\n<meta property=\"og:url\" content=\"https:\/\/www.oliocentrica.it\/de\/shop\/46-parallelo-monovarietale\/\" \/>\n<meta property=\"og:site_name\" content=\"Oliocentrica\" \/>\n<meta property=\"article:publisher\" content=\"https:\/\/www.facebook.com\/Oliocentrica\" \/>\n<meta property=\"article:modified_time\" content=\"2024-02-03T16:07:07+00:00\" \/>\n<meta property=\"og:image\" content=\"https:\/\/www.oliocentrica.it\/wp-content\/uploads\/2021\/04\/46-parellelo-monovarietale.jpg\" \/>\n\t<meta property=\"og:image:width\" content=\"800\" \/>\n\t<meta property=\"og:image:height\" content=\"800\" \/>\n\t<meta property=\"og:image:type\" content=\"image\/jpeg\" \/>\n<meta name=\"twitter:card\" content=\"summary_large_image\" \/>\n<meta name=\"twitter:label1\" content=\"Gesch\u00e4tzte Lesezeit\" \/>\n\t<meta name=\"twitter:data1\" content=\"1\u00a0Minute\" \/>\n<script type=\"application\/ld+json\" class=\"yoast-schema-graph\">{\"@context\":\"https:\/\/schema.org\",\"@graph\":[{\"@type\":\"WebPage\",\"@id\":\"https:\/\/www.oliocentrica.it\/de\/shop\/46-parallelo-monovarietale\/\",\"url\":\"https:\/\/www.oliocentrica.it\/de\/shop\/46-parallelo-monovarietale\/\",\"name\":\"46 Parallelo monovarietale - Oliocentrica\",\"isPartOf\":{\"@id\":\"https:\/\/www.oliocentrica.it\/de\/#website\"},\"primaryImageOfPage\":{\"@id\":\"https:\/\/www.oliocentrica.it\/de\/shop\/46-parallelo-monovarietale\/#primaryimage\"},\"image\":{\"@id\":\"https:\/\/www.oliocentrica.it\/de\/shop\/46-parallelo-monovarietale\/#primaryimage\"},\"thumbnailUrl\":\"https:\/\/www.oliocentrica.it\/wp-content\/uploads\/2021\/04\/46-parellelo-monovarietale.jpg\",\"datePublished\":\"2021-04-08T18:12:50+00:00\",\"dateModified\":\"2024-02-03T16:07:07+00:00\",\"breadcrumb\":{\"@id\":\"https:\/\/www.oliocentrica.it\/de\/shop\/46-parallelo-monovarietale\/#breadcrumb\"},\"inLanguage\":\"de\",\"potentialAction\":[{\"@type\":\"ReadAction\",\"target\":[\"https:\/\/www.oliocentrica.it\/de\/shop\/46-parallelo-monovarietale\/\"]}]},{\"@type\":\"ImageObject\",\"inLanguage\":\"de\",\"@id\":\"https:\/\/www.oliocentrica.it\/de\/shop\/46-parallelo-monovarietale\/#primaryimage\",\"url\":\"https:\/\/www.oliocentrica.it\/wp-content\/uploads\/2021\/04\/46-parellelo-monovarietale.jpg\",\"contentUrl\":\"https:\/\/www.oliocentrica.it\/wp-content\/uploads\/2021\/04\/46-parellelo-monovarietale.jpg\",\"width\":800,\"height\":800},{\"@type\":\"BreadcrumbList\",\"@id\":\"https:\/\/www.oliocentrica.it\/de\/shop\/46-parallelo-monovarietale\/#breadcrumb\",\"itemListElement\":[{\"@type\":\"ListItem\",\"position\":1,\"name\":\"Home\",\"item\":\"https:\/\/www.oliocentrica.it\/de\/\"},{\"@type\":\"ListItem\",\"position\":2,\"name\":\"Shop\",\"item\":\"https:\/\/www.oliocentrica.it\/de\/shop\/\"},{\"@type\":\"ListItem\",\"position\":3,\"name\":\"46 Parallelo monovarietale\"}]},{\"@type\":\"WebSite\",\"@id\":\"https:\/\/www.oliocentrica.it\/de\/#website\",\"url\":\"https:\/\/www.oliocentrica.it\/de\/\",\"name\":\"Oliocentrica\",\"description\":\"il filo d\u2019olio tra cibo e salute\",\"publisher\":{\"@id\":\"https:\/\/www.oliocentrica.it\/de\/#organization\"},\"potentialAction\":[{\"@type\":\"SearchAction\",\"target\":{\"@type\":\"EntryPoint\",\"urlTemplate\":\"https:\/\/www.oliocentrica.it\/de\/?s={search_term_string}\"},\"query-input\":{\"@type\":\"PropertyValueSpecification\",\"valueRequired\":true,\"valueName\":\"search_term_string\"}}],\"inLanguage\":\"de\"},{\"@type\":\"Organization\",\"@id\":\"https:\/\/www.oliocentrica.it\/de\/#organization\",\"name\":\"Oliocentrica Srls\",\"url\":\"https:\/\/www.oliocentrica.it\/de\/\",\"logo\":{\"@type\":\"ImageObject\",\"inLanguage\":\"de\",\"@id\":\"https:\/\/www.oliocentrica.it\/de\/#\/schema\/logo\/image\/\",\"url\":\"https:\/\/www.oliocentrica.it\/wp-content\/uploads\/2021\/05\/logo_oliocentrica-1.png\",\"contentUrl\":\"https:\/\/www.oliocentrica.it\/wp-content\/uploads\/2021\/05\/logo_oliocentrica-1.png\",\"width\":250,\"height\":81,\"caption\":\"Oliocentrica Srls\"},\"image\":{\"@id\":\"https:\/\/www.oliocentrica.it\/de\/#\/schema\/logo\/image\/\"},\"sameAs\":[\"https:\/\/www.facebook.com\/Oliocentrica\",\"https:\/\/www.instagram.com\/oliocentrica\"]}]}<\/script>\n<!-- \/ Yoast SEO plugin. -->","yoast_head_json":{"title":"46 Parallelo monovarietale - Oliocentrica","robots":{"index":"index","follow":"follow","max-snippet":"max-snippet:-1","max-image-preview":"max-image-preview:large","max-video-preview":"max-video-preview:-1"},"canonical":"https:\/\/www.oliocentrica.it\/de\/shop\/46-parallelo-monovarietale\/","og_locale":"de_DE","og_type":"article","og_title":"46 Parallelo monovarietale - Oliocentrica","og_description":"Leicht fruchtig  Das 46 \u00b0 Parallel\u00f6l wurde im Garda Trentino nur aus Casaliva-Oliven geboren.  Die Brise des Gardasees, die die Unbilden der Alpen mildert, hat es erm\u00f6glicht, Olivenb\u00e4ume in diesem n\u00f6rdlichsten Gebiet der Welt mit Berufung zum Olivenanbau zu kultivieren, n\u00e4mlich am 46. Breitengrad.  Das besondere Mikroklima, eine mediterrane Oase inmitten der Dolomiten, erm\u00f6glicht die Herstellung wertvoller nativer \u00d6le extra mit einzigartigen Eigenschaften, die sich perfekt dazu eignen, selbst die empfindlichsten Lebensmittel zu versch\u00f6nern, ohne ihren Geschmack zu \u00fcberdecken, von rohem Gem\u00fcse bis hin zu Fischgerichten, Spiegeleiern und Frischk\u00e4se. .  Olivenkampagne: 2023\/2024","og_url":"https:\/\/www.oliocentrica.it\/de\/shop\/46-parallelo-monovarietale\/","og_site_name":"Oliocentrica","article_publisher":"https:\/\/www.facebook.com\/Oliocentrica","article_modified_time":"2024-02-03T16:07:07+00:00","og_image":[{"width":800,"height":800,"url":"https:\/\/www.oliocentrica.it\/wp-content\/uploads\/2021\/04\/46-parellelo-monovarietale.jpg","type":"image\/jpeg"}],"twitter_card":"summary_large_image","twitter_misc":{"Gesch\u00e4tzte Lesezeit":"1\u00a0Minute"},"schema":{"@context":"https:\/\/schema.org","@graph":[{"@type":"WebPage","@id":"https:\/\/www.oliocentrica.it\/de\/shop\/46-parallelo-monovarietale\/","url":"https:\/\/www.oliocentrica.it\/de\/shop\/46-parallelo-monovarietale\/","name":"46 Parallelo monovarietale - Oliocentrica","isPartOf":{"@id":"https:\/\/www.oliocentrica.it\/de\/#website"},"primaryImageOfPage":{"@id":"https:\/\/www.oliocentrica.it\/de\/shop\/46-parallelo-monovarietale\/#primaryimage"},"image":{"@id":"https:\/\/www.oliocentrica.it\/de\/shop\/46-parallelo-monovarietale\/#primaryimage"},"thumbnailUrl":"https:\/\/www.oliocentrica.it\/wp-content\/uploads\/2021\/04\/46-parellelo-monovarietale.jpg","datePublished":"2021-04-08T18:12:50+00:00","dateModified":"2024-02-03T16:07:07+00:00","breadcrumb":{"@id":"https:\/\/www.oliocentrica.it\/de\/shop\/46-parallelo-monovarietale\/#breadcrumb"},"inLanguage":"de","potentialAction":[{"@type":"ReadAction","target":["https:\/\/www.oliocentrica.it\/de\/shop\/46-parallelo-monovarietale\/"]}]},{"@type":"ImageObject","inLanguage":"de","@id":"https:\/\/www.oliocentrica.it\/de\/shop\/46-parallelo-monovarietale\/#primaryimage","url":"https:\/\/www.oliocentrica.it\/wp-content\/uploads\/2021\/04\/46-parellelo-monovarietale.jpg","contentUrl":"https:\/\/www.oliocentrica.it\/wp-content\/uploads\/2021\/04\/46-parellelo-monovarietale.jpg","width":800,"height":800},{"@type":"BreadcrumbList","@id":"https:\/\/www.oliocentrica.it\/de\/shop\/46-parallelo-monovarietale\/#breadcrumb","itemListElement":[{"@type":"ListItem","position":1,"name":"Home","item":"https:\/\/www.oliocentrica.it\/de\/"},{"@type":"ListItem","position":2,"name":"Shop","item":"https:\/\/www.oliocentrica.it\/de\/shop\/"},{"@type":"ListItem","position":3,"name":"46 Parallelo monovarietale"}]},{"@type":"WebSite","@id":"https:\/\/www.oliocentrica.it\/de\/#website","url":"https:\/\/www.oliocentrica.it\/de\/","name":"Oliocentrica","description":"il filo d\u2019olio tra cibo e salute","publisher":{"@id":"https:\/\/www.oliocentrica.it\/de\/#organization"},"potentialAction":[{"@type":"SearchAction","target":{"@type":"EntryPoint","urlTemplate":"https:\/\/www.oliocentrica.it\/de\/?s={search_term_string}"},"query-input":{"@type":"PropertyValueSpecification","valueRequired":true,"valueName":"search_term_string"}}],"inLanguage":"de"},{"@type":"Organization","@id":"https:\/\/www.oliocentrica.it\/de\/#organization","name":"Oliocentrica Srls","url":"https:\/\/www.oliocentrica.it\/de\/","logo":{"@type":"ImageObject","inLanguage":"de","@id":"https:\/\/www.oliocentrica.it\/de\/#\/schema\/logo\/image\/","url":"https:\/\/www.oliocentrica.it\/wp-content\/uploads\/2021\/05\/logo_oliocentrica-1.png","contentUrl":"https:\/\/www.oliocentrica.it\/wp-content\/uploads\/2021\/05\/logo_oliocentrica-1.png","width":250,"height":81,"caption":"Oliocentrica Srls"},"image":{"@id":"https:\/\/www.oliocentrica.it\/de\/#\/schema\/logo\/image\/"},"sameAs":["https:\/\/www.facebook.com\/Oliocentrica","https:\/\/www.instagram.com\/oliocentrica"]}]}},"brands":[{"id":265,"name":"Agraria Riva del Garda","slug":"agraria-riva-del-garda"}],"_links":{"self":[{"href":"https:\/\/www.oliocentrica.it\/de\/wp-json\/wp\/v2\/product\/14899"}],"collection":[{"href":"https:\/\/www.oliocentrica.it\/de\/wp-json\/wp\/v2\/product"}],"about":[{"href":"https:\/\/www.oliocentrica.it\/de\/wp-json\/wp\/v2\/types\/product"}],"replies":[{"embeddable":true,"href":"https:\/\/www.oliocentrica.it\/de\/wp-json\/wp\/v2\/comments?post=14899"}],"wp:featuredmedia":[{"embeddable":true,"href":"https:\/\/www.oliocentrica.it\/de\/wp-json\/wp\/v2\/media\/9240"}],"wp:attachment":[{"href":"https:\/\/www.oliocentrica.it\/de\/wp-json\/wp\/v2\/media?parent=14899"}],"wp:term":[{"taxonomy":"pwb-brand","embeddable":true,"href":"https:\/\/www.oliocentrica.it\/de\/wp-json\/wp\/v2\/pwb-brand?post=14899"},{"taxonomy":"product_cat","embeddable":true,"href":"https:\/\/www.oliocentrica.it\/de\/wp-json\/wp\/v2\/product_cat?post=14899"},{"taxonomy":"product_tag","embeddable":true,"href":"https:\/\/www.oliocentrica.it\/de\/wp-json\/wp\/v2\/product_tag?post=14899"}],"curies":[{"name":"wp","href":"https:\/\/api.w.org\/{rel}","templated":true}]}}