{"id":14898,"date":"2021-04-09T14:03:52","date_gmt":"2021-04-09T12:03:52","guid":{"rendered":"https:\/\/www.oliocentrica.it\/shop\/coratina\/"},"modified":"2023-11-07T18:28:05","modified_gmt":"2023-11-07T17:28:05","slug":"coratina","status":"publish","type":"product","link":"https:\/\/www.oliocentrica.it\/de\/shop\/coratina\/","title":{"rendered":"Coratina"},"content":{"rendered":"<p><strong><em>Intensiv fruchtig<\/em><\/strong><\/p>\n<p><strong>Duft<\/strong>: Noten von Artischocken, Mandeln, Rucola, aromatischen Kr\u00e4utern und Fenchelherzen<\/p>\n<p><strong>Geschmack<\/strong>: Vielschichtig, zur Bitterkeit neigend mit Ankl\u00e4ngen von Pfeffer und Wildkr\u00e4utern, perfekt ausbalanciert mit der langanhaltenden W\u00fcrze<\/p>\n<p><strong>Probieren Sie es mit &#8230;<\/strong> Knoblauchbruschetta, strukturierten ersten G\u00e4ngen, H\u00fclsenfr\u00fcchtesuppen und -salaten, rotem Fleisch und gegrilltem Fisch<\/p>\n<p><strong>Geografisches Gebiet und Territorium:<\/strong> Giovinazzo, Bari, Apulien &#8211; fruchtbarer Boden und jahrhundertealte Olivenb\u00e4ume<\/p>\n<p><strong>Olivenkampagne:<\/strong> 2023\/2024<\/p>\n<p><strong>Gr\u00f6\u00dfen:<\/strong> 0,50L<\/p>\n<p><strong>Sortenrein aus Olivensorten: <\/strong>Coratina<\/p>\n<p><strong>Produktionsmethode:<\/strong> moderne Extraktionstechniken, kontinuierlicher \/ kalter Zyklus<\/p>\n<p><strong>Konservierungsmethode:<\/strong> kontrollierte Temperaturen<\/p>\n<p>_______________________________________<\/p>\n<p><em>Weitere Informationen gelten f\u00fcr alle unsere nativen Oliven\u00f6le extra<\/em><\/p>\n<p><strong>Zutaten<\/strong>: 100 % italienische Oliven, im richtigen Reifegrad geerntet und in Italien mit mechanischen Verfahren gepresst<br \/>\n<strong>Lagerung<\/strong>: fern von Licht, W\u00e4rmequellen, schlechten Ger\u00fcchen und in hermetisch verschlossenen Flaschen. Denken Sie daran, dass natives Oliven\u00f6l extra der Feind von Licht, Hitze und Luft ist<br \/>\n<strong>Frist<\/strong>: innerhalb von 18 Monaten ab dem Datum der Abf\u00fcllung (Frist, innerhalb derer Sie von den N\u00e4hrwerten des nativen Oliven\u00f6ls extra profitieren k\u00f6nnen)<br \/>\n<strong>Verwendung<\/strong>: t\u00e4glich roh oder zum kurzen Garen bei moderaten Temperaturen<\/p>\n","protected":false},"excerpt":{"rendered":"<p><strong><em>Intensiv fruchtig<\/em><\/strong><\/p>\n<p>Die Coratina-Olive hat ihren Namen von Corato in der Provinz Bari und erstreckt sich so weit \u00fcber ganz Apulien, dass sie zu ihrem Wahrzeichen geworden ist.<\/p>\n<p>Das native Oliven\u00f6l extra Coratina zeichnet sich durch die Intensit\u00e4t der Aromen und den bitteren und w\u00fcrzigen Geschmack aus, mit einer h\u00f6heren polyphenolischen (Antioxidans-) Ladung als jedes andere native Oliven\u00f6l extra.<\/p>\n<p>Eigenschaften, die wir nur in Qualit\u00e4tsproduktionen wie denen der Azienda Agricola Oro di Rufolo finden.<\/p>\n<p>Die hochmoderne \u00d6lm\u00fchle des Unternehmens, menschliche Weisheit, die Qualit\u00e4t der Rohstoffe und der Respekt vor dem Territorium, hier liegt das Geheimnis einer Exzellenz, die die traditionelle und moderne K\u00fcche bereichert.<\/p>\n<p><strong>Olivenkampagne: 2023\/2024<\/strong><\/p>\n","protected":false},"featured_media":16242,"comment_status":"closed","ping_status":"closed","template":"","meta":[],"pwb-brand":[312],"product_cat":[248,252],"product_tag":[],"acf":[],"yoast_head":"<!-- This site is optimized with the Yoast SEO plugin v24.5 - https:\/\/yoast.com\/wordpress\/plugins\/seo\/ -->\n<title>Coratina - Oliocentrica<\/title>\n<meta name=\"robots\" content=\"index, follow, max-snippet:-1, max-image-preview:large, max-video-preview:-1\" \/>\n<link rel=\"canonical\" href=\"https:\/\/www.oliocentrica.it\/de\/shop\/coratina\/\" \/>\n<meta property=\"og:locale\" content=\"de_DE\" \/>\n<meta property=\"og:type\" content=\"article\" \/>\n<meta property=\"og:title\" content=\"Coratina - Oliocentrica\" \/>\n<meta property=\"og:description\" content=\"Intensiv fruchtig  Die Coratina-Olive hat ihren Namen von Corato in der Provinz Bari und erstreckt sich so weit \u00fcber ganz Apulien, dass sie zu ihrem Wahrzeichen geworden ist.  Das native Oliven\u00f6l extra Coratina zeichnet sich durch die Intensit\u00e4t der Aromen und den bitteren und w\u00fcrzigen Geschmack aus, mit einer h\u00f6heren polyphenolischen (Antioxidans-) Ladung als jedes andere native Oliven\u00f6l extra.  Eigenschaften, die wir nur in Qualit\u00e4tsproduktionen wie denen der Azienda Agricola Oro di Rufolo finden.  Die hochmoderne \u00d6lm\u00fchle des Unternehmens, menschliche Weisheit, die Qualit\u00e4t der Rohstoffe und der Respekt vor dem Territorium, hier liegt das Geheimnis einer Exzellenz, die die traditionelle und moderne K\u00fcche bereichert.  Olivenkampagne: 2023\/2024\" \/>\n<meta property=\"og:url\" content=\"https:\/\/www.oliocentrica.it\/de\/shop\/coratina\/\" \/>\n<meta property=\"og:site_name\" content=\"Oliocentrica\" \/>\n<meta property=\"article:publisher\" content=\"https:\/\/www.facebook.com\/Oliocentrica\" \/>\n<meta property=\"article:modified_time\" content=\"2023-11-07T17:28:05+00:00\" \/>\n<meta property=\"og:image\" content=\"https:\/\/www.oliocentrica.it\/wp-content\/uploads\/2021\/04\/coratina-oro-di-rufolo.jpg\" \/>\n\t<meta property=\"og:image:width\" content=\"800\" \/>\n\t<meta property=\"og:image:height\" content=\"800\" \/>\n\t<meta property=\"og:image:type\" content=\"image\/jpeg\" \/>\n<meta name=\"twitter:card\" content=\"summary_large_image\" \/>\n<meta name=\"twitter:label1\" content=\"Gesch\u00e4tzte Lesezeit\" \/>\n\t<meta name=\"twitter:data1\" content=\"1\u00a0Minute\" \/>\n<script type=\"application\/ld+json\" class=\"yoast-schema-graph\">{\"@context\":\"https:\/\/schema.org\",\"@graph\":[{\"@type\":\"WebPage\",\"@id\":\"https:\/\/www.oliocentrica.it\/de\/shop\/coratina\/\",\"url\":\"https:\/\/www.oliocentrica.it\/de\/shop\/coratina\/\",\"name\":\"Coratina - Oliocentrica\",\"isPartOf\":{\"@id\":\"https:\/\/www.oliocentrica.it\/de\/#website\"},\"primaryImageOfPage\":{\"@id\":\"https:\/\/www.oliocentrica.it\/de\/shop\/coratina\/#primaryimage\"},\"image\":{\"@id\":\"https:\/\/www.oliocentrica.it\/de\/shop\/coratina\/#primaryimage\"},\"thumbnailUrl\":\"https:\/\/www.oliocentrica.it\/wp-content\/uploads\/2021\/04\/coratina-oro-di-rufolo.jpg\",\"datePublished\":\"2021-04-09T12:03:52+00:00\",\"dateModified\":\"2023-11-07T17:28:05+00:00\",\"breadcrumb\":{\"@id\":\"https:\/\/www.oliocentrica.it\/de\/shop\/coratina\/#breadcrumb\"},\"inLanguage\":\"de\",\"potentialAction\":[{\"@type\":\"ReadAction\",\"target\":[\"https:\/\/www.oliocentrica.it\/de\/shop\/coratina\/\"]}]},{\"@type\":\"ImageObject\",\"inLanguage\":\"de\",\"@id\":\"https:\/\/www.oliocentrica.it\/de\/shop\/coratina\/#primaryimage\",\"url\":\"https:\/\/www.oliocentrica.it\/wp-content\/uploads\/2021\/04\/coratina-oro-di-rufolo.jpg\",\"contentUrl\":\"https:\/\/www.oliocentrica.it\/wp-content\/uploads\/2021\/04\/coratina-oro-di-rufolo.jpg\",\"width\":800,\"height\":800,\"caption\":\"coratina oro di rufolo\"},{\"@type\":\"BreadcrumbList\",\"@id\":\"https:\/\/www.oliocentrica.it\/de\/shop\/coratina\/#breadcrumb\",\"itemListElement\":[{\"@type\":\"ListItem\",\"position\":1,\"name\":\"Home\",\"item\":\"https:\/\/www.oliocentrica.it\/de\/\"},{\"@type\":\"ListItem\",\"position\":2,\"name\":\"Shop\",\"item\":\"https:\/\/www.oliocentrica.it\/de\/shop\/\"},{\"@type\":\"ListItem\",\"position\":3,\"name\":\"Coratina\"}]},{\"@type\":\"WebSite\",\"@id\":\"https:\/\/www.oliocentrica.it\/de\/#website\",\"url\":\"https:\/\/www.oliocentrica.it\/de\/\",\"name\":\"Oliocentrica\",\"description\":\"il filo d\u2019olio tra cibo e salute\",\"publisher\":{\"@id\":\"https:\/\/www.oliocentrica.it\/de\/#organization\"},\"potentialAction\":[{\"@type\":\"SearchAction\",\"target\":{\"@type\":\"EntryPoint\",\"urlTemplate\":\"https:\/\/www.oliocentrica.it\/de\/?s={search_term_string}\"},\"query-input\":{\"@type\":\"PropertyValueSpecification\",\"valueRequired\":true,\"valueName\":\"search_term_string\"}}],\"inLanguage\":\"de\"},{\"@type\":\"Organization\",\"@id\":\"https:\/\/www.oliocentrica.it\/de\/#organization\",\"name\":\"Oliocentrica Srls\",\"url\":\"https:\/\/www.oliocentrica.it\/de\/\",\"logo\":{\"@type\":\"ImageObject\",\"inLanguage\":\"de\",\"@id\":\"https:\/\/www.oliocentrica.it\/de\/#\/schema\/logo\/image\/\",\"url\":\"https:\/\/www.oliocentrica.it\/wp-content\/uploads\/2021\/05\/logo_oliocentrica-1.png\",\"contentUrl\":\"https:\/\/www.oliocentrica.it\/wp-content\/uploads\/2021\/05\/logo_oliocentrica-1.png\",\"width\":250,\"height\":81,\"caption\":\"Oliocentrica Srls\"},\"image\":{\"@id\":\"https:\/\/www.oliocentrica.it\/de\/#\/schema\/logo\/image\/\"},\"sameAs\":[\"https:\/\/www.facebook.com\/Oliocentrica\",\"https:\/\/www.instagram.com\/oliocentrica\"]}]}<\/script>\n<!-- \/ Yoast SEO plugin. -->","yoast_head_json":{"title":"Coratina - Oliocentrica","robots":{"index":"index","follow":"follow","max-snippet":"max-snippet:-1","max-image-preview":"max-image-preview:large","max-video-preview":"max-video-preview:-1"},"canonical":"https:\/\/www.oliocentrica.it\/de\/shop\/coratina\/","og_locale":"de_DE","og_type":"article","og_title":"Coratina - Oliocentrica","og_description":"Intensiv fruchtig  Die Coratina-Olive hat ihren Namen von Corato in der Provinz Bari und erstreckt sich so weit \u00fcber ganz Apulien, dass sie zu ihrem Wahrzeichen geworden ist.  Das native Oliven\u00f6l extra Coratina zeichnet sich durch die Intensit\u00e4t der Aromen und den bitteren und w\u00fcrzigen Geschmack aus, mit einer h\u00f6heren polyphenolischen (Antioxidans-) Ladung als jedes andere native Oliven\u00f6l extra.  Eigenschaften, die wir nur in Qualit\u00e4tsproduktionen wie denen der Azienda Agricola Oro di Rufolo finden.  Die hochmoderne \u00d6lm\u00fchle des Unternehmens, menschliche Weisheit, die Qualit\u00e4t der Rohstoffe und der Respekt vor dem Territorium, hier liegt das Geheimnis einer Exzellenz, die die traditionelle und moderne K\u00fcche bereichert.  Olivenkampagne: 2023\/2024","og_url":"https:\/\/www.oliocentrica.it\/de\/shop\/coratina\/","og_site_name":"Oliocentrica","article_publisher":"https:\/\/www.facebook.com\/Oliocentrica","article_modified_time":"2023-11-07T17:28:05+00:00","og_image":[{"width":800,"height":800,"url":"https:\/\/www.oliocentrica.it\/wp-content\/uploads\/2021\/04\/coratina-oro-di-rufolo.jpg","type":"image\/jpeg"}],"twitter_card":"summary_large_image","twitter_misc":{"Gesch\u00e4tzte Lesezeit":"1\u00a0Minute"},"schema":{"@context":"https:\/\/schema.org","@graph":[{"@type":"WebPage","@id":"https:\/\/www.oliocentrica.it\/de\/shop\/coratina\/","url":"https:\/\/www.oliocentrica.it\/de\/shop\/coratina\/","name":"Coratina - Oliocentrica","isPartOf":{"@id":"https:\/\/www.oliocentrica.it\/de\/#website"},"primaryImageOfPage":{"@id":"https:\/\/www.oliocentrica.it\/de\/shop\/coratina\/#primaryimage"},"image":{"@id":"https:\/\/www.oliocentrica.it\/de\/shop\/coratina\/#primaryimage"},"thumbnailUrl":"https:\/\/www.oliocentrica.it\/wp-content\/uploads\/2021\/04\/coratina-oro-di-rufolo.jpg","datePublished":"2021-04-09T12:03:52+00:00","dateModified":"2023-11-07T17:28:05+00:00","breadcrumb":{"@id":"https:\/\/www.oliocentrica.it\/de\/shop\/coratina\/#breadcrumb"},"inLanguage":"de","potentialAction":[{"@type":"ReadAction","target":["https:\/\/www.oliocentrica.it\/de\/shop\/coratina\/"]}]},{"@type":"ImageObject","inLanguage":"de","@id":"https:\/\/www.oliocentrica.it\/de\/shop\/coratina\/#primaryimage","url":"https:\/\/www.oliocentrica.it\/wp-content\/uploads\/2021\/04\/coratina-oro-di-rufolo.jpg","contentUrl":"https:\/\/www.oliocentrica.it\/wp-content\/uploads\/2021\/04\/coratina-oro-di-rufolo.jpg","width":800,"height":800,"caption":"coratina oro di rufolo"},{"@type":"BreadcrumbList","@id":"https:\/\/www.oliocentrica.it\/de\/shop\/coratina\/#breadcrumb","itemListElement":[{"@type":"ListItem","position":1,"name":"Home","item":"https:\/\/www.oliocentrica.it\/de\/"},{"@type":"ListItem","position":2,"name":"Shop","item":"https:\/\/www.oliocentrica.it\/de\/shop\/"},{"@type":"ListItem","position":3,"name":"Coratina"}]},{"@type":"WebSite","@id":"https:\/\/www.oliocentrica.it\/de\/#website","url":"https:\/\/www.oliocentrica.it\/de\/","name":"Oliocentrica","description":"il filo d\u2019olio tra cibo e salute","publisher":{"@id":"https:\/\/www.oliocentrica.it\/de\/#organization"},"potentialAction":[{"@type":"SearchAction","target":{"@type":"EntryPoint","urlTemplate":"https:\/\/www.oliocentrica.it\/de\/?s={search_term_string}"},"query-input":{"@type":"PropertyValueSpecification","valueRequired":true,"valueName":"search_term_string"}}],"inLanguage":"de"},{"@type":"Organization","@id":"https:\/\/www.oliocentrica.it\/de\/#organization","name":"Oliocentrica Srls","url":"https:\/\/www.oliocentrica.it\/de\/","logo":{"@type":"ImageObject","inLanguage":"de","@id":"https:\/\/www.oliocentrica.it\/de\/#\/schema\/logo\/image\/","url":"https:\/\/www.oliocentrica.it\/wp-content\/uploads\/2021\/05\/logo_oliocentrica-1.png","contentUrl":"https:\/\/www.oliocentrica.it\/wp-content\/uploads\/2021\/05\/logo_oliocentrica-1.png","width":250,"height":81,"caption":"Oliocentrica Srls"},"image":{"@id":"https:\/\/www.oliocentrica.it\/de\/#\/schema\/logo\/image\/"},"sameAs":["https:\/\/www.facebook.com\/Oliocentrica","https:\/\/www.instagram.com\/oliocentrica"]}]}},"brands":[{"id":312,"name":"Oro di Rufolo","slug":"oro-di-rufolo"}],"_links":{"self":[{"href":"https:\/\/www.oliocentrica.it\/de\/wp-json\/wp\/v2\/product\/14898"}],"collection":[{"href":"https:\/\/www.oliocentrica.it\/de\/wp-json\/wp\/v2\/product"}],"about":[{"href":"https:\/\/www.oliocentrica.it\/de\/wp-json\/wp\/v2\/types\/product"}],"replies":[{"embeddable":true,"href":"https:\/\/www.oliocentrica.it\/de\/wp-json\/wp\/v2\/comments?post=14898"}],"wp:featuredmedia":[{"embeddable":true,"href":"https:\/\/www.oliocentrica.it\/de\/wp-json\/wp\/v2\/media\/16242"}],"wp:attachment":[{"href":"https:\/\/www.oliocentrica.it\/de\/wp-json\/wp\/v2\/media?parent=14898"}],"wp:term":[{"taxonomy":"pwb-brand","embeddable":true,"href":"https:\/\/www.oliocentrica.it\/de\/wp-json\/wp\/v2\/pwb-brand?post=14898"},{"taxonomy":"product_cat","embeddable":true,"href":"https:\/\/www.oliocentrica.it\/de\/wp-json\/wp\/v2\/product_cat?post=14898"},{"taxonomy":"product_tag","embeddable":true,"href":"https:\/\/www.oliocentrica.it\/de\/wp-json\/wp\/v2\/product_tag?post=14898"}],"curies":[{"name":"wp","href":"https:\/\/api.w.org\/{rel}","templated":true}]}}