{"id":14897,"date":"2021-04-10T12:49:07","date_gmt":"2021-04-10T10:49:07","guid":{"rendered":"https:\/\/www.oliocentrica.it\/shop\/ogliarola\/"},"modified":"2024-02-03T17:04:33","modified_gmt":"2024-02-03T16:04:33","slug":"ogliarola","status":"publish","type":"product","link":"https:\/\/www.oliocentrica.it\/de\/shop\/ogliarola\/","title":{"rendered":"Ogliarola"},"content":{"rendered":"<p><strong><em>Mittelfruchtig<\/em><\/strong><\/p>\n<p><strong>Duft:<\/strong> vorherrschender Duft von frischen Mandeln und gr\u00fcnem Apfel mit leichten Empfindungen von Artischocke<\/p>\n<p><strong>Geschmack:<\/strong> unmerkliche Bitterkeit, leicht und anhaltend w\u00fcrzig<\/p>\n<p><strong>Probieren Sie ihn zu\u2026<\/strong> Gerichten auf Fischbasis, hellem Fleisch und frischen Salaten<\/p>\n<p><strong>Geografisches Gebiet und Territorium:<\/strong> Giovinazzo, Bari, Apulien &#8211; Fruchtbares Land und jahrhundertealte Olivenb\u00e4ume<\/p>\n<p><strong>Olivenkampagne:<\/strong> 2023\/2024<\/p>\n<p><strong>Gr\u00f6\u00dfen:<\/strong> 0,50L<\/p>\n<p><strong>Sortenrein aus Olivensorten:<\/strong> Ogliarola Barese<\/p>\n<p><strong>Produktionsmethode:<\/strong> moderne Extraktionstechniken, kontinuierlicher \/ kalter Zyklus<\/p>\n<p><strong>Konservierungsmethode:<\/strong> kontrollierte Temperaturen<\/p>\n<p>_______________________________________<\/p>\n<p><em>Danksagungen<\/em><\/p>\n<p><strong>2 rote Bl\u00e4tter Oli Gambero Rosso 2021<\/strong><\/p>\n<p><strong>Gro\u00dfartiger Leitfaden f\u00fcr natives Oliven\u00f6l extra 2020 Slow Food<\/strong><\/p>\n<p>_______________________________________<\/p>\n<p><em>Weitere Informationen gelten f\u00fcr alle unsere nativen Oliven\u00f6le extra<\/em><\/p>\n<p><strong>Zutaten<\/strong>: 100 % italienische Oliven, im richtigen Reifegrad geerntet und in Italien mit mechanischen Verfahren gepresst<br \/>\n<strong>Lagerung<\/strong>: fern von Licht, W\u00e4rmequellen, schlechten Ger\u00fcchen und in hermetisch verschlossenen Flaschen. Denken Sie daran, dass natives Oliven\u00f6l extra der Feind von Licht, Hitze und Luft ist<br \/>\n<strong>Frist:<\/strong> innerhalb von 18 Monaten ab dem Datum der Abf\u00fcllung (Frist, innerhalb derer Sie von den N\u00e4hrwerten des nativen Oliven\u00f6ls extra profitieren k\u00f6nnen)<br \/>\n<strong>Verwendung:<\/strong> t\u00e4glich roh oder zum kurzen Garen bei moderaten Temperaturen<\/p>\n","protected":false},"excerpt":{"rendered":"<p><strong><em>Mittelfruchtig<\/em><\/strong><\/p>\n<p>Die fruchtigen Noten von Ogliarola Barese sind intensiv und anhaltend, variieren von gelben Fr\u00fcchten bis zu gr\u00fcnem Apfel und \u00fcberraschen den Gaumen mit einer leichten W\u00fcrze und einem Gem\u00fcse aus frischen Mandeln und Artischocken.<\/p>\n<p>Diese Olivensorte ist auch unter den Namen \u201eCima di Bitonto\u201c und \u201ePaesana\u201c bekannt, aber Oro di Rufolo nennt sie einfach \u201eOgliarola\u201c, weil ihre Urspr\u00fcnge deutlich im organoleptischen Profil des resultierenden nativen Oliven\u00f6ls eingepr\u00e4gt sind.<\/p>\n<p>Perfekt f\u00fcr jede Zubereitung, verwenden Sie das native Oliven\u00f6l extra &#8222;Ogliarola&#8220; f\u00fcr frische Salate und rohen Fisch oder als originelles Topping f\u00fcr Eiscreme.<\/p>\n<p><strong>Olivenkampagne: 2023\/2024<\/strong><\/p>\n","protected":false},"featured_media":13586,"comment_status":"closed","ping_status":"closed","template":"","meta":[],"pwb-brand":[312],"product_cat":[252],"product_tag":[],"acf":[],"yoast_head":"<!-- This site is optimized with the Yoast SEO plugin v24.5 - https:\/\/yoast.com\/wordpress\/plugins\/seo\/ -->\n<title>Ogliarola - Oliocentrica<\/title>\n<meta name=\"robots\" content=\"index, follow, max-snippet:-1, max-image-preview:large, max-video-preview:-1\" \/>\n<link rel=\"canonical\" href=\"https:\/\/www.oliocentrica.it\/de\/shop\/ogliarola\/\" \/>\n<meta property=\"og:locale\" content=\"de_DE\" \/>\n<meta property=\"og:type\" content=\"article\" \/>\n<meta property=\"og:title\" content=\"Ogliarola - Oliocentrica\" \/>\n<meta property=\"og:description\" content=\"Mittelfruchtig  Die fruchtigen Noten von Ogliarola Barese sind intensiv und anhaltend, variieren von gelben Fr\u00fcchten bis zu gr\u00fcnem Apfel und \u00fcberraschen den Gaumen mit einer leichten W\u00fcrze und einem Gem\u00fcse aus frischen Mandeln und Artischocken.  Diese Olivensorte ist auch unter den Namen \u201eCima di Bitonto\u201c und \u201ePaesana\u201c bekannt, aber Oro di Rufolo nennt sie einfach \u201eOgliarola\u201c, weil ihre Urspr\u00fcnge deutlich im organoleptischen Profil des resultierenden nativen Oliven\u00f6ls eingepr\u00e4gt sind.  Perfekt f\u00fcr jede Zubereitung, verwenden Sie das native Oliven\u00f6l extra &quot;Ogliarola&quot; f\u00fcr frische Salate und rohen Fisch oder als originelles Topping f\u00fcr Eiscreme.  Olivenkampagne: 2023\/2024\" \/>\n<meta property=\"og:url\" content=\"https:\/\/www.oliocentrica.it\/de\/shop\/ogliarola\/\" \/>\n<meta property=\"og:site_name\" content=\"Oliocentrica\" \/>\n<meta property=\"article:publisher\" content=\"https:\/\/www.facebook.com\/Oliocentrica\" \/>\n<meta property=\"article:modified_time\" content=\"2024-02-03T16:04:33+00:00\" \/>\n<meta property=\"og:image\" content=\"https:\/\/www.oliocentrica.it\/wp-content\/uploads\/2021\/04\/oliocentrica-ogliarola.jpg\" \/>\n\t<meta property=\"og:image:width\" content=\"800\" \/>\n\t<meta property=\"og:image:height\" content=\"800\" \/>\n\t<meta property=\"og:image:type\" content=\"image\/jpeg\" \/>\n<meta name=\"twitter:card\" content=\"summary_large_image\" \/>\n<meta name=\"twitter:label1\" content=\"Gesch\u00e4tzte Lesezeit\" \/>\n\t<meta name=\"twitter:data1\" content=\"1\u00a0Minute\" \/>\n<script type=\"application\/ld+json\" class=\"yoast-schema-graph\">{\"@context\":\"https:\/\/schema.org\",\"@graph\":[{\"@type\":\"WebPage\",\"@id\":\"https:\/\/www.oliocentrica.it\/de\/shop\/ogliarola\/\",\"url\":\"https:\/\/www.oliocentrica.it\/de\/shop\/ogliarola\/\",\"name\":\"Ogliarola - Oliocentrica\",\"isPartOf\":{\"@id\":\"https:\/\/www.oliocentrica.it\/de\/#website\"},\"primaryImageOfPage\":{\"@id\":\"https:\/\/www.oliocentrica.it\/de\/shop\/ogliarola\/#primaryimage\"},\"image\":{\"@id\":\"https:\/\/www.oliocentrica.it\/de\/shop\/ogliarola\/#primaryimage\"},\"thumbnailUrl\":\"https:\/\/www.oliocentrica.it\/wp-content\/uploads\/2021\/04\/oliocentrica-ogliarola.jpg\",\"datePublished\":\"2021-04-10T10:49:07+00:00\",\"dateModified\":\"2024-02-03T16:04:33+00:00\",\"breadcrumb\":{\"@id\":\"https:\/\/www.oliocentrica.it\/de\/shop\/ogliarola\/#breadcrumb\"},\"inLanguage\":\"de\",\"potentialAction\":[{\"@type\":\"ReadAction\",\"target\":[\"https:\/\/www.oliocentrica.it\/de\/shop\/ogliarola\/\"]}]},{\"@type\":\"ImageObject\",\"inLanguage\":\"de\",\"@id\":\"https:\/\/www.oliocentrica.it\/de\/shop\/ogliarola\/#primaryimage\",\"url\":\"https:\/\/www.oliocentrica.it\/wp-content\/uploads\/2021\/04\/oliocentrica-ogliarola.jpg\",\"contentUrl\":\"https:\/\/www.oliocentrica.it\/wp-content\/uploads\/2021\/04\/oliocentrica-ogliarola.jpg\",\"width\":800,\"height\":800},{\"@type\":\"BreadcrumbList\",\"@id\":\"https:\/\/www.oliocentrica.it\/de\/shop\/ogliarola\/#breadcrumb\",\"itemListElement\":[{\"@type\":\"ListItem\",\"position\":1,\"name\":\"Home\",\"item\":\"https:\/\/www.oliocentrica.it\/de\/\"},{\"@type\":\"ListItem\",\"position\":2,\"name\":\"Shop\",\"item\":\"https:\/\/www.oliocentrica.it\/de\/shop\/\"},{\"@type\":\"ListItem\",\"position\":3,\"name\":\"Ogliarola\"}]},{\"@type\":\"WebSite\",\"@id\":\"https:\/\/www.oliocentrica.it\/de\/#website\",\"url\":\"https:\/\/www.oliocentrica.it\/de\/\",\"name\":\"Oliocentrica\",\"description\":\"il filo d\u2019olio tra cibo e salute\",\"publisher\":{\"@id\":\"https:\/\/www.oliocentrica.it\/de\/#organization\"},\"potentialAction\":[{\"@type\":\"SearchAction\",\"target\":{\"@type\":\"EntryPoint\",\"urlTemplate\":\"https:\/\/www.oliocentrica.it\/de\/?s={search_term_string}\"},\"query-input\":{\"@type\":\"PropertyValueSpecification\",\"valueRequired\":true,\"valueName\":\"search_term_string\"}}],\"inLanguage\":\"de\"},{\"@type\":\"Organization\",\"@id\":\"https:\/\/www.oliocentrica.it\/de\/#organization\",\"name\":\"Oliocentrica Srls\",\"url\":\"https:\/\/www.oliocentrica.it\/de\/\",\"logo\":{\"@type\":\"ImageObject\",\"inLanguage\":\"de\",\"@id\":\"https:\/\/www.oliocentrica.it\/de\/#\/schema\/logo\/image\/\",\"url\":\"https:\/\/www.oliocentrica.it\/wp-content\/uploads\/2021\/05\/logo_oliocentrica-1.png\",\"contentUrl\":\"https:\/\/www.oliocentrica.it\/wp-content\/uploads\/2021\/05\/logo_oliocentrica-1.png\",\"width\":250,\"height\":81,\"caption\":\"Oliocentrica Srls\"},\"image\":{\"@id\":\"https:\/\/www.oliocentrica.it\/de\/#\/schema\/logo\/image\/\"},\"sameAs\":[\"https:\/\/www.facebook.com\/Oliocentrica\",\"https:\/\/www.instagram.com\/oliocentrica\"]}]}<\/script>\n<!-- \/ Yoast SEO plugin. -->","yoast_head_json":{"title":"Ogliarola - Oliocentrica","robots":{"index":"index","follow":"follow","max-snippet":"max-snippet:-1","max-image-preview":"max-image-preview:large","max-video-preview":"max-video-preview:-1"},"canonical":"https:\/\/www.oliocentrica.it\/de\/shop\/ogliarola\/","og_locale":"de_DE","og_type":"article","og_title":"Ogliarola - Oliocentrica","og_description":"Mittelfruchtig  Die fruchtigen Noten von Ogliarola Barese sind intensiv und anhaltend, variieren von gelben Fr\u00fcchten bis zu gr\u00fcnem Apfel und \u00fcberraschen den Gaumen mit einer leichten W\u00fcrze und einem Gem\u00fcse aus frischen Mandeln und Artischocken.  Diese Olivensorte ist auch unter den Namen \u201eCima di Bitonto\u201c und \u201ePaesana\u201c bekannt, aber Oro di Rufolo nennt sie einfach \u201eOgliarola\u201c, weil ihre Urspr\u00fcnge deutlich im organoleptischen Profil des resultierenden nativen Oliven\u00f6ls eingepr\u00e4gt sind.  Perfekt f\u00fcr jede Zubereitung, verwenden Sie das native Oliven\u00f6l extra \"Ogliarola\" f\u00fcr frische Salate und rohen Fisch oder als originelles Topping f\u00fcr Eiscreme.  Olivenkampagne: 2023\/2024","og_url":"https:\/\/www.oliocentrica.it\/de\/shop\/ogliarola\/","og_site_name":"Oliocentrica","article_publisher":"https:\/\/www.facebook.com\/Oliocentrica","article_modified_time":"2024-02-03T16:04:33+00:00","og_image":[{"width":800,"height":800,"url":"https:\/\/www.oliocentrica.it\/wp-content\/uploads\/2021\/04\/oliocentrica-ogliarola.jpg","type":"image\/jpeg"}],"twitter_card":"summary_large_image","twitter_misc":{"Gesch\u00e4tzte Lesezeit":"1\u00a0Minute"},"schema":{"@context":"https:\/\/schema.org","@graph":[{"@type":"WebPage","@id":"https:\/\/www.oliocentrica.it\/de\/shop\/ogliarola\/","url":"https:\/\/www.oliocentrica.it\/de\/shop\/ogliarola\/","name":"Ogliarola - Oliocentrica","isPartOf":{"@id":"https:\/\/www.oliocentrica.it\/de\/#website"},"primaryImageOfPage":{"@id":"https:\/\/www.oliocentrica.it\/de\/shop\/ogliarola\/#primaryimage"},"image":{"@id":"https:\/\/www.oliocentrica.it\/de\/shop\/ogliarola\/#primaryimage"},"thumbnailUrl":"https:\/\/www.oliocentrica.it\/wp-content\/uploads\/2021\/04\/oliocentrica-ogliarola.jpg","datePublished":"2021-04-10T10:49:07+00:00","dateModified":"2024-02-03T16:04:33+00:00","breadcrumb":{"@id":"https:\/\/www.oliocentrica.it\/de\/shop\/ogliarola\/#breadcrumb"},"inLanguage":"de","potentialAction":[{"@type":"ReadAction","target":["https:\/\/www.oliocentrica.it\/de\/shop\/ogliarola\/"]}]},{"@type":"ImageObject","inLanguage":"de","@id":"https:\/\/www.oliocentrica.it\/de\/shop\/ogliarola\/#primaryimage","url":"https:\/\/www.oliocentrica.it\/wp-content\/uploads\/2021\/04\/oliocentrica-ogliarola.jpg","contentUrl":"https:\/\/www.oliocentrica.it\/wp-content\/uploads\/2021\/04\/oliocentrica-ogliarola.jpg","width":800,"height":800},{"@type":"BreadcrumbList","@id":"https:\/\/www.oliocentrica.it\/de\/shop\/ogliarola\/#breadcrumb","itemListElement":[{"@type":"ListItem","position":1,"name":"Home","item":"https:\/\/www.oliocentrica.it\/de\/"},{"@type":"ListItem","position":2,"name":"Shop","item":"https:\/\/www.oliocentrica.it\/de\/shop\/"},{"@type":"ListItem","position":3,"name":"Ogliarola"}]},{"@type":"WebSite","@id":"https:\/\/www.oliocentrica.it\/de\/#website","url":"https:\/\/www.oliocentrica.it\/de\/","name":"Oliocentrica","description":"il filo d\u2019olio tra cibo e salute","publisher":{"@id":"https:\/\/www.oliocentrica.it\/de\/#organization"},"potentialAction":[{"@type":"SearchAction","target":{"@type":"EntryPoint","urlTemplate":"https:\/\/www.oliocentrica.it\/de\/?s={search_term_string}"},"query-input":{"@type":"PropertyValueSpecification","valueRequired":true,"valueName":"search_term_string"}}],"inLanguage":"de"},{"@type":"Organization","@id":"https:\/\/www.oliocentrica.it\/de\/#organization","name":"Oliocentrica Srls","url":"https:\/\/www.oliocentrica.it\/de\/","logo":{"@type":"ImageObject","inLanguage":"de","@id":"https:\/\/www.oliocentrica.it\/de\/#\/schema\/logo\/image\/","url":"https:\/\/www.oliocentrica.it\/wp-content\/uploads\/2021\/05\/logo_oliocentrica-1.png","contentUrl":"https:\/\/www.oliocentrica.it\/wp-content\/uploads\/2021\/05\/logo_oliocentrica-1.png","width":250,"height":81,"caption":"Oliocentrica Srls"},"image":{"@id":"https:\/\/www.oliocentrica.it\/de\/#\/schema\/logo\/image\/"},"sameAs":["https:\/\/www.facebook.com\/Oliocentrica","https:\/\/www.instagram.com\/oliocentrica"]}]}},"brands":[{"id":312,"name":"Oro di Rufolo","slug":"oro-di-rufolo"}],"_links":{"self":[{"href":"https:\/\/www.oliocentrica.it\/de\/wp-json\/wp\/v2\/product\/14897"}],"collection":[{"href":"https:\/\/www.oliocentrica.it\/de\/wp-json\/wp\/v2\/product"}],"about":[{"href":"https:\/\/www.oliocentrica.it\/de\/wp-json\/wp\/v2\/types\/product"}],"replies":[{"embeddable":true,"href":"https:\/\/www.oliocentrica.it\/de\/wp-json\/wp\/v2\/comments?post=14897"}],"wp:featuredmedia":[{"embeddable":true,"href":"https:\/\/www.oliocentrica.it\/de\/wp-json\/wp\/v2\/media\/13586"}],"wp:attachment":[{"href":"https:\/\/www.oliocentrica.it\/de\/wp-json\/wp\/v2\/media?parent=14897"}],"wp:term":[{"taxonomy":"pwb-brand","embeddable":true,"href":"https:\/\/www.oliocentrica.it\/de\/wp-json\/wp\/v2\/pwb-brand?post=14897"},{"taxonomy":"product_cat","embeddable":true,"href":"https:\/\/www.oliocentrica.it\/de\/wp-json\/wp\/v2\/product_cat?post=14897"},{"taxonomy":"product_tag","embeddable":true,"href":"https:\/\/www.oliocentrica.it\/de\/wp-json\/wp\/v2\/product_tag?post=14897"}],"curies":[{"name":"wp","href":"https:\/\/api.w.org\/{rel}","templated":true}]}}