{"id":14893,"date":"2021-04-12T15:35:47","date_gmt":"2021-04-12T13:35:47","guid":{"rendered":"https:\/\/www.oliocentrica.it\/shop\/intosso\/"},"modified":"2024-06-12T17:58:11","modified_gmt":"2024-06-12T15:58:11","slug":"intosso","status":"publish","type":"product","link":"https:\/\/www.oliocentrica.it\/de\/shop\/intosso\/","title":{"rendered":"Intosso"},"content":{"rendered":"<p><strong><em>Intensiv fruchtig<\/em><\/strong><\/p>\n<p><strong>Duft<\/strong>: vorherrschende Noten von Gras, Artischocke und frischer Mandel mit einem Hauch von Tomate<\/p>\n<p><strong>Geschmack<\/strong>: bitter und w\u00fcrzig, entschieden und ausgewogen<\/p>\n<p><strong>Probieren Sie es mit\u2026<\/strong> gekochtem Gem\u00fcse mit starkem Geschmack, rohem Fleisch auf komplexen Gerichten<\/p>\n<p><strong>Geografisches Gebiet und Territorium<\/strong>: Abruzzen, Pineto (Teramo)<\/p>\n<p><strong>Olivenkampagne<\/strong>: 2023\/2024<\/p>\n<p><strong>Gr\u00f6\u00dfen<\/strong>: 0,50L<\/p>\n<p><strong>Sortenreine Olive<\/strong>: Intosso<\/p>\n<p><strong>Produktionsmethode<\/strong>: moderne Extraktionstechniken, kontinuierlicher \/ kalter Zyklus<\/p>\n<p><strong>Konservierungsmethode<\/strong>: kontrollierte Temperaturen<\/p>\n<p>_______________________________________<\/p>\n<p><em>Danksagungen<\/em><\/p>\n<p><strong>5 Tropfen Bibenda 2021 Italienische Sommelier-Stiftung<\/strong><\/p>\n<p>_______________________________________<\/p>\n<p><em>Weitere Informationen gelten f\u00fcr alle unsere nativen Oliven\u00f6le extra<\/em><\/p>\n<p><strong>Zutaten<\/strong>: 100 % italienische Oliven, im richtigen Reifegrad geerntet und in Italien mit mechanischen Verfahren gepresst<br \/>\n<strong>Lagerung<\/strong>: fern von Licht, W\u00e4rmequellen, schlechten Ger\u00fcchen und in hermetisch verschlossenen Flaschen. Denken Sie daran, dass natives Oliven\u00f6l extra der Feind von Licht, Hitze und Luft ist<br \/>\n<strong>Frist<\/strong>: innerhalb von 18 Monaten ab dem Datum der Abf\u00fcllung (Frist, innerhalb derer Sie von den N\u00e4hrwerten des nativen Oliven\u00f6ls extra profitieren k\u00f6nnen)<br \/>\n<strong>Verwendung<\/strong>: t\u00e4glich roh oder zum kurzen Garen bei moderaten Temperaturen<\/p>\n","protected":false},"excerpt":{"rendered":"<p><strong><em>Intensiv fruchtig<\/em><\/strong><\/p>\n<p>Abruzzen so stark und sanft wie Antonello Garras Intosso.<\/p>\n<p>Antonellos Deb\u00fct in der Produktion von nativem Oliven\u00f6l extra geht auf das Jahr 2015 zur\u00fcck, mit diesem reinsortigen Oliven\u00f6l, das perfekt den Geist widerspiegelt, der im Laufe der Jahre von seiner Familie weitergegeben wurde.<\/p>\n<p>Spontan die Kombination mit traditionellen Gerichten der Abruzzen wie zum Beispiel \u201eLe Virt\u00f9\u201c, ein uraltes Gericht aus der Provinz Teramo, verbunden mit dem Gedanken, aus der Not eine Tugend zu machen, oder die Kunst, Reste zu verarbeiten und sich mit Vorhandenem zu begn\u00fcgen die K\u00fcche. Eine Br\u00fche in verschiedenen Formen, gekocht im Kupferkessel der Abruzzen, mit getrockneten H\u00fclsenfr\u00fcchten (Kichererbsen, Bohnen, Linsen), frischen (Erbsen, Saubohnen), saisonalem Gem\u00fcse, Fleisch (insbesondere Schweinefleisch) und abschlie\u00dfenden aromatischen Kr\u00e4utern.<\/p>\n<p>Guten Appetit!<\/p>\n<p><strong>Olivenkampagne: 2023\/2024<\/strong><\/p>\n","protected":false},"featured_media":13592,"comment_status":"closed","ping_status":"closed","template":"","meta":[],"pwb-brand":[297],"product_cat":[252],"product_tag":[],"acf":[],"yoast_head":"<!-- This site is optimized with the Yoast SEO plugin v24.5 - https:\/\/yoast.com\/wordpress\/plugins\/seo\/ -->\n<title>Intosso - Oliocentrica<\/title>\n<meta name=\"robots\" content=\"index, follow, max-snippet:-1, max-image-preview:large, max-video-preview:-1\" \/>\n<link rel=\"canonical\" href=\"https:\/\/www.oliocentrica.it\/de\/shop\/intosso\/\" \/>\n<meta property=\"og:locale\" content=\"de_DE\" \/>\n<meta property=\"og:type\" content=\"article\" \/>\n<meta property=\"og:title\" content=\"Intosso - Oliocentrica\" \/>\n<meta property=\"og:description\" content=\"Intensiv fruchtig  Abruzzen so stark und sanft wie Antonello Garras Intosso.  Antonellos Deb\u00fct in der Produktion von nativem Oliven\u00f6l extra geht auf das Jahr 2015 zur\u00fcck, mit diesem reinsortigen Oliven\u00f6l, das perfekt den Geist widerspiegelt, der im Laufe der Jahre von seiner Familie weitergegeben wurde.  Spontan die Kombination mit traditionellen Gerichten der Abruzzen wie zum Beispiel \u201eLe Virt\u00f9\u201c, ein uraltes Gericht aus der Provinz Teramo, verbunden mit dem Gedanken, aus der Not eine Tugend zu machen, oder die Kunst, Reste zu verarbeiten und sich mit Vorhandenem zu begn\u00fcgen die K\u00fcche. Eine Br\u00fche in verschiedenen Formen, gekocht im Kupferkessel der Abruzzen, mit getrockneten H\u00fclsenfr\u00fcchten (Kichererbsen, Bohnen, Linsen), frischen (Erbsen, Saubohnen), saisonalem Gem\u00fcse, Fleisch (insbesondere Schweinefleisch) und abschlie\u00dfenden aromatischen Kr\u00e4utern.  Guten Appetit!  Olivenkampagne: 2023\/2024\" \/>\n<meta property=\"og:url\" content=\"https:\/\/www.oliocentrica.it\/de\/shop\/intosso\/\" \/>\n<meta property=\"og:site_name\" content=\"Oliocentrica\" \/>\n<meta property=\"article:publisher\" content=\"https:\/\/www.facebook.com\/Oliocentrica\" \/>\n<meta property=\"article:modified_time\" content=\"2024-06-12T15:58:11+00:00\" \/>\n<meta property=\"og:image\" content=\"https:\/\/www.oliocentrica.it\/wp-content\/uploads\/2021\/04\/oliocentrica-intosso.jpg\" \/>\n\t<meta property=\"og:image:width\" content=\"800\" \/>\n\t<meta property=\"og:image:height\" content=\"800\" \/>\n\t<meta property=\"og:image:type\" content=\"image\/jpeg\" \/>\n<meta name=\"twitter:card\" content=\"summary_large_image\" \/>\n<meta name=\"twitter:label1\" content=\"Gesch\u00e4tzte Lesezeit\" \/>\n\t<meta name=\"twitter:data1\" content=\"1\u00a0Minute\" \/>\n<script type=\"application\/ld+json\" class=\"yoast-schema-graph\">{\"@context\":\"https:\/\/schema.org\",\"@graph\":[{\"@type\":\"WebPage\",\"@id\":\"https:\/\/www.oliocentrica.it\/de\/shop\/intosso\/\",\"url\":\"https:\/\/www.oliocentrica.it\/de\/shop\/intosso\/\",\"name\":\"Intosso - Oliocentrica\",\"isPartOf\":{\"@id\":\"https:\/\/www.oliocentrica.it\/de\/#website\"},\"primaryImageOfPage\":{\"@id\":\"https:\/\/www.oliocentrica.it\/de\/shop\/intosso\/#primaryimage\"},\"image\":{\"@id\":\"https:\/\/www.oliocentrica.it\/de\/shop\/intosso\/#primaryimage\"},\"thumbnailUrl\":\"https:\/\/www.oliocentrica.it\/wp-content\/uploads\/2021\/04\/oliocentrica-intosso.jpg\",\"datePublished\":\"2021-04-12T13:35:47+00:00\",\"dateModified\":\"2024-06-12T15:58:11+00:00\",\"breadcrumb\":{\"@id\":\"https:\/\/www.oliocentrica.it\/de\/shop\/intosso\/#breadcrumb\"},\"inLanguage\":\"de\",\"potentialAction\":[{\"@type\":\"ReadAction\",\"target\":[\"https:\/\/www.oliocentrica.it\/de\/shop\/intosso\/\"]}]},{\"@type\":\"ImageObject\",\"inLanguage\":\"de\",\"@id\":\"https:\/\/www.oliocentrica.it\/de\/shop\/intosso\/#primaryimage\",\"url\":\"https:\/\/www.oliocentrica.it\/wp-content\/uploads\/2021\/04\/oliocentrica-intosso.jpg\",\"contentUrl\":\"https:\/\/www.oliocentrica.it\/wp-content\/uploads\/2021\/04\/oliocentrica-intosso.jpg\",\"width\":800,\"height\":800},{\"@type\":\"BreadcrumbList\",\"@id\":\"https:\/\/www.oliocentrica.it\/de\/shop\/intosso\/#breadcrumb\",\"itemListElement\":[{\"@type\":\"ListItem\",\"position\":1,\"name\":\"Home\",\"item\":\"https:\/\/www.oliocentrica.it\/de\/\"},{\"@type\":\"ListItem\",\"position\":2,\"name\":\"Shop\",\"item\":\"https:\/\/www.oliocentrica.it\/de\/shop\/\"},{\"@type\":\"ListItem\",\"position\":3,\"name\":\"Intosso\"}]},{\"@type\":\"WebSite\",\"@id\":\"https:\/\/www.oliocentrica.it\/de\/#website\",\"url\":\"https:\/\/www.oliocentrica.it\/de\/\",\"name\":\"Oliocentrica\",\"description\":\"il filo d\u2019olio tra cibo e salute\",\"publisher\":{\"@id\":\"https:\/\/www.oliocentrica.it\/de\/#organization\"},\"potentialAction\":[{\"@type\":\"SearchAction\",\"target\":{\"@type\":\"EntryPoint\",\"urlTemplate\":\"https:\/\/www.oliocentrica.it\/de\/?s={search_term_string}\"},\"query-input\":{\"@type\":\"PropertyValueSpecification\",\"valueRequired\":true,\"valueName\":\"search_term_string\"}}],\"inLanguage\":\"de\"},{\"@type\":\"Organization\",\"@id\":\"https:\/\/www.oliocentrica.it\/de\/#organization\",\"name\":\"Oliocentrica Srls\",\"url\":\"https:\/\/www.oliocentrica.it\/de\/\",\"logo\":{\"@type\":\"ImageObject\",\"inLanguage\":\"de\",\"@id\":\"https:\/\/www.oliocentrica.it\/de\/#\/schema\/logo\/image\/\",\"url\":\"https:\/\/www.oliocentrica.it\/wp-content\/uploads\/2021\/05\/logo_oliocentrica-1.png\",\"contentUrl\":\"https:\/\/www.oliocentrica.it\/wp-content\/uploads\/2021\/05\/logo_oliocentrica-1.png\",\"width\":250,\"height\":81,\"caption\":\"Oliocentrica Srls\"},\"image\":{\"@id\":\"https:\/\/www.oliocentrica.it\/de\/#\/schema\/logo\/image\/\"},\"sameAs\":[\"https:\/\/www.facebook.com\/Oliocentrica\",\"https:\/\/www.instagram.com\/oliocentrica\"]}]}<\/script>\n<!-- \/ Yoast SEO plugin. -->","yoast_head_json":{"title":"Intosso - Oliocentrica","robots":{"index":"index","follow":"follow","max-snippet":"max-snippet:-1","max-image-preview":"max-image-preview:large","max-video-preview":"max-video-preview:-1"},"canonical":"https:\/\/www.oliocentrica.it\/de\/shop\/intosso\/","og_locale":"de_DE","og_type":"article","og_title":"Intosso - Oliocentrica","og_description":"Intensiv fruchtig  Abruzzen so stark und sanft wie Antonello Garras Intosso.  Antonellos Deb\u00fct in der Produktion von nativem Oliven\u00f6l extra geht auf das Jahr 2015 zur\u00fcck, mit diesem reinsortigen Oliven\u00f6l, das perfekt den Geist widerspiegelt, der im Laufe der Jahre von seiner Familie weitergegeben wurde.  Spontan die Kombination mit traditionellen Gerichten der Abruzzen wie zum Beispiel \u201eLe Virt\u00f9\u201c, ein uraltes Gericht aus der Provinz Teramo, verbunden mit dem Gedanken, aus der Not eine Tugend zu machen, oder die Kunst, Reste zu verarbeiten und sich mit Vorhandenem zu begn\u00fcgen die K\u00fcche. Eine Br\u00fche in verschiedenen Formen, gekocht im Kupferkessel der Abruzzen, mit getrockneten H\u00fclsenfr\u00fcchten (Kichererbsen, Bohnen, Linsen), frischen (Erbsen, Saubohnen), saisonalem Gem\u00fcse, Fleisch (insbesondere Schweinefleisch) und abschlie\u00dfenden aromatischen Kr\u00e4utern.  Guten Appetit!  Olivenkampagne: 2023\/2024","og_url":"https:\/\/www.oliocentrica.it\/de\/shop\/intosso\/","og_site_name":"Oliocentrica","article_publisher":"https:\/\/www.facebook.com\/Oliocentrica","article_modified_time":"2024-06-12T15:58:11+00:00","og_image":[{"width":800,"height":800,"url":"https:\/\/www.oliocentrica.it\/wp-content\/uploads\/2021\/04\/oliocentrica-intosso.jpg","type":"image\/jpeg"}],"twitter_card":"summary_large_image","twitter_misc":{"Gesch\u00e4tzte Lesezeit":"1\u00a0Minute"},"schema":{"@context":"https:\/\/schema.org","@graph":[{"@type":"WebPage","@id":"https:\/\/www.oliocentrica.it\/de\/shop\/intosso\/","url":"https:\/\/www.oliocentrica.it\/de\/shop\/intosso\/","name":"Intosso - Oliocentrica","isPartOf":{"@id":"https:\/\/www.oliocentrica.it\/de\/#website"},"primaryImageOfPage":{"@id":"https:\/\/www.oliocentrica.it\/de\/shop\/intosso\/#primaryimage"},"image":{"@id":"https:\/\/www.oliocentrica.it\/de\/shop\/intosso\/#primaryimage"},"thumbnailUrl":"https:\/\/www.oliocentrica.it\/wp-content\/uploads\/2021\/04\/oliocentrica-intosso.jpg","datePublished":"2021-04-12T13:35:47+00:00","dateModified":"2024-06-12T15:58:11+00:00","breadcrumb":{"@id":"https:\/\/www.oliocentrica.it\/de\/shop\/intosso\/#breadcrumb"},"inLanguage":"de","potentialAction":[{"@type":"ReadAction","target":["https:\/\/www.oliocentrica.it\/de\/shop\/intosso\/"]}]},{"@type":"ImageObject","inLanguage":"de","@id":"https:\/\/www.oliocentrica.it\/de\/shop\/intosso\/#primaryimage","url":"https:\/\/www.oliocentrica.it\/wp-content\/uploads\/2021\/04\/oliocentrica-intosso.jpg","contentUrl":"https:\/\/www.oliocentrica.it\/wp-content\/uploads\/2021\/04\/oliocentrica-intosso.jpg","width":800,"height":800},{"@type":"BreadcrumbList","@id":"https:\/\/www.oliocentrica.it\/de\/shop\/intosso\/#breadcrumb","itemListElement":[{"@type":"ListItem","position":1,"name":"Home","item":"https:\/\/www.oliocentrica.it\/de\/"},{"@type":"ListItem","position":2,"name":"Shop","item":"https:\/\/www.oliocentrica.it\/de\/shop\/"},{"@type":"ListItem","position":3,"name":"Intosso"}]},{"@type":"WebSite","@id":"https:\/\/www.oliocentrica.it\/de\/#website","url":"https:\/\/www.oliocentrica.it\/de\/","name":"Oliocentrica","description":"il filo d\u2019olio tra cibo e salute","publisher":{"@id":"https:\/\/www.oliocentrica.it\/de\/#organization"},"potentialAction":[{"@type":"SearchAction","target":{"@type":"EntryPoint","urlTemplate":"https:\/\/www.oliocentrica.it\/de\/?s={search_term_string}"},"query-input":{"@type":"PropertyValueSpecification","valueRequired":true,"valueName":"search_term_string"}}],"inLanguage":"de"},{"@type":"Organization","@id":"https:\/\/www.oliocentrica.it\/de\/#organization","name":"Oliocentrica Srls","url":"https:\/\/www.oliocentrica.it\/de\/","logo":{"@type":"ImageObject","inLanguage":"de","@id":"https:\/\/www.oliocentrica.it\/de\/#\/schema\/logo\/image\/","url":"https:\/\/www.oliocentrica.it\/wp-content\/uploads\/2021\/05\/logo_oliocentrica-1.png","contentUrl":"https:\/\/www.oliocentrica.it\/wp-content\/uploads\/2021\/05\/logo_oliocentrica-1.png","width":250,"height":81,"caption":"Oliocentrica Srls"},"image":{"@id":"https:\/\/www.oliocentrica.it\/de\/#\/schema\/logo\/image\/"},"sameAs":["https:\/\/www.facebook.com\/Oliocentrica","https:\/\/www.instagram.com\/oliocentrica"]}]}},"brands":[{"id":297,"name":"Garra","slug":"garra"}],"_links":{"self":[{"href":"https:\/\/www.oliocentrica.it\/de\/wp-json\/wp\/v2\/product\/14893"}],"collection":[{"href":"https:\/\/www.oliocentrica.it\/de\/wp-json\/wp\/v2\/product"}],"about":[{"href":"https:\/\/www.oliocentrica.it\/de\/wp-json\/wp\/v2\/types\/product"}],"replies":[{"embeddable":true,"href":"https:\/\/www.oliocentrica.it\/de\/wp-json\/wp\/v2\/comments?post=14893"}],"wp:featuredmedia":[{"embeddable":true,"href":"https:\/\/www.oliocentrica.it\/de\/wp-json\/wp\/v2\/media\/13592"}],"wp:attachment":[{"href":"https:\/\/www.oliocentrica.it\/de\/wp-json\/wp\/v2\/media?parent=14893"}],"wp:term":[{"taxonomy":"pwb-brand","embeddable":true,"href":"https:\/\/www.oliocentrica.it\/de\/wp-json\/wp\/v2\/pwb-brand?post=14893"},{"taxonomy":"product_cat","embeddable":true,"href":"https:\/\/www.oliocentrica.it\/de\/wp-json\/wp\/v2\/product_cat?post=14893"},{"taxonomy":"product_tag","embeddable":true,"href":"https:\/\/www.oliocentrica.it\/de\/wp-json\/wp\/v2\/product_tag?post=14893"}],"curies":[{"name":"wp","href":"https:\/\/api.w.org\/{rel}","templated":true}]}}