{"id":14888,"date":"2021-04-14T11:33:41","date_gmt":"2021-04-14T09:33:41","guid":{"rendered":"https:\/\/www.oliocentrica.it\/shop\/itrana-monovarietale-bio\/"},"modified":"2023-11-02T18:22:45","modified_gmt":"2023-11-02T17:22:45","slug":"itrana-monovarietale-bio","status":"publish","type":"product","link":"https:\/\/www.oliocentrica.it\/de\/shop\/itrana-monovarietale-bio\/","title":{"rendered":"Itrana Monovarietale Bio"},"content":{"rendered":"<p><strong><em>Mittel\/intensiv fruchtig<\/em><\/strong><\/p>\n<p><strong>Duft<\/strong>: starker Hauch von Tomate und aromatischen Kr\u00e4utern, leichte Empfindungen von Artischocke und gr\u00fcnem Apfel<\/p>\n<p><strong>Geschmack<\/strong>: unmerklich bitter und w\u00fcrzig, elegant und anhaltend<\/p>\n<p><strong>Probieren Sie es mit\u2026<\/strong> B\u00fcffel-Caprese, Pappa al Pomodoro und gegrilltem Gem\u00fcse<\/p>\n<p><strong>Geografisches Gebiet und Territorium:<\/strong> Latium, Itri, Latina &#8211; Land in S\u00fcdlage mit Felsvorspr\u00fcngen<\/p>\n<p><strong>Olivenkampagne:<\/strong> 2023\/2024<\/p>\n<p><strong>Gr\u00f6\u00dfen:<\/strong> 0,50L<\/p>\n<p><strong>Sortenrein aus Oliven<\/strong>: Itrana<\/p>\n<p><strong>Produktionsmethode<\/strong>: moderne Extraktionstechniken, kontinuierlicher \/ kalter Zyklus<\/p>\n<p><strong>Konservierungsmethode<\/strong>: kontrollierte Temperaturen<\/p>\n<p><strong>Zertifizierungen<\/strong>: Bio<\/p>\n<p>_______________________________________<\/p>\n<p><em>Danksagungen<\/em><\/p>\n<p><strong>Slow-Food-Leitfaden<\/strong><\/p>\n<p>_______________________________________<\/p>\n<p><em>Weitere Informationen gelten f\u00fcr alle unsere nativen Oliven\u00f6le extra<\/em><\/p>\n<p><strong>Zutaten<\/strong>: 100 % italienische Oliven, im richtigen Reifegrad geerntet und in Italien mit mechanischen Verfahren gepresst<br \/>\n<strong>Lagerung<\/strong>: fern von Licht, W\u00e4rmequellen, schlechten Ger\u00fcchen und in hermetisch verschlossenen Flaschen. Denken Sie daran, dass natives Oliven\u00f6l extra der Feind von Licht, Hitze und Luft ist<br \/>\n<strong>Frist<\/strong>: innerhalb von 18 Monaten ab dem Datum der Abf\u00fcllung (Frist, innerhalb derer Sie von den N\u00e4hrwerten des nativen Oliven\u00f6ls extra profitieren k\u00f6nnen)<br \/>\n<strong>Verwendung<\/strong>: t\u00e4glich roh oder zum kurzen Garen bei moderaten Temperaturen<\/p>\n","protected":false},"excerpt":{"rendered":"<p><strong><em>Mittel\/intensiv fruchtig<\/em><\/strong><\/p>\n<p>Ein 100 % natives Oliven\u00f6l extra Masseria Raino, vom Olivenhain bis zur Abf\u00fcllung, eine Lieferkette, die mit dem Gebiet und der Sorte Itrana verbunden ist, die f\u00fcr ihre starke Tomatennote bekannt ist.<\/p>\n<p>Der jahrhundertealte Olivenhain, terrassiert und in einem Laubwald gelegen, wird mit einem zertifizierten Bio-System angebaut, eine weitere Garantie f\u00fcr Qualit\u00e4t und Integrit\u00e4t des Endprodukts, das den Gaumen der anspruchsvollsten Verbraucher zufrieden stellen kann.<\/p>\n<p><strong>Olivenkampagne: 2023\/2024<\/strong><\/p>\n<p><strong>Zertifizierungen: Biologisch<\/strong><\/p>\n","protected":false},"featured_media":13602,"comment_status":"closed","ping_status":"closed","template":"","meta":[],"pwb-brand":[305],"product_cat":[252],"product_tag":[],"acf":[],"yoast_head":"<!-- This site is optimized with the Yoast SEO plugin v24.5 - https:\/\/yoast.com\/wordpress\/plugins\/seo\/ -->\n<title>Itrana Monovarietale Bio - Oliocentrica<\/title>\n<meta name=\"robots\" content=\"index, follow, max-snippet:-1, max-image-preview:large, max-video-preview:-1\" \/>\n<link rel=\"canonical\" href=\"https:\/\/www.oliocentrica.it\/de\/shop\/itrana-monovarietale-bio\/\" \/>\n<meta property=\"og:locale\" content=\"de_DE\" \/>\n<meta property=\"og:type\" content=\"article\" \/>\n<meta property=\"og:title\" content=\"Itrana Monovarietale Bio - Oliocentrica\" \/>\n<meta property=\"og:description\" content=\"Mittel\/intensiv fruchtig  Ein 100 % natives Oliven\u00f6l extra Masseria Raino, vom Olivenhain bis zur Abf\u00fcllung, eine Lieferkette, die mit dem Gebiet und der Sorte Itrana verbunden ist, die f\u00fcr ihre starke Tomatennote bekannt ist.  Der jahrhundertealte Olivenhain, terrassiert und in einem Laubwald gelegen, wird mit einem zertifizierten Bio-System angebaut, eine weitere Garantie f\u00fcr Qualit\u00e4t und Integrit\u00e4t des Endprodukts, das den Gaumen der anspruchsvollsten Verbraucher zufrieden stellen kann.  Olivenkampagne: 2023\/2024  Zertifizierungen: Biologisch\" \/>\n<meta property=\"og:url\" content=\"https:\/\/www.oliocentrica.it\/de\/shop\/itrana-monovarietale-bio\/\" \/>\n<meta property=\"og:site_name\" content=\"Oliocentrica\" \/>\n<meta property=\"article:publisher\" content=\"https:\/\/www.facebook.com\/Oliocentrica\" \/>\n<meta property=\"article:modified_time\" content=\"2023-11-02T17:22:45+00:00\" \/>\n<meta property=\"og:image\" content=\"https:\/\/www.oliocentrica.it\/wp-content\/uploads\/2021\/04\/oliocentrica-itrana-monovarietale-bio.jpg\" \/>\n\t<meta property=\"og:image:width\" content=\"800\" \/>\n\t<meta property=\"og:image:height\" content=\"800\" \/>\n\t<meta property=\"og:image:type\" content=\"image\/jpeg\" \/>\n<meta name=\"twitter:card\" content=\"summary_large_image\" \/>\n<meta name=\"twitter:label1\" content=\"Gesch\u00e4tzte Lesezeit\" \/>\n\t<meta name=\"twitter:data1\" content=\"1\u00a0Minute\" \/>\n<script type=\"application\/ld+json\" class=\"yoast-schema-graph\">{\"@context\":\"https:\/\/schema.org\",\"@graph\":[{\"@type\":\"WebPage\",\"@id\":\"https:\/\/www.oliocentrica.it\/de\/shop\/itrana-monovarietale-bio\/\",\"url\":\"https:\/\/www.oliocentrica.it\/de\/shop\/itrana-monovarietale-bio\/\",\"name\":\"Itrana Monovarietale Bio - Oliocentrica\",\"isPartOf\":{\"@id\":\"https:\/\/www.oliocentrica.it\/de\/#website\"},\"primaryImageOfPage\":{\"@id\":\"https:\/\/www.oliocentrica.it\/de\/shop\/itrana-monovarietale-bio\/#primaryimage\"},\"image\":{\"@id\":\"https:\/\/www.oliocentrica.it\/de\/shop\/itrana-monovarietale-bio\/#primaryimage\"},\"thumbnailUrl\":\"https:\/\/www.oliocentrica.it\/wp-content\/uploads\/2021\/04\/oliocentrica-itrana-monovarietale-bio.jpg\",\"datePublished\":\"2021-04-14T09:33:41+00:00\",\"dateModified\":\"2023-11-02T17:22:45+00:00\",\"breadcrumb\":{\"@id\":\"https:\/\/www.oliocentrica.it\/de\/shop\/itrana-monovarietale-bio\/#breadcrumb\"},\"inLanguage\":\"de\",\"potentialAction\":[{\"@type\":\"ReadAction\",\"target\":[\"https:\/\/www.oliocentrica.it\/de\/shop\/itrana-monovarietale-bio\/\"]}]},{\"@type\":\"ImageObject\",\"inLanguage\":\"de\",\"@id\":\"https:\/\/www.oliocentrica.it\/de\/shop\/itrana-monovarietale-bio\/#primaryimage\",\"url\":\"https:\/\/www.oliocentrica.it\/wp-content\/uploads\/2021\/04\/oliocentrica-itrana-monovarietale-bio.jpg\",\"contentUrl\":\"https:\/\/www.oliocentrica.it\/wp-content\/uploads\/2021\/04\/oliocentrica-itrana-monovarietale-bio.jpg\",\"width\":800,\"height\":800},{\"@type\":\"BreadcrumbList\",\"@id\":\"https:\/\/www.oliocentrica.it\/de\/shop\/itrana-monovarietale-bio\/#breadcrumb\",\"itemListElement\":[{\"@type\":\"ListItem\",\"position\":1,\"name\":\"Home\",\"item\":\"https:\/\/www.oliocentrica.it\/de\/\"},{\"@type\":\"ListItem\",\"position\":2,\"name\":\"Shop\",\"item\":\"https:\/\/www.oliocentrica.it\/de\/shop\/\"},{\"@type\":\"ListItem\",\"position\":3,\"name\":\"Itrana Monovarietale Bio\"}]},{\"@type\":\"WebSite\",\"@id\":\"https:\/\/www.oliocentrica.it\/de\/#website\",\"url\":\"https:\/\/www.oliocentrica.it\/de\/\",\"name\":\"Oliocentrica\",\"description\":\"il filo d\u2019olio tra cibo e salute\",\"publisher\":{\"@id\":\"https:\/\/www.oliocentrica.it\/de\/#organization\"},\"potentialAction\":[{\"@type\":\"SearchAction\",\"target\":{\"@type\":\"EntryPoint\",\"urlTemplate\":\"https:\/\/www.oliocentrica.it\/de\/?s={search_term_string}\"},\"query-input\":{\"@type\":\"PropertyValueSpecification\",\"valueRequired\":true,\"valueName\":\"search_term_string\"}}],\"inLanguage\":\"de\"},{\"@type\":\"Organization\",\"@id\":\"https:\/\/www.oliocentrica.it\/de\/#organization\",\"name\":\"Oliocentrica Srls\",\"url\":\"https:\/\/www.oliocentrica.it\/de\/\",\"logo\":{\"@type\":\"ImageObject\",\"inLanguage\":\"de\",\"@id\":\"https:\/\/www.oliocentrica.it\/de\/#\/schema\/logo\/image\/\",\"url\":\"https:\/\/www.oliocentrica.it\/wp-content\/uploads\/2021\/05\/logo_oliocentrica-1.png\",\"contentUrl\":\"https:\/\/www.oliocentrica.it\/wp-content\/uploads\/2021\/05\/logo_oliocentrica-1.png\",\"width\":250,\"height\":81,\"caption\":\"Oliocentrica Srls\"},\"image\":{\"@id\":\"https:\/\/www.oliocentrica.it\/de\/#\/schema\/logo\/image\/\"},\"sameAs\":[\"https:\/\/www.facebook.com\/Oliocentrica\",\"https:\/\/www.instagram.com\/oliocentrica\"]}]}<\/script>\n<!-- \/ Yoast SEO plugin. -->","yoast_head_json":{"title":"Itrana Monovarietale Bio - Oliocentrica","robots":{"index":"index","follow":"follow","max-snippet":"max-snippet:-1","max-image-preview":"max-image-preview:large","max-video-preview":"max-video-preview:-1"},"canonical":"https:\/\/www.oliocentrica.it\/de\/shop\/itrana-monovarietale-bio\/","og_locale":"de_DE","og_type":"article","og_title":"Itrana Monovarietale Bio - Oliocentrica","og_description":"Mittel\/intensiv fruchtig  Ein 100 % natives Oliven\u00f6l extra Masseria Raino, vom Olivenhain bis zur Abf\u00fcllung, eine Lieferkette, die mit dem Gebiet und der Sorte Itrana verbunden ist, die f\u00fcr ihre starke Tomatennote bekannt ist.  Der jahrhundertealte Olivenhain, terrassiert und in einem Laubwald gelegen, wird mit einem zertifizierten Bio-System angebaut, eine weitere Garantie f\u00fcr Qualit\u00e4t und Integrit\u00e4t des Endprodukts, das den Gaumen der anspruchsvollsten Verbraucher zufrieden stellen kann.  Olivenkampagne: 2023\/2024  Zertifizierungen: Biologisch","og_url":"https:\/\/www.oliocentrica.it\/de\/shop\/itrana-monovarietale-bio\/","og_site_name":"Oliocentrica","article_publisher":"https:\/\/www.facebook.com\/Oliocentrica","article_modified_time":"2023-11-02T17:22:45+00:00","og_image":[{"width":800,"height":800,"url":"https:\/\/www.oliocentrica.it\/wp-content\/uploads\/2021\/04\/oliocentrica-itrana-monovarietale-bio.jpg","type":"image\/jpeg"}],"twitter_card":"summary_large_image","twitter_misc":{"Gesch\u00e4tzte Lesezeit":"1\u00a0Minute"},"schema":{"@context":"https:\/\/schema.org","@graph":[{"@type":"WebPage","@id":"https:\/\/www.oliocentrica.it\/de\/shop\/itrana-monovarietale-bio\/","url":"https:\/\/www.oliocentrica.it\/de\/shop\/itrana-monovarietale-bio\/","name":"Itrana Monovarietale Bio - Oliocentrica","isPartOf":{"@id":"https:\/\/www.oliocentrica.it\/de\/#website"},"primaryImageOfPage":{"@id":"https:\/\/www.oliocentrica.it\/de\/shop\/itrana-monovarietale-bio\/#primaryimage"},"image":{"@id":"https:\/\/www.oliocentrica.it\/de\/shop\/itrana-monovarietale-bio\/#primaryimage"},"thumbnailUrl":"https:\/\/www.oliocentrica.it\/wp-content\/uploads\/2021\/04\/oliocentrica-itrana-monovarietale-bio.jpg","datePublished":"2021-04-14T09:33:41+00:00","dateModified":"2023-11-02T17:22:45+00:00","breadcrumb":{"@id":"https:\/\/www.oliocentrica.it\/de\/shop\/itrana-monovarietale-bio\/#breadcrumb"},"inLanguage":"de","potentialAction":[{"@type":"ReadAction","target":["https:\/\/www.oliocentrica.it\/de\/shop\/itrana-monovarietale-bio\/"]}]},{"@type":"ImageObject","inLanguage":"de","@id":"https:\/\/www.oliocentrica.it\/de\/shop\/itrana-monovarietale-bio\/#primaryimage","url":"https:\/\/www.oliocentrica.it\/wp-content\/uploads\/2021\/04\/oliocentrica-itrana-monovarietale-bio.jpg","contentUrl":"https:\/\/www.oliocentrica.it\/wp-content\/uploads\/2021\/04\/oliocentrica-itrana-monovarietale-bio.jpg","width":800,"height":800},{"@type":"BreadcrumbList","@id":"https:\/\/www.oliocentrica.it\/de\/shop\/itrana-monovarietale-bio\/#breadcrumb","itemListElement":[{"@type":"ListItem","position":1,"name":"Home","item":"https:\/\/www.oliocentrica.it\/de\/"},{"@type":"ListItem","position":2,"name":"Shop","item":"https:\/\/www.oliocentrica.it\/de\/shop\/"},{"@type":"ListItem","position":3,"name":"Itrana Monovarietale Bio"}]},{"@type":"WebSite","@id":"https:\/\/www.oliocentrica.it\/de\/#website","url":"https:\/\/www.oliocentrica.it\/de\/","name":"Oliocentrica","description":"il filo d\u2019olio tra cibo e salute","publisher":{"@id":"https:\/\/www.oliocentrica.it\/de\/#organization"},"potentialAction":[{"@type":"SearchAction","target":{"@type":"EntryPoint","urlTemplate":"https:\/\/www.oliocentrica.it\/de\/?s={search_term_string}"},"query-input":{"@type":"PropertyValueSpecification","valueRequired":true,"valueName":"search_term_string"}}],"inLanguage":"de"},{"@type":"Organization","@id":"https:\/\/www.oliocentrica.it\/de\/#organization","name":"Oliocentrica Srls","url":"https:\/\/www.oliocentrica.it\/de\/","logo":{"@type":"ImageObject","inLanguage":"de","@id":"https:\/\/www.oliocentrica.it\/de\/#\/schema\/logo\/image\/","url":"https:\/\/www.oliocentrica.it\/wp-content\/uploads\/2021\/05\/logo_oliocentrica-1.png","contentUrl":"https:\/\/www.oliocentrica.it\/wp-content\/uploads\/2021\/05\/logo_oliocentrica-1.png","width":250,"height":81,"caption":"Oliocentrica Srls"},"image":{"@id":"https:\/\/www.oliocentrica.it\/de\/#\/schema\/logo\/image\/"},"sameAs":["https:\/\/www.facebook.com\/Oliocentrica","https:\/\/www.instagram.com\/oliocentrica"]}]}},"brands":[{"id":305,"name":"Masseria Raino","slug":"masseria-raino"}],"_links":{"self":[{"href":"https:\/\/www.oliocentrica.it\/de\/wp-json\/wp\/v2\/product\/14888"}],"collection":[{"href":"https:\/\/www.oliocentrica.it\/de\/wp-json\/wp\/v2\/product"}],"about":[{"href":"https:\/\/www.oliocentrica.it\/de\/wp-json\/wp\/v2\/types\/product"}],"replies":[{"embeddable":true,"href":"https:\/\/www.oliocentrica.it\/de\/wp-json\/wp\/v2\/comments?post=14888"}],"wp:featuredmedia":[{"embeddable":true,"href":"https:\/\/www.oliocentrica.it\/de\/wp-json\/wp\/v2\/media\/13602"}],"wp:attachment":[{"href":"https:\/\/www.oliocentrica.it\/de\/wp-json\/wp\/v2\/media?parent=14888"}],"wp:term":[{"taxonomy":"pwb-brand","embeddable":true,"href":"https:\/\/www.oliocentrica.it\/de\/wp-json\/wp\/v2\/pwb-brand?post=14888"},{"taxonomy":"product_cat","embeddable":true,"href":"https:\/\/www.oliocentrica.it\/de\/wp-json\/wp\/v2\/product_cat?post=14888"},{"taxonomy":"product_tag","embeddable":true,"href":"https:\/\/www.oliocentrica.it\/de\/wp-json\/wp\/v2\/product_tag?post=14888"}],"curies":[{"name":"wp","href":"https:\/\/api.w.org\/{rel}","templated":true}]}}