{"id":14886,"date":"2021-04-14T11:49:41","date_gmt":"2021-04-14T09:49:41","guid":{"rendered":"https:\/\/www.oliocentrica.it\/shop\/il-biologico\/"},"modified":"2023-11-02T18:13:42","modified_gmt":"2023-11-02T17:13:42","slug":"il-biologico","status":"publish","type":"product","link":"https:\/\/www.oliocentrica.it\/de\/shop\/il-biologico\/","title":{"rendered":"Il Biologico"},"content":{"rendered":"<p><strong><em>Mittelfruchtig<\/em><\/strong><\/p>\n<p><strong>Duft<\/strong>: olfaktorische Nuancen von Artischocke und gr\u00fcnem Apfel<\/p>\n<p><strong>Geschmack<\/strong>: bitter und w\u00fcrzig, nicht invasiv mit einem Hauch von frischen Mandeln<\/p>\n<p><strong>Probieren Sie es mit\u2026<\/strong> Fischsuppe, Gem\u00fcsecroutons und dampfender H\u00fclsenfruchtsuppe<\/p>\n<p><strong>Geografisches Gebiet und Gebiet:<\/strong> Molise, Monteroduni &#8211; Isernia<\/p>\n<p><strong>Olivenkampagne:<\/strong> 2023\/2024<\/p>\n<p><strong>Gr\u00f6\u00dfen:<\/strong> 0,50L<\/p>\n<p><strong>Mischung aus Olivensorten:<\/strong> Paesana bianca, Paesana nera und Frantoio<\/p>\n<p><strong>Produktionsmethode:<\/strong> moderne Extraktionstechniken, kontinuierlicher \/ kalter Zyklus<\/p>\n<p><strong>Konservierungsmethode:<\/strong> kontrollierte Temperaturen<\/p>\n<p><strong>Zertifizierungen:<\/strong> Bio<\/p>\n<p>_______________________________________<\/p>\n<p><em>Danksagungen<\/em><\/p>\n<p><strong>4 Tropfen Bibenda 2021 Natives Oliven\u00f6l Extra Guide<\/strong><\/p>\n<p><strong>Goccia D&#8217;Oro 2020 Das beste Bio-Oliven\u00f6l extra vergine aus Molise<\/strong><\/p>\n<p>_______________________________________<\/p>\n<p><em>Weitere Informationen gelten f\u00fcr alle unsere nativen Oliven\u00f6le extra<\/em><\/p>\n<p><strong>Zutaten<\/strong>: 100 % italienische Oliven, im richtigen Reifegrad geerntet und in Italien mit mechanischen Verfahren gepresst<br \/>\n<strong>Lagerung<\/strong>: fern von Licht, W\u00e4rmequellen, schlechten Ger\u00fcchen und in hermetisch verschlossenen Flaschen. Denken Sie daran, dass natives Oliven\u00f6l extra der Feind von Licht, Hitze und Luft ist<br \/>\n<strong>Frist<\/strong>: innerhalb von 18 Monaten ab dem Datum der Abf\u00fcllung (Frist, innerhalb derer Sie von den N\u00e4hrwerten des nativen Oliven\u00f6ls extra profitieren k\u00f6nnen)<br \/>\n<strong>Verwendung<\/strong>: t\u00e4glich roh oder zum kurzen Garen bei moderaten Temperaturen<\/p>\n","protected":false},"excerpt":{"rendered":"<p><strong><em>Mittelfruchtig<\/em><\/strong><\/p>\n<p>Der Bio des landwirtschaftlichen Unternehmens Principe Pignatelli ist ein hochwertiges italienisches Produkt, das ausschlie\u00dflich aus einheimischen Oliven hergestellt wird, die mit zertifizierten BIO-Methoden ausgew\u00e4hlt und angebaut werden.<\/p>\n<p>Die Kombination der Sorten Paesana bianca, Paesana nera und Frantoio verleiht dem nativen Oliven\u00f6l extra die olfaktorischen Nuancen von Artischocke und gr\u00fcnem Apfel und einen vollen Geschmack, der an frische Mandeln erinnert.<\/p>\n<p><strong>Olivenkampagne: 2023\/2024<\/strong><\/p>\n<p><strong>Zertifizierungen: Biologisch<\/strong><\/p>\n","protected":false},"featured_media":13606,"comment_status":"closed","ping_status":"closed","template":"","meta":[],"pwb-brand":[320],"product_cat":[252],"product_tag":[],"acf":[],"yoast_head":"<!-- This site is optimized with the Yoast SEO plugin v24.5 - https:\/\/yoast.com\/wordpress\/plugins\/seo\/ -->\n<title>Il Biologico - Oliocentrica<\/title>\n<meta name=\"robots\" content=\"index, follow, max-snippet:-1, max-image-preview:large, max-video-preview:-1\" \/>\n<link rel=\"canonical\" href=\"https:\/\/www.oliocentrica.it\/de\/shop\/il-biologico\/\" \/>\n<meta property=\"og:locale\" content=\"de_DE\" \/>\n<meta property=\"og:type\" content=\"article\" \/>\n<meta property=\"og:title\" content=\"Il Biologico - Oliocentrica\" \/>\n<meta property=\"og:description\" content=\"Mittelfruchtig  Der Bio des landwirtschaftlichen Unternehmens Principe Pignatelli ist ein hochwertiges italienisches Produkt, das ausschlie\u00dflich aus einheimischen Oliven hergestellt wird, die mit zertifizierten BIO-Methoden ausgew\u00e4hlt und angebaut werden.  Die Kombination der Sorten Paesana bianca, Paesana nera und Frantoio verleiht dem nativen Oliven\u00f6l extra die olfaktorischen Nuancen von Artischocke und gr\u00fcnem Apfel und einen vollen Geschmack, der an frische Mandeln erinnert.  Olivenkampagne: 2023\/2024  Zertifizierungen: Biologisch\" \/>\n<meta property=\"og:url\" content=\"https:\/\/www.oliocentrica.it\/de\/shop\/il-biologico\/\" \/>\n<meta property=\"og:site_name\" content=\"Oliocentrica\" \/>\n<meta property=\"article:publisher\" content=\"https:\/\/www.facebook.com\/Oliocentrica\" \/>\n<meta property=\"article:modified_time\" content=\"2023-11-02T17:13:42+00:00\" \/>\n<meta property=\"og:image\" content=\"https:\/\/www.oliocentrica.it\/wp-content\/uploads\/2021\/04\/oliocentrica-pignatelli-biologico.jpg\" \/>\n\t<meta property=\"og:image:width\" content=\"800\" \/>\n\t<meta property=\"og:image:height\" content=\"800\" \/>\n\t<meta property=\"og:image:type\" content=\"image\/jpeg\" \/>\n<meta name=\"twitter:card\" content=\"summary_large_image\" \/>\n<meta name=\"twitter:label1\" content=\"Gesch\u00e4tzte Lesezeit\" \/>\n\t<meta name=\"twitter:data1\" content=\"1\u00a0Minute\" \/>\n<script type=\"application\/ld+json\" class=\"yoast-schema-graph\">{\"@context\":\"https:\/\/schema.org\",\"@graph\":[{\"@type\":\"WebPage\",\"@id\":\"https:\/\/www.oliocentrica.it\/de\/shop\/il-biologico\/\",\"url\":\"https:\/\/www.oliocentrica.it\/de\/shop\/il-biologico\/\",\"name\":\"Il Biologico - Oliocentrica\",\"isPartOf\":{\"@id\":\"https:\/\/www.oliocentrica.it\/de\/#website\"},\"primaryImageOfPage\":{\"@id\":\"https:\/\/www.oliocentrica.it\/de\/shop\/il-biologico\/#primaryimage\"},\"image\":{\"@id\":\"https:\/\/www.oliocentrica.it\/de\/shop\/il-biologico\/#primaryimage\"},\"thumbnailUrl\":\"https:\/\/www.oliocentrica.it\/wp-content\/uploads\/2021\/04\/oliocentrica-pignatelli-biologico.jpg\",\"datePublished\":\"2021-04-14T09:49:41+00:00\",\"dateModified\":\"2023-11-02T17:13:42+00:00\",\"breadcrumb\":{\"@id\":\"https:\/\/www.oliocentrica.it\/de\/shop\/il-biologico\/#breadcrumb\"},\"inLanguage\":\"de\",\"potentialAction\":[{\"@type\":\"ReadAction\",\"target\":[\"https:\/\/www.oliocentrica.it\/de\/shop\/il-biologico\/\"]}]},{\"@type\":\"ImageObject\",\"inLanguage\":\"de\",\"@id\":\"https:\/\/www.oliocentrica.it\/de\/shop\/il-biologico\/#primaryimage\",\"url\":\"https:\/\/www.oliocentrica.it\/wp-content\/uploads\/2021\/04\/oliocentrica-pignatelli-biologico.jpg\",\"contentUrl\":\"https:\/\/www.oliocentrica.it\/wp-content\/uploads\/2021\/04\/oliocentrica-pignatelli-biologico.jpg\",\"width\":800,\"height\":800},{\"@type\":\"BreadcrumbList\",\"@id\":\"https:\/\/www.oliocentrica.it\/de\/shop\/il-biologico\/#breadcrumb\",\"itemListElement\":[{\"@type\":\"ListItem\",\"position\":1,\"name\":\"Home\",\"item\":\"https:\/\/www.oliocentrica.it\/de\/\"},{\"@type\":\"ListItem\",\"position\":2,\"name\":\"Shop\",\"item\":\"https:\/\/www.oliocentrica.it\/de\/shop\/\"},{\"@type\":\"ListItem\",\"position\":3,\"name\":\"Il Biologico\"}]},{\"@type\":\"WebSite\",\"@id\":\"https:\/\/www.oliocentrica.it\/de\/#website\",\"url\":\"https:\/\/www.oliocentrica.it\/de\/\",\"name\":\"Oliocentrica\",\"description\":\"il filo d\u2019olio tra cibo e salute\",\"publisher\":{\"@id\":\"https:\/\/www.oliocentrica.it\/de\/#organization\"},\"potentialAction\":[{\"@type\":\"SearchAction\",\"target\":{\"@type\":\"EntryPoint\",\"urlTemplate\":\"https:\/\/www.oliocentrica.it\/de\/?s={search_term_string}\"},\"query-input\":{\"@type\":\"PropertyValueSpecification\",\"valueRequired\":true,\"valueName\":\"search_term_string\"}}],\"inLanguage\":\"de\"},{\"@type\":\"Organization\",\"@id\":\"https:\/\/www.oliocentrica.it\/de\/#organization\",\"name\":\"Oliocentrica Srls\",\"url\":\"https:\/\/www.oliocentrica.it\/de\/\",\"logo\":{\"@type\":\"ImageObject\",\"inLanguage\":\"de\",\"@id\":\"https:\/\/www.oliocentrica.it\/de\/#\/schema\/logo\/image\/\",\"url\":\"https:\/\/www.oliocentrica.it\/wp-content\/uploads\/2021\/05\/logo_oliocentrica-1.png\",\"contentUrl\":\"https:\/\/www.oliocentrica.it\/wp-content\/uploads\/2021\/05\/logo_oliocentrica-1.png\",\"width\":250,\"height\":81,\"caption\":\"Oliocentrica Srls\"},\"image\":{\"@id\":\"https:\/\/www.oliocentrica.it\/de\/#\/schema\/logo\/image\/\"},\"sameAs\":[\"https:\/\/www.facebook.com\/Oliocentrica\",\"https:\/\/www.instagram.com\/oliocentrica\"]}]}<\/script>\n<!-- \/ Yoast SEO plugin. -->","yoast_head_json":{"title":"Il Biologico - Oliocentrica","robots":{"index":"index","follow":"follow","max-snippet":"max-snippet:-1","max-image-preview":"max-image-preview:large","max-video-preview":"max-video-preview:-1"},"canonical":"https:\/\/www.oliocentrica.it\/de\/shop\/il-biologico\/","og_locale":"de_DE","og_type":"article","og_title":"Il Biologico - Oliocentrica","og_description":"Mittelfruchtig  Der Bio des landwirtschaftlichen Unternehmens Principe Pignatelli ist ein hochwertiges italienisches Produkt, das ausschlie\u00dflich aus einheimischen Oliven hergestellt wird, die mit zertifizierten BIO-Methoden ausgew\u00e4hlt und angebaut werden.  Die Kombination der Sorten Paesana bianca, Paesana nera und Frantoio verleiht dem nativen Oliven\u00f6l extra die olfaktorischen Nuancen von Artischocke und gr\u00fcnem Apfel und einen vollen Geschmack, der an frische Mandeln erinnert.  Olivenkampagne: 2023\/2024  Zertifizierungen: Biologisch","og_url":"https:\/\/www.oliocentrica.it\/de\/shop\/il-biologico\/","og_site_name":"Oliocentrica","article_publisher":"https:\/\/www.facebook.com\/Oliocentrica","article_modified_time":"2023-11-02T17:13:42+00:00","og_image":[{"width":800,"height":800,"url":"https:\/\/www.oliocentrica.it\/wp-content\/uploads\/2021\/04\/oliocentrica-pignatelli-biologico.jpg","type":"image\/jpeg"}],"twitter_card":"summary_large_image","twitter_misc":{"Gesch\u00e4tzte Lesezeit":"1\u00a0Minute"},"schema":{"@context":"https:\/\/schema.org","@graph":[{"@type":"WebPage","@id":"https:\/\/www.oliocentrica.it\/de\/shop\/il-biologico\/","url":"https:\/\/www.oliocentrica.it\/de\/shop\/il-biologico\/","name":"Il Biologico - Oliocentrica","isPartOf":{"@id":"https:\/\/www.oliocentrica.it\/de\/#website"},"primaryImageOfPage":{"@id":"https:\/\/www.oliocentrica.it\/de\/shop\/il-biologico\/#primaryimage"},"image":{"@id":"https:\/\/www.oliocentrica.it\/de\/shop\/il-biologico\/#primaryimage"},"thumbnailUrl":"https:\/\/www.oliocentrica.it\/wp-content\/uploads\/2021\/04\/oliocentrica-pignatelli-biologico.jpg","datePublished":"2021-04-14T09:49:41+00:00","dateModified":"2023-11-02T17:13:42+00:00","breadcrumb":{"@id":"https:\/\/www.oliocentrica.it\/de\/shop\/il-biologico\/#breadcrumb"},"inLanguage":"de","potentialAction":[{"@type":"ReadAction","target":["https:\/\/www.oliocentrica.it\/de\/shop\/il-biologico\/"]}]},{"@type":"ImageObject","inLanguage":"de","@id":"https:\/\/www.oliocentrica.it\/de\/shop\/il-biologico\/#primaryimage","url":"https:\/\/www.oliocentrica.it\/wp-content\/uploads\/2021\/04\/oliocentrica-pignatelli-biologico.jpg","contentUrl":"https:\/\/www.oliocentrica.it\/wp-content\/uploads\/2021\/04\/oliocentrica-pignatelli-biologico.jpg","width":800,"height":800},{"@type":"BreadcrumbList","@id":"https:\/\/www.oliocentrica.it\/de\/shop\/il-biologico\/#breadcrumb","itemListElement":[{"@type":"ListItem","position":1,"name":"Home","item":"https:\/\/www.oliocentrica.it\/de\/"},{"@type":"ListItem","position":2,"name":"Shop","item":"https:\/\/www.oliocentrica.it\/de\/shop\/"},{"@type":"ListItem","position":3,"name":"Il Biologico"}]},{"@type":"WebSite","@id":"https:\/\/www.oliocentrica.it\/de\/#website","url":"https:\/\/www.oliocentrica.it\/de\/","name":"Oliocentrica","description":"il filo d\u2019olio tra cibo e salute","publisher":{"@id":"https:\/\/www.oliocentrica.it\/de\/#organization"},"potentialAction":[{"@type":"SearchAction","target":{"@type":"EntryPoint","urlTemplate":"https:\/\/www.oliocentrica.it\/de\/?s={search_term_string}"},"query-input":{"@type":"PropertyValueSpecification","valueRequired":true,"valueName":"search_term_string"}}],"inLanguage":"de"},{"@type":"Organization","@id":"https:\/\/www.oliocentrica.it\/de\/#organization","name":"Oliocentrica Srls","url":"https:\/\/www.oliocentrica.it\/de\/","logo":{"@type":"ImageObject","inLanguage":"de","@id":"https:\/\/www.oliocentrica.it\/de\/#\/schema\/logo\/image\/","url":"https:\/\/www.oliocentrica.it\/wp-content\/uploads\/2021\/05\/logo_oliocentrica-1.png","contentUrl":"https:\/\/www.oliocentrica.it\/wp-content\/uploads\/2021\/05\/logo_oliocentrica-1.png","width":250,"height":81,"caption":"Oliocentrica Srls"},"image":{"@id":"https:\/\/www.oliocentrica.it\/de\/#\/schema\/logo\/image\/"},"sameAs":["https:\/\/www.facebook.com\/Oliocentrica","https:\/\/www.instagram.com\/oliocentrica"]}]}},"brands":[{"id":320,"name":"Principe Pignatelli","slug":"principe-pignatelli"}],"_links":{"self":[{"href":"https:\/\/www.oliocentrica.it\/de\/wp-json\/wp\/v2\/product\/14886"}],"collection":[{"href":"https:\/\/www.oliocentrica.it\/de\/wp-json\/wp\/v2\/product"}],"about":[{"href":"https:\/\/www.oliocentrica.it\/de\/wp-json\/wp\/v2\/types\/product"}],"replies":[{"embeddable":true,"href":"https:\/\/www.oliocentrica.it\/de\/wp-json\/wp\/v2\/comments?post=14886"}],"wp:featuredmedia":[{"embeddable":true,"href":"https:\/\/www.oliocentrica.it\/de\/wp-json\/wp\/v2\/media\/13606"}],"wp:attachment":[{"href":"https:\/\/www.oliocentrica.it\/de\/wp-json\/wp\/v2\/media?parent=14886"}],"wp:term":[{"taxonomy":"pwb-brand","embeddable":true,"href":"https:\/\/www.oliocentrica.it\/de\/wp-json\/wp\/v2\/pwb-brand?post=14886"},{"taxonomy":"product_cat","embeddable":true,"href":"https:\/\/www.oliocentrica.it\/de\/wp-json\/wp\/v2\/product_cat?post=14886"},{"taxonomy":"product_tag","embeddable":true,"href":"https:\/\/www.oliocentrica.it\/de\/wp-json\/wp\/v2\/product_tag?post=14886"}],"curies":[{"name":"wp","href":"https:\/\/api.w.org\/{rel}","templated":true}]}}