{"id":14875,"date":"2021-04-15T12:20:07","date_gmt":"2021-04-15T10:20:07","guid":{"rendered":"https:\/\/www.oliocentrica.it\/shop\/territolio-origini\/"},"modified":"2023-11-02T17:56:26","modified_gmt":"2023-11-02T16:56:26","slug":"territolio-origini","status":"publish","type":"product","link":"https:\/\/www.oliocentrica.it\/de\/shop\/territolio-origini\/","title":{"rendered":"Territolio origini"},"content":{"rendered":"<p><strong><em>Leicht \/ mittel fruchtig<\/em><\/strong><\/p>\n<p><strong>Duft<\/strong>: Duft von geschnittenem Salat, Tomaten und aromatischen Kr\u00e4utern<\/p>\n<p><strong>Geschmack<\/strong>: elegant bitter und w\u00fcrzig, begleitet von harmonischen Noten von Salat und Mandel<\/p>\n<p><strong>Probieren Sie es mit\u2026<\/strong> extrem vielseitig, es ist perfekt f\u00fcr Sommer- und Wintergerichte. Er gibt sein Bestes zu Panzanella, Meeresfr\u00fcchtesalaten und B\u00fcffelmozzarella, streng angereichert mit einem frischen Basilikumblatt<\/p>\n<p><strong>Geografisches Gebiet und Gebiet<\/strong>: Latium &#8211; Latina &#8211; Halbh\u00fcgeliges Gebiet<\/p>\n<p><strong>Olivenkampagne<\/strong>: 2023\/2024<\/p>\n<p><strong>Formate<\/strong>: 0,10 l in Dosen \/ 0,25 l in Flaschen \/ 0,50 l in Flaschen \/ 0,75 l in Dosen \/ 3 l in Dosen \/ 5 l in Dosen und in Bag-in-Box<\/p>\n<p><strong>Mischung aus Olivensorten<\/strong>: Itrana, Leccino, Frantoio<\/p>\n<p><strong>Produktionsmethode<\/strong>: moderne Extraktionstechniken &#8211; kontinuierlicher \/ kalter Zyklus<\/p>\n<p><strong>Konservierungsmethode<\/strong>: kontrollierte Temperaturen und hermetische Stahlsilos<\/p>\n<p>_______________________________________<\/p>\n<p><em>Verpackungsinformationen<\/em><\/p>\n<p><strong>Die Glasflasche<\/strong> ist dunkel und dick, um das \u00d6l vor Licht und Hitze zu sch\u00fctzen<\/p>\n<p>Metallbeh\u00e4lter sind umweltfreundlich, mit CO2-Emissionen, die im Vergleich zu anderen Materialien zu den niedrigsten geh\u00f6ren, vollst\u00e4ndig recycelbar oder regenerierbar<\/p>\n<p><strong>Die Bag-in-Box<\/strong> mit einem einfach zu bedienenden abnehmbaren Zapfhahn h\u00e4lt das native Oliven\u00f6l extra in einer aseptischen Umgebung frei von Luftblasen und l\u00e4sst sich leicht entsorgen.<\/p>\n<p>_______________________________________<\/p>\n<p><em>Weitere Informationen gelten f\u00fcr alle unsere nativen Oliven\u00f6le extra<\/em><\/p>\n<p><strong>Zutaten<\/strong>: 100 % italienische Oliven, im richtigen Reifegrad geerntet und in Italien mit mechanischen Verfahren gepresst<br \/>\n<strong>Lagerung<\/strong>: fern von Licht, W\u00e4rmequellen, schlechten Ger\u00fcchen und in hermetisch verschlossenen Flaschen. Denken Sie daran, dass natives Oliven\u00f6l extra der Feind von Licht, Hitze und Luft ist<br \/>\n<strong>Frist<\/strong>: innerhalb von 18 Monaten ab dem Datum der Abf\u00fcllung (Frist, innerhalb derer Sie von den N\u00e4hrwerten des nativen Oliven\u00f6ls extra profitieren k\u00f6nnen)<br \/>\n<strong>Verwendung<\/strong>: t\u00e4glich roh oder zum kurzen Garen bei moderaten Temperaturen<\/p>\n","protected":false},"excerpt":{"rendered":"<p><strong><em>Leicht \/ mittel fruchtig<\/em><\/strong><\/p>\n<p>Die Oliocentrica-Auswahl \u201eTerritOlio\u201c entspringt dem Bed\u00fcrfnis, alle Gaumen zu befriedigen und f\u00fcr jede Kombination in der K\u00fcche die ideale L\u00f6sung zu bieten, mit Blick auf die Rezepte des Territoriums.<\/p>\n<p>Der renommierte Frantoiani, sorgf\u00e4ltig ausgew\u00e4hlte Oliven und die Leidenschaft, die alle unsere Initiativen auszeichnet, sind die Zutaten f\u00fcr ein Qualit\u00e4tsprodukt.<\/p>\n<p>Ein natives Oliven\u00f6l extra mit intensiven Aromen von Tomaten, geschnittenem Salat und aromatischen Kr\u00e4utern.<\/p>\n<p>Ein eleganter Geschmack mit ausgewogenen Bitter- und Gew\u00fcrznoten und harmonischen Ankl\u00e4ngen von Salat und Mandel.<\/p>\n<p><strong>Olivenkampagne: 2023\/2024<\/strong><\/p>\n","protected":false},"featured_media":14355,"comment_status":"closed","ping_status":"closed","template":"","meta":[],"pwb-brand":[253],"product_cat":[252],"product_tag":[],"acf":[],"yoast_head":"<!-- This site is optimized with the Yoast SEO plugin v24.5 - https:\/\/yoast.com\/wordpress\/plugins\/seo\/ -->\n<title>Territolio origini - Oliocentrica<\/title>\n<meta name=\"robots\" content=\"index, follow, max-snippet:-1, max-image-preview:large, max-video-preview:-1\" \/>\n<link rel=\"canonical\" href=\"https:\/\/www.oliocentrica.it\/de\/shop\/territolio-origini\/\" \/>\n<meta property=\"og:locale\" content=\"de_DE\" \/>\n<meta property=\"og:type\" content=\"article\" \/>\n<meta property=\"og:title\" content=\"Territolio origini - Oliocentrica\" \/>\n<meta property=\"og:description\" content=\"Leicht \/ mittel fruchtig  Die Oliocentrica-Auswahl \u201eTerritOlio\u201c entspringt dem Bed\u00fcrfnis, alle Gaumen zu befriedigen und f\u00fcr jede Kombination in der K\u00fcche die ideale L\u00f6sung zu bieten, mit Blick auf die Rezepte des Territoriums.  Der renommierte Frantoiani, sorgf\u00e4ltig ausgew\u00e4hlte Oliven und die Leidenschaft, die alle unsere Initiativen auszeichnet, sind die Zutaten f\u00fcr ein Qualit\u00e4tsprodukt.  Ein natives Oliven\u00f6l extra mit intensiven Aromen von Tomaten, geschnittenem Salat und aromatischen Kr\u00e4utern.  Ein eleganter Geschmack mit ausgewogenen Bitter- und Gew\u00fcrznoten und harmonischen Ankl\u00e4ngen von Salat und Mandel.  Olivenkampagne: 2023\/2024\" \/>\n<meta property=\"og:url\" content=\"https:\/\/www.oliocentrica.it\/de\/shop\/territolio-origini\/\" \/>\n<meta property=\"og:site_name\" content=\"Oliocentrica\" \/>\n<meta property=\"article:publisher\" content=\"https:\/\/www.facebook.com\/Oliocentrica\" \/>\n<meta property=\"article:modified_time\" content=\"2023-11-02T16:56:26+00:00\" \/>\n<meta property=\"og:image\" content=\"https:\/\/www.oliocentrica.it\/wp-content\/uploads\/2021\/04\/oliocentrica-territolio-origini.jpg\" \/>\n\t<meta property=\"og:image:width\" content=\"800\" \/>\n\t<meta property=\"og:image:height\" content=\"800\" \/>\n\t<meta property=\"og:image:type\" content=\"image\/jpeg\" \/>\n<meta name=\"twitter:card\" content=\"summary_large_image\" \/>\n<meta name=\"twitter:label1\" content=\"Gesch\u00e4tzte Lesezeit\" \/>\n\t<meta name=\"twitter:data1\" content=\"1\u00a0Minute\" \/>\n<script type=\"application\/ld+json\" class=\"yoast-schema-graph\">{\"@context\":\"https:\/\/schema.org\",\"@graph\":[{\"@type\":\"WebPage\",\"@id\":\"https:\/\/www.oliocentrica.it\/de\/shop\/territolio-origini\/\",\"url\":\"https:\/\/www.oliocentrica.it\/de\/shop\/territolio-origini\/\",\"name\":\"Territolio origini - Oliocentrica\",\"isPartOf\":{\"@id\":\"https:\/\/www.oliocentrica.it\/de\/#website\"},\"primaryImageOfPage\":{\"@id\":\"https:\/\/www.oliocentrica.it\/de\/shop\/territolio-origini\/#primaryimage\"},\"image\":{\"@id\":\"https:\/\/www.oliocentrica.it\/de\/shop\/territolio-origini\/#primaryimage\"},\"thumbnailUrl\":\"https:\/\/www.oliocentrica.it\/wp-content\/uploads\/2021\/04\/oliocentrica-territolio-origini.jpg\",\"datePublished\":\"2021-04-15T10:20:07+00:00\",\"dateModified\":\"2023-11-02T16:56:26+00:00\",\"breadcrumb\":{\"@id\":\"https:\/\/www.oliocentrica.it\/de\/shop\/territolio-origini\/#breadcrumb\"},\"inLanguage\":\"de\",\"potentialAction\":[{\"@type\":\"ReadAction\",\"target\":[\"https:\/\/www.oliocentrica.it\/de\/shop\/territolio-origini\/\"]}]},{\"@type\":\"ImageObject\",\"inLanguage\":\"de\",\"@id\":\"https:\/\/www.oliocentrica.it\/de\/shop\/territolio-origini\/#primaryimage\",\"url\":\"https:\/\/www.oliocentrica.it\/wp-content\/uploads\/2021\/04\/oliocentrica-territolio-origini.jpg\",\"contentUrl\":\"https:\/\/www.oliocentrica.it\/wp-content\/uploads\/2021\/04\/oliocentrica-territolio-origini.jpg\",\"width\":800,\"height\":800},{\"@type\":\"BreadcrumbList\",\"@id\":\"https:\/\/www.oliocentrica.it\/de\/shop\/territolio-origini\/#breadcrumb\",\"itemListElement\":[{\"@type\":\"ListItem\",\"position\":1,\"name\":\"Home\",\"item\":\"https:\/\/www.oliocentrica.it\/de\/\"},{\"@type\":\"ListItem\",\"position\":2,\"name\":\"Shop\",\"item\":\"https:\/\/www.oliocentrica.it\/de\/shop\/\"},{\"@type\":\"ListItem\",\"position\":3,\"name\":\"Territolio origini\"}]},{\"@type\":\"WebSite\",\"@id\":\"https:\/\/www.oliocentrica.it\/de\/#website\",\"url\":\"https:\/\/www.oliocentrica.it\/de\/\",\"name\":\"Oliocentrica\",\"description\":\"il filo d\u2019olio tra cibo e salute\",\"publisher\":{\"@id\":\"https:\/\/www.oliocentrica.it\/de\/#organization\"},\"potentialAction\":[{\"@type\":\"SearchAction\",\"target\":{\"@type\":\"EntryPoint\",\"urlTemplate\":\"https:\/\/www.oliocentrica.it\/de\/?s={search_term_string}\"},\"query-input\":{\"@type\":\"PropertyValueSpecification\",\"valueRequired\":true,\"valueName\":\"search_term_string\"}}],\"inLanguage\":\"de\"},{\"@type\":\"Organization\",\"@id\":\"https:\/\/www.oliocentrica.it\/de\/#organization\",\"name\":\"Oliocentrica Srls\",\"url\":\"https:\/\/www.oliocentrica.it\/de\/\",\"logo\":{\"@type\":\"ImageObject\",\"inLanguage\":\"de\",\"@id\":\"https:\/\/www.oliocentrica.it\/de\/#\/schema\/logo\/image\/\",\"url\":\"https:\/\/www.oliocentrica.it\/wp-content\/uploads\/2021\/05\/logo_oliocentrica-1.png\",\"contentUrl\":\"https:\/\/www.oliocentrica.it\/wp-content\/uploads\/2021\/05\/logo_oliocentrica-1.png\",\"width\":250,\"height\":81,\"caption\":\"Oliocentrica Srls\"},\"image\":{\"@id\":\"https:\/\/www.oliocentrica.it\/de\/#\/schema\/logo\/image\/\"},\"sameAs\":[\"https:\/\/www.facebook.com\/Oliocentrica\",\"https:\/\/www.instagram.com\/oliocentrica\"]}]}<\/script>\n<!-- \/ Yoast SEO plugin. -->","yoast_head_json":{"title":"Territolio origini - Oliocentrica","robots":{"index":"index","follow":"follow","max-snippet":"max-snippet:-1","max-image-preview":"max-image-preview:large","max-video-preview":"max-video-preview:-1"},"canonical":"https:\/\/www.oliocentrica.it\/de\/shop\/territolio-origini\/","og_locale":"de_DE","og_type":"article","og_title":"Territolio origini - Oliocentrica","og_description":"Leicht \/ mittel fruchtig  Die Oliocentrica-Auswahl \u201eTerritOlio\u201c entspringt dem Bed\u00fcrfnis, alle Gaumen zu befriedigen und f\u00fcr jede Kombination in der K\u00fcche die ideale L\u00f6sung zu bieten, mit Blick auf die Rezepte des Territoriums.  Der renommierte Frantoiani, sorgf\u00e4ltig ausgew\u00e4hlte Oliven und die Leidenschaft, die alle unsere Initiativen auszeichnet, sind die Zutaten f\u00fcr ein Qualit\u00e4tsprodukt.  Ein natives Oliven\u00f6l extra mit intensiven Aromen von Tomaten, geschnittenem Salat und aromatischen Kr\u00e4utern.  Ein eleganter Geschmack mit ausgewogenen Bitter- und Gew\u00fcrznoten und harmonischen Ankl\u00e4ngen von Salat und Mandel.  Olivenkampagne: 2023\/2024","og_url":"https:\/\/www.oliocentrica.it\/de\/shop\/territolio-origini\/","og_site_name":"Oliocentrica","article_publisher":"https:\/\/www.facebook.com\/Oliocentrica","article_modified_time":"2023-11-02T16:56:26+00:00","og_image":[{"width":800,"height":800,"url":"https:\/\/www.oliocentrica.it\/wp-content\/uploads\/2021\/04\/oliocentrica-territolio-origini.jpg","type":"image\/jpeg"}],"twitter_card":"summary_large_image","twitter_misc":{"Gesch\u00e4tzte Lesezeit":"1\u00a0Minute"},"schema":{"@context":"https:\/\/schema.org","@graph":[{"@type":"WebPage","@id":"https:\/\/www.oliocentrica.it\/de\/shop\/territolio-origini\/","url":"https:\/\/www.oliocentrica.it\/de\/shop\/territolio-origini\/","name":"Territolio origini - Oliocentrica","isPartOf":{"@id":"https:\/\/www.oliocentrica.it\/de\/#website"},"primaryImageOfPage":{"@id":"https:\/\/www.oliocentrica.it\/de\/shop\/territolio-origini\/#primaryimage"},"image":{"@id":"https:\/\/www.oliocentrica.it\/de\/shop\/territolio-origini\/#primaryimage"},"thumbnailUrl":"https:\/\/www.oliocentrica.it\/wp-content\/uploads\/2021\/04\/oliocentrica-territolio-origini.jpg","datePublished":"2021-04-15T10:20:07+00:00","dateModified":"2023-11-02T16:56:26+00:00","breadcrumb":{"@id":"https:\/\/www.oliocentrica.it\/de\/shop\/territolio-origini\/#breadcrumb"},"inLanguage":"de","potentialAction":[{"@type":"ReadAction","target":["https:\/\/www.oliocentrica.it\/de\/shop\/territolio-origini\/"]}]},{"@type":"ImageObject","inLanguage":"de","@id":"https:\/\/www.oliocentrica.it\/de\/shop\/territolio-origini\/#primaryimage","url":"https:\/\/www.oliocentrica.it\/wp-content\/uploads\/2021\/04\/oliocentrica-territolio-origini.jpg","contentUrl":"https:\/\/www.oliocentrica.it\/wp-content\/uploads\/2021\/04\/oliocentrica-territolio-origini.jpg","width":800,"height":800},{"@type":"BreadcrumbList","@id":"https:\/\/www.oliocentrica.it\/de\/shop\/territolio-origini\/#breadcrumb","itemListElement":[{"@type":"ListItem","position":1,"name":"Home","item":"https:\/\/www.oliocentrica.it\/de\/"},{"@type":"ListItem","position":2,"name":"Shop","item":"https:\/\/www.oliocentrica.it\/de\/shop\/"},{"@type":"ListItem","position":3,"name":"Territolio origini"}]},{"@type":"WebSite","@id":"https:\/\/www.oliocentrica.it\/de\/#website","url":"https:\/\/www.oliocentrica.it\/de\/","name":"Oliocentrica","description":"il filo d\u2019olio tra cibo e salute","publisher":{"@id":"https:\/\/www.oliocentrica.it\/de\/#organization"},"potentialAction":[{"@type":"SearchAction","target":{"@type":"EntryPoint","urlTemplate":"https:\/\/www.oliocentrica.it\/de\/?s={search_term_string}"},"query-input":{"@type":"PropertyValueSpecification","valueRequired":true,"valueName":"search_term_string"}}],"inLanguage":"de"},{"@type":"Organization","@id":"https:\/\/www.oliocentrica.it\/de\/#organization","name":"Oliocentrica Srls","url":"https:\/\/www.oliocentrica.it\/de\/","logo":{"@type":"ImageObject","inLanguage":"de","@id":"https:\/\/www.oliocentrica.it\/de\/#\/schema\/logo\/image\/","url":"https:\/\/www.oliocentrica.it\/wp-content\/uploads\/2021\/05\/logo_oliocentrica-1.png","contentUrl":"https:\/\/www.oliocentrica.it\/wp-content\/uploads\/2021\/05\/logo_oliocentrica-1.png","width":250,"height":81,"caption":"Oliocentrica Srls"},"image":{"@id":"https:\/\/www.oliocentrica.it\/de\/#\/schema\/logo\/image\/"},"sameAs":["https:\/\/www.facebook.com\/Oliocentrica","https:\/\/www.instagram.com\/oliocentrica"]}]}},"brands":[{"id":253,"name":"Oliocentrica","slug":"oliocentrica"}],"_links":{"self":[{"href":"https:\/\/www.oliocentrica.it\/de\/wp-json\/wp\/v2\/product\/14875"}],"collection":[{"href":"https:\/\/www.oliocentrica.it\/de\/wp-json\/wp\/v2\/product"}],"about":[{"href":"https:\/\/www.oliocentrica.it\/de\/wp-json\/wp\/v2\/types\/product"}],"replies":[{"embeddable":true,"href":"https:\/\/www.oliocentrica.it\/de\/wp-json\/wp\/v2\/comments?post=14875"}],"wp:featuredmedia":[{"embeddable":true,"href":"https:\/\/www.oliocentrica.it\/de\/wp-json\/wp\/v2\/media\/14355"}],"wp:attachment":[{"href":"https:\/\/www.oliocentrica.it\/de\/wp-json\/wp\/v2\/media?parent=14875"}],"wp:term":[{"taxonomy":"pwb-brand","embeddable":true,"href":"https:\/\/www.oliocentrica.it\/de\/wp-json\/wp\/v2\/pwb-brand?post=14875"},{"taxonomy":"product_cat","embeddable":true,"href":"https:\/\/www.oliocentrica.it\/de\/wp-json\/wp\/v2\/product_cat?post=14875"},{"taxonomy":"product_tag","embeddable":true,"href":"https:\/\/www.oliocentrica.it\/de\/wp-json\/wp\/v2\/product_tag?post=14875"}],"curies":[{"name":"wp","href":"https:\/\/api.w.org\/{rel}","templated":true}]}}