{"id":14873,"date":"2021-04-30T11:10:27","date_gmt":"2021-04-30T09:10:27","guid":{"rendered":"https:\/\/www.oliocentrica.it\/shop\/weiser-truffel-gewurz-auf-basis-von-nativem-olivenol-extra\/"},"modified":"2023-11-02T17:49:04","modified_gmt":"2023-11-02T16:49:04","slug":"weiser-truffel-gewurz-auf-basis-von-nativem-olivenol-extra","status":"publish","type":"product","link":"https:\/\/www.oliocentrica.it\/de\/shop\/weiser-truffel-gewurz-auf-basis-von-nativem-olivenol-extra\/","title":{"rendered":"Wei\u00dfer Tr\u00fcffel &#8211; Gew\u00fcrz auf Basis von nativem Oliven\u00f6l extra"},"content":{"rendered":"<p><strong>Zutaten<\/strong>: 97 % natives Oliven\u00f6l extra, 3 % nat\u00fcrliches wei\u00dfes Tr\u00fcffelaroma<\/p>\n<p>Glasflasche 100 ml<\/p>\n<p>Roh auf Gerichten kurz vor dem Servieren verwenden<\/p>\n<p>Sch\u00fctzen Sie das Produkt vor Licht, Luft und W\u00e4rmequellen<\/p>\n","protected":false},"excerpt":{"rendered":"<p>Die Gew\u00fcrze auf der Basis von nativem Oliven\u00f6l extra unter der Marke Oliocentrica entstehen aus der Vereinigung von hochwertigem nativem Oliven\u00f6l extra und dem nat\u00fcrlichen Aroma, das direkt aus dem Lebensmittel extrahiert wird (auf dem Etikett als nat\u00fcrliches Aroma von &#8230; gekennzeichnet) ohne Verwendung von L\u00f6sungsmitteln oder der Zugabe chemischer Zus\u00e4tze. Natives Oliven\u00f6l extra mit wei\u00dfem Tr\u00fcffel ist ideal, um jedes Gericht zu versch\u00f6nern, von der Vorspeise bis zum ersten Gang. Hervorragend geeignet, um Eiern, Fleisch- und Fischcarpaccio eine besondere Note zu verleihen.<\/p>\n","protected":false},"featured_media":13704,"comment_status":"open","ping_status":"closed","template":"","meta":[],"pwb-brand":[253],"product_cat":[261],"product_tag":[],"acf":[],"yoast_head":"<!-- This site is optimized with the Yoast SEO plugin v24.5 - https:\/\/yoast.com\/wordpress\/plugins\/seo\/ -->\n<title>Wei\u00dfer Tr\u00fcffel - Gew\u00fcrz auf Basis von nativem Oliven\u00f6l extra - Oliocentrica<\/title>\n<meta name=\"robots\" content=\"index, follow, max-snippet:-1, max-image-preview:large, max-video-preview:-1\" \/>\n<link rel=\"canonical\" href=\"https:\/\/www.oliocentrica.it\/de\/shop\/weiser-truffel-gewurz-auf-basis-von-nativem-olivenol-extra\/\" \/>\n<meta property=\"og:locale\" content=\"de_DE\" \/>\n<meta property=\"og:type\" content=\"article\" \/>\n<meta property=\"og:title\" content=\"Wei\u00dfer Tr\u00fcffel - Gew\u00fcrz auf Basis von nativem Oliven\u00f6l extra - Oliocentrica\" \/>\n<meta property=\"og:description\" content=\"Die Gew\u00fcrze auf der Basis von nativem Oliven\u00f6l extra unter der Marke Oliocentrica entstehen aus der Vereinigung von hochwertigem nativem Oliven\u00f6l extra und dem nat\u00fcrlichen Aroma, das direkt aus dem Lebensmittel extrahiert wird (auf dem Etikett als nat\u00fcrliches Aroma von ... gekennzeichnet) ohne Verwendung von L\u00f6sungsmitteln oder der Zugabe chemischer Zus\u00e4tze. Natives Oliven\u00f6l extra mit wei\u00dfem Tr\u00fcffel ist ideal, um jedes Gericht zu versch\u00f6nern, von der Vorspeise bis zum ersten Gang. Hervorragend geeignet, um Eiern, Fleisch- und Fischcarpaccio eine besondere Note zu verleihen.\" \/>\n<meta property=\"og:url\" content=\"https:\/\/www.oliocentrica.it\/de\/shop\/weiser-truffel-gewurz-auf-basis-von-nativem-olivenol-extra\/\" \/>\n<meta property=\"og:site_name\" content=\"Oliocentrica\" \/>\n<meta property=\"article:publisher\" content=\"https:\/\/www.facebook.com\/Oliocentrica\" \/>\n<meta property=\"article:modified_time\" content=\"2023-11-02T16:49:04+00:00\" \/>\n<meta property=\"og:image\" content=\"https:\/\/www.oliocentrica.it\/wp-content\/uploads\/2020\/01\/oliocentrica-condimento-tartufo-bianco-100ml.jpg\" \/>\n\t<meta property=\"og:image:width\" content=\"800\" \/>\n\t<meta property=\"og:image:height\" content=\"800\" \/>\n\t<meta property=\"og:image:type\" content=\"image\/jpeg\" \/>\n<meta name=\"twitter:card\" content=\"summary_large_image\" \/>\n<script type=\"application\/ld+json\" class=\"yoast-schema-graph\">{\"@context\":\"https:\/\/schema.org\",\"@graph\":[{\"@type\":\"WebPage\",\"@id\":\"https:\/\/www.oliocentrica.it\/de\/shop\/weiser-truffel-gewurz-auf-basis-von-nativem-olivenol-extra\/\",\"url\":\"https:\/\/www.oliocentrica.it\/de\/shop\/weiser-truffel-gewurz-auf-basis-von-nativem-olivenol-extra\/\",\"name\":\"Wei\u00dfer Tr\u00fcffel - Gew\u00fcrz auf Basis von nativem Oliven\u00f6l extra - Oliocentrica\",\"isPartOf\":{\"@id\":\"https:\/\/www.oliocentrica.it\/de\/#website\"},\"primaryImageOfPage\":{\"@id\":\"https:\/\/www.oliocentrica.it\/de\/shop\/weiser-truffel-gewurz-auf-basis-von-nativem-olivenol-extra\/#primaryimage\"},\"image\":{\"@id\":\"https:\/\/www.oliocentrica.it\/de\/shop\/weiser-truffel-gewurz-auf-basis-von-nativem-olivenol-extra\/#primaryimage\"},\"thumbnailUrl\":\"https:\/\/www.oliocentrica.it\/wp-content\/uploads\/2020\/01\/oliocentrica-condimento-tartufo-bianco-100ml.jpg\",\"datePublished\":\"2021-04-30T09:10:27+00:00\",\"dateModified\":\"2023-11-02T16:49:04+00:00\",\"breadcrumb\":{\"@id\":\"https:\/\/www.oliocentrica.it\/de\/shop\/weiser-truffel-gewurz-auf-basis-von-nativem-olivenol-extra\/#breadcrumb\"},\"inLanguage\":\"de\",\"potentialAction\":[{\"@type\":\"ReadAction\",\"target\":[\"https:\/\/www.oliocentrica.it\/de\/shop\/weiser-truffel-gewurz-auf-basis-von-nativem-olivenol-extra\/\"]}]},{\"@type\":\"ImageObject\",\"inLanguage\":\"de\",\"@id\":\"https:\/\/www.oliocentrica.it\/de\/shop\/weiser-truffel-gewurz-auf-basis-von-nativem-olivenol-extra\/#primaryimage\",\"url\":\"https:\/\/www.oliocentrica.it\/wp-content\/uploads\/2020\/01\/oliocentrica-condimento-tartufo-bianco-100ml.jpg\",\"contentUrl\":\"https:\/\/www.oliocentrica.it\/wp-content\/uploads\/2020\/01\/oliocentrica-condimento-tartufo-bianco-100ml.jpg\",\"width\":800,\"height\":800},{\"@type\":\"BreadcrumbList\",\"@id\":\"https:\/\/www.oliocentrica.it\/de\/shop\/weiser-truffel-gewurz-auf-basis-von-nativem-olivenol-extra\/#breadcrumb\",\"itemListElement\":[{\"@type\":\"ListItem\",\"position\":1,\"name\":\"Home\",\"item\":\"https:\/\/www.oliocentrica.it\/de\/\"},{\"@type\":\"ListItem\",\"position\":2,\"name\":\"Shop\",\"item\":\"https:\/\/www.oliocentrica.it\/de\/shop\/\"},{\"@type\":\"ListItem\",\"position\":3,\"name\":\"Wei\u00dfer Tr\u00fcffel &#8211; Gew\u00fcrz auf Basis von nativem Oliven\u00f6l extra\"}]},{\"@type\":\"WebSite\",\"@id\":\"https:\/\/www.oliocentrica.it\/de\/#website\",\"url\":\"https:\/\/www.oliocentrica.it\/de\/\",\"name\":\"Oliocentrica\",\"description\":\"il filo d\u2019olio tra cibo e salute\",\"publisher\":{\"@id\":\"https:\/\/www.oliocentrica.it\/de\/#organization\"},\"potentialAction\":[{\"@type\":\"SearchAction\",\"target\":{\"@type\":\"EntryPoint\",\"urlTemplate\":\"https:\/\/www.oliocentrica.it\/de\/?s={search_term_string}\"},\"query-input\":{\"@type\":\"PropertyValueSpecification\",\"valueRequired\":true,\"valueName\":\"search_term_string\"}}],\"inLanguage\":\"de\"},{\"@type\":\"Organization\",\"@id\":\"https:\/\/www.oliocentrica.it\/de\/#organization\",\"name\":\"Oliocentrica Srls\",\"url\":\"https:\/\/www.oliocentrica.it\/de\/\",\"logo\":{\"@type\":\"ImageObject\",\"inLanguage\":\"de\",\"@id\":\"https:\/\/www.oliocentrica.it\/de\/#\/schema\/logo\/image\/\",\"url\":\"https:\/\/www.oliocentrica.it\/wp-content\/uploads\/2021\/05\/logo_oliocentrica-1.png\",\"contentUrl\":\"https:\/\/www.oliocentrica.it\/wp-content\/uploads\/2021\/05\/logo_oliocentrica-1.png\",\"width\":250,\"height\":81,\"caption\":\"Oliocentrica Srls\"},\"image\":{\"@id\":\"https:\/\/www.oliocentrica.it\/de\/#\/schema\/logo\/image\/\"},\"sameAs\":[\"https:\/\/www.facebook.com\/Oliocentrica\",\"https:\/\/www.instagram.com\/oliocentrica\"]}]}<\/script>\n<!-- \/ Yoast SEO plugin. -->","yoast_head_json":{"title":"Wei\u00dfer Tr\u00fcffel - Gew\u00fcrz auf Basis von nativem Oliven\u00f6l extra - Oliocentrica","robots":{"index":"index","follow":"follow","max-snippet":"max-snippet:-1","max-image-preview":"max-image-preview:large","max-video-preview":"max-video-preview:-1"},"canonical":"https:\/\/www.oliocentrica.it\/de\/shop\/weiser-truffel-gewurz-auf-basis-von-nativem-olivenol-extra\/","og_locale":"de_DE","og_type":"article","og_title":"Wei\u00dfer Tr\u00fcffel - Gew\u00fcrz auf Basis von nativem Oliven\u00f6l extra - Oliocentrica","og_description":"Die Gew\u00fcrze auf der Basis von nativem Oliven\u00f6l extra unter der Marke Oliocentrica entstehen aus der Vereinigung von hochwertigem nativem Oliven\u00f6l extra und dem nat\u00fcrlichen Aroma, das direkt aus dem Lebensmittel extrahiert wird (auf dem Etikett als nat\u00fcrliches Aroma von ... gekennzeichnet) ohne Verwendung von L\u00f6sungsmitteln oder der Zugabe chemischer Zus\u00e4tze. Natives Oliven\u00f6l extra mit wei\u00dfem Tr\u00fcffel ist ideal, um jedes Gericht zu versch\u00f6nern, von der Vorspeise bis zum ersten Gang. Hervorragend geeignet, um Eiern, Fleisch- und Fischcarpaccio eine besondere Note zu verleihen.","og_url":"https:\/\/www.oliocentrica.it\/de\/shop\/weiser-truffel-gewurz-auf-basis-von-nativem-olivenol-extra\/","og_site_name":"Oliocentrica","article_publisher":"https:\/\/www.facebook.com\/Oliocentrica","article_modified_time":"2023-11-02T16:49:04+00:00","og_image":[{"width":800,"height":800,"url":"https:\/\/www.oliocentrica.it\/wp-content\/uploads\/2020\/01\/oliocentrica-condimento-tartufo-bianco-100ml.jpg","type":"image\/jpeg"}],"twitter_card":"summary_large_image","schema":{"@context":"https:\/\/schema.org","@graph":[{"@type":"WebPage","@id":"https:\/\/www.oliocentrica.it\/de\/shop\/weiser-truffel-gewurz-auf-basis-von-nativem-olivenol-extra\/","url":"https:\/\/www.oliocentrica.it\/de\/shop\/weiser-truffel-gewurz-auf-basis-von-nativem-olivenol-extra\/","name":"Wei\u00dfer Tr\u00fcffel - Gew\u00fcrz auf Basis von nativem Oliven\u00f6l extra - Oliocentrica","isPartOf":{"@id":"https:\/\/www.oliocentrica.it\/de\/#website"},"primaryImageOfPage":{"@id":"https:\/\/www.oliocentrica.it\/de\/shop\/weiser-truffel-gewurz-auf-basis-von-nativem-olivenol-extra\/#primaryimage"},"image":{"@id":"https:\/\/www.oliocentrica.it\/de\/shop\/weiser-truffel-gewurz-auf-basis-von-nativem-olivenol-extra\/#primaryimage"},"thumbnailUrl":"https:\/\/www.oliocentrica.it\/wp-content\/uploads\/2020\/01\/oliocentrica-condimento-tartufo-bianco-100ml.jpg","datePublished":"2021-04-30T09:10:27+00:00","dateModified":"2023-11-02T16:49:04+00:00","breadcrumb":{"@id":"https:\/\/www.oliocentrica.it\/de\/shop\/weiser-truffel-gewurz-auf-basis-von-nativem-olivenol-extra\/#breadcrumb"},"inLanguage":"de","potentialAction":[{"@type":"ReadAction","target":["https:\/\/www.oliocentrica.it\/de\/shop\/weiser-truffel-gewurz-auf-basis-von-nativem-olivenol-extra\/"]}]},{"@type":"ImageObject","inLanguage":"de","@id":"https:\/\/www.oliocentrica.it\/de\/shop\/weiser-truffel-gewurz-auf-basis-von-nativem-olivenol-extra\/#primaryimage","url":"https:\/\/www.oliocentrica.it\/wp-content\/uploads\/2020\/01\/oliocentrica-condimento-tartufo-bianco-100ml.jpg","contentUrl":"https:\/\/www.oliocentrica.it\/wp-content\/uploads\/2020\/01\/oliocentrica-condimento-tartufo-bianco-100ml.jpg","width":800,"height":800},{"@type":"BreadcrumbList","@id":"https:\/\/www.oliocentrica.it\/de\/shop\/weiser-truffel-gewurz-auf-basis-von-nativem-olivenol-extra\/#breadcrumb","itemListElement":[{"@type":"ListItem","position":1,"name":"Home","item":"https:\/\/www.oliocentrica.it\/de\/"},{"@type":"ListItem","position":2,"name":"Shop","item":"https:\/\/www.oliocentrica.it\/de\/shop\/"},{"@type":"ListItem","position":3,"name":"Wei\u00dfer Tr\u00fcffel &#8211; Gew\u00fcrz auf Basis von nativem Oliven\u00f6l extra"}]},{"@type":"WebSite","@id":"https:\/\/www.oliocentrica.it\/de\/#website","url":"https:\/\/www.oliocentrica.it\/de\/","name":"Oliocentrica","description":"il filo d\u2019olio tra cibo e salute","publisher":{"@id":"https:\/\/www.oliocentrica.it\/de\/#organization"},"potentialAction":[{"@type":"SearchAction","target":{"@type":"EntryPoint","urlTemplate":"https:\/\/www.oliocentrica.it\/de\/?s={search_term_string}"},"query-input":{"@type":"PropertyValueSpecification","valueRequired":true,"valueName":"search_term_string"}}],"inLanguage":"de"},{"@type":"Organization","@id":"https:\/\/www.oliocentrica.it\/de\/#organization","name":"Oliocentrica Srls","url":"https:\/\/www.oliocentrica.it\/de\/","logo":{"@type":"ImageObject","inLanguage":"de","@id":"https:\/\/www.oliocentrica.it\/de\/#\/schema\/logo\/image\/","url":"https:\/\/www.oliocentrica.it\/wp-content\/uploads\/2021\/05\/logo_oliocentrica-1.png","contentUrl":"https:\/\/www.oliocentrica.it\/wp-content\/uploads\/2021\/05\/logo_oliocentrica-1.png","width":250,"height":81,"caption":"Oliocentrica Srls"},"image":{"@id":"https:\/\/www.oliocentrica.it\/de\/#\/schema\/logo\/image\/"},"sameAs":["https:\/\/www.facebook.com\/Oliocentrica","https:\/\/www.instagram.com\/oliocentrica"]}]}},"brands":[{"id":253,"name":"Oliocentrica","slug":"oliocentrica"}],"_links":{"self":[{"href":"https:\/\/www.oliocentrica.it\/de\/wp-json\/wp\/v2\/product\/14873"}],"collection":[{"href":"https:\/\/www.oliocentrica.it\/de\/wp-json\/wp\/v2\/product"}],"about":[{"href":"https:\/\/www.oliocentrica.it\/de\/wp-json\/wp\/v2\/types\/product"}],"replies":[{"embeddable":true,"href":"https:\/\/www.oliocentrica.it\/de\/wp-json\/wp\/v2\/comments?post=14873"}],"wp:featuredmedia":[{"embeddable":true,"href":"https:\/\/www.oliocentrica.it\/de\/wp-json\/wp\/v2\/media\/13704"}],"wp:attachment":[{"href":"https:\/\/www.oliocentrica.it\/de\/wp-json\/wp\/v2\/media?parent=14873"}],"wp:term":[{"taxonomy":"pwb-brand","embeddable":true,"href":"https:\/\/www.oliocentrica.it\/de\/wp-json\/wp\/v2\/pwb-brand?post=14873"},{"taxonomy":"product_cat","embeddable":true,"href":"https:\/\/www.oliocentrica.it\/de\/wp-json\/wp\/v2\/product_cat?post=14873"},{"taxonomy":"product_tag","embeddable":true,"href":"https:\/\/www.oliocentrica.it\/de\/wp-json\/wp\/v2\/product_tag?post=14873"}],"curies":[{"name":"wp","href":"https:\/\/api.w.org\/{rel}","templated":true}]}}