{"id":14862,"date":"2021-05-10T14:30:16","date_gmt":"2021-05-10T12:30:16","guid":{"rendered":"https:\/\/www.oliocentrica.it\/shop\/mandel-streichcreme-mit-nativem-olivenol-extra\/"},"modified":"2023-11-09T13:01:06","modified_gmt":"2023-11-09T12:01:06","slug":"mandel-streichcreme-mit-nativem-olivenol-extra","status":"publish","type":"product","link":"https:\/\/www.oliocentrica.it\/de\/shop\/mandel-streichcreme-mit-nativem-olivenol-extra\/","title":{"rendered":"Mandel-Streichcreme mit nativem Oliven\u00f6l extra"},"content":{"rendered":"<p><strong>Zutaten<\/strong>: Mandeln, natives Oliven\u00f6l extra, brauner Zucker, Sonnenblumenlecithin<\/p>\n<p>Das native Oliven\u00f6l extra tritt nat\u00fcrlich an der Oberfl\u00e4che aus, vor Gebrauch gut mischen<\/p>\n<p>K\u00fchl, trocken, lichtgesch\u00fctzt und nicht im K\u00fchlschrank lagern<\/p>\n<p>250-g-Glas<\/p>\n<p>Ohne Milch und Derivate und glutenfrei, geeignet f\u00fcr eine vegane Ern\u00e4hrung<\/p>\n","protected":false},"excerpt":{"rendered":"<p>Eine streichf\u00e4hige Creme wie selbstgemacht, nur hochwertige Zutaten.<br \/>\nDie ausgew\u00e4hlten und leicht ger\u00f6steten Mandeln werden kalt gemahlen, bis sie mit Hilfe von hochwertigem nativem Oliven\u00f6l extra die richtige Cremigkeit erreichen. Die Antioxidantien des nativen Oliven\u00f6ls extra, kombiniert mit den Vitaminen der Mandel, machen es zu einem nahrhaften und schmackhaften Produkt.<br \/>\nEine zarte und nat\u00fcrliche s\u00fc\u00dfe Creme, die besonders f\u00fcr die Zubereitung von Desserts und Eiscreme empfohlen wird oder einfach auf eine Scheibe M\u00fcslibrot gestrichen wird. Ohne Milch und Derivate und glutenfrei, geeignet f\u00fcr eine vegane Ern\u00e4hrung.<\/p>\n","protected":false},"featured_media":13726,"comment_status":"open","ping_status":"closed","template":"","meta":[],"pwb-brand":[253],"product_cat":[249],"product_tag":[],"acf":[],"yoast_head":"<!-- This site is optimized with the Yoast SEO plugin v24.5 - https:\/\/yoast.com\/wordpress\/plugins\/seo\/ -->\n<title>Mandel-Streichcreme mit nativem Oliven\u00f6l extra - Oliocentrica<\/title>\n<meta name=\"robots\" content=\"index, follow, max-snippet:-1, max-image-preview:large, max-video-preview:-1\" \/>\n<link rel=\"canonical\" href=\"https:\/\/www.oliocentrica.it\/de\/shop\/mandel-streichcreme-mit-nativem-olivenol-extra\/\" \/>\n<meta property=\"og:locale\" content=\"de_DE\" \/>\n<meta property=\"og:type\" content=\"article\" \/>\n<meta property=\"og:title\" content=\"Mandel-Streichcreme mit nativem Oliven\u00f6l extra - Oliocentrica\" \/>\n<meta property=\"og:description\" content=\"Eine streichf\u00e4hige Creme wie selbstgemacht, nur hochwertige Zutaten. Die ausgew\u00e4hlten und leicht ger\u00f6steten Mandeln werden kalt gemahlen, bis sie mit Hilfe von hochwertigem nativem Oliven\u00f6l extra die richtige Cremigkeit erreichen. Die Antioxidantien des nativen Oliven\u00f6ls extra, kombiniert mit den Vitaminen der Mandel, machen es zu einem nahrhaften und schmackhaften Produkt. Eine zarte und nat\u00fcrliche s\u00fc\u00dfe Creme, die besonders f\u00fcr die Zubereitung von Desserts und Eiscreme empfohlen wird oder einfach auf eine Scheibe M\u00fcslibrot gestrichen wird. Ohne Milch und Derivate und glutenfrei, geeignet f\u00fcr eine vegane Ern\u00e4hrung.\" \/>\n<meta property=\"og:url\" content=\"https:\/\/www.oliocentrica.it\/de\/shop\/mandel-streichcreme-mit-nativem-olivenol-extra\/\" \/>\n<meta property=\"og:site_name\" content=\"Oliocentrica\" \/>\n<meta property=\"article:publisher\" content=\"https:\/\/www.facebook.com\/Oliocentrica\" \/>\n<meta property=\"article:modified_time\" content=\"2023-11-09T12:01:06+00:00\" \/>\n<meta property=\"og:image\" content=\"https:\/\/www.oliocentrica.it\/wp-content\/uploads\/2021\/05\/oliocentrica-crema-mandorla.jpg\" \/>\n\t<meta property=\"og:image:width\" content=\"800\" \/>\n\t<meta property=\"og:image:height\" content=\"800\" \/>\n\t<meta property=\"og:image:type\" content=\"image\/jpeg\" \/>\n<meta name=\"twitter:card\" content=\"summary_large_image\" \/>\n<script type=\"application\/ld+json\" class=\"yoast-schema-graph\">{\"@context\":\"https:\/\/schema.org\",\"@graph\":[{\"@type\":\"WebPage\",\"@id\":\"https:\/\/www.oliocentrica.it\/de\/shop\/mandel-streichcreme-mit-nativem-olivenol-extra\/\",\"url\":\"https:\/\/www.oliocentrica.it\/de\/shop\/mandel-streichcreme-mit-nativem-olivenol-extra\/\",\"name\":\"Mandel-Streichcreme mit nativem Oliven\u00f6l extra - Oliocentrica\",\"isPartOf\":{\"@id\":\"https:\/\/www.oliocentrica.it\/de\/#website\"},\"primaryImageOfPage\":{\"@id\":\"https:\/\/www.oliocentrica.it\/de\/shop\/mandel-streichcreme-mit-nativem-olivenol-extra\/#primaryimage\"},\"image\":{\"@id\":\"https:\/\/www.oliocentrica.it\/de\/shop\/mandel-streichcreme-mit-nativem-olivenol-extra\/#primaryimage\"},\"thumbnailUrl\":\"https:\/\/www.oliocentrica.it\/wp-content\/uploads\/2021\/05\/oliocentrica-crema-mandorla.jpg\",\"datePublished\":\"2021-05-10T12:30:16+00:00\",\"dateModified\":\"2023-11-09T12:01:06+00:00\",\"breadcrumb\":{\"@id\":\"https:\/\/www.oliocentrica.it\/de\/shop\/mandel-streichcreme-mit-nativem-olivenol-extra\/#breadcrumb\"},\"inLanguage\":\"de\",\"potentialAction\":[{\"@type\":\"ReadAction\",\"target\":[\"https:\/\/www.oliocentrica.it\/de\/shop\/mandel-streichcreme-mit-nativem-olivenol-extra\/\"]}]},{\"@type\":\"ImageObject\",\"inLanguage\":\"de\",\"@id\":\"https:\/\/www.oliocentrica.it\/de\/shop\/mandel-streichcreme-mit-nativem-olivenol-extra\/#primaryimage\",\"url\":\"https:\/\/www.oliocentrica.it\/wp-content\/uploads\/2021\/05\/oliocentrica-crema-mandorla.jpg\",\"contentUrl\":\"https:\/\/www.oliocentrica.it\/wp-content\/uploads\/2021\/05\/oliocentrica-crema-mandorla.jpg\",\"width\":800,\"height\":800},{\"@type\":\"BreadcrumbList\",\"@id\":\"https:\/\/www.oliocentrica.it\/de\/shop\/mandel-streichcreme-mit-nativem-olivenol-extra\/#breadcrumb\",\"itemListElement\":[{\"@type\":\"ListItem\",\"position\":1,\"name\":\"Home\",\"item\":\"https:\/\/www.oliocentrica.it\/de\/\"},{\"@type\":\"ListItem\",\"position\":2,\"name\":\"Shop\",\"item\":\"https:\/\/www.oliocentrica.it\/de\/shop\/\"},{\"@type\":\"ListItem\",\"position\":3,\"name\":\"Mandel-Streichcreme mit nativem Oliven\u00f6l extra\"}]},{\"@type\":\"WebSite\",\"@id\":\"https:\/\/www.oliocentrica.it\/de\/#website\",\"url\":\"https:\/\/www.oliocentrica.it\/de\/\",\"name\":\"Oliocentrica\",\"description\":\"il filo d\u2019olio tra cibo e salute\",\"publisher\":{\"@id\":\"https:\/\/www.oliocentrica.it\/de\/#organization\"},\"potentialAction\":[{\"@type\":\"SearchAction\",\"target\":{\"@type\":\"EntryPoint\",\"urlTemplate\":\"https:\/\/www.oliocentrica.it\/de\/?s={search_term_string}\"},\"query-input\":{\"@type\":\"PropertyValueSpecification\",\"valueRequired\":true,\"valueName\":\"search_term_string\"}}],\"inLanguage\":\"de\"},{\"@type\":\"Organization\",\"@id\":\"https:\/\/www.oliocentrica.it\/de\/#organization\",\"name\":\"Oliocentrica Srls\",\"url\":\"https:\/\/www.oliocentrica.it\/de\/\",\"logo\":{\"@type\":\"ImageObject\",\"inLanguage\":\"de\",\"@id\":\"https:\/\/www.oliocentrica.it\/de\/#\/schema\/logo\/image\/\",\"url\":\"https:\/\/www.oliocentrica.it\/wp-content\/uploads\/2021\/05\/logo_oliocentrica-1.png\",\"contentUrl\":\"https:\/\/www.oliocentrica.it\/wp-content\/uploads\/2021\/05\/logo_oliocentrica-1.png\",\"width\":250,\"height\":81,\"caption\":\"Oliocentrica Srls\"},\"image\":{\"@id\":\"https:\/\/www.oliocentrica.it\/de\/#\/schema\/logo\/image\/\"},\"sameAs\":[\"https:\/\/www.facebook.com\/Oliocentrica\",\"https:\/\/www.instagram.com\/oliocentrica\"]}]}<\/script>\n<!-- \/ Yoast SEO plugin. -->","yoast_head_json":{"title":"Mandel-Streichcreme mit nativem Oliven\u00f6l extra - Oliocentrica","robots":{"index":"index","follow":"follow","max-snippet":"max-snippet:-1","max-image-preview":"max-image-preview:large","max-video-preview":"max-video-preview:-1"},"canonical":"https:\/\/www.oliocentrica.it\/de\/shop\/mandel-streichcreme-mit-nativem-olivenol-extra\/","og_locale":"de_DE","og_type":"article","og_title":"Mandel-Streichcreme mit nativem Oliven\u00f6l extra - Oliocentrica","og_description":"Eine streichf\u00e4hige Creme wie selbstgemacht, nur hochwertige Zutaten. Die ausgew\u00e4hlten und leicht ger\u00f6steten Mandeln werden kalt gemahlen, bis sie mit Hilfe von hochwertigem nativem Oliven\u00f6l extra die richtige Cremigkeit erreichen. Die Antioxidantien des nativen Oliven\u00f6ls extra, kombiniert mit den Vitaminen der Mandel, machen es zu einem nahrhaften und schmackhaften Produkt. Eine zarte und nat\u00fcrliche s\u00fc\u00dfe Creme, die besonders f\u00fcr die Zubereitung von Desserts und Eiscreme empfohlen wird oder einfach auf eine Scheibe M\u00fcslibrot gestrichen wird. Ohne Milch und Derivate und glutenfrei, geeignet f\u00fcr eine vegane Ern\u00e4hrung.","og_url":"https:\/\/www.oliocentrica.it\/de\/shop\/mandel-streichcreme-mit-nativem-olivenol-extra\/","og_site_name":"Oliocentrica","article_publisher":"https:\/\/www.facebook.com\/Oliocentrica","article_modified_time":"2023-11-09T12:01:06+00:00","og_image":[{"width":800,"height":800,"url":"https:\/\/www.oliocentrica.it\/wp-content\/uploads\/2021\/05\/oliocentrica-crema-mandorla.jpg","type":"image\/jpeg"}],"twitter_card":"summary_large_image","schema":{"@context":"https:\/\/schema.org","@graph":[{"@type":"WebPage","@id":"https:\/\/www.oliocentrica.it\/de\/shop\/mandel-streichcreme-mit-nativem-olivenol-extra\/","url":"https:\/\/www.oliocentrica.it\/de\/shop\/mandel-streichcreme-mit-nativem-olivenol-extra\/","name":"Mandel-Streichcreme mit nativem Oliven\u00f6l extra - Oliocentrica","isPartOf":{"@id":"https:\/\/www.oliocentrica.it\/de\/#website"},"primaryImageOfPage":{"@id":"https:\/\/www.oliocentrica.it\/de\/shop\/mandel-streichcreme-mit-nativem-olivenol-extra\/#primaryimage"},"image":{"@id":"https:\/\/www.oliocentrica.it\/de\/shop\/mandel-streichcreme-mit-nativem-olivenol-extra\/#primaryimage"},"thumbnailUrl":"https:\/\/www.oliocentrica.it\/wp-content\/uploads\/2021\/05\/oliocentrica-crema-mandorla.jpg","datePublished":"2021-05-10T12:30:16+00:00","dateModified":"2023-11-09T12:01:06+00:00","breadcrumb":{"@id":"https:\/\/www.oliocentrica.it\/de\/shop\/mandel-streichcreme-mit-nativem-olivenol-extra\/#breadcrumb"},"inLanguage":"de","potentialAction":[{"@type":"ReadAction","target":["https:\/\/www.oliocentrica.it\/de\/shop\/mandel-streichcreme-mit-nativem-olivenol-extra\/"]}]},{"@type":"ImageObject","inLanguage":"de","@id":"https:\/\/www.oliocentrica.it\/de\/shop\/mandel-streichcreme-mit-nativem-olivenol-extra\/#primaryimage","url":"https:\/\/www.oliocentrica.it\/wp-content\/uploads\/2021\/05\/oliocentrica-crema-mandorla.jpg","contentUrl":"https:\/\/www.oliocentrica.it\/wp-content\/uploads\/2021\/05\/oliocentrica-crema-mandorla.jpg","width":800,"height":800},{"@type":"BreadcrumbList","@id":"https:\/\/www.oliocentrica.it\/de\/shop\/mandel-streichcreme-mit-nativem-olivenol-extra\/#breadcrumb","itemListElement":[{"@type":"ListItem","position":1,"name":"Home","item":"https:\/\/www.oliocentrica.it\/de\/"},{"@type":"ListItem","position":2,"name":"Shop","item":"https:\/\/www.oliocentrica.it\/de\/shop\/"},{"@type":"ListItem","position":3,"name":"Mandel-Streichcreme mit nativem Oliven\u00f6l extra"}]},{"@type":"WebSite","@id":"https:\/\/www.oliocentrica.it\/de\/#website","url":"https:\/\/www.oliocentrica.it\/de\/","name":"Oliocentrica","description":"il filo d\u2019olio tra cibo e salute","publisher":{"@id":"https:\/\/www.oliocentrica.it\/de\/#organization"},"potentialAction":[{"@type":"SearchAction","target":{"@type":"EntryPoint","urlTemplate":"https:\/\/www.oliocentrica.it\/de\/?s={search_term_string}"},"query-input":{"@type":"PropertyValueSpecification","valueRequired":true,"valueName":"search_term_string"}}],"inLanguage":"de"},{"@type":"Organization","@id":"https:\/\/www.oliocentrica.it\/de\/#organization","name":"Oliocentrica Srls","url":"https:\/\/www.oliocentrica.it\/de\/","logo":{"@type":"ImageObject","inLanguage":"de","@id":"https:\/\/www.oliocentrica.it\/de\/#\/schema\/logo\/image\/","url":"https:\/\/www.oliocentrica.it\/wp-content\/uploads\/2021\/05\/logo_oliocentrica-1.png","contentUrl":"https:\/\/www.oliocentrica.it\/wp-content\/uploads\/2021\/05\/logo_oliocentrica-1.png","width":250,"height":81,"caption":"Oliocentrica Srls"},"image":{"@id":"https:\/\/www.oliocentrica.it\/de\/#\/schema\/logo\/image\/"},"sameAs":["https:\/\/www.facebook.com\/Oliocentrica","https:\/\/www.instagram.com\/oliocentrica"]}]}},"brands":[{"id":253,"name":"Oliocentrica","slug":"oliocentrica"}],"_links":{"self":[{"href":"https:\/\/www.oliocentrica.it\/de\/wp-json\/wp\/v2\/product\/14862"}],"collection":[{"href":"https:\/\/www.oliocentrica.it\/de\/wp-json\/wp\/v2\/product"}],"about":[{"href":"https:\/\/www.oliocentrica.it\/de\/wp-json\/wp\/v2\/types\/product"}],"replies":[{"embeddable":true,"href":"https:\/\/www.oliocentrica.it\/de\/wp-json\/wp\/v2\/comments?post=14862"}],"wp:featuredmedia":[{"embeddable":true,"href":"https:\/\/www.oliocentrica.it\/de\/wp-json\/wp\/v2\/media\/13726"}],"wp:attachment":[{"href":"https:\/\/www.oliocentrica.it\/de\/wp-json\/wp\/v2\/media?parent=14862"}],"wp:term":[{"taxonomy":"pwb-brand","embeddable":true,"href":"https:\/\/www.oliocentrica.it\/de\/wp-json\/wp\/v2\/pwb-brand?post=14862"},{"taxonomy":"product_cat","embeddable":true,"href":"https:\/\/www.oliocentrica.it\/de\/wp-json\/wp\/v2\/product_cat?post=14862"},{"taxonomy":"product_tag","embeddable":true,"href":"https:\/\/www.oliocentrica.it\/de\/wp-json\/wp\/v2\/product_tag?post=14862"}],"curies":[{"name":"wp","href":"https:\/\/api.w.org\/{rel}","templated":true}]}}