{"id":14860,"date":"2021-05-10T14:44:08","date_gmt":"2021-05-10T12:44:08","guid":{"rendered":"https:\/\/www.oliocentrica.it\/shop\/cioccolive\/"},"modified":"2023-12-10T10:52:31","modified_gmt":"2023-12-10T09:52:31","slug":"cioccolive","status":"publish","type":"product","link":"https:\/\/www.oliocentrica.it\/de\/shop\/cioccolive\/","title":{"rendered":"Cioccolive"},"content":{"rendered":"<p><strong>Zutaten<\/strong>: Oliven der Sorte Itrana 60%, Zucker, Kakaomasse, Kakaobutter, Speisesalz, nat\u00fcrliches Vanillearoma, Sojalecithinemulgator, S\u00e4uerungsmittel<\/p>\n<p>120-g-Glas<\/p>\n<p><strong>Aufbewahrung<\/strong>: An einem trockenen, lichtgesch\u00fctzten Ort bei einer Temperatur zwischen 15 \u00b0C und 18 \u00b0C lagern, niemals im K\u00fchlschrank (Feuchtigkeit ist der schlimmste Feind von Schokolade). Vermeiden Sie pl\u00f6tzliche Temperatur\u00e4nderungen. Jede wei\u00dfe Patina, die auf der Schokolade erscheint, ist die nat\u00fcrliche Oberfl\u00e4che von Kakaobutter bei nicht optimalen Lagerbedingungen<\/p>\n","protected":false},"excerpt":{"rendered":"<p>Francesco Fiortini und sein Vater Sebastiano haben im Chocolart-Labor in Itri eine weitere K\u00f6stlichkeit f\u00fcr alle Oliocentrici-Freunde kreiert: Schokoladen-Oliven.<br \/>\nSie sind das Ergebnis jahrelanger Experimente, Studien und Vergleiche mit Olivenbauern, Frantoiani und erfahrenen Verkostern.<br \/>\nDie Zubereitung dauert etwa 10\/12 Tage ab dem Kauf der Olive (Itrana in Salzlake), diese wird entkernt und kandiert, nach dem gleichen Verfahren wie bei Obst, und dann mit Schokolade \u00fcberzogen. Es werden zwei Sorten verwendet: eine extra dunkle Schokolade der Sorte Trinitario und eine dunkle Schokolade mit 70 % Single Origin Cru aus Venezuela.<br \/>\nEin Geschmackskontrast, auf den Sie in Momenten der Entspannung nicht verzichten k\u00f6nnen.<br \/>\nIdeal zum Abschluss einer Mahlzeit und originell in Ihrer Kaffeepause.<br \/>\nSehr willkommenes Geschenk!<\/p>\n","protected":false},"featured_media":13730,"comment_status":"open","ping_status":"closed","template":"","meta":[],"pwb-brand":[253],"product_cat":[249],"product_tag":[],"acf":[],"yoast_head":"<!-- This site is optimized with the Yoast SEO plugin v24.5 - https:\/\/yoast.com\/wordpress\/plugins\/seo\/ -->\n<title>Cioccolive - Oliocentrica<\/title>\n<meta name=\"robots\" content=\"index, follow, max-snippet:-1, max-image-preview:large, max-video-preview:-1\" \/>\n<link rel=\"canonical\" href=\"https:\/\/www.oliocentrica.it\/de\/shop\/cioccolive\/\" \/>\n<meta property=\"og:locale\" content=\"de_DE\" \/>\n<meta property=\"og:type\" content=\"article\" \/>\n<meta property=\"og:title\" content=\"Cioccolive - Oliocentrica\" \/>\n<meta property=\"og:description\" content=\"Francesco Fiortini und sein Vater Sebastiano haben im Chocolart-Labor in Itri eine weitere K\u00f6stlichkeit f\u00fcr alle Oliocentrici-Freunde kreiert: Schokoladen-Oliven. Sie sind das Ergebnis jahrelanger Experimente, Studien und Vergleiche mit Olivenbauern, Frantoiani und erfahrenen Verkostern. Die Zubereitung dauert etwa 10\/12 Tage ab dem Kauf der Olive (Itrana in Salzlake), diese wird entkernt und kandiert, nach dem gleichen Verfahren wie bei Obst, und dann mit Schokolade \u00fcberzogen. Es werden zwei Sorten verwendet: eine extra dunkle Schokolade der Sorte Trinitario und eine dunkle Schokolade mit 70 % Single Origin Cru aus Venezuela. Ein Geschmackskontrast, auf den Sie in Momenten der Entspannung nicht verzichten k\u00f6nnen. Ideal zum Abschluss einer Mahlzeit und originell in Ihrer Kaffeepause. Sehr willkommenes Geschenk!\" \/>\n<meta property=\"og:url\" content=\"https:\/\/www.oliocentrica.it\/de\/shop\/cioccolive\/\" \/>\n<meta property=\"og:site_name\" content=\"Oliocentrica\" \/>\n<meta property=\"article:publisher\" content=\"https:\/\/www.facebook.com\/Oliocentrica\" \/>\n<meta property=\"article:modified_time\" content=\"2023-12-10T09:52:31+00:00\" \/>\n<meta property=\"og:image\" content=\"https:\/\/www.oliocentrica.it\/wp-content\/uploads\/2021\/05\/oliocentrica-cioccolive.jpg\" \/>\n\t<meta property=\"og:image:width\" content=\"800\" \/>\n\t<meta property=\"og:image:height\" content=\"800\" \/>\n\t<meta property=\"og:image:type\" content=\"image\/jpeg\" \/>\n<meta name=\"twitter:card\" content=\"summary_large_image\" \/>\n<script type=\"application\/ld+json\" class=\"yoast-schema-graph\">{\"@context\":\"https:\/\/schema.org\",\"@graph\":[{\"@type\":\"WebPage\",\"@id\":\"https:\/\/www.oliocentrica.it\/de\/shop\/cioccolive\/\",\"url\":\"https:\/\/www.oliocentrica.it\/de\/shop\/cioccolive\/\",\"name\":\"Cioccolive - Oliocentrica\",\"isPartOf\":{\"@id\":\"https:\/\/www.oliocentrica.it\/de\/#website\"},\"primaryImageOfPage\":{\"@id\":\"https:\/\/www.oliocentrica.it\/de\/shop\/cioccolive\/#primaryimage\"},\"image\":{\"@id\":\"https:\/\/www.oliocentrica.it\/de\/shop\/cioccolive\/#primaryimage\"},\"thumbnailUrl\":\"https:\/\/www.oliocentrica.it\/wp-content\/uploads\/2021\/05\/oliocentrica-cioccolive.jpg\",\"datePublished\":\"2021-05-10T12:44:08+00:00\",\"dateModified\":\"2023-12-10T09:52:31+00:00\",\"breadcrumb\":{\"@id\":\"https:\/\/www.oliocentrica.it\/de\/shop\/cioccolive\/#breadcrumb\"},\"inLanguage\":\"de\",\"potentialAction\":[{\"@type\":\"ReadAction\",\"target\":[\"https:\/\/www.oliocentrica.it\/de\/shop\/cioccolive\/\"]}]},{\"@type\":\"ImageObject\",\"inLanguage\":\"de\",\"@id\":\"https:\/\/www.oliocentrica.it\/de\/shop\/cioccolive\/#primaryimage\",\"url\":\"https:\/\/www.oliocentrica.it\/wp-content\/uploads\/2021\/05\/oliocentrica-cioccolive.jpg\",\"contentUrl\":\"https:\/\/www.oliocentrica.it\/wp-content\/uploads\/2021\/05\/oliocentrica-cioccolive.jpg\",\"width\":800,\"height\":800},{\"@type\":\"BreadcrumbList\",\"@id\":\"https:\/\/www.oliocentrica.it\/de\/shop\/cioccolive\/#breadcrumb\",\"itemListElement\":[{\"@type\":\"ListItem\",\"position\":1,\"name\":\"Home\",\"item\":\"https:\/\/www.oliocentrica.it\/de\/\"},{\"@type\":\"ListItem\",\"position\":2,\"name\":\"Shop\",\"item\":\"https:\/\/www.oliocentrica.it\/de\/shop\/\"},{\"@type\":\"ListItem\",\"position\":3,\"name\":\"Cioccolive\"}]},{\"@type\":\"WebSite\",\"@id\":\"https:\/\/www.oliocentrica.it\/de\/#website\",\"url\":\"https:\/\/www.oliocentrica.it\/de\/\",\"name\":\"Oliocentrica\",\"description\":\"il filo d\u2019olio tra cibo e salute\",\"publisher\":{\"@id\":\"https:\/\/www.oliocentrica.it\/de\/#organization\"},\"potentialAction\":[{\"@type\":\"SearchAction\",\"target\":{\"@type\":\"EntryPoint\",\"urlTemplate\":\"https:\/\/www.oliocentrica.it\/de\/?s={search_term_string}\"},\"query-input\":{\"@type\":\"PropertyValueSpecification\",\"valueRequired\":true,\"valueName\":\"search_term_string\"}}],\"inLanguage\":\"de\"},{\"@type\":\"Organization\",\"@id\":\"https:\/\/www.oliocentrica.it\/de\/#organization\",\"name\":\"Oliocentrica Srls\",\"url\":\"https:\/\/www.oliocentrica.it\/de\/\",\"logo\":{\"@type\":\"ImageObject\",\"inLanguage\":\"de\",\"@id\":\"https:\/\/www.oliocentrica.it\/de\/#\/schema\/logo\/image\/\",\"url\":\"https:\/\/www.oliocentrica.it\/wp-content\/uploads\/2021\/05\/logo_oliocentrica-1.png\",\"contentUrl\":\"https:\/\/www.oliocentrica.it\/wp-content\/uploads\/2021\/05\/logo_oliocentrica-1.png\",\"width\":250,\"height\":81,\"caption\":\"Oliocentrica Srls\"},\"image\":{\"@id\":\"https:\/\/www.oliocentrica.it\/de\/#\/schema\/logo\/image\/\"},\"sameAs\":[\"https:\/\/www.facebook.com\/Oliocentrica\",\"https:\/\/www.instagram.com\/oliocentrica\"]}]}<\/script>\n<!-- \/ Yoast SEO plugin. -->","yoast_head_json":{"title":"Cioccolive - Oliocentrica","robots":{"index":"index","follow":"follow","max-snippet":"max-snippet:-1","max-image-preview":"max-image-preview:large","max-video-preview":"max-video-preview:-1"},"canonical":"https:\/\/www.oliocentrica.it\/de\/shop\/cioccolive\/","og_locale":"de_DE","og_type":"article","og_title":"Cioccolive - Oliocentrica","og_description":"Francesco Fiortini und sein Vater Sebastiano haben im Chocolart-Labor in Itri eine weitere K\u00f6stlichkeit f\u00fcr alle Oliocentrici-Freunde kreiert: Schokoladen-Oliven. Sie sind das Ergebnis jahrelanger Experimente, Studien und Vergleiche mit Olivenbauern, Frantoiani und erfahrenen Verkostern. Die Zubereitung dauert etwa 10\/12 Tage ab dem Kauf der Olive (Itrana in Salzlake), diese wird entkernt und kandiert, nach dem gleichen Verfahren wie bei Obst, und dann mit Schokolade \u00fcberzogen. Es werden zwei Sorten verwendet: eine extra dunkle Schokolade der Sorte Trinitario und eine dunkle Schokolade mit 70 % Single Origin Cru aus Venezuela. Ein Geschmackskontrast, auf den Sie in Momenten der Entspannung nicht verzichten k\u00f6nnen. Ideal zum Abschluss einer Mahlzeit und originell in Ihrer Kaffeepause. Sehr willkommenes Geschenk!","og_url":"https:\/\/www.oliocentrica.it\/de\/shop\/cioccolive\/","og_site_name":"Oliocentrica","article_publisher":"https:\/\/www.facebook.com\/Oliocentrica","article_modified_time":"2023-12-10T09:52:31+00:00","og_image":[{"width":800,"height":800,"url":"https:\/\/www.oliocentrica.it\/wp-content\/uploads\/2021\/05\/oliocentrica-cioccolive.jpg","type":"image\/jpeg"}],"twitter_card":"summary_large_image","schema":{"@context":"https:\/\/schema.org","@graph":[{"@type":"WebPage","@id":"https:\/\/www.oliocentrica.it\/de\/shop\/cioccolive\/","url":"https:\/\/www.oliocentrica.it\/de\/shop\/cioccolive\/","name":"Cioccolive - Oliocentrica","isPartOf":{"@id":"https:\/\/www.oliocentrica.it\/de\/#website"},"primaryImageOfPage":{"@id":"https:\/\/www.oliocentrica.it\/de\/shop\/cioccolive\/#primaryimage"},"image":{"@id":"https:\/\/www.oliocentrica.it\/de\/shop\/cioccolive\/#primaryimage"},"thumbnailUrl":"https:\/\/www.oliocentrica.it\/wp-content\/uploads\/2021\/05\/oliocentrica-cioccolive.jpg","datePublished":"2021-05-10T12:44:08+00:00","dateModified":"2023-12-10T09:52:31+00:00","breadcrumb":{"@id":"https:\/\/www.oliocentrica.it\/de\/shop\/cioccolive\/#breadcrumb"},"inLanguage":"de","potentialAction":[{"@type":"ReadAction","target":["https:\/\/www.oliocentrica.it\/de\/shop\/cioccolive\/"]}]},{"@type":"ImageObject","inLanguage":"de","@id":"https:\/\/www.oliocentrica.it\/de\/shop\/cioccolive\/#primaryimage","url":"https:\/\/www.oliocentrica.it\/wp-content\/uploads\/2021\/05\/oliocentrica-cioccolive.jpg","contentUrl":"https:\/\/www.oliocentrica.it\/wp-content\/uploads\/2021\/05\/oliocentrica-cioccolive.jpg","width":800,"height":800},{"@type":"BreadcrumbList","@id":"https:\/\/www.oliocentrica.it\/de\/shop\/cioccolive\/#breadcrumb","itemListElement":[{"@type":"ListItem","position":1,"name":"Home","item":"https:\/\/www.oliocentrica.it\/de\/"},{"@type":"ListItem","position":2,"name":"Shop","item":"https:\/\/www.oliocentrica.it\/de\/shop\/"},{"@type":"ListItem","position":3,"name":"Cioccolive"}]},{"@type":"WebSite","@id":"https:\/\/www.oliocentrica.it\/de\/#website","url":"https:\/\/www.oliocentrica.it\/de\/","name":"Oliocentrica","description":"il filo d\u2019olio tra cibo e salute","publisher":{"@id":"https:\/\/www.oliocentrica.it\/de\/#organization"},"potentialAction":[{"@type":"SearchAction","target":{"@type":"EntryPoint","urlTemplate":"https:\/\/www.oliocentrica.it\/de\/?s={search_term_string}"},"query-input":{"@type":"PropertyValueSpecification","valueRequired":true,"valueName":"search_term_string"}}],"inLanguage":"de"},{"@type":"Organization","@id":"https:\/\/www.oliocentrica.it\/de\/#organization","name":"Oliocentrica Srls","url":"https:\/\/www.oliocentrica.it\/de\/","logo":{"@type":"ImageObject","inLanguage":"de","@id":"https:\/\/www.oliocentrica.it\/de\/#\/schema\/logo\/image\/","url":"https:\/\/www.oliocentrica.it\/wp-content\/uploads\/2021\/05\/logo_oliocentrica-1.png","contentUrl":"https:\/\/www.oliocentrica.it\/wp-content\/uploads\/2021\/05\/logo_oliocentrica-1.png","width":250,"height":81,"caption":"Oliocentrica Srls"},"image":{"@id":"https:\/\/www.oliocentrica.it\/de\/#\/schema\/logo\/image\/"},"sameAs":["https:\/\/www.facebook.com\/Oliocentrica","https:\/\/www.instagram.com\/oliocentrica"]}]}},"brands":[{"id":253,"name":"Oliocentrica","slug":"oliocentrica"}],"_links":{"self":[{"href":"https:\/\/www.oliocentrica.it\/de\/wp-json\/wp\/v2\/product\/14860"}],"collection":[{"href":"https:\/\/www.oliocentrica.it\/de\/wp-json\/wp\/v2\/product"}],"about":[{"href":"https:\/\/www.oliocentrica.it\/de\/wp-json\/wp\/v2\/types\/product"}],"replies":[{"embeddable":true,"href":"https:\/\/www.oliocentrica.it\/de\/wp-json\/wp\/v2\/comments?post=14860"}],"wp:featuredmedia":[{"embeddable":true,"href":"https:\/\/www.oliocentrica.it\/de\/wp-json\/wp\/v2\/media\/13730"}],"wp:attachment":[{"href":"https:\/\/www.oliocentrica.it\/de\/wp-json\/wp\/v2\/media?parent=14860"}],"wp:term":[{"taxonomy":"pwb-brand","embeddable":true,"href":"https:\/\/www.oliocentrica.it\/de\/wp-json\/wp\/v2\/pwb-brand?post=14860"},{"taxonomy":"product_cat","embeddable":true,"href":"https:\/\/www.oliocentrica.it\/de\/wp-json\/wp\/v2\/product_cat?post=14860"},{"taxonomy":"product_tag","embeddable":true,"href":"https:\/\/www.oliocentrica.it\/de\/wp-json\/wp\/v2\/product_tag?post=14860"}],"curies":[{"name":"wp","href":"https:\/\/api.w.org\/{rel}","templated":true}]}}