{"id":14858,"date":"2021-05-18T13:58:50","date_gmt":"2021-05-18T11:58:50","guid":{"rendered":"https:\/\/www.oliocentrica.it\/shop\/a1980bio\/"},"modified":"2023-11-02T13:46:53","modified_gmt":"2023-11-02T12:46:53","slug":"a1980bio","status":"publish","type":"product","link":"https:\/\/www.oliocentrica.it\/de\/shop\/a1980bio\/","title":{"rendered":"A1980BIO"},"content":{"rendered":"<p><strong><em>Mittel fruchtig<\/em><\/strong><\/p>\n<p><strong>Duft<\/strong>: frische Kr\u00e4uternoten, geschnittener Salat, gem\u00e4htes Gras, Mandel- und balsamische Noten<\/p>\n<p><strong>Geschmack:<\/strong> gem\u00e4\u00dfigt und ausgewogen bitter und w\u00fcrzig<\/p>\n<p>Probieren Sie es mit\u2026 Salaten, gegrilltem Fleisch, hei\u00dfen Suppen<\/p>\n<p><strong>Geografisches Gebiet und Gebiet<\/strong>: Tuscia &#8211; Montefiascone (Latium)<\/p>\n<p><strong>Olivenkampagne<\/strong>: 2023\/2024<\/p>\n<p><strong>Gr\u00f6\u00dfen<\/strong>: 0,50L<\/p>\n<p><strong>Mischung aus Olivensorten<\/strong>: Frantoio, Moraiolo, Leccino, Pendolino und Caninese<\/p>\n<p><strong>Produktionsmethode<\/strong>: moderne Extraktionstechniken, kontinuierlicher \/ kalter Zyklus<\/p>\n<p><strong>Konservierungsmethode<\/strong>: kontrollierte Temperaturen<br \/>\n_______________________________________<\/p>\n<p>Auszeichnungen und Gastronomische F\u00fchrer<\/p>\n<p><strong>Slow-Food-Leitfaden<\/strong><\/p>\n<p><strong>Twig d&#8217;Oro Nationaler Oliven\u00f6lwettbewerb 2021 1. Platz leicht fruchtig<\/strong><br \/>\n_______________________________________<\/p>\n<p><em>Weitere Informationen gelten f\u00fcr alle unsere nativen Oliven\u00f6le extra<\/em><\/p>\n<p><strong>Zutaten<\/strong>: 100 % italienische Oliven, im richtigen Reifegrad geerntet und in Italien mit mechanischen Verfahren gepresst<br \/>\n<strong>Lagerung<\/strong>: fern von Licht, W\u00e4rmequellen, schlechten Ger\u00fcchen und in hermetisch verschlossenen Flaschen. Denken Sie daran, dass natives Oliven\u00f6l extra der Feind von Licht, Hitze und Luft ist<br \/>\n<strong>Frist<\/strong>: innerhalb von 18 Monaten ab dem Datum der Abf\u00fcllung (Frist, innerhalb derer Sie von den N\u00e4hrwerten des nativen Oliven\u00f6ls extra profitieren k\u00f6nnen)<br \/>\n<strong>Verwendung<\/strong>: t\u00e4glich roh oder zum kurzen Garen bei moderaten Temperaturen<\/p>\n","protected":false},"excerpt":{"rendered":"<p><strong><em>Mittelfruchtig<\/em><\/strong><\/p>\n<p>Die A1980-Selektionen von Alessandra Nicolai sind aus der Liebe zum Territorium der Tuscia und aus der Familientradition des Olivenanbaus entstanden.<\/p>\n<p>Das Unternehmen wurde vor kurzem gegr\u00fcndet und befindet sich in Montefiascone in der Provinz Viterbo. Die Caninesische Olivensorte macht sich die Ehre, darunter Leccino, Frantoio, Pendolino, Moraiolo und Maurino.<\/p>\n<p>Die Vorteile des n\u00e4hrstoffreichen Sandbodens vulkanischen Ursprungs und des au\u00dfergew\u00f6hnlichen Mikroklimas, das durch das Vorhandensein des Bolsenasees beg\u00fcnstigt wird, spiegeln sich in der Struktur der \u00d6le mit einem \u00fcberraschenden organoleptischen Profil wider.<\/p>\n<p><strong>Olivenkampagne: 2023\/2024<\/strong><\/p>\n","protected":false},"featured_media":13740,"comment_status":"closed","ping_status":"closed","template":"","meta":[],"pwb-brand":[194],"product_cat":[252],"product_tag":[],"acf":[],"yoast_head":"<!-- This site is optimized with the Yoast SEO plugin v24.5 - https:\/\/yoast.com\/wordpress\/plugins\/seo\/ -->\n<title>A1980BIO - Oliocentrica<\/title>\n<meta name=\"robots\" content=\"index, follow, max-snippet:-1, max-image-preview:large, max-video-preview:-1\" \/>\n<link rel=\"canonical\" href=\"https:\/\/www.oliocentrica.it\/de\/shop\/a1980bio\/\" \/>\n<meta property=\"og:locale\" content=\"de_DE\" \/>\n<meta property=\"og:type\" content=\"article\" \/>\n<meta property=\"og:title\" content=\"A1980BIO - Oliocentrica\" \/>\n<meta property=\"og:description\" content=\"Mittelfruchtig  Die A1980-Selektionen von Alessandra Nicolai sind aus der Liebe zum Territorium der Tuscia und aus der Familientradition des Olivenanbaus entstanden.  Das Unternehmen wurde vor kurzem gegr\u00fcndet und befindet sich in Montefiascone in der Provinz Viterbo. Die Caninesische Olivensorte macht sich die Ehre, darunter Leccino, Frantoio, Pendolino, Moraiolo und Maurino.  Die Vorteile des n\u00e4hrstoffreichen Sandbodens vulkanischen Ursprungs und des au\u00dfergew\u00f6hnlichen Mikroklimas, das durch das Vorhandensein des Bolsenasees beg\u00fcnstigt wird, spiegeln sich in der Struktur der \u00d6le mit einem \u00fcberraschenden organoleptischen Profil wider.  Olivenkampagne: 2023\/2024\" \/>\n<meta property=\"og:url\" content=\"https:\/\/www.oliocentrica.it\/de\/shop\/a1980bio\/\" \/>\n<meta property=\"og:site_name\" content=\"Oliocentrica\" \/>\n<meta property=\"article:publisher\" content=\"https:\/\/www.facebook.com\/Oliocentrica\" \/>\n<meta property=\"article:modified_time\" content=\"2023-11-02T12:46:53+00:00\" \/>\n<meta property=\"og:image\" content=\"https:\/\/www.oliocentrica.it\/wp-content\/uploads\/2021\/05\/oliocentrica-a1980bio.jpg\" \/>\n\t<meta property=\"og:image:width\" content=\"800\" \/>\n\t<meta property=\"og:image:height\" content=\"800\" \/>\n\t<meta property=\"og:image:type\" content=\"image\/jpeg\" \/>\n<meta name=\"twitter:card\" content=\"summary_large_image\" \/>\n<meta name=\"twitter:label1\" content=\"Gesch\u00e4tzte Lesezeit\" \/>\n\t<meta name=\"twitter:data1\" content=\"1\u00a0Minute\" \/>\n<script type=\"application\/ld+json\" class=\"yoast-schema-graph\">{\"@context\":\"https:\/\/schema.org\",\"@graph\":[{\"@type\":\"WebPage\",\"@id\":\"https:\/\/www.oliocentrica.it\/de\/shop\/a1980bio\/\",\"url\":\"https:\/\/www.oliocentrica.it\/de\/shop\/a1980bio\/\",\"name\":\"A1980BIO - Oliocentrica\",\"isPartOf\":{\"@id\":\"https:\/\/www.oliocentrica.it\/de\/#website\"},\"primaryImageOfPage\":{\"@id\":\"https:\/\/www.oliocentrica.it\/de\/shop\/a1980bio\/#primaryimage\"},\"image\":{\"@id\":\"https:\/\/www.oliocentrica.it\/de\/shop\/a1980bio\/#primaryimage\"},\"thumbnailUrl\":\"https:\/\/www.oliocentrica.it\/wp-content\/uploads\/2021\/05\/oliocentrica-a1980bio.jpg\",\"datePublished\":\"2021-05-18T11:58:50+00:00\",\"dateModified\":\"2023-11-02T12:46:53+00:00\",\"breadcrumb\":{\"@id\":\"https:\/\/www.oliocentrica.it\/de\/shop\/a1980bio\/#breadcrumb\"},\"inLanguage\":\"de\",\"potentialAction\":[{\"@type\":\"ReadAction\",\"target\":[\"https:\/\/www.oliocentrica.it\/de\/shop\/a1980bio\/\"]}]},{\"@type\":\"ImageObject\",\"inLanguage\":\"de\",\"@id\":\"https:\/\/www.oliocentrica.it\/de\/shop\/a1980bio\/#primaryimage\",\"url\":\"https:\/\/www.oliocentrica.it\/wp-content\/uploads\/2021\/05\/oliocentrica-a1980bio.jpg\",\"contentUrl\":\"https:\/\/www.oliocentrica.it\/wp-content\/uploads\/2021\/05\/oliocentrica-a1980bio.jpg\",\"width\":800,\"height\":800},{\"@type\":\"BreadcrumbList\",\"@id\":\"https:\/\/www.oliocentrica.it\/de\/shop\/a1980bio\/#breadcrumb\",\"itemListElement\":[{\"@type\":\"ListItem\",\"position\":1,\"name\":\"Home\",\"item\":\"https:\/\/www.oliocentrica.it\/de\/\"},{\"@type\":\"ListItem\",\"position\":2,\"name\":\"Shop\",\"item\":\"https:\/\/www.oliocentrica.it\/de\/shop\/\"},{\"@type\":\"ListItem\",\"position\":3,\"name\":\"A1980BIO\"}]},{\"@type\":\"WebSite\",\"@id\":\"https:\/\/www.oliocentrica.it\/de\/#website\",\"url\":\"https:\/\/www.oliocentrica.it\/de\/\",\"name\":\"Oliocentrica\",\"description\":\"il filo d\u2019olio tra cibo e salute\",\"publisher\":{\"@id\":\"https:\/\/www.oliocentrica.it\/de\/#organization\"},\"potentialAction\":[{\"@type\":\"SearchAction\",\"target\":{\"@type\":\"EntryPoint\",\"urlTemplate\":\"https:\/\/www.oliocentrica.it\/de\/?s={search_term_string}\"},\"query-input\":{\"@type\":\"PropertyValueSpecification\",\"valueRequired\":true,\"valueName\":\"search_term_string\"}}],\"inLanguage\":\"de\"},{\"@type\":\"Organization\",\"@id\":\"https:\/\/www.oliocentrica.it\/de\/#organization\",\"name\":\"Oliocentrica Srls\",\"url\":\"https:\/\/www.oliocentrica.it\/de\/\",\"logo\":{\"@type\":\"ImageObject\",\"inLanguage\":\"de\",\"@id\":\"https:\/\/www.oliocentrica.it\/de\/#\/schema\/logo\/image\/\",\"url\":\"https:\/\/www.oliocentrica.it\/wp-content\/uploads\/2021\/05\/logo_oliocentrica-1.png\",\"contentUrl\":\"https:\/\/www.oliocentrica.it\/wp-content\/uploads\/2021\/05\/logo_oliocentrica-1.png\",\"width\":250,\"height\":81,\"caption\":\"Oliocentrica Srls\"},\"image\":{\"@id\":\"https:\/\/www.oliocentrica.it\/de\/#\/schema\/logo\/image\/\"},\"sameAs\":[\"https:\/\/www.facebook.com\/Oliocentrica\",\"https:\/\/www.instagram.com\/oliocentrica\"]}]}<\/script>\n<!-- \/ Yoast SEO plugin. -->","yoast_head_json":{"title":"A1980BIO - Oliocentrica","robots":{"index":"index","follow":"follow","max-snippet":"max-snippet:-1","max-image-preview":"max-image-preview:large","max-video-preview":"max-video-preview:-1"},"canonical":"https:\/\/www.oliocentrica.it\/de\/shop\/a1980bio\/","og_locale":"de_DE","og_type":"article","og_title":"A1980BIO - Oliocentrica","og_description":"Mittelfruchtig  Die A1980-Selektionen von Alessandra Nicolai sind aus der Liebe zum Territorium der Tuscia und aus der Familientradition des Olivenanbaus entstanden.  Das Unternehmen wurde vor kurzem gegr\u00fcndet und befindet sich in Montefiascone in der Provinz Viterbo. Die Caninesische Olivensorte macht sich die Ehre, darunter Leccino, Frantoio, Pendolino, Moraiolo und Maurino.  Die Vorteile des n\u00e4hrstoffreichen Sandbodens vulkanischen Ursprungs und des au\u00dfergew\u00f6hnlichen Mikroklimas, das durch das Vorhandensein des Bolsenasees beg\u00fcnstigt wird, spiegeln sich in der Struktur der \u00d6le mit einem \u00fcberraschenden organoleptischen Profil wider.  Olivenkampagne: 2023\/2024","og_url":"https:\/\/www.oliocentrica.it\/de\/shop\/a1980bio\/","og_site_name":"Oliocentrica","article_publisher":"https:\/\/www.facebook.com\/Oliocentrica","article_modified_time":"2023-11-02T12:46:53+00:00","og_image":[{"width":800,"height":800,"url":"https:\/\/www.oliocentrica.it\/wp-content\/uploads\/2021\/05\/oliocentrica-a1980bio.jpg","type":"image\/jpeg"}],"twitter_card":"summary_large_image","twitter_misc":{"Gesch\u00e4tzte Lesezeit":"1\u00a0Minute"},"schema":{"@context":"https:\/\/schema.org","@graph":[{"@type":"WebPage","@id":"https:\/\/www.oliocentrica.it\/de\/shop\/a1980bio\/","url":"https:\/\/www.oliocentrica.it\/de\/shop\/a1980bio\/","name":"A1980BIO - Oliocentrica","isPartOf":{"@id":"https:\/\/www.oliocentrica.it\/de\/#website"},"primaryImageOfPage":{"@id":"https:\/\/www.oliocentrica.it\/de\/shop\/a1980bio\/#primaryimage"},"image":{"@id":"https:\/\/www.oliocentrica.it\/de\/shop\/a1980bio\/#primaryimage"},"thumbnailUrl":"https:\/\/www.oliocentrica.it\/wp-content\/uploads\/2021\/05\/oliocentrica-a1980bio.jpg","datePublished":"2021-05-18T11:58:50+00:00","dateModified":"2023-11-02T12:46:53+00:00","breadcrumb":{"@id":"https:\/\/www.oliocentrica.it\/de\/shop\/a1980bio\/#breadcrumb"},"inLanguage":"de","potentialAction":[{"@type":"ReadAction","target":["https:\/\/www.oliocentrica.it\/de\/shop\/a1980bio\/"]}]},{"@type":"ImageObject","inLanguage":"de","@id":"https:\/\/www.oliocentrica.it\/de\/shop\/a1980bio\/#primaryimage","url":"https:\/\/www.oliocentrica.it\/wp-content\/uploads\/2021\/05\/oliocentrica-a1980bio.jpg","contentUrl":"https:\/\/www.oliocentrica.it\/wp-content\/uploads\/2021\/05\/oliocentrica-a1980bio.jpg","width":800,"height":800},{"@type":"BreadcrumbList","@id":"https:\/\/www.oliocentrica.it\/de\/shop\/a1980bio\/#breadcrumb","itemListElement":[{"@type":"ListItem","position":1,"name":"Home","item":"https:\/\/www.oliocentrica.it\/de\/"},{"@type":"ListItem","position":2,"name":"Shop","item":"https:\/\/www.oliocentrica.it\/de\/shop\/"},{"@type":"ListItem","position":3,"name":"A1980BIO"}]},{"@type":"WebSite","@id":"https:\/\/www.oliocentrica.it\/de\/#website","url":"https:\/\/www.oliocentrica.it\/de\/","name":"Oliocentrica","description":"il filo d\u2019olio tra cibo e salute","publisher":{"@id":"https:\/\/www.oliocentrica.it\/de\/#organization"},"potentialAction":[{"@type":"SearchAction","target":{"@type":"EntryPoint","urlTemplate":"https:\/\/www.oliocentrica.it\/de\/?s={search_term_string}"},"query-input":{"@type":"PropertyValueSpecification","valueRequired":true,"valueName":"search_term_string"}}],"inLanguage":"de"},{"@type":"Organization","@id":"https:\/\/www.oliocentrica.it\/de\/#organization","name":"Oliocentrica Srls","url":"https:\/\/www.oliocentrica.it\/de\/","logo":{"@type":"ImageObject","inLanguage":"de","@id":"https:\/\/www.oliocentrica.it\/de\/#\/schema\/logo\/image\/","url":"https:\/\/www.oliocentrica.it\/wp-content\/uploads\/2021\/05\/logo_oliocentrica-1.png","contentUrl":"https:\/\/www.oliocentrica.it\/wp-content\/uploads\/2021\/05\/logo_oliocentrica-1.png","width":250,"height":81,"caption":"Oliocentrica Srls"},"image":{"@id":"https:\/\/www.oliocentrica.it\/de\/#\/schema\/logo\/image\/"},"sameAs":["https:\/\/www.facebook.com\/Oliocentrica","https:\/\/www.instagram.com\/oliocentrica"]}]}},"brands":[{"id":194,"name":"A1980","slug":"a1980"}],"_links":{"self":[{"href":"https:\/\/www.oliocentrica.it\/de\/wp-json\/wp\/v2\/product\/14858"}],"collection":[{"href":"https:\/\/www.oliocentrica.it\/de\/wp-json\/wp\/v2\/product"}],"about":[{"href":"https:\/\/www.oliocentrica.it\/de\/wp-json\/wp\/v2\/types\/product"}],"replies":[{"embeddable":true,"href":"https:\/\/www.oliocentrica.it\/de\/wp-json\/wp\/v2\/comments?post=14858"}],"wp:featuredmedia":[{"embeddable":true,"href":"https:\/\/www.oliocentrica.it\/de\/wp-json\/wp\/v2\/media\/13740"}],"wp:attachment":[{"href":"https:\/\/www.oliocentrica.it\/de\/wp-json\/wp\/v2\/media?parent=14858"}],"wp:term":[{"taxonomy":"pwb-brand","embeddable":true,"href":"https:\/\/www.oliocentrica.it\/de\/wp-json\/wp\/v2\/pwb-brand?post=14858"},{"taxonomy":"product_cat","embeddable":true,"href":"https:\/\/www.oliocentrica.it\/de\/wp-json\/wp\/v2\/product_cat?post=14858"},{"taxonomy":"product_tag","embeddable":true,"href":"https:\/\/www.oliocentrica.it\/de\/wp-json\/wp\/v2\/product_tag?post=14858"}],"curies":[{"name":"wp","href":"https:\/\/api.w.org\/{rel}","templated":true}]}}