{"id":14763,"date":"2021-05-18T15:27:02","date_gmt":"2021-05-18T13:27:02","guid":{"rendered":"https:\/\/www.oliocentrica.it\/shop\/extravergine-di-oliva-bio\/"},"modified":"2023-11-02T13:30:26","modified_gmt":"2023-11-02T12:30:26","slug":"natives-bio-olivenol-extra","status":"publish","type":"product","link":"https:\/\/www.oliocentrica.it\/de\/shop\/natives-bio-olivenol-extra\/","title":{"rendered":"Natives Bio-Oliven\u00f6l Extra"},"content":{"rendered":"<p><strong><em>Mittel fruchtig<\/em><\/strong><\/p>\n<p><strong>Duft<\/strong>: gr\u00fcne Noten von Artischockenbl\u00e4ttern, Salbei, Brennnessel und wei\u00dfem Pfeffer<\/p>\n<p><strong>Geschmack<\/strong>: bitter und w\u00fcrzig in perfekter Harmonie<\/p>\n<p><strong>Probieren Sie es mit<\/strong> &#8230; sautierten R\u00fcben, Kardonenpastete, Timbale von Nudeln mit Meer\u00e4sche und wildem Fenchel, Ravioli mit Wildkr\u00e4utern, geschmortem Zackenbarsch, Kichererbsen-Hummus<\/p>\n<p><strong>Geografisches Gebiet und Territorium:<\/strong> T\u00e4ler von Trapani &#8211; Zwischen Trapani und Marsala<\/p>\n<p><strong>Olivenkampagne:<\/strong> 2021\/2022<\/p>\n<p><strong>Gr\u00f6\u00dfen:<\/strong> 0,50L<\/p>\n<p><strong>Mischung aus Olivensorten:<\/strong> Cerasuola &#8211; Nocellara del Belice &#8211; Biancolilla &#8211; Coratina<\/p>\n<p><strong>Produktionsmethode:<\/strong> Brecher im kontinuierlichen Zyklus (2 \u00bd Phasen), ausgestattet mit einem Zahnscheibenbrecher und Stickstoffsystemen, um ohne Sauerstoff zu arbeiten<\/p>\n<p><strong>Aufbewahrungsmethode:<\/strong> Edelstahlbeh\u00e4lter bei kontrollierter Temperatur.<br \/>\n_______________________________________<\/p>\n<p><em>Auszeichnungen und F\u00fchrer<\/em><\/p>\n<p><strong>Gambero Rosso 2016 Oils Guide DREIBL\u00c4TTER &#8222;Bestes Bio-\u00d6l 2016&#8220;<\/strong><\/p>\n<p><strong>17. Nationaler Wettbewerb f\u00fcr Bio-\u00d6le ORCIOLO D&#8217;ORO: 1. Platz in der Kategorie Mittelfruchtig<\/strong><\/p>\n<p><strong>BIOL SIZILIEN 2016<\/strong><\/p>\n<p><strong>Cronache di Gusto: BEST IN SICILY 2017 \u201eBester Hersteller von nativem Oliven\u00f6l extra\u201c<\/strong><br \/>\n_______________________________________<\/p>\n<p><em>Weitere Informationen gelten f\u00fcr alle unsere nativen Oliven\u00f6le extra<\/em><\/p>\n<p><strong>Zutaten<\/strong>: 100 % italienische Oliven, im richtigen Reifegrad geerntet und in Italien mit mechanischen Verfahren gepresst<br \/>\n<strong>Lagerung:<\/strong> fern von Licht, W\u00e4rmequellen, schlechten Ger\u00fcchen und in hermetisch verschlossenen Flaschen. Denken Sie daran, dass natives Oliven\u00f6l extra der Feind von Licht, Hitze und Luft ist<br \/>\n<strong>Frist:<\/strong> innerhalb von 18 Monaten ab dem Datum der Abf\u00fcllung (Frist, innerhalb derer Sie von den N\u00e4hrwerten des nativen Oliven\u00f6ls extra profitieren k\u00f6nnen)<br \/>\n<strong>Verwendung:<\/strong> t\u00e4glich roh oder zum kurzen Garen bei moderaten Temperaturen<\/p>\n","protected":false},"excerpt":{"rendered":"<p><strong>Mittel fruchtig<\/strong><\/p>\n<p>Die Familie Titone hat der menschlichen Gesundheit schon immer besondere Aufmerksamkeit geschenkt. Es ist kein Zufall, dass sie seit Generationen Apotheker sind, mit einer Leidenschaft f\u00fcr den Olivenanbau und ganz allgemein f\u00fcr die Landwirtschaft.<br \/>\nBis heute ist es Antonella Titone mit der Unterst\u00fctzung ihres Vaters Nicola (Magnifico 2017 Lifetime Achievement Award) gelungen, ein natives Oliven\u00f6l extra zu kreieren, das die tausendj\u00e4hrigen D\u00fcfte eines sizilianischen Landstreifens zwischen Trapani und Marsala in sich tr\u00e4gt und \u00fcberall Auszeichnungen erhalten hat die Welt. Die angebauten Olivensorten sind Cerasuola, Nocellara del Belice und Biancolilla, jede mit einer organoleptischen Eigenschaft, die durch die Extraktionsmethode der neuesten Generation verbessert wird. Hinweise und Aromen, die Ihre Gerichte einzigartig machen!<\/p>\n<p><strong><em>Zertifizierungen<\/em><\/strong>: <em>Alle Stufen der \u00f6kologischen Produktion sind kontrolliert und zertifiziert gem\u00e4\u00df EG-Verordnung 834\/2007 und EG-Verordnung 889\/2008, das Unternehmen folgt den USDA &#8211; NOP-Standards, die in den USA angewendet werden, der CCPB-Pr\u00fcfungsstelle von Bologna. Entspricht den Normen UNI EN ISO 9001: 2008, Normen zum Schutz von Qualit\u00e4t und Umwelt, CSQA-Pr\u00fcfstelle. Mitgliedschaft im Dualen System Deutschland.<\/em><\/p>\n<p><strong>Olivenkampagne: 2021\/2022<\/strong><\/p>\n","protected":false},"featured_media":13756,"comment_status":"closed","ping_status":"closed","template":"","meta":[],"pwb-brand":[303],"product_cat":[252],"product_tag":[],"acf":[],"yoast_head":"<!-- This site is optimized with the Yoast SEO plugin v24.5 - https:\/\/yoast.com\/wordpress\/plugins\/seo\/ -->\n<title>Natives Bio-Oliven\u00f6l Extra - Oliocentrica<\/title>\n<meta name=\"robots\" content=\"index, follow, max-snippet:-1, max-image-preview:large, max-video-preview:-1\" \/>\n<link rel=\"canonical\" href=\"https:\/\/www.oliocentrica.it\/de\/shop\/natives-bio-olivenol-extra\/\" \/>\n<meta property=\"og:locale\" content=\"de_DE\" \/>\n<meta property=\"og:type\" content=\"article\" \/>\n<meta property=\"og:title\" content=\"Natives Bio-Oliven\u00f6l Extra - Oliocentrica\" \/>\n<meta property=\"og:description\" content=\"Mittel fruchtig  Die Familie Titone hat der menschlichen Gesundheit schon immer besondere Aufmerksamkeit geschenkt. Es ist kein Zufall, dass sie seit Generationen Apotheker sind, mit einer Leidenschaft f\u00fcr den Olivenanbau und ganz allgemein f\u00fcr die Landwirtschaft. Bis heute ist es Antonella Titone mit der Unterst\u00fctzung ihres Vaters Nicola (Magnifico 2017 Lifetime Achievement Award) gelungen, ein natives Oliven\u00f6l extra zu kreieren, das die tausendj\u00e4hrigen D\u00fcfte eines sizilianischen Landstreifens zwischen Trapani und Marsala in sich tr\u00e4gt und \u00fcberall Auszeichnungen erhalten hat die Welt. Die angebauten Olivensorten sind Cerasuola, Nocellara del Belice und Biancolilla, jede mit einer organoleptischen Eigenschaft, die durch die Extraktionsmethode der neuesten Generation verbessert wird. Hinweise und Aromen, die Ihre Gerichte einzigartig machen!  Zertifizierungen: Alle Stufen der \u00f6kologischen Produktion sind kontrolliert und zertifiziert gem\u00e4\u00df EG-Verordnung 834\/2007 und EG-Verordnung 889\/2008, das Unternehmen folgt den USDA - NOP-Standards, die in den USA angewendet werden, der CCPB-Pr\u00fcfungsstelle von Bologna. Entspricht den Normen UNI EN ISO 9001: 2008, Normen zum Schutz von Qualit\u00e4t und Umwelt, CSQA-Pr\u00fcfstelle. Mitgliedschaft im Dualen System Deutschland.  Olivenkampagne: 2021\/2022\" \/>\n<meta property=\"og:url\" content=\"https:\/\/www.oliocentrica.it\/de\/shop\/natives-bio-olivenol-extra\/\" \/>\n<meta property=\"og:site_name\" content=\"Oliocentrica\" \/>\n<meta property=\"article:publisher\" content=\"https:\/\/www.facebook.com\/Oliocentrica\" \/>\n<meta property=\"article:modified_time\" content=\"2023-11-02T12:30:26+00:00\" \/>\n<meta property=\"og:image\" content=\"https:\/\/www.oliocentrica.it\/wp-content\/uploads\/2021\/05\/oliocentrica-titone-evo-bio.jpg\" \/>\n\t<meta property=\"og:image:width\" content=\"800\" \/>\n\t<meta property=\"og:image:height\" content=\"800\" \/>\n\t<meta property=\"og:image:type\" content=\"image\/jpeg\" \/>\n<meta name=\"twitter:card\" content=\"summary_large_image\" \/>\n<meta name=\"twitter:label1\" content=\"Gesch\u00e4tzte Lesezeit\" \/>\n\t<meta name=\"twitter:data1\" content=\"1\u00a0Minute\" \/>\n<script type=\"application\/ld+json\" class=\"yoast-schema-graph\">{\"@context\":\"https:\/\/schema.org\",\"@graph\":[{\"@type\":\"WebPage\",\"@id\":\"https:\/\/www.oliocentrica.it\/de\/shop\/natives-bio-olivenol-extra\/\",\"url\":\"https:\/\/www.oliocentrica.it\/de\/shop\/natives-bio-olivenol-extra\/\",\"name\":\"Natives Bio-Oliven\u00f6l Extra - Oliocentrica\",\"isPartOf\":{\"@id\":\"https:\/\/www.oliocentrica.it\/de\/#website\"},\"primaryImageOfPage\":{\"@id\":\"https:\/\/www.oliocentrica.it\/de\/shop\/natives-bio-olivenol-extra\/#primaryimage\"},\"image\":{\"@id\":\"https:\/\/www.oliocentrica.it\/de\/shop\/natives-bio-olivenol-extra\/#primaryimage\"},\"thumbnailUrl\":\"https:\/\/www.oliocentrica.it\/wp-content\/uploads\/2021\/05\/oliocentrica-titone-evo-bio.jpg\",\"datePublished\":\"2021-05-18T13:27:02+00:00\",\"dateModified\":\"2023-11-02T12:30:26+00:00\",\"breadcrumb\":{\"@id\":\"https:\/\/www.oliocentrica.it\/de\/shop\/natives-bio-olivenol-extra\/#breadcrumb\"},\"inLanguage\":\"de\",\"potentialAction\":[{\"@type\":\"ReadAction\",\"target\":[\"https:\/\/www.oliocentrica.it\/de\/shop\/natives-bio-olivenol-extra\/\"]}]},{\"@type\":\"ImageObject\",\"inLanguage\":\"de\",\"@id\":\"https:\/\/www.oliocentrica.it\/de\/shop\/natives-bio-olivenol-extra\/#primaryimage\",\"url\":\"https:\/\/www.oliocentrica.it\/wp-content\/uploads\/2021\/05\/oliocentrica-titone-evo-bio.jpg\",\"contentUrl\":\"https:\/\/www.oliocentrica.it\/wp-content\/uploads\/2021\/05\/oliocentrica-titone-evo-bio.jpg\",\"width\":800,\"height\":800},{\"@type\":\"BreadcrumbList\",\"@id\":\"https:\/\/www.oliocentrica.it\/de\/shop\/natives-bio-olivenol-extra\/#breadcrumb\",\"itemListElement\":[{\"@type\":\"ListItem\",\"position\":1,\"name\":\"Home\",\"item\":\"https:\/\/www.oliocentrica.it\/de\/\"},{\"@type\":\"ListItem\",\"position\":2,\"name\":\"Shop\",\"item\":\"https:\/\/www.oliocentrica.it\/de\/shop\/\"},{\"@type\":\"ListItem\",\"position\":3,\"name\":\"Natives Bio-Oliven\u00f6l Extra\"}]},{\"@type\":\"WebSite\",\"@id\":\"https:\/\/www.oliocentrica.it\/de\/#website\",\"url\":\"https:\/\/www.oliocentrica.it\/de\/\",\"name\":\"Oliocentrica\",\"description\":\"il filo d\u2019olio tra cibo e salute\",\"publisher\":{\"@id\":\"https:\/\/www.oliocentrica.it\/de\/#organization\"},\"potentialAction\":[{\"@type\":\"SearchAction\",\"target\":{\"@type\":\"EntryPoint\",\"urlTemplate\":\"https:\/\/www.oliocentrica.it\/de\/?s={search_term_string}\"},\"query-input\":{\"@type\":\"PropertyValueSpecification\",\"valueRequired\":true,\"valueName\":\"search_term_string\"}}],\"inLanguage\":\"de\"},{\"@type\":\"Organization\",\"@id\":\"https:\/\/www.oliocentrica.it\/de\/#organization\",\"name\":\"Oliocentrica Srls\",\"url\":\"https:\/\/www.oliocentrica.it\/de\/\",\"logo\":{\"@type\":\"ImageObject\",\"inLanguage\":\"de\",\"@id\":\"https:\/\/www.oliocentrica.it\/de\/#\/schema\/logo\/image\/\",\"url\":\"https:\/\/www.oliocentrica.it\/wp-content\/uploads\/2021\/05\/logo_oliocentrica-1.png\",\"contentUrl\":\"https:\/\/www.oliocentrica.it\/wp-content\/uploads\/2021\/05\/logo_oliocentrica-1.png\",\"width\":250,\"height\":81,\"caption\":\"Oliocentrica Srls\"},\"image\":{\"@id\":\"https:\/\/www.oliocentrica.it\/de\/#\/schema\/logo\/image\/\"},\"sameAs\":[\"https:\/\/www.facebook.com\/Oliocentrica\",\"https:\/\/www.instagram.com\/oliocentrica\"]}]}<\/script>\n<!-- \/ Yoast SEO plugin. -->","yoast_head_json":{"title":"Natives Bio-Oliven\u00f6l Extra - Oliocentrica","robots":{"index":"index","follow":"follow","max-snippet":"max-snippet:-1","max-image-preview":"max-image-preview:large","max-video-preview":"max-video-preview:-1"},"canonical":"https:\/\/www.oliocentrica.it\/de\/shop\/natives-bio-olivenol-extra\/","og_locale":"de_DE","og_type":"article","og_title":"Natives Bio-Oliven\u00f6l Extra - Oliocentrica","og_description":"Mittel fruchtig  Die Familie Titone hat der menschlichen Gesundheit schon immer besondere Aufmerksamkeit geschenkt. Es ist kein Zufall, dass sie seit Generationen Apotheker sind, mit einer Leidenschaft f\u00fcr den Olivenanbau und ganz allgemein f\u00fcr die Landwirtschaft. Bis heute ist es Antonella Titone mit der Unterst\u00fctzung ihres Vaters Nicola (Magnifico 2017 Lifetime Achievement Award) gelungen, ein natives Oliven\u00f6l extra zu kreieren, das die tausendj\u00e4hrigen D\u00fcfte eines sizilianischen Landstreifens zwischen Trapani und Marsala in sich tr\u00e4gt und \u00fcberall Auszeichnungen erhalten hat die Welt. Die angebauten Olivensorten sind Cerasuola, Nocellara del Belice und Biancolilla, jede mit einer organoleptischen Eigenschaft, die durch die Extraktionsmethode der neuesten Generation verbessert wird. Hinweise und Aromen, die Ihre Gerichte einzigartig machen!  Zertifizierungen: Alle Stufen der \u00f6kologischen Produktion sind kontrolliert und zertifiziert gem\u00e4\u00df EG-Verordnung 834\/2007 und EG-Verordnung 889\/2008, das Unternehmen folgt den USDA - NOP-Standards, die in den USA angewendet werden, der CCPB-Pr\u00fcfungsstelle von Bologna. Entspricht den Normen UNI EN ISO 9001: 2008, Normen zum Schutz von Qualit\u00e4t und Umwelt, CSQA-Pr\u00fcfstelle. Mitgliedschaft im Dualen System Deutschland.  Olivenkampagne: 2021\/2022","og_url":"https:\/\/www.oliocentrica.it\/de\/shop\/natives-bio-olivenol-extra\/","og_site_name":"Oliocentrica","article_publisher":"https:\/\/www.facebook.com\/Oliocentrica","article_modified_time":"2023-11-02T12:30:26+00:00","og_image":[{"width":800,"height":800,"url":"https:\/\/www.oliocentrica.it\/wp-content\/uploads\/2021\/05\/oliocentrica-titone-evo-bio.jpg","type":"image\/jpeg"}],"twitter_card":"summary_large_image","twitter_misc":{"Gesch\u00e4tzte Lesezeit":"1\u00a0Minute"},"schema":{"@context":"https:\/\/schema.org","@graph":[{"@type":"WebPage","@id":"https:\/\/www.oliocentrica.it\/de\/shop\/natives-bio-olivenol-extra\/","url":"https:\/\/www.oliocentrica.it\/de\/shop\/natives-bio-olivenol-extra\/","name":"Natives Bio-Oliven\u00f6l Extra - Oliocentrica","isPartOf":{"@id":"https:\/\/www.oliocentrica.it\/de\/#website"},"primaryImageOfPage":{"@id":"https:\/\/www.oliocentrica.it\/de\/shop\/natives-bio-olivenol-extra\/#primaryimage"},"image":{"@id":"https:\/\/www.oliocentrica.it\/de\/shop\/natives-bio-olivenol-extra\/#primaryimage"},"thumbnailUrl":"https:\/\/www.oliocentrica.it\/wp-content\/uploads\/2021\/05\/oliocentrica-titone-evo-bio.jpg","datePublished":"2021-05-18T13:27:02+00:00","dateModified":"2023-11-02T12:30:26+00:00","breadcrumb":{"@id":"https:\/\/www.oliocentrica.it\/de\/shop\/natives-bio-olivenol-extra\/#breadcrumb"},"inLanguage":"de","potentialAction":[{"@type":"ReadAction","target":["https:\/\/www.oliocentrica.it\/de\/shop\/natives-bio-olivenol-extra\/"]}]},{"@type":"ImageObject","inLanguage":"de","@id":"https:\/\/www.oliocentrica.it\/de\/shop\/natives-bio-olivenol-extra\/#primaryimage","url":"https:\/\/www.oliocentrica.it\/wp-content\/uploads\/2021\/05\/oliocentrica-titone-evo-bio.jpg","contentUrl":"https:\/\/www.oliocentrica.it\/wp-content\/uploads\/2021\/05\/oliocentrica-titone-evo-bio.jpg","width":800,"height":800},{"@type":"BreadcrumbList","@id":"https:\/\/www.oliocentrica.it\/de\/shop\/natives-bio-olivenol-extra\/#breadcrumb","itemListElement":[{"@type":"ListItem","position":1,"name":"Home","item":"https:\/\/www.oliocentrica.it\/de\/"},{"@type":"ListItem","position":2,"name":"Shop","item":"https:\/\/www.oliocentrica.it\/de\/shop\/"},{"@type":"ListItem","position":3,"name":"Natives Bio-Oliven\u00f6l Extra"}]},{"@type":"WebSite","@id":"https:\/\/www.oliocentrica.it\/de\/#website","url":"https:\/\/www.oliocentrica.it\/de\/","name":"Oliocentrica","description":"il filo d\u2019olio tra cibo e salute","publisher":{"@id":"https:\/\/www.oliocentrica.it\/de\/#organization"},"potentialAction":[{"@type":"SearchAction","target":{"@type":"EntryPoint","urlTemplate":"https:\/\/www.oliocentrica.it\/de\/?s={search_term_string}"},"query-input":{"@type":"PropertyValueSpecification","valueRequired":true,"valueName":"search_term_string"}}],"inLanguage":"de"},{"@type":"Organization","@id":"https:\/\/www.oliocentrica.it\/de\/#organization","name":"Oliocentrica Srls","url":"https:\/\/www.oliocentrica.it\/de\/","logo":{"@type":"ImageObject","inLanguage":"de","@id":"https:\/\/www.oliocentrica.it\/de\/#\/schema\/logo\/image\/","url":"https:\/\/www.oliocentrica.it\/wp-content\/uploads\/2021\/05\/logo_oliocentrica-1.png","contentUrl":"https:\/\/www.oliocentrica.it\/wp-content\/uploads\/2021\/05\/logo_oliocentrica-1.png","width":250,"height":81,"caption":"Oliocentrica Srls"},"image":{"@id":"https:\/\/www.oliocentrica.it\/de\/#\/schema\/logo\/image\/"},"sameAs":["https:\/\/www.facebook.com\/Oliocentrica","https:\/\/www.instagram.com\/oliocentrica"]}]}},"brands":[{"id":303,"name":"Titone","slug":"titone"}],"_links":{"self":[{"href":"https:\/\/www.oliocentrica.it\/de\/wp-json\/wp\/v2\/product\/14763"}],"collection":[{"href":"https:\/\/www.oliocentrica.it\/de\/wp-json\/wp\/v2\/product"}],"about":[{"href":"https:\/\/www.oliocentrica.it\/de\/wp-json\/wp\/v2\/types\/product"}],"replies":[{"embeddable":true,"href":"https:\/\/www.oliocentrica.it\/de\/wp-json\/wp\/v2\/comments?post=14763"}],"wp:featuredmedia":[{"embeddable":true,"href":"https:\/\/www.oliocentrica.it\/de\/wp-json\/wp\/v2\/media\/13756"}],"wp:attachment":[{"href":"https:\/\/www.oliocentrica.it\/de\/wp-json\/wp\/v2\/media?parent=14763"}],"wp:term":[{"taxonomy":"pwb-brand","embeddable":true,"href":"https:\/\/www.oliocentrica.it\/de\/wp-json\/wp\/v2\/pwb-brand?post=14763"},{"taxonomy":"product_cat","embeddable":true,"href":"https:\/\/www.oliocentrica.it\/de\/wp-json\/wp\/v2\/product_cat?post=14763"},{"taxonomy":"product_tag","embeddable":true,"href":"https:\/\/www.oliocentrica.it\/de\/wp-json\/wp\/v2\/product_tag?post=14763"}],"curies":[{"name":"wp","href":"https:\/\/api.w.org\/{rel}","templated":true}]}}