{"id":14754,"date":"2021-05-19T18:22:05","date_gmt":"2021-05-19T16:22:05","guid":{"rendered":"https:\/\/www.oliocentrica.it\/shop\/levante\/"},"modified":"2023-10-26T20:00:13","modified_gmt":"2023-10-26T18:00:13","slug":"levante","status":"publish","type":"product","link":"https:\/\/www.oliocentrica.it\/de\/shop\/levante\/","title":{"rendered":"Levante"},"content":{"rendered":"<p><strong><em>Leicht fruchtig<\/em><\/strong><\/p>\n<p><strong>Duft<\/strong>: krautig mit Noten von Mandeln und Gew\u00fcrzen<\/p>\n<p><strong>Geschmack<\/strong>: anhaltende und zarte Noten von bitter und w\u00fcrzig, Nachgeschmack von aromatischen Kr\u00e4utern wie Salbei<\/p>\n<p><strong>Probieren Sie es mit <\/strong>&#8230; Meeresfr\u00fcchtesalaten und -kompotten, ged\u00e4mpftem Fisch, kalten Vorspeisen, ged\u00e4mpften Speisen, feinen Suppen<\/p>\n<p><strong>Geografisches Gebiet und Gebiet<\/strong>: Citt\u00e0 Sant&#8217;Angelo &#8211; Pescara &#8211; Abruzzen<\/p>\n<p><strong>Olivenkampagne<\/strong>: 2023\/2024<\/p>\n<p><strong>Gr\u00f6\u00dfen<\/strong>: 0,50L<\/p>\n<p><strong>Mischung aus Olivensorten<\/strong>: Leccino, Frantoio und Castiglionese, mit der Zugabe von etwas Dritta<\/p>\n<p><strong>Produktionsmethode<\/strong>: moderne Extraktionstechniken, kontinuierlicher \/ kalter \/ zweiphasiger Zyklus<\/p>\n<p><strong>Konservierungsmethode<\/strong>: kontrollierte Temperaturen<br \/>\n_______________________________________<\/p>\n<p><em>Zertifizierungen<\/em>:<\/p>\n<p><strong>DOP<\/strong><\/p>\n<p><strong>BIOLOGISCH<\/strong> wird umgewandelt<br \/>\n_______________________________________<\/p>\n<p><em>Weitere Informationen gelten f\u00fcr alle unsere nativen Oliven\u00f6le extra<\/em><\/p>\n<p><strong>Zutaten<\/strong>: 100 % italienische Oliven, im richtigen Reifegrad geerntet und in Italien mit mechanischen Verfahren gepresst<br \/>\n<strong>Lagerung<\/strong>: fern von Licht, W\u00e4rmequellen, schlechten Ger\u00fcchen und in hermetisch verschlossenen Flaschen. Denken Sie daran, dass natives Oliven\u00f6l extra der Feind von Licht, Hitze und Luft ist<br \/>\n<strong>Ablauf<\/strong>: innerhalb von 18 Monaten ab Abf\u00fclldatum (Frist innerhalb derer Sie von den N\u00e4hrwerten des \u00d6ls profitieren)<br \/>\n<strong>Verwendung<\/strong>: t\u00e4glich roh oder zum kurzen Garen bei moderaten Temperaturen<\/p>\n","protected":false},"excerpt":{"rendered":"<p><strong><em>Leicht fruchtig<\/em><\/strong><\/p>\n<p>Es ist im Jahr 2006, als Marina Isabella Lucchi beschlie\u00dft, das st\u00e4dtische Chaos zu verlassen, um sich den langsameren Rhythmen des l\u00e4ndlichen Raums zu widmen. Sie baut mit ihrem Mann ein Haus in Citt\u00e0 Sant&#8217;Angelo inmitten uralter Olivenb\u00e4ume und legt den Grundstein f\u00fcr das, was 2020 (in voller Pandemie) zur Azienda Agricola Gaia wurde, die mit der professionellen Hilfe ihrer Tochter Giulia Grilli, Marketingleiterin und Produktionsleiterin, gef\u00fchrt wurde .<br \/>\nDie Olivenhaine befinden sich zwischen Citt\u00e0 Sant\u2019Angelo und Loreto Aprutino, in der Landschaft von Pescara. Die vorhandenen Sorten sind Dritta, Leccino, Frantoio und Castiglionese. Levante ist eine Cuv\u00e9e aus Leccino, Frantoio und Castiglionese, erg\u00e4nzt um etwas Dritta. Es ist der Ausdruck der wilden Landschaft von Citt\u00e0 Sant&#8217;Angelo<\/p>\n<p><strong><em>Zertifizierungen: DOP &#8211; Biologisch<\/em><\/strong> in Umstellungsphase<\/p>\n<p><strong>Olivenkampagne<\/strong>: 2023\/2024<\/p>\n","protected":false},"featured_media":13773,"comment_status":"closed","ping_status":"closed","template":"","meta":[],"pwb-brand":[296],"product_cat":[252],"product_tag":[],"acf":[],"yoast_head":"<!-- This site is optimized with the Yoast SEO plugin v24.5 - https:\/\/yoast.com\/wordpress\/plugins\/seo\/ -->\n<title>Levante - Oliocentrica<\/title>\n<meta name=\"robots\" content=\"index, follow, max-snippet:-1, max-image-preview:large, max-video-preview:-1\" \/>\n<link rel=\"canonical\" href=\"https:\/\/www.oliocentrica.it\/de\/shop\/levante\/\" \/>\n<meta property=\"og:locale\" content=\"de_DE\" \/>\n<meta property=\"og:type\" content=\"article\" \/>\n<meta property=\"og:title\" content=\"Levante - Oliocentrica\" \/>\n<meta property=\"og:description\" content=\"Leicht fruchtig  Es ist im Jahr 2006, als Marina Isabella Lucchi beschlie\u00dft, das st\u00e4dtische Chaos zu verlassen, um sich den langsameren Rhythmen des l\u00e4ndlichen Raums zu widmen. Sie baut mit ihrem Mann ein Haus in Citt\u00e0 Sant&#039;Angelo inmitten uralter Olivenb\u00e4ume und legt den Grundstein f\u00fcr das, was 2020 (in voller Pandemie) zur Azienda Agricola Gaia wurde, die mit der professionellen Hilfe ihrer Tochter Giulia Grilli, Marketingleiterin und Produktionsleiterin, gef\u00fchrt wurde . Die Olivenhaine befinden sich zwischen Citt\u00e0 Sant\u2019Angelo und Loreto Aprutino, in der Landschaft von Pescara. Die vorhandenen Sorten sind Dritta, Leccino, Frantoio und Castiglionese. Levante ist eine Cuv\u00e9e aus Leccino, Frantoio und Castiglionese, erg\u00e4nzt um etwas Dritta. Es ist der Ausdruck der wilden Landschaft von Citt\u00e0 Sant&#039;Angelo  Zertifizierungen: DOP - Biologisch in Umstellungsphase  Olivenkampagne: 2023\/2024\" \/>\n<meta property=\"og:url\" content=\"https:\/\/www.oliocentrica.it\/de\/shop\/levante\/\" \/>\n<meta property=\"og:site_name\" content=\"Oliocentrica\" \/>\n<meta property=\"article:publisher\" content=\"https:\/\/www.facebook.com\/Oliocentrica\" \/>\n<meta property=\"article:modified_time\" content=\"2023-10-26T18:00:13+00:00\" \/>\n<meta property=\"og:image\" content=\"https:\/\/www.oliocentrica.it\/wp-content\/uploads\/2021\/05\/oliocentrica-gaia-levante.jpg\" \/>\n\t<meta property=\"og:image:width\" content=\"800\" \/>\n\t<meta property=\"og:image:height\" content=\"800\" \/>\n\t<meta property=\"og:image:type\" content=\"image\/jpeg\" \/>\n<meta name=\"twitter:card\" content=\"summary_large_image\" \/>\n<meta name=\"twitter:label1\" content=\"Gesch\u00e4tzte Lesezeit\" \/>\n\t<meta name=\"twitter:data1\" content=\"1\u00a0Minute\" \/>\n<script type=\"application\/ld+json\" class=\"yoast-schema-graph\">{\"@context\":\"https:\/\/schema.org\",\"@graph\":[{\"@type\":\"WebPage\",\"@id\":\"https:\/\/www.oliocentrica.it\/de\/shop\/levante\/\",\"url\":\"https:\/\/www.oliocentrica.it\/de\/shop\/levante\/\",\"name\":\"Levante - Oliocentrica\",\"isPartOf\":{\"@id\":\"https:\/\/www.oliocentrica.it\/de\/#website\"},\"primaryImageOfPage\":{\"@id\":\"https:\/\/www.oliocentrica.it\/de\/shop\/levante\/#primaryimage\"},\"image\":{\"@id\":\"https:\/\/www.oliocentrica.it\/de\/shop\/levante\/#primaryimage\"},\"thumbnailUrl\":\"https:\/\/www.oliocentrica.it\/wp-content\/uploads\/2021\/05\/oliocentrica-gaia-levante.jpg\",\"datePublished\":\"2021-05-19T16:22:05+00:00\",\"dateModified\":\"2023-10-26T18:00:13+00:00\",\"breadcrumb\":{\"@id\":\"https:\/\/www.oliocentrica.it\/de\/shop\/levante\/#breadcrumb\"},\"inLanguage\":\"de\",\"potentialAction\":[{\"@type\":\"ReadAction\",\"target\":[\"https:\/\/www.oliocentrica.it\/de\/shop\/levante\/\"]}]},{\"@type\":\"ImageObject\",\"inLanguage\":\"de\",\"@id\":\"https:\/\/www.oliocentrica.it\/de\/shop\/levante\/#primaryimage\",\"url\":\"https:\/\/www.oliocentrica.it\/wp-content\/uploads\/2021\/05\/oliocentrica-gaia-levante.jpg\",\"contentUrl\":\"https:\/\/www.oliocentrica.it\/wp-content\/uploads\/2021\/05\/oliocentrica-gaia-levante.jpg\",\"width\":800,\"height\":800},{\"@type\":\"BreadcrumbList\",\"@id\":\"https:\/\/www.oliocentrica.it\/de\/shop\/levante\/#breadcrumb\",\"itemListElement\":[{\"@type\":\"ListItem\",\"position\":1,\"name\":\"Home\",\"item\":\"https:\/\/www.oliocentrica.it\/de\/\"},{\"@type\":\"ListItem\",\"position\":2,\"name\":\"Shop\",\"item\":\"https:\/\/www.oliocentrica.it\/de\/shop\/\"},{\"@type\":\"ListItem\",\"position\":3,\"name\":\"Levante\"}]},{\"@type\":\"WebSite\",\"@id\":\"https:\/\/www.oliocentrica.it\/de\/#website\",\"url\":\"https:\/\/www.oliocentrica.it\/de\/\",\"name\":\"Oliocentrica\",\"description\":\"il filo d\u2019olio tra cibo e salute\",\"publisher\":{\"@id\":\"https:\/\/www.oliocentrica.it\/de\/#organization\"},\"potentialAction\":[{\"@type\":\"SearchAction\",\"target\":{\"@type\":\"EntryPoint\",\"urlTemplate\":\"https:\/\/www.oliocentrica.it\/de\/?s={search_term_string}\"},\"query-input\":{\"@type\":\"PropertyValueSpecification\",\"valueRequired\":true,\"valueName\":\"search_term_string\"}}],\"inLanguage\":\"de\"},{\"@type\":\"Organization\",\"@id\":\"https:\/\/www.oliocentrica.it\/de\/#organization\",\"name\":\"Oliocentrica Srls\",\"url\":\"https:\/\/www.oliocentrica.it\/de\/\",\"logo\":{\"@type\":\"ImageObject\",\"inLanguage\":\"de\",\"@id\":\"https:\/\/www.oliocentrica.it\/de\/#\/schema\/logo\/image\/\",\"url\":\"https:\/\/www.oliocentrica.it\/wp-content\/uploads\/2021\/05\/logo_oliocentrica-1.png\",\"contentUrl\":\"https:\/\/www.oliocentrica.it\/wp-content\/uploads\/2021\/05\/logo_oliocentrica-1.png\",\"width\":250,\"height\":81,\"caption\":\"Oliocentrica Srls\"},\"image\":{\"@id\":\"https:\/\/www.oliocentrica.it\/de\/#\/schema\/logo\/image\/\"},\"sameAs\":[\"https:\/\/www.facebook.com\/Oliocentrica\",\"https:\/\/www.instagram.com\/oliocentrica\"]}]}<\/script>\n<!-- \/ Yoast SEO plugin. -->","yoast_head_json":{"title":"Levante - Oliocentrica","robots":{"index":"index","follow":"follow","max-snippet":"max-snippet:-1","max-image-preview":"max-image-preview:large","max-video-preview":"max-video-preview:-1"},"canonical":"https:\/\/www.oliocentrica.it\/de\/shop\/levante\/","og_locale":"de_DE","og_type":"article","og_title":"Levante - Oliocentrica","og_description":"Leicht fruchtig  Es ist im Jahr 2006, als Marina Isabella Lucchi beschlie\u00dft, das st\u00e4dtische Chaos zu verlassen, um sich den langsameren Rhythmen des l\u00e4ndlichen Raums zu widmen. Sie baut mit ihrem Mann ein Haus in Citt\u00e0 Sant'Angelo inmitten uralter Olivenb\u00e4ume und legt den Grundstein f\u00fcr das, was 2020 (in voller Pandemie) zur Azienda Agricola Gaia wurde, die mit der professionellen Hilfe ihrer Tochter Giulia Grilli, Marketingleiterin und Produktionsleiterin, gef\u00fchrt wurde . Die Olivenhaine befinden sich zwischen Citt\u00e0 Sant\u2019Angelo und Loreto Aprutino, in der Landschaft von Pescara. Die vorhandenen Sorten sind Dritta, Leccino, Frantoio und Castiglionese. Levante ist eine Cuv\u00e9e aus Leccino, Frantoio und Castiglionese, erg\u00e4nzt um etwas Dritta. Es ist der Ausdruck der wilden Landschaft von Citt\u00e0 Sant'Angelo  Zertifizierungen: DOP - Biologisch in Umstellungsphase  Olivenkampagne: 2023\/2024","og_url":"https:\/\/www.oliocentrica.it\/de\/shop\/levante\/","og_site_name":"Oliocentrica","article_publisher":"https:\/\/www.facebook.com\/Oliocentrica","article_modified_time":"2023-10-26T18:00:13+00:00","og_image":[{"width":800,"height":800,"url":"https:\/\/www.oliocentrica.it\/wp-content\/uploads\/2021\/05\/oliocentrica-gaia-levante.jpg","type":"image\/jpeg"}],"twitter_card":"summary_large_image","twitter_misc":{"Gesch\u00e4tzte Lesezeit":"1\u00a0Minute"},"schema":{"@context":"https:\/\/schema.org","@graph":[{"@type":"WebPage","@id":"https:\/\/www.oliocentrica.it\/de\/shop\/levante\/","url":"https:\/\/www.oliocentrica.it\/de\/shop\/levante\/","name":"Levante - Oliocentrica","isPartOf":{"@id":"https:\/\/www.oliocentrica.it\/de\/#website"},"primaryImageOfPage":{"@id":"https:\/\/www.oliocentrica.it\/de\/shop\/levante\/#primaryimage"},"image":{"@id":"https:\/\/www.oliocentrica.it\/de\/shop\/levante\/#primaryimage"},"thumbnailUrl":"https:\/\/www.oliocentrica.it\/wp-content\/uploads\/2021\/05\/oliocentrica-gaia-levante.jpg","datePublished":"2021-05-19T16:22:05+00:00","dateModified":"2023-10-26T18:00:13+00:00","breadcrumb":{"@id":"https:\/\/www.oliocentrica.it\/de\/shop\/levante\/#breadcrumb"},"inLanguage":"de","potentialAction":[{"@type":"ReadAction","target":["https:\/\/www.oliocentrica.it\/de\/shop\/levante\/"]}]},{"@type":"ImageObject","inLanguage":"de","@id":"https:\/\/www.oliocentrica.it\/de\/shop\/levante\/#primaryimage","url":"https:\/\/www.oliocentrica.it\/wp-content\/uploads\/2021\/05\/oliocentrica-gaia-levante.jpg","contentUrl":"https:\/\/www.oliocentrica.it\/wp-content\/uploads\/2021\/05\/oliocentrica-gaia-levante.jpg","width":800,"height":800},{"@type":"BreadcrumbList","@id":"https:\/\/www.oliocentrica.it\/de\/shop\/levante\/#breadcrumb","itemListElement":[{"@type":"ListItem","position":1,"name":"Home","item":"https:\/\/www.oliocentrica.it\/de\/"},{"@type":"ListItem","position":2,"name":"Shop","item":"https:\/\/www.oliocentrica.it\/de\/shop\/"},{"@type":"ListItem","position":3,"name":"Levante"}]},{"@type":"WebSite","@id":"https:\/\/www.oliocentrica.it\/de\/#website","url":"https:\/\/www.oliocentrica.it\/de\/","name":"Oliocentrica","description":"il filo d\u2019olio tra cibo e salute","publisher":{"@id":"https:\/\/www.oliocentrica.it\/de\/#organization"},"potentialAction":[{"@type":"SearchAction","target":{"@type":"EntryPoint","urlTemplate":"https:\/\/www.oliocentrica.it\/de\/?s={search_term_string}"},"query-input":{"@type":"PropertyValueSpecification","valueRequired":true,"valueName":"search_term_string"}}],"inLanguage":"de"},{"@type":"Organization","@id":"https:\/\/www.oliocentrica.it\/de\/#organization","name":"Oliocentrica Srls","url":"https:\/\/www.oliocentrica.it\/de\/","logo":{"@type":"ImageObject","inLanguage":"de","@id":"https:\/\/www.oliocentrica.it\/de\/#\/schema\/logo\/image\/","url":"https:\/\/www.oliocentrica.it\/wp-content\/uploads\/2021\/05\/logo_oliocentrica-1.png","contentUrl":"https:\/\/www.oliocentrica.it\/wp-content\/uploads\/2021\/05\/logo_oliocentrica-1.png","width":250,"height":81,"caption":"Oliocentrica Srls"},"image":{"@id":"https:\/\/www.oliocentrica.it\/de\/#\/schema\/logo\/image\/"},"sameAs":["https:\/\/www.facebook.com\/Oliocentrica","https:\/\/www.instagram.com\/oliocentrica"]}]}},"brands":[{"id":296,"name":"Gaia","slug":"gaia"}],"_links":{"self":[{"href":"https:\/\/www.oliocentrica.it\/de\/wp-json\/wp\/v2\/product\/14754"}],"collection":[{"href":"https:\/\/www.oliocentrica.it\/de\/wp-json\/wp\/v2\/product"}],"about":[{"href":"https:\/\/www.oliocentrica.it\/de\/wp-json\/wp\/v2\/types\/product"}],"replies":[{"embeddable":true,"href":"https:\/\/www.oliocentrica.it\/de\/wp-json\/wp\/v2\/comments?post=14754"}],"wp:featuredmedia":[{"embeddable":true,"href":"https:\/\/www.oliocentrica.it\/de\/wp-json\/wp\/v2\/media\/13773"}],"wp:attachment":[{"href":"https:\/\/www.oliocentrica.it\/de\/wp-json\/wp\/v2\/media?parent=14754"}],"wp:term":[{"taxonomy":"pwb-brand","embeddable":true,"href":"https:\/\/www.oliocentrica.it\/de\/wp-json\/wp\/v2\/pwb-brand?post=14754"},{"taxonomy":"product_cat","embeddable":true,"href":"https:\/\/www.oliocentrica.it\/de\/wp-json\/wp\/v2\/product_cat?post=14754"},{"taxonomy":"product_tag","embeddable":true,"href":"https:\/\/www.oliocentrica.it\/de\/wp-json\/wp\/v2\/product_tag?post=14754"}],"curies":[{"name":"wp","href":"https:\/\/api.w.org\/{rel}","templated":true}]}}