{"id":14748,"date":"2021-05-20T10:53:19","date_gmt":"2021-05-20T08:53:19","guid":{"rendered":"https:\/\/www.oliocentrica.it\/shop\/vargnano\/"},"modified":"2023-10-26T19:30:02","modified_gmt":"2023-10-26T17:30:02","slug":"vargnano","status":"publish","type":"product","link":"https:\/\/www.oliocentrica.it\/de\/shop\/vargnano\/","title":{"rendered":"Vargnano"},"content":{"rendered":"<p><strong><em>Mittel fruchtig<\/em><\/strong><\/p>\n<p><strong>Duft<\/strong>: bemerkenswerte aromatische Intensit\u00e4t, die an frische Gem\u00fcsenoten mit Tomatenblatt und Artischocke erinnert<\/p>\n<p><strong>Geschmack<\/strong>: aromatische Amplitude mit einer eleganten w\u00fcrzigen gr\u00fcnen Olive<\/p>\n<p><strong>Probieren Sie es mit<\/strong> &#8230; streng roh, um Fischcarpaccio, Salate, Gem\u00fcsesuppen und Suppen zu verfeinern<\/p>\n<p><strong>Geografisches Gebiet und Gebiet<\/strong>: Bolognese-H\u00fcgel &#8211; Castel San Pietro Terme &#8211; Emilia Romagna<\/p>\n<p><strong>Olivenkampagne<\/strong>: 2023\/2024<\/p>\n<p><strong>Gr\u00f6\u00dfen<\/strong>: 0,50L<\/p>\n<p><strong>Sortenrein aus der Olivensorte<\/strong>: Nostrana<\/p>\n<p><strong>Produktionsmethode<\/strong>: moderne Extraktionstechniken, kontinuierlicher \/ kalter Zyklus<\/p>\n<p><strong>Konservierungsmethode<\/strong>: kontrollierte Temperaturen<br \/>\n_______________________________________<\/p>\n<p><em>Danksagungen und Anleitungen<\/em>:<\/p>\n<p><strong>Ausgew\u00e4hlt vom Gambero Rosso 2021 Oil Guide<\/strong><\/p>\n<p><strong>Ausgew\u00e4hlte Farm Flos Olei 2020<\/strong><\/p>\n<p><strong>Japanischer Oliven\u00f6lpreis<\/strong><\/p>\n<p><strong>NYIOO-Welt<\/strong><\/p>\n<p><strong>Milano Internationales Oliven\u00f6l 2020<\/strong><br \/>\n_______________________________________<\/p>\n<p><em>Weitere Informationen gelten f\u00fcr alle unsere nativen Oliven\u00f6le extra<\/em><\/p>\n<p><strong>Zutaten<\/strong>: 100 % italienische Oliven, im richtigen Reifegrad geerntet und in Italien mit mechanischen Verfahren gepresst<br \/>\n<strong>Lagerung<\/strong>: fern von Licht, W\u00e4rmequellen, schlechten Ger\u00fcchen und in hermetisch verschlossenen Flaschen. Denken Sie daran, dass natives Oliven\u00f6l extra der Feind von Licht, Hitze und Luft ist<br \/>\n<strong>Frist<\/strong>: innerhalb von 18 Monaten ab dem Datum der Abf\u00fcllung (Frist, innerhalb derer Sie von den N\u00e4hrwerten des nativen Oliven\u00f6ls extra profitieren k\u00f6nnen)<br \/>\n<strong>Verwendung<\/strong>: t\u00e4glich roh oder zum kurzen Garen bei moderaten Temperaturen<\/p>\n","protected":false},"excerpt":{"rendered":"<p><strong><em>Mittelfruchtig<\/em><\/strong><\/p>\n<p>In der eleganten Umgebung der Bologneser H\u00fcgel wurde 1705 die alte Residenz des Palazzo di Varignana geboren, urspr\u00fcnglich Palazzo Bentivoglio, der unter Ber\u00fccksichtigung des alten Charmes seiner Geschichte renoviert wurde. Rund um die Villa, heute ein Luxusresort, erstreckt sich der Komplex \u00fcber 30 Hektar Land, das zwischen ausgedehnten Gr\u00fcnfl\u00e4chen, Parks und Wasserquellen aufgeteilt ist. Unter diesen atemberaubenden Aussichten hat der Gr\u00fcnder des Palazzo di Varignana, der sich leidenschaftlich f\u00fcr den Olivenanbau interessiert, neue Olivenhaine f\u00fcr die Herstellung eines hochwertigen nativen Oliven\u00f6ls extra geschaffen.<br \/>\nWie Vargnano, ein extra natives Oliven\u00f6l aus Nostrana-Oliven: vorherrschende Noten von gr\u00fcnem Apfel und Artischocke, leichte Empfindungen von frischen Mandeln und Tomaten. Bitter und w\u00fcrzig mit Charakter.<\/p>\n<p><strong>Olivenkampagne: 2023\/2024<\/strong><\/p>\n","protected":false},"featured_media":13799,"comment_status":"closed","ping_status":"closed","template":"","meta":[],"pwb-brand":[314],"product_cat":[252],"product_tag":[],"acf":[],"yoast_head":"<!-- This site is optimized with the Yoast SEO plugin v24.5 - https:\/\/yoast.com\/wordpress\/plugins\/seo\/ -->\n<title>Vargnano - Oliocentrica<\/title>\n<meta name=\"robots\" content=\"index, follow, max-snippet:-1, max-image-preview:large, max-video-preview:-1\" \/>\n<link rel=\"canonical\" href=\"https:\/\/www.oliocentrica.it\/de\/shop\/vargnano\/\" \/>\n<meta property=\"og:locale\" content=\"de_DE\" \/>\n<meta property=\"og:type\" content=\"article\" \/>\n<meta property=\"og:title\" content=\"Vargnano - Oliocentrica\" \/>\n<meta property=\"og:description\" content=\"Mittelfruchtig  In der eleganten Umgebung der Bologneser H\u00fcgel wurde 1705 die alte Residenz des Palazzo di Varignana geboren, urspr\u00fcnglich Palazzo Bentivoglio, der unter Ber\u00fccksichtigung des alten Charmes seiner Geschichte renoviert wurde. Rund um die Villa, heute ein Luxusresort, erstreckt sich der Komplex \u00fcber 30 Hektar Land, das zwischen ausgedehnten Gr\u00fcnfl\u00e4chen, Parks und Wasserquellen aufgeteilt ist. Unter diesen atemberaubenden Aussichten hat der Gr\u00fcnder des Palazzo di Varignana, der sich leidenschaftlich f\u00fcr den Olivenanbau interessiert, neue Olivenhaine f\u00fcr die Herstellung eines hochwertigen nativen Oliven\u00f6ls extra geschaffen. Wie Vargnano, ein extra natives Oliven\u00f6l aus Nostrana-Oliven: vorherrschende Noten von gr\u00fcnem Apfel und Artischocke, leichte Empfindungen von frischen Mandeln und Tomaten. Bitter und w\u00fcrzig mit Charakter.  Olivenkampagne: 2023\/2024\" \/>\n<meta property=\"og:url\" content=\"https:\/\/www.oliocentrica.it\/de\/shop\/vargnano\/\" \/>\n<meta property=\"og:site_name\" content=\"Oliocentrica\" \/>\n<meta property=\"article:publisher\" content=\"https:\/\/www.facebook.com\/Oliocentrica\" \/>\n<meta property=\"article:modified_time\" content=\"2023-10-26T17:30:02+00:00\" \/>\n<meta property=\"og:image\" content=\"https:\/\/www.oliocentrica.it\/wp-content\/uploads\/2021\/05\/oliocentrica-vargnano.jpg\" \/>\n\t<meta property=\"og:image:width\" content=\"800\" \/>\n\t<meta property=\"og:image:height\" content=\"800\" \/>\n\t<meta property=\"og:image:type\" content=\"image\/jpeg\" \/>\n<meta name=\"twitter:card\" content=\"summary_large_image\" \/>\n<meta name=\"twitter:label1\" content=\"Gesch\u00e4tzte Lesezeit\" \/>\n\t<meta name=\"twitter:data1\" content=\"1\u00a0Minute\" \/>\n<script type=\"application\/ld+json\" class=\"yoast-schema-graph\">{\"@context\":\"https:\/\/schema.org\",\"@graph\":[{\"@type\":\"WebPage\",\"@id\":\"https:\/\/www.oliocentrica.it\/de\/shop\/vargnano\/\",\"url\":\"https:\/\/www.oliocentrica.it\/de\/shop\/vargnano\/\",\"name\":\"Vargnano - Oliocentrica\",\"isPartOf\":{\"@id\":\"https:\/\/www.oliocentrica.it\/de\/#website\"},\"primaryImageOfPage\":{\"@id\":\"https:\/\/www.oliocentrica.it\/de\/shop\/vargnano\/#primaryimage\"},\"image\":{\"@id\":\"https:\/\/www.oliocentrica.it\/de\/shop\/vargnano\/#primaryimage\"},\"thumbnailUrl\":\"https:\/\/www.oliocentrica.it\/wp-content\/uploads\/2021\/05\/oliocentrica-vargnano.jpg\",\"datePublished\":\"2021-05-20T08:53:19+00:00\",\"dateModified\":\"2023-10-26T17:30:02+00:00\",\"breadcrumb\":{\"@id\":\"https:\/\/www.oliocentrica.it\/de\/shop\/vargnano\/#breadcrumb\"},\"inLanguage\":\"de\",\"potentialAction\":[{\"@type\":\"ReadAction\",\"target\":[\"https:\/\/www.oliocentrica.it\/de\/shop\/vargnano\/\"]}]},{\"@type\":\"ImageObject\",\"inLanguage\":\"de\",\"@id\":\"https:\/\/www.oliocentrica.it\/de\/shop\/vargnano\/#primaryimage\",\"url\":\"https:\/\/www.oliocentrica.it\/wp-content\/uploads\/2021\/05\/oliocentrica-vargnano.jpg\",\"contentUrl\":\"https:\/\/www.oliocentrica.it\/wp-content\/uploads\/2021\/05\/oliocentrica-vargnano.jpg\",\"width\":800,\"height\":800},{\"@type\":\"BreadcrumbList\",\"@id\":\"https:\/\/www.oliocentrica.it\/de\/shop\/vargnano\/#breadcrumb\",\"itemListElement\":[{\"@type\":\"ListItem\",\"position\":1,\"name\":\"Home\",\"item\":\"https:\/\/www.oliocentrica.it\/de\/\"},{\"@type\":\"ListItem\",\"position\":2,\"name\":\"Shop\",\"item\":\"https:\/\/www.oliocentrica.it\/de\/shop\/\"},{\"@type\":\"ListItem\",\"position\":3,\"name\":\"Vargnano\"}]},{\"@type\":\"WebSite\",\"@id\":\"https:\/\/www.oliocentrica.it\/de\/#website\",\"url\":\"https:\/\/www.oliocentrica.it\/de\/\",\"name\":\"Oliocentrica\",\"description\":\"il filo d\u2019olio tra cibo e salute\",\"publisher\":{\"@id\":\"https:\/\/www.oliocentrica.it\/de\/#organization\"},\"potentialAction\":[{\"@type\":\"SearchAction\",\"target\":{\"@type\":\"EntryPoint\",\"urlTemplate\":\"https:\/\/www.oliocentrica.it\/de\/?s={search_term_string}\"},\"query-input\":{\"@type\":\"PropertyValueSpecification\",\"valueRequired\":true,\"valueName\":\"search_term_string\"}}],\"inLanguage\":\"de\"},{\"@type\":\"Organization\",\"@id\":\"https:\/\/www.oliocentrica.it\/de\/#organization\",\"name\":\"Oliocentrica Srls\",\"url\":\"https:\/\/www.oliocentrica.it\/de\/\",\"logo\":{\"@type\":\"ImageObject\",\"inLanguage\":\"de\",\"@id\":\"https:\/\/www.oliocentrica.it\/de\/#\/schema\/logo\/image\/\",\"url\":\"https:\/\/www.oliocentrica.it\/wp-content\/uploads\/2021\/05\/logo_oliocentrica-1.png\",\"contentUrl\":\"https:\/\/www.oliocentrica.it\/wp-content\/uploads\/2021\/05\/logo_oliocentrica-1.png\",\"width\":250,\"height\":81,\"caption\":\"Oliocentrica Srls\"},\"image\":{\"@id\":\"https:\/\/www.oliocentrica.it\/de\/#\/schema\/logo\/image\/\"},\"sameAs\":[\"https:\/\/www.facebook.com\/Oliocentrica\",\"https:\/\/www.instagram.com\/oliocentrica\"]}]}<\/script>\n<!-- \/ Yoast SEO plugin. -->","yoast_head_json":{"title":"Vargnano - Oliocentrica","robots":{"index":"index","follow":"follow","max-snippet":"max-snippet:-1","max-image-preview":"max-image-preview:large","max-video-preview":"max-video-preview:-1"},"canonical":"https:\/\/www.oliocentrica.it\/de\/shop\/vargnano\/","og_locale":"de_DE","og_type":"article","og_title":"Vargnano - Oliocentrica","og_description":"Mittelfruchtig  In der eleganten Umgebung der Bologneser H\u00fcgel wurde 1705 die alte Residenz des Palazzo di Varignana geboren, urspr\u00fcnglich Palazzo Bentivoglio, der unter Ber\u00fccksichtigung des alten Charmes seiner Geschichte renoviert wurde. Rund um die Villa, heute ein Luxusresort, erstreckt sich der Komplex \u00fcber 30 Hektar Land, das zwischen ausgedehnten Gr\u00fcnfl\u00e4chen, Parks und Wasserquellen aufgeteilt ist. Unter diesen atemberaubenden Aussichten hat der Gr\u00fcnder des Palazzo di Varignana, der sich leidenschaftlich f\u00fcr den Olivenanbau interessiert, neue Olivenhaine f\u00fcr die Herstellung eines hochwertigen nativen Oliven\u00f6ls extra geschaffen. Wie Vargnano, ein extra natives Oliven\u00f6l aus Nostrana-Oliven: vorherrschende Noten von gr\u00fcnem Apfel und Artischocke, leichte Empfindungen von frischen Mandeln und Tomaten. Bitter und w\u00fcrzig mit Charakter.  Olivenkampagne: 2023\/2024","og_url":"https:\/\/www.oliocentrica.it\/de\/shop\/vargnano\/","og_site_name":"Oliocentrica","article_publisher":"https:\/\/www.facebook.com\/Oliocentrica","article_modified_time":"2023-10-26T17:30:02+00:00","og_image":[{"width":800,"height":800,"url":"https:\/\/www.oliocentrica.it\/wp-content\/uploads\/2021\/05\/oliocentrica-vargnano.jpg","type":"image\/jpeg"}],"twitter_card":"summary_large_image","twitter_misc":{"Gesch\u00e4tzte Lesezeit":"1\u00a0Minute"},"schema":{"@context":"https:\/\/schema.org","@graph":[{"@type":"WebPage","@id":"https:\/\/www.oliocentrica.it\/de\/shop\/vargnano\/","url":"https:\/\/www.oliocentrica.it\/de\/shop\/vargnano\/","name":"Vargnano - Oliocentrica","isPartOf":{"@id":"https:\/\/www.oliocentrica.it\/de\/#website"},"primaryImageOfPage":{"@id":"https:\/\/www.oliocentrica.it\/de\/shop\/vargnano\/#primaryimage"},"image":{"@id":"https:\/\/www.oliocentrica.it\/de\/shop\/vargnano\/#primaryimage"},"thumbnailUrl":"https:\/\/www.oliocentrica.it\/wp-content\/uploads\/2021\/05\/oliocentrica-vargnano.jpg","datePublished":"2021-05-20T08:53:19+00:00","dateModified":"2023-10-26T17:30:02+00:00","breadcrumb":{"@id":"https:\/\/www.oliocentrica.it\/de\/shop\/vargnano\/#breadcrumb"},"inLanguage":"de","potentialAction":[{"@type":"ReadAction","target":["https:\/\/www.oliocentrica.it\/de\/shop\/vargnano\/"]}]},{"@type":"ImageObject","inLanguage":"de","@id":"https:\/\/www.oliocentrica.it\/de\/shop\/vargnano\/#primaryimage","url":"https:\/\/www.oliocentrica.it\/wp-content\/uploads\/2021\/05\/oliocentrica-vargnano.jpg","contentUrl":"https:\/\/www.oliocentrica.it\/wp-content\/uploads\/2021\/05\/oliocentrica-vargnano.jpg","width":800,"height":800},{"@type":"BreadcrumbList","@id":"https:\/\/www.oliocentrica.it\/de\/shop\/vargnano\/#breadcrumb","itemListElement":[{"@type":"ListItem","position":1,"name":"Home","item":"https:\/\/www.oliocentrica.it\/de\/"},{"@type":"ListItem","position":2,"name":"Shop","item":"https:\/\/www.oliocentrica.it\/de\/shop\/"},{"@type":"ListItem","position":3,"name":"Vargnano"}]},{"@type":"WebSite","@id":"https:\/\/www.oliocentrica.it\/de\/#website","url":"https:\/\/www.oliocentrica.it\/de\/","name":"Oliocentrica","description":"il filo d\u2019olio tra cibo e salute","publisher":{"@id":"https:\/\/www.oliocentrica.it\/de\/#organization"},"potentialAction":[{"@type":"SearchAction","target":{"@type":"EntryPoint","urlTemplate":"https:\/\/www.oliocentrica.it\/de\/?s={search_term_string}"},"query-input":{"@type":"PropertyValueSpecification","valueRequired":true,"valueName":"search_term_string"}}],"inLanguage":"de"},{"@type":"Organization","@id":"https:\/\/www.oliocentrica.it\/de\/#organization","name":"Oliocentrica Srls","url":"https:\/\/www.oliocentrica.it\/de\/","logo":{"@type":"ImageObject","inLanguage":"de","@id":"https:\/\/www.oliocentrica.it\/de\/#\/schema\/logo\/image\/","url":"https:\/\/www.oliocentrica.it\/wp-content\/uploads\/2021\/05\/logo_oliocentrica-1.png","contentUrl":"https:\/\/www.oliocentrica.it\/wp-content\/uploads\/2021\/05\/logo_oliocentrica-1.png","width":250,"height":81,"caption":"Oliocentrica Srls"},"image":{"@id":"https:\/\/www.oliocentrica.it\/de\/#\/schema\/logo\/image\/"},"sameAs":["https:\/\/www.facebook.com\/Oliocentrica","https:\/\/www.instagram.com\/oliocentrica"]}]}},"brands":[{"id":314,"name":"Palazzo di Varignana","slug":"palazzo-di-varignana"}],"_links":{"self":[{"href":"https:\/\/www.oliocentrica.it\/de\/wp-json\/wp\/v2\/product\/14748"}],"collection":[{"href":"https:\/\/www.oliocentrica.it\/de\/wp-json\/wp\/v2\/product"}],"about":[{"href":"https:\/\/www.oliocentrica.it\/de\/wp-json\/wp\/v2\/types\/product"}],"replies":[{"embeddable":true,"href":"https:\/\/www.oliocentrica.it\/de\/wp-json\/wp\/v2\/comments?post=14748"}],"wp:featuredmedia":[{"embeddable":true,"href":"https:\/\/www.oliocentrica.it\/de\/wp-json\/wp\/v2\/media\/13799"}],"wp:attachment":[{"href":"https:\/\/www.oliocentrica.it\/de\/wp-json\/wp\/v2\/media?parent=14748"}],"wp:term":[{"taxonomy":"pwb-brand","embeddable":true,"href":"https:\/\/www.oliocentrica.it\/de\/wp-json\/wp\/v2\/pwb-brand?post=14748"},{"taxonomy":"product_cat","embeddable":true,"href":"https:\/\/www.oliocentrica.it\/de\/wp-json\/wp\/v2\/product_cat?post=14748"},{"taxonomy":"product_tag","embeddable":true,"href":"https:\/\/www.oliocentrica.it\/de\/wp-json\/wp\/v2\/product_tag?post=14748"}],"curies":[{"name":"wp","href":"https:\/\/api.w.org\/{rel}","templated":true}]}}