{"id":14746,"date":"2021-05-20T12:38:14","date_gmt":"2021-05-20T10:38:14","guid":{"rendered":"https:\/\/www.oliocentrica.it\/shop\/sciappau\/"},"modified":"2023-10-26T19:24:54","modified_gmt":"2023-10-26T17:24:54","slug":"sciappau","status":"publish","type":"product","link":"https:\/\/www.oliocentrica.it\/de\/shop\/sciappau\/","title":{"rendered":"S&#8217;ciappau"},"content":{"rendered":"<p><strong><em>Leicht fruchtig<\/em><\/strong><\/p>\n<p><strong>Duft<\/strong>: Noten von Artischocke, Chicor\u00e9e, Basilikum, Minze und Rosmarin<\/p>\n<p><strong>Geschmack<\/strong>: unmerklich bitter und w\u00fcrzig, elegant und anhaltend mit Noten von schwarzem Pfeffer<\/p>\n<p><strong>Probieren Sie es mit<\/strong>\u2026 Fischcarpaccio, Meeresfr\u00fcchtesalaten, wei\u00dfem Fleisch und ges\u00e4uerten Desserts<\/p>\n<p><strong>Geografisches Gebiet und Hoheitsgebiet<\/strong>: Imperia &#8211; Zona Isolabona &#8211; Ligurien<\/p>\n<p><strong>Olivenkampagne<\/strong>: 2023\/2024<\/p>\n<p><strong>Gr\u00f6\u00dfen<\/strong>: 0,50L<\/p>\n<p><strong>Sortenrein aus Oliven<\/strong>: Taggiasca<\/p>\n<p><strong>Herstellungsverfahren<\/strong>: moderne Extraktionstechniken, kontinuierlicher \/ kalter Zyklus mit zweiphasiger Verarbeitung<\/p>\n<p><strong>Konservierungsmethode<\/strong>: Edelstahlbeh\u00e4lter bei kontrollierter Temperatur<br \/>\n_______________________________________<\/p>\n<p><em>Danksagungen und Anleitungen:<\/em><\/p>\n<p><strong>Gambero Rosso 2017 Oli d&#8217;Italia Guide &#8211; 2 rote Bl\u00e4tter<\/strong><\/p>\n<p><strong>Flos Olei 2020 97\/100<\/strong><\/p>\n<p><strong>Bienda 2017<\/strong><br \/>\n_______________________________________<\/p>\n<p><em>Weitere Informationen gelten f\u00fcr alle unsere nativen Oliven\u00f6le extra<\/em><\/p>\n<p><strong>Zutaten<\/strong>: 100 % italienische Oliven, im richtigen Reifegrad geerntet und in Italien mit mechanischen Verfahren gepresst<br \/>\n<strong>Lagerung<\/strong>: fern von Licht, W\u00e4rmequellen, schlechten Ger\u00fcchen und in hermetisch verschlossenen Flaschen. Denken Sie daran, dass natives Oliven\u00f6l extra der Feind von Licht, Hitze und Luft ist<br \/>\n<strong>Frist<\/strong>: innerhalb von 18 Monaten ab dem Datum der Abf\u00fcllung (Frist, innerhalb derer Sie von den N\u00e4hrwerten des nativen Oliven\u00f6ls extra profitieren k\u00f6nnen)<br \/>\n<strong>Verwendung<\/strong>: t\u00e4glich roh oder zum kurzen Garen bei moderaten Temperaturen<\/p>\n","protected":false},"excerpt":{"rendered":"<p><strong><em>Leicht fruchtig<\/em><\/strong><\/p>\n<p>Paolo Cassini ist ein aufmerksamer und leidenschaftlicher Produzent, stolz auf seine jahrhundertealten Olivenb\u00e4ume, ausschlie\u00dflich der Sorte Taggiasca, die er zusammen mit seiner Familie auf Isolabona, einer \u201eInsel\u201c im westlichen Hinterland Liguriens, anbaut.<br \/>\nDas native Oliven\u00f6l extra aus der Sorte Taggiasca geh\u00f6rt trotz der begrenzten Anbaufl\u00e4che zu den bekanntesten Italienern der Welt. Wie erkennt man die f\u00fcr diese Sorte typischen geschmacklich-olfaktorischen Merkmale?<br \/>\nMit S&#8217;ciappau, eine leichte und elegante Frucht mit Noten von Mandeln, Artischockenherz und Minze, perfekt f\u00fcr die Zubereitung von Rohkost und empfohlen f\u00fcr die Zubereitung von Desserts.<\/p>\n<p><em>Hinweis auf dem Etikett: Der Begriff S&#8217;ciappau bedeutet im ligurischen Dialekt \u201egespalten\u201c und h\u00e4ngt mit der leichten Pressung zusammen, bei der die Oliven nicht vollst\u00e4ndig gemahlen werden.<\/em><\/p>\n<p><strong>Olivenkampagne: 2023\/2024<\/strong><\/p>\n","protected":false},"featured_media":13803,"comment_status":"closed","ping_status":"closed","template":"","meta":[],"pwb-brand":[316],"product_cat":[252],"product_tag":[],"acf":[],"yoast_head":"<!-- This site is optimized with the Yoast SEO plugin v24.5 - https:\/\/yoast.com\/wordpress\/plugins\/seo\/ -->\n<title>S&#039;ciappau - Oliocentrica<\/title>\n<meta name=\"robots\" content=\"index, follow, max-snippet:-1, max-image-preview:large, max-video-preview:-1\" \/>\n<link rel=\"canonical\" href=\"https:\/\/www.oliocentrica.it\/de\/shop\/sciappau\/\" \/>\n<meta property=\"og:locale\" content=\"de_DE\" \/>\n<meta property=\"og:type\" content=\"article\" \/>\n<meta property=\"og:title\" content=\"S&#039;ciappau - Oliocentrica\" \/>\n<meta property=\"og:description\" content=\"Leicht fruchtig  Paolo Cassini ist ein aufmerksamer und leidenschaftlicher Produzent, stolz auf seine jahrhundertealten Olivenb\u00e4ume, ausschlie\u00dflich der Sorte Taggiasca, die er zusammen mit seiner Familie auf Isolabona, einer \u201eInsel\u201c im westlichen Hinterland Liguriens, anbaut. Das native Oliven\u00f6l extra aus der Sorte Taggiasca geh\u00f6rt trotz der begrenzten Anbaufl\u00e4che zu den bekanntesten Italienern der Welt. Wie erkennt man die f\u00fcr diese Sorte typischen geschmacklich-olfaktorischen Merkmale? Mit S&#039;ciappau, eine leichte und elegante Frucht mit Noten von Mandeln, Artischockenherz und Minze, perfekt f\u00fcr die Zubereitung von Rohkost und empfohlen f\u00fcr die Zubereitung von Desserts.  Hinweis auf dem Etikett: Der Begriff S&#039;ciappau bedeutet im ligurischen Dialekt \u201egespalten\u201c und h\u00e4ngt mit der leichten Pressung zusammen, bei der die Oliven nicht vollst\u00e4ndig gemahlen werden.  Olivenkampagne: 2023\/2024\" \/>\n<meta property=\"og:url\" content=\"https:\/\/www.oliocentrica.it\/de\/shop\/sciappau\/\" \/>\n<meta property=\"og:site_name\" content=\"Oliocentrica\" \/>\n<meta property=\"article:publisher\" content=\"https:\/\/www.facebook.com\/Oliocentrica\" \/>\n<meta property=\"article:modified_time\" content=\"2023-10-26T17:24:54+00:00\" \/>\n<meta property=\"og:image\" content=\"https:\/\/www.oliocentrica.it\/wp-content\/uploads\/2021\/05\/oliocentrica-sciappau.jpg\" \/>\n\t<meta property=\"og:image:width\" content=\"800\" \/>\n\t<meta property=\"og:image:height\" content=\"800\" \/>\n\t<meta property=\"og:image:type\" content=\"image\/jpeg\" \/>\n<meta name=\"twitter:card\" content=\"summary_large_image\" \/>\n<meta name=\"twitter:label1\" content=\"Gesch\u00e4tzte Lesezeit\" \/>\n\t<meta name=\"twitter:data1\" content=\"1\u00a0Minute\" \/>\n<script type=\"application\/ld+json\" class=\"yoast-schema-graph\">{\"@context\":\"https:\/\/schema.org\",\"@graph\":[{\"@type\":\"WebPage\",\"@id\":\"https:\/\/www.oliocentrica.it\/de\/shop\/sciappau\/\",\"url\":\"https:\/\/www.oliocentrica.it\/de\/shop\/sciappau\/\",\"name\":\"S'ciappau - Oliocentrica\",\"isPartOf\":{\"@id\":\"https:\/\/www.oliocentrica.it\/de\/#website\"},\"primaryImageOfPage\":{\"@id\":\"https:\/\/www.oliocentrica.it\/de\/shop\/sciappau\/#primaryimage\"},\"image\":{\"@id\":\"https:\/\/www.oliocentrica.it\/de\/shop\/sciappau\/#primaryimage\"},\"thumbnailUrl\":\"https:\/\/www.oliocentrica.it\/wp-content\/uploads\/2021\/05\/oliocentrica-sciappau.jpg\",\"datePublished\":\"2021-05-20T10:38:14+00:00\",\"dateModified\":\"2023-10-26T17:24:54+00:00\",\"breadcrumb\":{\"@id\":\"https:\/\/www.oliocentrica.it\/de\/shop\/sciappau\/#breadcrumb\"},\"inLanguage\":\"de\",\"potentialAction\":[{\"@type\":\"ReadAction\",\"target\":[\"https:\/\/www.oliocentrica.it\/de\/shop\/sciappau\/\"]}]},{\"@type\":\"ImageObject\",\"inLanguage\":\"de\",\"@id\":\"https:\/\/www.oliocentrica.it\/de\/shop\/sciappau\/#primaryimage\",\"url\":\"https:\/\/www.oliocentrica.it\/wp-content\/uploads\/2021\/05\/oliocentrica-sciappau.jpg\",\"contentUrl\":\"https:\/\/www.oliocentrica.it\/wp-content\/uploads\/2021\/05\/oliocentrica-sciappau.jpg\",\"width\":800,\"height\":800},{\"@type\":\"BreadcrumbList\",\"@id\":\"https:\/\/www.oliocentrica.it\/de\/shop\/sciappau\/#breadcrumb\",\"itemListElement\":[{\"@type\":\"ListItem\",\"position\":1,\"name\":\"Home\",\"item\":\"https:\/\/www.oliocentrica.it\/de\/\"},{\"@type\":\"ListItem\",\"position\":2,\"name\":\"Shop\",\"item\":\"https:\/\/www.oliocentrica.it\/de\/shop\/\"},{\"@type\":\"ListItem\",\"position\":3,\"name\":\"S&#8217;ciappau\"}]},{\"@type\":\"WebSite\",\"@id\":\"https:\/\/www.oliocentrica.it\/de\/#website\",\"url\":\"https:\/\/www.oliocentrica.it\/de\/\",\"name\":\"Oliocentrica\",\"description\":\"il filo d\u2019olio tra cibo e salute\",\"publisher\":{\"@id\":\"https:\/\/www.oliocentrica.it\/de\/#organization\"},\"potentialAction\":[{\"@type\":\"SearchAction\",\"target\":{\"@type\":\"EntryPoint\",\"urlTemplate\":\"https:\/\/www.oliocentrica.it\/de\/?s={search_term_string}\"},\"query-input\":{\"@type\":\"PropertyValueSpecification\",\"valueRequired\":true,\"valueName\":\"search_term_string\"}}],\"inLanguage\":\"de\"},{\"@type\":\"Organization\",\"@id\":\"https:\/\/www.oliocentrica.it\/de\/#organization\",\"name\":\"Oliocentrica Srls\",\"url\":\"https:\/\/www.oliocentrica.it\/de\/\",\"logo\":{\"@type\":\"ImageObject\",\"inLanguage\":\"de\",\"@id\":\"https:\/\/www.oliocentrica.it\/de\/#\/schema\/logo\/image\/\",\"url\":\"https:\/\/www.oliocentrica.it\/wp-content\/uploads\/2021\/05\/logo_oliocentrica-1.png\",\"contentUrl\":\"https:\/\/www.oliocentrica.it\/wp-content\/uploads\/2021\/05\/logo_oliocentrica-1.png\",\"width\":250,\"height\":81,\"caption\":\"Oliocentrica Srls\"},\"image\":{\"@id\":\"https:\/\/www.oliocentrica.it\/de\/#\/schema\/logo\/image\/\"},\"sameAs\":[\"https:\/\/www.facebook.com\/Oliocentrica\",\"https:\/\/www.instagram.com\/oliocentrica\"]}]}<\/script>\n<!-- \/ Yoast SEO plugin. -->","yoast_head_json":{"title":"S'ciappau - Oliocentrica","robots":{"index":"index","follow":"follow","max-snippet":"max-snippet:-1","max-image-preview":"max-image-preview:large","max-video-preview":"max-video-preview:-1"},"canonical":"https:\/\/www.oliocentrica.it\/de\/shop\/sciappau\/","og_locale":"de_DE","og_type":"article","og_title":"S'ciappau - Oliocentrica","og_description":"Leicht fruchtig  Paolo Cassini ist ein aufmerksamer und leidenschaftlicher Produzent, stolz auf seine jahrhundertealten Olivenb\u00e4ume, ausschlie\u00dflich der Sorte Taggiasca, die er zusammen mit seiner Familie auf Isolabona, einer \u201eInsel\u201c im westlichen Hinterland Liguriens, anbaut. Das native Oliven\u00f6l extra aus der Sorte Taggiasca geh\u00f6rt trotz der begrenzten Anbaufl\u00e4che zu den bekanntesten Italienern der Welt. Wie erkennt man die f\u00fcr diese Sorte typischen geschmacklich-olfaktorischen Merkmale? Mit S'ciappau, eine leichte und elegante Frucht mit Noten von Mandeln, Artischockenherz und Minze, perfekt f\u00fcr die Zubereitung von Rohkost und empfohlen f\u00fcr die Zubereitung von Desserts.  Hinweis auf dem Etikett: Der Begriff S'ciappau bedeutet im ligurischen Dialekt \u201egespalten\u201c und h\u00e4ngt mit der leichten Pressung zusammen, bei der die Oliven nicht vollst\u00e4ndig gemahlen werden.  Olivenkampagne: 2023\/2024","og_url":"https:\/\/www.oliocentrica.it\/de\/shop\/sciappau\/","og_site_name":"Oliocentrica","article_publisher":"https:\/\/www.facebook.com\/Oliocentrica","article_modified_time":"2023-10-26T17:24:54+00:00","og_image":[{"width":800,"height":800,"url":"https:\/\/www.oliocentrica.it\/wp-content\/uploads\/2021\/05\/oliocentrica-sciappau.jpg","type":"image\/jpeg"}],"twitter_card":"summary_large_image","twitter_misc":{"Gesch\u00e4tzte Lesezeit":"1\u00a0Minute"},"schema":{"@context":"https:\/\/schema.org","@graph":[{"@type":"WebPage","@id":"https:\/\/www.oliocentrica.it\/de\/shop\/sciappau\/","url":"https:\/\/www.oliocentrica.it\/de\/shop\/sciappau\/","name":"S'ciappau - Oliocentrica","isPartOf":{"@id":"https:\/\/www.oliocentrica.it\/de\/#website"},"primaryImageOfPage":{"@id":"https:\/\/www.oliocentrica.it\/de\/shop\/sciappau\/#primaryimage"},"image":{"@id":"https:\/\/www.oliocentrica.it\/de\/shop\/sciappau\/#primaryimage"},"thumbnailUrl":"https:\/\/www.oliocentrica.it\/wp-content\/uploads\/2021\/05\/oliocentrica-sciappau.jpg","datePublished":"2021-05-20T10:38:14+00:00","dateModified":"2023-10-26T17:24:54+00:00","breadcrumb":{"@id":"https:\/\/www.oliocentrica.it\/de\/shop\/sciappau\/#breadcrumb"},"inLanguage":"de","potentialAction":[{"@type":"ReadAction","target":["https:\/\/www.oliocentrica.it\/de\/shop\/sciappau\/"]}]},{"@type":"ImageObject","inLanguage":"de","@id":"https:\/\/www.oliocentrica.it\/de\/shop\/sciappau\/#primaryimage","url":"https:\/\/www.oliocentrica.it\/wp-content\/uploads\/2021\/05\/oliocentrica-sciappau.jpg","contentUrl":"https:\/\/www.oliocentrica.it\/wp-content\/uploads\/2021\/05\/oliocentrica-sciappau.jpg","width":800,"height":800},{"@type":"BreadcrumbList","@id":"https:\/\/www.oliocentrica.it\/de\/shop\/sciappau\/#breadcrumb","itemListElement":[{"@type":"ListItem","position":1,"name":"Home","item":"https:\/\/www.oliocentrica.it\/de\/"},{"@type":"ListItem","position":2,"name":"Shop","item":"https:\/\/www.oliocentrica.it\/de\/shop\/"},{"@type":"ListItem","position":3,"name":"S&#8217;ciappau"}]},{"@type":"WebSite","@id":"https:\/\/www.oliocentrica.it\/de\/#website","url":"https:\/\/www.oliocentrica.it\/de\/","name":"Oliocentrica","description":"il filo d\u2019olio tra cibo e salute","publisher":{"@id":"https:\/\/www.oliocentrica.it\/de\/#organization"},"potentialAction":[{"@type":"SearchAction","target":{"@type":"EntryPoint","urlTemplate":"https:\/\/www.oliocentrica.it\/de\/?s={search_term_string}"},"query-input":{"@type":"PropertyValueSpecification","valueRequired":true,"valueName":"search_term_string"}}],"inLanguage":"de"},{"@type":"Organization","@id":"https:\/\/www.oliocentrica.it\/de\/#organization","name":"Oliocentrica Srls","url":"https:\/\/www.oliocentrica.it\/de\/","logo":{"@type":"ImageObject","inLanguage":"de","@id":"https:\/\/www.oliocentrica.it\/de\/#\/schema\/logo\/image\/","url":"https:\/\/www.oliocentrica.it\/wp-content\/uploads\/2021\/05\/logo_oliocentrica-1.png","contentUrl":"https:\/\/www.oliocentrica.it\/wp-content\/uploads\/2021\/05\/logo_oliocentrica-1.png","width":250,"height":81,"caption":"Oliocentrica Srls"},"image":{"@id":"https:\/\/www.oliocentrica.it\/de\/#\/schema\/logo\/image\/"},"sameAs":["https:\/\/www.facebook.com\/Oliocentrica","https:\/\/www.instagram.com\/oliocentrica"]}]}},"brands":[{"id":316,"name":"Paolo Cassini","slug":"paolo-cassini"}],"_links":{"self":[{"href":"https:\/\/www.oliocentrica.it\/de\/wp-json\/wp\/v2\/product\/14746"}],"collection":[{"href":"https:\/\/www.oliocentrica.it\/de\/wp-json\/wp\/v2\/product"}],"about":[{"href":"https:\/\/www.oliocentrica.it\/de\/wp-json\/wp\/v2\/types\/product"}],"replies":[{"embeddable":true,"href":"https:\/\/www.oliocentrica.it\/de\/wp-json\/wp\/v2\/comments?post=14746"}],"wp:featuredmedia":[{"embeddable":true,"href":"https:\/\/www.oliocentrica.it\/de\/wp-json\/wp\/v2\/media\/13803"}],"wp:attachment":[{"href":"https:\/\/www.oliocentrica.it\/de\/wp-json\/wp\/v2\/media?parent=14746"}],"wp:term":[{"taxonomy":"pwb-brand","embeddable":true,"href":"https:\/\/www.oliocentrica.it\/de\/wp-json\/wp\/v2\/pwb-brand?post=14746"},{"taxonomy":"product_cat","embeddable":true,"href":"https:\/\/www.oliocentrica.it\/de\/wp-json\/wp\/v2\/product_cat?post=14746"},{"taxonomy":"product_tag","embeddable":true,"href":"https:\/\/www.oliocentrica.it\/de\/wp-json\/wp\/v2\/product_tag?post=14746"}],"curies":[{"name":"wp","href":"https:\/\/api.w.org\/{rel}","templated":true}]}}