{"id":14744,"date":"2021-05-20T15:25:11","date_gmt":"2021-05-20T13:25:11","guid":{"rendered":"https:\/\/www.oliocentrica.it\/shop\/carboncella-bio\/"},"modified":"2023-10-26T19:20:01","modified_gmt":"2023-10-26T17:20:01","slug":"carboncella-bio","status":"publish","type":"product","link":"https:\/\/www.oliocentrica.it\/de\/shop\/carboncella-bio\/","title":{"rendered":"Carboncella Bio"},"content":{"rendered":"<p><strong><em>Leicht fruchtig<\/em><\/strong><\/p>\n<p><strong>Duft<\/strong>: In der Nase wechseln sich Ankl\u00e4nge von Artischocke und Mandel mit Eleganz und Ausgewogenheit ab<\/p>\n<p><strong>Geschmack<\/strong>: w\u00fcrzige und bittere Noten von mittlerer bis leichter Intensit\u00e4t, mit einem Nachgeschmack von frischen Mandeln<\/p>\n<p><strong>Probieren Sie ihn zu<\/strong>\u2026 wei\u00dfem Fleisch, blauem Fisch, Bruschetta, ged\u00e4mpftem Gem\u00fcse, trockenen und ges\u00e4uerten Desserts<\/p>\n<p><strong>Geografisches Gebiet und Gebiet<\/strong>: Ascoli Piceno &#8211; Monti Sibillini 400 m s.l.m &#8211; Marken<\/p>\n<p><strong>Olivenkampagne<\/strong>: 2023\/2024<\/p>\n<p><strong>Gr\u00f6\u00dfen<\/strong>: 0,50L<\/p>\n<p><strong>Sortenrein aus Olivensorten<\/strong>: Carboncella<\/p>\n<p><strong>Produktionsmethode<\/strong>: moderne Extraktionstechniken, kontinuierlicher \/ kalter Zyklus<\/p>\n<p><strong>Konservierungsmethode<\/strong>: in einer Umgebung mit kontrollierter Temperatur<br \/>\n_______________________________________<\/p>\n<p><em>Danksagungen und Anleitungen:<\/em><\/p>\n<p><strong>2 Bl\u00e4tter von Gambero Rosso Oil Guide of Italy 2021<\/strong><br \/>\n_______________________________________<\/p>\n<p><em>Zertifizierungen:<\/em><\/p>\n<p><strong>Biologisch<\/strong><br \/>\n_______________________________________<br \/>\n<em>Weitere Informationen gelten f\u00fcr alle unsere nativen Oliven\u00f6le extra<\/em><\/p>\n<p><strong>Zutaten<\/strong>: 100 % italienische Oliven, im richtigen Reifegrad geerntet und in Italien mit mechanischen Verfahren gepresst<br \/>\n<strong>Lagerung<\/strong>: fern von Licht, W\u00e4rmequellen, schlechten Ger\u00fcchen und in hermetisch verschlossenen Flaschen. Denken Sie daran, dass natives Oliven\u00f6l extra der Feind von Licht, Hitze und Luft ist<br \/>\n<strong>Frist<\/strong>: innerhalb von 18 Monaten ab dem Datum der Abf\u00fcllung (Frist, innerhalb derer Sie von den N\u00e4hrwerten des nativen Oliven\u00f6ls extra profitieren k\u00f6nnen)<br \/>\n<strong>Verwendung<\/strong>: t\u00e4glich roh oder zum kurzen Garen bei moderaten Temperaturen<\/p>\n","protected":false},"excerpt":{"rendered":"<p><strong><em>Leicht fruchtig<\/em><\/strong><\/p>\n<p>\u00dcber tausend Olivenb\u00e4ume entlang der H\u00e4nge der sanften H\u00fcgel der Marken, nur wenige Kilometer von Ascoli Piceno und der Promenade von San Benedetto del Tronto entfernt, das ist Tenuta Centotorri. Auf 400 Metern \u00fcber dem Meeresspiegel, an einem Punkt, an dem die warme und brackige Sommerluft der Adria auf die kalte Winterluft der Sibillini-Berge trifft, wird das native Oliven\u00f6l extra aus der ausschlie\u00dflich biologisch angebauten Sorte Carboncella geboren. Ein delikater, reinsortiger Wein, der die anspruchsvollsten Gaumen erobert.<\/p>\n<p><em>Zertifizierungen: IT BIO-004 op.38506 &#8211; op.34849 konform mit den Anforderungen von Reg. CE 834\/07 und Reg. CE 889\/08<\/em><\/p>\n<p><strong>Olivenkampagne: 2023\/2024<\/strong><\/p>\n","protected":false},"featured_media":13814,"comment_status":"closed","ping_status":"closed","template":"","meta":[],"pwb-brand":[266],"product_cat":[252],"product_tag":[],"acf":[],"yoast_head":"<!-- This site is optimized with the Yoast SEO plugin v24.5 - https:\/\/yoast.com\/wordpress\/plugins\/seo\/ -->\n<title>Carboncella Bio - Oliocentrica<\/title>\n<meta name=\"robots\" content=\"index, follow, max-snippet:-1, max-image-preview:large, max-video-preview:-1\" \/>\n<link rel=\"canonical\" href=\"https:\/\/www.oliocentrica.it\/de\/shop\/carboncella-bio\/\" \/>\n<meta property=\"og:locale\" content=\"de_DE\" \/>\n<meta property=\"og:type\" content=\"article\" \/>\n<meta property=\"og:title\" content=\"Carboncella Bio - Oliocentrica\" \/>\n<meta property=\"og:description\" content=\"Leicht fruchtig  \u00dcber tausend Olivenb\u00e4ume entlang der H\u00e4nge der sanften H\u00fcgel der Marken, nur wenige Kilometer von Ascoli Piceno und der Promenade von San Benedetto del Tronto entfernt, das ist Tenuta Centotorri. Auf 400 Metern \u00fcber dem Meeresspiegel, an einem Punkt, an dem die warme und brackige Sommerluft der Adria auf die kalte Winterluft der Sibillini-Berge trifft, wird das native Oliven\u00f6l extra aus der ausschlie\u00dflich biologisch angebauten Sorte Carboncella geboren. Ein delikater, reinsortiger Wein, der die anspruchsvollsten Gaumen erobert.  Zertifizierungen: IT BIO-004 op.38506 - op.34849 konform mit den Anforderungen von Reg. CE 834\/07 und Reg. CE 889\/08  Olivenkampagne: 2023\/2024\" \/>\n<meta property=\"og:url\" content=\"https:\/\/www.oliocentrica.it\/de\/shop\/carboncella-bio\/\" \/>\n<meta property=\"og:site_name\" content=\"Oliocentrica\" \/>\n<meta property=\"article:publisher\" content=\"https:\/\/www.facebook.com\/Oliocentrica\" \/>\n<meta property=\"article:modified_time\" content=\"2023-10-26T17:20:01+00:00\" \/>\n<meta property=\"og:image\" content=\"https:\/\/www.oliocentrica.it\/wp-content\/uploads\/2021\/05\/oliocentrica-carboncella.jpg\" \/>\n\t<meta property=\"og:image:width\" content=\"800\" \/>\n\t<meta property=\"og:image:height\" content=\"800\" \/>\n\t<meta property=\"og:image:type\" content=\"image\/jpeg\" \/>\n<meta name=\"twitter:card\" content=\"summary_large_image\" \/>\n<meta name=\"twitter:label1\" content=\"Gesch\u00e4tzte Lesezeit\" \/>\n\t<meta name=\"twitter:data1\" content=\"1\u00a0Minute\" \/>\n<script type=\"application\/ld+json\" class=\"yoast-schema-graph\">{\"@context\":\"https:\/\/schema.org\",\"@graph\":[{\"@type\":\"WebPage\",\"@id\":\"https:\/\/www.oliocentrica.it\/de\/shop\/carboncella-bio\/\",\"url\":\"https:\/\/www.oliocentrica.it\/de\/shop\/carboncella-bio\/\",\"name\":\"Carboncella Bio - Oliocentrica\",\"isPartOf\":{\"@id\":\"https:\/\/www.oliocentrica.it\/de\/#website\"},\"primaryImageOfPage\":{\"@id\":\"https:\/\/www.oliocentrica.it\/de\/shop\/carboncella-bio\/#primaryimage\"},\"image\":{\"@id\":\"https:\/\/www.oliocentrica.it\/de\/shop\/carboncella-bio\/#primaryimage\"},\"thumbnailUrl\":\"https:\/\/www.oliocentrica.it\/wp-content\/uploads\/2021\/05\/oliocentrica-carboncella.jpg\",\"datePublished\":\"2021-05-20T13:25:11+00:00\",\"dateModified\":\"2023-10-26T17:20:01+00:00\",\"breadcrumb\":{\"@id\":\"https:\/\/www.oliocentrica.it\/de\/shop\/carboncella-bio\/#breadcrumb\"},\"inLanguage\":\"de\",\"potentialAction\":[{\"@type\":\"ReadAction\",\"target\":[\"https:\/\/www.oliocentrica.it\/de\/shop\/carboncella-bio\/\"]}]},{\"@type\":\"ImageObject\",\"inLanguage\":\"de\",\"@id\":\"https:\/\/www.oliocentrica.it\/de\/shop\/carboncella-bio\/#primaryimage\",\"url\":\"https:\/\/www.oliocentrica.it\/wp-content\/uploads\/2021\/05\/oliocentrica-carboncella.jpg\",\"contentUrl\":\"https:\/\/www.oliocentrica.it\/wp-content\/uploads\/2021\/05\/oliocentrica-carboncella.jpg\",\"width\":800,\"height\":800},{\"@type\":\"BreadcrumbList\",\"@id\":\"https:\/\/www.oliocentrica.it\/de\/shop\/carboncella-bio\/#breadcrumb\",\"itemListElement\":[{\"@type\":\"ListItem\",\"position\":1,\"name\":\"Home\",\"item\":\"https:\/\/www.oliocentrica.it\/de\/\"},{\"@type\":\"ListItem\",\"position\":2,\"name\":\"Shop\",\"item\":\"https:\/\/www.oliocentrica.it\/de\/shop\/\"},{\"@type\":\"ListItem\",\"position\":3,\"name\":\"Carboncella Bio\"}]},{\"@type\":\"WebSite\",\"@id\":\"https:\/\/www.oliocentrica.it\/de\/#website\",\"url\":\"https:\/\/www.oliocentrica.it\/de\/\",\"name\":\"Oliocentrica\",\"description\":\"il filo d\u2019olio tra cibo e salute\",\"publisher\":{\"@id\":\"https:\/\/www.oliocentrica.it\/de\/#organization\"},\"potentialAction\":[{\"@type\":\"SearchAction\",\"target\":{\"@type\":\"EntryPoint\",\"urlTemplate\":\"https:\/\/www.oliocentrica.it\/de\/?s={search_term_string}\"},\"query-input\":{\"@type\":\"PropertyValueSpecification\",\"valueRequired\":true,\"valueName\":\"search_term_string\"}}],\"inLanguage\":\"de\"},{\"@type\":\"Organization\",\"@id\":\"https:\/\/www.oliocentrica.it\/de\/#organization\",\"name\":\"Oliocentrica Srls\",\"url\":\"https:\/\/www.oliocentrica.it\/de\/\",\"logo\":{\"@type\":\"ImageObject\",\"inLanguage\":\"de\",\"@id\":\"https:\/\/www.oliocentrica.it\/de\/#\/schema\/logo\/image\/\",\"url\":\"https:\/\/www.oliocentrica.it\/wp-content\/uploads\/2021\/05\/logo_oliocentrica-1.png\",\"contentUrl\":\"https:\/\/www.oliocentrica.it\/wp-content\/uploads\/2021\/05\/logo_oliocentrica-1.png\",\"width\":250,\"height\":81,\"caption\":\"Oliocentrica Srls\"},\"image\":{\"@id\":\"https:\/\/www.oliocentrica.it\/de\/#\/schema\/logo\/image\/\"},\"sameAs\":[\"https:\/\/www.facebook.com\/Oliocentrica\",\"https:\/\/www.instagram.com\/oliocentrica\"]}]}<\/script>\n<!-- \/ Yoast SEO plugin. -->","yoast_head_json":{"title":"Carboncella Bio - Oliocentrica","robots":{"index":"index","follow":"follow","max-snippet":"max-snippet:-1","max-image-preview":"max-image-preview:large","max-video-preview":"max-video-preview:-1"},"canonical":"https:\/\/www.oliocentrica.it\/de\/shop\/carboncella-bio\/","og_locale":"de_DE","og_type":"article","og_title":"Carboncella Bio - Oliocentrica","og_description":"Leicht fruchtig  \u00dcber tausend Olivenb\u00e4ume entlang der H\u00e4nge der sanften H\u00fcgel der Marken, nur wenige Kilometer von Ascoli Piceno und der Promenade von San Benedetto del Tronto entfernt, das ist Tenuta Centotorri. Auf 400 Metern \u00fcber dem Meeresspiegel, an einem Punkt, an dem die warme und brackige Sommerluft der Adria auf die kalte Winterluft der Sibillini-Berge trifft, wird das native Oliven\u00f6l extra aus der ausschlie\u00dflich biologisch angebauten Sorte Carboncella geboren. Ein delikater, reinsortiger Wein, der die anspruchsvollsten Gaumen erobert.  Zertifizierungen: IT BIO-004 op.38506 - op.34849 konform mit den Anforderungen von Reg. CE 834\/07 und Reg. CE 889\/08  Olivenkampagne: 2023\/2024","og_url":"https:\/\/www.oliocentrica.it\/de\/shop\/carboncella-bio\/","og_site_name":"Oliocentrica","article_publisher":"https:\/\/www.facebook.com\/Oliocentrica","article_modified_time":"2023-10-26T17:20:01+00:00","og_image":[{"width":800,"height":800,"url":"https:\/\/www.oliocentrica.it\/wp-content\/uploads\/2021\/05\/oliocentrica-carboncella.jpg","type":"image\/jpeg"}],"twitter_card":"summary_large_image","twitter_misc":{"Gesch\u00e4tzte Lesezeit":"1\u00a0Minute"},"schema":{"@context":"https:\/\/schema.org","@graph":[{"@type":"WebPage","@id":"https:\/\/www.oliocentrica.it\/de\/shop\/carboncella-bio\/","url":"https:\/\/www.oliocentrica.it\/de\/shop\/carboncella-bio\/","name":"Carboncella Bio - Oliocentrica","isPartOf":{"@id":"https:\/\/www.oliocentrica.it\/de\/#website"},"primaryImageOfPage":{"@id":"https:\/\/www.oliocentrica.it\/de\/shop\/carboncella-bio\/#primaryimage"},"image":{"@id":"https:\/\/www.oliocentrica.it\/de\/shop\/carboncella-bio\/#primaryimage"},"thumbnailUrl":"https:\/\/www.oliocentrica.it\/wp-content\/uploads\/2021\/05\/oliocentrica-carboncella.jpg","datePublished":"2021-05-20T13:25:11+00:00","dateModified":"2023-10-26T17:20:01+00:00","breadcrumb":{"@id":"https:\/\/www.oliocentrica.it\/de\/shop\/carboncella-bio\/#breadcrumb"},"inLanguage":"de","potentialAction":[{"@type":"ReadAction","target":["https:\/\/www.oliocentrica.it\/de\/shop\/carboncella-bio\/"]}]},{"@type":"ImageObject","inLanguage":"de","@id":"https:\/\/www.oliocentrica.it\/de\/shop\/carboncella-bio\/#primaryimage","url":"https:\/\/www.oliocentrica.it\/wp-content\/uploads\/2021\/05\/oliocentrica-carboncella.jpg","contentUrl":"https:\/\/www.oliocentrica.it\/wp-content\/uploads\/2021\/05\/oliocentrica-carboncella.jpg","width":800,"height":800},{"@type":"BreadcrumbList","@id":"https:\/\/www.oliocentrica.it\/de\/shop\/carboncella-bio\/#breadcrumb","itemListElement":[{"@type":"ListItem","position":1,"name":"Home","item":"https:\/\/www.oliocentrica.it\/de\/"},{"@type":"ListItem","position":2,"name":"Shop","item":"https:\/\/www.oliocentrica.it\/de\/shop\/"},{"@type":"ListItem","position":3,"name":"Carboncella Bio"}]},{"@type":"WebSite","@id":"https:\/\/www.oliocentrica.it\/de\/#website","url":"https:\/\/www.oliocentrica.it\/de\/","name":"Oliocentrica","description":"il filo d\u2019olio tra cibo e salute","publisher":{"@id":"https:\/\/www.oliocentrica.it\/de\/#organization"},"potentialAction":[{"@type":"SearchAction","target":{"@type":"EntryPoint","urlTemplate":"https:\/\/www.oliocentrica.it\/de\/?s={search_term_string}"},"query-input":{"@type":"PropertyValueSpecification","valueRequired":true,"valueName":"search_term_string"}}],"inLanguage":"de"},{"@type":"Organization","@id":"https:\/\/www.oliocentrica.it\/de\/#organization","name":"Oliocentrica Srls","url":"https:\/\/www.oliocentrica.it\/de\/","logo":{"@type":"ImageObject","inLanguage":"de","@id":"https:\/\/www.oliocentrica.it\/de\/#\/schema\/logo\/image\/","url":"https:\/\/www.oliocentrica.it\/wp-content\/uploads\/2021\/05\/logo_oliocentrica-1.png","contentUrl":"https:\/\/www.oliocentrica.it\/wp-content\/uploads\/2021\/05\/logo_oliocentrica-1.png","width":250,"height":81,"caption":"Oliocentrica Srls"},"image":{"@id":"https:\/\/www.oliocentrica.it\/de\/#\/schema\/logo\/image\/"},"sameAs":["https:\/\/www.facebook.com\/Oliocentrica","https:\/\/www.instagram.com\/oliocentrica"]}]}},"brands":[{"id":266,"name":"Tenuta 100 Torri","slug":"tenuta-100-torri"}],"_links":{"self":[{"href":"https:\/\/www.oliocentrica.it\/de\/wp-json\/wp\/v2\/product\/14744"}],"collection":[{"href":"https:\/\/www.oliocentrica.it\/de\/wp-json\/wp\/v2\/product"}],"about":[{"href":"https:\/\/www.oliocentrica.it\/de\/wp-json\/wp\/v2\/types\/product"}],"replies":[{"embeddable":true,"href":"https:\/\/www.oliocentrica.it\/de\/wp-json\/wp\/v2\/comments?post=14744"}],"wp:featuredmedia":[{"embeddable":true,"href":"https:\/\/www.oliocentrica.it\/de\/wp-json\/wp\/v2\/media\/13814"}],"wp:attachment":[{"href":"https:\/\/www.oliocentrica.it\/de\/wp-json\/wp\/v2\/media?parent=14744"}],"wp:term":[{"taxonomy":"pwb-brand","embeddable":true,"href":"https:\/\/www.oliocentrica.it\/de\/wp-json\/wp\/v2\/pwb-brand?post=14744"},{"taxonomy":"product_cat","embeddable":true,"href":"https:\/\/www.oliocentrica.it\/de\/wp-json\/wp\/v2\/product_cat?post=14744"},{"taxonomy":"product_tag","embeddable":true,"href":"https:\/\/www.oliocentrica.it\/de\/wp-json\/wp\/v2\/product_tag?post=14744"}],"curies":[{"name":"wp","href":"https:\/\/api.w.org\/{rel}","templated":true}]}}