{"id":14742,"date":"2021-05-20T16:02:25","date_gmt":"2021-05-20T14:02:25","guid":{"rendered":"https:\/\/www.oliocentrica.it\/shop\/nocellara-etna-bio\/"},"modified":"2024-06-12T17:54:55","modified_gmt":"2024-06-12T15:54:55","slug":"nocellara-etna-bio","status":"publish","type":"product","link":"https:\/\/www.oliocentrica.it\/de\/shop\/nocellara-etna-bio\/","title":{"rendered":"Nocellara Etna Bio"},"content":{"rendered":"<p><strong><em>Intensiv fruchtig<\/em><\/strong><\/p>\n<p><strong>Duft<\/strong>: Noten von geschnittenem Gras, Artischocke und Noten von gr\u00fcnen Tomaten<\/p>\n<p><strong>Geschmack<\/strong>: bitter und w\u00fcrzig in perfekter Harmonie<\/p>\n<p><strong>Probieren Sie es mit <\/strong>&#8230; Fisch-Cous-Sous, Land- und Meeressalaten, Fleischgerichten und einfachen ersten G\u00e4ngen<\/p>\n<p><strong>Geografisches Gebiet und Territorium<\/strong>: H\u00e4nge des \u00c4tna &#8211; Belpasso &#8211; Catania &#8211; Sizilien<\/p>\n<p><strong>Olivenkampagne<\/strong>: 2023\/2024<\/p>\n<p><strong>Gr\u00f6\u00dfen<\/strong>: 0,50<\/p>\n<p><strong>Sortenrein aus Oliven<\/strong>: Nocellara Etnea<\/p>\n<p><strong>Herstellungsverfahren<\/strong>: moderne Kalttechnologie mit einem zweiphasigen Kreislaufsystem<\/p>\n<p><strong>Aufbewahrungsmethode<\/strong>: Edelstahlbeh\u00e4lter bei kontrollierter Temperatur<br \/>\n_______________________________________<\/p>\n<p><em>Zertifizierungen:<\/em><\/p>\n<p><strong>Biologisch<\/strong><br \/>\n_______________________________________<br \/>\n<em>Weitere Informationen gelten f\u00fcr alle unsere nativen Oliven\u00f6le extra<\/em><\/p>\n<p><strong>Zutaten<\/strong>: 100 % italienische Oliven, im richtigen Reifegrad geerntet und in Italien mit mechanischen Verfahren gepresst<br \/>\n<strong>Lagerung<\/strong>: fern von Licht, W\u00e4rmequellen, schlechten Ger\u00fcchen und in hermetisch verschlossenen Flaschen. Denken Sie daran, dass natives Oliven\u00f6l extra der Feind von Licht, Hitze und Luft ist<br \/>\n<strong>Frist<\/strong>: innerhalb von 18 Monaten ab dem Datum der Abf\u00fcllung (Frist, innerhalb derer Sie von den N\u00e4hrwerten des nativen Oliven\u00f6ls extra profitieren k\u00f6nnen)<br \/>\n<strong>Verwendung<\/strong>: t\u00e4glich roh oder zum kurzen Garen bei moderaten Temperaturen<\/p>\n","protected":false},"excerpt":{"rendered":"<p><strong><em>Intensiv fruchtig<\/em><\/strong><\/p>\n<p>Das Vasadonna-Anwesen erstreckt sich bis zu den H\u00e4ngen des \u00c4tna und hat seinen Namen vom Vasadonna-Viertel, dem Ort, an dem einst die Frauen des Dorfes ihre W\u00e4sche am Bach wuschen. Und wo konnte es einem mutigen und gl\u00fccklichen Verehrer passieren, seiner Geliebten einen Kuss zu stehlen? Wer wei\u00df, wie oft Salvatore Scuderi, Inhaber des Unternehmens, die Geschichte dieser Geschichte geh\u00f6rt hat, vielleicht in einem Olivenhain, in dem Tradition mit der Innovation von Ernte- und Verarbeitungssystemen verflochten ist und ein natives Oliven\u00f6l extra aus einheimischen Sorten zum Leben erweckt und mit einzigartigen D\u00fcften.<\/p>\n<p><em>Zertifizierungen: Biologisch<\/em><\/p>\n<p><strong>Olivenkampagne: 2023\/2024<\/strong><\/p>\n","protected":false},"featured_media":13818,"comment_status":"closed","ping_status":"closed","template":"","meta":[],"pwb-brand":[323],"product_cat":[252],"product_tag":[],"acf":[],"yoast_head":"<!-- This site is optimized with the Yoast SEO plugin v24.5 - https:\/\/yoast.com\/wordpress\/plugins\/seo\/ -->\n<title>Nocellara Etna Bio - Oliocentrica<\/title>\n<meta name=\"robots\" content=\"index, follow, max-snippet:-1, max-image-preview:large, max-video-preview:-1\" \/>\n<link rel=\"canonical\" href=\"https:\/\/www.oliocentrica.it\/de\/shop\/nocellara-etna-bio\/\" \/>\n<meta property=\"og:locale\" content=\"de_DE\" \/>\n<meta property=\"og:type\" content=\"article\" \/>\n<meta property=\"og:title\" content=\"Nocellara Etna Bio - Oliocentrica\" \/>\n<meta property=\"og:description\" content=\"Intensiv fruchtig  Das Vasadonna-Anwesen erstreckt sich bis zu den H\u00e4ngen des \u00c4tna und hat seinen Namen vom Vasadonna-Viertel, dem Ort, an dem einst die Frauen des Dorfes ihre W\u00e4sche am Bach wuschen. Und wo konnte es einem mutigen und gl\u00fccklichen Verehrer passieren, seiner Geliebten einen Kuss zu stehlen? Wer wei\u00df, wie oft Salvatore Scuderi, Inhaber des Unternehmens, die Geschichte dieser Geschichte geh\u00f6rt hat, vielleicht in einem Olivenhain, in dem Tradition mit der Innovation von Ernte- und Verarbeitungssystemen verflochten ist und ein natives Oliven\u00f6l extra aus einheimischen Sorten zum Leben erweckt und mit einzigartigen D\u00fcften.  Zertifizierungen: Biologisch  Olivenkampagne: 2023\/2024\" \/>\n<meta property=\"og:url\" content=\"https:\/\/www.oliocentrica.it\/de\/shop\/nocellara-etna-bio\/\" \/>\n<meta property=\"og:site_name\" content=\"Oliocentrica\" \/>\n<meta property=\"article:publisher\" content=\"https:\/\/www.facebook.com\/Oliocentrica\" \/>\n<meta property=\"article:modified_time\" content=\"2024-06-12T15:54:55+00:00\" \/>\n<meta property=\"og:image\" content=\"https:\/\/www.oliocentrica.it\/wp-content\/uploads\/2021\/05\/oliocentrica-nocellara.jpg\" \/>\n\t<meta property=\"og:image:width\" content=\"800\" \/>\n\t<meta property=\"og:image:height\" content=\"800\" \/>\n\t<meta property=\"og:image:type\" content=\"image\/jpeg\" \/>\n<meta name=\"twitter:card\" content=\"summary_large_image\" \/>\n<meta name=\"twitter:label1\" content=\"Gesch\u00e4tzte Lesezeit\" \/>\n\t<meta name=\"twitter:data1\" content=\"1\u00a0Minute\" \/>\n<script type=\"application\/ld+json\" class=\"yoast-schema-graph\">{\"@context\":\"https:\/\/schema.org\",\"@graph\":[{\"@type\":\"WebPage\",\"@id\":\"https:\/\/www.oliocentrica.it\/de\/shop\/nocellara-etna-bio\/\",\"url\":\"https:\/\/www.oliocentrica.it\/de\/shop\/nocellara-etna-bio\/\",\"name\":\"Nocellara Etna Bio - Oliocentrica\",\"isPartOf\":{\"@id\":\"https:\/\/www.oliocentrica.it\/de\/#website\"},\"primaryImageOfPage\":{\"@id\":\"https:\/\/www.oliocentrica.it\/de\/shop\/nocellara-etna-bio\/#primaryimage\"},\"image\":{\"@id\":\"https:\/\/www.oliocentrica.it\/de\/shop\/nocellara-etna-bio\/#primaryimage\"},\"thumbnailUrl\":\"https:\/\/www.oliocentrica.it\/wp-content\/uploads\/2021\/05\/oliocentrica-nocellara.jpg\",\"datePublished\":\"2021-05-20T14:02:25+00:00\",\"dateModified\":\"2024-06-12T15:54:55+00:00\",\"breadcrumb\":{\"@id\":\"https:\/\/www.oliocentrica.it\/de\/shop\/nocellara-etna-bio\/#breadcrumb\"},\"inLanguage\":\"de\",\"potentialAction\":[{\"@type\":\"ReadAction\",\"target\":[\"https:\/\/www.oliocentrica.it\/de\/shop\/nocellara-etna-bio\/\"]}]},{\"@type\":\"ImageObject\",\"inLanguage\":\"de\",\"@id\":\"https:\/\/www.oliocentrica.it\/de\/shop\/nocellara-etna-bio\/#primaryimage\",\"url\":\"https:\/\/www.oliocentrica.it\/wp-content\/uploads\/2021\/05\/oliocentrica-nocellara.jpg\",\"contentUrl\":\"https:\/\/www.oliocentrica.it\/wp-content\/uploads\/2021\/05\/oliocentrica-nocellara.jpg\",\"width\":800,\"height\":800},{\"@type\":\"BreadcrumbList\",\"@id\":\"https:\/\/www.oliocentrica.it\/de\/shop\/nocellara-etna-bio\/#breadcrumb\",\"itemListElement\":[{\"@type\":\"ListItem\",\"position\":1,\"name\":\"Home\",\"item\":\"https:\/\/www.oliocentrica.it\/de\/\"},{\"@type\":\"ListItem\",\"position\":2,\"name\":\"Shop\",\"item\":\"https:\/\/www.oliocentrica.it\/de\/shop\/\"},{\"@type\":\"ListItem\",\"position\":3,\"name\":\"Nocellara Etna Bio\"}]},{\"@type\":\"WebSite\",\"@id\":\"https:\/\/www.oliocentrica.it\/de\/#website\",\"url\":\"https:\/\/www.oliocentrica.it\/de\/\",\"name\":\"Oliocentrica\",\"description\":\"il filo d\u2019olio tra cibo e salute\",\"publisher\":{\"@id\":\"https:\/\/www.oliocentrica.it\/de\/#organization\"},\"potentialAction\":[{\"@type\":\"SearchAction\",\"target\":{\"@type\":\"EntryPoint\",\"urlTemplate\":\"https:\/\/www.oliocentrica.it\/de\/?s={search_term_string}\"},\"query-input\":{\"@type\":\"PropertyValueSpecification\",\"valueRequired\":true,\"valueName\":\"search_term_string\"}}],\"inLanguage\":\"de\"},{\"@type\":\"Organization\",\"@id\":\"https:\/\/www.oliocentrica.it\/de\/#organization\",\"name\":\"Oliocentrica Srls\",\"url\":\"https:\/\/www.oliocentrica.it\/de\/\",\"logo\":{\"@type\":\"ImageObject\",\"inLanguage\":\"de\",\"@id\":\"https:\/\/www.oliocentrica.it\/de\/#\/schema\/logo\/image\/\",\"url\":\"https:\/\/www.oliocentrica.it\/wp-content\/uploads\/2021\/05\/logo_oliocentrica-1.png\",\"contentUrl\":\"https:\/\/www.oliocentrica.it\/wp-content\/uploads\/2021\/05\/logo_oliocentrica-1.png\",\"width\":250,\"height\":81,\"caption\":\"Oliocentrica Srls\"},\"image\":{\"@id\":\"https:\/\/www.oliocentrica.it\/de\/#\/schema\/logo\/image\/\"},\"sameAs\":[\"https:\/\/www.facebook.com\/Oliocentrica\",\"https:\/\/www.instagram.com\/oliocentrica\"]}]}<\/script>\n<!-- \/ Yoast SEO plugin. -->","yoast_head_json":{"title":"Nocellara Etna Bio - Oliocentrica","robots":{"index":"index","follow":"follow","max-snippet":"max-snippet:-1","max-image-preview":"max-image-preview:large","max-video-preview":"max-video-preview:-1"},"canonical":"https:\/\/www.oliocentrica.it\/de\/shop\/nocellara-etna-bio\/","og_locale":"de_DE","og_type":"article","og_title":"Nocellara Etna Bio - Oliocentrica","og_description":"Intensiv fruchtig  Das Vasadonna-Anwesen erstreckt sich bis zu den H\u00e4ngen des \u00c4tna und hat seinen Namen vom Vasadonna-Viertel, dem Ort, an dem einst die Frauen des Dorfes ihre W\u00e4sche am Bach wuschen. Und wo konnte es einem mutigen und gl\u00fccklichen Verehrer passieren, seiner Geliebten einen Kuss zu stehlen? Wer wei\u00df, wie oft Salvatore Scuderi, Inhaber des Unternehmens, die Geschichte dieser Geschichte geh\u00f6rt hat, vielleicht in einem Olivenhain, in dem Tradition mit der Innovation von Ernte- und Verarbeitungssystemen verflochten ist und ein natives Oliven\u00f6l extra aus einheimischen Sorten zum Leben erweckt und mit einzigartigen D\u00fcften.  Zertifizierungen: Biologisch  Olivenkampagne: 2023\/2024","og_url":"https:\/\/www.oliocentrica.it\/de\/shop\/nocellara-etna-bio\/","og_site_name":"Oliocentrica","article_publisher":"https:\/\/www.facebook.com\/Oliocentrica","article_modified_time":"2024-06-12T15:54:55+00:00","og_image":[{"width":800,"height":800,"url":"https:\/\/www.oliocentrica.it\/wp-content\/uploads\/2021\/05\/oliocentrica-nocellara.jpg","type":"image\/jpeg"}],"twitter_card":"summary_large_image","twitter_misc":{"Gesch\u00e4tzte Lesezeit":"1\u00a0Minute"},"schema":{"@context":"https:\/\/schema.org","@graph":[{"@type":"WebPage","@id":"https:\/\/www.oliocentrica.it\/de\/shop\/nocellara-etna-bio\/","url":"https:\/\/www.oliocentrica.it\/de\/shop\/nocellara-etna-bio\/","name":"Nocellara Etna Bio - Oliocentrica","isPartOf":{"@id":"https:\/\/www.oliocentrica.it\/de\/#website"},"primaryImageOfPage":{"@id":"https:\/\/www.oliocentrica.it\/de\/shop\/nocellara-etna-bio\/#primaryimage"},"image":{"@id":"https:\/\/www.oliocentrica.it\/de\/shop\/nocellara-etna-bio\/#primaryimage"},"thumbnailUrl":"https:\/\/www.oliocentrica.it\/wp-content\/uploads\/2021\/05\/oliocentrica-nocellara.jpg","datePublished":"2021-05-20T14:02:25+00:00","dateModified":"2024-06-12T15:54:55+00:00","breadcrumb":{"@id":"https:\/\/www.oliocentrica.it\/de\/shop\/nocellara-etna-bio\/#breadcrumb"},"inLanguage":"de","potentialAction":[{"@type":"ReadAction","target":["https:\/\/www.oliocentrica.it\/de\/shop\/nocellara-etna-bio\/"]}]},{"@type":"ImageObject","inLanguage":"de","@id":"https:\/\/www.oliocentrica.it\/de\/shop\/nocellara-etna-bio\/#primaryimage","url":"https:\/\/www.oliocentrica.it\/wp-content\/uploads\/2021\/05\/oliocentrica-nocellara.jpg","contentUrl":"https:\/\/www.oliocentrica.it\/wp-content\/uploads\/2021\/05\/oliocentrica-nocellara.jpg","width":800,"height":800},{"@type":"BreadcrumbList","@id":"https:\/\/www.oliocentrica.it\/de\/shop\/nocellara-etna-bio\/#breadcrumb","itemListElement":[{"@type":"ListItem","position":1,"name":"Home","item":"https:\/\/www.oliocentrica.it\/de\/"},{"@type":"ListItem","position":2,"name":"Shop","item":"https:\/\/www.oliocentrica.it\/de\/shop\/"},{"@type":"ListItem","position":3,"name":"Nocellara Etna Bio"}]},{"@type":"WebSite","@id":"https:\/\/www.oliocentrica.it\/de\/#website","url":"https:\/\/www.oliocentrica.it\/de\/","name":"Oliocentrica","description":"il filo d\u2019olio tra cibo e salute","publisher":{"@id":"https:\/\/www.oliocentrica.it\/de\/#organization"},"potentialAction":[{"@type":"SearchAction","target":{"@type":"EntryPoint","urlTemplate":"https:\/\/www.oliocentrica.it\/de\/?s={search_term_string}"},"query-input":{"@type":"PropertyValueSpecification","valueRequired":true,"valueName":"search_term_string"}}],"inLanguage":"de"},{"@type":"Organization","@id":"https:\/\/www.oliocentrica.it\/de\/#organization","name":"Oliocentrica Srls","url":"https:\/\/www.oliocentrica.it\/de\/","logo":{"@type":"ImageObject","inLanguage":"de","@id":"https:\/\/www.oliocentrica.it\/de\/#\/schema\/logo\/image\/","url":"https:\/\/www.oliocentrica.it\/wp-content\/uploads\/2021\/05\/logo_oliocentrica-1.png","contentUrl":"https:\/\/www.oliocentrica.it\/wp-content\/uploads\/2021\/05\/logo_oliocentrica-1.png","width":250,"height":81,"caption":"Oliocentrica Srls"},"image":{"@id":"https:\/\/www.oliocentrica.it\/de\/#\/schema\/logo\/image\/"},"sameAs":["https:\/\/www.facebook.com\/Oliocentrica","https:\/\/www.instagram.com\/oliocentrica"]}]}},"brands":[{"id":323,"name":"Tenuta Vasadonna","slug":"tenuta-vasadonna"}],"_links":{"self":[{"href":"https:\/\/www.oliocentrica.it\/de\/wp-json\/wp\/v2\/product\/14742"}],"collection":[{"href":"https:\/\/www.oliocentrica.it\/de\/wp-json\/wp\/v2\/product"}],"about":[{"href":"https:\/\/www.oliocentrica.it\/de\/wp-json\/wp\/v2\/types\/product"}],"replies":[{"embeddable":true,"href":"https:\/\/www.oliocentrica.it\/de\/wp-json\/wp\/v2\/comments?post=14742"}],"wp:featuredmedia":[{"embeddable":true,"href":"https:\/\/www.oliocentrica.it\/de\/wp-json\/wp\/v2\/media\/13818"}],"wp:attachment":[{"href":"https:\/\/www.oliocentrica.it\/de\/wp-json\/wp\/v2\/media?parent=14742"}],"wp:term":[{"taxonomy":"pwb-brand","embeddable":true,"href":"https:\/\/www.oliocentrica.it\/de\/wp-json\/wp\/v2\/pwb-brand?post=14742"},{"taxonomy":"product_cat","embeddable":true,"href":"https:\/\/www.oliocentrica.it\/de\/wp-json\/wp\/v2\/product_cat?post=14742"},{"taxonomy":"product_tag","embeddable":true,"href":"https:\/\/www.oliocentrica.it\/de\/wp-json\/wp\/v2\/product_tag?post=14742"}],"curies":[{"name":"wp","href":"https:\/\/api.w.org\/{rel}","templated":true}]}}