{"id":14740,"date":"2021-05-20T16:59:22","date_gmt":"2021-05-20T14:59:22","guid":{"rendered":"https:\/\/www.oliocentrica.it\/shop\/notte-tempo\/"},"modified":"2023-10-26T19:04:28","modified_gmt":"2023-10-26T17:04:28","slug":"notte-tempo","status":"publish","type":"product","link":"https:\/\/www.oliocentrica.it\/de\/shop\/notte-tempo\/","title":{"rendered":"Notte Tempo"},"content":{"rendered":"<p><strong><em>Mittel\/Intensiv Fruchtig<\/em><\/strong><\/p>\n<p><strong>Duft<\/strong>: Noten von aromatischem Gras, Tomaten und frisch gepressten Oliven<\/p>\n<p><strong>Geschmack<\/strong>: Ausgewogen in bitter und w\u00fcrzig, mit anhaltender Frische von Mandeln, Walnussmalz und Artischockenstiel<\/p>\n<p><strong>Probieren Sie es mit<\/strong> &#8230; Gerichten mit mittlerer Struktur, Carpaccio, Sommersuppen, Capresi, Tomatensaucen und Bruschetta<\/p>\n<p><strong>Geografisches Gebiet und Gebiet<\/strong>: Racalmuto &#8211; Agrigendo &#8211; Sizilien<\/p>\n<p><strong>Olivenkampagne<\/strong>: 2023\/2024<\/p>\n<p><strong>Gr\u00f6\u00dfen<\/strong>: 0,50L<\/p>\n<p><strong>Mischung aus Olivensorten<\/strong>: Nocellara del Belice (60%), Biancolilla (40%), Anfang Oktober nachts von Hand gepfl\u00fcckt<\/p>\n<p><strong>Produktionsmethode<\/strong>: moderne Extraktionstechniken, kontinuierlicher \/ kalter Zyklus<\/p>\n<p><strong>Konservierungsmethode:<\/strong> in einer Umgebung mit kontrollierter Temperatur<br \/>\n_______________________________________<\/p>\n<p><em>Danksagungen und Anleitungen<\/em>:<\/p>\n<p><strong>Leitfaden Terred&#8217;Olio 2021<\/strong><\/p>\n<p><strong>Gold Award Dubaiooc Early Harvest 2021<\/strong><\/p>\n<p><strong>Gambero Rossos italienischer \u00d6lf\u00fchrer<\/strong><br \/>\n_______________________________________<\/p>\n<p><em>Weitere Informationen gelten f\u00fcr alle unsere nativen Oliven\u00f6le extra<\/em><\/p>\n<p><strong>Zutaten<\/strong>: 100 % italienische Oliven, im richtigen Reifegrad geerntet und in Italien mit mechanischen Verfahren gepresst<br \/>\n<strong>Lagerung<\/strong>: fern von Licht, W\u00e4rmequellen, schlechten Ger\u00fcchen und in hermetisch verschlossenen Flaschen. Denken Sie daran, dass natives Oliven\u00f6l extra der Feind von Licht, Hitze und Luft ist<br \/>\n<strong>Frist<\/strong>: innerhalb von 18 Monaten ab dem Datum der Abf\u00fcllung (Frist, innerhalb derer Sie von den N\u00e4hrwerten des nativen Oliven\u00f6ls extra profitieren k\u00f6nnen)<br \/>\n<strong>Verwendung<\/strong>: t\u00e4glich roh oder zum kurzen Garen bei moderaten Temperaturen<\/p>\n","protected":false},"excerpt":{"rendered":"<p><strong><em>Mittel\/intensiv fruchtig<\/em><\/strong><\/p>\n<p>Die landwirtschaftlichen Betriebe Terre di Zaccanello erstrecken sich im Nordosten der K\u00fcste von Agrigento in Racalmuto. Ein Land, das reich an Zitrusfr\u00fcchten, Mandeln, Johannisbrotb\u00e4umen, Granat\u00e4pfeln und Kaktusfeigen ist. Dominierend ist jedoch der Olivenhain mit den Sorten Nocellara del Belice, Biancolilla, Gioconda und Bella di Spagna, die sich jeweils durch unterschiedliche Aromen und Geschmacksrichtungen auszeichnen. Die Speerspitze des Unternehmens, Notte Tempo, stammt aus speziellen n\u00e4chtlichen Ernten, die darauf abzielen, die Oliven vor Lichtstress und Hitze zu sch\u00fctzen. Es wird in limitierter und nummerierter Produktion hergestellt und wurde mit mehreren internationalen Preisen ausgezeichnet.<\/p>\n<p><em>Zertifizierungen: IGP Sizilien<\/em><\/p>\n<p><strong>Olivenkampagne: 2023\/2024<\/strong><\/p>\n","protected":false},"featured_media":13824,"comment_status":"closed","ping_status":"closed","template":"","meta":[],"pwb-brand":[322],"product_cat":[252],"product_tag":[],"acf":[],"yoast_head":"<!-- This site is optimized with the Yoast SEO plugin v24.5 - https:\/\/yoast.com\/wordpress\/plugins\/seo\/ -->\n<title>Notte Tempo - Oliocentrica<\/title>\n<meta name=\"robots\" content=\"index, follow, max-snippet:-1, max-image-preview:large, max-video-preview:-1\" \/>\n<link rel=\"canonical\" href=\"https:\/\/www.oliocentrica.it\/de\/shop\/notte-tempo\/\" \/>\n<meta property=\"og:locale\" content=\"de_DE\" \/>\n<meta property=\"og:type\" content=\"article\" \/>\n<meta property=\"og:title\" content=\"Notte Tempo - Oliocentrica\" \/>\n<meta property=\"og:description\" content=\"Mittel\/intensiv fruchtig  Die landwirtschaftlichen Betriebe Terre di Zaccanello erstrecken sich im Nordosten der K\u00fcste von Agrigento in Racalmuto. Ein Land, das reich an Zitrusfr\u00fcchten, Mandeln, Johannisbrotb\u00e4umen, Granat\u00e4pfeln und Kaktusfeigen ist. Dominierend ist jedoch der Olivenhain mit den Sorten Nocellara del Belice, Biancolilla, Gioconda und Bella di Spagna, die sich jeweils durch unterschiedliche Aromen und Geschmacksrichtungen auszeichnen. Die Speerspitze des Unternehmens, Notte Tempo, stammt aus speziellen n\u00e4chtlichen Ernten, die darauf abzielen, die Oliven vor Lichtstress und Hitze zu sch\u00fctzen. Es wird in limitierter und nummerierter Produktion hergestellt und wurde mit mehreren internationalen Preisen ausgezeichnet.  Zertifizierungen: IGP Sizilien  Olivenkampagne: 2023\/2024\" \/>\n<meta property=\"og:url\" content=\"https:\/\/www.oliocentrica.it\/de\/shop\/notte-tempo\/\" \/>\n<meta property=\"og:site_name\" content=\"Oliocentrica\" \/>\n<meta property=\"article:publisher\" content=\"https:\/\/www.facebook.com\/Oliocentrica\" \/>\n<meta property=\"article:modified_time\" content=\"2023-10-26T17:04:28+00:00\" \/>\n<meta property=\"og:image\" content=\"https:\/\/www.oliocentrica.it\/wp-content\/uploads\/2021\/05\/oliocentrica-sicilia-igp-1.jpg\" \/>\n\t<meta property=\"og:image:width\" content=\"800\" \/>\n\t<meta property=\"og:image:height\" content=\"800\" \/>\n\t<meta property=\"og:image:type\" content=\"image\/jpeg\" \/>\n<meta name=\"twitter:card\" content=\"summary_large_image\" \/>\n<meta name=\"twitter:label1\" content=\"Gesch\u00e4tzte Lesezeit\" \/>\n\t<meta name=\"twitter:data1\" content=\"1\u00a0Minute\" \/>\n<script type=\"application\/ld+json\" class=\"yoast-schema-graph\">{\"@context\":\"https:\/\/schema.org\",\"@graph\":[{\"@type\":\"WebPage\",\"@id\":\"https:\/\/www.oliocentrica.it\/de\/shop\/notte-tempo\/\",\"url\":\"https:\/\/www.oliocentrica.it\/de\/shop\/notte-tempo\/\",\"name\":\"Notte Tempo - Oliocentrica\",\"isPartOf\":{\"@id\":\"https:\/\/www.oliocentrica.it\/de\/#website\"},\"primaryImageOfPage\":{\"@id\":\"https:\/\/www.oliocentrica.it\/de\/shop\/notte-tempo\/#primaryimage\"},\"image\":{\"@id\":\"https:\/\/www.oliocentrica.it\/de\/shop\/notte-tempo\/#primaryimage\"},\"thumbnailUrl\":\"https:\/\/www.oliocentrica.it\/wp-content\/uploads\/2021\/05\/oliocentrica-sicilia-igp-1.jpg\",\"datePublished\":\"2021-05-20T14:59:22+00:00\",\"dateModified\":\"2023-10-26T17:04:28+00:00\",\"breadcrumb\":{\"@id\":\"https:\/\/www.oliocentrica.it\/de\/shop\/notte-tempo\/#breadcrumb\"},\"inLanguage\":\"de\",\"potentialAction\":[{\"@type\":\"ReadAction\",\"target\":[\"https:\/\/www.oliocentrica.it\/de\/shop\/notte-tempo\/\"]}]},{\"@type\":\"ImageObject\",\"inLanguage\":\"de\",\"@id\":\"https:\/\/www.oliocentrica.it\/de\/shop\/notte-tempo\/#primaryimage\",\"url\":\"https:\/\/www.oliocentrica.it\/wp-content\/uploads\/2021\/05\/oliocentrica-sicilia-igp-1.jpg\",\"contentUrl\":\"https:\/\/www.oliocentrica.it\/wp-content\/uploads\/2021\/05\/oliocentrica-sicilia-igp-1.jpg\",\"width\":800,\"height\":800},{\"@type\":\"BreadcrumbList\",\"@id\":\"https:\/\/www.oliocentrica.it\/de\/shop\/notte-tempo\/#breadcrumb\",\"itemListElement\":[{\"@type\":\"ListItem\",\"position\":1,\"name\":\"Home\",\"item\":\"https:\/\/www.oliocentrica.it\/de\/\"},{\"@type\":\"ListItem\",\"position\":2,\"name\":\"Shop\",\"item\":\"https:\/\/www.oliocentrica.it\/de\/shop\/\"},{\"@type\":\"ListItem\",\"position\":3,\"name\":\"Notte Tempo\"}]},{\"@type\":\"WebSite\",\"@id\":\"https:\/\/www.oliocentrica.it\/de\/#website\",\"url\":\"https:\/\/www.oliocentrica.it\/de\/\",\"name\":\"Oliocentrica\",\"description\":\"il filo d\u2019olio tra cibo e salute\",\"publisher\":{\"@id\":\"https:\/\/www.oliocentrica.it\/de\/#organization\"},\"potentialAction\":[{\"@type\":\"SearchAction\",\"target\":{\"@type\":\"EntryPoint\",\"urlTemplate\":\"https:\/\/www.oliocentrica.it\/de\/?s={search_term_string}\"},\"query-input\":{\"@type\":\"PropertyValueSpecification\",\"valueRequired\":true,\"valueName\":\"search_term_string\"}}],\"inLanguage\":\"de\"},{\"@type\":\"Organization\",\"@id\":\"https:\/\/www.oliocentrica.it\/de\/#organization\",\"name\":\"Oliocentrica Srls\",\"url\":\"https:\/\/www.oliocentrica.it\/de\/\",\"logo\":{\"@type\":\"ImageObject\",\"inLanguage\":\"de\",\"@id\":\"https:\/\/www.oliocentrica.it\/de\/#\/schema\/logo\/image\/\",\"url\":\"https:\/\/www.oliocentrica.it\/wp-content\/uploads\/2021\/05\/logo_oliocentrica-1.png\",\"contentUrl\":\"https:\/\/www.oliocentrica.it\/wp-content\/uploads\/2021\/05\/logo_oliocentrica-1.png\",\"width\":250,\"height\":81,\"caption\":\"Oliocentrica Srls\"},\"image\":{\"@id\":\"https:\/\/www.oliocentrica.it\/de\/#\/schema\/logo\/image\/\"},\"sameAs\":[\"https:\/\/www.facebook.com\/Oliocentrica\",\"https:\/\/www.instagram.com\/oliocentrica\"]}]}<\/script>\n<!-- \/ Yoast SEO plugin. -->","yoast_head_json":{"title":"Notte Tempo - Oliocentrica","robots":{"index":"index","follow":"follow","max-snippet":"max-snippet:-1","max-image-preview":"max-image-preview:large","max-video-preview":"max-video-preview:-1"},"canonical":"https:\/\/www.oliocentrica.it\/de\/shop\/notte-tempo\/","og_locale":"de_DE","og_type":"article","og_title":"Notte Tempo - Oliocentrica","og_description":"Mittel\/intensiv fruchtig  Die landwirtschaftlichen Betriebe Terre di Zaccanello erstrecken sich im Nordosten der K\u00fcste von Agrigento in Racalmuto. Ein Land, das reich an Zitrusfr\u00fcchten, Mandeln, Johannisbrotb\u00e4umen, Granat\u00e4pfeln und Kaktusfeigen ist. Dominierend ist jedoch der Olivenhain mit den Sorten Nocellara del Belice, Biancolilla, Gioconda und Bella di Spagna, die sich jeweils durch unterschiedliche Aromen und Geschmacksrichtungen auszeichnen. Die Speerspitze des Unternehmens, Notte Tempo, stammt aus speziellen n\u00e4chtlichen Ernten, die darauf abzielen, die Oliven vor Lichtstress und Hitze zu sch\u00fctzen. Es wird in limitierter und nummerierter Produktion hergestellt und wurde mit mehreren internationalen Preisen ausgezeichnet.  Zertifizierungen: IGP Sizilien  Olivenkampagne: 2023\/2024","og_url":"https:\/\/www.oliocentrica.it\/de\/shop\/notte-tempo\/","og_site_name":"Oliocentrica","article_publisher":"https:\/\/www.facebook.com\/Oliocentrica","article_modified_time":"2023-10-26T17:04:28+00:00","og_image":[{"width":800,"height":800,"url":"https:\/\/www.oliocentrica.it\/wp-content\/uploads\/2021\/05\/oliocentrica-sicilia-igp-1.jpg","type":"image\/jpeg"}],"twitter_card":"summary_large_image","twitter_misc":{"Gesch\u00e4tzte Lesezeit":"1\u00a0Minute"},"schema":{"@context":"https:\/\/schema.org","@graph":[{"@type":"WebPage","@id":"https:\/\/www.oliocentrica.it\/de\/shop\/notte-tempo\/","url":"https:\/\/www.oliocentrica.it\/de\/shop\/notte-tempo\/","name":"Notte Tempo - Oliocentrica","isPartOf":{"@id":"https:\/\/www.oliocentrica.it\/de\/#website"},"primaryImageOfPage":{"@id":"https:\/\/www.oliocentrica.it\/de\/shop\/notte-tempo\/#primaryimage"},"image":{"@id":"https:\/\/www.oliocentrica.it\/de\/shop\/notte-tempo\/#primaryimage"},"thumbnailUrl":"https:\/\/www.oliocentrica.it\/wp-content\/uploads\/2021\/05\/oliocentrica-sicilia-igp-1.jpg","datePublished":"2021-05-20T14:59:22+00:00","dateModified":"2023-10-26T17:04:28+00:00","breadcrumb":{"@id":"https:\/\/www.oliocentrica.it\/de\/shop\/notte-tempo\/#breadcrumb"},"inLanguage":"de","potentialAction":[{"@type":"ReadAction","target":["https:\/\/www.oliocentrica.it\/de\/shop\/notte-tempo\/"]}]},{"@type":"ImageObject","inLanguage":"de","@id":"https:\/\/www.oliocentrica.it\/de\/shop\/notte-tempo\/#primaryimage","url":"https:\/\/www.oliocentrica.it\/wp-content\/uploads\/2021\/05\/oliocentrica-sicilia-igp-1.jpg","contentUrl":"https:\/\/www.oliocentrica.it\/wp-content\/uploads\/2021\/05\/oliocentrica-sicilia-igp-1.jpg","width":800,"height":800},{"@type":"BreadcrumbList","@id":"https:\/\/www.oliocentrica.it\/de\/shop\/notte-tempo\/#breadcrumb","itemListElement":[{"@type":"ListItem","position":1,"name":"Home","item":"https:\/\/www.oliocentrica.it\/de\/"},{"@type":"ListItem","position":2,"name":"Shop","item":"https:\/\/www.oliocentrica.it\/de\/shop\/"},{"@type":"ListItem","position":3,"name":"Notte Tempo"}]},{"@type":"WebSite","@id":"https:\/\/www.oliocentrica.it\/de\/#website","url":"https:\/\/www.oliocentrica.it\/de\/","name":"Oliocentrica","description":"il filo d\u2019olio tra cibo e salute","publisher":{"@id":"https:\/\/www.oliocentrica.it\/de\/#organization"},"potentialAction":[{"@type":"SearchAction","target":{"@type":"EntryPoint","urlTemplate":"https:\/\/www.oliocentrica.it\/de\/?s={search_term_string}"},"query-input":{"@type":"PropertyValueSpecification","valueRequired":true,"valueName":"search_term_string"}}],"inLanguage":"de"},{"@type":"Organization","@id":"https:\/\/www.oliocentrica.it\/de\/#organization","name":"Oliocentrica Srls","url":"https:\/\/www.oliocentrica.it\/de\/","logo":{"@type":"ImageObject","inLanguage":"de","@id":"https:\/\/www.oliocentrica.it\/de\/#\/schema\/logo\/image\/","url":"https:\/\/www.oliocentrica.it\/wp-content\/uploads\/2021\/05\/logo_oliocentrica-1.png","contentUrl":"https:\/\/www.oliocentrica.it\/wp-content\/uploads\/2021\/05\/logo_oliocentrica-1.png","width":250,"height":81,"caption":"Oliocentrica Srls"},"image":{"@id":"https:\/\/www.oliocentrica.it\/de\/#\/schema\/logo\/image\/"},"sameAs":["https:\/\/www.facebook.com\/Oliocentrica","https:\/\/www.instagram.com\/oliocentrica"]}]}},"brands":[{"id":322,"name":"Terre di Zaccanello","slug":"terre-di-zaccanello"}],"_links":{"self":[{"href":"https:\/\/www.oliocentrica.it\/de\/wp-json\/wp\/v2\/product\/14740"}],"collection":[{"href":"https:\/\/www.oliocentrica.it\/de\/wp-json\/wp\/v2\/product"}],"about":[{"href":"https:\/\/www.oliocentrica.it\/de\/wp-json\/wp\/v2\/types\/product"}],"replies":[{"embeddable":true,"href":"https:\/\/www.oliocentrica.it\/de\/wp-json\/wp\/v2\/comments?post=14740"}],"wp:featuredmedia":[{"embeddable":true,"href":"https:\/\/www.oliocentrica.it\/de\/wp-json\/wp\/v2\/media\/13824"}],"wp:attachment":[{"href":"https:\/\/www.oliocentrica.it\/de\/wp-json\/wp\/v2\/media?parent=14740"}],"wp:term":[{"taxonomy":"pwb-brand","embeddable":true,"href":"https:\/\/www.oliocentrica.it\/de\/wp-json\/wp\/v2\/pwb-brand?post=14740"},{"taxonomy":"product_cat","embeddable":true,"href":"https:\/\/www.oliocentrica.it\/de\/wp-json\/wp\/v2\/product_cat?post=14740"},{"taxonomy":"product_tag","embeddable":true,"href":"https:\/\/www.oliocentrica.it\/de\/wp-json\/wp\/v2\/product_tag?post=14740"}],"curies":[{"name":"wp","href":"https:\/\/api.w.org\/{rel}","templated":true}]}}