{"id":14736,"date":"2021-05-21T10:14:56","date_gmt":"2021-05-21T08:14:56","guid":{"rendered":"https:\/\/www.oliocentrica.it\/shop\/verde\/"},"modified":"2023-11-03T13:07:54","modified_gmt":"2023-11-03T12:07:54","slug":"verde","status":"publish","type":"product","link":"https:\/\/www.oliocentrica.it\/de\/shop\/verde\/","title":{"rendered":"Verde"},"content":{"rendered":"<p><strong>Zutaten<\/strong>: Gr\u00fcne Oliven der Sorte Itrana, Wasser und Salz<\/p>\n<p>400 g Glas (Bruttogewicht 600 g &#8211; Abtropfgewicht 400 g)<\/p>\n<p>1 kg Glas (Bruttogewicht 1,5 kg &#8211; Abtropfgewicht 1 kg)<\/p>\n<p>Nach dem \u00d6ffnen im K\u00fchlschrank aufbewahren, die Oliven in ihrer Fl\u00fcssigkeit belassen und innerhalb von zwei Wochen verbrauchen<\/p>\n","protected":false},"excerpt":{"rendered":"<p>Der Itrana-Olivenbaum ist eine sehr kr\u00e4ftige und rustikale Pflanze, die typisch f\u00fcr das pontinische Gebiet ist und eine Frucht mit einem unverwechselbaren Geschmack mit doppelter Bedeutung f\u00fcr die Herstellung von nativem Oliven\u00f6l extra und Tafeloliven hervorbringt.<br \/>\nDie lokale Tradition sieht vor, nur mit Wasser und Salz, sogenannter Sole, zu verarbeiten.<br \/>\nDie \u201egr\u00fcne\u201c Olive wird etwa im November geerntet, wenn sie zu reifen beginnt, und traditionell verarbeitet: ausschlie\u00dflich mit Wasser und Meersalz.<br \/>\nDas feste Fruchtfleisch l\u00f6st sich perfekt vom Kern (im spanischen Fachjargon) und eine gute Produktion f\u00fchrt zu einer perfekten W\u00fcrze und einer leichten Bitternote, die sich mit der Essignote aus der nat\u00fcrlichen G\u00e4rung verbindet.<br \/>\nIdeal f\u00fcr einen Aperitif, perfekt f\u00fcr einen Snack und entsteint bereichern Sie Ihre Salate.<\/p>\n","protected":false},"featured_media":9839,"comment_status":"open","ping_status":"closed","template":"","meta":[],"pwb-brand":[253],"product_cat":[259],"product_tag":[],"acf":[],"yoast_head":"<!-- This site is optimized with the Yoast SEO plugin v24.5 - https:\/\/yoast.com\/wordpress\/plugins\/seo\/ -->\n<title>Verde - Oliocentrica<\/title>\n<meta name=\"robots\" content=\"index, follow, max-snippet:-1, max-image-preview:large, max-video-preview:-1\" \/>\n<link rel=\"canonical\" href=\"https:\/\/www.oliocentrica.it\/de\/shop\/verde\/\" \/>\n<meta property=\"og:locale\" content=\"de_DE\" \/>\n<meta property=\"og:type\" content=\"article\" \/>\n<meta property=\"og:title\" content=\"Verde - Oliocentrica\" \/>\n<meta property=\"og:description\" content=\"Der Itrana-Olivenbaum ist eine sehr kr\u00e4ftige und rustikale Pflanze, die typisch f\u00fcr das pontinische Gebiet ist und eine Frucht mit einem unverwechselbaren Geschmack mit doppelter Bedeutung f\u00fcr die Herstellung von nativem Oliven\u00f6l extra und Tafeloliven hervorbringt. Die lokale Tradition sieht vor, nur mit Wasser und Salz, sogenannter Sole, zu verarbeiten. Die \u201egr\u00fcne\u201c Olive wird etwa im November geerntet, wenn sie zu reifen beginnt, und traditionell verarbeitet: ausschlie\u00dflich mit Wasser und Meersalz. Das feste Fruchtfleisch l\u00f6st sich perfekt vom Kern (im spanischen Fachjargon) und eine gute Produktion f\u00fchrt zu einer perfekten W\u00fcrze und einer leichten Bitternote, die sich mit der Essignote aus der nat\u00fcrlichen G\u00e4rung verbindet. Ideal f\u00fcr einen Aperitif, perfekt f\u00fcr einen Snack und entsteint bereichern Sie Ihre Salate.\" \/>\n<meta property=\"og:url\" content=\"https:\/\/www.oliocentrica.it\/de\/shop\/verde\/\" \/>\n<meta property=\"og:site_name\" content=\"Oliocentrica\" \/>\n<meta property=\"article:publisher\" content=\"https:\/\/www.facebook.com\/Oliocentrica\" \/>\n<meta property=\"article:modified_time\" content=\"2023-11-03T12:07:54+00:00\" \/>\n<meta property=\"og:image\" content=\"https:\/\/www.oliocentrica.it\/wp-content\/uploads\/2021\/05\/oliocentrica-verde.jpg\" \/>\n\t<meta property=\"og:image:width\" content=\"800\" \/>\n\t<meta property=\"og:image:height\" content=\"800\" \/>\n\t<meta property=\"og:image:type\" content=\"image\/jpeg\" \/>\n<meta name=\"twitter:card\" content=\"summary_large_image\" \/>\n<script type=\"application\/ld+json\" class=\"yoast-schema-graph\">{\"@context\":\"https:\/\/schema.org\",\"@graph\":[{\"@type\":\"WebPage\",\"@id\":\"https:\/\/www.oliocentrica.it\/de\/shop\/verde\/\",\"url\":\"https:\/\/www.oliocentrica.it\/de\/shop\/verde\/\",\"name\":\"Verde - Oliocentrica\",\"isPartOf\":{\"@id\":\"https:\/\/www.oliocentrica.it\/de\/#website\"},\"primaryImageOfPage\":{\"@id\":\"https:\/\/www.oliocentrica.it\/de\/shop\/verde\/#primaryimage\"},\"image\":{\"@id\":\"https:\/\/www.oliocentrica.it\/de\/shop\/verde\/#primaryimage\"},\"thumbnailUrl\":\"https:\/\/www.oliocentrica.it\/wp-content\/uploads\/2021\/05\/oliocentrica-verde.jpg\",\"datePublished\":\"2021-05-21T08:14:56+00:00\",\"dateModified\":\"2023-11-03T12:07:54+00:00\",\"breadcrumb\":{\"@id\":\"https:\/\/www.oliocentrica.it\/de\/shop\/verde\/#breadcrumb\"},\"inLanguage\":\"de\",\"potentialAction\":[{\"@type\":\"ReadAction\",\"target\":[\"https:\/\/www.oliocentrica.it\/de\/shop\/verde\/\"]}]},{\"@type\":\"ImageObject\",\"inLanguage\":\"de\",\"@id\":\"https:\/\/www.oliocentrica.it\/de\/shop\/verde\/#primaryimage\",\"url\":\"https:\/\/www.oliocentrica.it\/wp-content\/uploads\/2021\/05\/oliocentrica-verde.jpg\",\"contentUrl\":\"https:\/\/www.oliocentrica.it\/wp-content\/uploads\/2021\/05\/oliocentrica-verde.jpg\",\"width\":800,\"height\":800},{\"@type\":\"BreadcrumbList\",\"@id\":\"https:\/\/www.oliocentrica.it\/de\/shop\/verde\/#breadcrumb\",\"itemListElement\":[{\"@type\":\"ListItem\",\"position\":1,\"name\":\"Home\",\"item\":\"https:\/\/www.oliocentrica.it\/de\/\"},{\"@type\":\"ListItem\",\"position\":2,\"name\":\"Shop\",\"item\":\"https:\/\/www.oliocentrica.it\/de\/shop\/\"},{\"@type\":\"ListItem\",\"position\":3,\"name\":\"Verde\"}]},{\"@type\":\"WebSite\",\"@id\":\"https:\/\/www.oliocentrica.it\/de\/#website\",\"url\":\"https:\/\/www.oliocentrica.it\/de\/\",\"name\":\"Oliocentrica\",\"description\":\"il filo d\u2019olio tra cibo e salute\",\"publisher\":{\"@id\":\"https:\/\/www.oliocentrica.it\/de\/#organization\"},\"potentialAction\":[{\"@type\":\"SearchAction\",\"target\":{\"@type\":\"EntryPoint\",\"urlTemplate\":\"https:\/\/www.oliocentrica.it\/de\/?s={search_term_string}\"},\"query-input\":{\"@type\":\"PropertyValueSpecification\",\"valueRequired\":true,\"valueName\":\"search_term_string\"}}],\"inLanguage\":\"de\"},{\"@type\":\"Organization\",\"@id\":\"https:\/\/www.oliocentrica.it\/de\/#organization\",\"name\":\"Oliocentrica Srls\",\"url\":\"https:\/\/www.oliocentrica.it\/de\/\",\"logo\":{\"@type\":\"ImageObject\",\"inLanguage\":\"de\",\"@id\":\"https:\/\/www.oliocentrica.it\/de\/#\/schema\/logo\/image\/\",\"url\":\"https:\/\/www.oliocentrica.it\/wp-content\/uploads\/2021\/05\/logo_oliocentrica-1.png\",\"contentUrl\":\"https:\/\/www.oliocentrica.it\/wp-content\/uploads\/2021\/05\/logo_oliocentrica-1.png\",\"width\":250,\"height\":81,\"caption\":\"Oliocentrica Srls\"},\"image\":{\"@id\":\"https:\/\/www.oliocentrica.it\/de\/#\/schema\/logo\/image\/\"},\"sameAs\":[\"https:\/\/www.facebook.com\/Oliocentrica\",\"https:\/\/www.instagram.com\/oliocentrica\"]}]}<\/script>\n<!-- \/ Yoast SEO plugin. -->","yoast_head_json":{"title":"Verde - Oliocentrica","robots":{"index":"index","follow":"follow","max-snippet":"max-snippet:-1","max-image-preview":"max-image-preview:large","max-video-preview":"max-video-preview:-1"},"canonical":"https:\/\/www.oliocentrica.it\/de\/shop\/verde\/","og_locale":"de_DE","og_type":"article","og_title":"Verde - Oliocentrica","og_description":"Der Itrana-Olivenbaum ist eine sehr kr\u00e4ftige und rustikale Pflanze, die typisch f\u00fcr das pontinische Gebiet ist und eine Frucht mit einem unverwechselbaren Geschmack mit doppelter Bedeutung f\u00fcr die Herstellung von nativem Oliven\u00f6l extra und Tafeloliven hervorbringt. Die lokale Tradition sieht vor, nur mit Wasser und Salz, sogenannter Sole, zu verarbeiten. Die \u201egr\u00fcne\u201c Olive wird etwa im November geerntet, wenn sie zu reifen beginnt, und traditionell verarbeitet: ausschlie\u00dflich mit Wasser und Meersalz. Das feste Fruchtfleisch l\u00f6st sich perfekt vom Kern (im spanischen Fachjargon) und eine gute Produktion f\u00fchrt zu einer perfekten W\u00fcrze und einer leichten Bitternote, die sich mit der Essignote aus der nat\u00fcrlichen G\u00e4rung verbindet. Ideal f\u00fcr einen Aperitif, perfekt f\u00fcr einen Snack und entsteint bereichern Sie Ihre Salate.","og_url":"https:\/\/www.oliocentrica.it\/de\/shop\/verde\/","og_site_name":"Oliocentrica","article_publisher":"https:\/\/www.facebook.com\/Oliocentrica","article_modified_time":"2023-11-03T12:07:54+00:00","og_image":[{"width":800,"height":800,"url":"https:\/\/www.oliocentrica.it\/wp-content\/uploads\/2021\/05\/oliocentrica-verde.jpg","type":"image\/jpeg"}],"twitter_card":"summary_large_image","schema":{"@context":"https:\/\/schema.org","@graph":[{"@type":"WebPage","@id":"https:\/\/www.oliocentrica.it\/de\/shop\/verde\/","url":"https:\/\/www.oliocentrica.it\/de\/shop\/verde\/","name":"Verde - Oliocentrica","isPartOf":{"@id":"https:\/\/www.oliocentrica.it\/de\/#website"},"primaryImageOfPage":{"@id":"https:\/\/www.oliocentrica.it\/de\/shop\/verde\/#primaryimage"},"image":{"@id":"https:\/\/www.oliocentrica.it\/de\/shop\/verde\/#primaryimage"},"thumbnailUrl":"https:\/\/www.oliocentrica.it\/wp-content\/uploads\/2021\/05\/oliocentrica-verde.jpg","datePublished":"2021-05-21T08:14:56+00:00","dateModified":"2023-11-03T12:07:54+00:00","breadcrumb":{"@id":"https:\/\/www.oliocentrica.it\/de\/shop\/verde\/#breadcrumb"},"inLanguage":"de","potentialAction":[{"@type":"ReadAction","target":["https:\/\/www.oliocentrica.it\/de\/shop\/verde\/"]}]},{"@type":"ImageObject","inLanguage":"de","@id":"https:\/\/www.oliocentrica.it\/de\/shop\/verde\/#primaryimage","url":"https:\/\/www.oliocentrica.it\/wp-content\/uploads\/2021\/05\/oliocentrica-verde.jpg","contentUrl":"https:\/\/www.oliocentrica.it\/wp-content\/uploads\/2021\/05\/oliocentrica-verde.jpg","width":800,"height":800},{"@type":"BreadcrumbList","@id":"https:\/\/www.oliocentrica.it\/de\/shop\/verde\/#breadcrumb","itemListElement":[{"@type":"ListItem","position":1,"name":"Home","item":"https:\/\/www.oliocentrica.it\/de\/"},{"@type":"ListItem","position":2,"name":"Shop","item":"https:\/\/www.oliocentrica.it\/de\/shop\/"},{"@type":"ListItem","position":3,"name":"Verde"}]},{"@type":"WebSite","@id":"https:\/\/www.oliocentrica.it\/de\/#website","url":"https:\/\/www.oliocentrica.it\/de\/","name":"Oliocentrica","description":"il filo d\u2019olio tra cibo e salute","publisher":{"@id":"https:\/\/www.oliocentrica.it\/de\/#organization"},"potentialAction":[{"@type":"SearchAction","target":{"@type":"EntryPoint","urlTemplate":"https:\/\/www.oliocentrica.it\/de\/?s={search_term_string}"},"query-input":{"@type":"PropertyValueSpecification","valueRequired":true,"valueName":"search_term_string"}}],"inLanguage":"de"},{"@type":"Organization","@id":"https:\/\/www.oliocentrica.it\/de\/#organization","name":"Oliocentrica Srls","url":"https:\/\/www.oliocentrica.it\/de\/","logo":{"@type":"ImageObject","inLanguage":"de","@id":"https:\/\/www.oliocentrica.it\/de\/#\/schema\/logo\/image\/","url":"https:\/\/www.oliocentrica.it\/wp-content\/uploads\/2021\/05\/logo_oliocentrica-1.png","contentUrl":"https:\/\/www.oliocentrica.it\/wp-content\/uploads\/2021\/05\/logo_oliocentrica-1.png","width":250,"height":81,"caption":"Oliocentrica Srls"},"image":{"@id":"https:\/\/www.oliocentrica.it\/de\/#\/schema\/logo\/image\/"},"sameAs":["https:\/\/www.facebook.com\/Oliocentrica","https:\/\/www.instagram.com\/oliocentrica"]}]}},"brands":[{"id":253,"name":"Oliocentrica","slug":"oliocentrica"}],"_links":{"self":[{"href":"https:\/\/www.oliocentrica.it\/de\/wp-json\/wp\/v2\/product\/14736"}],"collection":[{"href":"https:\/\/www.oliocentrica.it\/de\/wp-json\/wp\/v2\/product"}],"about":[{"href":"https:\/\/www.oliocentrica.it\/de\/wp-json\/wp\/v2\/types\/product"}],"replies":[{"embeddable":true,"href":"https:\/\/www.oliocentrica.it\/de\/wp-json\/wp\/v2\/comments?post=14736"}],"wp:featuredmedia":[{"embeddable":true,"href":"https:\/\/www.oliocentrica.it\/de\/wp-json\/wp\/v2\/media\/9839"}],"wp:attachment":[{"href":"https:\/\/www.oliocentrica.it\/de\/wp-json\/wp\/v2\/media?parent=14736"}],"wp:term":[{"taxonomy":"pwb-brand","embeddable":true,"href":"https:\/\/www.oliocentrica.it\/de\/wp-json\/wp\/v2\/pwb-brand?post=14736"},{"taxonomy":"product_cat","embeddable":true,"href":"https:\/\/www.oliocentrica.it\/de\/wp-json\/wp\/v2\/product_cat?post=14736"},{"taxonomy":"product_tag","embeddable":true,"href":"https:\/\/www.oliocentrica.it\/de\/wp-json\/wp\/v2\/product_tag?post=14736"}],"curies":[{"name":"wp","href":"https:\/\/api.w.org\/{rel}","templated":true}]}}