{"id":14734,"date":"2021-05-21T11:34:04","date_gmt":"2021-05-21T09:34:04","guid":{"rendered":"https:\/\/www.oliocentrica.it\/shop\/aetherna-fermatempo\/"},"modified":"2024-06-12T17:54:03","modified_gmt":"2024-06-12T15:54:03","slug":"aetherna-fermatempo","status":"publish","type":"product","link":"https:\/\/www.oliocentrica.it\/de\/shop\/aetherna-fermatempo\/","title":{"rendered":"Aetherna Fermatempo"},"content":{"rendered":"<p>FREI VON FORMALDEHYD \u2013 FREI VON PARABEN \u2013 FREI VON PEG \u2013 FREI VON MINERAL\u00d6L<\/p>\n<p><strong>ZUTATEN<\/strong>: AQUA, GLYCERIN, OLEA EUROPEA OIL, MEL, CETEARYL OLIVATE, SORBITAN OLIVATE, DEHYDROESSIGS\u00c4URE, SALICYLS\u00c4URE, PARFUM, AMYLZIMT, BUTYLPHENYL METHYLPROPIONAL, BENZLYLPROPIONAL, BENZLYLPROPIONAL.<\/p>\n<p><strong>ENTH\u00c4LT<\/strong>:<\/p>\n<ul>\n<li style=\"list-style-type: none;\">\n<ul>\n<li>NATIVES OLIVEN\u00d6L EXTRA. Es ist reich an Fetts\u00e4uren (einschlie\u00dflich unges\u00e4ttigter), die eine weichmachende, regenerierende und sch\u00fctzende Wirkung auf die Haut aus\u00fcben. Es hat auch eine Fraktion, die als unverseifbar bezeichnet wird und aus Squalen, Fetts\u00e4uren und Sterolen besteht, die der Talgstruktur sehr \u00e4hnlich ist und daher neben den Vitaminen A, E und D in der Lage ist, die Fettfraktion des Hydrolipidfilms der Haut wiederherzustellen.<\/li>\n<li>HONIG. Bestehend aus Monosacchariden (80 %) und Saccharose (10 %), hat es eine n\u00e4hrende und regenerierende Wirkung, insbesondere bei trockener oder rissiger Haut. Spendet die richtige Menge an Feuchtigkeit. Es enth\u00e4lt auch Mineralsalze wie Natrium, Zink, Calcium, Kalium und Vitamine der Gruppen B, C, E und K.<\/li>\n<\/ul>\n<\/li>\n<\/ul>\n<p><strong>FORMAT:<\/strong> Flasche mit 150 ml<\/p>\n<p><strong>ANWENDUNG<\/strong>: Tragen Sie eine kleine Menge auf die gereinigte Haut mit einer Tiefenmassage auf. Das Gef\u00fchl der Weichheit h\u00e4lt tagelang an. Nicht fettig. Auch angezeigt bei Psoriasis und atopischer Dermatitis.<\/p>\n","protected":false},"excerpt":{"rendered":"<p>AETHERNA Fermatempo ist eine universelle Creme, die auf Gesicht, H\u00e4nden und K\u00f6rper, f\u00fcr Erwachsene, Kinder und auch f\u00fcr Personen mit empfindlicher, sehr trockener Haut und Neigung zu Dermatitis und Psoriasis verwendet werden kann. Es wird aus extra nativem Oliven\u00f6l hergestellt, einem der besten, weil es reich an zahlreichen funktionellen Substanzen f\u00fcr die Haut ist, Honig, der f\u00fcr seine pflegenden und antioxidativen Eigenschaften bekannt ist, und pflanzlichem Glycerin. Die Haut bleibt weich und hydratisiert und f\u00fchlt sich samtig und seidig an. AETHERNA zieht sofort ein und fettet nicht, und seine leichte und seidige Textur macht es angenehm und hinterl\u00e4sst die Haut weich und bis zu 36 Stunden lang mit Feuchtigkeit versorgt.<\/p>\n","protected":false},"featured_media":13833,"comment_status":"open","ping_status":"closed","template":"","meta":[],"pwb-brand":[255],"product_cat":[254],"product_tag":[],"acf":[],"yoast_head":"<!-- This site is optimized with the Yoast SEO plugin v24.5 - https:\/\/yoast.com\/wordpress\/plugins\/seo\/ -->\n<title>Aetherna Fermatempo - Oliocentrica<\/title>\n<meta name=\"robots\" content=\"index, follow, max-snippet:-1, max-image-preview:large, max-video-preview:-1\" \/>\n<link rel=\"canonical\" href=\"https:\/\/www.oliocentrica.it\/de\/shop\/aetherna-fermatempo\/\" \/>\n<meta property=\"og:locale\" content=\"de_DE\" \/>\n<meta property=\"og:type\" content=\"article\" \/>\n<meta property=\"og:title\" content=\"Aetherna Fermatempo - Oliocentrica\" \/>\n<meta property=\"og:description\" content=\"AETHERNA Fermatempo ist eine universelle Creme, die auf Gesicht, H\u00e4nden und K\u00f6rper, f\u00fcr Erwachsene, Kinder und auch f\u00fcr Personen mit empfindlicher, sehr trockener Haut und Neigung zu Dermatitis und Psoriasis verwendet werden kann. Es wird aus extra nativem Oliven\u00f6l hergestellt, einem der besten, weil es reich an zahlreichen funktionellen Substanzen f\u00fcr die Haut ist, Honig, der f\u00fcr seine pflegenden und antioxidativen Eigenschaften bekannt ist, und pflanzlichem Glycerin. Die Haut bleibt weich und hydratisiert und f\u00fchlt sich samtig und seidig an. AETHERNA zieht sofort ein und fettet nicht, und seine leichte und seidige Textur macht es angenehm und hinterl\u00e4sst die Haut weich und bis zu 36 Stunden lang mit Feuchtigkeit versorgt.\" \/>\n<meta property=\"og:url\" content=\"https:\/\/www.oliocentrica.it\/de\/shop\/aetherna-fermatempo\/\" \/>\n<meta property=\"og:site_name\" content=\"Oliocentrica\" \/>\n<meta property=\"article:publisher\" content=\"https:\/\/www.facebook.com\/Oliocentrica\" \/>\n<meta property=\"article:modified_time\" content=\"2024-06-12T15:54:03+00:00\" \/>\n<meta property=\"og:image\" content=\"https:\/\/www.oliocentrica.it\/wp-content\/uploads\/2021\/05\/oliocentrica-aetherna-fermatempo.jpg\" \/>\n\t<meta property=\"og:image:width\" content=\"800\" \/>\n\t<meta property=\"og:image:height\" content=\"800\" \/>\n\t<meta property=\"og:image:type\" content=\"image\/jpeg\" \/>\n<meta name=\"twitter:card\" content=\"summary_large_image\" \/>\n<meta name=\"twitter:label1\" content=\"Gesch\u00e4tzte Lesezeit\" \/>\n\t<meta name=\"twitter:data1\" content=\"1\u00a0Minute\" \/>\n<script type=\"application\/ld+json\" class=\"yoast-schema-graph\">{\"@context\":\"https:\/\/schema.org\",\"@graph\":[{\"@type\":\"WebPage\",\"@id\":\"https:\/\/www.oliocentrica.it\/de\/shop\/aetherna-fermatempo\/\",\"url\":\"https:\/\/www.oliocentrica.it\/de\/shop\/aetherna-fermatempo\/\",\"name\":\"Aetherna Fermatempo - Oliocentrica\",\"isPartOf\":{\"@id\":\"https:\/\/www.oliocentrica.it\/de\/#website\"},\"primaryImageOfPage\":{\"@id\":\"https:\/\/www.oliocentrica.it\/de\/shop\/aetherna-fermatempo\/#primaryimage\"},\"image\":{\"@id\":\"https:\/\/www.oliocentrica.it\/de\/shop\/aetherna-fermatempo\/#primaryimage\"},\"thumbnailUrl\":\"https:\/\/www.oliocentrica.it\/wp-content\/uploads\/2021\/05\/oliocentrica-aetherna-fermatempo.jpg\",\"datePublished\":\"2021-05-21T09:34:04+00:00\",\"dateModified\":\"2024-06-12T15:54:03+00:00\",\"breadcrumb\":{\"@id\":\"https:\/\/www.oliocentrica.it\/de\/shop\/aetherna-fermatempo\/#breadcrumb\"},\"inLanguage\":\"de\",\"potentialAction\":[{\"@type\":\"ReadAction\",\"target\":[\"https:\/\/www.oliocentrica.it\/de\/shop\/aetherna-fermatempo\/\"]}]},{\"@type\":\"ImageObject\",\"inLanguage\":\"de\",\"@id\":\"https:\/\/www.oliocentrica.it\/de\/shop\/aetherna-fermatempo\/#primaryimage\",\"url\":\"https:\/\/www.oliocentrica.it\/wp-content\/uploads\/2021\/05\/oliocentrica-aetherna-fermatempo.jpg\",\"contentUrl\":\"https:\/\/www.oliocentrica.it\/wp-content\/uploads\/2021\/05\/oliocentrica-aetherna-fermatempo.jpg\",\"width\":800,\"height\":800},{\"@type\":\"BreadcrumbList\",\"@id\":\"https:\/\/www.oliocentrica.it\/de\/shop\/aetherna-fermatempo\/#breadcrumb\",\"itemListElement\":[{\"@type\":\"ListItem\",\"position\":1,\"name\":\"Home\",\"item\":\"https:\/\/www.oliocentrica.it\/de\/\"},{\"@type\":\"ListItem\",\"position\":2,\"name\":\"Shop\",\"item\":\"https:\/\/www.oliocentrica.it\/de\/shop\/\"},{\"@type\":\"ListItem\",\"position\":3,\"name\":\"Aetherna Fermatempo\"}]},{\"@type\":\"WebSite\",\"@id\":\"https:\/\/www.oliocentrica.it\/de\/#website\",\"url\":\"https:\/\/www.oliocentrica.it\/de\/\",\"name\":\"Oliocentrica\",\"description\":\"il filo d\u2019olio tra cibo e salute\",\"publisher\":{\"@id\":\"https:\/\/www.oliocentrica.it\/de\/#organization\"},\"potentialAction\":[{\"@type\":\"SearchAction\",\"target\":{\"@type\":\"EntryPoint\",\"urlTemplate\":\"https:\/\/www.oliocentrica.it\/de\/?s={search_term_string}\"},\"query-input\":{\"@type\":\"PropertyValueSpecification\",\"valueRequired\":true,\"valueName\":\"search_term_string\"}}],\"inLanguage\":\"de\"},{\"@type\":\"Organization\",\"@id\":\"https:\/\/www.oliocentrica.it\/de\/#organization\",\"name\":\"Oliocentrica Srls\",\"url\":\"https:\/\/www.oliocentrica.it\/de\/\",\"logo\":{\"@type\":\"ImageObject\",\"inLanguage\":\"de\",\"@id\":\"https:\/\/www.oliocentrica.it\/de\/#\/schema\/logo\/image\/\",\"url\":\"https:\/\/www.oliocentrica.it\/wp-content\/uploads\/2021\/05\/logo_oliocentrica-1.png\",\"contentUrl\":\"https:\/\/www.oliocentrica.it\/wp-content\/uploads\/2021\/05\/logo_oliocentrica-1.png\",\"width\":250,\"height\":81,\"caption\":\"Oliocentrica Srls\"},\"image\":{\"@id\":\"https:\/\/www.oliocentrica.it\/de\/#\/schema\/logo\/image\/\"},\"sameAs\":[\"https:\/\/www.facebook.com\/Oliocentrica\",\"https:\/\/www.instagram.com\/oliocentrica\"]}]}<\/script>\n<!-- \/ Yoast SEO plugin. -->","yoast_head_json":{"title":"Aetherna Fermatempo - Oliocentrica","robots":{"index":"index","follow":"follow","max-snippet":"max-snippet:-1","max-image-preview":"max-image-preview:large","max-video-preview":"max-video-preview:-1"},"canonical":"https:\/\/www.oliocentrica.it\/de\/shop\/aetherna-fermatempo\/","og_locale":"de_DE","og_type":"article","og_title":"Aetherna Fermatempo - Oliocentrica","og_description":"AETHERNA Fermatempo ist eine universelle Creme, die auf Gesicht, H\u00e4nden und K\u00f6rper, f\u00fcr Erwachsene, Kinder und auch f\u00fcr Personen mit empfindlicher, sehr trockener Haut und Neigung zu Dermatitis und Psoriasis verwendet werden kann. Es wird aus extra nativem Oliven\u00f6l hergestellt, einem der besten, weil es reich an zahlreichen funktionellen Substanzen f\u00fcr die Haut ist, Honig, der f\u00fcr seine pflegenden und antioxidativen Eigenschaften bekannt ist, und pflanzlichem Glycerin. Die Haut bleibt weich und hydratisiert und f\u00fchlt sich samtig und seidig an. AETHERNA zieht sofort ein und fettet nicht, und seine leichte und seidige Textur macht es angenehm und hinterl\u00e4sst die Haut weich und bis zu 36 Stunden lang mit Feuchtigkeit versorgt.","og_url":"https:\/\/www.oliocentrica.it\/de\/shop\/aetherna-fermatempo\/","og_site_name":"Oliocentrica","article_publisher":"https:\/\/www.facebook.com\/Oliocentrica","article_modified_time":"2024-06-12T15:54:03+00:00","og_image":[{"width":800,"height":800,"url":"https:\/\/www.oliocentrica.it\/wp-content\/uploads\/2021\/05\/oliocentrica-aetherna-fermatempo.jpg","type":"image\/jpeg"}],"twitter_card":"summary_large_image","twitter_misc":{"Gesch\u00e4tzte Lesezeit":"1\u00a0Minute"},"schema":{"@context":"https:\/\/schema.org","@graph":[{"@type":"WebPage","@id":"https:\/\/www.oliocentrica.it\/de\/shop\/aetherna-fermatempo\/","url":"https:\/\/www.oliocentrica.it\/de\/shop\/aetherna-fermatempo\/","name":"Aetherna Fermatempo - Oliocentrica","isPartOf":{"@id":"https:\/\/www.oliocentrica.it\/de\/#website"},"primaryImageOfPage":{"@id":"https:\/\/www.oliocentrica.it\/de\/shop\/aetherna-fermatempo\/#primaryimage"},"image":{"@id":"https:\/\/www.oliocentrica.it\/de\/shop\/aetherna-fermatempo\/#primaryimage"},"thumbnailUrl":"https:\/\/www.oliocentrica.it\/wp-content\/uploads\/2021\/05\/oliocentrica-aetherna-fermatempo.jpg","datePublished":"2021-05-21T09:34:04+00:00","dateModified":"2024-06-12T15:54:03+00:00","breadcrumb":{"@id":"https:\/\/www.oliocentrica.it\/de\/shop\/aetherna-fermatempo\/#breadcrumb"},"inLanguage":"de","potentialAction":[{"@type":"ReadAction","target":["https:\/\/www.oliocentrica.it\/de\/shop\/aetherna-fermatempo\/"]}]},{"@type":"ImageObject","inLanguage":"de","@id":"https:\/\/www.oliocentrica.it\/de\/shop\/aetherna-fermatempo\/#primaryimage","url":"https:\/\/www.oliocentrica.it\/wp-content\/uploads\/2021\/05\/oliocentrica-aetherna-fermatempo.jpg","contentUrl":"https:\/\/www.oliocentrica.it\/wp-content\/uploads\/2021\/05\/oliocentrica-aetherna-fermatempo.jpg","width":800,"height":800},{"@type":"BreadcrumbList","@id":"https:\/\/www.oliocentrica.it\/de\/shop\/aetherna-fermatempo\/#breadcrumb","itemListElement":[{"@type":"ListItem","position":1,"name":"Home","item":"https:\/\/www.oliocentrica.it\/de\/"},{"@type":"ListItem","position":2,"name":"Shop","item":"https:\/\/www.oliocentrica.it\/de\/shop\/"},{"@type":"ListItem","position":3,"name":"Aetherna Fermatempo"}]},{"@type":"WebSite","@id":"https:\/\/www.oliocentrica.it\/de\/#website","url":"https:\/\/www.oliocentrica.it\/de\/","name":"Oliocentrica","description":"il filo d\u2019olio tra cibo e salute","publisher":{"@id":"https:\/\/www.oliocentrica.it\/de\/#organization"},"potentialAction":[{"@type":"SearchAction","target":{"@type":"EntryPoint","urlTemplate":"https:\/\/www.oliocentrica.it\/de\/?s={search_term_string}"},"query-input":{"@type":"PropertyValueSpecification","valueRequired":true,"valueName":"search_term_string"}}],"inLanguage":"de"},{"@type":"Organization","@id":"https:\/\/www.oliocentrica.it\/de\/#organization","name":"Oliocentrica Srls","url":"https:\/\/www.oliocentrica.it\/de\/","logo":{"@type":"ImageObject","inLanguage":"de","@id":"https:\/\/www.oliocentrica.it\/de\/#\/schema\/logo\/image\/","url":"https:\/\/www.oliocentrica.it\/wp-content\/uploads\/2021\/05\/logo_oliocentrica-1.png","contentUrl":"https:\/\/www.oliocentrica.it\/wp-content\/uploads\/2021\/05\/logo_oliocentrica-1.png","width":250,"height":81,"caption":"Oliocentrica Srls"},"image":{"@id":"https:\/\/www.oliocentrica.it\/de\/#\/schema\/logo\/image\/"},"sameAs":["https:\/\/www.facebook.com\/Oliocentrica","https:\/\/www.instagram.com\/oliocentrica"]}]}},"brands":[{"id":255,"name":"Extravergine","slug":"extravergine"}],"_links":{"self":[{"href":"https:\/\/www.oliocentrica.it\/de\/wp-json\/wp\/v2\/product\/14734"}],"collection":[{"href":"https:\/\/www.oliocentrica.it\/de\/wp-json\/wp\/v2\/product"}],"about":[{"href":"https:\/\/www.oliocentrica.it\/de\/wp-json\/wp\/v2\/types\/product"}],"replies":[{"embeddable":true,"href":"https:\/\/www.oliocentrica.it\/de\/wp-json\/wp\/v2\/comments?post=14734"}],"wp:featuredmedia":[{"embeddable":true,"href":"https:\/\/www.oliocentrica.it\/de\/wp-json\/wp\/v2\/media\/13833"}],"wp:attachment":[{"href":"https:\/\/www.oliocentrica.it\/de\/wp-json\/wp\/v2\/media?parent=14734"}],"wp:term":[{"taxonomy":"pwb-brand","embeddable":true,"href":"https:\/\/www.oliocentrica.it\/de\/wp-json\/wp\/v2\/pwb-brand?post=14734"},{"taxonomy":"product_cat","embeddable":true,"href":"https:\/\/www.oliocentrica.it\/de\/wp-json\/wp\/v2\/product_cat?post=14734"},{"taxonomy":"product_tag","embeddable":true,"href":"https:\/\/www.oliocentrica.it\/de\/wp-json\/wp\/v2\/product_tag?post=14734"}],"curies":[{"name":"wp","href":"https:\/\/api.w.org\/{rel}","templated":true}]}}