{"id":14714,"date":"2021-05-24T13:01:51","date_gmt":"2021-05-24T11:01:51","guid":{"rendered":"https:\/\/www.oliocentrica.it\/shop\/tris-pate\/"},"modified":"2023-10-25T12:54:33","modified_gmt":"2023-10-25T10:54:33","slug":"tris-pate","status":"publish","type":"product","link":"https:\/\/www.oliocentrica.it\/de\/shop\/tris-pate\/","title":{"rendered":"Tris pat\u00e9"},"content":{"rendered":"<p><strong>Zutaten Pastete aus getrockneten Tomaten<\/strong>: 65 %, natives Oliven\u00f6l extra 34 %, Petersilie, Chilischote, Salz.<\/p>\n<p><strong>Schwarze Olivenpaste Zutaten<\/strong>: schwarze Oliven in Salzlake 90 %, natives Oliven\u00f6l extra 10 %, Salz. Enth\u00e4lt Spuren von Sulfiten.<\/p>\n<p><strong>Artischockenpastete Zutaten<\/strong>: Artischocken 78 %, natives Oliven\u00f6l extra 21 %, Salz, Weinessig. Enth\u00e4lt Spuren von Sulfiten.<\/p>\n<p><strong>Lagerung<\/strong>: K\u00fchl und trocken lagern, fern von Licht- und W\u00e4rmequellen. Nach dem \u00d6ffnen im K\u00fchlschrank aufbewahren und innerhalb von 6 Tagen aufbrauchen<\/p>\n<p><strong>Verpackung<\/strong>: 3 Gl\u00e4ser \u00e0 190 g<\/p>\n","protected":false},"excerpt":{"rendered":"<p>Mit dem richtigen Fu\u00df absteigen &#8230;<br \/>\nDas Pat\u00e9-Trio, das wir anbieten, besteht aus: schwarzen Oliven, Artischocken und getrockneten Tomaten. Eine ideale L\u00f6sung f\u00fcr ein schnelles Abendessen, um G\u00e4ste zu unterhalten oder ein Buffet zu diversifizieren. Hervorragend zum W\u00fcrzen eines ersten Gangs, zur Zubereitung k\u00f6stlicher vegetarischer und veganer Sandwiches oder Fingerfoods. Ein kleiner Tipp: Wenn Sie sie zum W\u00fcrzen von Nudeln verwenden m\u00f6chten, denken Sie immer daran, ein Glas Wasser beim Abgie\u00dfen aufzubewahren, es hilft Ihnen, wenn es zu trocken ist.<\/p>\n","protected":false},"featured_media":13882,"comment_status":"open","ping_status":"closed","template":"","meta":[],"pwb-brand":[253],"product_cat":[248,256],"product_tag":[],"acf":[],"yoast_head":"<!-- This site is optimized with the Yoast SEO plugin v24.5 - https:\/\/yoast.com\/wordpress\/plugins\/seo\/ -->\n<title>Tris pat\u00e9 - Oliocentrica<\/title>\n<meta name=\"robots\" content=\"index, follow, max-snippet:-1, max-image-preview:large, max-video-preview:-1\" \/>\n<link rel=\"canonical\" href=\"https:\/\/www.oliocentrica.it\/de\/shop\/tris-pate\/\" \/>\n<meta property=\"og:locale\" content=\"de_DE\" \/>\n<meta property=\"og:type\" content=\"article\" \/>\n<meta property=\"og:title\" content=\"Tris pat\u00e9 - Oliocentrica\" \/>\n<meta property=\"og:description\" content=\"Mit dem richtigen Fu\u00df absteigen ... Das Pat\u00e9-Trio, das wir anbieten, besteht aus: schwarzen Oliven, Artischocken und getrockneten Tomaten. Eine ideale L\u00f6sung f\u00fcr ein schnelles Abendessen, um G\u00e4ste zu unterhalten oder ein Buffet zu diversifizieren. Hervorragend zum W\u00fcrzen eines ersten Gangs, zur Zubereitung k\u00f6stlicher vegetarischer und veganer Sandwiches oder Fingerfoods. Ein kleiner Tipp: Wenn Sie sie zum W\u00fcrzen von Nudeln verwenden m\u00f6chten, denken Sie immer daran, ein Glas Wasser beim Abgie\u00dfen aufzubewahren, es hilft Ihnen, wenn es zu trocken ist.\" \/>\n<meta property=\"og:url\" content=\"https:\/\/www.oliocentrica.it\/de\/shop\/tris-pate\/\" \/>\n<meta property=\"og:site_name\" content=\"Oliocentrica\" \/>\n<meta property=\"article:publisher\" content=\"https:\/\/www.facebook.com\/Oliocentrica\" \/>\n<meta property=\"article:modified_time\" content=\"2023-10-25T10:54:33+00:00\" \/>\n<meta property=\"og:image\" content=\"https:\/\/www.oliocentrica.it\/wp-content\/uploads\/2021\/05\/oliocentrica-tri-pate.jpg\" \/>\n\t<meta property=\"og:image:width\" content=\"800\" \/>\n\t<meta property=\"og:image:height\" content=\"800\" \/>\n\t<meta property=\"og:image:type\" content=\"image\/jpeg\" \/>\n<meta name=\"twitter:card\" content=\"summary_large_image\" \/>\n<script type=\"application\/ld+json\" class=\"yoast-schema-graph\">{\"@context\":\"https:\/\/schema.org\",\"@graph\":[{\"@type\":\"WebPage\",\"@id\":\"https:\/\/www.oliocentrica.it\/de\/shop\/tris-pate\/\",\"url\":\"https:\/\/www.oliocentrica.it\/de\/shop\/tris-pate\/\",\"name\":\"Tris pat\u00e9 - Oliocentrica\",\"isPartOf\":{\"@id\":\"https:\/\/www.oliocentrica.it\/de\/#website\"},\"primaryImageOfPage\":{\"@id\":\"https:\/\/www.oliocentrica.it\/de\/shop\/tris-pate\/#primaryimage\"},\"image\":{\"@id\":\"https:\/\/www.oliocentrica.it\/de\/shop\/tris-pate\/#primaryimage\"},\"thumbnailUrl\":\"https:\/\/www.oliocentrica.it\/wp-content\/uploads\/2021\/05\/oliocentrica-tri-pate.jpg\",\"datePublished\":\"2021-05-24T11:01:51+00:00\",\"dateModified\":\"2023-10-25T10:54:33+00:00\",\"breadcrumb\":{\"@id\":\"https:\/\/www.oliocentrica.it\/de\/shop\/tris-pate\/#breadcrumb\"},\"inLanguage\":\"de\",\"potentialAction\":[{\"@type\":\"ReadAction\",\"target\":[\"https:\/\/www.oliocentrica.it\/de\/shop\/tris-pate\/\"]}]},{\"@type\":\"ImageObject\",\"inLanguage\":\"de\",\"@id\":\"https:\/\/www.oliocentrica.it\/de\/shop\/tris-pate\/#primaryimage\",\"url\":\"https:\/\/www.oliocentrica.it\/wp-content\/uploads\/2021\/05\/oliocentrica-tri-pate.jpg\",\"contentUrl\":\"https:\/\/www.oliocentrica.it\/wp-content\/uploads\/2021\/05\/oliocentrica-tri-pate.jpg\",\"width\":800,\"height\":800},{\"@type\":\"BreadcrumbList\",\"@id\":\"https:\/\/www.oliocentrica.it\/de\/shop\/tris-pate\/#breadcrumb\",\"itemListElement\":[{\"@type\":\"ListItem\",\"position\":1,\"name\":\"Home\",\"item\":\"https:\/\/www.oliocentrica.it\/de\/\"},{\"@type\":\"ListItem\",\"position\":2,\"name\":\"Shop\",\"item\":\"https:\/\/www.oliocentrica.it\/de\/shop\/\"},{\"@type\":\"ListItem\",\"position\":3,\"name\":\"Tris pat\u00e9\"}]},{\"@type\":\"WebSite\",\"@id\":\"https:\/\/www.oliocentrica.it\/de\/#website\",\"url\":\"https:\/\/www.oliocentrica.it\/de\/\",\"name\":\"Oliocentrica\",\"description\":\"il filo d\u2019olio tra cibo e salute\",\"publisher\":{\"@id\":\"https:\/\/www.oliocentrica.it\/de\/#organization\"},\"potentialAction\":[{\"@type\":\"SearchAction\",\"target\":{\"@type\":\"EntryPoint\",\"urlTemplate\":\"https:\/\/www.oliocentrica.it\/de\/?s={search_term_string}\"},\"query-input\":{\"@type\":\"PropertyValueSpecification\",\"valueRequired\":true,\"valueName\":\"search_term_string\"}}],\"inLanguage\":\"de\"},{\"@type\":\"Organization\",\"@id\":\"https:\/\/www.oliocentrica.it\/de\/#organization\",\"name\":\"Oliocentrica Srls\",\"url\":\"https:\/\/www.oliocentrica.it\/de\/\",\"logo\":{\"@type\":\"ImageObject\",\"inLanguage\":\"de\",\"@id\":\"https:\/\/www.oliocentrica.it\/de\/#\/schema\/logo\/image\/\",\"url\":\"https:\/\/www.oliocentrica.it\/wp-content\/uploads\/2021\/05\/logo_oliocentrica-1.png\",\"contentUrl\":\"https:\/\/www.oliocentrica.it\/wp-content\/uploads\/2021\/05\/logo_oliocentrica-1.png\",\"width\":250,\"height\":81,\"caption\":\"Oliocentrica Srls\"},\"image\":{\"@id\":\"https:\/\/www.oliocentrica.it\/de\/#\/schema\/logo\/image\/\"},\"sameAs\":[\"https:\/\/www.facebook.com\/Oliocentrica\",\"https:\/\/www.instagram.com\/oliocentrica\"]}]}<\/script>\n<!-- \/ Yoast SEO plugin. -->","yoast_head_json":{"title":"Tris pat\u00e9 - Oliocentrica","robots":{"index":"index","follow":"follow","max-snippet":"max-snippet:-1","max-image-preview":"max-image-preview:large","max-video-preview":"max-video-preview:-1"},"canonical":"https:\/\/www.oliocentrica.it\/de\/shop\/tris-pate\/","og_locale":"de_DE","og_type":"article","og_title":"Tris pat\u00e9 - Oliocentrica","og_description":"Mit dem richtigen Fu\u00df absteigen ... Das Pat\u00e9-Trio, das wir anbieten, besteht aus: schwarzen Oliven, Artischocken und getrockneten Tomaten. Eine ideale L\u00f6sung f\u00fcr ein schnelles Abendessen, um G\u00e4ste zu unterhalten oder ein Buffet zu diversifizieren. Hervorragend zum W\u00fcrzen eines ersten Gangs, zur Zubereitung k\u00f6stlicher vegetarischer und veganer Sandwiches oder Fingerfoods. Ein kleiner Tipp: Wenn Sie sie zum W\u00fcrzen von Nudeln verwenden m\u00f6chten, denken Sie immer daran, ein Glas Wasser beim Abgie\u00dfen aufzubewahren, es hilft Ihnen, wenn es zu trocken ist.","og_url":"https:\/\/www.oliocentrica.it\/de\/shop\/tris-pate\/","og_site_name":"Oliocentrica","article_publisher":"https:\/\/www.facebook.com\/Oliocentrica","article_modified_time":"2023-10-25T10:54:33+00:00","og_image":[{"width":800,"height":800,"url":"https:\/\/www.oliocentrica.it\/wp-content\/uploads\/2021\/05\/oliocentrica-tri-pate.jpg","type":"image\/jpeg"}],"twitter_card":"summary_large_image","schema":{"@context":"https:\/\/schema.org","@graph":[{"@type":"WebPage","@id":"https:\/\/www.oliocentrica.it\/de\/shop\/tris-pate\/","url":"https:\/\/www.oliocentrica.it\/de\/shop\/tris-pate\/","name":"Tris pat\u00e9 - Oliocentrica","isPartOf":{"@id":"https:\/\/www.oliocentrica.it\/de\/#website"},"primaryImageOfPage":{"@id":"https:\/\/www.oliocentrica.it\/de\/shop\/tris-pate\/#primaryimage"},"image":{"@id":"https:\/\/www.oliocentrica.it\/de\/shop\/tris-pate\/#primaryimage"},"thumbnailUrl":"https:\/\/www.oliocentrica.it\/wp-content\/uploads\/2021\/05\/oliocentrica-tri-pate.jpg","datePublished":"2021-05-24T11:01:51+00:00","dateModified":"2023-10-25T10:54:33+00:00","breadcrumb":{"@id":"https:\/\/www.oliocentrica.it\/de\/shop\/tris-pate\/#breadcrumb"},"inLanguage":"de","potentialAction":[{"@type":"ReadAction","target":["https:\/\/www.oliocentrica.it\/de\/shop\/tris-pate\/"]}]},{"@type":"ImageObject","inLanguage":"de","@id":"https:\/\/www.oliocentrica.it\/de\/shop\/tris-pate\/#primaryimage","url":"https:\/\/www.oliocentrica.it\/wp-content\/uploads\/2021\/05\/oliocentrica-tri-pate.jpg","contentUrl":"https:\/\/www.oliocentrica.it\/wp-content\/uploads\/2021\/05\/oliocentrica-tri-pate.jpg","width":800,"height":800},{"@type":"BreadcrumbList","@id":"https:\/\/www.oliocentrica.it\/de\/shop\/tris-pate\/#breadcrumb","itemListElement":[{"@type":"ListItem","position":1,"name":"Home","item":"https:\/\/www.oliocentrica.it\/de\/"},{"@type":"ListItem","position":2,"name":"Shop","item":"https:\/\/www.oliocentrica.it\/de\/shop\/"},{"@type":"ListItem","position":3,"name":"Tris pat\u00e9"}]},{"@type":"WebSite","@id":"https:\/\/www.oliocentrica.it\/de\/#website","url":"https:\/\/www.oliocentrica.it\/de\/","name":"Oliocentrica","description":"il filo d\u2019olio tra cibo e salute","publisher":{"@id":"https:\/\/www.oliocentrica.it\/de\/#organization"},"potentialAction":[{"@type":"SearchAction","target":{"@type":"EntryPoint","urlTemplate":"https:\/\/www.oliocentrica.it\/de\/?s={search_term_string}"},"query-input":{"@type":"PropertyValueSpecification","valueRequired":true,"valueName":"search_term_string"}}],"inLanguage":"de"},{"@type":"Organization","@id":"https:\/\/www.oliocentrica.it\/de\/#organization","name":"Oliocentrica Srls","url":"https:\/\/www.oliocentrica.it\/de\/","logo":{"@type":"ImageObject","inLanguage":"de","@id":"https:\/\/www.oliocentrica.it\/de\/#\/schema\/logo\/image\/","url":"https:\/\/www.oliocentrica.it\/wp-content\/uploads\/2021\/05\/logo_oliocentrica-1.png","contentUrl":"https:\/\/www.oliocentrica.it\/wp-content\/uploads\/2021\/05\/logo_oliocentrica-1.png","width":250,"height":81,"caption":"Oliocentrica Srls"},"image":{"@id":"https:\/\/www.oliocentrica.it\/de\/#\/schema\/logo\/image\/"},"sameAs":["https:\/\/www.facebook.com\/Oliocentrica","https:\/\/www.instagram.com\/oliocentrica"]}]}},"brands":[{"id":253,"name":"Oliocentrica","slug":"oliocentrica"}],"_links":{"self":[{"href":"https:\/\/www.oliocentrica.it\/de\/wp-json\/wp\/v2\/product\/14714"}],"collection":[{"href":"https:\/\/www.oliocentrica.it\/de\/wp-json\/wp\/v2\/product"}],"about":[{"href":"https:\/\/www.oliocentrica.it\/de\/wp-json\/wp\/v2\/types\/product"}],"replies":[{"embeddable":true,"href":"https:\/\/www.oliocentrica.it\/de\/wp-json\/wp\/v2\/comments?post=14714"}],"wp:featuredmedia":[{"embeddable":true,"href":"https:\/\/www.oliocentrica.it\/de\/wp-json\/wp\/v2\/media\/13882"}],"wp:attachment":[{"href":"https:\/\/www.oliocentrica.it\/de\/wp-json\/wp\/v2\/media?parent=14714"}],"wp:term":[{"taxonomy":"pwb-brand","embeddable":true,"href":"https:\/\/www.oliocentrica.it\/de\/wp-json\/wp\/v2\/pwb-brand?post=14714"},{"taxonomy":"product_cat","embeddable":true,"href":"https:\/\/www.oliocentrica.it\/de\/wp-json\/wp\/v2\/product_cat?post=14714"},{"taxonomy":"product_tag","embeddable":true,"href":"https:\/\/www.oliocentrica.it\/de\/wp-json\/wp\/v2\/product_tag?post=14714"}],"curies":[{"name":"wp","href":"https:\/\/api.w.org\/{rel}","templated":true}]}}