{"id":14712,"date":"2021-05-24T14:14:34","date_gmt":"2021-05-24T12:14:34","guid":{"rendered":"https:\/\/www.oliocentrica.it\/shop\/sizilianische-geschalte-mandeln\/"},"modified":"2023-10-25T12:48:53","modified_gmt":"2023-10-25T10:48:53","slug":"sizilianische-geschalte-mandeln","status":"publish","type":"product","link":"https:\/\/www.oliocentrica.it\/de\/shop\/sizilianische-geschalte-mandeln\/","title":{"rendered":"Sizilianische gesch\u00e4lte Mandeln"},"content":{"rendered":"<p><strong>Zutaten<\/strong>: Sizilianische Mandel, Herkunft aus Agrigento, nat\u00fcrlich gesch\u00e4lt<\/p>\n<p><strong>Lagerung<\/strong>: Nach dem \u00d6ffnen in einem luftdichten Beh\u00e4lter aufbewahren<\/p>\n<p><strong>Verpackung<\/strong>: 0,5-kg-Packung<\/p>\n","protected":false},"excerpt":{"rendered":"<p>Mandel ist ein nat\u00fcrliches Nahrungserg\u00e4nzungsmittel, das reich an essentiellen N\u00e4hrstoffen wie Vitamin E, Kalzium, Magnesium, Eisen und Kalium ist. Mit einer weichen Schale und einem s\u00fc\u00dfen und eleganten Geschmack, was passiert mit unserem K\u00f6rper, wenn wir t\u00e4glich eine Handvoll (ca. 30 g) essen? Es sch\u00fctzt die Zellen vor oxidativen Sch\u00e4den, da sie reich an Antioxidantien sind. Es h\u00e4lt den Blutzucker in Schach. Niedriger Blutdruck. Es reduziert schlechtes Cholesterin. Verbessern Sie die Gesundheit von Haut und Herz. Reduziert das Hungergef\u00fchl. Hilft beim Abnehmen.<\/p>\n","protected":false},"featured_media":13886,"comment_status":"open","ping_status":"closed","template":"","meta":[],"pwb-brand":[253],"product_cat":[250],"product_tag":[],"acf":[],"yoast_head":"<!-- This site is optimized with the Yoast SEO plugin v24.5 - https:\/\/yoast.com\/wordpress\/plugins\/seo\/ -->\n<title>Sizilianische gesch\u00e4lte Mandeln - Oliocentrica<\/title>\n<meta name=\"robots\" content=\"index, follow, max-snippet:-1, max-image-preview:large, max-video-preview:-1\" \/>\n<link rel=\"canonical\" href=\"https:\/\/www.oliocentrica.it\/de\/shop\/sizilianische-geschalte-mandeln\/\" \/>\n<meta property=\"og:locale\" content=\"de_DE\" \/>\n<meta property=\"og:type\" content=\"article\" \/>\n<meta property=\"og:title\" content=\"Sizilianische gesch\u00e4lte Mandeln - Oliocentrica\" \/>\n<meta property=\"og:description\" content=\"Mandel ist ein nat\u00fcrliches Nahrungserg\u00e4nzungsmittel, das reich an essentiellen N\u00e4hrstoffen wie Vitamin E, Kalzium, Magnesium, Eisen und Kalium ist. Mit einer weichen Schale und einem s\u00fc\u00dfen und eleganten Geschmack, was passiert mit unserem K\u00f6rper, wenn wir t\u00e4glich eine Handvoll (ca. 30 g) essen? Es sch\u00fctzt die Zellen vor oxidativen Sch\u00e4den, da sie reich an Antioxidantien sind. Es h\u00e4lt den Blutzucker in Schach. Niedriger Blutdruck. Es reduziert schlechtes Cholesterin. Verbessern Sie die Gesundheit von Haut und Herz. Reduziert das Hungergef\u00fchl. Hilft beim Abnehmen.\" \/>\n<meta property=\"og:url\" content=\"https:\/\/www.oliocentrica.it\/de\/shop\/sizilianische-geschalte-mandeln\/\" \/>\n<meta property=\"og:site_name\" content=\"Oliocentrica\" \/>\n<meta property=\"article:publisher\" content=\"https:\/\/www.facebook.com\/Oliocentrica\" \/>\n<meta property=\"article:modified_time\" content=\"2023-10-25T10:48:53+00:00\" \/>\n<meta property=\"og:image\" content=\"https:\/\/www.oliocentrica.it\/wp-content\/uploads\/2021\/05\/oliocentrica-mandorle-sgusciate.jpg\" \/>\n\t<meta property=\"og:image:width\" content=\"800\" \/>\n\t<meta property=\"og:image:height\" content=\"800\" \/>\n\t<meta property=\"og:image:type\" content=\"image\/jpeg\" \/>\n<meta name=\"twitter:card\" content=\"summary_large_image\" \/>\n<script type=\"application\/ld+json\" class=\"yoast-schema-graph\">{\"@context\":\"https:\/\/schema.org\",\"@graph\":[{\"@type\":\"WebPage\",\"@id\":\"https:\/\/www.oliocentrica.it\/de\/shop\/sizilianische-geschalte-mandeln\/\",\"url\":\"https:\/\/www.oliocentrica.it\/de\/shop\/sizilianische-geschalte-mandeln\/\",\"name\":\"Sizilianische gesch\u00e4lte Mandeln - Oliocentrica\",\"isPartOf\":{\"@id\":\"https:\/\/www.oliocentrica.it\/de\/#website\"},\"primaryImageOfPage\":{\"@id\":\"https:\/\/www.oliocentrica.it\/de\/shop\/sizilianische-geschalte-mandeln\/#primaryimage\"},\"image\":{\"@id\":\"https:\/\/www.oliocentrica.it\/de\/shop\/sizilianische-geschalte-mandeln\/#primaryimage\"},\"thumbnailUrl\":\"https:\/\/www.oliocentrica.it\/wp-content\/uploads\/2021\/05\/oliocentrica-mandorle-sgusciate.jpg\",\"datePublished\":\"2021-05-24T12:14:34+00:00\",\"dateModified\":\"2023-10-25T10:48:53+00:00\",\"breadcrumb\":{\"@id\":\"https:\/\/www.oliocentrica.it\/de\/shop\/sizilianische-geschalte-mandeln\/#breadcrumb\"},\"inLanguage\":\"de\",\"potentialAction\":[{\"@type\":\"ReadAction\",\"target\":[\"https:\/\/www.oliocentrica.it\/de\/shop\/sizilianische-geschalte-mandeln\/\"]}]},{\"@type\":\"ImageObject\",\"inLanguage\":\"de\",\"@id\":\"https:\/\/www.oliocentrica.it\/de\/shop\/sizilianische-geschalte-mandeln\/#primaryimage\",\"url\":\"https:\/\/www.oliocentrica.it\/wp-content\/uploads\/2021\/05\/oliocentrica-mandorle-sgusciate.jpg\",\"contentUrl\":\"https:\/\/www.oliocentrica.it\/wp-content\/uploads\/2021\/05\/oliocentrica-mandorle-sgusciate.jpg\",\"width\":800,\"height\":800},{\"@type\":\"BreadcrumbList\",\"@id\":\"https:\/\/www.oliocentrica.it\/de\/shop\/sizilianische-geschalte-mandeln\/#breadcrumb\",\"itemListElement\":[{\"@type\":\"ListItem\",\"position\":1,\"name\":\"Home\",\"item\":\"https:\/\/www.oliocentrica.it\/de\/\"},{\"@type\":\"ListItem\",\"position\":2,\"name\":\"Shop\",\"item\":\"https:\/\/www.oliocentrica.it\/de\/shop\/\"},{\"@type\":\"ListItem\",\"position\":3,\"name\":\"Sizilianische gesch\u00e4lte Mandeln\"}]},{\"@type\":\"WebSite\",\"@id\":\"https:\/\/www.oliocentrica.it\/de\/#website\",\"url\":\"https:\/\/www.oliocentrica.it\/de\/\",\"name\":\"Oliocentrica\",\"description\":\"il filo d\u2019olio tra cibo e salute\",\"publisher\":{\"@id\":\"https:\/\/www.oliocentrica.it\/de\/#organization\"},\"potentialAction\":[{\"@type\":\"SearchAction\",\"target\":{\"@type\":\"EntryPoint\",\"urlTemplate\":\"https:\/\/www.oliocentrica.it\/de\/?s={search_term_string}\"},\"query-input\":{\"@type\":\"PropertyValueSpecification\",\"valueRequired\":true,\"valueName\":\"search_term_string\"}}],\"inLanguage\":\"de\"},{\"@type\":\"Organization\",\"@id\":\"https:\/\/www.oliocentrica.it\/de\/#organization\",\"name\":\"Oliocentrica Srls\",\"url\":\"https:\/\/www.oliocentrica.it\/de\/\",\"logo\":{\"@type\":\"ImageObject\",\"inLanguage\":\"de\",\"@id\":\"https:\/\/www.oliocentrica.it\/de\/#\/schema\/logo\/image\/\",\"url\":\"https:\/\/www.oliocentrica.it\/wp-content\/uploads\/2021\/05\/logo_oliocentrica-1.png\",\"contentUrl\":\"https:\/\/www.oliocentrica.it\/wp-content\/uploads\/2021\/05\/logo_oliocentrica-1.png\",\"width\":250,\"height\":81,\"caption\":\"Oliocentrica Srls\"},\"image\":{\"@id\":\"https:\/\/www.oliocentrica.it\/de\/#\/schema\/logo\/image\/\"},\"sameAs\":[\"https:\/\/www.facebook.com\/Oliocentrica\",\"https:\/\/www.instagram.com\/oliocentrica\"]}]}<\/script>\n<!-- \/ Yoast SEO plugin. -->","yoast_head_json":{"title":"Sizilianische gesch\u00e4lte Mandeln - Oliocentrica","robots":{"index":"index","follow":"follow","max-snippet":"max-snippet:-1","max-image-preview":"max-image-preview:large","max-video-preview":"max-video-preview:-1"},"canonical":"https:\/\/www.oliocentrica.it\/de\/shop\/sizilianische-geschalte-mandeln\/","og_locale":"de_DE","og_type":"article","og_title":"Sizilianische gesch\u00e4lte Mandeln - Oliocentrica","og_description":"Mandel ist ein nat\u00fcrliches Nahrungserg\u00e4nzungsmittel, das reich an essentiellen N\u00e4hrstoffen wie Vitamin E, Kalzium, Magnesium, Eisen und Kalium ist. Mit einer weichen Schale und einem s\u00fc\u00dfen und eleganten Geschmack, was passiert mit unserem K\u00f6rper, wenn wir t\u00e4glich eine Handvoll (ca. 30 g) essen? Es sch\u00fctzt die Zellen vor oxidativen Sch\u00e4den, da sie reich an Antioxidantien sind. Es h\u00e4lt den Blutzucker in Schach. Niedriger Blutdruck. Es reduziert schlechtes Cholesterin. Verbessern Sie die Gesundheit von Haut und Herz. Reduziert das Hungergef\u00fchl. Hilft beim Abnehmen.","og_url":"https:\/\/www.oliocentrica.it\/de\/shop\/sizilianische-geschalte-mandeln\/","og_site_name":"Oliocentrica","article_publisher":"https:\/\/www.facebook.com\/Oliocentrica","article_modified_time":"2023-10-25T10:48:53+00:00","og_image":[{"width":800,"height":800,"url":"https:\/\/www.oliocentrica.it\/wp-content\/uploads\/2021\/05\/oliocentrica-mandorle-sgusciate.jpg","type":"image\/jpeg"}],"twitter_card":"summary_large_image","schema":{"@context":"https:\/\/schema.org","@graph":[{"@type":"WebPage","@id":"https:\/\/www.oliocentrica.it\/de\/shop\/sizilianische-geschalte-mandeln\/","url":"https:\/\/www.oliocentrica.it\/de\/shop\/sizilianische-geschalte-mandeln\/","name":"Sizilianische gesch\u00e4lte Mandeln - Oliocentrica","isPartOf":{"@id":"https:\/\/www.oliocentrica.it\/de\/#website"},"primaryImageOfPage":{"@id":"https:\/\/www.oliocentrica.it\/de\/shop\/sizilianische-geschalte-mandeln\/#primaryimage"},"image":{"@id":"https:\/\/www.oliocentrica.it\/de\/shop\/sizilianische-geschalte-mandeln\/#primaryimage"},"thumbnailUrl":"https:\/\/www.oliocentrica.it\/wp-content\/uploads\/2021\/05\/oliocentrica-mandorle-sgusciate.jpg","datePublished":"2021-05-24T12:14:34+00:00","dateModified":"2023-10-25T10:48:53+00:00","breadcrumb":{"@id":"https:\/\/www.oliocentrica.it\/de\/shop\/sizilianische-geschalte-mandeln\/#breadcrumb"},"inLanguage":"de","potentialAction":[{"@type":"ReadAction","target":["https:\/\/www.oliocentrica.it\/de\/shop\/sizilianische-geschalte-mandeln\/"]}]},{"@type":"ImageObject","inLanguage":"de","@id":"https:\/\/www.oliocentrica.it\/de\/shop\/sizilianische-geschalte-mandeln\/#primaryimage","url":"https:\/\/www.oliocentrica.it\/wp-content\/uploads\/2021\/05\/oliocentrica-mandorle-sgusciate.jpg","contentUrl":"https:\/\/www.oliocentrica.it\/wp-content\/uploads\/2021\/05\/oliocentrica-mandorle-sgusciate.jpg","width":800,"height":800},{"@type":"BreadcrumbList","@id":"https:\/\/www.oliocentrica.it\/de\/shop\/sizilianische-geschalte-mandeln\/#breadcrumb","itemListElement":[{"@type":"ListItem","position":1,"name":"Home","item":"https:\/\/www.oliocentrica.it\/de\/"},{"@type":"ListItem","position":2,"name":"Shop","item":"https:\/\/www.oliocentrica.it\/de\/shop\/"},{"@type":"ListItem","position":3,"name":"Sizilianische gesch\u00e4lte Mandeln"}]},{"@type":"WebSite","@id":"https:\/\/www.oliocentrica.it\/de\/#website","url":"https:\/\/www.oliocentrica.it\/de\/","name":"Oliocentrica","description":"il filo d\u2019olio tra cibo e salute","publisher":{"@id":"https:\/\/www.oliocentrica.it\/de\/#organization"},"potentialAction":[{"@type":"SearchAction","target":{"@type":"EntryPoint","urlTemplate":"https:\/\/www.oliocentrica.it\/de\/?s={search_term_string}"},"query-input":{"@type":"PropertyValueSpecification","valueRequired":true,"valueName":"search_term_string"}}],"inLanguage":"de"},{"@type":"Organization","@id":"https:\/\/www.oliocentrica.it\/de\/#organization","name":"Oliocentrica Srls","url":"https:\/\/www.oliocentrica.it\/de\/","logo":{"@type":"ImageObject","inLanguage":"de","@id":"https:\/\/www.oliocentrica.it\/de\/#\/schema\/logo\/image\/","url":"https:\/\/www.oliocentrica.it\/wp-content\/uploads\/2021\/05\/logo_oliocentrica-1.png","contentUrl":"https:\/\/www.oliocentrica.it\/wp-content\/uploads\/2021\/05\/logo_oliocentrica-1.png","width":250,"height":81,"caption":"Oliocentrica Srls"},"image":{"@id":"https:\/\/www.oliocentrica.it\/de\/#\/schema\/logo\/image\/"},"sameAs":["https:\/\/www.facebook.com\/Oliocentrica","https:\/\/www.instagram.com\/oliocentrica"]}]}},"brands":[{"id":253,"name":"Oliocentrica","slug":"oliocentrica"}],"_links":{"self":[{"href":"https:\/\/www.oliocentrica.it\/de\/wp-json\/wp\/v2\/product\/14712"}],"collection":[{"href":"https:\/\/www.oliocentrica.it\/de\/wp-json\/wp\/v2\/product"}],"about":[{"href":"https:\/\/www.oliocentrica.it\/de\/wp-json\/wp\/v2\/types\/product"}],"replies":[{"embeddable":true,"href":"https:\/\/www.oliocentrica.it\/de\/wp-json\/wp\/v2\/comments?post=14712"}],"wp:featuredmedia":[{"embeddable":true,"href":"https:\/\/www.oliocentrica.it\/de\/wp-json\/wp\/v2\/media\/13886"}],"wp:attachment":[{"href":"https:\/\/www.oliocentrica.it\/de\/wp-json\/wp\/v2\/media?parent=14712"}],"wp:term":[{"taxonomy":"pwb-brand","embeddable":true,"href":"https:\/\/www.oliocentrica.it\/de\/wp-json\/wp\/v2\/pwb-brand?post=14712"},{"taxonomy":"product_cat","embeddable":true,"href":"https:\/\/www.oliocentrica.it\/de\/wp-json\/wp\/v2\/product_cat?post=14712"},{"taxonomy":"product_tag","embeddable":true,"href":"https:\/\/www.oliocentrica.it\/de\/wp-json\/wp\/v2\/product_tag?post=14712"}],"curies":[{"name":"wp","href":"https:\/\/api.w.org\/{rel}","templated":true}]}}