{"id":14710,"date":"2021-05-24T15:03:19","date_gmt":"2021-05-24T13:03:19","guid":{"rendered":"https:\/\/www.oliocentrica.it\/shop\/pomodori-rossi-al-naturale\/"},"modified":"2023-11-09T12:55:44","modified_gmt":"2023-11-09T11:55:44","slug":"naturliche-rote-tomaten","status":"publish","type":"product","link":"https:\/\/www.oliocentrica.it\/de\/shop\/naturliche-rote-tomaten\/","title":{"rendered":"Nat\u00fcrliche rote Tomaten"},"content":{"rendered":"<p><strong>Zutaten<\/strong>: rote Tomaten, Wasser, Salz.<\/p>\n<p><strong>Aufbewahrung<\/strong>: Nach dem \u00d6ffnen im K\u00fchlschrank aufbewahren und innerhalb von 3 Tagen aufbrauchen<\/p>\n<p><strong>Verpackung<\/strong>: 290-g-Glas<\/p>\n","protected":false},"excerpt":{"rendered":"<p>Die nat\u00fcrlichen roten Tomaten von La Valle dell&#8217;Usignolo repr\u00e4sentieren die b\u00e4uerliche Kultur des Agro Pontino und die alte Kunst der Herstellung von Flaschen und Gl\u00e4sern, die in der Speisekammer aufbewahrt werden, um den Rest des Jahres verwendet zu werden, um die \u00fcberlebende Familie wieder zu vereinen Auch heute. Die Tomate, die reich an Mikron\u00e4hrstoffen und Antioxidantien auf Kosten von sehr wenigen Kalorien ist, ist eine der besten Quellen f\u00fcr Carotinoide, insbesondere f\u00fcr Lycopin, das in Kombination mit einem guten Oliven\u00f6l extra vergine leicht absorbiert wird. Stellen Sie es sich einfach von der Pflanze gepfl\u00fcckt vor und verwenden Sie es nach Ihren Gewohnheiten. Wenn die Jahreszeit es zul\u00e4sst, f\u00fcgen Sie frische Basilikumbl\u00e4tter hinzu.<\/p>\n","protected":false},"featured_media":13890,"comment_status":"open","ping_status":"closed","template":"","meta":[],"pwb-brand":[258],"product_cat":[250],"product_tag":[],"acf":[],"yoast_head":"<!-- This site is optimized with the Yoast SEO plugin v24.5 - https:\/\/yoast.com\/wordpress\/plugins\/seo\/ -->\n<title>Nat\u00fcrliche rote Tomaten - Oliocentrica<\/title>\n<meta name=\"robots\" content=\"index, follow, max-snippet:-1, max-image-preview:large, max-video-preview:-1\" \/>\n<link rel=\"canonical\" href=\"https:\/\/www.oliocentrica.it\/de\/shop\/naturliche-rote-tomaten\/\" \/>\n<meta property=\"og:locale\" content=\"de_DE\" \/>\n<meta property=\"og:type\" content=\"article\" \/>\n<meta property=\"og:title\" content=\"Nat\u00fcrliche rote Tomaten - Oliocentrica\" \/>\n<meta property=\"og:description\" content=\"Die nat\u00fcrlichen roten Tomaten von La Valle dell&#039;Usignolo repr\u00e4sentieren die b\u00e4uerliche Kultur des Agro Pontino und die alte Kunst der Herstellung von Flaschen und Gl\u00e4sern, die in der Speisekammer aufbewahrt werden, um den Rest des Jahres verwendet zu werden, um die \u00fcberlebende Familie wieder zu vereinen Auch heute. Die Tomate, die reich an Mikron\u00e4hrstoffen und Antioxidantien auf Kosten von sehr wenigen Kalorien ist, ist eine der besten Quellen f\u00fcr Carotinoide, insbesondere f\u00fcr Lycopin, das in Kombination mit einem guten Oliven\u00f6l extra vergine leicht absorbiert wird. Stellen Sie es sich einfach von der Pflanze gepfl\u00fcckt vor und verwenden Sie es nach Ihren Gewohnheiten. Wenn die Jahreszeit es zul\u00e4sst, f\u00fcgen Sie frische Basilikumbl\u00e4tter hinzu.\" \/>\n<meta property=\"og:url\" content=\"https:\/\/www.oliocentrica.it\/de\/shop\/naturliche-rote-tomaten\/\" \/>\n<meta property=\"og:site_name\" content=\"Oliocentrica\" \/>\n<meta property=\"article:publisher\" content=\"https:\/\/www.facebook.com\/Oliocentrica\" \/>\n<meta property=\"article:modified_time\" content=\"2023-11-09T11:55:44+00:00\" \/>\n<meta property=\"og:image\" content=\"https:\/\/www.oliocentrica.it\/wp-content\/uploads\/2021\/05\/oliocentrica-pomodori-rossi-al-naturale.jpg\" \/>\n\t<meta property=\"og:image:width\" content=\"800\" \/>\n\t<meta property=\"og:image:height\" content=\"800\" \/>\n\t<meta property=\"og:image:type\" content=\"image\/jpeg\" \/>\n<meta name=\"twitter:card\" content=\"summary_large_image\" \/>\n<script type=\"application\/ld+json\" class=\"yoast-schema-graph\">{\"@context\":\"https:\/\/schema.org\",\"@graph\":[{\"@type\":\"WebPage\",\"@id\":\"https:\/\/www.oliocentrica.it\/de\/shop\/naturliche-rote-tomaten\/\",\"url\":\"https:\/\/www.oliocentrica.it\/de\/shop\/naturliche-rote-tomaten\/\",\"name\":\"Nat\u00fcrliche rote Tomaten - Oliocentrica\",\"isPartOf\":{\"@id\":\"https:\/\/www.oliocentrica.it\/de\/#website\"},\"primaryImageOfPage\":{\"@id\":\"https:\/\/www.oliocentrica.it\/de\/shop\/naturliche-rote-tomaten\/#primaryimage\"},\"image\":{\"@id\":\"https:\/\/www.oliocentrica.it\/de\/shop\/naturliche-rote-tomaten\/#primaryimage\"},\"thumbnailUrl\":\"https:\/\/www.oliocentrica.it\/wp-content\/uploads\/2021\/05\/oliocentrica-pomodori-rossi-al-naturale.jpg\",\"datePublished\":\"2021-05-24T13:03:19+00:00\",\"dateModified\":\"2023-11-09T11:55:44+00:00\",\"breadcrumb\":{\"@id\":\"https:\/\/www.oliocentrica.it\/de\/shop\/naturliche-rote-tomaten\/#breadcrumb\"},\"inLanguage\":\"de\",\"potentialAction\":[{\"@type\":\"ReadAction\",\"target\":[\"https:\/\/www.oliocentrica.it\/de\/shop\/naturliche-rote-tomaten\/\"]}]},{\"@type\":\"ImageObject\",\"inLanguage\":\"de\",\"@id\":\"https:\/\/www.oliocentrica.it\/de\/shop\/naturliche-rote-tomaten\/#primaryimage\",\"url\":\"https:\/\/www.oliocentrica.it\/wp-content\/uploads\/2021\/05\/oliocentrica-pomodori-rossi-al-naturale.jpg\",\"contentUrl\":\"https:\/\/www.oliocentrica.it\/wp-content\/uploads\/2021\/05\/oliocentrica-pomodori-rossi-al-naturale.jpg\",\"width\":800,\"height\":800},{\"@type\":\"BreadcrumbList\",\"@id\":\"https:\/\/www.oliocentrica.it\/de\/shop\/naturliche-rote-tomaten\/#breadcrumb\",\"itemListElement\":[{\"@type\":\"ListItem\",\"position\":1,\"name\":\"Home\",\"item\":\"https:\/\/www.oliocentrica.it\/de\/\"},{\"@type\":\"ListItem\",\"position\":2,\"name\":\"Shop\",\"item\":\"https:\/\/www.oliocentrica.it\/de\/shop\/\"},{\"@type\":\"ListItem\",\"position\":3,\"name\":\"Nat\u00fcrliche rote Tomaten\"}]},{\"@type\":\"WebSite\",\"@id\":\"https:\/\/www.oliocentrica.it\/de\/#website\",\"url\":\"https:\/\/www.oliocentrica.it\/de\/\",\"name\":\"Oliocentrica\",\"description\":\"il filo d\u2019olio tra cibo e salute\",\"publisher\":{\"@id\":\"https:\/\/www.oliocentrica.it\/de\/#organization\"},\"potentialAction\":[{\"@type\":\"SearchAction\",\"target\":{\"@type\":\"EntryPoint\",\"urlTemplate\":\"https:\/\/www.oliocentrica.it\/de\/?s={search_term_string}\"},\"query-input\":{\"@type\":\"PropertyValueSpecification\",\"valueRequired\":true,\"valueName\":\"search_term_string\"}}],\"inLanguage\":\"de\"},{\"@type\":\"Organization\",\"@id\":\"https:\/\/www.oliocentrica.it\/de\/#organization\",\"name\":\"Oliocentrica Srls\",\"url\":\"https:\/\/www.oliocentrica.it\/de\/\",\"logo\":{\"@type\":\"ImageObject\",\"inLanguage\":\"de\",\"@id\":\"https:\/\/www.oliocentrica.it\/de\/#\/schema\/logo\/image\/\",\"url\":\"https:\/\/www.oliocentrica.it\/wp-content\/uploads\/2021\/05\/logo_oliocentrica-1.png\",\"contentUrl\":\"https:\/\/www.oliocentrica.it\/wp-content\/uploads\/2021\/05\/logo_oliocentrica-1.png\",\"width\":250,\"height\":81,\"caption\":\"Oliocentrica Srls\"},\"image\":{\"@id\":\"https:\/\/www.oliocentrica.it\/de\/#\/schema\/logo\/image\/\"},\"sameAs\":[\"https:\/\/www.facebook.com\/Oliocentrica\",\"https:\/\/www.instagram.com\/oliocentrica\"]}]}<\/script>\n<!-- \/ Yoast SEO plugin. -->","yoast_head_json":{"title":"Nat\u00fcrliche rote Tomaten - Oliocentrica","robots":{"index":"index","follow":"follow","max-snippet":"max-snippet:-1","max-image-preview":"max-image-preview:large","max-video-preview":"max-video-preview:-1"},"canonical":"https:\/\/www.oliocentrica.it\/de\/shop\/naturliche-rote-tomaten\/","og_locale":"de_DE","og_type":"article","og_title":"Nat\u00fcrliche rote Tomaten - Oliocentrica","og_description":"Die nat\u00fcrlichen roten Tomaten von La Valle dell'Usignolo repr\u00e4sentieren die b\u00e4uerliche Kultur des Agro Pontino und die alte Kunst der Herstellung von Flaschen und Gl\u00e4sern, die in der Speisekammer aufbewahrt werden, um den Rest des Jahres verwendet zu werden, um die \u00fcberlebende Familie wieder zu vereinen Auch heute. Die Tomate, die reich an Mikron\u00e4hrstoffen und Antioxidantien auf Kosten von sehr wenigen Kalorien ist, ist eine der besten Quellen f\u00fcr Carotinoide, insbesondere f\u00fcr Lycopin, das in Kombination mit einem guten Oliven\u00f6l extra vergine leicht absorbiert wird. Stellen Sie es sich einfach von der Pflanze gepfl\u00fcckt vor und verwenden Sie es nach Ihren Gewohnheiten. Wenn die Jahreszeit es zul\u00e4sst, f\u00fcgen Sie frische Basilikumbl\u00e4tter hinzu.","og_url":"https:\/\/www.oliocentrica.it\/de\/shop\/naturliche-rote-tomaten\/","og_site_name":"Oliocentrica","article_publisher":"https:\/\/www.facebook.com\/Oliocentrica","article_modified_time":"2023-11-09T11:55:44+00:00","og_image":[{"width":800,"height":800,"url":"https:\/\/www.oliocentrica.it\/wp-content\/uploads\/2021\/05\/oliocentrica-pomodori-rossi-al-naturale.jpg","type":"image\/jpeg"}],"twitter_card":"summary_large_image","schema":{"@context":"https:\/\/schema.org","@graph":[{"@type":"WebPage","@id":"https:\/\/www.oliocentrica.it\/de\/shop\/naturliche-rote-tomaten\/","url":"https:\/\/www.oliocentrica.it\/de\/shop\/naturliche-rote-tomaten\/","name":"Nat\u00fcrliche rote Tomaten - Oliocentrica","isPartOf":{"@id":"https:\/\/www.oliocentrica.it\/de\/#website"},"primaryImageOfPage":{"@id":"https:\/\/www.oliocentrica.it\/de\/shop\/naturliche-rote-tomaten\/#primaryimage"},"image":{"@id":"https:\/\/www.oliocentrica.it\/de\/shop\/naturliche-rote-tomaten\/#primaryimage"},"thumbnailUrl":"https:\/\/www.oliocentrica.it\/wp-content\/uploads\/2021\/05\/oliocentrica-pomodori-rossi-al-naturale.jpg","datePublished":"2021-05-24T13:03:19+00:00","dateModified":"2023-11-09T11:55:44+00:00","breadcrumb":{"@id":"https:\/\/www.oliocentrica.it\/de\/shop\/naturliche-rote-tomaten\/#breadcrumb"},"inLanguage":"de","potentialAction":[{"@type":"ReadAction","target":["https:\/\/www.oliocentrica.it\/de\/shop\/naturliche-rote-tomaten\/"]}]},{"@type":"ImageObject","inLanguage":"de","@id":"https:\/\/www.oliocentrica.it\/de\/shop\/naturliche-rote-tomaten\/#primaryimage","url":"https:\/\/www.oliocentrica.it\/wp-content\/uploads\/2021\/05\/oliocentrica-pomodori-rossi-al-naturale.jpg","contentUrl":"https:\/\/www.oliocentrica.it\/wp-content\/uploads\/2021\/05\/oliocentrica-pomodori-rossi-al-naturale.jpg","width":800,"height":800},{"@type":"BreadcrumbList","@id":"https:\/\/www.oliocentrica.it\/de\/shop\/naturliche-rote-tomaten\/#breadcrumb","itemListElement":[{"@type":"ListItem","position":1,"name":"Home","item":"https:\/\/www.oliocentrica.it\/de\/"},{"@type":"ListItem","position":2,"name":"Shop","item":"https:\/\/www.oliocentrica.it\/de\/shop\/"},{"@type":"ListItem","position":3,"name":"Nat\u00fcrliche rote Tomaten"}]},{"@type":"WebSite","@id":"https:\/\/www.oliocentrica.it\/de\/#website","url":"https:\/\/www.oliocentrica.it\/de\/","name":"Oliocentrica","description":"il filo d\u2019olio tra cibo e salute","publisher":{"@id":"https:\/\/www.oliocentrica.it\/de\/#organization"},"potentialAction":[{"@type":"SearchAction","target":{"@type":"EntryPoint","urlTemplate":"https:\/\/www.oliocentrica.it\/de\/?s={search_term_string}"},"query-input":{"@type":"PropertyValueSpecification","valueRequired":true,"valueName":"search_term_string"}}],"inLanguage":"de"},{"@type":"Organization","@id":"https:\/\/www.oliocentrica.it\/de\/#organization","name":"Oliocentrica Srls","url":"https:\/\/www.oliocentrica.it\/de\/","logo":{"@type":"ImageObject","inLanguage":"de","@id":"https:\/\/www.oliocentrica.it\/de\/#\/schema\/logo\/image\/","url":"https:\/\/www.oliocentrica.it\/wp-content\/uploads\/2021\/05\/logo_oliocentrica-1.png","contentUrl":"https:\/\/www.oliocentrica.it\/wp-content\/uploads\/2021\/05\/logo_oliocentrica-1.png","width":250,"height":81,"caption":"Oliocentrica Srls"},"image":{"@id":"https:\/\/www.oliocentrica.it\/de\/#\/schema\/logo\/image\/"},"sameAs":["https:\/\/www.facebook.com\/Oliocentrica","https:\/\/www.instagram.com\/oliocentrica"]}]}},"brands":[{"id":258,"name":"La Valle dell'Usignolo","slug":"la-valle-dellusignolo"}],"_links":{"self":[{"href":"https:\/\/www.oliocentrica.it\/de\/wp-json\/wp\/v2\/product\/14710"}],"collection":[{"href":"https:\/\/www.oliocentrica.it\/de\/wp-json\/wp\/v2\/product"}],"about":[{"href":"https:\/\/www.oliocentrica.it\/de\/wp-json\/wp\/v2\/types\/product"}],"replies":[{"embeddable":true,"href":"https:\/\/www.oliocentrica.it\/de\/wp-json\/wp\/v2\/comments?post=14710"}],"wp:featuredmedia":[{"embeddable":true,"href":"https:\/\/www.oliocentrica.it\/de\/wp-json\/wp\/v2\/media\/13890"}],"wp:attachment":[{"href":"https:\/\/www.oliocentrica.it\/de\/wp-json\/wp\/v2\/media?parent=14710"}],"wp:term":[{"taxonomy":"pwb-brand","embeddable":true,"href":"https:\/\/www.oliocentrica.it\/de\/wp-json\/wp\/v2\/pwb-brand?post=14710"},{"taxonomy":"product_cat","embeddable":true,"href":"https:\/\/www.oliocentrica.it\/de\/wp-json\/wp\/v2\/product_cat?post=14710"},{"taxonomy":"product_tag","embeddable":true,"href":"https:\/\/www.oliocentrica.it\/de\/wp-json\/wp\/v2\/product_tag?post=14710"}],"curies":[{"name":"wp","href":"https:\/\/api.w.org\/{rel}","templated":true}]}}