{"id":14700,"date":"2021-05-27T11:15:24","date_gmt":"2021-05-27T09:15:24","guid":{"rendered":"https:\/\/www.oliocentrica.it\/shop\/tris-spalmabili-dolci\/"},"modified":"2023-11-09T12:56:49","modified_gmt":"2023-11-09T11:56:49","slug":"tris-spalmabili-dolci","status":"publish","type":"product","link":"https:\/\/www.oliocentrica.it\/de\/shop\/tris-spalmabili-dolci\/","title":{"rendered":"Tris Spalmabili dolci"},"content":{"rendered":"<p>Paket mit drei Arten von streichf\u00e4higen Cremes mit nativem Oliven\u00f6l extra<\/p>\n<p><strong>Pistaziencreme Zutaten<\/strong>: Zucker, Pistazien, natives Oliven\u00f6l extra, Sonnenblumenlecithin<\/p>\n<p><strong>Mandelcreme Zutaten<\/strong>: Mandeln, natives Oliven\u00f6l extra, Rohrzucker, Sonnenblumenlecithin<\/p>\n<p><strong>Haselnusscreme Zutaten<\/strong>: Rohrzucker, Haselnuss, Kakao, natives Oliven\u00f6l extra.<\/p>\n<p><em>Das \u00d6l taucht nat\u00fcrlich auf der Oberfl\u00e4che auf, vor Gebrauch gut mischen.<\/em><\/p>\n<p>K\u00fchl, trocken, lichtgesch\u00fctzt und nicht im K\u00fchlschrank lagern.<\/p>\n<p><strong>Verpackung<\/strong>: Gl\u00e4ser ca. 250 g, Nettogewicht 750 g<\/p>\n<p><em>Ohne Milch und Derivate und glutenfrei, geeignet f\u00fcr eine vegane Ern\u00e4hrung<\/em><\/p>\n","protected":false},"excerpt":{"rendered":"<p>Die Schlemmergruppe vom Fr\u00fchst\u00fcck bis zum Dessert.<br \/>\nGenug der post-s\u00fc\u00dfen Reue, die drei in der Packung vorgeschlagenen Aufstriche enthalten hochwertige Zutaten und nur natives Oliven\u00f6l extra als edles Fett und Konservierungsmittel.<br \/>\nAusgezeichneter Snack f\u00fcr den Studenten, den Sportler und den anspruchsvollsten Feinschmecker. Warum auf Geschmack verzichten?<br \/>\n<em>Ohne Milch und Derivate und glutenfrei, geeignet f\u00fcr eine vegane Ern\u00e4hrung<\/em><\/p>\n","protected":false},"featured_media":13931,"comment_status":"open","ping_status":"closed","template":"","meta":[],"pwb-brand":[253],"product_cat":[248,249],"product_tag":[],"acf":[],"yoast_head":"<!-- This site is optimized with the Yoast SEO plugin v24.5 - https:\/\/yoast.com\/wordpress\/plugins\/seo\/ -->\n<title>Tris Spalmabili dolci - Oliocentrica<\/title>\n<meta name=\"robots\" content=\"index, follow, max-snippet:-1, max-image-preview:large, max-video-preview:-1\" \/>\n<link rel=\"canonical\" href=\"https:\/\/www.oliocentrica.it\/de\/shop\/tris-spalmabili-dolci\/\" \/>\n<meta property=\"og:locale\" content=\"de_DE\" \/>\n<meta property=\"og:type\" content=\"article\" \/>\n<meta property=\"og:title\" content=\"Tris Spalmabili dolci - Oliocentrica\" \/>\n<meta property=\"og:description\" content=\"Die Schlemmergruppe vom Fr\u00fchst\u00fcck bis zum Dessert. Genug der post-s\u00fc\u00dfen Reue, die drei in der Packung vorgeschlagenen Aufstriche enthalten hochwertige Zutaten und nur natives Oliven\u00f6l extra als edles Fett und Konservierungsmittel. Ausgezeichneter Snack f\u00fcr den Studenten, den Sportler und den anspruchsvollsten Feinschmecker. Warum auf Geschmack verzichten? Ohne Milch und Derivate und glutenfrei, geeignet f\u00fcr eine vegane Ern\u00e4hrung\" \/>\n<meta property=\"og:url\" content=\"https:\/\/www.oliocentrica.it\/de\/shop\/tris-spalmabili-dolci\/\" \/>\n<meta property=\"og:site_name\" content=\"Oliocentrica\" \/>\n<meta property=\"article:publisher\" content=\"https:\/\/www.facebook.com\/Oliocentrica\" \/>\n<meta property=\"article:modified_time\" content=\"2023-11-09T11:56:49+00:00\" \/>\n<meta property=\"og:image\" content=\"https:\/\/www.oliocentrica.it\/wp-content\/uploads\/2021\/05\/oliocentrica-tris-creme-dolci.jpg\" \/>\n\t<meta property=\"og:image:width\" content=\"800\" \/>\n\t<meta property=\"og:image:height\" content=\"800\" \/>\n\t<meta property=\"og:image:type\" content=\"image\/jpeg\" \/>\n<meta name=\"twitter:card\" content=\"summary_large_image\" \/>\n<script type=\"application\/ld+json\" class=\"yoast-schema-graph\">{\"@context\":\"https:\/\/schema.org\",\"@graph\":[{\"@type\":\"WebPage\",\"@id\":\"https:\/\/www.oliocentrica.it\/de\/shop\/tris-spalmabili-dolci\/\",\"url\":\"https:\/\/www.oliocentrica.it\/de\/shop\/tris-spalmabili-dolci\/\",\"name\":\"Tris Spalmabili dolci - Oliocentrica\",\"isPartOf\":{\"@id\":\"https:\/\/www.oliocentrica.it\/de\/#website\"},\"primaryImageOfPage\":{\"@id\":\"https:\/\/www.oliocentrica.it\/de\/shop\/tris-spalmabili-dolci\/#primaryimage\"},\"image\":{\"@id\":\"https:\/\/www.oliocentrica.it\/de\/shop\/tris-spalmabili-dolci\/#primaryimage\"},\"thumbnailUrl\":\"https:\/\/www.oliocentrica.it\/wp-content\/uploads\/2021\/05\/oliocentrica-tris-creme-dolci.jpg\",\"datePublished\":\"2021-05-27T09:15:24+00:00\",\"dateModified\":\"2023-11-09T11:56:49+00:00\",\"breadcrumb\":{\"@id\":\"https:\/\/www.oliocentrica.it\/de\/shop\/tris-spalmabili-dolci\/#breadcrumb\"},\"inLanguage\":\"de\",\"potentialAction\":[{\"@type\":\"ReadAction\",\"target\":[\"https:\/\/www.oliocentrica.it\/de\/shop\/tris-spalmabili-dolci\/\"]}]},{\"@type\":\"ImageObject\",\"inLanguage\":\"de\",\"@id\":\"https:\/\/www.oliocentrica.it\/de\/shop\/tris-spalmabili-dolci\/#primaryimage\",\"url\":\"https:\/\/www.oliocentrica.it\/wp-content\/uploads\/2021\/05\/oliocentrica-tris-creme-dolci.jpg\",\"contentUrl\":\"https:\/\/www.oliocentrica.it\/wp-content\/uploads\/2021\/05\/oliocentrica-tris-creme-dolci.jpg\",\"width\":800,\"height\":800},{\"@type\":\"BreadcrumbList\",\"@id\":\"https:\/\/www.oliocentrica.it\/de\/shop\/tris-spalmabili-dolci\/#breadcrumb\",\"itemListElement\":[{\"@type\":\"ListItem\",\"position\":1,\"name\":\"Home\",\"item\":\"https:\/\/www.oliocentrica.it\/de\/\"},{\"@type\":\"ListItem\",\"position\":2,\"name\":\"Shop\",\"item\":\"https:\/\/www.oliocentrica.it\/de\/shop\/\"},{\"@type\":\"ListItem\",\"position\":3,\"name\":\"Tris Spalmabili dolci\"}]},{\"@type\":\"WebSite\",\"@id\":\"https:\/\/www.oliocentrica.it\/de\/#website\",\"url\":\"https:\/\/www.oliocentrica.it\/de\/\",\"name\":\"Oliocentrica\",\"description\":\"il filo d\u2019olio tra cibo e salute\",\"publisher\":{\"@id\":\"https:\/\/www.oliocentrica.it\/de\/#organization\"},\"potentialAction\":[{\"@type\":\"SearchAction\",\"target\":{\"@type\":\"EntryPoint\",\"urlTemplate\":\"https:\/\/www.oliocentrica.it\/de\/?s={search_term_string}\"},\"query-input\":{\"@type\":\"PropertyValueSpecification\",\"valueRequired\":true,\"valueName\":\"search_term_string\"}}],\"inLanguage\":\"de\"},{\"@type\":\"Organization\",\"@id\":\"https:\/\/www.oliocentrica.it\/de\/#organization\",\"name\":\"Oliocentrica Srls\",\"url\":\"https:\/\/www.oliocentrica.it\/de\/\",\"logo\":{\"@type\":\"ImageObject\",\"inLanguage\":\"de\",\"@id\":\"https:\/\/www.oliocentrica.it\/de\/#\/schema\/logo\/image\/\",\"url\":\"https:\/\/www.oliocentrica.it\/wp-content\/uploads\/2021\/05\/logo_oliocentrica-1.png\",\"contentUrl\":\"https:\/\/www.oliocentrica.it\/wp-content\/uploads\/2021\/05\/logo_oliocentrica-1.png\",\"width\":250,\"height\":81,\"caption\":\"Oliocentrica Srls\"},\"image\":{\"@id\":\"https:\/\/www.oliocentrica.it\/de\/#\/schema\/logo\/image\/\"},\"sameAs\":[\"https:\/\/www.facebook.com\/Oliocentrica\",\"https:\/\/www.instagram.com\/oliocentrica\"]}]}<\/script>\n<!-- \/ Yoast SEO plugin. -->","yoast_head_json":{"title":"Tris Spalmabili dolci - Oliocentrica","robots":{"index":"index","follow":"follow","max-snippet":"max-snippet:-1","max-image-preview":"max-image-preview:large","max-video-preview":"max-video-preview:-1"},"canonical":"https:\/\/www.oliocentrica.it\/de\/shop\/tris-spalmabili-dolci\/","og_locale":"de_DE","og_type":"article","og_title":"Tris Spalmabili dolci - Oliocentrica","og_description":"Die Schlemmergruppe vom Fr\u00fchst\u00fcck bis zum Dessert. Genug der post-s\u00fc\u00dfen Reue, die drei in der Packung vorgeschlagenen Aufstriche enthalten hochwertige Zutaten und nur natives Oliven\u00f6l extra als edles Fett und Konservierungsmittel. Ausgezeichneter Snack f\u00fcr den Studenten, den Sportler und den anspruchsvollsten Feinschmecker. Warum auf Geschmack verzichten? Ohne Milch und Derivate und glutenfrei, geeignet f\u00fcr eine vegane Ern\u00e4hrung","og_url":"https:\/\/www.oliocentrica.it\/de\/shop\/tris-spalmabili-dolci\/","og_site_name":"Oliocentrica","article_publisher":"https:\/\/www.facebook.com\/Oliocentrica","article_modified_time":"2023-11-09T11:56:49+00:00","og_image":[{"width":800,"height":800,"url":"https:\/\/www.oliocentrica.it\/wp-content\/uploads\/2021\/05\/oliocentrica-tris-creme-dolci.jpg","type":"image\/jpeg"}],"twitter_card":"summary_large_image","schema":{"@context":"https:\/\/schema.org","@graph":[{"@type":"WebPage","@id":"https:\/\/www.oliocentrica.it\/de\/shop\/tris-spalmabili-dolci\/","url":"https:\/\/www.oliocentrica.it\/de\/shop\/tris-spalmabili-dolci\/","name":"Tris Spalmabili dolci - Oliocentrica","isPartOf":{"@id":"https:\/\/www.oliocentrica.it\/de\/#website"},"primaryImageOfPage":{"@id":"https:\/\/www.oliocentrica.it\/de\/shop\/tris-spalmabili-dolci\/#primaryimage"},"image":{"@id":"https:\/\/www.oliocentrica.it\/de\/shop\/tris-spalmabili-dolci\/#primaryimage"},"thumbnailUrl":"https:\/\/www.oliocentrica.it\/wp-content\/uploads\/2021\/05\/oliocentrica-tris-creme-dolci.jpg","datePublished":"2021-05-27T09:15:24+00:00","dateModified":"2023-11-09T11:56:49+00:00","breadcrumb":{"@id":"https:\/\/www.oliocentrica.it\/de\/shop\/tris-spalmabili-dolci\/#breadcrumb"},"inLanguage":"de","potentialAction":[{"@type":"ReadAction","target":["https:\/\/www.oliocentrica.it\/de\/shop\/tris-spalmabili-dolci\/"]}]},{"@type":"ImageObject","inLanguage":"de","@id":"https:\/\/www.oliocentrica.it\/de\/shop\/tris-spalmabili-dolci\/#primaryimage","url":"https:\/\/www.oliocentrica.it\/wp-content\/uploads\/2021\/05\/oliocentrica-tris-creme-dolci.jpg","contentUrl":"https:\/\/www.oliocentrica.it\/wp-content\/uploads\/2021\/05\/oliocentrica-tris-creme-dolci.jpg","width":800,"height":800},{"@type":"BreadcrumbList","@id":"https:\/\/www.oliocentrica.it\/de\/shop\/tris-spalmabili-dolci\/#breadcrumb","itemListElement":[{"@type":"ListItem","position":1,"name":"Home","item":"https:\/\/www.oliocentrica.it\/de\/"},{"@type":"ListItem","position":2,"name":"Shop","item":"https:\/\/www.oliocentrica.it\/de\/shop\/"},{"@type":"ListItem","position":3,"name":"Tris Spalmabili dolci"}]},{"@type":"WebSite","@id":"https:\/\/www.oliocentrica.it\/de\/#website","url":"https:\/\/www.oliocentrica.it\/de\/","name":"Oliocentrica","description":"il filo d\u2019olio tra cibo e salute","publisher":{"@id":"https:\/\/www.oliocentrica.it\/de\/#organization"},"potentialAction":[{"@type":"SearchAction","target":{"@type":"EntryPoint","urlTemplate":"https:\/\/www.oliocentrica.it\/de\/?s={search_term_string}"},"query-input":{"@type":"PropertyValueSpecification","valueRequired":true,"valueName":"search_term_string"}}],"inLanguage":"de"},{"@type":"Organization","@id":"https:\/\/www.oliocentrica.it\/de\/#organization","name":"Oliocentrica Srls","url":"https:\/\/www.oliocentrica.it\/de\/","logo":{"@type":"ImageObject","inLanguage":"de","@id":"https:\/\/www.oliocentrica.it\/de\/#\/schema\/logo\/image\/","url":"https:\/\/www.oliocentrica.it\/wp-content\/uploads\/2021\/05\/logo_oliocentrica-1.png","contentUrl":"https:\/\/www.oliocentrica.it\/wp-content\/uploads\/2021\/05\/logo_oliocentrica-1.png","width":250,"height":81,"caption":"Oliocentrica Srls"},"image":{"@id":"https:\/\/www.oliocentrica.it\/de\/#\/schema\/logo\/image\/"},"sameAs":["https:\/\/www.facebook.com\/Oliocentrica","https:\/\/www.instagram.com\/oliocentrica"]}]}},"brands":[{"id":253,"name":"Oliocentrica","slug":"oliocentrica"}],"_links":{"self":[{"href":"https:\/\/www.oliocentrica.it\/de\/wp-json\/wp\/v2\/product\/14700"}],"collection":[{"href":"https:\/\/www.oliocentrica.it\/de\/wp-json\/wp\/v2\/product"}],"about":[{"href":"https:\/\/www.oliocentrica.it\/de\/wp-json\/wp\/v2\/types\/product"}],"replies":[{"embeddable":true,"href":"https:\/\/www.oliocentrica.it\/de\/wp-json\/wp\/v2\/comments?post=14700"}],"wp:featuredmedia":[{"embeddable":true,"href":"https:\/\/www.oliocentrica.it\/de\/wp-json\/wp\/v2\/media\/13931"}],"wp:attachment":[{"href":"https:\/\/www.oliocentrica.it\/de\/wp-json\/wp\/v2\/media?parent=14700"}],"wp:term":[{"taxonomy":"pwb-brand","embeddable":true,"href":"https:\/\/www.oliocentrica.it\/de\/wp-json\/wp\/v2\/pwb-brand?post=14700"},{"taxonomy":"product_cat","embeddable":true,"href":"https:\/\/www.oliocentrica.it\/de\/wp-json\/wp\/v2\/product_cat?post=14700"},{"taxonomy":"product_tag","embeddable":true,"href":"https:\/\/www.oliocentrica.it\/de\/wp-json\/wp\/v2\/product_tag?post=14700"}],"curies":[{"name":"wp","href":"https:\/\/api.w.org\/{rel}","templated":true}]}}