{"id":14699,"date":"2021-06-09T17:32:17","date_gmt":"2021-06-09T15:32:17","guid":{"rendered":"https:\/\/www.oliocentrica.it\/shop\/kaffeesahne\/"},"modified":"2023-10-25T11:36:52","modified_gmt":"2023-10-25T09:36:52","slug":"kaffeesahne","status":"publish","type":"product","link":"https:\/\/www.oliocentrica.it\/de\/shop\/kaffeesahne\/","title":{"rendered":"Kaffeesahne"},"content":{"rendered":"<p><strong>Zutaten<\/strong>: Zucker, Kaffee 25 %, Sonnenblumen\u00f6l, Magerkakaopulver, Schokolade 10 % (Zucker, Kakaomasse, Magerkakaopulver), Natives Oliven\u00f6l Extra 3 %, Emulgator (E322 Sonnenblumenlecithin), Aroma nat\u00fcrliche Vanille<\/p>\n<p>200 g Glas<\/p>\n<p>An einem k\u00fchlen, trockenen Ort, fern von Licht- und W\u00e4rmequellen lagern<\/p>\n","protected":false},"excerpt":{"rendered":"<p>F\u00fcr die Herstellung der Kaffeecreme haben wir uns an eine Exzellenz der Region Pontine gewandt, eine Handwerkerfamilie in Itri, in der Provinz Latina, wir sprechen von Chocolart der Familie Fiortini. Kreativit\u00e4t, Schokoladenkunst und Innovation sind die Grundelemente f\u00fcr die Entwicklung jedes Produkts.<br \/>\nDiese streichf\u00e4hige Creme wurde f\u00fcr Liebhaber des ger\u00f6steten und intensiven Kaffeegeschmacks entwickelt und kann mit Brot oder Zwieback verwendet werden. als F\u00fcllung f\u00fcr Desserts oder anstelle des S\u00fc\u00dfstoffs im Kaffee selbst.<\/p>\n","protected":false},"featured_media":13933,"comment_status":"open","ping_status":"closed","template":"","meta":[],"pwb-brand":[253],"product_cat":[249],"product_tag":[],"acf":[],"yoast_head":"<!-- This site is optimized with the Yoast SEO plugin v24.5 - https:\/\/yoast.com\/wordpress\/plugins\/seo\/ -->\n<title>Kaffeesahne - Oliocentrica<\/title>\n<meta name=\"robots\" content=\"index, follow, max-snippet:-1, max-image-preview:large, max-video-preview:-1\" \/>\n<link rel=\"canonical\" href=\"https:\/\/www.oliocentrica.it\/de\/shop\/kaffeesahne\/\" \/>\n<meta property=\"og:locale\" content=\"de_DE\" \/>\n<meta property=\"og:type\" content=\"article\" \/>\n<meta property=\"og:title\" content=\"Kaffeesahne - Oliocentrica\" \/>\n<meta property=\"og:description\" content=\"F\u00fcr die Herstellung der Kaffeecreme haben wir uns an eine Exzellenz der Region Pontine gewandt, eine Handwerkerfamilie in Itri, in der Provinz Latina, wir sprechen von Chocolart der Familie Fiortini. Kreativit\u00e4t, Schokoladenkunst und Innovation sind die Grundelemente f\u00fcr die Entwicklung jedes Produkts. Diese streichf\u00e4hige Creme wurde f\u00fcr Liebhaber des ger\u00f6steten und intensiven Kaffeegeschmacks entwickelt und kann mit Brot oder Zwieback verwendet werden. als F\u00fcllung f\u00fcr Desserts oder anstelle des S\u00fc\u00dfstoffs im Kaffee selbst.\" \/>\n<meta property=\"og:url\" content=\"https:\/\/www.oliocentrica.it\/de\/shop\/kaffeesahne\/\" \/>\n<meta property=\"og:site_name\" content=\"Oliocentrica\" \/>\n<meta property=\"article:publisher\" content=\"https:\/\/www.facebook.com\/Oliocentrica\" \/>\n<meta property=\"article:modified_time\" content=\"2023-10-25T09:36:52+00:00\" \/>\n<meta property=\"og:image\" content=\"https:\/\/www.oliocentrica.it\/wp-content\/uploads\/2021\/06\/oliocentrica-crema-caffe.jpg\" \/>\n\t<meta property=\"og:image:width\" content=\"800\" \/>\n\t<meta property=\"og:image:height\" content=\"800\" \/>\n\t<meta property=\"og:image:type\" content=\"image\/jpeg\" \/>\n<meta name=\"twitter:card\" content=\"summary_large_image\" \/>\n<script type=\"application\/ld+json\" class=\"yoast-schema-graph\">{\"@context\":\"https:\/\/schema.org\",\"@graph\":[{\"@type\":\"WebPage\",\"@id\":\"https:\/\/www.oliocentrica.it\/de\/shop\/kaffeesahne\/\",\"url\":\"https:\/\/www.oliocentrica.it\/de\/shop\/kaffeesahne\/\",\"name\":\"Kaffeesahne - Oliocentrica\",\"isPartOf\":{\"@id\":\"https:\/\/www.oliocentrica.it\/de\/#website\"},\"primaryImageOfPage\":{\"@id\":\"https:\/\/www.oliocentrica.it\/de\/shop\/kaffeesahne\/#primaryimage\"},\"image\":{\"@id\":\"https:\/\/www.oliocentrica.it\/de\/shop\/kaffeesahne\/#primaryimage\"},\"thumbnailUrl\":\"https:\/\/www.oliocentrica.it\/wp-content\/uploads\/2021\/06\/oliocentrica-crema-caffe.jpg\",\"datePublished\":\"2021-06-09T15:32:17+00:00\",\"dateModified\":\"2023-10-25T09:36:52+00:00\",\"breadcrumb\":{\"@id\":\"https:\/\/www.oliocentrica.it\/de\/shop\/kaffeesahne\/#breadcrumb\"},\"inLanguage\":\"de\",\"potentialAction\":[{\"@type\":\"ReadAction\",\"target\":[\"https:\/\/www.oliocentrica.it\/de\/shop\/kaffeesahne\/\"]}]},{\"@type\":\"ImageObject\",\"inLanguage\":\"de\",\"@id\":\"https:\/\/www.oliocentrica.it\/de\/shop\/kaffeesahne\/#primaryimage\",\"url\":\"https:\/\/www.oliocentrica.it\/wp-content\/uploads\/2021\/06\/oliocentrica-crema-caffe.jpg\",\"contentUrl\":\"https:\/\/www.oliocentrica.it\/wp-content\/uploads\/2021\/06\/oliocentrica-crema-caffe.jpg\",\"width\":800,\"height\":800},{\"@type\":\"BreadcrumbList\",\"@id\":\"https:\/\/www.oliocentrica.it\/de\/shop\/kaffeesahne\/#breadcrumb\",\"itemListElement\":[{\"@type\":\"ListItem\",\"position\":1,\"name\":\"Home\",\"item\":\"https:\/\/www.oliocentrica.it\/de\/\"},{\"@type\":\"ListItem\",\"position\":2,\"name\":\"Shop\",\"item\":\"https:\/\/www.oliocentrica.it\/de\/shop\/\"},{\"@type\":\"ListItem\",\"position\":3,\"name\":\"Kaffeesahne\"}]},{\"@type\":\"WebSite\",\"@id\":\"https:\/\/www.oliocentrica.it\/de\/#website\",\"url\":\"https:\/\/www.oliocentrica.it\/de\/\",\"name\":\"Oliocentrica\",\"description\":\"il filo d\u2019olio tra cibo e salute\",\"publisher\":{\"@id\":\"https:\/\/www.oliocentrica.it\/de\/#organization\"},\"potentialAction\":[{\"@type\":\"SearchAction\",\"target\":{\"@type\":\"EntryPoint\",\"urlTemplate\":\"https:\/\/www.oliocentrica.it\/de\/?s={search_term_string}\"},\"query-input\":{\"@type\":\"PropertyValueSpecification\",\"valueRequired\":true,\"valueName\":\"search_term_string\"}}],\"inLanguage\":\"de\"},{\"@type\":\"Organization\",\"@id\":\"https:\/\/www.oliocentrica.it\/de\/#organization\",\"name\":\"Oliocentrica Srls\",\"url\":\"https:\/\/www.oliocentrica.it\/de\/\",\"logo\":{\"@type\":\"ImageObject\",\"inLanguage\":\"de\",\"@id\":\"https:\/\/www.oliocentrica.it\/de\/#\/schema\/logo\/image\/\",\"url\":\"https:\/\/www.oliocentrica.it\/wp-content\/uploads\/2021\/05\/logo_oliocentrica-1.png\",\"contentUrl\":\"https:\/\/www.oliocentrica.it\/wp-content\/uploads\/2021\/05\/logo_oliocentrica-1.png\",\"width\":250,\"height\":81,\"caption\":\"Oliocentrica Srls\"},\"image\":{\"@id\":\"https:\/\/www.oliocentrica.it\/de\/#\/schema\/logo\/image\/\"},\"sameAs\":[\"https:\/\/www.facebook.com\/Oliocentrica\",\"https:\/\/www.instagram.com\/oliocentrica\"]}]}<\/script>\n<!-- \/ Yoast SEO plugin. -->","yoast_head_json":{"title":"Kaffeesahne - Oliocentrica","robots":{"index":"index","follow":"follow","max-snippet":"max-snippet:-1","max-image-preview":"max-image-preview:large","max-video-preview":"max-video-preview:-1"},"canonical":"https:\/\/www.oliocentrica.it\/de\/shop\/kaffeesahne\/","og_locale":"de_DE","og_type":"article","og_title":"Kaffeesahne - Oliocentrica","og_description":"F\u00fcr die Herstellung der Kaffeecreme haben wir uns an eine Exzellenz der Region Pontine gewandt, eine Handwerkerfamilie in Itri, in der Provinz Latina, wir sprechen von Chocolart der Familie Fiortini. Kreativit\u00e4t, Schokoladenkunst und Innovation sind die Grundelemente f\u00fcr die Entwicklung jedes Produkts. Diese streichf\u00e4hige Creme wurde f\u00fcr Liebhaber des ger\u00f6steten und intensiven Kaffeegeschmacks entwickelt und kann mit Brot oder Zwieback verwendet werden. als F\u00fcllung f\u00fcr Desserts oder anstelle des S\u00fc\u00dfstoffs im Kaffee selbst.","og_url":"https:\/\/www.oliocentrica.it\/de\/shop\/kaffeesahne\/","og_site_name":"Oliocentrica","article_publisher":"https:\/\/www.facebook.com\/Oliocentrica","article_modified_time":"2023-10-25T09:36:52+00:00","og_image":[{"width":800,"height":800,"url":"https:\/\/www.oliocentrica.it\/wp-content\/uploads\/2021\/06\/oliocentrica-crema-caffe.jpg","type":"image\/jpeg"}],"twitter_card":"summary_large_image","schema":{"@context":"https:\/\/schema.org","@graph":[{"@type":"WebPage","@id":"https:\/\/www.oliocentrica.it\/de\/shop\/kaffeesahne\/","url":"https:\/\/www.oliocentrica.it\/de\/shop\/kaffeesahne\/","name":"Kaffeesahne - Oliocentrica","isPartOf":{"@id":"https:\/\/www.oliocentrica.it\/de\/#website"},"primaryImageOfPage":{"@id":"https:\/\/www.oliocentrica.it\/de\/shop\/kaffeesahne\/#primaryimage"},"image":{"@id":"https:\/\/www.oliocentrica.it\/de\/shop\/kaffeesahne\/#primaryimage"},"thumbnailUrl":"https:\/\/www.oliocentrica.it\/wp-content\/uploads\/2021\/06\/oliocentrica-crema-caffe.jpg","datePublished":"2021-06-09T15:32:17+00:00","dateModified":"2023-10-25T09:36:52+00:00","breadcrumb":{"@id":"https:\/\/www.oliocentrica.it\/de\/shop\/kaffeesahne\/#breadcrumb"},"inLanguage":"de","potentialAction":[{"@type":"ReadAction","target":["https:\/\/www.oliocentrica.it\/de\/shop\/kaffeesahne\/"]}]},{"@type":"ImageObject","inLanguage":"de","@id":"https:\/\/www.oliocentrica.it\/de\/shop\/kaffeesahne\/#primaryimage","url":"https:\/\/www.oliocentrica.it\/wp-content\/uploads\/2021\/06\/oliocentrica-crema-caffe.jpg","contentUrl":"https:\/\/www.oliocentrica.it\/wp-content\/uploads\/2021\/06\/oliocentrica-crema-caffe.jpg","width":800,"height":800},{"@type":"BreadcrumbList","@id":"https:\/\/www.oliocentrica.it\/de\/shop\/kaffeesahne\/#breadcrumb","itemListElement":[{"@type":"ListItem","position":1,"name":"Home","item":"https:\/\/www.oliocentrica.it\/de\/"},{"@type":"ListItem","position":2,"name":"Shop","item":"https:\/\/www.oliocentrica.it\/de\/shop\/"},{"@type":"ListItem","position":3,"name":"Kaffeesahne"}]},{"@type":"WebSite","@id":"https:\/\/www.oliocentrica.it\/de\/#website","url":"https:\/\/www.oliocentrica.it\/de\/","name":"Oliocentrica","description":"il filo d\u2019olio tra cibo e salute","publisher":{"@id":"https:\/\/www.oliocentrica.it\/de\/#organization"},"potentialAction":[{"@type":"SearchAction","target":{"@type":"EntryPoint","urlTemplate":"https:\/\/www.oliocentrica.it\/de\/?s={search_term_string}"},"query-input":{"@type":"PropertyValueSpecification","valueRequired":true,"valueName":"search_term_string"}}],"inLanguage":"de"},{"@type":"Organization","@id":"https:\/\/www.oliocentrica.it\/de\/#organization","name":"Oliocentrica Srls","url":"https:\/\/www.oliocentrica.it\/de\/","logo":{"@type":"ImageObject","inLanguage":"de","@id":"https:\/\/www.oliocentrica.it\/de\/#\/schema\/logo\/image\/","url":"https:\/\/www.oliocentrica.it\/wp-content\/uploads\/2021\/05\/logo_oliocentrica-1.png","contentUrl":"https:\/\/www.oliocentrica.it\/wp-content\/uploads\/2021\/05\/logo_oliocentrica-1.png","width":250,"height":81,"caption":"Oliocentrica Srls"},"image":{"@id":"https:\/\/www.oliocentrica.it\/de\/#\/schema\/logo\/image\/"},"sameAs":["https:\/\/www.facebook.com\/Oliocentrica","https:\/\/www.instagram.com\/oliocentrica"]}]}},"brands":[{"id":253,"name":"Oliocentrica","slug":"oliocentrica"}],"_links":{"self":[{"href":"https:\/\/www.oliocentrica.it\/de\/wp-json\/wp\/v2\/product\/14699"}],"collection":[{"href":"https:\/\/www.oliocentrica.it\/de\/wp-json\/wp\/v2\/product"}],"about":[{"href":"https:\/\/www.oliocentrica.it\/de\/wp-json\/wp\/v2\/types\/product"}],"replies":[{"embeddable":true,"href":"https:\/\/www.oliocentrica.it\/de\/wp-json\/wp\/v2\/comments?post=14699"}],"wp:featuredmedia":[{"embeddable":true,"href":"https:\/\/www.oliocentrica.it\/de\/wp-json\/wp\/v2\/media\/13933"}],"wp:attachment":[{"href":"https:\/\/www.oliocentrica.it\/de\/wp-json\/wp\/v2\/media?parent=14699"}],"wp:term":[{"taxonomy":"pwb-brand","embeddable":true,"href":"https:\/\/www.oliocentrica.it\/de\/wp-json\/wp\/v2\/pwb-brand?post=14699"},{"taxonomy":"product_cat","embeddable":true,"href":"https:\/\/www.oliocentrica.it\/de\/wp-json\/wp\/v2\/product_cat?post=14699"},{"taxonomy":"product_tag","embeddable":true,"href":"https:\/\/www.oliocentrica.it\/de\/wp-json\/wp\/v2\/product_tag?post=14699"}],"curies":[{"name":"wp","href":"https:\/\/api.w.org\/{rel}","templated":true}]}}