{"id":14698,"date":"2021-06-09T17:38:41","date_gmt":"2021-06-09T15:38:41","guid":{"rendered":"https:\/\/www.oliocentrica.it\/shop\/croccantino-al-rum\/"},"modified":"2023-10-25T11:35:27","modified_gmt":"2023-10-25T09:35:27","slug":"croccantino-al-rum","status":"publish","type":"product","link":"https:\/\/www.oliocentrica.it\/de\/shop\/croccantino-al-rum\/","title":{"rendered":"Croccantino al Rum"},"content":{"rendered":"<p><strong>Zutaten<\/strong>: Zucker, Sonnenblumen\u00f6l, fettarmes Kakaopulver, karamellisierter Zucker, Haseln\u00fcsse, 10 % Schokolade (Zucker, Kakaomasse, fettarmes Kakaopulver), 3 % natives Oliven\u00f6l extra, 3 % Rum, Aromen, Emulgator (E322 Sonnenblumen Lecithin), nat\u00fcrliches Vanillearoma<\/p>\n<p>200 g Glas<\/p>\n<p>An einem k\u00fchlen, trockenen Ort, fern von Licht- und W\u00e4rmequellen lagern<\/p>\n","protected":false},"excerpt":{"rendered":"<p>F\u00fcr die Herstellung von Rum Croccantino haben wir uns an eine Exzellenz des pontinischen Territoriums gewandt, eine Handwerkerfamilie in Itri, in der Provinz Latina, wir sprechen von Chocolart der Familie Fiortini.<br \/>\nDie Synthese von Qualit\u00e4t und Exzellenz wird durch die sorgf\u00e4ltige Auswahl der Rohstoffe und durch die st\u00e4ndige \u00dcberwachung aller Verarbeitungsstufen erreicht. In dieser einladenden Streichcreme steckt der ganze Duft von Rum, eine Erinnerung am Ende des Abendessens, die den Gaumen mit der Knusprigkeit von karamellisiertem Zucker \u00fcberrascht.<\/p>\n","protected":false},"featured_media":13935,"comment_status":"open","ping_status":"closed","template":"","meta":[],"pwb-brand":[253],"product_cat":[249],"product_tag":[],"acf":[],"yoast_head":"<!-- This site is optimized with the Yoast SEO plugin v24.5 - https:\/\/yoast.com\/wordpress\/plugins\/seo\/ -->\n<title>Croccantino al Rum - Oliocentrica<\/title>\n<meta name=\"robots\" content=\"index, follow, max-snippet:-1, max-image-preview:large, max-video-preview:-1\" \/>\n<link rel=\"canonical\" href=\"https:\/\/www.oliocentrica.it\/de\/shop\/croccantino-al-rum\/\" \/>\n<meta property=\"og:locale\" content=\"de_DE\" \/>\n<meta property=\"og:type\" content=\"article\" \/>\n<meta property=\"og:title\" content=\"Croccantino al Rum - Oliocentrica\" \/>\n<meta property=\"og:description\" content=\"F\u00fcr die Herstellung von Rum Croccantino haben wir uns an eine Exzellenz des pontinischen Territoriums gewandt, eine Handwerkerfamilie in Itri, in der Provinz Latina, wir sprechen von Chocolart der Familie Fiortini. Die Synthese von Qualit\u00e4t und Exzellenz wird durch die sorgf\u00e4ltige Auswahl der Rohstoffe und durch die st\u00e4ndige \u00dcberwachung aller Verarbeitungsstufen erreicht. In dieser einladenden Streichcreme steckt der ganze Duft von Rum, eine Erinnerung am Ende des Abendessens, die den Gaumen mit der Knusprigkeit von karamellisiertem Zucker \u00fcberrascht.\" \/>\n<meta property=\"og:url\" content=\"https:\/\/www.oliocentrica.it\/de\/shop\/croccantino-al-rum\/\" \/>\n<meta property=\"og:site_name\" content=\"Oliocentrica\" \/>\n<meta property=\"article:publisher\" content=\"https:\/\/www.facebook.com\/Oliocentrica\" \/>\n<meta property=\"article:modified_time\" content=\"2023-10-25T09:35:27+00:00\" \/>\n<meta property=\"og:image\" content=\"https:\/\/www.oliocentrica.it\/wp-content\/uploads\/2021\/06\/oliocentrica-croccantino-al-rum.jpg\" \/>\n\t<meta property=\"og:image:width\" content=\"800\" \/>\n\t<meta property=\"og:image:height\" content=\"800\" \/>\n\t<meta property=\"og:image:type\" content=\"image\/jpeg\" \/>\n<meta name=\"twitter:card\" content=\"summary_large_image\" \/>\n<script type=\"application\/ld+json\" class=\"yoast-schema-graph\">{\"@context\":\"https:\/\/schema.org\",\"@graph\":[{\"@type\":\"WebPage\",\"@id\":\"https:\/\/www.oliocentrica.it\/de\/shop\/croccantino-al-rum\/\",\"url\":\"https:\/\/www.oliocentrica.it\/de\/shop\/croccantino-al-rum\/\",\"name\":\"Croccantino al Rum - Oliocentrica\",\"isPartOf\":{\"@id\":\"https:\/\/www.oliocentrica.it\/de\/#website\"},\"primaryImageOfPage\":{\"@id\":\"https:\/\/www.oliocentrica.it\/de\/shop\/croccantino-al-rum\/#primaryimage\"},\"image\":{\"@id\":\"https:\/\/www.oliocentrica.it\/de\/shop\/croccantino-al-rum\/#primaryimage\"},\"thumbnailUrl\":\"https:\/\/www.oliocentrica.it\/wp-content\/uploads\/2021\/06\/oliocentrica-croccantino-al-rum.jpg\",\"datePublished\":\"2021-06-09T15:38:41+00:00\",\"dateModified\":\"2023-10-25T09:35:27+00:00\",\"breadcrumb\":{\"@id\":\"https:\/\/www.oliocentrica.it\/de\/shop\/croccantino-al-rum\/#breadcrumb\"},\"inLanguage\":\"de\",\"potentialAction\":[{\"@type\":\"ReadAction\",\"target\":[\"https:\/\/www.oliocentrica.it\/de\/shop\/croccantino-al-rum\/\"]}]},{\"@type\":\"ImageObject\",\"inLanguage\":\"de\",\"@id\":\"https:\/\/www.oliocentrica.it\/de\/shop\/croccantino-al-rum\/#primaryimage\",\"url\":\"https:\/\/www.oliocentrica.it\/wp-content\/uploads\/2021\/06\/oliocentrica-croccantino-al-rum.jpg\",\"contentUrl\":\"https:\/\/www.oliocentrica.it\/wp-content\/uploads\/2021\/06\/oliocentrica-croccantino-al-rum.jpg\",\"width\":800,\"height\":800},{\"@type\":\"BreadcrumbList\",\"@id\":\"https:\/\/www.oliocentrica.it\/de\/shop\/croccantino-al-rum\/#breadcrumb\",\"itemListElement\":[{\"@type\":\"ListItem\",\"position\":1,\"name\":\"Home\",\"item\":\"https:\/\/www.oliocentrica.it\/de\/\"},{\"@type\":\"ListItem\",\"position\":2,\"name\":\"Shop\",\"item\":\"https:\/\/www.oliocentrica.it\/de\/shop\/\"},{\"@type\":\"ListItem\",\"position\":3,\"name\":\"Croccantino al Rum\"}]},{\"@type\":\"WebSite\",\"@id\":\"https:\/\/www.oliocentrica.it\/de\/#website\",\"url\":\"https:\/\/www.oliocentrica.it\/de\/\",\"name\":\"Oliocentrica\",\"description\":\"il filo d\u2019olio tra cibo e salute\",\"publisher\":{\"@id\":\"https:\/\/www.oliocentrica.it\/de\/#organization\"},\"potentialAction\":[{\"@type\":\"SearchAction\",\"target\":{\"@type\":\"EntryPoint\",\"urlTemplate\":\"https:\/\/www.oliocentrica.it\/de\/?s={search_term_string}\"},\"query-input\":{\"@type\":\"PropertyValueSpecification\",\"valueRequired\":true,\"valueName\":\"search_term_string\"}}],\"inLanguage\":\"de\"},{\"@type\":\"Organization\",\"@id\":\"https:\/\/www.oliocentrica.it\/de\/#organization\",\"name\":\"Oliocentrica Srls\",\"url\":\"https:\/\/www.oliocentrica.it\/de\/\",\"logo\":{\"@type\":\"ImageObject\",\"inLanguage\":\"de\",\"@id\":\"https:\/\/www.oliocentrica.it\/de\/#\/schema\/logo\/image\/\",\"url\":\"https:\/\/www.oliocentrica.it\/wp-content\/uploads\/2021\/05\/logo_oliocentrica-1.png\",\"contentUrl\":\"https:\/\/www.oliocentrica.it\/wp-content\/uploads\/2021\/05\/logo_oliocentrica-1.png\",\"width\":250,\"height\":81,\"caption\":\"Oliocentrica Srls\"},\"image\":{\"@id\":\"https:\/\/www.oliocentrica.it\/de\/#\/schema\/logo\/image\/\"},\"sameAs\":[\"https:\/\/www.facebook.com\/Oliocentrica\",\"https:\/\/www.instagram.com\/oliocentrica\"]}]}<\/script>\n<!-- \/ Yoast SEO plugin. -->","yoast_head_json":{"title":"Croccantino al Rum - Oliocentrica","robots":{"index":"index","follow":"follow","max-snippet":"max-snippet:-1","max-image-preview":"max-image-preview:large","max-video-preview":"max-video-preview:-1"},"canonical":"https:\/\/www.oliocentrica.it\/de\/shop\/croccantino-al-rum\/","og_locale":"de_DE","og_type":"article","og_title":"Croccantino al Rum - Oliocentrica","og_description":"F\u00fcr die Herstellung von Rum Croccantino haben wir uns an eine Exzellenz des pontinischen Territoriums gewandt, eine Handwerkerfamilie in Itri, in der Provinz Latina, wir sprechen von Chocolart der Familie Fiortini. Die Synthese von Qualit\u00e4t und Exzellenz wird durch die sorgf\u00e4ltige Auswahl der Rohstoffe und durch die st\u00e4ndige \u00dcberwachung aller Verarbeitungsstufen erreicht. In dieser einladenden Streichcreme steckt der ganze Duft von Rum, eine Erinnerung am Ende des Abendessens, die den Gaumen mit der Knusprigkeit von karamellisiertem Zucker \u00fcberrascht.","og_url":"https:\/\/www.oliocentrica.it\/de\/shop\/croccantino-al-rum\/","og_site_name":"Oliocentrica","article_publisher":"https:\/\/www.facebook.com\/Oliocentrica","article_modified_time":"2023-10-25T09:35:27+00:00","og_image":[{"width":800,"height":800,"url":"https:\/\/www.oliocentrica.it\/wp-content\/uploads\/2021\/06\/oliocentrica-croccantino-al-rum.jpg","type":"image\/jpeg"}],"twitter_card":"summary_large_image","schema":{"@context":"https:\/\/schema.org","@graph":[{"@type":"WebPage","@id":"https:\/\/www.oliocentrica.it\/de\/shop\/croccantino-al-rum\/","url":"https:\/\/www.oliocentrica.it\/de\/shop\/croccantino-al-rum\/","name":"Croccantino al Rum - Oliocentrica","isPartOf":{"@id":"https:\/\/www.oliocentrica.it\/de\/#website"},"primaryImageOfPage":{"@id":"https:\/\/www.oliocentrica.it\/de\/shop\/croccantino-al-rum\/#primaryimage"},"image":{"@id":"https:\/\/www.oliocentrica.it\/de\/shop\/croccantino-al-rum\/#primaryimage"},"thumbnailUrl":"https:\/\/www.oliocentrica.it\/wp-content\/uploads\/2021\/06\/oliocentrica-croccantino-al-rum.jpg","datePublished":"2021-06-09T15:38:41+00:00","dateModified":"2023-10-25T09:35:27+00:00","breadcrumb":{"@id":"https:\/\/www.oliocentrica.it\/de\/shop\/croccantino-al-rum\/#breadcrumb"},"inLanguage":"de","potentialAction":[{"@type":"ReadAction","target":["https:\/\/www.oliocentrica.it\/de\/shop\/croccantino-al-rum\/"]}]},{"@type":"ImageObject","inLanguage":"de","@id":"https:\/\/www.oliocentrica.it\/de\/shop\/croccantino-al-rum\/#primaryimage","url":"https:\/\/www.oliocentrica.it\/wp-content\/uploads\/2021\/06\/oliocentrica-croccantino-al-rum.jpg","contentUrl":"https:\/\/www.oliocentrica.it\/wp-content\/uploads\/2021\/06\/oliocentrica-croccantino-al-rum.jpg","width":800,"height":800},{"@type":"BreadcrumbList","@id":"https:\/\/www.oliocentrica.it\/de\/shop\/croccantino-al-rum\/#breadcrumb","itemListElement":[{"@type":"ListItem","position":1,"name":"Home","item":"https:\/\/www.oliocentrica.it\/de\/"},{"@type":"ListItem","position":2,"name":"Shop","item":"https:\/\/www.oliocentrica.it\/de\/shop\/"},{"@type":"ListItem","position":3,"name":"Croccantino al Rum"}]},{"@type":"WebSite","@id":"https:\/\/www.oliocentrica.it\/de\/#website","url":"https:\/\/www.oliocentrica.it\/de\/","name":"Oliocentrica","description":"il filo d\u2019olio tra cibo e salute","publisher":{"@id":"https:\/\/www.oliocentrica.it\/de\/#organization"},"potentialAction":[{"@type":"SearchAction","target":{"@type":"EntryPoint","urlTemplate":"https:\/\/www.oliocentrica.it\/de\/?s={search_term_string}"},"query-input":{"@type":"PropertyValueSpecification","valueRequired":true,"valueName":"search_term_string"}}],"inLanguage":"de"},{"@type":"Organization","@id":"https:\/\/www.oliocentrica.it\/de\/#organization","name":"Oliocentrica Srls","url":"https:\/\/www.oliocentrica.it\/de\/","logo":{"@type":"ImageObject","inLanguage":"de","@id":"https:\/\/www.oliocentrica.it\/de\/#\/schema\/logo\/image\/","url":"https:\/\/www.oliocentrica.it\/wp-content\/uploads\/2021\/05\/logo_oliocentrica-1.png","contentUrl":"https:\/\/www.oliocentrica.it\/wp-content\/uploads\/2021\/05\/logo_oliocentrica-1.png","width":250,"height":81,"caption":"Oliocentrica Srls"},"image":{"@id":"https:\/\/www.oliocentrica.it\/de\/#\/schema\/logo\/image\/"},"sameAs":["https:\/\/www.facebook.com\/Oliocentrica","https:\/\/www.instagram.com\/oliocentrica"]}]}},"brands":[{"id":253,"name":"Oliocentrica","slug":"oliocentrica"}],"_links":{"self":[{"href":"https:\/\/www.oliocentrica.it\/de\/wp-json\/wp\/v2\/product\/14698"}],"collection":[{"href":"https:\/\/www.oliocentrica.it\/de\/wp-json\/wp\/v2\/product"}],"about":[{"href":"https:\/\/www.oliocentrica.it\/de\/wp-json\/wp\/v2\/types\/product"}],"replies":[{"embeddable":true,"href":"https:\/\/www.oliocentrica.it\/de\/wp-json\/wp\/v2\/comments?post=14698"}],"wp:featuredmedia":[{"embeddable":true,"href":"https:\/\/www.oliocentrica.it\/de\/wp-json\/wp\/v2\/media\/13935"}],"wp:attachment":[{"href":"https:\/\/www.oliocentrica.it\/de\/wp-json\/wp\/v2\/media?parent=14698"}],"wp:term":[{"taxonomy":"pwb-brand","embeddable":true,"href":"https:\/\/www.oliocentrica.it\/de\/wp-json\/wp\/v2\/pwb-brand?post=14698"},{"taxonomy":"product_cat","embeddable":true,"href":"https:\/\/www.oliocentrica.it\/de\/wp-json\/wp\/v2\/product_cat?post=14698"},{"taxonomy":"product_tag","embeddable":true,"href":"https:\/\/www.oliocentrica.it\/de\/wp-json\/wp\/v2\/product_tag?post=14698"}],"curies":[{"name":"wp","href":"https:\/\/api.w.org\/{rel}","templated":true}]}}