{"id":14696,"date":"2021-11-28T11:28:49","date_gmt":"2021-11-28T10:28:49","guid":{"rendered":"https:\/\/www.oliocentrica.it\/shop\/evocativa-trio-von-nativen-olivenolen-extra-buch\/"},"modified":"2023-11-09T12:49:35","modified_gmt":"2023-11-09T11:49:35","slug":"evocativa-trio-von-nativen-olivenolen-extra-buch","status":"publish","type":"product","link":"https:\/\/www.oliocentrica.it\/de\/shop\/evocativa-trio-von-nativen-olivenolen-extra-buch\/","title":{"rendered":"Attraktives Trio von nativen Oliven\u00f6len extra + Buch"},"content":{"rendered":"<p><strong><em>Ein eleganter, hochwertiger, stabiler Karton, der enth\u00e4lt:<\/em><\/strong><\/p>\n<p>1 Flasche 0,50 L Oliven\u00f6l extra von: <strong>501 ALTITUDO Monovarietale Itrana<\/strong>\u00a0<a href=\"https:\/\/www.oliocentrica.it\/de\/shop\/501-altitudo-monovarietale-itrana\/\"><em>mehr lesen<\/em><\/a> &#8211; Leicht fruchtig: sortenrein von Itrana &#8211; <strong>Agresti 1902<\/strong>\u00a0<a href=\"https:\/\/www.oliocentrica.it\/de\/agresti-1902\/\"><em>mehr lesen<\/em><\/a><br \/>\n<em>Probieren Sie ihn zu\u2026 Gem\u00fcse- und H\u00fclsenfruchtsuppen, Thunfischsteaks und gereifter K\u00e4se<\/em><\/p>\n<p>1 Flasche 0,50 L Oliven\u00f6l extra vergine von: <strong>Extravergine<\/strong>\u00a0<a href=\"https:\/\/www.oliocentrica.it\/de\/shop\/extravergine\/\"><em>mehr lesen<\/em><\/a> &#8211; Mittel\/intensiv fruchtig: Mischung aus Coratina, Ogliarola del Bradano und Leccino &#8211; <strong>Fontana dei Santi<\/strong> <a href=\"https:\/\/www.oliocentrica.it\/de\/fontana-dei-santi\/\"><em>mehr lesen<\/em><\/a><br \/>\n<em>Probieren Sie es zu\u2026 strukturierten Fleisch- oder Fischgerichten, Escarole-Suppe mit Cannellini-Bohnen und S\u00fc\u00dfwarenzubereitungen auf Schokoladenbasis<\/em><\/p>\n<p>1 Flasche 0,50 l natives Oliven\u00f6l extra von: <strong>Orolio Limited Edition<\/strong> <a href=\"https:\/\/www.oliocentrica.it\/de\/shop\/orolio-limited-edition\/\"><em>mehr lesen<\/em><\/a> &#8211; Intensiv fruchtig: Mischung aus Dolce di Rossano und Coratina Oliven &#8211; <strong>F.lli Renzo<\/strong> <em>mehr lesen<\/em><br \/>\n<em>Probieren Sie es mit\u2026 halbreifem Pecorino und klassischen mediterranen Gerichten<\/em><\/p>\n<p>1 Exemplar des Buches: <strong>\u201eOlio. Die au\u00dfergew\u00f6hnliche Welt des nativen Oliven\u00f6ls extra &#8222;<\/strong>von <strong>Simona Cognoli<\/strong> und <strong>Luciana Squadrilli<\/strong>, LSWR-Ausgaben <a href=\"https:\/\/www.oliocentrica.it\/de\/die-buecher-ueber-olivenoel\/#olio\"><em>mehr lesen<\/em><\/a><br \/>\n<em>Dieses Buch soll ein n\u00fctzliches und angenehmes Wissensinstrument f\u00fcr diejenigen sein, die sich diesem Lebensmittel n\u00e4hern und seine verschiedenen Vorz\u00fcge entdecken m\u00f6chten, Tropfen f\u00fcr Tropfen, wobei nicht nur seine sensorischen Eigenschaften, seine Verwendung in der K\u00fcche und seine bemerkenswerten nutrazeutischen Eigenschaften erforscht werden &#8230;<\/em><\/p>\n","protected":false},"excerpt":{"rendered":"<p>Eine Geschenkbox, die Geschmack und Wissen zufrieden stellt, ein Instrument des Wissens, durch das Sie die au\u00dfergew\u00f6hnliche Welt des nativen Oliven\u00f6ls extra und die verschiedenen in der K\u00fcche verwendeten Techniken entdecken werden.<\/p>\n<p>Drei Auswahlen von nativem Oliven\u00f6l extra, in drei verschiedenen Intensit\u00e4ten leicht, mittel und intensiv, die frische Gem\u00fcsed\u00fcfte von Tomaten, geschnittenem Gras, gr\u00fcnem Apfel, aromatischen Kr\u00e4utern und getrockneten Fr\u00fcchten hervorrufen. Die besten italienischen Produzenten im Dienste Ihres Tisches, eine geheime Zutat, die Ihre Gerichte in erstklassige Zubereitungen verwandelt!<\/p>\n<p><strong><a href=\"https:\/\/www.oliocentrica.it\/de\/shop\/501-altitudo-monovarietale-itrana\/\">501 ALTITUDO Monovarietale Itrana<\/a> &#8211; <a href=\"https:\/\/www.oliocentrica.it\/de\/agresti-1902\/\">Agresti 1902<\/a><br \/>\n<a href=\"https:\/\/www.oliocentrica.it\/de\/shop\/extravergine\/\">Extravergine<\/a> &#8211; <a href=\"https:\/\/www.oliocentrica.it\/de\/fontana-dei-santi\/\">Fontana dei Santi<\/a><br \/>\n<a href=\"https:\/\/www.oliocentrica.it\/de\/shop\/orolio-limited-edition\/\">Orolio Limited Edition<\/a> &#8211; <a href=\"https:\/\/www.oliocentrica.it\/de\/fratelli-renzo\/\">F.lli Renzo<\/a><\/strong><\/p>\n<p><a href=\"https:\/\/www.oliocentrica.it\/de\/die-buecher-ueber-olivenoel\/#olio\"><strong>&#8222;\u00d6l. Die au\u00dfergew\u00f6hnliche Welt des nativen Oliven\u00f6ls extra &#8220;<br \/>\nvon Simona Cognoli und Luciana Squadrilli<\/strong><\/a><\/p>\n<p><strong>BITTE BEACHTEN SIE, DASS DIE ZUSAMMENSETZUNG DER VERPACKUNG JE NACH VERF\u00dcGBARKEIT DES PRODUKTS VARIIEREN KANN.<\/strong><\/p>\n","protected":false},"featured_media":16301,"comment_status":"closed","ping_status":"closed","template":"","meta":[],"pwb-brand":[253],"product_cat":[248],"product_tag":[],"acf":[],"yoast_head":"<!-- This site is optimized with the Yoast SEO plugin v24.5 - https:\/\/yoast.com\/wordpress\/plugins\/seo\/ -->\n<title>Attraktives Trio von nativen Oliven\u00f6len extra + Buch - Oliocentrica<\/title>\n<meta name=\"robots\" content=\"index, follow, max-snippet:-1, max-image-preview:large, max-video-preview:-1\" \/>\n<link rel=\"canonical\" href=\"https:\/\/www.oliocentrica.it\/de\/shop\/evocativa-trio-von-nativen-olivenolen-extra-buch\/\" \/>\n<meta property=\"og:locale\" content=\"de_DE\" \/>\n<meta property=\"og:type\" content=\"article\" \/>\n<meta property=\"og:title\" content=\"Attraktives Trio von nativen Oliven\u00f6len extra + Buch - Oliocentrica\" \/>\n<meta property=\"og:description\" content=\"Eine Geschenkbox, die Geschmack und Wissen zufrieden stellt, ein Instrument des Wissens, durch das Sie die au\u00dfergew\u00f6hnliche Welt des nativen Oliven\u00f6ls extra und die verschiedenen in der K\u00fcche verwendeten Techniken entdecken werden.  Drei Auswahlen von nativem Oliven\u00f6l extra, in drei verschiedenen Intensit\u00e4ten leicht, mittel und intensiv, die frische Gem\u00fcsed\u00fcfte von Tomaten, geschnittenem Gras, gr\u00fcnem Apfel, aromatischen Kr\u00e4utern und getrockneten Fr\u00fcchten hervorrufen. Die besten italienischen Produzenten im Dienste Ihres Tisches, eine geheime Zutat, die Ihre Gerichte in erstklassige Zubereitungen verwandelt!  501 ALTITUDO Monovarietale Itrana - Agresti 1902 Extravergine - Fontana dei Santi Orolio Limited Edition - F.lli Renzo  &quot;\u00d6l. Die au\u00dfergew\u00f6hnliche Welt des nativen Oliven\u00f6ls extra &quot; von Simona Cognoli und Luciana Squadrilli  BITTE BEACHTEN SIE, DASS DIE ZUSAMMENSETZUNG DER VERPACKUNG JE NACH VERF\u00dcGBARKEIT DES PRODUKTS VARIIEREN KANN.\" \/>\n<meta property=\"og:url\" content=\"https:\/\/www.oliocentrica.it\/de\/shop\/evocativa-trio-von-nativen-olivenolen-extra-buch\/\" \/>\n<meta property=\"og:site_name\" content=\"Oliocentrica\" \/>\n<meta property=\"article:publisher\" content=\"https:\/\/www.facebook.com\/Oliocentrica\" \/>\n<meta property=\"article:modified_time\" content=\"2023-11-09T11:49:35+00:00\" \/>\n<meta property=\"og:image\" content=\"https:\/\/www.oliocentrica.it\/wp-content\/uploads\/2021\/11\/confezione-regalo-evocativa.jpg\" \/>\n\t<meta property=\"og:image:width\" content=\"800\" \/>\n\t<meta property=\"og:image:height\" content=\"800\" \/>\n\t<meta property=\"og:image:type\" content=\"image\/jpeg\" \/>\n<meta name=\"twitter:card\" content=\"summary_large_image\" \/>\n<meta name=\"twitter:label1\" content=\"Gesch\u00e4tzte Lesezeit\" \/>\n\t<meta name=\"twitter:data1\" content=\"1\u00a0Minute\" \/>\n<script type=\"application\/ld+json\" class=\"yoast-schema-graph\">{\"@context\":\"https:\/\/schema.org\",\"@graph\":[{\"@type\":\"WebPage\",\"@id\":\"https:\/\/www.oliocentrica.it\/de\/shop\/evocativa-trio-von-nativen-olivenolen-extra-buch\/\",\"url\":\"https:\/\/www.oliocentrica.it\/de\/shop\/evocativa-trio-von-nativen-olivenolen-extra-buch\/\",\"name\":\"Attraktives Trio von nativen Oliven\u00f6len extra + Buch - Oliocentrica\",\"isPartOf\":{\"@id\":\"https:\/\/www.oliocentrica.it\/de\/#website\"},\"primaryImageOfPage\":{\"@id\":\"https:\/\/www.oliocentrica.it\/de\/shop\/evocativa-trio-von-nativen-olivenolen-extra-buch\/#primaryimage\"},\"image\":{\"@id\":\"https:\/\/www.oliocentrica.it\/de\/shop\/evocativa-trio-von-nativen-olivenolen-extra-buch\/#primaryimage\"},\"thumbnailUrl\":\"https:\/\/www.oliocentrica.it\/wp-content\/uploads\/2021\/11\/confezione-regalo-evocativa.jpg\",\"datePublished\":\"2021-11-28T10:28:49+00:00\",\"dateModified\":\"2023-11-09T11:49:35+00:00\",\"breadcrumb\":{\"@id\":\"https:\/\/www.oliocentrica.it\/de\/shop\/evocativa-trio-von-nativen-olivenolen-extra-buch\/#breadcrumb\"},\"inLanguage\":\"de\",\"potentialAction\":[{\"@type\":\"ReadAction\",\"target\":[\"https:\/\/www.oliocentrica.it\/de\/shop\/evocativa-trio-von-nativen-olivenolen-extra-buch\/\"]}]},{\"@type\":\"ImageObject\",\"inLanguage\":\"de\",\"@id\":\"https:\/\/www.oliocentrica.it\/de\/shop\/evocativa-trio-von-nativen-olivenolen-extra-buch\/#primaryimage\",\"url\":\"https:\/\/www.oliocentrica.it\/wp-content\/uploads\/2021\/11\/confezione-regalo-evocativa.jpg\",\"contentUrl\":\"https:\/\/www.oliocentrica.it\/wp-content\/uploads\/2021\/11\/confezione-regalo-evocativa.jpg\",\"width\":800,\"height\":800,\"caption\":\"confezione regalo evocativa\"},{\"@type\":\"BreadcrumbList\",\"@id\":\"https:\/\/www.oliocentrica.it\/de\/shop\/evocativa-trio-von-nativen-olivenolen-extra-buch\/#breadcrumb\",\"itemListElement\":[{\"@type\":\"ListItem\",\"position\":1,\"name\":\"Home\",\"item\":\"https:\/\/www.oliocentrica.it\/de\/\"},{\"@type\":\"ListItem\",\"position\":2,\"name\":\"Shop\",\"item\":\"https:\/\/www.oliocentrica.it\/de\/shop\/\"},{\"@type\":\"ListItem\",\"position\":3,\"name\":\"Attraktives Trio von nativen Oliven\u00f6len extra + Buch\"}]},{\"@type\":\"WebSite\",\"@id\":\"https:\/\/www.oliocentrica.it\/de\/#website\",\"url\":\"https:\/\/www.oliocentrica.it\/de\/\",\"name\":\"Oliocentrica\",\"description\":\"il filo d\u2019olio tra cibo e salute\",\"publisher\":{\"@id\":\"https:\/\/www.oliocentrica.it\/de\/#organization\"},\"potentialAction\":[{\"@type\":\"SearchAction\",\"target\":{\"@type\":\"EntryPoint\",\"urlTemplate\":\"https:\/\/www.oliocentrica.it\/de\/?s={search_term_string}\"},\"query-input\":{\"@type\":\"PropertyValueSpecification\",\"valueRequired\":true,\"valueName\":\"search_term_string\"}}],\"inLanguage\":\"de\"},{\"@type\":\"Organization\",\"@id\":\"https:\/\/www.oliocentrica.it\/de\/#organization\",\"name\":\"Oliocentrica Srls\",\"url\":\"https:\/\/www.oliocentrica.it\/de\/\",\"logo\":{\"@type\":\"ImageObject\",\"inLanguage\":\"de\",\"@id\":\"https:\/\/www.oliocentrica.it\/de\/#\/schema\/logo\/image\/\",\"url\":\"https:\/\/www.oliocentrica.it\/wp-content\/uploads\/2021\/05\/logo_oliocentrica-1.png\",\"contentUrl\":\"https:\/\/www.oliocentrica.it\/wp-content\/uploads\/2021\/05\/logo_oliocentrica-1.png\",\"width\":250,\"height\":81,\"caption\":\"Oliocentrica Srls\"},\"image\":{\"@id\":\"https:\/\/www.oliocentrica.it\/de\/#\/schema\/logo\/image\/\"},\"sameAs\":[\"https:\/\/www.facebook.com\/Oliocentrica\",\"https:\/\/www.instagram.com\/oliocentrica\"]}]}<\/script>\n<!-- \/ Yoast SEO plugin. -->","yoast_head_json":{"title":"Attraktives Trio von nativen Oliven\u00f6len extra + Buch - Oliocentrica","robots":{"index":"index","follow":"follow","max-snippet":"max-snippet:-1","max-image-preview":"max-image-preview:large","max-video-preview":"max-video-preview:-1"},"canonical":"https:\/\/www.oliocentrica.it\/de\/shop\/evocativa-trio-von-nativen-olivenolen-extra-buch\/","og_locale":"de_DE","og_type":"article","og_title":"Attraktives Trio von nativen Oliven\u00f6len extra + Buch - Oliocentrica","og_description":"Eine Geschenkbox, die Geschmack und Wissen zufrieden stellt, ein Instrument des Wissens, durch das Sie die au\u00dfergew\u00f6hnliche Welt des nativen Oliven\u00f6ls extra und die verschiedenen in der K\u00fcche verwendeten Techniken entdecken werden.  Drei Auswahlen von nativem Oliven\u00f6l extra, in drei verschiedenen Intensit\u00e4ten leicht, mittel und intensiv, die frische Gem\u00fcsed\u00fcfte von Tomaten, geschnittenem Gras, gr\u00fcnem Apfel, aromatischen Kr\u00e4utern und getrockneten Fr\u00fcchten hervorrufen. Die besten italienischen Produzenten im Dienste Ihres Tisches, eine geheime Zutat, die Ihre Gerichte in erstklassige Zubereitungen verwandelt!  501 ALTITUDO Monovarietale Itrana - Agresti 1902 Extravergine - Fontana dei Santi Orolio Limited Edition - F.lli Renzo  \"\u00d6l. Die au\u00dfergew\u00f6hnliche Welt des nativen Oliven\u00f6ls extra \" von Simona Cognoli und Luciana Squadrilli  BITTE BEACHTEN SIE, DASS DIE ZUSAMMENSETZUNG DER VERPACKUNG JE NACH VERF\u00dcGBARKEIT DES PRODUKTS VARIIEREN KANN.","og_url":"https:\/\/www.oliocentrica.it\/de\/shop\/evocativa-trio-von-nativen-olivenolen-extra-buch\/","og_site_name":"Oliocentrica","article_publisher":"https:\/\/www.facebook.com\/Oliocentrica","article_modified_time":"2023-11-09T11:49:35+00:00","og_image":[{"width":800,"height":800,"url":"https:\/\/www.oliocentrica.it\/wp-content\/uploads\/2021\/11\/confezione-regalo-evocativa.jpg","type":"image\/jpeg"}],"twitter_card":"summary_large_image","twitter_misc":{"Gesch\u00e4tzte Lesezeit":"1\u00a0Minute"},"schema":{"@context":"https:\/\/schema.org","@graph":[{"@type":"WebPage","@id":"https:\/\/www.oliocentrica.it\/de\/shop\/evocativa-trio-von-nativen-olivenolen-extra-buch\/","url":"https:\/\/www.oliocentrica.it\/de\/shop\/evocativa-trio-von-nativen-olivenolen-extra-buch\/","name":"Attraktives Trio von nativen Oliven\u00f6len extra + Buch - Oliocentrica","isPartOf":{"@id":"https:\/\/www.oliocentrica.it\/de\/#website"},"primaryImageOfPage":{"@id":"https:\/\/www.oliocentrica.it\/de\/shop\/evocativa-trio-von-nativen-olivenolen-extra-buch\/#primaryimage"},"image":{"@id":"https:\/\/www.oliocentrica.it\/de\/shop\/evocativa-trio-von-nativen-olivenolen-extra-buch\/#primaryimage"},"thumbnailUrl":"https:\/\/www.oliocentrica.it\/wp-content\/uploads\/2021\/11\/confezione-regalo-evocativa.jpg","datePublished":"2021-11-28T10:28:49+00:00","dateModified":"2023-11-09T11:49:35+00:00","breadcrumb":{"@id":"https:\/\/www.oliocentrica.it\/de\/shop\/evocativa-trio-von-nativen-olivenolen-extra-buch\/#breadcrumb"},"inLanguage":"de","potentialAction":[{"@type":"ReadAction","target":["https:\/\/www.oliocentrica.it\/de\/shop\/evocativa-trio-von-nativen-olivenolen-extra-buch\/"]}]},{"@type":"ImageObject","inLanguage":"de","@id":"https:\/\/www.oliocentrica.it\/de\/shop\/evocativa-trio-von-nativen-olivenolen-extra-buch\/#primaryimage","url":"https:\/\/www.oliocentrica.it\/wp-content\/uploads\/2021\/11\/confezione-regalo-evocativa.jpg","contentUrl":"https:\/\/www.oliocentrica.it\/wp-content\/uploads\/2021\/11\/confezione-regalo-evocativa.jpg","width":800,"height":800,"caption":"confezione regalo evocativa"},{"@type":"BreadcrumbList","@id":"https:\/\/www.oliocentrica.it\/de\/shop\/evocativa-trio-von-nativen-olivenolen-extra-buch\/#breadcrumb","itemListElement":[{"@type":"ListItem","position":1,"name":"Home","item":"https:\/\/www.oliocentrica.it\/de\/"},{"@type":"ListItem","position":2,"name":"Shop","item":"https:\/\/www.oliocentrica.it\/de\/shop\/"},{"@type":"ListItem","position":3,"name":"Attraktives Trio von nativen Oliven\u00f6len extra + Buch"}]},{"@type":"WebSite","@id":"https:\/\/www.oliocentrica.it\/de\/#website","url":"https:\/\/www.oliocentrica.it\/de\/","name":"Oliocentrica","description":"il filo d\u2019olio tra cibo e salute","publisher":{"@id":"https:\/\/www.oliocentrica.it\/de\/#organization"},"potentialAction":[{"@type":"SearchAction","target":{"@type":"EntryPoint","urlTemplate":"https:\/\/www.oliocentrica.it\/de\/?s={search_term_string}"},"query-input":{"@type":"PropertyValueSpecification","valueRequired":true,"valueName":"search_term_string"}}],"inLanguage":"de"},{"@type":"Organization","@id":"https:\/\/www.oliocentrica.it\/de\/#organization","name":"Oliocentrica Srls","url":"https:\/\/www.oliocentrica.it\/de\/","logo":{"@type":"ImageObject","inLanguage":"de","@id":"https:\/\/www.oliocentrica.it\/de\/#\/schema\/logo\/image\/","url":"https:\/\/www.oliocentrica.it\/wp-content\/uploads\/2021\/05\/logo_oliocentrica-1.png","contentUrl":"https:\/\/www.oliocentrica.it\/wp-content\/uploads\/2021\/05\/logo_oliocentrica-1.png","width":250,"height":81,"caption":"Oliocentrica Srls"},"image":{"@id":"https:\/\/www.oliocentrica.it\/de\/#\/schema\/logo\/image\/"},"sameAs":["https:\/\/www.facebook.com\/Oliocentrica","https:\/\/www.instagram.com\/oliocentrica"]}]}},"brands":[{"id":253,"name":"Oliocentrica","slug":"oliocentrica"}],"_links":{"self":[{"href":"https:\/\/www.oliocentrica.it\/de\/wp-json\/wp\/v2\/product\/14696"}],"collection":[{"href":"https:\/\/www.oliocentrica.it\/de\/wp-json\/wp\/v2\/product"}],"about":[{"href":"https:\/\/www.oliocentrica.it\/de\/wp-json\/wp\/v2\/types\/product"}],"replies":[{"embeddable":true,"href":"https:\/\/www.oliocentrica.it\/de\/wp-json\/wp\/v2\/comments?post=14696"}],"wp:featuredmedia":[{"embeddable":true,"href":"https:\/\/www.oliocentrica.it\/de\/wp-json\/wp\/v2\/media\/16301"}],"wp:attachment":[{"href":"https:\/\/www.oliocentrica.it\/de\/wp-json\/wp\/v2\/media?parent=14696"}],"wp:term":[{"taxonomy":"pwb-brand","embeddable":true,"href":"https:\/\/www.oliocentrica.it\/de\/wp-json\/wp\/v2\/pwb-brand?post=14696"},{"taxonomy":"product_cat","embeddable":true,"href":"https:\/\/www.oliocentrica.it\/de\/wp-json\/wp\/v2\/product_cat?post=14696"},{"taxonomy":"product_tag","embeddable":true,"href":"https:\/\/www.oliocentrica.it\/de\/wp-json\/wp\/v2\/product_tag?post=14696"}],"curies":[{"name":"wp","href":"https:\/\/api.w.org\/{rel}","templated":true}]}}