{"id":14695,"date":"2021-11-28T12:21:29","date_gmt":"2021-11-28T11:21:29","guid":{"rendered":"https:\/\/www.oliocentrica.it\/shop\/evolutiva-trio-von-nativen-olivenolen-extra\/"},"modified":"2023-11-09T12:48:30","modified_gmt":"2023-11-09T11:48:30","slug":"evolutiva-trio-von-nativen-olivenolen-extra","status":"publish","type":"product","link":"https:\/\/www.oliocentrica.it\/de\/shop\/evolutiva-trio-von-nativen-olivenolen-extra\/","title":{"rendered":"Evolutiva + Trio von nativen Oliven\u00f6len extra"},"content":{"rendered":"<p><strong><em>Ein eleganter, hochwertiger, stabiler Karton, der enth\u00e4lt:<\/em><\/strong><\/p>\n<p>1 Flasche 0,50 L Oliven\u00f6l extra vergine von: <strong>Vargnano<\/strong> <a href=\"https:\/\/www.oliocentrica.it\/de\/shop\/vargnano\/\"><em>mehr lesen<\/em><\/a> &#8211; Leicht \/ mittelfruchtig: sortenrein von Nostrana &#8211; <strong>Palazzo di Varignana<\/strong> <a href=\"https:\/\/www.oliocentrica.it\/de\/palazzo-di-varignana\/\"><em>mehr lesen<\/em><\/a><br \/>\n<em>Probieren Sie es mit &#8230; streng roh, um Fischcarpaccio, Salate, Gem\u00fcsesuppen und Suppen zu verfeinern<\/em><\/p>\n<p>1 Flasche 0,50 l natives Oliven\u00f6l extra von: <strong>Extravergine di Oliva Bio<\/strong><strong>\u00a0<\/strong><a href=\"https:\/\/www.oliocentrica.it\/de\/shop\/extravergine-di-oliva-bio\/\"><em>mehr lesen<\/em><\/a> &#8211; Mittelfruchtig: Mischung aus Cerasuola, Nocellara del Belice, Biancolilla, Coratina &#8211; Oliven der Sorte <strong>Titone<\/strong> <a href=\"https:\/\/www.oliocentrica.it\/de\/titone\/\"><em>mehr lesen<\/em><\/a><br \/>\n<em>Probieren Sie es mit &#8230; sautierten R\u00fcben, Kardonenpastete, Timbale von Nudeln mit Meer\u00e4sche und wildem Fenchel, Ravioli mit Wildkr\u00e4utern, geschmortem Zackenbarsch, Kichererbsen-Hummus<\/em><\/p>\n<p>1 Flasche 0,50 L Oliven\u00f6l extra vergine von: <strong>Coratina<\/strong> <a href=\"https:\/\/www.oliocentrica.it\/de\/shop\/coratina\/\"><em>mehr lesen<\/em><\/a> &#8211; Intensiv fruchtig: Monovarietal von Coratina &#8211; <strong>Oro di Rufolo<\/strong> <a href=\"https:\/\/www.oliocentrica.it\/de\/oro-di-rufolo\/\"><em>mehr lesen<\/em><\/a><br \/>\n<em>Probieren Sie es mit &#8230; Knoblauchbruschetta, strukturierten ersten G\u00e4ngen, H\u00fclsenfr\u00fcchtesuppen und -salaten, rotem Fleisch und gegrilltem Fisch<\/em><\/p>\n<p>1 Exemplar des Buches: <strong>&#8222;\u00d6l und die anderen Zutaten unseres Lebens&#8220;<\/strong> von <strong>Maurizio Pescari<\/strong> &#8211; Edizioni Rubbettino <a href=\"https:\/\/www.oliocentrica.it\/de\/die-buecher-ueber-olivenoel\/#lolio\"><em>mehr lesen<\/em><\/a><br \/>\n<em>Ein dem \u00d6l gewidmetes Buch, in dem wir nicht nur \u00fcber \u00d6l sprechen, eine Geschichte, die mit Geschichten von Menschen und Gebieten durchsetzt ist, die p\u00fcnktlich mit einem Fr\u00fchst\u00fcck enden, mit dem \u00d6l als Protagonist und konsequentem Rezept &#8230;<\/em><\/p>\n","protected":false},"excerpt":{"rendered":"<p>Eine Geschenkbox, die Geschmack und Wissen zufrieden stellt, ein Instrument des Wissens, durch das Sie die au\u00dfergew\u00f6hnliche Welt des nativen Oliven\u00f6ls extra und die verschiedenen in der K\u00fcche verwendeten Techniken entdecken werden.<\/p>\n<p>Drei Auswahlen von nativem Oliven\u00f6l extra, in drei verschiedenen Intensit\u00e4ten leicht, mittel und intensiv, die frische Gem\u00fcsed\u00fcfte von Tomaten, geschnittenem Gras, gr\u00fcnem Apfel, aromatischen Kr\u00e4utern und getrockneten Fr\u00fcchten hervorrufen.<br \/>\nDie besten italienischen Produzenten im Dienste Ihres Tisches, eine geheime Zutat, die Ihre Gerichte in erstklassige Zubereitungen verwandelt!<\/p>\n<p><strong><a href=\"https:\/\/www.oliocentrica.it\/de\/shop\/vargnano\/\">Vargnano<\/a> &#8211; <a href=\"https:\/\/www.oliocentrica.it\/de\/palazzo-di-varignana\/\">Palazzo di Varignana<\/a><br \/>\n<a href=\"https:\/\/www.oliocentrica.it\/de\/shop\/extravergine-di-oliva-bio\/\">Extravergine di Oliva Bio<\/a> &#8211; <a href=\"https:\/\/www.oliocentrica.it\/de\/titone\/\">Titone<\/a><br \/>\n<a href=\"https:\/\/www.oliocentrica.it\/de\/shop\/coratina\/\">Coratina<\/a> &#8211; <a href=\"https:\/\/www.oliocentrica.it\/de\/oro-di-rufolo\/\">Oro di Rufolo<\/a><\/strong><\/p>\n<p><a href=\"https:\/\/www.oliocentrica.it\/de\/die-buecher-ueber-olivenoel\/#lolio\"><strong>&#8222;\u00d6l und andere Zutaten unseres Lebens&#8220;<br \/>\nvon Maurizio Pescari<\/strong><\/a><\/p>\n<p><strong>BITTE BEACHTEN SIE, DASS DIE ZUSAMMENSETZUNG DER VERPACKUNG JE NACH VERF\u00dcGBARKEIT DES PRODUKTS VARIIEREN KANN.<\/strong><\/p>\n","protected":false},"featured_media":14064,"comment_status":"closed","ping_status":"closed","template":"","meta":[],"pwb-brand":[253],"product_cat":[248],"product_tag":[],"acf":[],"yoast_head":"<!-- This site is optimized with the Yoast SEO plugin v24.5 - https:\/\/yoast.com\/wordpress\/plugins\/seo\/ -->\n<title>Evolutiva + Trio von nativen Oliven\u00f6len extra - Oliocentrica<\/title>\n<meta name=\"robots\" content=\"index, follow, max-snippet:-1, max-image-preview:large, max-video-preview:-1\" \/>\n<link rel=\"canonical\" href=\"https:\/\/www.oliocentrica.it\/de\/shop\/evolutiva-trio-von-nativen-olivenolen-extra\/\" \/>\n<meta property=\"og:locale\" content=\"de_DE\" \/>\n<meta property=\"og:type\" content=\"article\" \/>\n<meta property=\"og:title\" content=\"Evolutiva + Trio von nativen Oliven\u00f6len extra - Oliocentrica\" \/>\n<meta property=\"og:description\" content=\"Eine Geschenkbox, die Geschmack und Wissen zufrieden stellt, ein Instrument des Wissens, durch das Sie die au\u00dfergew\u00f6hnliche Welt des nativen Oliven\u00f6ls extra und die verschiedenen in der K\u00fcche verwendeten Techniken entdecken werden.  Drei Auswahlen von nativem Oliven\u00f6l extra, in drei verschiedenen Intensit\u00e4ten leicht, mittel und intensiv, die frische Gem\u00fcsed\u00fcfte von Tomaten, geschnittenem Gras, gr\u00fcnem Apfel, aromatischen Kr\u00e4utern und getrockneten Fr\u00fcchten hervorrufen. Die besten italienischen Produzenten im Dienste Ihres Tisches, eine geheime Zutat, die Ihre Gerichte in erstklassige Zubereitungen verwandelt!  Vargnano - Palazzo di Varignana Extravergine di Oliva Bio - Titone Coratina - Oro di Rufolo  &quot;\u00d6l und andere Zutaten unseres Lebens&quot; von Maurizio Pescari  BITTE BEACHTEN SIE, DASS DIE ZUSAMMENSETZUNG DER VERPACKUNG JE NACH VERF\u00dcGBARKEIT DES PRODUKTS VARIIEREN KANN.\" \/>\n<meta property=\"og:url\" content=\"https:\/\/www.oliocentrica.it\/de\/shop\/evolutiva-trio-von-nativen-olivenolen-extra\/\" \/>\n<meta property=\"og:site_name\" content=\"Oliocentrica\" \/>\n<meta property=\"article:publisher\" content=\"https:\/\/www.facebook.com\/Oliocentrica\" \/>\n<meta property=\"article:modified_time\" content=\"2023-11-09T11:48:30+00:00\" \/>\n<meta property=\"og:image\" content=\"https:\/\/www.oliocentrica.it\/wp-content\/uploads\/2021\/11\/oliocentrica-evolutiva.jpg\" \/>\n\t<meta property=\"og:image:width\" content=\"800\" \/>\n\t<meta property=\"og:image:height\" content=\"800\" \/>\n\t<meta property=\"og:image:type\" content=\"image\/jpeg\" \/>\n<meta name=\"twitter:card\" content=\"summary_large_image\" \/>\n<meta name=\"twitter:label1\" content=\"Gesch\u00e4tzte Lesezeit\" \/>\n\t<meta name=\"twitter:data1\" content=\"1\u00a0Minute\" \/>\n<script type=\"application\/ld+json\" class=\"yoast-schema-graph\">{\"@context\":\"https:\/\/schema.org\",\"@graph\":[{\"@type\":\"WebPage\",\"@id\":\"https:\/\/www.oliocentrica.it\/de\/shop\/evolutiva-trio-von-nativen-olivenolen-extra\/\",\"url\":\"https:\/\/www.oliocentrica.it\/de\/shop\/evolutiva-trio-von-nativen-olivenolen-extra\/\",\"name\":\"Evolutiva + Trio von nativen Oliven\u00f6len extra - Oliocentrica\",\"isPartOf\":{\"@id\":\"https:\/\/www.oliocentrica.it\/de\/#website\"},\"primaryImageOfPage\":{\"@id\":\"https:\/\/www.oliocentrica.it\/de\/shop\/evolutiva-trio-von-nativen-olivenolen-extra\/#primaryimage\"},\"image\":{\"@id\":\"https:\/\/www.oliocentrica.it\/de\/shop\/evolutiva-trio-von-nativen-olivenolen-extra\/#primaryimage\"},\"thumbnailUrl\":\"https:\/\/www.oliocentrica.it\/wp-content\/uploads\/2021\/11\/oliocentrica-evolutiva.jpg\",\"datePublished\":\"2021-11-28T11:21:29+00:00\",\"dateModified\":\"2023-11-09T11:48:30+00:00\",\"breadcrumb\":{\"@id\":\"https:\/\/www.oliocentrica.it\/de\/shop\/evolutiva-trio-von-nativen-olivenolen-extra\/#breadcrumb\"},\"inLanguage\":\"de\",\"potentialAction\":[{\"@type\":\"ReadAction\",\"target\":[\"https:\/\/www.oliocentrica.it\/de\/shop\/evolutiva-trio-von-nativen-olivenolen-extra\/\"]}]},{\"@type\":\"ImageObject\",\"inLanguage\":\"de\",\"@id\":\"https:\/\/www.oliocentrica.it\/de\/shop\/evolutiva-trio-von-nativen-olivenolen-extra\/#primaryimage\",\"url\":\"https:\/\/www.oliocentrica.it\/wp-content\/uploads\/2021\/11\/oliocentrica-evolutiva.jpg\",\"contentUrl\":\"https:\/\/www.oliocentrica.it\/wp-content\/uploads\/2021\/11\/oliocentrica-evolutiva.jpg\",\"width\":800,\"height\":800},{\"@type\":\"BreadcrumbList\",\"@id\":\"https:\/\/www.oliocentrica.it\/de\/shop\/evolutiva-trio-von-nativen-olivenolen-extra\/#breadcrumb\",\"itemListElement\":[{\"@type\":\"ListItem\",\"position\":1,\"name\":\"Home\",\"item\":\"https:\/\/www.oliocentrica.it\/de\/\"},{\"@type\":\"ListItem\",\"position\":2,\"name\":\"Shop\",\"item\":\"https:\/\/www.oliocentrica.it\/de\/shop\/\"},{\"@type\":\"ListItem\",\"position\":3,\"name\":\"Evolutiva + Trio von nativen Oliven\u00f6len extra\"}]},{\"@type\":\"WebSite\",\"@id\":\"https:\/\/www.oliocentrica.it\/de\/#website\",\"url\":\"https:\/\/www.oliocentrica.it\/de\/\",\"name\":\"Oliocentrica\",\"description\":\"il filo d\u2019olio tra cibo e salute\",\"publisher\":{\"@id\":\"https:\/\/www.oliocentrica.it\/de\/#organization\"},\"potentialAction\":[{\"@type\":\"SearchAction\",\"target\":{\"@type\":\"EntryPoint\",\"urlTemplate\":\"https:\/\/www.oliocentrica.it\/de\/?s={search_term_string}\"},\"query-input\":{\"@type\":\"PropertyValueSpecification\",\"valueRequired\":true,\"valueName\":\"search_term_string\"}}],\"inLanguage\":\"de\"},{\"@type\":\"Organization\",\"@id\":\"https:\/\/www.oliocentrica.it\/de\/#organization\",\"name\":\"Oliocentrica Srls\",\"url\":\"https:\/\/www.oliocentrica.it\/de\/\",\"logo\":{\"@type\":\"ImageObject\",\"inLanguage\":\"de\",\"@id\":\"https:\/\/www.oliocentrica.it\/de\/#\/schema\/logo\/image\/\",\"url\":\"https:\/\/www.oliocentrica.it\/wp-content\/uploads\/2021\/05\/logo_oliocentrica-1.png\",\"contentUrl\":\"https:\/\/www.oliocentrica.it\/wp-content\/uploads\/2021\/05\/logo_oliocentrica-1.png\",\"width\":250,\"height\":81,\"caption\":\"Oliocentrica Srls\"},\"image\":{\"@id\":\"https:\/\/www.oliocentrica.it\/de\/#\/schema\/logo\/image\/\"},\"sameAs\":[\"https:\/\/www.facebook.com\/Oliocentrica\",\"https:\/\/www.instagram.com\/oliocentrica\"]}]}<\/script>\n<!-- \/ Yoast SEO plugin. -->","yoast_head_json":{"title":"Evolutiva + Trio von nativen Oliven\u00f6len extra - Oliocentrica","robots":{"index":"index","follow":"follow","max-snippet":"max-snippet:-1","max-image-preview":"max-image-preview:large","max-video-preview":"max-video-preview:-1"},"canonical":"https:\/\/www.oliocentrica.it\/de\/shop\/evolutiva-trio-von-nativen-olivenolen-extra\/","og_locale":"de_DE","og_type":"article","og_title":"Evolutiva + Trio von nativen Oliven\u00f6len extra - Oliocentrica","og_description":"Eine Geschenkbox, die Geschmack und Wissen zufrieden stellt, ein Instrument des Wissens, durch das Sie die au\u00dfergew\u00f6hnliche Welt des nativen Oliven\u00f6ls extra und die verschiedenen in der K\u00fcche verwendeten Techniken entdecken werden.  Drei Auswahlen von nativem Oliven\u00f6l extra, in drei verschiedenen Intensit\u00e4ten leicht, mittel und intensiv, die frische Gem\u00fcsed\u00fcfte von Tomaten, geschnittenem Gras, gr\u00fcnem Apfel, aromatischen Kr\u00e4utern und getrockneten Fr\u00fcchten hervorrufen. Die besten italienischen Produzenten im Dienste Ihres Tisches, eine geheime Zutat, die Ihre Gerichte in erstklassige Zubereitungen verwandelt!  Vargnano - Palazzo di Varignana Extravergine di Oliva Bio - Titone Coratina - Oro di Rufolo  \"\u00d6l und andere Zutaten unseres Lebens\" von Maurizio Pescari  BITTE BEACHTEN SIE, DASS DIE ZUSAMMENSETZUNG DER VERPACKUNG JE NACH VERF\u00dcGBARKEIT DES PRODUKTS VARIIEREN KANN.","og_url":"https:\/\/www.oliocentrica.it\/de\/shop\/evolutiva-trio-von-nativen-olivenolen-extra\/","og_site_name":"Oliocentrica","article_publisher":"https:\/\/www.facebook.com\/Oliocentrica","article_modified_time":"2023-11-09T11:48:30+00:00","og_image":[{"width":800,"height":800,"url":"https:\/\/www.oliocentrica.it\/wp-content\/uploads\/2021\/11\/oliocentrica-evolutiva.jpg","type":"image\/jpeg"}],"twitter_card":"summary_large_image","twitter_misc":{"Gesch\u00e4tzte Lesezeit":"1\u00a0Minute"},"schema":{"@context":"https:\/\/schema.org","@graph":[{"@type":"WebPage","@id":"https:\/\/www.oliocentrica.it\/de\/shop\/evolutiva-trio-von-nativen-olivenolen-extra\/","url":"https:\/\/www.oliocentrica.it\/de\/shop\/evolutiva-trio-von-nativen-olivenolen-extra\/","name":"Evolutiva + Trio von nativen Oliven\u00f6len extra - Oliocentrica","isPartOf":{"@id":"https:\/\/www.oliocentrica.it\/de\/#website"},"primaryImageOfPage":{"@id":"https:\/\/www.oliocentrica.it\/de\/shop\/evolutiva-trio-von-nativen-olivenolen-extra\/#primaryimage"},"image":{"@id":"https:\/\/www.oliocentrica.it\/de\/shop\/evolutiva-trio-von-nativen-olivenolen-extra\/#primaryimage"},"thumbnailUrl":"https:\/\/www.oliocentrica.it\/wp-content\/uploads\/2021\/11\/oliocentrica-evolutiva.jpg","datePublished":"2021-11-28T11:21:29+00:00","dateModified":"2023-11-09T11:48:30+00:00","breadcrumb":{"@id":"https:\/\/www.oliocentrica.it\/de\/shop\/evolutiva-trio-von-nativen-olivenolen-extra\/#breadcrumb"},"inLanguage":"de","potentialAction":[{"@type":"ReadAction","target":["https:\/\/www.oliocentrica.it\/de\/shop\/evolutiva-trio-von-nativen-olivenolen-extra\/"]}]},{"@type":"ImageObject","inLanguage":"de","@id":"https:\/\/www.oliocentrica.it\/de\/shop\/evolutiva-trio-von-nativen-olivenolen-extra\/#primaryimage","url":"https:\/\/www.oliocentrica.it\/wp-content\/uploads\/2021\/11\/oliocentrica-evolutiva.jpg","contentUrl":"https:\/\/www.oliocentrica.it\/wp-content\/uploads\/2021\/11\/oliocentrica-evolutiva.jpg","width":800,"height":800},{"@type":"BreadcrumbList","@id":"https:\/\/www.oliocentrica.it\/de\/shop\/evolutiva-trio-von-nativen-olivenolen-extra\/#breadcrumb","itemListElement":[{"@type":"ListItem","position":1,"name":"Home","item":"https:\/\/www.oliocentrica.it\/de\/"},{"@type":"ListItem","position":2,"name":"Shop","item":"https:\/\/www.oliocentrica.it\/de\/shop\/"},{"@type":"ListItem","position":3,"name":"Evolutiva + Trio von nativen Oliven\u00f6len extra"}]},{"@type":"WebSite","@id":"https:\/\/www.oliocentrica.it\/de\/#website","url":"https:\/\/www.oliocentrica.it\/de\/","name":"Oliocentrica","description":"il filo d\u2019olio tra cibo e salute","publisher":{"@id":"https:\/\/www.oliocentrica.it\/de\/#organization"},"potentialAction":[{"@type":"SearchAction","target":{"@type":"EntryPoint","urlTemplate":"https:\/\/www.oliocentrica.it\/de\/?s={search_term_string}"},"query-input":{"@type":"PropertyValueSpecification","valueRequired":true,"valueName":"search_term_string"}}],"inLanguage":"de"},{"@type":"Organization","@id":"https:\/\/www.oliocentrica.it\/de\/#organization","name":"Oliocentrica Srls","url":"https:\/\/www.oliocentrica.it\/de\/","logo":{"@type":"ImageObject","inLanguage":"de","@id":"https:\/\/www.oliocentrica.it\/de\/#\/schema\/logo\/image\/","url":"https:\/\/www.oliocentrica.it\/wp-content\/uploads\/2021\/05\/logo_oliocentrica-1.png","contentUrl":"https:\/\/www.oliocentrica.it\/wp-content\/uploads\/2021\/05\/logo_oliocentrica-1.png","width":250,"height":81,"caption":"Oliocentrica Srls"},"image":{"@id":"https:\/\/www.oliocentrica.it\/de\/#\/schema\/logo\/image\/"},"sameAs":["https:\/\/www.facebook.com\/Oliocentrica","https:\/\/www.instagram.com\/oliocentrica"]}]}},"brands":[{"id":253,"name":"Oliocentrica","slug":"oliocentrica"}],"_links":{"self":[{"href":"https:\/\/www.oliocentrica.it\/de\/wp-json\/wp\/v2\/product\/14695"}],"collection":[{"href":"https:\/\/www.oliocentrica.it\/de\/wp-json\/wp\/v2\/product"}],"about":[{"href":"https:\/\/www.oliocentrica.it\/de\/wp-json\/wp\/v2\/types\/product"}],"replies":[{"embeddable":true,"href":"https:\/\/www.oliocentrica.it\/de\/wp-json\/wp\/v2\/comments?post=14695"}],"wp:featuredmedia":[{"embeddable":true,"href":"https:\/\/www.oliocentrica.it\/de\/wp-json\/wp\/v2\/media\/14064"}],"wp:attachment":[{"href":"https:\/\/www.oliocentrica.it\/de\/wp-json\/wp\/v2\/media?parent=14695"}],"wp:term":[{"taxonomy":"pwb-brand","embeddable":true,"href":"https:\/\/www.oliocentrica.it\/de\/wp-json\/wp\/v2\/pwb-brand?post=14695"},{"taxonomy":"product_cat","embeddable":true,"href":"https:\/\/www.oliocentrica.it\/de\/wp-json\/wp\/v2\/product_cat?post=14695"},{"taxonomy":"product_tag","embeddable":true,"href":"https:\/\/www.oliocentrica.it\/de\/wp-json\/wp\/v2\/product_tag?post=14695"}],"curies":[{"name":"wp","href":"https:\/\/api.w.org\/{rel}","templated":true}]}}